{"id":2366,"date":"2021-07-14T15:12:53","date_gmt":"2021-07-14T14:12:53","guid":{"rendered":"http:\/\/193.194.87.76\/fsnv\/?page_id=2366"},"modified":"2023-04-19T09:39:17","modified_gmt":"2023-04-19T08:39:17","slug":"presentation-faculte","status":"publish","type":"page","link":"https:\/\/www.univ-mascara.dz\/fdsp\/?page_id=2366","title":{"rendered":"Pr\u00e9sentation-Facult\u00e9"},"content":{"rendered":"\t\t<div data-elementor-type=\"wp-page\" data-elementor-id=\"2366\" class=\"elementor elementor-2366\">\n\t\t\t\t\t\t\t\t\t<section class=\"elementor-section elementor-top-section elementor-element elementor-element-86474e6 elementor-section-height-min-height elementor-section-boxed elementor-section-height-default elementor-section-items-middle\" data-id=\"86474e6\" data-element_type=\"section\" data-settings=\"{&quot;background_background&quot;:&quot;classic&quot;}\">\n\t\t\t\t\t\t\t<div class=\"elementor-background-overlay\"><\/div>\n\t\t\t\t\t\t\t<div class=\"elementor-container elementor-column-gap-default\">\n\t\t\t\t\t<div class=\"elementor-column elementor-col-100 elementor-top-column elementor-element elementor-element-2ff6a31\" data-id=\"2ff6a31\" data-element_type=\"column\">\n\t\t\t<div class=\"elementor-widget-wrap elementor-element-populated\">\n\t\t\t\t\t\t\t\t<div class=\"elementor-element elementor-element-47af97d elementor-widget elementor-widget-heading\" data-id=\"47af97d\" data-element_type=\"widget\" data-widget_type=\"heading.default\">\n\t\t\t\t<div class=\"elementor-widget-container\">\n\t\t\t<p class=\"elementor-heading-title elementor-size-medium\"><br>Pr\u00e9sentation de la  Facult\u00e9<\/p>\t\t<\/div>\n\t\t\t\t<\/div>\n\t\t\t\t<div class=\"elementor-element elementor-element-1cf1b1b elementor-widget-divider--view-line elementor-widget elementor-widget-divider\" data-id=\"1cf1b1b\" data-element_type=\"widget\" data-widget_type=\"divider.default\">\n\t\t\t\t<div class=\"elementor-widget-container\">\n\t\t\t\t\t<div class=\"elementor-divider\">\n\t\t\t<span class=\"elementor-divider-separator\">\n\t\t\t\t\t\t<\/span>\n\t\t<\/div>\n\t\t\t\t<\/div>\n\t\t\t\t<\/div>\n\t\t\t\t<div class=\"elementor-element elementor-element-3dfda8c elementor-widget elementor-widget-heading\" data-id=\"3dfda8c\" data-element_type=\"widget\" data-widget_type=\"heading.default\">\n\t\t\t\t<div class=\"elementor-widget-container\">\n\t\t\t<span class=\"elementor-heading-title elementor-size-default\">FDSP<\/span>\t\t<\/div>\n\t\t\t\t<\/div>\n\t\t\t\t\t<\/div>\n\t\t<\/div>\n\t\t\t\t\t\t\t<\/div>\n\t\t<\/section>\n\t\t\t\t<section class=\"elementor-section elementor-top-section elementor-element elementor-element-162a4f8 elementor-section-boxed elementor-section-height-default elementor-section-height-default\" data-id=\"162a4f8\" data-element_type=\"section\" data-settings=\"{&quot;background_background&quot;:&quot;classic&quot;}\">\n\t\t\t\t\t\t\t<div class=\"elementor-background-overlay\"><\/div>\n\t\t\t\t\t\t\t<div class=\"elementor-container elementor-column-gap-default\">\n\t\t\t\t\t<div class=\"elementor-column elementor-col-50 elementor-top-column elementor-element elementor-element-a0f156c\" data-id=\"a0f156c\" data-element_type=\"column\" data-settings=\"{&quot;background_background&quot;:&quot;classic&quot;}\">\n\t\t\t<div class=\"elementor-widget-wrap elementor-element-populated\">\n\t\t\t\t\t\t\t\t<div class=\"elementor-element elementor-element-bfabf1d elementor-widget-divider--view-line_text elementor-widget-divider--element-align-center elementor-widget elementor-widget-divider\" data-id=\"bfabf1d\" data-element_type=\"widget\" data-widget_type=\"divider.default\">\n\t\t\t\t<div class=\"elementor-widget-container\">\n\t\t\t\t\t<div class=\"elementor-divider\">\n\t\t\t<span class=\"elementor-divider-separator\">\n\t\t\t\t\t\t\t<span class=\"elementor-divider__text elementor-divider__element\">\n\t\t\t\tPr\u00e9sentation\t\t\t\t<\/span>\n\t\t\t\t\t\t<\/span>\n\t\t<\/div>\n\t\t\t\t<\/div>\n\t\t\t\t<\/div>\n\t\t\t\t<div class=\"elementor-element elementor-element-f73a59d elementor-widget elementor-widget-text-editor\" data-id=\"f73a59d\" data-element_type=\"widget\" data-widget_type=\"text-editor.default\">\n\t\t\t\t<div class=\"elementor-widget-container\">\n\t\t\t\t\t\t\t<p><strong>Historique:<\/strong><\/p><p style=\"text-align: justify;\">Le Centre universitaire de Mascara a introduit la sp\u00e9cialit\u00e9 de Sciences Juridiques et Administratives en\u00a0<strong>1996<\/strong>\u00a0comme fili\u00e8re annex\u00e9e \u00e0 l&rsquo;Institut des Sciences Juridiques et Administratives de l&rsquo;Universit\u00e9 d&rsquo;Oran pendant une ann\u00e9e. En effet, en\u00a0<strong>1997<\/strong>\u00a0l&rsquo;Institut des Sciences Juridiques et Administratives se rattacha directement \u00e0 l&rsquo;Universit\u00e9 de Mascara.<\/p><p style=\"text-align: justify;\">En\u00a0<strong>2009<\/strong>, le Centre universitaire de Mascara est promu au rang d&rsquo;universit\u00e9, ce qui transforma l&rsquo;Institut des Sciences Juridiques et Administratives en facult\u00e9 de Droit et Sciences Politiques.<\/p><p><strong>Situation g\u00e9ographique:<\/strong><\/p><p style=\"text-align: justify;\">La facult\u00e9 de Droit et Sciences Politiques se situe au nord ouest de la commune de Mascara, au lieu dit Sidi Sa\u00efd. B\u00e2tit sur une superficie de 02H. 28A, son nouveau si\u00e8ge fut inaugur\u00e9 en\u00a0<strong>2004<\/strong>\u00a0et est limit\u00e9 comme suit:<\/p><ul><li style=\"text-align: justify;\"><em>Au nord<\/em>: Zone urbaine et cit\u00e9 universitaire des 2000 lits<\/li><li style=\"text-align: justify;\"><em>A l&rsquo;est<\/em>: une mosqu\u00e9e et la cit\u00e9 des 272 logements<\/li><li style=\"text-align: justify;\"><em>Au sud<\/em>: 1000 places p\u00e9dagogiques de la facult\u00e9 d&rsquo;Economie et la cit\u00e9 des 272 logements<\/li><li style=\"text-align: justify;\"><em>A l&rsquo;ouest<\/em>: Facult\u00e9 d&rsquo;Economie et le restaurant universitaire<\/li><\/ul>\t\t\t\t\t\t<\/div>\n\t\t\t\t<\/div>\n\t\t\t\t\t<\/div>\n\t\t<\/div>\n\t\t\t\t<div class=\"elementor-column elementor-col-50 elementor-top-column elementor-element elementor-element-845b326\" data-id=\"845b326\" data-element_type=\"column\" data-settings=\"{&quot;background_background&quot;:&quot;gradient&quot;}\">\n\t\t\t<div class=\"elementor-widget-wrap elementor-element-populated\">\n\t\t\t\t\t\t\t\t<div class=\"elementor-element elementor-element-fb87877 elementor-widget-divider--view-line_text elementor-widget-divider--element-align-center elementor-widget elementor-widget-divider\" data-id=\"fb87877\" data-element_type=\"widget\" data-widget_type=\"divider.default\">\n\t\t\t\t<div class=\"elementor-widget-container\">\n\t\t\t\t\t<div class=\"elementor-divider\">\n\t\t\t<span class=\"elementor-divider-separator\">\n\t\t\t\t\t\t\t<span class=\"elementor-divider__text elementor-divider__element\">\n\t\t\t\tD\u00e9partements\t\t\t\t<\/span>\n\t\t\t\t\t\t<\/span>\n\t\t<\/div>\n\t\t\t\t<\/div>\n\t\t\t\t<\/div>\n\t\t\t\t<div class=\"elementor-element elementor-element-42cc6a7 elementor-widget elementor-widget-premium-addon-banner\" data-id=\"42cc6a7\" data-element_type=\"widget\" data-widget_type=\"premium-addon-banner.default\">\n\t\t\t\t<div class=\"elementor-widget-container\">\n\t\t\t\t\t<div class=\"premium-banner-ib premium-banner-min-height premium-banner-animation6 blur\">\r\n\t\t\t\t\t\t\t\t\t\t\t\t\t\t\t<img decoding=\"async\" width=\"284\" height=\"177\" src=\"https:\/\/www.univ-mascara.dz\/fdsp\/wp-content\/uploads\/2022\/04\/dep-droit.jpg\" class=\"attachment-full size-full\" alt=\"\" loading=\"lazy\" \/>\t\t\t\t\t\t\t\t\t\t<div class=\"premium-banner-ib-desc\">\r\n\t\t\t\t\t\t\t\t\t<div class=\"premium-banner-ib-title premium_banner_title\">D\u00e9partement <\/div>\t\t\t\t\t\t<div class=\"premium-banner-ib-content premium_banner_content\">\r\n\t\t\t\t\t\t\t<h5><span style=\"color: #ffffff;\">Droit<\/span><\/h5>\t\t\t\t\t\t<\/div>\r\n\t\t\t\t\t\t\t\t\t\t\t\t\t\t\t\t\t<\/div>\r\n\t\t\t<a class=\"premium-banner-ib-link\" href=\"\/fdsp\/departement-droit\/\" title=\"\"><\/a>\t\t<\/div>\r\n\t\t\t\t\t\t<\/div>\n\t\t\t\t<\/div>\n\t\t\t\t<div class=\"elementor-element elementor-element-b795e81 elementor-widget elementor-widget-premium-addon-banner\" data-id=\"b795e81\" data-element_type=\"widget\" data-widget_type=\"premium-addon-banner.default\">\n\t\t\t\t<div class=\"elementor-widget-container\">\n\t\t\t\t\t<div class=\"premium-banner-ib premium-banner-min-height premium-banner-animation6 blur\">\r\n\t\t\t\t\t\t\t\t\t\t\t\t\t\t\t<img decoding=\"async\" width=\"650\" height=\"363\" src=\"https:\/\/www.univ-mascara.dz\/fdsp\/wp-content\/uploads\/2022\/04\/dep-sp.png\" class=\"attachment-full size-full\" alt=\"\" loading=\"lazy\" \/>\t\t\t\t\t\t\t\t\t\t<div class=\"premium-banner-ib-desc\">\r\n\t\t\t\t\t\t\t\t\t<div class=\"premium-banner-ib-title premium_banner_title\">D\u00e9partement <\/div>\t\t\t\t\t\t<div class=\"premium-banner-ib-content premium_banner_content\">\r\n\t\t\t\t\t\t\t<h3><span style=\"color: #ffffff;\">sciences politiques<\/span><\/h3>\t\t\t\t\t\t<\/div>\r\n\t\t\t\t\t\t\t\t\t\t\t\t\t\t\t\t\t<\/div>\r\n\t\t\t<a class=\"premium-banner-ib-link\" href=\"\/fdsp\/departement-sciences-politiques\/\" title=\"\"><\/a>\t\t<\/div>\r\n\t\t\t\t\t\t<\/div>\n\t\t\t\t<\/div>\n\t\t\t\t\t<\/div>\n\t\t<\/div>\n\t\t\t\t\t\t\t<\/div>\n\t\t<\/section>\n\t\t\t\t<section class=\"elementor-section elementor-top-section elementor-element elementor-element-77a7645 elementor-section-boxed elementor-section-height-default elementor-section-height-default\" data-id=\"77a7645\" data-element_type=\"section\" data-settings=\"{&quot;background_background&quot;:&quot;classic&quot;}\">\n\t\t\t\t\t\t<div class=\"elementor-container elementor-column-gap-default\">\n\t\t\t\t\t<div class=\"elementor-column elementor-col-100 elementor-top-column elementor-element elementor-element-18a8767\" data-id=\"18a8767\" data-element_type=\"column\">\n\t\t\t<div class=\"elementor-widget-wrap elementor-element-populated\">\n\t\t\t\t\t\t\t\t<div class=\"elementor-element elementor-element-8862c39 elementor-widget elementor-widget-text-editor\" data-id=\"8862c39\" data-element_type=\"widget\" data-widget_type=\"text-editor.default\">\n\t\t\t\t<div class=\"elementor-widget-container\">\n\t\t\t\t\t\t\t<p style=\"text-align: justify;\"><strong>Les activit\u00e9s de la facult\u00e9<\/strong>:<\/p><p style=\"text-align: justify;\">La facult\u00e9 de Droit et Sciences Politiques assure la principale mission qui lui est conf\u00e9r\u00e9e, \u00e0 savoir l&rsquo;enseignement sup\u00e9rieur, mais propose \u00e9galement des activit\u00e9s secondaires telles que la formation des \u00e9l\u00e8ves avocats (anciennement\u00a0<strong>CAPA<\/strong>), l&rsquo;organisation de concours professionnels ainsi que la formation du personnel administratifs et des entreprises publiques.<\/p><p style=\"text-align: justify;\"><strong>Les sp\u00e9cialit\u00e9s propos\u00e9es par la facult\u00e9<\/strong>:\u00a0<\/p><p style=\"text-align: justify;\"><strong>Sp\u00e9cialit\u00e9s en licence<\/strong>:<\/p><ul style=\"text-align: justify;\"><li>Licence en Droit priv\u00e9 (Droit)<\/li><li>Licence en Organisation politique et administrative (Sciences politiques)<\/li><\/ul><p style=\"text-align: justify;\"><strong>Sp\u00e9cialit\u00e9 en master<\/strong>:<\/p><ul><li style=\"text-align: justify;\">Master en Droit \u00e9conomique (Droit)<\/li><li style=\"text-align: justify;\">Master en Droit des contentieux (Droit<\/li><li style=\"text-align: justify;\">Master en Droit de la famille (Droit)<\/li><li style=\"text-align: justify;\">Master en Droit de Management et Gestion des Collectivit\u00e9s Locales (Sciences Politiques)<\/li><\/ul>\t\t\t\t\t\t<\/div>\n\t\t\t\t<\/div>\n\t\t\t\t\t<\/div>\n\t\t<\/div>\n\t\t\t\t\t\t\t<\/div>\n\t\t<\/section>\n\t\t\t\t<section class=\"elementor-section elementor-top-section elementor-element elementor-element-280f581 elementor-section-boxed elementor-section-height-default elementor-section-height-default\" data-id=\"280f581\" data-element_type=\"section\" data-settings=\"{&quot;background_background&quot;:&quot;classic&quot;}\">\n\t\t\t\t\t\t<div class=\"elementor-container elementor-column-gap-default\">\n\t\t\t\t\t<div class=\"elementor-column elementor-col-100 elementor-top-column elementor-element elementor-element-b2e43f5\" data-id=\"b2e43f5\" data-element_type=\"column\">\n\t\t\t<div class=\"elementor-widget-wrap elementor-element-populated\">\n\t\t\t\t\t\t\t\t<div class=\"elementor-element elementor-element-bfa22cb elementor-widget-divider--view-line_text elementor-widget-divider--element-align-center elementor-widget elementor-widget-divider\" data-id=\"bfa22cb\" data-element_type=\"widget\" data-widget_type=\"divider.default\">\n\t\t\t\t<div class=\"elementor-widget-container\">\n\t\t\t\t\t<div class=\"elementor-divider\">\n\t\t\t<span class=\"elementor-divider-separator\">\n\t\t\t\t\t\t\t<span class=\"elementor-divider__text elementor-divider__element\">\n\t\t\t\tCONTACT\t\t\t\t<\/span>\n\t\t\t\t\t\t<\/span>\n\t\t<\/div>\n\t\t\t\t<\/div>\n\t\t\t\t<\/div>\n\t\t\t\t\t<\/div>\n\t\t<\/div>\n\t\t\t\t\t\t\t<\/div>\n\t\t<\/section>\n\t\t\t\t<section class=\"elementor-section elementor-top-section elementor-element elementor-element-49f9980 elementor-section-height-min-height elementor-section-items-bottom elementor-section-content-top elementor-section-boxed elementor-section-height-default\" data-id=\"49f9980\" data-element_type=\"section\" data-settings=\"{&quot;background_background&quot;:&quot;classic&quot;,&quot;animation&quot;:&quot;none&quot;}\">\n\t\t\t\t\t\t<div class=\"elementor-container elementor-column-gap-default\">\n\t\t\t\t\t<div class=\"elementor-column elementor-col-100 elementor-top-column elementor-element elementor-element-808453e\" data-id=\"808453e\" data-element_type=\"column\">\n\t\t\t<div class=\"elementor-widget-wrap elementor-element-populated\">\n\t\t\t\t\t\t\t\t<div class=\"elementor-element elementor-element-2befb3c elementor-widget elementor-widget-heading\" data-id=\"2befb3c\" data-element_type=\"widget\" data-widget_type=\"heading.default\">\n\t\t\t\t<div class=\"elementor-widget-container\">\n\t\t\t<h2 class=\"elementor-heading-title elementor-size-default\">Facult\u00e9 de droit et sciences politiques \n<\/h2>\t\t<\/div>\n\t\t\t\t<\/div>\n\t\t\t\t<div class=\"elementor-element elementor-element-b922cef elementor-widget elementor-widget-heading\" data-id=\"b922cef\" data-element_type=\"widget\" data-widget_type=\"heading.default\">\n\t\t\t\t<div class=\"elementor-widget-container\">\n\t\t\t<h2 class=\"elementor-heading-title elementor-size-default\">T\u00e9l\/fax :045 70 73 64\n<\/h2>\t\t<\/div>\n\t\t\t\t<\/div>\n\t\t\t\t<div class=\"elementor-element elementor-element-3938b8d elementor-widget elementor-widget-text-editor\" data-id=\"3938b8d\" data-element_type=\"widget\" data-widget_type=\"text-editor.default\">\n\t\t\t\t<div class=\"elementor-widget-container\">\n\t\t\t\t\t\t\t<p style=\"text-align: center;\">fdsp@univ-mascara.dz<\/p>\t\t\t\t\t\t<\/div>\n\t\t\t\t<\/div>\n\t\t\t\t\t<\/div>\n\t\t<\/div>\n\t\t\t\t\t\t\t<\/div>\n\t\t<\/section>\n\t\t\t\t\t\t\t<\/div>\n\t\t","protected":false},"excerpt":{"rendered":"<p>Pr\u00e9sentation de la Facult\u00e9 FDSP Pr\u00e9sentation Historique: Le Centre universitaire de Mascara a introduit la sp\u00e9cialit\u00e9 de Sciences Juridiques et Administratives en\u00a01996\u00a0comme fili\u00e8re annex\u00e9e \u00e0 l&rsquo;Institut des Sciences Juridiques et Administratives de l&rsquo;Universit\u00e9 d&rsquo;Oran pendant une ann\u00e9e. En effet, en\u00a01997\u00a0l&rsquo;Institut des Sciences Juridiques et Administratives se rattacha directement \u00e0 l&rsquo;Universit\u00e9 de Mascara. En\u00a02009, le Centre &hellip;<\/p>\n<p class=\"read-more\"> <a class=\"\" href=\"https:\/\/www.univ-mascara.dz\/fdsp\/?page_id=2366\"> <span class=\"screen-reader-text\">Pr\u00e9sentation-Facult\u00e9<\/span> Lire la suite\u00a0\u00bb<\/a><\/p>\n","protected":false},"author":3,"featured_media":0,"parent":0,"menu_order":0,"comment_status":"closed","ping_status":"closed","template":"","meta":[],"_links":{"self":[{"href":"https:\/\/www.univ-mascara.dz\/fdsp\/index.php?rest_route=\/wp\/v2\/pages\/2366"}],"collection":[{"href":"https:\/\/www.univ-mascara.dz\/fdsp\/index.php?rest_route=\/wp\/v2\/pages"}],"about":[{"href":"https:\/\/www.univ-mascara.dz\/fdsp\/index.php?rest_route=\/wp\/v2\/types\/page"}],"author":[{"embeddable":true,"href":"https:\/\/www.univ-mascara.dz\/fdsp\/index.php?rest_route=\/wp\/v2\/users\/3"}],"replies":[{"embeddable":true,"href":"https:\/\/www.univ-mascara.dz\/fdsp\/index.php?rest_route=%2Fwp%2Fv2%2Fcomments&post=2366"}],"version-history":[{"count":242,"href":"https:\/\/www.univ-mascara.dz\/fdsp\/index.php?rest_route=\/wp\/v2\/pages\/2366\/revisions"}],"predecessor-version":[{"id":18865,"href":"https:\/\/www.univ-mascara.dz\/fdsp\/index.php?rest_route=\/wp\/v2\/pages\/2366\/revisions\/18865"}],"wp:attachment":[{"href":"https:\/\/www.univ-mascara.dz\/fdsp\/index.php?rest_route=%2Fwp%2Fv2%2Fmedia&parent=2366"}],"curies":[{"name":"wp","href":"https:\/\/api.w.org\/{rel}","templated":true}]}}