{"id":2384,"date":"2021-07-14T15:29:25","date_gmt":"2021-07-14T14:29:25","guid":{"rendered":"http:\/\/193.194.87.76\/fsnv\/?page_id=2384"},"modified":"2026-03-26T11:38:34","modified_gmt":"2026-03-26T10:38:34","slug":"faculte-en-chiffre","status":"publish","type":"page","link":"https:\/\/www.univ-mascara.dz\/fdsp\/?page_id=2384","title":{"rendered":"Facult\u00e9 en chiffre"},"content":{"rendered":"\t\t<div data-elementor-type=\"wp-page\" data-elementor-id=\"2384\" class=\"elementor elementor-2384\">\n\t\t\t\t\t\t\t\t\t<section class=\"elementor-section elementor-top-section elementor-element elementor-element-da6c61f elementor-section-height-min-height elementor-section-boxed elementor-section-height-default elementor-section-items-middle\" data-id=\"da6c61f\" data-element_type=\"section\" data-settings=\"{&quot;background_background&quot;:&quot;classic&quot;}\">\n\t\t\t\t\t\t\t<div class=\"elementor-background-overlay\"><\/div>\n\t\t\t\t\t\t\t<div class=\"elementor-container elementor-column-gap-default\">\n\t\t\t\t\t<div class=\"elementor-column elementor-col-100 elementor-top-column elementor-element elementor-element-979d973\" data-id=\"979d973\" data-element_type=\"column\">\n\t\t\t<div class=\"elementor-widget-wrap elementor-element-populated\">\n\t\t\t\t\t\t\t\t<div class=\"elementor-element elementor-element-831ae61 elementor-widget elementor-widget-heading\" data-id=\"831ae61\" data-element_type=\"widget\" data-widget_type=\"heading.default\">\n\t\t\t\t<div class=\"elementor-widget-container\">\n\t\t\t<p class=\"elementor-heading-title elementor-size-medium\"><br>Facult\u00e9 en chiffres <\/p>\t\t<\/div>\n\t\t\t\t<\/div>\n\t\t\t\t<div class=\"elementor-element elementor-element-a470d07 elementor-widget-divider--view-line elementor-widget elementor-widget-divider\" data-id=\"a470d07\" data-element_type=\"widget\" data-widget_type=\"divider.default\">\n\t\t\t\t<div class=\"elementor-widget-container\">\n\t\t\t\t\t<div class=\"elementor-divider\">\n\t\t\t<span class=\"elementor-divider-separator\">\n\t\t\t\t\t\t<\/span>\n\t\t<\/div>\n\t\t\t\t<\/div>\n\t\t\t\t<\/div>\n\t\t\t\t<div class=\"elementor-element elementor-element-32ff0c2 elementor-widget elementor-widget-heading\" data-id=\"32ff0c2\" data-element_type=\"widget\" data-widget_type=\"heading.default\">\n\t\t\t\t<div class=\"elementor-widget-container\">\n\t\t\t<span class=\"elementor-heading-title elementor-size-default\">FDSP<\/span>\t\t<\/div>\n\t\t\t\t<\/div>\n\t\t\t\t\t<\/div>\n\t\t<\/div>\n\t\t\t\t\t\t\t<\/div>\n\t\t<\/section>\n\t\t\t\t<section class=\"elementor-section elementor-top-section elementor-element elementor-element-064a6be elementor-section-boxed elementor-section-height-default elementor-section-height-default\" data-id=\"064a6be\" data-element_type=\"section\" data-settings=\"{&quot;background_background&quot;:&quot;classic&quot;}\">\n\t\t\t\t\t\t<div class=\"elementor-container elementor-column-gap-default\">\n\t\t\t\t\t<div class=\"elementor-column elementor-col-100 elementor-top-column elementor-element elementor-element-7806118\" data-id=\"7806118\" data-element_type=\"column\">\n\t\t\t<div class=\"elementor-widget-wrap elementor-element-populated\">\n\t\t\t\t\t\t\t\t<div class=\"elementor-element elementor-element-919402a elementor-widget elementor-widget-text-editor\" data-id=\"919402a\" data-element_type=\"widget\" data-widget_type=\"text-editor.default\">\n\t\t\t\t<div class=\"elementor-widget-container\">\n\t\t\t\t\t\t\t<p data-start=\"48\" data-end=\"88\"><strong data-start=\"48\" data-end=\"88\">Nombre d\u2019enseignants permanents : 73<\/strong><\/p><ul data-start=\"90\" data-end=\"255\"><li data-section-id=\"11gxxjf\" data-start=\"90\" data-end=\"110\">Professeurs : 17<\/li><li data-section-id=\"19mus00\" data-start=\"111\" data-end=\"151\">Ma\u00eetres de conf\u00e9rences classe A : 28<\/li><li data-section-id=\"19851hn\" data-start=\"152\" data-end=\"192\">Ma\u00eetres de conf\u00e9rences classe B : 13<\/li><li data-section-id=\"1hsqr4l\" data-start=\"193\" data-end=\"228\">Ma\u00eetres assistants classe A : 8<\/li><li data-section-id=\"9i3dcg\" data-start=\"229\" data-end=\"255\">Ma\u00eetres assistants : 7<\/li><\/ul><p data-start=\"257\" data-end=\"330\"><strong data-start=\"257\" data-end=\"330\">Nombre du personnel administratif, technique et des agents de service<\/strong><\/p><ul data-start=\"332\" data-end=\"392\"><li data-section-id=\"43uu9n\" data-start=\"332\" data-end=\"392\">Nombre de travailleurs : 53 permanents + 44 contractuels<\/li><\/ul><p data-start=\"394\" data-end=\"420\"><strong data-start=\"394\" data-end=\"420\">Effectif des \u00e9tudiants<\/strong><\/p><ul data-start=\"422\" data-end=\"483\"><li data-section-id=\"7betg6\" data-start=\"422\" data-end=\"453\">\u00c9tudiants en Licence : 2391<\/li><li data-section-id=\"16on7ee\" data-start=\"454\" data-end=\"483\">\u00c9tudiants en Master : 871<\/li><\/ul><p data-start=\"485\" data-end=\"528\"><strong data-start=\"485\" data-end=\"528\">Nombre de laboratoires de recherche : 2<\/strong><\/p><ul data-start=\"530\" data-end=\"645\"><li data-section-id=\"12u26gn\" data-start=\"530\" data-end=\"592\">Laboratoire des outils juridiques de la politique fonci\u00e8re<\/li><li data-section-id=\"112lxvm\" data-start=\"593\" data-end=\"645\">Laboratoire des l\u00e9gislations du droit \u00e9conomique<\/li><\/ul><p data-start=\"647\" data-end=\"677\"><strong data-start=\"647\" data-end=\"677\">Nombre de d\u00e9partements : 2<\/strong><\/p><ul data-start=\"679\" data-end=\"743\"><li data-section-id=\"maokqo\" data-start=\"679\" data-end=\"703\">D\u00e9partement de Droit<\/li><li data-section-id=\"16oq70l\" data-start=\"704\" data-end=\"743\">D\u00e9partement des Sciences politiques<\/li><\/ul>\t\t\t\t\t\t<\/div>\n\t\t\t\t<\/div>\n\t\t\t\t\t<\/div>\n\t\t<\/div>\n\t\t\t\t\t\t\t<\/div>\n\t\t<\/section>\n\t\t\t\t<section class=\"elementor-section elementor-top-section elementor-element elementor-element-d2666ff elementor-section-height-min-height elementor-section-items-bottom elementor-section-content-top elementor-section-boxed elementor-section-height-default\" data-id=\"d2666ff\" data-element_type=\"section\" data-settings=\"{&quot;background_background&quot;:&quot;classic&quot;,&quot;animation&quot;:&quot;none&quot;}\">\n\t\t\t\t\t\t<div class=\"elementor-container elementor-column-gap-default\">\n\t\t\t\t\t<div class=\"elementor-column elementor-col-100 elementor-top-column elementor-element elementor-element-7202d09\" data-id=\"7202d09\" data-element_type=\"column\">\n\t\t\t<div class=\"elementor-widget-wrap elementor-element-populated\">\n\t\t\t\t\t\t\t\t<div class=\"elementor-element elementor-element-9017a06 elementor-widget elementor-widget-heading\" data-id=\"9017a06\" data-element_type=\"widget\" data-widget_type=\"heading.default\">\n\t\t\t\t<div class=\"elementor-widget-container\">\n\t\t\t<h2 class=\"elementor-heading-title elementor-size-default\">Facult\u00e9 de droit et sciences politiques \n<\/h2>\t\t<\/div>\n\t\t\t\t<\/div>\n\t\t\t\t<div class=\"elementor-element elementor-element-3319f1a elementor-widget elementor-widget-heading\" data-id=\"3319f1a\" data-element_type=\"widget\" data-widget_type=\"heading.default\">\n\t\t\t\t<div class=\"elementor-widget-container\">\n\t\t\t<h2 class=\"elementor-heading-title elementor-size-default\">T\u00e9l\/fax :045 70 73 64\n<\/h2>\t\t<\/div>\n\t\t\t\t<\/div>\n\t\t\t\t<div class=\"elementor-element elementor-element-15d9936 elementor-widget elementor-widget-text-editor\" data-id=\"15d9936\" data-element_type=\"widget\" data-widget_type=\"text-editor.default\">\n\t\t\t\t<div class=\"elementor-widget-container\">\n\t\t\t\t\t\t\t<p style=\"text-align: center;\">fdsp@univ-mascara.dz<\/p>\t\t\t\t\t\t<\/div>\n\t\t\t\t<\/div>\n\t\t\t\t\t<\/div>\n\t\t<\/div>\n\t\t\t\t\t\t\t<\/div>\n\t\t<\/section>\n\t\t\t\t<section class=\"elementor-section elementor-top-section elementor-element elementor-element-242f40a elementor-section-boxed elementor-section-height-default elementor-section-height-default\" data-id=\"242f40a\" data-element_type=\"section\">\n\t\t\t\t\t\t<div class=\"elementor-container elementor-column-gap-default\">\n\t\t\t\t\t<div class=\"elementor-column elementor-col-100 elementor-top-column elementor-element elementor-element-075184e\" data-id=\"075184e\" data-element_type=\"column\">\n\t\t\t<div class=\"elementor-widget-wrap\">\n\t\t\t\t\t\t\t\t\t<\/div>\n\t\t<\/div>\n\t\t\t\t\t\t\t<\/div>\n\t\t<\/section>\n\t\t\t\t\t\t\t<\/div>\n\t\t","protected":false},"excerpt":{"rendered":"<p>Facult\u00e9 en chiffres FDSP Nombre d\u2019enseignants permanents : 73 Professeurs : 17 Ma\u00eetres de conf\u00e9rences classe A : 28 Ma\u00eetres de conf\u00e9rences classe B : 13 Ma\u00eetres assistants classe A : 8 Ma\u00eetres assistants : 7 Nombre du personnel administratif, technique et des agents de service Nombre de travailleurs : 53 permanents + 44 contractuels &hellip;<\/p>\n<p class=\"read-more\"> <a class=\"\" href=\"https:\/\/www.univ-mascara.dz\/fdsp\/?page_id=2384\"> <span class=\"screen-reader-text\">Facult\u00e9 en chiffre<\/span> Lire la suite\u00a0\u00bb<\/a><\/p>\n","protected":false},"author":3,"featured_media":0,"parent":0,"menu_order":0,"comment_status":"closed","ping_status":"closed","template":"","meta":[],"_links":{"self":[{"href":"https:\/\/www.univ-mascara.dz\/fdsp\/index.php?rest_route=\/wp\/v2\/pages\/2384"}],"collection":[{"href":"https:\/\/www.univ-mascara.dz\/fdsp\/index.php?rest_route=\/wp\/v2\/pages"}],"about":[{"href":"https:\/\/www.univ-mascara.dz\/fdsp\/index.php?rest_route=\/wp\/v2\/types\/page"}],"author":[{"embeddable":true,"href":"https:\/\/www.univ-mascara.dz\/fdsp\/index.php?rest_route=\/wp\/v2\/users\/3"}],"replies":[{"embeddable":true,"href":"https:\/\/www.univ-mascara.dz\/fdsp\/index.php?rest_route=%2Fwp%2Fv2%2Fcomments&post=2384"}],"version-history":[{"count":100,"href":"https:\/\/www.univ-mascara.dz\/fdsp\/index.php?rest_route=\/wp\/v2\/pages\/2384\/revisions"}],"predecessor-version":[{"id":20511,"href":"https:\/\/www.univ-mascara.dz\/fdsp\/index.php?rest_route=\/wp\/v2\/pages\/2384\/revisions\/20511"}],"wp:attachment":[{"href":"https:\/\/www.univ-mascara.dz\/fdsp\/index.php?rest_route=%2Fwp%2Fv2%2Fmedia&parent=2384"}],"curies":[{"name":"wp","href":"https:\/\/api.w.org\/{rel}","templated":true}]}}