{"id":5368,"date":"2022-01-27T10:04:42","date_gmt":"2022-01-27T09:04:42","guid":{"rendered":"http:\/\/nv.univ-mascara.dz\/fsnv\/?page_id=5368"},"modified":"2023-04-19T09:51:50","modified_gmt":"2023-04-19T08:51:50","slug":"emploi-du-temps-droit","status":"publish","type":"page","link":"https:\/\/www.univ-mascara.dz\/fdsp\/?page_id=5368","title":{"rendered":"Emploi du temps-droit"},"content":{"rendered":"\t\t<div data-elementor-type=\"wp-page\" data-elementor-id=\"5368\" class=\"elementor elementor-5368\">\n\t\t\t\t\t\t\t\t\t<section class=\"elementor-section elementor-top-section elementor-element elementor-element-491a896 elementor-section-height-min-height elementor-section-boxed elementor-section-height-default elementor-section-items-middle\" data-id=\"491a896\" data-element_type=\"section\" data-settings=\"{&quot;background_background&quot;:&quot;classic&quot;}\">\n\t\t\t\t\t\t\t<div class=\"elementor-background-overlay\"><\/div>\n\t\t\t\t\t\t\t<div class=\"elementor-container elementor-column-gap-default\">\n\t\t\t\t\t<div class=\"elementor-column elementor-col-100 elementor-top-column elementor-element elementor-element-39ea555\" data-id=\"39ea555\" data-element_type=\"column\">\n\t\t\t<div class=\"elementor-widget-wrap elementor-element-populated\">\n\t\t\t\t\t\t\t\t<div class=\"elementor-element elementor-element-e2fc549 elementor-widget elementor-widget-heading\" data-id=\"e2fc549\" data-element_type=\"widget\" data-widget_type=\"heading.default\">\n\t\t\t\t<div class=\"elementor-widget-container\">\n\t\t\t<span class=\"elementor-heading-title elementor-size-default\"><br><br><br>Emploi du temps<\/span>\t\t<\/div>\n\t\t\t\t<\/div>\n\t\t\t\t<div class=\"elementor-element elementor-element-4778106 elementor-widget-divider--view-line elementor-widget elementor-widget-divider\" data-id=\"4778106\" data-element_type=\"widget\" data-widget_type=\"divider.default\">\n\t\t\t\t<div class=\"elementor-widget-container\">\n\t\t\t\t\t<div class=\"elementor-divider\">\n\t\t\t<span class=\"elementor-divider-separator\">\n\t\t\t\t\t\t<\/span>\n\t\t<\/div>\n\t\t\t\t<\/div>\n\t\t\t\t<\/div>\n\t\t\t\t<div class=\"elementor-element elementor-element-3c2ff73 elementor-widget elementor-widget-heading\" data-id=\"3c2ff73\" data-element_type=\"widget\" data-widget_type=\"heading.default\">\n\t\t\t\t<div class=\"elementor-widget-container\">\n\t\t\t<span class=\"elementor-heading-title elementor-size-default\">D\u00e9partement droit<\/span>\t\t<\/div>\n\t\t\t\t<\/div>\n\t\t\t\t\t<\/div>\n\t\t<\/div>\n\t\t\t\t\t\t\t<\/div>\n\t\t<\/section>\n\t\t\t\t<section class=\"elementor-section elementor-top-section elementor-element elementor-element-6258754 elementor-section-boxed elementor-section-height-default elementor-section-height-default\" data-id=\"6258754\" data-element_type=\"section\" data-settings=\"{&quot;background_background&quot;:&quot;classic&quot;}\">\n\t\t\t\t\t\t<div class=\"elementor-container elementor-column-gap-default\">\n\t\t\t\t\t<div class=\"elementor-column elementor-col-100 elementor-top-column elementor-element elementor-element-b587df2\" data-id=\"b587df2\" data-element_type=\"column\">\n\t\t\t<div class=\"elementor-widget-wrap elementor-element-populated\">\n\t\t\t\t\t\t\t\t<div class=\"elementor-element elementor-element-4257a52 eael-tooltip-align-left elementor-widget elementor-widget-eael-tooltip\" data-id=\"4257a52\" data-element_type=\"widget\" data-widget_type=\"eael-tooltip.default\">\n\t\t\t\t<div class=\"elementor-widget-container\">\n\t\t\t\t<div class=\"eael-tooltip\">\n\t\t\t\t\t<span class=\"eael-tooltip-content\"><a href=\"\/fdsp\/?page_id=2350\">\t\t\t\t\t\t\t\t\t\t\t\t<i class=\"fas fa-reply\"><\/i>\n\t\t\t\t\t\t\t\t\t\t<\/a><\/span>\n  \t\t\t<span class=\"eael-tooltip-text eael-tooltip-right\"><p>Retour<\/p><\/span>\n  \t\t\t<\/div>\n\t\t\t<\/div>\n\t\t\t\t<\/div>\n\t\t\t\t<div class=\"elementor-element elementor-element-8e7a8ef elementor-widget-divider--view-line_text elementor-widget-divider--element-align-center elementor-widget elementor-widget-divider\" data-id=\"8e7a8ef\" data-element_type=\"widget\" data-widget_type=\"divider.default\">\n\t\t\t\t<div class=\"elementor-widget-container\">\n\t\t\t\t\t<div class=\"elementor-divider\">\n\t\t\t<span class=\"elementor-divider-separator\">\n\t\t\t\t\t\t\t<h2 class=\"elementor-divider__text elementor-divider__element\">\n\t\t\t\t2022-2023\t\t\t\t<\/h2>\n\t\t\t\t\t\t<\/span>\n\t\t<\/div>\n\t\t\t\t<\/div>\n\t\t\t\t<\/div>\n\t\t\t\t\t<\/div>\n\t\t<\/div>\n\t\t\t\t\t\t\t<\/div>\n\t\t<\/section>\n\t\t\t\t<section class=\"elementor-section elementor-top-section elementor-element elementor-element-256792d elementor-section-boxed elementor-section-height-default elementor-section-height-default\" data-id=\"256792d\" data-element_type=\"section\" data-settings=\"{&quot;background_background&quot;:&quot;classic&quot;}\">\n\t\t\t\t\t\t<div class=\"elementor-container elementor-column-gap-default\">\n\t\t\t\t\t<div class=\"elementor-column elementor-col-100 elementor-top-column elementor-element elementor-element-98803ac\" data-id=\"98803ac\" data-element_type=\"column\">\n\t\t\t<div class=\"elementor-widget-wrap\">\n\t\t\t\t\t\t\t\t\t<\/div>\n\t\t<\/div>\n\t\t\t\t\t\t\t<\/div>\n\t\t<\/section>\n\t\t\t\t<section class=\"elementor-section elementor-top-section elementor-element elementor-element-47aca58 elementor-section-boxed elementor-section-height-default elementor-section-height-default\" data-id=\"47aca58\" data-element_type=\"section\" data-settings=\"{&quot;background_background&quot;:&quot;classic&quot;}\">\n\t\t\t\t\t\t<div class=\"elementor-container elementor-column-gap-default\">\n\t\t\t\t\t<div class=\"elementor-column elementor-col-50 elementor-top-column elementor-element elementor-element-c3b87ab\" data-id=\"c3b87ab\" data-element_type=\"column\">\n\t\t\t<div class=\"elementor-widget-wrap elementor-element-populated\">\n\t\t\t\t\t\t\t\t<div class=\"elementor-element elementor-element-a1772c1 elementor-widget elementor-widget-text-editor\" data-id=\"a1772c1\" data-element_type=\"widget\" data-widget_type=\"text-editor.default\">\n\t\t\t\t<div class=\"elementor-widget-container\">\n\t\t\t\t\t\t\t<p><strong>Semestre1<\/strong><\/p><p><a href=\"\/fdsp\/wp-content\/uploads\/2022\/10\/l1-droit.pdf\"><strong>\u00a0Emploi du temps de tout les sp\u00e9cialit\u00e9s<\/strong><\/a><\/p><ul><li>Le d\u00e9but des cours sera le\u00a0 17\/09\/2022<\/li><li>Le d\u00e9but des TD sera le\u00a0 24\/09\/2022<\/li><\/ul>\t\t\t\t\t\t<\/div>\n\t\t\t\t<\/div>\n\t\t\t\t\t<\/div>\n\t\t<\/div>\n\t\t\t\t<div class=\"elementor-column elementor-col-50 elementor-top-column elementor-element elementor-element-75d41be\" data-id=\"75d41be\" data-element_type=\"column\">\n\t\t\t<div class=\"elementor-widget-wrap elementor-element-populated\">\n\t\t\t\t\t\t\t\t<div class=\"elementor-element elementor-element-7ec877b elementor-widget elementor-widget-text-editor\" data-id=\"7ec877b\" data-element_type=\"widget\" data-widget_type=\"text-editor.default\">\n\t\t\t\t<div class=\"elementor-widget-container\">\n\t\t\t\t\t\t\t<p><strong>Semestre 2<\/strong><\/p><ul><li><b>1 \u00e8re ann\u00e9e Droit\u00a0 \u00a0section A\u00a0 <a href=\"http:\/\/nv.univ-mascara.dz\/fdsp\/wp-content\/uploads\/2023\/02\/\u0633\u0646\u0629-1-\u0642\u0633\u0645-\u0627.pdf\">cours<\/a>\u00a0 <a href=\"\/fdsp\/wp-content\/uploads\/2023\/02\/\u062a\u0637\u0628\u064a\u0642\u0627\u062a-\u0633-1-\u0642\u0633\u0645-\u0627.pdf\">TD\u00a0<\/a><\/b><\/li><li><b>1 \u00e8re ann\u00e9e Droit\u00a0 \u00a0section B\u00a0 <a href=\"\/fdsp\/wp-content\/uploads\/2023\/02\/\u0633\u0646\u0629-1-\u0642\u0633\u0645-\u0628-.pdf\">cours\u00a0<\/a> <a href=\"\/fdsp\/wp-content\/uploads\/2023\/02\/\u062a\u0637\u0628\u064a\u0642\u0627\u062a-\u0633-1-\u0642\u0633\u0645-\u0628-.pdf\">TD\u00a0<\/a><\/b><\/li><li><strong>L 2 : Droit\u00a0 <a href=\"\/fdsp\/wp-content\/uploads\/2023\/02\/\u0633\u0646\u0629-2.pdf\">cours<\/a>\u00a0 <a href=\"\/fdsp\/wp-content\/uploads\/2023\/02\/\u062a\u0637\u0628\u064a\u0642\u0627\u062a-\u0633-2.pdf\">TD\u00a0<\/a><\/strong><\/li><li><strong>L 3 : Droit\u00a0 \u00a0g\u00e9n\u00e9ral\u00a0 <a href=\"\/fdsp\/wp-content\/uploads\/2023\/02\/\u0633\u0646\u0629-3-\u0639\u0627\u0645_1.pdf\">cours<\/a>\u00a0 <a href=\"\/fdsp\/wp-content\/uploads\/2023\/02\/\u062a\u0637\u0628\u064a\u0642\u0627\u062a-\u0633-3-\u0639\u0627\u0645_1.pdf\">TD\u00a0<\/a><\/strong><\/li><li><strong>L 3 : Droit\u00a0 priv\u00e9\u00a0 <a href=\"\/fdsp\/wp-content\/uploads\/2023\/02\/\u0633\u0646\u0629-3-\u062e\u0627\u0635.pdf\">cours<\/a>\u00a0 <a href=\"\/fdsp\/wp-content\/uploads\/2023\/02\/\u062a\u0637\u0628\u064a\u0642\u0627\u062a-\u0633-3-\u062e\u0627\u0635.pdf\">TD\u00a0<\/a><\/strong><\/li><li><strong>M1 droit des affaires\u00a0 <a href=\"http:\/\/nv.univ-mascara.dz\/fdsp\/wp-content\/uploads\/2023\/02\/\u0633\u0646\u0629-1-\u0645\u0627\u0633\u062a\u0631-\u0627\u0639\u0645\u0627\u0644_1.pdf\">cours<\/a>\u00a0 <a href=\"\/fdsp\/wp-content\/uploads\/2023\/02\/\u062a\u0637\u0628\u064a\u0642\u0627\u062a-\u0633-1-\u0645\u0627\u0633\u062a\u0631-\u0627\u0639\u0645\u0627\u0644-.pdf\">TD\u00a0<\/a><\/strong><\/li><li><strong>M1 droit judiciaire\u00a0<a href=\"\/fdsp\/wp-content\/uploads\/2023\/02\/\u0633\u0646\u0629-1-\u0645\u0627\u0633\u062a\u0631-\u0642\u0636\u0627\u0626\u064a.pdf\"> cours<\/a>\u00a0<a href=\"\/fdsp\/wp-content\/uploads\/2023\/02\/\u062a\u0637\u0628\u064a\u0642\u0627\u062a-\u0633-1-\u0645\u0627\u0633\u062a\u0631-\u0642\u0636\u0627\u0626\u064a.pdf\"> TD\u00a0<\/a><\/strong><\/li><li><b>1 \u00e8re ann\u00e9e master droit-de-la-famille\u00a0 <strong><a href=\"\/fdsp\/wp-content\/uploads\/2023\/02\/\u0633\u0646\u0629-1-\u0645\u0627\u0633\u062a\u0631-\u0627\u0633\u0631\u0629.pdf\">cours<\/a>\u00a0 <a href=\"\/fdsp\/wp-content\/uploads\/2023\/02\/\u062a\u0637\u0628\u064a\u0642\u0627\u062a-\u0633-1-\u0645\u0627\u0633\u062a\u0631-\u0627\u0633\u0631\u0629-.pdf\">TD\u00a0<\/a><\/strong><\/b><\/li><\/ul>\t\t\t\t\t\t<\/div>\n\t\t\t\t<\/div>\n\t\t\t\t\t<\/div>\n\t\t<\/div>\n\t\t\t\t\t\t\t<\/div>\n\t\t<\/section>\n\t\t\t\t\t\t\t<\/div>\n\t\t","protected":false},"excerpt":{"rendered":"<p>Emploi du temps D\u00e9partement droit Retour 2022-2023 Semestre1 \u00a0Emploi du temps de tout les sp\u00e9cialit\u00e9s Le d\u00e9but des cours sera le\u00a0 17\/09\/2022 Le d\u00e9but des TD sera le\u00a0 24\/09\/2022 Semestre 2 1 \u00e8re ann\u00e9e Droit\u00a0 \u00a0section A\u00a0 cours\u00a0 TD\u00a0 1 \u00e8re ann\u00e9e Droit\u00a0 \u00a0section B\u00a0 cours\u00a0 TD\u00a0 L 2 : Droit\u00a0 cours\u00a0 TD\u00a0 L 3 &hellip;<\/p>\n<p class=\"read-more\"> <a class=\"\" href=\"https:\/\/www.univ-mascara.dz\/fdsp\/?page_id=5368\"> <span class=\"screen-reader-text\">Emploi du temps-droit<\/span> Lire la suite\u00a0\u00bb<\/a><\/p>\n","protected":false},"author":2,"featured_media":0,"parent":0,"menu_order":0,"comment_status":"closed","ping_status":"closed","template":"","meta":[],"_links":{"self":[{"href":"https:\/\/www.univ-mascara.dz\/fdsp\/index.php?rest_route=\/wp\/v2\/pages\/5368"}],"collection":[{"href":"https:\/\/www.univ-mascara.dz\/fdsp\/index.php?rest_route=\/wp\/v2\/pages"}],"about":[{"href":"https:\/\/www.univ-mascara.dz\/fdsp\/index.php?rest_route=\/wp\/v2\/types\/page"}],"author":[{"embeddable":true,"href":"https:\/\/www.univ-mascara.dz\/fdsp\/index.php?rest_route=\/wp\/v2\/users\/2"}],"replies":[{"embeddable":true,"href":"https:\/\/www.univ-mascara.dz\/fdsp\/index.php?rest_route=%2Fwp%2Fv2%2Fcomments&post=5368"}],"version-history":[{"count":130,"href":"https:\/\/www.univ-mascara.dz\/fdsp\/index.php?rest_route=\/wp\/v2\/pages\/5368\/revisions"}],"predecessor-version":[{"id":18949,"href":"https:\/\/www.univ-mascara.dz\/fdsp\/index.php?rest_route=\/wp\/v2\/pages\/5368\/revisions\/18949"}],"wp:attachment":[{"href":"https:\/\/www.univ-mascara.dz\/fdsp\/index.php?rest_route=%2Fwp%2Fv2%2Fmedia&parent=5368"}],"curies":[{"name":"wp","href":"https:\/\/api.w.org\/{rel}","templated":true}]}}