{"id":5389,"date":"2022-01-27T10:11:13","date_gmt":"2022-01-27T09:11:13","guid":{"rendered":"http:\/\/nv.univ-mascara.dz\/fsnv\/?page_id=5389"},"modified":"2023-04-19T09:52:16","modified_gmt":"2023-04-19T08:52:16","slug":"examens-droit","status":"publish","type":"page","link":"https:\/\/www.univ-mascara.dz\/fdsp\/?page_id=5389","title":{"rendered":"Examens-droit"},"content":{"rendered":"\t\t<div data-elementor-type=\"wp-page\" data-elementor-id=\"5389\" class=\"elementor elementor-5389\">\n\t\t\t\t\t\t\t\t\t<section class=\"elementor-section elementor-top-section elementor-element elementor-element-7977d4d elementor-section-height-min-height elementor-section-boxed elementor-section-height-default elementor-section-items-middle\" data-id=\"7977d4d\" data-element_type=\"section\" data-settings=\"{&quot;background_background&quot;:&quot;classic&quot;}\">\n\t\t\t\t\t\t\t<div class=\"elementor-background-overlay\"><\/div>\n\t\t\t\t\t\t\t<div class=\"elementor-container elementor-column-gap-default\">\n\t\t\t\t\t<div class=\"elementor-column elementor-col-100 elementor-top-column elementor-element elementor-element-bc6183f\" data-id=\"bc6183f\" data-element_type=\"column\">\n\t\t\t<div class=\"elementor-widget-wrap elementor-element-populated\">\n\t\t\t\t\t\t\t\t<div class=\"elementor-element elementor-element-5df4d12 elementor-widget elementor-widget-heading\" data-id=\"5df4d12\" data-element_type=\"widget\" data-widget_type=\"heading.default\">\n\t\t\t\t<div class=\"elementor-widget-container\">\n\t\t\t<span class=\"elementor-heading-title elementor-size-default\"><br><br> <br>Planning des examens<\/span>\t\t<\/div>\n\t\t\t\t<\/div>\n\t\t\t\t<div class=\"elementor-element elementor-element-bc78472 elementor-widget-divider--view-line elementor-widget elementor-widget-divider\" data-id=\"bc78472\" data-element_type=\"widget\" data-widget_type=\"divider.default\">\n\t\t\t\t<div class=\"elementor-widget-container\">\n\t\t\t\t\t<div class=\"elementor-divider\">\n\t\t\t<span class=\"elementor-divider-separator\">\n\t\t\t\t\t\t<\/span>\n\t\t<\/div>\n\t\t\t\t<\/div>\n\t\t\t\t<\/div>\n\t\t\t\t<div class=\"elementor-element elementor-element-c32ce04 elementor-widget elementor-widget-heading\" data-id=\"c32ce04\" data-element_type=\"widget\" data-widget_type=\"heading.default\">\n\t\t\t\t<div class=\"elementor-widget-container\">\n\t\t\t<span class=\"elementor-heading-title elementor-size-default\">D\u00e9partement droit<\/span>\t\t<\/div>\n\t\t\t\t<\/div>\n\t\t\t\t\t<\/div>\n\t\t<\/div>\n\t\t\t\t\t\t\t<\/div>\n\t\t<\/section>\n\t\t\t\t<section class=\"elementor-section elementor-top-section elementor-element elementor-element-b836e0c elementor-section-boxed elementor-section-height-default elementor-section-height-default\" data-id=\"b836e0c\" data-element_type=\"section\" data-settings=\"{&quot;background_background&quot;:&quot;classic&quot;}\">\n\t\t\t\t\t\t<div class=\"elementor-container elementor-column-gap-default\">\n\t\t\t\t\t<div class=\"elementor-column elementor-col-100 elementor-top-column elementor-element elementor-element-8417fe9\" data-id=\"8417fe9\" data-element_type=\"column\">\n\t\t\t<div class=\"elementor-widget-wrap elementor-element-populated\">\n\t\t\t\t\t\t\t\t<div class=\"elementor-element elementor-element-8a4a956 eael-tooltip-align-left elementor-widget elementor-widget-eael-tooltip\" data-id=\"8a4a956\" data-element_type=\"widget\" data-widget_type=\"eael-tooltip.default\">\n\t\t\t\t<div class=\"elementor-widget-container\">\n\t\t\t\t<div class=\"eael-tooltip\">\n\t\t\t\t\t<span class=\"eael-tooltip-content\"><a href=\"\/fdsp\/?page_id=2350\">\t\t\t\t\t\t\t\t\t\t\t\t<i class=\"fas fa-reply\"><\/i>\n\t\t\t\t\t\t\t\t\t\t<\/a><\/span>\n  \t\t\t<span class=\"eael-tooltip-text eael-tooltip-right\"><p>Retour<\/p><\/span>\n  \t\t\t<\/div>\n\t\t\t<\/div>\n\t\t\t\t<\/div>\n\t\t\t\t<div class=\"elementor-element elementor-element-c1c7df9 elementor-widget-divider--view-line_text elementor-widget-divider--element-align-center elementor-widget elementor-widget-divider\" data-id=\"c1c7df9\" data-element_type=\"widget\" data-widget_type=\"divider.default\">\n\t\t\t\t<div class=\"elementor-widget-container\">\n\t\t\t\t\t<div class=\"elementor-divider\">\n\t\t\t<span class=\"elementor-divider-separator\">\n\t\t\t\t\t\t\t<h2 class=\"elementor-divider__text elementor-divider__element\">\n\t\t\t\t2022-2023\t\t\t\t<\/h2>\n\t\t\t\t\t\t<\/span>\n\t\t<\/div>\n\t\t\t\t<\/div>\n\t\t\t\t<\/div>\n\t\t\t\t\t<\/div>\n\t\t<\/div>\n\t\t\t\t\t\t\t<\/div>\n\t\t<\/section>\n\t\t\t\t<section class=\"elementor-section elementor-top-section elementor-element elementor-element-b5527ed elementor-section-boxed elementor-section-height-default elementor-section-height-default\" data-id=\"b5527ed\" data-element_type=\"section\" data-settings=\"{&quot;background_background&quot;:&quot;classic&quot;}\">\n\t\t\t\t\t\t<div class=\"elementor-container elementor-column-gap-default\">\n\t\t\t\t\t<div class=\"elementor-column elementor-col-100 elementor-top-column elementor-element elementor-element-90c7c60\" data-id=\"90c7c60\" data-element_type=\"column\">\n\t\t\t<div class=\"elementor-widget-wrap elementor-element-populated\">\n\t\t\t\t\t\t\t\t<div class=\"elementor-element elementor-element-6e42d29 elementor-widget elementor-widget-text-editor\" data-id=\"6e42d29\" data-element_type=\"widget\" data-widget_type=\"text-editor.default\">\n\t\t\t\t<div class=\"elementor-widget-container\">\n\t\t\t\t\t\t\t<p><strong>Semestre 1\u00a0<\/strong><\/p><ul><li><b>1 \u00e8re ann\u00e9e Droit\u00a0 \u00a0 <a href=\"\/fdsp\/wp-content\/uploads\/2022\/12\/\u0627\u0639\u0644\u0627\u0646-\u0627\u0645\u062a\u062d\u0627\u0646\u0627\u062a-\u0633-1-\u062d\u0642\u0648\u0642-\u0633-1-\u0623.pdf\">classe A\u00a0<\/a> <a href=\"\/fdsp\/wp-content\/uploads\/2022\/12\/\u0627\u0639\u0644\u0627\u0646-\u0627\u0645\u062a\u062d\u0627\u0646\u0627\u062a-\u0633-\u0633-1-\u062d-\u0633-1-\u0628.pdf\">\u00a0classe \u00a0B\u00a0 \u00a0<\/a><\/b><\/li><\/ul><p>liste des \u00e9tudiants 1\u00e8re ann\u00e9e droit (\u00a0 \u00a0Section A\u00a0 , <a href=\"\/fdsp\/wp-content\/uploads\/2022\/12\/\u0633-1-\u0627\u0644\u0645\u062f\u0631\u062c-A.pdf\">Amphi A<\/a>, <a href=\"\/fdsp\/wp-content\/uploads\/2022\/12\/\u0633-1-\u0627\u0644\u0645\u062f\u0631\u062c-B.pdf\">Amphi B<\/a> , Amphi <a href=\"\/fdsp\/wp-content\/uploads\/2022\/12\/\u0633-1-\u0627\u0644\u0645\u062f\u0631\u062c-C-.pdf\">C<\/a> ,Amphi <a href=\"\/fdsp\/wp-content\/uploads\/2022\/12\/\u0633-1-\u0627\u0644\u0645\u062f\u0631\u062c-D-.pdf\">D<\/a> ,Amphi <a href=\"\/fdsp\/wp-content\/uploads\/2022\/12\/\u0633-1-\u0627\u0644\u0645\u062f\u0631\u062c-E-.pdf\">E<\/a> ,Amphi <a href=\"\/fdsp\/wp-content\/uploads\/2022\/12\/\u0633-1-\u0627\u0644\u0645\u062f\u0631\u062c-F-.pdf\">F<\/a>)<\/p><p>liste des \u00e9tudiants 1\u00e8re ann\u00e9e droit (\u00a0 \u00a0Section B\u00a0 , \u00a0<a href=\"\/fdsp\/wp-content\/uploads\/2022\/12\/listesection-B.pdf\">salle 1-19<\/a>)<\/p><ul><li><a href=\"\/fdsp\/wp-content\/uploads\/2022\/12\/\u0627\u0639\u0644\u0627\u0646-\u0627\u0645\u062a\u062d\u0627\u0646\u0627\u062a-\u06331-\u062d\u0642\u0648\u0642-\u0633-\u062b\u0627\u0646\u064a\u0629.pdf\"><strong>Licence 2 : Droit\u00a0\u00a0<\/strong><\/a><\/li><\/ul><p>Liste des \u00e9tudiants\u00a0 <a href=\"\/fdsp\/wp-content\/uploads\/2022\/12\/liste2-droit.pdf\">2 -\u00e8me ann\u00e9e droit\u00a0<\/a><\/p><ul><li><a href=\"\/fdsp\/wp-content\/uploads\/2022\/12\/\u0627\u0644\u0633\u0646\u0629-\u0627\u0644\u062b\u0627\u0644\u062b\u0629-\u0639\u0627\u0645-scaled.jpg\"><strong>Licence 3 : Droit g\u00e9n\u00e9ral<\/strong><\/a><\/li><\/ul><p>Liste des \u00e9tudiants<a href=\"\/fdsp\/wp-content\/uploads\/2022\/12\/liste3eme-droit-gereral.pdf\"> 3 -\u00e8me ann\u00e9e droit\u00a0 g\u00e9n\u00e9ral\u00a0<\/a><\/p><ul><li><a href=\"\/fdsp\/wp-content\/uploads\/2022\/12\/\u0627\u0644\u0633\u0646\u0629-\u0627\u0644\u062b\u0627\u0644\u062b\u0629-\u062e\u0627\u0635--scaled.jpg\"><strong>Licence 3 : Droit priv\u00e9<\/strong><\/a><\/li><\/ul><p>Liste des \u00e9tudiants <a href=\"\/fdsp\/wp-content\/uploads\/2022\/12\/liste-3-droit-preve.pdf\">3 -\u00e8me ann\u00e9e droit <strong>priv\u00e9<\/strong><\/a><\/p><ul><li><a href=\"\/fdsp\/wp-content\/uploads\/2022\/12\/\u0627\u0639\u0644\u0627\u0646-\u0627\u0645\u062a\u062d\u0627\u0646\u0627\u062a-\u0627\u0648\u0644\u0649-\u0627\u0639\u0645\u0627\u0644-.pdf\"><b>1 \u00e8re ann\u00e9e master droit des affaires<\/b><\/a><\/li><\/ul><p>Liste des \u00e9tudiants <a href=\"\/fdsp\/wp-content\/uploads\/2022\/12\/liste-m1-affaire.pdf\">Master 1 droit des affaires\u00a0<\/a><\/p><ul><li><a href=\"\/fdsp\/wp-content\/uploads\/2022\/12\/\u0627\u0639\u0644\u0627\u0646-\u0627\u0645\u062a\u062d\u0627\u0646\u0627\u062a-\u0627\u0648\u0644\u0649-\u0642\u0636\u0627\u0626\u064a.pdf\"><strong>1 \u00e8re ann\u00e9e master droit judiciaire<\/strong><\/a><\/li><\/ul><p>Liste des \u00e9tudiants <a href=\"\/fdsp\/wp-content\/uploads\/2022\/12\/liste-m1-jur.pdf\">master 1 droit judicaire\u00a0<\/a><\/p><ul><li><a href=\"\/fdsp\/wp-content\/uploads\/2022\/12\/\u0627\u0639\u0644\u0627\u0646-\u0627\u0645\u062a\u062d\u0627\u0646\u0627\u062a-\u0627\u0648\u0644\u0649-\u0627\u0633\u0631\u0629.pdf\"><b>1 \u00e8re ann\u00e9e master droit-de-la-famille<\/b><\/a><\/li><\/ul><p>Liste des \u00e9tudiants master 1\u00a0<a href=\"\/fdsp\/wp-content\/uploads\/2022\/12\/\u0642\u0627\u0626\u0645\u0629-\u0627\u0644\u0637\u0644\u0628\u0629-\u0633\u0646\u0629-1-\u0645\u0627\u0633\u062a\u0631-\u0627\u0633\u0631\u0629-\u0627\u0644\u0645\u062f\u0631\u062c-D.pdf\">droit de la famille<\/a><\/p><ul><li><a href=\"\/fdsp\/wp-content\/uploads\/2022\/12\/\u0627\u0639\u0644\u0627\u0646-\u0627\u0645\u062a\u0627\u062d\u0627\u0646\u0627\u062a-\u0627\u0644\u0633\u0646\u0629-\u0627\u0644\u062b\u0627\u0646\u064a\u0629-\u0645\u0627\u0633\u062a\u0631-\u0627\u0639\u0645\u0627\u0644--scaled.jpg\"><b>2 -\u00e8me ann\u00e9e master droit des affaires<\/b><\/a><\/li><\/ul><p>Liste des \u00e9tudiants <a href=\"\/fdsp\/wp-content\/uploads\/2022\/12\/master2-droit-affaire.pdf\">master 2 droit des affaires\u00a0<\/a><\/p><ul><li><a href=\"\/fdsp\/wp-content\/uploads\/2022\/12\/\u0627\u0639\u0644\u0627\u0646-\u0627\u0645\u062a\u062d\u0627\u0646\u0627\u062a-\u0627\u0644\u0633\u0646\u0629-\u0627\u0644\u062b\u0627\u0646\u064a\u0629-\u0645\u0627\u0633\u062a\u0631-\u0642\u0636\u0627\u0626\u064a-scaled.jpg\"><b>2 -\u00e8me\u00a0ann\u00e9e master droit judiciaire<\/b><\/a><\/li><\/ul><p>Liste des \u00e9tudiants <a href=\"\/fdsp\/wp-content\/uploads\/2022\/12\/master2-jud.pdf\">master 2\u00a0 droit judicaire\u00a0<\/a><\/p><ul><li><a href=\"\/fdsp\/wp-content\/uploads\/2022\/12\/\u0627\u0639\u0644\u0627\u0646-\u0627\u0645\u062a\u062d\u0627\u0646\u0627\u062a-\u0627\u0644\u0633\u0646\u0629-\u0627\u0644\u062b\u0627\u0646\u064a\u0629-\u0645\u0627\u0633\u062a\u0631-\u0627\u0633\u0631\u0629--scaled.jpg\"><b>2 -\u00e8me ann\u00e9e master droit-de-la-famille<\/b><\/a><\/li><\/ul><p>Liste des \u00e9tudiants <a href=\"\/fdsp\/wp-content\/uploads\/2022\/12\/master2-droit-famille.pdf\">master 2\u00a0 droit de la famille\u00a0<\/a><\/p>\t\t\t\t\t\t<\/div>\n\t\t\t\t<\/div>\n\t\t\t\t\t<\/div>\n\t\t<\/div>\n\t\t\t\t\t\t\t<\/div>\n\t\t<\/section>\n\t\t\t\t\t\t\t<\/div>\n\t\t","protected":false},"excerpt":{"rendered":"<p>Planning des examens D\u00e9partement droit Retour 2022-2023 Semestre 1\u00a0 1 \u00e8re ann\u00e9e Droit\u00a0 \u00a0 classe A\u00a0 \u00a0classe \u00a0B\u00a0 \u00a0 liste des \u00e9tudiants 1\u00e8re ann\u00e9e droit (\u00a0 \u00a0Section A\u00a0 , Amphi A, Amphi B , Amphi C ,Amphi D ,Amphi E ,Amphi F) liste des \u00e9tudiants 1\u00e8re ann\u00e9e droit (\u00a0 \u00a0Section B\u00a0 , \u00a0salle 1-19) Licence &hellip;<\/p>\n<p class=\"read-more\"> <a class=\"\" href=\"https:\/\/www.univ-mascara.dz\/fdsp\/?page_id=5389\"> <span class=\"screen-reader-text\">Examens-droit<\/span> Lire la suite\u00a0\u00bb<\/a><\/p>\n","protected":false},"author":2,"featured_media":0,"parent":0,"menu_order":0,"comment_status":"closed","ping_status":"closed","template":"","meta":[],"_links":{"self":[{"href":"https:\/\/www.univ-mascara.dz\/fdsp\/index.php?rest_route=\/wp\/v2\/pages\/5389"}],"collection":[{"href":"https:\/\/www.univ-mascara.dz\/fdsp\/index.php?rest_route=\/wp\/v2\/pages"}],"about":[{"href":"https:\/\/www.univ-mascara.dz\/fdsp\/index.php?rest_route=\/wp\/v2\/types\/page"}],"author":[{"embeddable":true,"href":"https:\/\/www.univ-mascara.dz\/fdsp\/index.php?rest_route=\/wp\/v2\/users\/2"}],"replies":[{"embeddable":true,"href":"https:\/\/www.univ-mascara.dz\/fdsp\/index.php?rest_route=%2Fwp%2Fv2%2Fcomments&post=5389"}],"version-history":[{"count":94,"href":"https:\/\/www.univ-mascara.dz\/fdsp\/index.php?rest_route=\/wp\/v2\/pages\/5389\/revisions"}],"predecessor-version":[{"id":18952,"href":"https:\/\/www.univ-mascara.dz\/fdsp\/index.php?rest_route=\/wp\/v2\/pages\/5389\/revisions\/18952"}],"wp:attachment":[{"href":"https:\/\/www.univ-mascara.dz\/fdsp\/index.php?rest_route=%2Fwp%2Fv2%2Fmedia&parent=5389"}],"curies":[{"name":"wp","href":"https:\/\/api.w.org\/{rel}","templated":true}]}}