{"id":11648,"date":"2022-03-14T13:04:22","date_gmt":"2022-03-14T12:04:22","guid":{"rendered":"http:\/\/nv.univ-mascara.dz\/fse\/?page_id=11648"},"modified":"2026-01-21T14:44:47","modified_gmt":"2026-01-21T13:44:47","slug":"soutenance","status":"publish","type":"page","link":"https:\/\/www.univ-mascara.dz\/fll\/?page_id=11648","title":{"rendered":"Soutenance"},"content":{"rendered":"\t\t<div data-elementor-type=\"wp-page\" data-elementor-id=\"11648\" class=\"elementor elementor-11648\">\n\t\t\t\t\t\t\t\t\t<section class=\"elementor-section elementor-top-section elementor-element elementor-element-d553880 elementor-section-height-min-height elementor-section-boxed elementor-section-height-default elementor-section-items-middle\" data-id=\"d553880\" data-element_type=\"section\" data-settings=\"{&quot;background_background&quot;:&quot;classic&quot;}\">\n\t\t\t\t\t\t\t<div class=\"elementor-background-overlay\"><\/div>\n\t\t\t\t\t\t\t<div class=\"elementor-container elementor-column-gap-default\">\n\t\t\t\t\t<div class=\"elementor-column elementor-col-100 elementor-top-column elementor-element elementor-element-e535203\" data-id=\"e535203\" data-element_type=\"column\">\n\t\t\t<div class=\"elementor-widget-wrap elementor-element-populated\">\n\t\t\t\t\t\t\t\t<div class=\"elementor-element elementor-element-fd6db56 elementor-widget elementor-widget-heading\" data-id=\"fd6db56\" data-element_type=\"widget\" data-widget_type=\"heading.default\">\n\t\t\t\t<div class=\"elementor-widget-container\">\n\t\t\t<span class=\"elementor-heading-title elementor-size-default\"><br><br><br>Soutenance<\/span>\t\t<\/div>\n\t\t\t\t<\/div>\n\t\t\t\t<div class=\"elementor-element elementor-element-989c1d9 elementor-widget-divider--view-line elementor-widget elementor-widget-divider\" data-id=\"989c1d9\" data-element_type=\"widget\" data-widget_type=\"divider.default\">\n\t\t\t\t<div class=\"elementor-widget-container\">\n\t\t\t\t\t<div class=\"elementor-divider\">\n\t\t\t<span class=\"elementor-divider-separator\">\n\t\t\t\t\t\t<\/span>\n\t\t<\/div>\n\t\t\t\t<\/div>\n\t\t\t\t<\/div>\n\t\t\t\t\t<\/div>\n\t\t<\/div>\n\t\t\t\t\t\t\t<\/div>\n\t\t<\/section>\n\t\t\t\t<section class=\"elementor-section elementor-top-section elementor-element elementor-element-d36069d elementor-section-height-min-height elementor-section-content-middle elementor-section-boxed elementor-section-height-default elementor-section-items-middle\" data-id=\"d36069d\" data-element_type=\"section\" data-settings=\"{&quot;background_background&quot;:&quot;classic&quot;}\">\n\t\t\t\t\t\t\t<div class=\"elementor-background-overlay\"><\/div>\n\t\t\t\t\t\t\t<div class=\"elementor-container elementor-column-gap-default\">\n\t\t\t\t\t<div class=\"elementor-column elementor-col-100 elementor-top-column elementor-element elementor-element-8ae118f\" data-id=\"8ae118f\" data-element_type=\"column\">\n\t\t\t<div class=\"elementor-widget-wrap elementor-element-populated\">\n\t\t\t\t\t\t\t\t<div class=\"elementor-element elementor-element-06bbf16 elementor-widget elementor-widget-text-editor\" data-id=\"06bbf16\" data-element_type=\"widget\" data-widget_type=\"text-editor.default\">\n\t\t\t\t<div class=\"elementor-widget-container\">\n\t\t\t\t\t\t\t<p><strong>Dossier\u00a0<\/strong><\/p><ul><li>Th\u00e8se<\/li><li>Pi\u00e8ces justificatives (Publication, Communication, \u2026)<\/li><li>Proposition de jury \u00e9tablit par le responsable du CFD<\/li><li>Annexe 1 Rapport de soutenabilit\u00e9 du directeur de la th\u00e8se\u00a0<\/li><li>Annexe 2 Rapport sur la publication, son environnement\u00a0<\/li><li>Annexe 3 Attestation d\u2019inscription r\u00e9guli\u00e8re en doctorat 3<sup>\u00e8me<\/sup> cycle\u00a0<\/li><li>Attestations d\u2019inscription\u00a0\u00a0<\/li><\/ul><p><strong>A t\u00e9l\u00e9charger<\/strong><\/p><ul><li>Rapport de validation des 180 points ( apr\u00e8s 2016 )\u00a0\u00a0<a href=\"https:\/\/www.univ-mascara.dz\/wp-content\/uploads\/2025\/10\/Rapport_validation_180p.docx\"><strong>Word<\/strong><\/a><\/li><li>Rapport d\u2019expertise Final\u00a0<a href=\"https:\/\/www.univ-mascara.dz\/wp-content\/uploads\/2025\/10\/Rapport_Final_Expertise.doc\"><strong>Word<\/strong><\/a><\/li><li>Annexe\u00a0\u00a0 Fr\u00a0\u00a0\u00a0<a href=\"https:\/\/www.univ-mascara.dz\/wp-content\/uploads\/2025\/10\/Annexes_Fr.docx\"><strong>Word<\/strong><\/a>\u00a0AR\u00a0<a href=\"https:\/\/www.univ-mascara.dz\/wp-content\/uploads\/2025\/10\/Annexes_Ar.docx\"><strong>Word<\/strong><\/a><\/li><\/ul><p>\u00a0<\/p>\t\t\t\t\t\t<\/div>\n\t\t\t\t<\/div>\n\t\t\t\t\t<\/div>\n\t\t<\/div>\n\t\t\t\t\t\t\t<\/div>\n\t\t<\/section>\n\t\t\t\t<section class=\"elementor-section elementor-top-section elementor-element elementor-element-4144da6 elementor-section-boxed elementor-section-height-default elementor-section-height-default\" data-id=\"4144da6\" data-element_type=\"section\" data-settings=\"{&quot;background_background&quot;:&quot;classic&quot;}\">\n\t\t\t\t\t\t<div class=\"elementor-container elementor-column-gap-default\">\n\t\t\t\t\t<div class=\"elementor-column elementor-col-100 elementor-top-column elementor-element elementor-element-47ef4a9\" data-id=\"47ef4a9\" data-element_type=\"column\">\n\t\t\t<div class=\"elementor-widget-wrap elementor-element-populated\">\n\t\t\t\t\t\t\t\t<div class=\"elementor-element elementor-element-f5dae1e elementor-widget-divider--view-line_text elementor-widget-divider--element-align-center elementor-widget elementor-widget-divider\" data-id=\"f5dae1e\" data-element_type=\"widget\" data-widget_type=\"divider.default\">\n\t\t\t\t<div class=\"elementor-widget-container\">\n\t\t\t\t\t<div class=\"elementor-divider\">\n\t\t\t<span class=\"elementor-divider-separator\">\n\t\t\t\t\t\t\t<span class=\"elementor-divider__text elementor-divider__element\">\n\t\t\t\tCONTACT\t\t\t\t<\/span>\n\t\t\t\t\t\t<\/span>\n\t\t<\/div>\n\t\t\t\t<\/div>\n\t\t\t\t<\/div>\n\t\t\t\t\t<\/div>\n\t\t<\/div>\n\t\t\t\t\t\t\t<\/div>\n\t\t<\/section>\n\t\t\t\t<section class=\"elementor-section elementor-top-section elementor-element elementor-element-212322d elementor-section-height-min-height elementor-section-items-bottom elementor-section-content-top elementor-section-boxed elementor-section-height-default\" data-id=\"212322d\" data-element_type=\"section\" data-settings=\"{&quot;background_background&quot;:&quot;classic&quot;,&quot;animation&quot;:&quot;none&quot;}\">\n\t\t\t\t\t\t<div class=\"elementor-container elementor-column-gap-default\">\n\t\t\t\t\t<div class=\"elementor-column elementor-col-100 elementor-top-column elementor-element elementor-element-b96e924\" data-id=\"b96e924\" data-element_type=\"column\">\n\t\t\t<div class=\"elementor-widget-wrap elementor-element-populated\">\n\t\t\t\t\t\t\t\t<div class=\"elementor-element elementor-element-ecb696e elementor-widget elementor-widget-heading\" data-id=\"ecb696e\" data-element_type=\"widget\" data-widget_type=\"heading.default\">\n\t\t\t\t<div class=\"elementor-widget-container\">\n\t\t\t<h2 class=\"elementor-heading-title elementor-size-default\">Facult\u00e9  des lettres et des  langues \n<\/h2>\t\t<\/div>\n\t\t\t\t<\/div>\n\t\t\t\t<div class=\"elementor-element elementor-element-1071271 elementor-widget elementor-widget-heading\" data-id=\"1071271\" data-element_type=\"widget\" data-widget_type=\"heading.default\">\n\t\t\t\t<div class=\"elementor-widget-container\">\n\t\t\t<h2 class=\"elementor-heading-title elementor-size-default\">T\u00e9l\/fax 045 70 73 23\n<\/h2>\t\t<\/div>\n\t\t\t\t<\/div>\n\t\t\t\t<div class=\"elementor-element elementor-element-18f2ecf elementor-widget elementor-widget-text-editor\" data-id=\"18f2ecf\" data-element_type=\"widget\" data-widget_type=\"text-editor.default\">\n\t\t\t\t<div class=\"elementor-widget-container\">\n\t\t\t\t\t\t\t<p style=\"text-align: center;\">fll@univ-mascara.dz<\/p>\t\t\t\t\t\t<\/div>\n\t\t\t\t<\/div>\n\t\t\t\t\t<\/div>\n\t\t<\/div>\n\t\t\t\t\t\t\t<\/div>\n\t\t<\/section>\n\t\t\t\t\t\t\t<\/div>\n\t\t","protected":false},"excerpt":{"rendered":"<p>Soutenance Dossier\u00a0 Th\u00e8se Pi\u00e8ces justificatives (Publication, Communication, \u2026) Proposition de jury \u00e9tablit par le responsable du CFD Annexe 1 Rapport de soutenabilit\u00e9 du directeur de la th\u00e8se\u00a0 Annexe 2 Rapport sur la publication, son environnement\u00a0 Annexe 3 Attestation d\u2019inscription r\u00e9guli\u00e8re en doctorat 3\u00e8me cycle\u00a0 Attestations d\u2019inscription\u00a0\u00a0 A t\u00e9l\u00e9charger Rapport de validation des 180 points ( &hellip;<\/p>\n<p class=\"read-more\"> <a class=\"\" href=\"https:\/\/www.univ-mascara.dz\/fll\/?page_id=11648\"> <span class=\"screen-reader-text\">Soutenance<\/span> Lire la suite\u00a0\u00bb<\/a><\/p>\n","protected":false},"author":2,"featured_media":0,"parent":0,"menu_order":0,"comment_status":"closed","ping_status":"closed","template":"","meta":[],"_links":{"self":[{"href":"https:\/\/www.univ-mascara.dz\/fll\/index.php?rest_route=\/wp\/v2\/pages\/11648"}],"collection":[{"href":"https:\/\/www.univ-mascara.dz\/fll\/index.php?rest_route=\/wp\/v2\/pages"}],"about":[{"href":"https:\/\/www.univ-mascara.dz\/fll\/index.php?rest_route=\/wp\/v2\/types\/page"}],"author":[{"embeddable":true,"href":"https:\/\/www.univ-mascara.dz\/fll\/index.php?rest_route=\/wp\/v2\/users\/2"}],"replies":[{"embeddable":true,"href":"https:\/\/www.univ-mascara.dz\/fll\/index.php?rest_route=%2Fwp%2Fv2%2Fcomments&post=11648"}],"version-history":[{"count":12,"href":"https:\/\/www.univ-mascara.dz\/fll\/index.php?rest_route=\/wp\/v2\/pages\/11648\/revisions"}],"predecessor-version":[{"id":20527,"href":"https:\/\/www.univ-mascara.dz\/fll\/index.php?rest_route=\/wp\/v2\/pages\/11648\/revisions\/20527"}],"wp:attachment":[{"href":"https:\/\/www.univ-mascara.dz\/fll\/index.php?rest_route=%2Fwp%2Fv2%2Fmedia&parent=11648"}],"curies":[{"name":"wp","href":"https:\/\/api.w.org\/{rel}","templated":true}]}}