{"id":17359,"date":"2022-05-15T11:07:23","date_gmt":"2022-05-15T10:07:23","guid":{"rendered":"http:\/\/nv.univ-mascara.dz\/fll\/?page_id=17359"},"modified":"2022-05-15T11:11:22","modified_gmt":"2022-05-15T10:11:22","slug":"didactique-du-fle-fos","status":"publish","type":"page","link":"https:\/\/www.univ-mascara.dz\/fll\/?page_id=17359","title":{"rendered":"Didactique du FLE\/FOS\u00a0"},"content":{"rendered":"\t\t<div data-elementor-type=\"wp-page\" data-elementor-id=\"17359\" class=\"elementor elementor-17359\">\n\t\t\t\t\t\t\t\t\t<section class=\"elementor-section elementor-top-section elementor-element elementor-element-42fb6f3 elementor-section-height-min-height elementor-section-boxed elementor-section-height-default elementor-section-items-middle\" data-id=\"42fb6f3\" data-element_type=\"section\" data-settings=\"{&quot;background_background&quot;:&quot;classic&quot;}\">\n\t\t\t\t\t\t\t<div class=\"elementor-background-overlay\"><\/div>\n\t\t\t\t\t\t\t<div class=\"elementor-container elementor-column-gap-default\">\n\t\t\t\t\t<div class=\"elementor-column elementor-col-100 elementor-top-column elementor-element elementor-element-e13bc4a\" data-id=\"e13bc4a\" data-element_type=\"column\">\n\t\t\t<div class=\"elementor-widget-wrap elementor-element-populated\">\n\t\t\t\t\t\t\t\t<div class=\"elementor-element elementor-element-b73ca9c elementor-widget elementor-widget-heading\" data-id=\"b73ca9c\" data-element_type=\"widget\" data-widget_type=\"heading.default\">\n\t\t\t\t<div class=\"elementor-widget-container\">\n\t\t\t<span class=\"elementor-heading-title elementor-size-default\"><br><br><br>DOCTORAT<\/span>\t\t<\/div>\n\t\t\t\t<\/div>\n\t\t\t\t<div class=\"elementor-element elementor-element-d97209b elementor-widget elementor-widget-heading\" data-id=\"d97209b\" data-element_type=\"widget\" data-widget_type=\"heading.default\">\n\t\t\t\t<div class=\"elementor-widget-container\">\n\t\t\t<p class=\"elementor-heading-title elementor-size-small\">Didactique du FLE\/FOS Communication interculturelle et ing\u00e9nierie de l\u2019enseignement et de la formation<\/p>\t\t<\/div>\n\t\t\t\t<\/div>\n\t\t\t\t<div class=\"elementor-element elementor-element-7c5aa82 elementor-widget-divider--view-line elementor-widget elementor-widget-divider\" data-id=\"7c5aa82\" data-element_type=\"widget\" data-widget_type=\"divider.default\">\n\t\t\t\t<div class=\"elementor-widget-container\">\n\t\t\t\t\t<div class=\"elementor-divider\">\n\t\t\t<span class=\"elementor-divider-separator\">\n\t\t\t\t\t\t<\/span>\n\t\t<\/div>\n\t\t\t\t<\/div>\n\t\t\t\t<\/div>\n\t\t\t\t\t<\/div>\n\t\t<\/div>\n\t\t\t\t\t\t\t<\/div>\n\t\t<\/section>\n\t\t\t\t<section class=\"elementor-section elementor-top-section elementor-element elementor-element-26a9443 elementor-section-boxed elementor-section-height-default elementor-section-height-default\" data-id=\"26a9443\" data-element_type=\"section\" data-settings=\"{&quot;background_background&quot;:&quot;classic&quot;}\">\n\t\t\t\t\t\t<div class=\"elementor-container elementor-column-gap-default\">\n\t\t\t\t\t<div class=\"elementor-column elementor-col-100 elementor-top-column elementor-element elementor-element-96f5c90\" data-id=\"96f5c90\" data-element_type=\"column\">\n\t\t\t<div class=\"elementor-widget-wrap elementor-element-populated\">\n\t\t\t\t\t\t\t\t<div class=\"elementor-element elementor-element-77064b8 elementor-widget elementor-widget-heading\" data-id=\"77064b8\" data-element_type=\"widget\" data-widget_type=\"heading.default\">\n\t\t\t\t<div class=\"elementor-widget-container\">\n\t\t\t<h3 class=\"elementor-heading-title elementor-size-medium\">Objectifs<\/h3>\t\t<\/div>\n\t\t\t\t<\/div>\n\t\t\t\t<div class=\"elementor-element elementor-element-764edf2 elementor-widget elementor-widget-text-editor\" data-id=\"764edf2\" data-element_type=\"widget\" data-widget_type=\"text-editor.default\">\n\t\t\t\t<div class=\"elementor-widget-container\">\n\t\t\t\t\t\t\t<ul><li>Responsable de la Formation : Pr. Sebane Mounia<\/li><\/ul><p><strong>Objectifs assign\u00e9s \u00e0 la formation doctorale<\/strong><\/p><p>L\u2019objectif g\u00e9n\u00e9ral de cette formation est de former a moyen terme des enseignants capable d\u2019intervenir dans les facult\u00e9s a vocation scientifiques et de r\u00e9pondre le plus rapidement possible aux besoins en langues des \u00e9tudiants en faisant appel \u00e0 des d\u00e9marches ing\u00e9ni\u00e9riques.<\/p><p><strong>Objectifs li\u00e9s \u00e0 la recherche :<\/strong><\/p><p>Analyse des contextes alg\u00e9riens dans lesquels interviennent l\u2019apprentissage \/enseignement du fran\u00e7ais.<\/p><p><strong>Programme de la formation (conf\u00e9rences, ateliers, s\u00e9minaires)<\/strong><\/p><ul>Didactique du plurilinguisme en contexte (Alg\u00e9rie) et hors contexte (dans le monde)<li style=\"font-size: 16px;\">Didactique du FLE\/FOS<\/li><\/ul><ul><li style=\"font-size: 16px;\">Didactique de l\u2019\u00e9crit<\/li><\/ul><ul><li style=\"font-size: 16px;\">Ing\u00e9nierie de la formation<\/li><\/ul><ul><li style=\"font-size: 16px;\">Corpus : mod\u00e8les, applications<\/li><\/ul><ul><li style=\"font-size: 16px;\">L\u2019analyse du discours de sp\u00e9cialit\u00e9s et ses approches multidimensionnelles<\/li><\/ul><ul><li style=\"font-size: 16px;\">Didactique et traitement automatique des langues (TAL)<\/li><\/ul><ul><li style=\"font-size: 16px;\">Dialogue des cultures<\/li><\/ul><ul><li style=\"font-size: 16px;\">L\u2019analyse du discours et ses approches multidimensionnelles<\/li><\/ul><ul><li style=\"font-size: 16px;\">M\u00e9thodologie de la recherche<\/li><\/ul><ul><li style=\"font-size: 16px;\">Documentation et recherche bibliographique<\/li><\/ul><ul><li style=\"font-size: 16px;\">Probl\u00e9matique et questionnement en recherche en didactique<\/li><\/ul><ul><li style=\"font-size: 16px;\">Elaboration d\u2019un corpus en didactique<\/li><\/ul><ul><li style=\"font-size: 16px;\">R\u00e9daction d\u2019un article scientifique<\/li><\/ul><ul><li style=\"font-size: 16px;\">Techniques pour la r\u00e9daction de la th\u00e8se<\/li><\/ul><ul><li style=\"font-size: 16px;\">Travaux personnels du doctorant<\/li><\/ul>\t\t\t\t\t\t<\/div>\n\t\t\t\t<\/div>\n\t\t\t\t\t<\/div>\n\t\t<\/div>\n\t\t\t\t\t\t\t<\/div>\n\t\t<\/section>\n\t\t\t\t\t\t\t<\/div>\n\t\t","protected":false},"excerpt":{"rendered":"<p>DOCTORAT Didactique du FLE\/FOS Communication interculturelle et ing\u00e9nierie de l\u2019enseignement et de la formation Objectifs Responsable de la Formation : Pr. Sebane Mounia Objectifs assign\u00e9s \u00e0 la formation doctorale L\u2019objectif g\u00e9n\u00e9ral de cette formation est de former a moyen terme des enseignants capable d\u2019intervenir dans les facult\u00e9s a vocation scientifiques et de r\u00e9pondre le plus &hellip;<\/p>\n<p class=\"read-more\"> <a class=\"\" href=\"https:\/\/www.univ-mascara.dz\/fll\/?page_id=17359\"> <span class=\"screen-reader-text\">Didactique du FLE\/FOS\u00a0<\/span> Lire la suite\u00a0\u00bb<\/a><\/p>\n","protected":false},"author":2,"featured_media":0,"parent":0,"menu_order":0,"comment_status":"closed","ping_status":"closed","template":"","meta":[],"_links":{"self":[{"href":"https:\/\/www.univ-mascara.dz\/fll\/index.php?rest_route=\/wp\/v2\/pages\/17359"}],"collection":[{"href":"https:\/\/www.univ-mascara.dz\/fll\/index.php?rest_route=\/wp\/v2\/pages"}],"about":[{"href":"https:\/\/www.univ-mascara.dz\/fll\/index.php?rest_route=\/wp\/v2\/types\/page"}],"author":[{"embeddable":true,"href":"https:\/\/www.univ-mascara.dz\/fll\/index.php?rest_route=\/wp\/v2\/users\/2"}],"replies":[{"embeddable":true,"href":"https:\/\/www.univ-mascara.dz\/fll\/index.php?rest_route=%2Fwp%2Fv2%2Fcomments&post=17359"}],"version-history":[{"count":0,"href":"https:\/\/www.univ-mascara.dz\/fll\/index.php?rest_route=\/wp\/v2\/pages\/17359\/revisions"}],"wp:attachment":[{"href":"https:\/\/www.univ-mascara.dz\/fll\/index.php?rest_route=%2Fwp%2Fv2%2Fmedia&parent=17359"}],"curies":[{"name":"wp","href":"https:\/\/api.w.org\/{rel}","templated":true}]}}