{"id":17403,"date":"2022-05-15T11:52:35","date_gmt":"2022-05-15T10:52:35","guid":{"rendered":"http:\/\/nv.univ-mascara.dz\/fll\/?page_id=17403"},"modified":"2022-05-15T11:54:42","modified_gmt":"2022-05-15T10:54:42","slug":"linguistiques-appliquees","status":"publish","type":"page","link":"https:\/\/www.univ-mascara.dz\/fll\/?page_id=17403","title":{"rendered":"Linguistiques Appliqu\u00e9es"},"content":{"rendered":"\t\t<div data-elementor-type=\"wp-page\" data-elementor-id=\"17403\" class=\"elementor elementor-17403\">\n\t\t\t\t\t\t\t\t\t<section class=\"elementor-section elementor-top-section elementor-element elementor-element-9b656e4 elementor-section-height-min-height elementor-section-boxed elementor-section-height-default elementor-section-items-middle\" data-id=\"9b656e4\" data-element_type=\"section\" data-settings=\"{&quot;background_background&quot;:&quot;classic&quot;}\">\n\t\t\t\t\t\t\t<div class=\"elementor-background-overlay\"><\/div>\n\t\t\t\t\t\t\t<div class=\"elementor-container elementor-column-gap-default\">\n\t\t\t\t\t<div class=\"elementor-column elementor-col-100 elementor-top-column elementor-element elementor-element-2940d75\" data-id=\"2940d75\" data-element_type=\"column\">\n\t\t\t<div class=\"elementor-widget-wrap elementor-element-populated\">\n\t\t\t\t\t\t\t\t<div class=\"elementor-element elementor-element-ad56315 elementor-widget elementor-widget-heading\" data-id=\"ad56315\" data-element_type=\"widget\" data-widget_type=\"heading.default\">\n\t\t\t\t<div class=\"elementor-widget-container\">\n\t\t\t<span class=\"elementor-heading-title elementor-size-default\"><br><br><br>DOCTORAT<\/span>\t\t<\/div>\n\t\t\t\t<\/div>\n\t\t\t\t<div class=\"elementor-element elementor-element-a33e9cd elementor-widget elementor-widget-heading\" data-id=\"a33e9cd\" data-element_type=\"widget\" data-widget_type=\"heading.default\">\n\t\t\t\t<div class=\"elementor-widget-container\">\n\t\t\t<p class=\"elementor-heading-title elementor-size-small\">Linguistiques Appliqu\u00e9es<\/p>\t\t<\/div>\n\t\t\t\t<\/div>\n\t\t\t\t<div class=\"elementor-element elementor-element-ae4e6b4 elementor-widget-divider--view-line elementor-widget elementor-widget-divider\" data-id=\"ae4e6b4\" data-element_type=\"widget\" data-widget_type=\"divider.default\">\n\t\t\t\t<div class=\"elementor-widget-container\">\n\t\t\t\t\t<div class=\"elementor-divider\">\n\t\t\t<span class=\"elementor-divider-separator\">\n\t\t\t\t\t\t<\/span>\n\t\t<\/div>\n\t\t\t\t<\/div>\n\t\t\t\t<\/div>\n\t\t\t\t\t<\/div>\n\t\t<\/div>\n\t\t\t\t\t\t\t<\/div>\n\t\t<\/section>\n\t\t\t\t<section class=\"elementor-section elementor-top-section elementor-element elementor-element-e370482 elementor-section-boxed elementor-section-height-default elementor-section-height-default\" data-id=\"e370482\" data-element_type=\"section\" data-settings=\"{&quot;background_background&quot;:&quot;classic&quot;}\">\n\t\t\t\t\t\t<div class=\"elementor-container elementor-column-gap-default\">\n\t\t\t\t\t<div class=\"elementor-column elementor-col-100 elementor-top-column elementor-element elementor-element-d2536be\" data-id=\"d2536be\" data-element_type=\"column\">\n\t\t\t<div class=\"elementor-widget-wrap elementor-element-populated\">\n\t\t\t\t\t\t\t\t<div class=\"elementor-element elementor-element-b4e7a10 elementor-widget elementor-widget-heading\" data-id=\"b4e7a10\" data-element_type=\"widget\" data-widget_type=\"heading.default\">\n\t\t\t\t<div class=\"elementor-widget-container\">\n\t\t\t<h3 class=\"elementor-heading-title elementor-size-medium\">Objectifs<\/h3>\t\t<\/div>\n\t\t\t\t<\/div>\n\t\t\t\t<div class=\"elementor-element elementor-element-4631f64 elementor-widget elementor-widget-text-editor\" data-id=\"4631f64\" data-element_type=\"widget\" data-widget_type=\"text-editor.default\">\n\t\t\t\t<div class=\"elementor-widget-container\">\n\t\t\t\t\t\t\t<p><strong>Objectifs\u00a0:<\/strong><\/p><p>La linguistique appliqu\u00e9e est consid\u00e9r\u00e9e comme la phase pratique de la linguistique g\u00e9n\u00e9rale. Il s\u2019agit de l\u2019investissement des aspects th\u00e9oriques de la linguistique moderne et l\u2019application des diff\u00e9rents m\u00e9canismes et proc\u00e9d\u00e9s en vue de d\u00e9velopper et promouvoir la langue arabe. Chose qui nous a pouss\u00e9s \u00e0 proposer ce projet. D\u2019autres objectifs secondaires sont :<\/p><ul>&#8211; Mettre en relief l\u2019importance de la linguistique appliqu\u00e9e comme m\u00e9canisme r\u00e9aliste de l\u2019\u00e9tude de la langue.<\/ul><p><span style=\"font-size: 16px; font-style: inherit; font-weight: inherit;\">&#8211; Approfondir la recherche en linguistique patrimoniale et moderne.<\/span><span style=\"font-size: 16px; font-style: inherit; font-weight: inherit;\">&#8211; Exploiter les avanc\u00e9s de la linguistique contemporaine.<\/span><span style=\"font-size: 16px; font-style: inherit; font-weight: inherit;\">&#8211; D\u00e9couvrir les domaines cognitifs qui peuvent b\u00e9n\u00e9ficier de la linguistique (linguistique computationnelle, psycholinguistique, linguistique judiciaire, didactique..)<\/span><span style=\"font-size: 16px; font-style: inherit; font-weight: inherit;\">&#8211; Appliquer les aspects th\u00e9oriques linguistiques dans le domaine de la didactique de la langue arabe.<\/span><\/p><p><strong>Modules enseign\u00e9s<\/strong><\/p><ul><li style=\"list-style-type: none;\"><ul><li style=\"list-style-type: none;\"><ul>&#8211; Linguistique appliqu\u00e9e et didactique<\/ul><\/li><li style=\"list-style-type: none;\"><ul>&#8211; Initiation \u00e0 la linguistique appliqu\u00e9e.<\/ul><\/li><li style=\"list-style-type: none;\"><ul>&#8211; Linguistique appliqu\u00e9e : origines et th\u00e9ories<\/ul><\/li><li style=\"list-style-type: none;\"><ul>&#8211; M\u00e9thodologie de la recherche.<\/ul><\/li><li style=\"list-style-type: none;\"><ul>&#8211; Travaux dirig\u00e9s.<\/ul><\/li><\/ul><\/li><li style=\"list-style-type: none;\">Responsable de la Formation : Pr. BOUZOUADA HABIB<\/li><\/ul><p>\u00a0<\/p>\t\t\t\t\t\t<\/div>\n\t\t\t\t<\/div>\n\t\t\t\t\t<\/div>\n\t\t<\/div>\n\t\t\t\t\t\t\t<\/div>\n\t\t<\/section>\n\t\t\t\t\t\t\t<\/div>\n\t\t","protected":false},"excerpt":{"rendered":"<p>DOCTORAT Linguistiques Appliqu\u00e9es Objectifs Objectifs\u00a0: La linguistique appliqu\u00e9e est consid\u00e9r\u00e9e comme la phase pratique de la linguistique g\u00e9n\u00e9rale. Il s\u2019agit de l\u2019investissement des aspects th\u00e9oriques de la linguistique moderne et l\u2019application des diff\u00e9rents m\u00e9canismes et proc\u00e9d\u00e9s en vue de d\u00e9velopper et promouvoir la langue arabe. Chose qui nous a pouss\u00e9s \u00e0 proposer ce projet. D\u2019autres &hellip;<\/p>\n<p class=\"read-more\"> <a class=\"\" href=\"https:\/\/www.univ-mascara.dz\/fll\/?page_id=17403\"> <span class=\"screen-reader-text\">Linguistiques Appliqu\u00e9es<\/span> Lire la suite\u00a0\u00bb<\/a><\/p>\n","protected":false},"author":2,"featured_media":0,"parent":0,"menu_order":0,"comment_status":"closed","ping_status":"closed","template":"","meta":[],"_links":{"self":[{"href":"https:\/\/www.univ-mascara.dz\/fll\/index.php?rest_route=\/wp\/v2\/pages\/17403"}],"collection":[{"href":"https:\/\/www.univ-mascara.dz\/fll\/index.php?rest_route=\/wp\/v2\/pages"}],"about":[{"href":"https:\/\/www.univ-mascara.dz\/fll\/index.php?rest_route=\/wp\/v2\/types\/page"}],"author":[{"embeddable":true,"href":"https:\/\/www.univ-mascara.dz\/fll\/index.php?rest_route=\/wp\/v2\/users\/2"}],"replies":[{"embeddable":true,"href":"https:\/\/www.univ-mascara.dz\/fll\/index.php?rest_route=%2Fwp%2Fv2%2Fcomments&post=17403"}],"version-history":[{"count":0,"href":"https:\/\/www.univ-mascara.dz\/fll\/index.php?rest_route=\/wp\/v2\/pages\/17403\/revisions"}],"wp:attachment":[{"href":"https:\/\/www.univ-mascara.dz\/fll\/index.php?rest_route=%2Fwp%2Fv2%2Fmedia&parent=17403"}],"curies":[{"name":"wp","href":"https:\/\/api.w.org\/{rel}","templated":true}]}}