{"id":17411,"date":"2022-05-15T11:55:45","date_gmt":"2022-05-15T10:55:45","guid":{"rendered":"http:\/\/nv.univ-mascara.dz\/fll\/?page_id=17411"},"modified":"2022-05-15T11:59:08","modified_gmt":"2022-05-15T10:59:08","slug":"linguistiques-arabe","status":"publish","type":"page","link":"https:\/\/www.univ-mascara.dz\/fll\/?page_id=17411","title":{"rendered":"Linguistiques Arabe"},"content":{"rendered":"\t\t<div data-elementor-type=\"wp-page\" data-elementor-id=\"17411\" class=\"elementor elementor-17411\">\n\t\t\t\t\t\t\t\t\t<section class=\"elementor-section elementor-top-section elementor-element elementor-element-f02c43f elementor-section-height-min-height elementor-section-boxed elementor-section-height-default elementor-section-items-middle\" data-id=\"f02c43f\" data-element_type=\"section\" data-settings=\"{&quot;background_background&quot;:&quot;classic&quot;}\">\n\t\t\t\t\t\t\t<div class=\"elementor-background-overlay\"><\/div>\n\t\t\t\t\t\t\t<div class=\"elementor-container elementor-column-gap-default\">\n\t\t\t\t\t<div class=\"elementor-column elementor-col-100 elementor-top-column elementor-element elementor-element-87a4d84\" data-id=\"87a4d84\" data-element_type=\"column\">\n\t\t\t<div class=\"elementor-widget-wrap elementor-element-populated\">\n\t\t\t\t\t\t\t\t<div class=\"elementor-element elementor-element-da354b3 elementor-widget elementor-widget-heading\" data-id=\"da354b3\" data-element_type=\"widget\" data-widget_type=\"heading.default\">\n\t\t\t\t<div class=\"elementor-widget-container\">\n\t\t\t<span class=\"elementor-heading-title elementor-size-default\"><br><br><br>DOCTORAT<\/span>\t\t<\/div>\n\t\t\t\t<\/div>\n\t\t\t\t<div class=\"elementor-element elementor-element-e097472 elementor-widget elementor-widget-heading\" data-id=\"e097472\" data-element_type=\"widget\" data-widget_type=\"heading.default\">\n\t\t\t\t<div class=\"elementor-widget-container\">\n\t\t\t<p class=\"elementor-heading-title elementor-size-small\">Linguistiques Arabe<\/p>\t\t<\/div>\n\t\t\t\t<\/div>\n\t\t\t\t<div class=\"elementor-element elementor-element-1b63924 elementor-widget-divider--view-line elementor-widget elementor-widget-divider\" data-id=\"1b63924\" data-element_type=\"widget\" data-widget_type=\"divider.default\">\n\t\t\t\t<div class=\"elementor-widget-container\">\n\t\t\t\t\t<div class=\"elementor-divider\">\n\t\t\t<span class=\"elementor-divider-separator\">\n\t\t\t\t\t\t<\/span>\n\t\t<\/div>\n\t\t\t\t<\/div>\n\t\t\t\t<\/div>\n\t\t\t\t\t<\/div>\n\t\t<\/div>\n\t\t\t\t\t\t\t<\/div>\n\t\t<\/section>\n\t\t\t\t<section class=\"elementor-section elementor-top-section elementor-element elementor-element-3fb2e41 elementor-section-boxed elementor-section-height-default elementor-section-height-default\" data-id=\"3fb2e41\" data-element_type=\"section\" data-settings=\"{&quot;background_background&quot;:&quot;classic&quot;}\">\n\t\t\t\t\t\t<div class=\"elementor-container elementor-column-gap-default\">\n\t\t\t\t\t<div class=\"elementor-column elementor-col-100 elementor-top-column elementor-element elementor-element-deb099e\" data-id=\"deb099e\" data-element_type=\"column\">\n\t\t\t<div class=\"elementor-widget-wrap elementor-element-populated\">\n\t\t\t\t\t\t\t\t<div class=\"elementor-element elementor-element-1c15dff elementor-widget elementor-widget-heading\" data-id=\"1c15dff\" data-element_type=\"widget\" data-widget_type=\"heading.default\">\n\t\t\t\t<div class=\"elementor-widget-container\">\n\t\t\t<h3 class=\"elementor-heading-title elementor-size-medium\">Objectifs<\/h3>\t\t<\/div>\n\t\t\t\t<\/div>\n\t\t\t\t<div class=\"elementor-element elementor-element-4823491 elementor-widget elementor-widget-text-editor\" data-id=\"4823491\" data-element_type=\"widget\" data-widget_type=\"text-editor.default\">\n\t\t\t\t<div class=\"elementor-widget-container\">\n\t\t\t\t\t\t\t<p><strong>Objectifs assign\u00e9s \u00e0 la recherche :<\/strong><\/p><p>Le pr\u00e9sent projet s\u2019inscrit dans un mouvement de recherche g\u00e9n\u00e9ral visant \u00e0 \u00e9tudier la linguistique arabe, ses sp\u00e9cificit\u00e9s, et la critique de ses approches anciennes et modernes.<\/p><ul><li>Sp\u00e9cialit\u00e9 : linguistique appliqu\u00e9e \u2013 linguistique arabes<\/li><li>Responsable de la Formation : Benfetta Abdelkader<\/li><\/ul><p><strong>Modules enseign\u00e9s:<\/strong><\/p><ul><li><span style=\"font-size: 16px; font-style: inherit; font-weight: inherit;\">M\u00e9thodologie de la recherche scientifique.<\/span><\/li><li><span style=\"font-size: 16px; font-style: inherit; font-weight: inherit;\">Pratiques linguistiques.<\/span><\/li><li><span style=\"font-size: 16px; font-style: inherit; font-weight: inherit;\">\u00a0Lexicologie \/ r\u00e9vision des textes.<\/span><\/li><li><span style=\"font-size: 16px; font-style: inherit; font-weight: inherit;\">\u00a0Le Coran et les \u00e9tudes linguistiques.<\/span><\/li><li><span style=\"font-size: 16px; font-style: inherit; font-weight: inherit;\">\u00a0Linguistiques arabes\/ linguistiques appliqu\u00e9es.<\/span><\/li>\u00a0\u00a0<\/ul><p><strong>Objectifs assign\u00e9s \u00e0 la formation des formateurs :<\/strong><\/p><ul><li style=\"list-style-type: none\"><ul><li><span style=\"font-size: 16px;\">Remplir le manque av\u00e9r\u00e9 au niveau de l\u2019encadrement dans le domaine des \u00e9tudes linguistiques au d\u00e9partement de la langue arabe \u2013 universit\u00e9 de Mascara<\/span><\/li><li><span style=\"font-size: 16px;\">\u00a0Encourager les \u00e9tudiants \u00e0 s\u2019int\u00e9resser au patrimoine linguistique arabe et l\u2019enrichir \u00e0 travers les \u00e9tudes linguistiques modernes.<\/span><\/li><li><span style=\"font-size: 16px;\">Motiver les \u00e9tudiants \u00e0 l\u2019\u00e9criture dans la recherche linguistique.<\/span><\/li><li><span style=\"font-size: 16px;\">Former des chercheurs en linguistique moderne et les fournir avec ls techniques et les comp\u00e9tences ad\u00e9quates.<\/span><\/li><\/ul><\/li><\/ul><p>\u00a0<\/p>\t\t\t\t\t\t<\/div>\n\t\t\t\t<\/div>\n\t\t\t\t\t<\/div>\n\t\t<\/div>\n\t\t\t\t\t\t\t<\/div>\n\t\t<\/section>\n\t\t\t\t\t\t\t<\/div>\n\t\t","protected":false},"excerpt":{"rendered":"<p>DOCTORAT Linguistiques Arabe Objectifs Objectifs assign\u00e9s \u00e0 la recherche : Le pr\u00e9sent projet s\u2019inscrit dans un mouvement de recherche g\u00e9n\u00e9ral visant \u00e0 \u00e9tudier la linguistique arabe, ses sp\u00e9cificit\u00e9s, et la critique de ses approches anciennes et modernes. Sp\u00e9cialit\u00e9 : linguistique appliqu\u00e9e \u2013 linguistique arabes Responsable de la Formation : Benfetta Abdelkader Modules enseign\u00e9s: M\u00e9thodologie de &hellip;<\/p>\n<p class=\"read-more\"> <a class=\"\" href=\"https:\/\/www.univ-mascara.dz\/fll\/?page_id=17411\"> <span class=\"screen-reader-text\">Linguistiques Arabe<\/span> Lire la suite\u00a0\u00bb<\/a><\/p>\n","protected":false},"author":2,"featured_media":0,"parent":0,"menu_order":0,"comment_status":"closed","ping_status":"closed","template":"","meta":[],"_links":{"self":[{"href":"https:\/\/www.univ-mascara.dz\/fll\/index.php?rest_route=\/wp\/v2\/pages\/17411"}],"collection":[{"href":"https:\/\/www.univ-mascara.dz\/fll\/index.php?rest_route=\/wp\/v2\/pages"}],"about":[{"href":"https:\/\/www.univ-mascara.dz\/fll\/index.php?rest_route=\/wp\/v2\/types\/page"}],"author":[{"embeddable":true,"href":"https:\/\/www.univ-mascara.dz\/fll\/index.php?rest_route=\/wp\/v2\/users\/2"}],"replies":[{"embeddable":true,"href":"https:\/\/www.univ-mascara.dz\/fll\/index.php?rest_route=%2Fwp%2Fv2%2Fcomments&post=17411"}],"version-history":[{"count":0,"href":"https:\/\/www.univ-mascara.dz\/fll\/index.php?rest_route=\/wp\/v2\/pages\/17411\/revisions"}],"wp:attachment":[{"href":"https:\/\/www.univ-mascara.dz\/fll\/index.php?rest_route=%2Fwp%2Fv2%2Fmedia&parent=17411"}],"curies":[{"name":"wp","href":"https:\/\/api.w.org\/{rel}","templated":true}]}}