{"id":20259,"date":"2025-05-04T10:34:08","date_gmt":"2025-05-04T09:34:08","guid":{"rendered":"https:\/\/www.univ-mascara.dz\/fll\/?page_id=20259"},"modified":"2026-04-19T12:53:30","modified_gmt":"2026-04-19T11:53:30","slug":"marchee-publics","status":"publish","type":"page","link":"https:\/\/www.univ-mascara.dz\/fll\/?page_id=20259","title":{"rendered":"March\u00e9e publics"},"content":{"rendered":"\t\t<div data-elementor-type=\"wp-page\" data-elementor-id=\"20259\" class=\"elementor elementor-20259\">\n\t\t\t\t\t\t\t\t\t<section class=\"elementor-section elementor-top-section elementor-element elementor-element-700600a elementor-section-height-min-height elementor-section-full_width elementor-section-height-default elementor-section-items-middle\" data-id=\"700600a\" data-element_type=\"section\" data-settings=\"{&quot;background_background&quot;:&quot;classic&quot;}\">\n\t\t\t\t\t\t\t<div class=\"elementor-background-overlay\"><\/div>\n\t\t\t\t\t\t\t<div class=\"elementor-container elementor-column-gap-default\">\n\t\t\t\t\t<div class=\"elementor-column elementor-col-100 elementor-top-column elementor-element elementor-element-78da273\" data-id=\"78da273\" data-element_type=\"column\">\n\t\t\t<div class=\"elementor-widget-wrap elementor-element-populated\">\n\t\t\t\t\t\t\t\t<div class=\"elementor-element elementor-element-34c8b35 elementor-widget elementor-widget-heading\" data-id=\"34c8b35\" data-element_type=\"widget\" data-widget_type=\"heading.default\">\n\t\t\t\t<div class=\"elementor-widget-container\">\n\t\t\t<p class=\"elementor-heading-title elementor-size-medium\"><br><br><br>March\u00e9s Publics <\/p>\t\t<\/div>\n\t\t\t\t<\/div>\n\t\t\t\t<div class=\"elementor-element elementor-element-260ddfe elementor-widget-divider--view-line elementor-widget elementor-widget-divider\" data-id=\"260ddfe\" data-element_type=\"widget\" data-widget_type=\"divider.default\">\n\t\t\t\t<div class=\"elementor-widget-container\">\n\t\t\t\t\t<div class=\"elementor-divider\">\n\t\t\t<span class=\"elementor-divider-separator\">\n\t\t\t\t\t\t<\/span>\n\t\t<\/div>\n\t\t\t\t<\/div>\n\t\t\t\t<\/div>\n\t\t\t\t<div class=\"elementor-element elementor-element-4c53d60 elementor-widget elementor-widget-heading\" data-id=\"4c53d60\" data-element_type=\"widget\" data-widget_type=\"heading.default\">\n\t\t\t\t<div class=\"elementor-widget-container\">\n\t\t\t<span class=\"elementor-heading-title elementor-size-default\">Fll<\/span>\t\t<\/div>\n\t\t\t\t<\/div>\n\t\t\t\t\t<\/div>\n\t\t<\/div>\n\t\t\t\t\t\t\t<\/div>\n\t\t<\/section>\n\t\t\t\t<section class=\"elementor-section elementor-top-section elementor-element elementor-element-b81e6bd elementor-section-height-min-height elementor-section-content-middle elementor-section-boxed elementor-section-height-default elementor-section-items-middle\" data-id=\"b81e6bd\" data-element_type=\"section\" data-settings=\"{&quot;background_background&quot;:&quot;classic&quot;}\">\n\t\t\t\t\t\t<div class=\"elementor-container elementor-column-gap-default\">\n\t\t\t\t\t<div class=\"elementor-column elementor-col-50 elementor-top-column elementor-element elementor-element-5a5117f\" data-id=\"5a5117f\" data-element_type=\"column\">\n\t\t\t<div class=\"elementor-widget-wrap elementor-element-populated\">\n\t\t\t\t\t\t\t\t<div class=\"elementor-element elementor-element-4dd5135 elementor-widget-divider--view-line_text elementor-widget-divider--element-align-center elementor-widget elementor-widget-divider\" data-id=\"4dd5135\" data-element_type=\"widget\" data-widget_type=\"divider.default\">\n\t\t\t\t<div class=\"elementor-widget-container\">\n\t\t\t\t\t<div class=\"elementor-divider\">\n\t\t\t<span class=\"elementor-divider-separator\">\n\t\t\t\t\t\t\t<span class=\"elementor-divider__text elementor-divider__element\">\n\t\t\t\tMarch\u00e9s Publics \t\t\t\t<\/span>\n\t\t\t\t\t\t<\/span>\n\t\t<\/div>\n\t\t\t\t<\/div>\n\t\t\t\t<\/div>\n\t\t\t\t<div class=\"elementor-element elementor-element-b6d9694 elementor-widget elementor-widget-text-editor\" data-id=\"b6d9694\" data-element_type=\"widget\" data-widget_type=\"text-editor.default\">\n\t\t\t\t<div class=\"elementor-widget-container\">\n\t\t\t\t\t\t\t<p>Pr\u00e9sentation des diff\u00e9rents appels d&rsquo;offres lanc\u00e9s par la Direction de l&rsquo;Universit\u00e9<\/p><p data-start=\"151\" data-end=\"177\">1. Avis de consultation<\/p><p data-start=\"561\" data-end=\"596\">2. Avis d&rsquo;attribution provisoire<\/p><p data-start=\"960\" data-end=\"986\">3. Avis d&rsquo;infructuosit\u00e9<\/p><p data-start=\"1225\" data-end=\"1252\">4. Avis d&rsquo;appel d&rsquo;offres<\/p><p data-start=\"1624\" data-end=\"1665\">5. Avis d&rsquo;annulation ou de r\u00e9siliation<\/p><p class=\"\" data-start=\"1666\" data-end=\"1802\">\u00a0<\/p>\t\t\t\t\t\t<\/div>\n\t\t\t\t<\/div>\n\t\t\t\t\t<\/div>\n\t\t<\/div>\n\t\t\t\t<div class=\"elementor-column elementor-col-50 elementor-top-column elementor-element elementor-element-4fbeff6\" data-id=\"4fbeff6\" data-element_type=\"column\">\n\t\t\t<div class=\"elementor-widget-wrap elementor-element-populated\">\n\t\t\t\t\t\t\t\t<div class=\"elementor-element elementor-element-40ffc97 elementor-invisible elementor-widget elementor-widget-image\" data-id=\"40ffc97\" data-element_type=\"widget\" data-settings=\"{&quot;_animation&quot;:&quot;fadeInRight&quot;}\" data-widget_type=\"image.default\">\n\t\t\t\t<div class=\"elementor-widget-container\">\n\t\t\t\t\t\t\t\t\t\t\t\t\t\t\t<img decoding=\"async\" src=\"http:\/\/www.univ-mascara.dz\/fsnv\/wp-content\/uploads\/2025\/04\/mar-ar-1.jpg\" title=\"\" alt=\"\" \/>\t\t\t\t\t\t\t\t\t\t\t\t\t\t\t<\/div>\n\t\t\t\t<\/div>\n\t\t\t\t\t<\/div>\n\t\t<\/div>\n\t\t\t\t\t\t\t<\/div>\n\t\t<\/section>\n\t\t\t\t<section class=\"elementor-section elementor-top-section elementor-element elementor-element-69ceb95 elementor-section-boxed elementor-section-height-default elementor-section-height-default\" data-id=\"69ceb95\" data-element_type=\"section\" data-settings=\"{&quot;background_background&quot;:&quot;classic&quot;}\">\n\t\t\t\t\t\t<div class=\"elementor-container elementor-column-gap-default\">\n\t\t\t\t\t<div class=\"elementor-column elementor-col-100 elementor-top-column elementor-element elementor-element-3f1abfa\" data-id=\"3f1abfa\" data-element_type=\"column\">\n\t\t\t<div class=\"elementor-widget-wrap elementor-element-populated\">\n\t\t\t\t\t\t\t\t\t<\/div>\n\t\t<\/div>\n\t\t\t\t\t\t\t<\/div>\n\t\t<\/section>\n\t\t\t\t<section class=\"elementor-section elementor-top-section elementor-element elementor-element-064d502 elementor-section-boxed elementor-section-height-default elementor-section-height-default\" data-id=\"064d502\" data-element_type=\"section\" data-settings=\"{&quot;background_background&quot;:&quot;classic&quot;}\">\n\t\t\t\t\t\t<div class=\"elementor-container elementor-column-gap-default\">\n\t\t\t\t\t<div class=\"elementor-column elementor-col-100 elementor-top-column elementor-element elementor-element-bfb47d4\" data-id=\"bfb47d4\" data-element_type=\"column\">\n\t\t\t<div class=\"elementor-widget-wrap elementor-element-populated\">\n\t\t\t\t\t\t\t\t<div class=\"elementor-element elementor-element-1cf77e9 elementor-widget-divider--view-line_text elementor-widget-divider--element-align-center elementor-widget elementor-widget-divider\" data-id=\"1cf77e9\" data-element_type=\"widget\" data-widget_type=\"divider.default\">\n\t\t\t\t<div class=\"elementor-widget-container\">\n\t\t\t\t\t<div class=\"elementor-divider\">\n\t\t\t<span class=\"elementor-divider-separator\">\n\t\t\t\t\t\t\t<span class=\"elementor-divider__text elementor-divider__element\">\n\t\t\t\tAvis de consultation \t\t\t\t<\/span>\n\t\t\t\t\t\t<\/span>\n\t\t<\/div>\n\t\t\t\t<\/div>\n\t\t\t\t<\/div>\n\t\t\t\t<div class=\"elementor-element elementor-element-d2b378d elementor-widget elementor-widget-toggle\" data-id=\"d2b378d\" data-element_type=\"widget\" data-widget_type=\"toggle.default\">\n\t\t\t\t<div class=\"elementor-widget-container\">\n\t\t\t\t\t<div class=\"elementor-toggle\" role=\"tablist\">\n\t\t\t\t\t\t\t<div class=\"elementor-toggle-item\">\n\t\t\t\t\t<div id=\"elementor-tab-title-2201\" class=\"elementor-tab-title\" data-tab=\"1\" role=\"tab\" aria-controls=\"elementor-tab-content-2201\" aria-expanded=\"false\">\n\t\t\t\t\t\t\t\t\t\t\t\t<span class=\"elementor-toggle-icon elementor-toggle-icon-right\" aria-hidden=\"true\">\n\t\t\t\t\t\t\t\t\t\t\t\t\t\t\t<span class=\"elementor-toggle-icon-closed\"><i class=\"fas fa-caret-left\"><\/i><\/span>\n\t\t\t\t\t\t\t\t<span class=\"elementor-toggle-icon-opened\"><i class=\"elementor-toggle-icon-opened fas fa-caret-up\"><\/i><\/span>\n\t\t\t\t\t\t\t\t\t\t\t\t\t<\/span>\n\t\t\t\t\t\t\t\t\t\t\t\t<a href=\"\" class=\"elementor-toggle-title\">Ann\u00e9e 2026<\/a>\n\t\t\t\t\t<\/div>\n\n\t\t\t\t\t<div id=\"elementor-tab-content-2201\" class=\"elementor-tab-content elementor-clearfix\" data-tab=\"1\" role=\"tabpanel\" aria-labelledby=\"elementor-tab-title-2201\"><ul><li style=\"list-style-type: none;\"><ul><li><a href=\"http:\/\/www.univ-mascara.dz\/fll\/wp-content\/uploads\/2026\/04\/avis-con012026fll.pdf\">Avis de consultation n 01 \/2026<\/a><\/li><\/ul><\/li><\/ul><\/div>\n\t\t\t\t<\/div>\n\t\t\t\t\t\t\t<div class=\"elementor-toggle-item\">\n\t\t\t\t\t<div id=\"elementor-tab-title-2202\" class=\"elementor-tab-title\" data-tab=\"2\" role=\"tab\" aria-controls=\"elementor-tab-content-2202\" aria-expanded=\"false\">\n\t\t\t\t\t\t\t\t\t\t\t\t<span class=\"elementor-toggle-icon elementor-toggle-icon-right\" aria-hidden=\"true\">\n\t\t\t\t\t\t\t\t\t\t\t\t\t\t\t<span class=\"elementor-toggle-icon-closed\"><i class=\"fas fa-caret-left\"><\/i><\/span>\n\t\t\t\t\t\t\t\t<span class=\"elementor-toggle-icon-opened\"><i class=\"elementor-toggle-icon-opened fas fa-caret-up\"><\/i><\/span>\n\t\t\t\t\t\t\t\t\t\t\t\t\t<\/span>\n\t\t\t\t\t\t\t\t\t\t\t\t<a href=\"\" class=\"elementor-toggle-title\">Ann\u00e9e 2025 <\/a>\n\t\t\t\t\t<\/div>\n\n\t\t\t\t\t<div id=\"elementor-tab-content-2202\" class=\"elementor-tab-content elementor-clearfix\" data-tab=\"2\" role=\"tabpanel\" aria-labelledby=\"elementor-tab-title-2202\"><ul><li style=\"list-style-type: none;\"><ul><li><a href=\"http:\/\/www.univ-mascara.dz\/fll\/wp-content\/uploads\/2025\/11\/avis-4.pdf\">\u00a03eme Avis de consultation N04-2025\u00a0<\/a><\/li><li><a href=\"http:\/\/www.univ-mascara.dz\/fll\/wp-content\/uploads\/2025\/11\/avis-n3.pdf\">\u00a02eme Avis de consultation N03-2025\u00a0<\/a><\/li><li><a href=\"http:\/\/www.univ-mascara.dz\/fll\/wp-content\/uploads\/2025\/09\/avis-05-2025.jpg\">Avis de consultation N05 -2025\u00a0<\/a><\/li><li><a href=\"http:\/\/www.univ-mascara.dz\/fll\/wp-content\/uploads\/2025\/07\/avis-2025.pdf\">Avis de consultation N\u00b004-2025<\/a><\/li><li><a href=\"http:\/\/www.univ-mascara.dz\/fll\/wp-content\/uploads\/2025\/05\/avis-02-2025.pdf\">Avis de consultation N\u00b002-2025<\/a><\/li><li>Avis de consultation n 01 (<a href=\"http:\/\/www.univ-mascara.dz\/fll\/wp-content\/uploads\/2025\/04\/avis-cons01-fr.pdf\">FR<\/a>\/<a href=\"http:\/\/www.univ-mascara.dz\/fll\/wp-content\/uploads\/2025\/04\/avis-cons01-ar.pdf\">AR<\/a>)<\/li><\/ul><\/li><\/ul><\/div>\n\t\t\t\t<\/div>\n\t\t\t\t\t\t\t\t<\/div>\n\t\t\t\t<\/div>\n\t\t\t\t<\/div>\n\t\t\t\t<div class=\"elementor-element elementor-element-6164dbb elementor-widget-divider--view-line_text elementor-widget-divider--element-align-center elementor-widget elementor-widget-divider\" data-id=\"6164dbb\" data-element_type=\"widget\" data-widget_type=\"divider.default\">\n\t\t\t\t<div class=\"elementor-widget-container\">\n\t\t\t\t\t<div class=\"elementor-divider\">\n\t\t\t<span class=\"elementor-divider-separator\">\n\t\t\t\t\t\t\t<span class=\"elementor-divider__text elementor-divider__element\">\n\t\t\t\tAvis d\u2019attribution provisoire\t\t\t\t<\/span>\n\t\t\t\t\t\t<\/span>\n\t\t<\/div>\n\t\t\t\t<\/div>\n\t\t\t\t<\/div>\n\t\t\t\t<div class=\"elementor-element elementor-element-74f7015 elementor-widget elementor-widget-toggle\" data-id=\"74f7015\" data-element_type=\"widget\" data-widget_type=\"toggle.default\">\n\t\t\t\t<div class=\"elementor-widget-container\">\n\t\t\t\t\t<div class=\"elementor-toggle\" role=\"tablist\">\n\t\t\t\t\t\t\t<div class=\"elementor-toggle-item\">\n\t\t\t\t\t<div id=\"elementor-tab-title-1221\" class=\"elementor-tab-title\" data-tab=\"1\" role=\"tab\" aria-controls=\"elementor-tab-content-1221\" aria-expanded=\"false\">\n\t\t\t\t\t\t\t\t\t\t\t\t<span class=\"elementor-toggle-icon elementor-toggle-icon-right\" aria-hidden=\"true\">\n\t\t\t\t\t\t\t\t\t\t\t\t\t\t\t<span class=\"elementor-toggle-icon-closed\"><i class=\"fas fa-caret-left\"><\/i><\/span>\n\t\t\t\t\t\t\t\t<span class=\"elementor-toggle-icon-opened\"><i class=\"elementor-toggle-icon-opened fas fa-caret-up\"><\/i><\/span>\n\t\t\t\t\t\t\t\t\t\t\t\t\t<\/span>\n\t\t\t\t\t\t\t\t\t\t\t\t<a href=\"\" class=\"elementor-toggle-title\">Ann\u00e9e 2025 <\/a>\n\t\t\t\t\t<\/div>\n\n\t\t\t\t\t<div id=\"elementor-tab-content-1221\" class=\"elementor-tab-content elementor-clearfix\" data-tab=\"1\" role=\"tabpanel\" aria-labelledby=\"elementor-tab-title-1221\"><p>\u00a0<\/p><ul><li><a href=\"http:\/\/www.univ-mascara.dz\/fll\/wp-content\/uploads\/2025\/11\/\u0645\u0646\u062d-\u0645\u0624\u0642\u062a-\u0644\u0644\u0627\u0633\u062a\u0634\u0627\u0631\u0629-3.pdf\">Avis d&rsquo;attribution de 2eme annonce de la consultation n\u00b003<\/a><\/li><li><a href=\"http:\/\/www.univ-mascara.dz\/fll\/wp-content\/uploads\/2025\/11\/\u0645\u0646\u062d\u0645-\u0624\u0642\u062a-\u0627\u0644\u0644\u0627\u0639\u0644\u0627\u0646-\u0627\u0644\u062a\u0627\u0644\u062a-\u0644\u0644\u0627\u0633\u062a\u0634\u0627\u0631\u0629-04.pdf\">Avis d&rsquo;attribution de 3eme annonce de la consultation n\u00b004<\/a><\/li><li><a href=\"http:\/\/www.univ-mascara.dz\/fll\/wp-content\/uploads\/2025\/11\/avis-provisoire.jpg\">Avis d&rsquo;attribution de la consultation n\u00b006<\/a><\/li><li><a href=\"http:\/\/www.univ-mascara.dz\/fll\/wp-content\/uploads\/2025\/09\/\u0645\u0646\u062d-\u0645\u0624\u0642\u062a-\u0644\u0644\u0627\u0633\u062a\u0634\u0627\u0631\u0629-\u0631\u0642\u0645-4.pdf\">Avis d&rsquo;attribution de la consultation n 004<\/a><\/li><li>Avis d &lsquo;attribution\u00a0 provisoire du consultation N003\/2025<\/li><li><a href=\"http:\/\/www.univ-mascara.dz\/fll\/wp-content\/uploads\/2025\/07\/avis.pdf\">Avis d &lsquo;attribution\u00a0 provisoire du consultation N003\/2025<\/a><\/li><li><a href=\"http:\/\/www.univ-mascara.dz\/fll\/wp-content\/uploads\/2025\/05\/%D9%85%D9%86%D8%AD-%D9%85%D8%A4%D9%82%D8%AA-%D8%B1%D9%82%D9%8515-scaled.jpg\">Avis attribution N\u00b015-2025<\/a><\/li><li><a href=\"http:\/\/www.univ-mascara.dz\/fll\/wp-content\/uploads\/2025\/04\/avis-att.pdf\">Avis d attribution n 1<\/a><\/li><\/ul><\/div>\n\t\t\t\t<\/div>\n\t\t\t\t\t\t\t\t<\/div>\n\t\t\t\t<\/div>\n\t\t\t\t<\/div>\n\t\t\t\t<div class=\"elementor-element elementor-element-434ddea elementor-widget-divider--view-line_text elementor-widget-divider--element-align-center elementor-widget elementor-widget-divider\" data-id=\"434ddea\" data-element_type=\"widget\" data-widget_type=\"divider.default\">\n\t\t\t\t<div class=\"elementor-widget-container\">\n\t\t\t\t\t<div class=\"elementor-divider\">\n\t\t\t<span class=\"elementor-divider-separator\">\n\t\t\t\t\t\t\t<span class=\"elementor-divider__text elementor-divider__element\">\n\t\t\t\tAvis d\u2019infructuosit\u00e9\t\t\t\t<\/span>\n\t\t\t\t\t\t<\/span>\n\t\t<\/div>\n\t\t\t\t<\/div>\n\t\t\t\t<\/div>\n\t\t\t\t<div class=\"elementor-element elementor-element-aeada4b elementor-widget elementor-widget-toggle\" data-id=\"aeada4b\" data-element_type=\"widget\" data-widget_type=\"toggle.default\">\n\t\t\t\t<div class=\"elementor-widget-container\">\n\t\t\t\t\t<div class=\"elementor-toggle\" role=\"tablist\">\n\t\t\t\t\t\t\t<div class=\"elementor-toggle-item\">\n\t\t\t\t\t<div id=\"elementor-tab-title-1831\" class=\"elementor-tab-title\" data-tab=\"1\" role=\"tab\" aria-controls=\"elementor-tab-content-1831\" aria-expanded=\"false\">\n\t\t\t\t\t\t\t\t\t\t\t\t<span class=\"elementor-toggle-icon elementor-toggle-icon-right\" aria-hidden=\"true\">\n\t\t\t\t\t\t\t\t\t\t\t\t\t\t\t<span class=\"elementor-toggle-icon-closed\"><i class=\"fas fa-caret-left\"><\/i><\/span>\n\t\t\t\t\t\t\t\t<span class=\"elementor-toggle-icon-opened\"><i class=\"elementor-toggle-icon-opened fas fa-caret-up\"><\/i><\/span>\n\t\t\t\t\t\t\t\t\t\t\t\t\t<\/span>\n\t\t\t\t\t\t\t\t\t\t\t\t<a href=\"\" class=\"elementor-toggle-title\">Ann\u00e9e 2025 <\/a>\n\t\t\t\t\t<\/div>\n\n\t\t\t\t\t<div id=\"elementor-tab-content-1831\" class=\"elementor-tab-content elementor-clearfix\" data-tab=\"1\" role=\"tabpanel\" aria-labelledby=\"elementor-tab-title-1831\"><ul><li><a href=\"http:\/\/www.univ-mascara.dz\/fll\/wp-content\/uploads\/2025\/11\/\u0627\u0639\u0644\u0627\u0646-\u0639\u062f\u0645-\u062c\u062f\u0648\u0649-2.pdf\">Avis d\u2019infructuosit\u00e9 du consultation N\u00b0 3\/2025<\/a><\/li><li><a href=\"http:\/\/www.univ-mascara.dz\/fll\/wp-content\/uploads\/2025\/11\/\u0627\u0639\u0644\u0627\u0646-\u0639\u062f\u0645-\u062c\u062f\u0648\u0649.pdf\">Avis d\u2019infructuosit\u00e9 du consultation N\u00b04\/2025<\/a><\/li><\/ul><\/div>\n\t\t\t\t<\/div>\n\t\t\t\t\t\t\t\t<\/div>\n\t\t\t\t<\/div>\n\t\t\t\t<\/div>\n\t\t\t\t<div class=\"elementor-element elementor-element-6b5d34b elementor-widget-divider--view-line_text elementor-widget-divider--element-align-center elementor-widget elementor-widget-divider\" data-id=\"6b5d34b\" data-element_type=\"widget\" data-widget_type=\"divider.default\">\n\t\t\t\t<div class=\"elementor-widget-container\">\n\t\t\t\t\t<div class=\"elementor-divider\">\n\t\t\t<span class=\"elementor-divider-separator\">\n\t\t\t\t\t\t\t<span class=\"elementor-divider__text elementor-divider__element\">\n\t\t\t\tAvis d\u2019annulation\t\t\t\t<\/span>\n\t\t\t\t\t\t<\/span>\n\t\t<\/div>\n\t\t\t\t<\/div>\n\t\t\t\t<\/div>\n\t\t\t\t<div class=\"elementor-element elementor-element-774f8ac elementor-widget elementor-widget-toggle\" data-id=\"774f8ac\" data-element_type=\"widget\" data-widget_type=\"toggle.default\">\n\t\t\t\t<div class=\"elementor-widget-container\">\n\t\t\t\t\t<div class=\"elementor-toggle\" role=\"tablist\">\n\t\t\t\t\t\t\t<div class=\"elementor-toggle-item\">\n\t\t\t\t\t<div id=\"elementor-tab-title-1251\" class=\"elementor-tab-title\" data-tab=\"1\" role=\"tab\" aria-controls=\"elementor-tab-content-1251\" aria-expanded=\"false\">\n\t\t\t\t\t\t\t\t\t\t\t\t<span class=\"elementor-toggle-icon elementor-toggle-icon-right\" aria-hidden=\"true\">\n\t\t\t\t\t\t\t\t\t\t\t\t\t\t\t<span class=\"elementor-toggle-icon-closed\"><i class=\"fas fa-caret-left\"><\/i><\/span>\n\t\t\t\t\t\t\t\t<span class=\"elementor-toggle-icon-opened\"><i class=\"elementor-toggle-icon-opened fas fa-caret-up\"><\/i><\/span>\n\t\t\t\t\t\t\t\t\t\t\t\t\t<\/span>\n\t\t\t\t\t\t\t\t\t\t\t\t<a href=\"\" class=\"elementor-toggle-title\">Ann\u00e9e 2025 <\/a>\n\t\t\t\t\t<\/div>\n\n\t\t\t\t\t<div id=\"elementor-tab-content-1251\" class=\"elementor-tab-content elementor-clearfix\" data-tab=\"1\" role=\"tabpanel\" aria-labelledby=\"elementor-tab-title-1251\"><ul><li><a href=\"http:\/\/www.univ-mascara.dz\/fll\/wp-content\/uploads\/2025\/11\/\u0627\u0639\u0644\u0627\u0646-\u0639\u0646-\u0644\u063a\u0627\u0621-\u0631\u0642\u0645-04.pdf\">Avis d\u2019annulation d&rsquo;avis d\u2019attribution provisoire du consultation N\u00b0 04<\/a><\/li><li><a href=\"http:\/\/www.univ-mascara.dz\/fll\/wp-content\/uploads\/2025\/11\/\u0627\u0639\u0644\u0627\u0646-\u0639\u0646-\u0627\u0644\u063a\u0627\u0621-\u0631\u0642\u0645-03.pdf\">Avis d\u2019annulation d&rsquo; avis d\u2019attribution provisoire\u00a0 du consultation N\u00b0 3\u00a0<\/a><\/li><\/ul><\/div>\n\t\t\t\t<\/div>\n\t\t\t\t\t\t\t\t<\/div>\n\t\t\t\t<\/div>\n\t\t\t\t<\/div>\n\t\t\t\t<div class=\"elementor-element elementor-element-b35fa73 elementor-widget-divider--view-line_text elementor-widget-divider--element-align-center elementor-widget elementor-widget-divider\" data-id=\"b35fa73\" data-element_type=\"widget\" data-widget_type=\"divider.default\">\n\t\t\t\t<div class=\"elementor-widget-container\">\n\t\t\t\t\t<div class=\"elementor-divider\">\n\t\t\t<span class=\"elementor-divider-separator\">\n\t\t\t\t\t\t\t<span class=\"elementor-divider__text elementor-divider__element\">\n\t\t\t\tCONTACT\t\t\t\t<\/span>\n\t\t\t\t\t\t<\/span>\n\t\t<\/div>\n\t\t\t\t<\/div>\n\t\t\t\t<\/div>\n\t\t\t\t\t<\/div>\n\t\t<\/div>\n\t\t\t\t\t\t\t<\/div>\n\t\t<\/section>\n\t\t\t\t\t\t\t<\/div>\n\t\t","protected":false},"excerpt":{"rendered":"<p>March\u00e9s Publics Fll March\u00e9s Publics Pr\u00e9sentation des diff\u00e9rents appels d&rsquo;offres lanc\u00e9s par la Direction de l&rsquo;Universit\u00e9 1. Avis de consultation 2. Avis d&rsquo;attribution provisoire 3. Avis d&rsquo;infructuosit\u00e9 4. Avis d&rsquo;appel d&rsquo;offres 5. Avis d&rsquo;annulation ou de r\u00e9siliation \u00a0 Avis de consultation Ann\u00e9e 2026 Avis de consultation n 01 \/2026 Ann\u00e9e 2025 \u00a03eme Avis de consultation &hellip;<\/p>\n<p class=\"read-more\"> <a class=\"\" href=\"https:\/\/www.univ-mascara.dz\/fll\/?page_id=20259\"> <span class=\"screen-reader-text\">March\u00e9e publics<\/span> Lire la suite\u00a0\u00bb<\/a><\/p>\n","protected":false},"author":3,"featured_media":0,"parent":0,"menu_order":0,"comment_status":"closed","ping_status":"closed","template":"","meta":[],"_links":{"self":[{"href":"https:\/\/www.univ-mascara.dz\/fll\/index.php?rest_route=\/wp\/v2\/pages\/20259"}],"collection":[{"href":"https:\/\/www.univ-mascara.dz\/fll\/index.php?rest_route=\/wp\/v2\/pages"}],"about":[{"href":"https:\/\/www.univ-mascara.dz\/fll\/index.php?rest_route=\/wp\/v2\/types\/page"}],"author":[{"embeddable":true,"href":"https:\/\/www.univ-mascara.dz\/fll\/index.php?rest_route=\/wp\/v2\/users\/3"}],"replies":[{"embeddable":true,"href":"https:\/\/www.univ-mascara.dz\/fll\/index.php?rest_route=%2Fwp%2Fv2%2Fcomments&post=20259"}],"version-history":[{"count":70,"href":"https:\/\/www.univ-mascara.dz\/fll\/index.php?rest_route=\/wp\/v2\/pages\/20259\/revisions"}],"predecessor-version":[{"id":21041,"href":"https:\/\/www.univ-mascara.dz\/fll\/index.php?rest_route=\/wp\/v2\/pages\/20259\/revisions\/21041"}],"wp:attachment":[{"href":"https:\/\/www.univ-mascara.dz\/fll\/index.php?rest_route=%2Fwp%2Fv2%2Fmedia&parent=20259"}],"curies":[{"name":"wp","href":"https:\/\/api.w.org\/{rel}","templated":true}]}}