{"id":2152,"date":"2021-07-13T14:15:48","date_gmt":"2021-07-13T13:15:48","guid":{"rendered":"http:\/\/193.194.87.76\/fsnv\/?page_id=2152"},"modified":"2024-09-17T11:49:09","modified_gmt":"2024-09-17T10:49:09","slug":"presentation-bibliotheque","status":"publish","type":"page","link":"https:\/\/www.univ-mascara.dz\/fll\/?page_id=2152","title":{"rendered":"Pr\u00e9sentation-Biblioth\u00e8que"},"content":{"rendered":"\t\t<div data-elementor-type=\"wp-page\" data-elementor-id=\"2152\" class=\"elementor elementor-2152\">\n\t\t\t\t\t\t\t\t\t<section class=\"elementor-section elementor-top-section elementor-element elementor-element-565230e elementor-section-height-min-height elementor-section-boxed elementor-section-height-default elementor-section-items-middle\" data-id=\"565230e\" data-element_type=\"section\" data-settings=\"{&quot;background_background&quot;:&quot;classic&quot;}\">\n\t\t\t\t\t\t\t<div class=\"elementor-background-overlay\"><\/div>\n\t\t\t\t\t\t\t<div class=\"elementor-container elementor-column-gap-default\">\n\t\t\t\t\t<div class=\"elementor-column elementor-col-100 elementor-top-column elementor-element elementor-element-b4bc822\" data-id=\"b4bc822\" data-element_type=\"column\">\n\t\t\t<div class=\"elementor-widget-wrap elementor-element-populated\">\n\t\t\t\t\t\t\t\t<div class=\"elementor-element elementor-element-3601a96 elementor-widget elementor-widget-heading\" data-id=\"3601a96\" data-element_type=\"widget\" data-widget_type=\"heading.default\">\n\t\t\t\t<div class=\"elementor-widget-container\">\n\t\t\t<span class=\"elementor-heading-title elementor-size-default\"><br><br><br>Pr\u00e9sentation de la \nBiblioth\u00e8que <\/span>\t\t<\/div>\n\t\t\t\t<\/div>\n\t\t\t\t<div class=\"elementor-element elementor-element-64e73cc elementor-widget-divider--view-line elementor-widget elementor-widget-divider\" data-id=\"64e73cc\" data-element_type=\"widget\" data-widget_type=\"divider.default\">\n\t\t\t\t<div class=\"elementor-widget-container\">\n\t\t\t\t\t<div class=\"elementor-divider\">\n\t\t\t<span class=\"elementor-divider-separator\">\n\t\t\t\t\t\t<\/span>\n\t\t<\/div>\n\t\t\t\t<\/div>\n\t\t\t\t<\/div>\n\t\t\t\t\t<\/div>\n\t\t<\/div>\n\t\t\t\t\t\t\t<\/div>\n\t\t<\/section>\n\t\t\t\t<section class=\"elementor-section elementor-top-section elementor-element elementor-element-064a6be elementor-section-boxed elementor-section-height-default elementor-section-height-default\" data-id=\"064a6be\" data-element_type=\"section\" data-settings=\"{&quot;background_background&quot;:&quot;classic&quot;}\">\n\t\t\t\t\t\t<div class=\"elementor-container elementor-column-gap-default\">\n\t\t\t\t\t<div class=\"elementor-column elementor-col-100 elementor-top-column elementor-element elementor-element-7806118\" data-id=\"7806118\" data-element_type=\"column\">\n\t\t\t<div class=\"elementor-widget-wrap elementor-element-populated\">\n\t\t\t\t\t\t\t\t<div class=\"elementor-element elementor-element-ed8cffb eael-tooltip-align-left elementor-widget elementor-widget-eael-tooltip\" data-id=\"ed8cffb\" data-element_type=\"widget\" data-widget_type=\"eael-tooltip.default\">\n\t\t\t\t<div class=\"elementor-widget-container\">\n\t\t\t\t<div class=\"eael-tooltip\">\n\t\t\t\t\t<span class=\"eael-tooltip-content\"><a href=\"\/fll\/\/?page_id=1951\">\t\t\t\t\t\t\t\t\t\t\t\t<i class=\"fas fa-reply\"><\/i>\n\t\t\t\t\t\t\t\t\t\t<\/a><\/span>\n  \t\t\t<span class=\"eael-tooltip-text eael-tooltip-right\"><p>retour<\/p><\/span>\n  \t\t\t<\/div>\n\t\t\t<\/div>\n\t\t\t\t<\/div>\n\t\t\t\t<div class=\"elementor-element elementor-element-5cc9f71f elementor-widget-divider--view-line elementor-widget elementor-widget-divider\" data-id=\"5cc9f71f\" data-element_type=\"widget\" data-widget_type=\"divider.default\">\n\t\t\t\t<div class=\"elementor-widget-container\">\n\t\t\t\t\t<div class=\"elementor-divider\">\n\t\t\t<span class=\"elementor-divider-separator\">\n\t\t\t\t\t\t<\/span>\n\t\t<\/div>\n\t\t\t\t<\/div>\n\t\t\t\t<\/div>\n\t\t\t\t<div class=\"elementor-element elementor-element-41fdaa7 elementor-widget elementor-widget-heading\" data-id=\"41fdaa7\" data-element_type=\"widget\" data-widget_type=\"heading.default\">\n\t\t\t\t<div class=\"elementor-widget-container\">\n\t\t\t<h4 class=\"elementor-heading-title elementor-size-default\">\u00a0Bienvenue \u00e0 la biblioth\u00e8que de la facult\u00e9 \n<\/h4>\t\t<\/div>\n\t\t\t\t<\/div>\n\t\t\t\t<div class=\"elementor-element elementor-element-8161839 elementor-widget elementor-widget-text-editor\" data-id=\"8161839\" data-element_type=\"widget\" data-widget_type=\"text-editor.default\">\n\t\t\t\t<div class=\"elementor-widget-container\">\n\t\t\t\t\t\t\t<p><strong>Fiche technique de la biblioth\u00e8que des lettres et des langues<\/strong><\/p><p>La biblioth\u00e8que des lettres et des langues a ouvert ses portes en 2013 ,apr\u00e8s s\u2019\u00eatre s\u00e9par\u00e9e de la biblioth\u00e8que des sciences humaines et sociales.\u00a0<\/p><p>Sise au pole de Sidi Said. Son fond documentaire a \u00e9t\u00e9 transf\u00e9r\u00e9 en juillet 2016 vers le nouveau b\u00e2timent de la facult\u00e9.<\/p><p>\u00a0La biblioth\u00e8que contient 11648 titres et 40369 copies de documents dans toutes les disciplines en plus de 500 titres de m\u00e9moire de master et 750 m\u00e9moires de licence.<\/p><p>\u00a0En raison de l\u2019abondance de l\u2019information et des r\u00e9f\u00e9rences bibliographiques, la biblioth\u00e8que \u0153uvre \u00e0 la num\u00e9risation de son fond en mettant en place un syst\u00e8me automatique:BMP<\/p><p>Et ce afin de rendre disponible une page destin\u00e9e \u00e0 la biblioth\u00e8que sur le site de l\u2019universit\u00e9 en vue de tires profit des technologies de l\u2019information.<\/p><p>\u00a0<\/p>\t\t\t\t\t\t<\/div>\n\t\t\t\t<\/div>\n\t\t\t\t<div class=\"elementor-element elementor-element-b77e0f7 elementor-widget-divider--view-line_text elementor-widget-divider--element-align-center elementor-widget elementor-widget-divider\" data-id=\"b77e0f7\" data-element_type=\"widget\" data-widget_type=\"divider.default\">\n\t\t\t\t<div class=\"elementor-widget-container\">\n\t\t\t\t\t<div class=\"elementor-divider\">\n\t\t\t<span class=\"elementor-divider-separator\">\n\t\t\t\t\t\t\t<span class=\"elementor-divider__text elementor-divider__element\">\n\t\t\t\tResponsable de la Biblioth\u00e8que\t\t\t\t<\/span>\n\t\t\t\t\t\t<\/span>\n\t\t<\/div>\n\t\t\t\t<\/div>\n\t\t\t\t<\/div>\n\t\t\t\t<div class=\"elementor-element elementor-element-4ec1589 elementor-widget elementor-widget-text-editor\" data-id=\"4ec1589\" data-element_type=\"widget\" data-widget_type=\"text-editor.default\">\n\t\t\t\t<div class=\"elementor-widget-container\">\n\t\t\t\t\t\t\t<p>M.SOLTANI Benaoumer<\/p><p>Email\u00a0: biblio.fll<a class=\"spip_mail\" title=\"biblio.fll@univ-mascara.dz\" href=\"https:\/\/dnserver.univ-mascara.dz\/fll\/index.php\/fr\/presentation-du-bib#\"><span class=\"cryptOK\">@<\/span>univ-mascara.dz<\/a><\/p>\t\t\t\t\t\t<\/div>\n\t\t\t\t<\/div>\n\t\t\t\t\t<\/div>\n\t\t<\/div>\n\t\t\t\t\t\t\t<\/div>\n\t\t<\/section>\n\t\t\t\t\t\t\t<\/div>\n\t\t","protected":false},"excerpt":{"rendered":"<p>Pr\u00e9sentation de la Biblioth\u00e8que retour \u00a0Bienvenue \u00e0 la biblioth\u00e8que de la facult\u00e9 Fiche technique de la biblioth\u00e8que des lettres et des langues La biblioth\u00e8que des lettres et des langues a ouvert ses portes en 2013 ,apr\u00e8s s\u2019\u00eatre s\u00e9par\u00e9e de la biblioth\u00e8que des sciences humaines et sociales.\u00a0 Sise au pole de Sidi Said. Son fond documentaire &hellip;<\/p>\n<p class=\"read-more\"> <a class=\"\" href=\"https:\/\/www.univ-mascara.dz\/fll\/?page_id=2152\"> <span class=\"screen-reader-text\">Pr\u00e9sentation-Biblioth\u00e8que<\/span> Lire la suite\u00a0\u00bb<\/a><\/p>\n","protected":false},"author":3,"featured_media":0,"parent":0,"menu_order":0,"comment_status":"closed","ping_status":"closed","template":"","meta":[],"_links":{"self":[{"href":"https:\/\/www.univ-mascara.dz\/fll\/index.php?rest_route=\/wp\/v2\/pages\/2152"}],"collection":[{"href":"https:\/\/www.univ-mascara.dz\/fll\/index.php?rest_route=\/wp\/v2\/pages"}],"about":[{"href":"https:\/\/www.univ-mascara.dz\/fll\/index.php?rest_route=\/wp\/v2\/types\/page"}],"author":[{"embeddable":true,"href":"https:\/\/www.univ-mascara.dz\/fll\/index.php?rest_route=\/wp\/v2\/users\/3"}],"replies":[{"embeddable":true,"href":"https:\/\/www.univ-mascara.dz\/fll\/index.php?rest_route=%2Fwp%2Fv2%2Fcomments&post=2152"}],"version-history":[{"count":3,"href":"https:\/\/www.univ-mascara.dz\/fll\/index.php?rest_route=\/wp\/v2\/pages\/2152\/revisions"}],"predecessor-version":[{"id":19863,"href":"https:\/\/www.univ-mascara.dz\/fll\/index.php?rest_route=\/wp\/v2\/pages\/2152\/revisions\/19863"}],"wp:attachment":[{"href":"https:\/\/www.univ-mascara.dz\/fll\/index.php?rest_route=%2Fwp%2Fv2%2Fmedia&parent=2152"}],"curies":[{"name":"wp","href":"https:\/\/api.w.org\/{rel}","templated":true}]}}