{"id":2366,"date":"2021-07-14T15:12:53","date_gmt":"2021-07-14T14:12:53","guid":{"rendered":"http:\/\/193.194.87.76\/fsnv\/?page_id=2366"},"modified":"2024-09-17T11:36:56","modified_gmt":"2024-09-17T10:36:56","slug":"presentation-faculte","status":"publish","type":"page","link":"https:\/\/www.univ-mascara.dz\/fll\/?page_id=2366","title":{"rendered":"Pr\u00e9sentation-Facult\u00e9"},"content":{"rendered":"\t\t<div data-elementor-type=\"wp-page\" data-elementor-id=\"2366\" class=\"elementor elementor-2366\">\n\t\t\t\t\t\t\t\t\t<section class=\"elementor-section elementor-top-section elementor-element elementor-element-86474e6 elementor-section-height-min-height elementor-section-boxed elementor-section-height-default elementor-section-items-middle\" data-id=\"86474e6\" data-element_type=\"section\" data-settings=\"{&quot;background_background&quot;:&quot;classic&quot;}\">\n\t\t\t\t\t\t\t<div class=\"elementor-background-overlay\"><\/div>\n\t\t\t\t\t\t\t<div class=\"elementor-container elementor-column-gap-default\">\n\t\t\t\t\t<div class=\"elementor-column elementor-col-100 elementor-top-column elementor-element elementor-element-2ff6a31\" data-id=\"2ff6a31\" data-element_type=\"column\">\n\t\t\t<div class=\"elementor-widget-wrap elementor-element-populated\">\n\t\t\t\t\t\t\t\t<div class=\"elementor-element elementor-element-47af97d elementor-widget elementor-widget-heading\" data-id=\"47af97d\" data-element_type=\"widget\" data-widget_type=\"heading.default\">\n\t\t\t\t<div class=\"elementor-widget-container\">\n\t\t\t<p class=\"elementor-heading-title elementor-size-medium\"><br>Pr\u00e9sentation de la  Facult\u00e9<\/p>\t\t<\/div>\n\t\t\t\t<\/div>\n\t\t\t\t<div class=\"elementor-element elementor-element-1cf1b1b elementor-widget-divider--view-line elementor-widget elementor-widget-divider\" data-id=\"1cf1b1b\" data-element_type=\"widget\" data-widget_type=\"divider.default\">\n\t\t\t\t<div class=\"elementor-widget-container\">\n\t\t\t\t\t<div class=\"elementor-divider\">\n\t\t\t<span class=\"elementor-divider-separator\">\n\t\t\t\t\t\t<\/span>\n\t\t<\/div>\n\t\t\t\t<\/div>\n\t\t\t\t<\/div>\n\t\t\t\t<div class=\"elementor-element elementor-element-3dfda8c elementor-widget elementor-widget-heading\" data-id=\"3dfda8c\" data-element_type=\"widget\" data-widget_type=\"heading.default\">\n\t\t\t\t<div class=\"elementor-widget-container\">\n\t\t\t<span class=\"elementor-heading-title elementor-size-default\">FLL<\/span>\t\t<\/div>\n\t\t\t\t<\/div>\n\t\t\t\t\t<\/div>\n\t\t<\/div>\n\t\t\t\t\t\t\t<\/div>\n\t\t<\/section>\n\t\t\t\t<section class=\"elementor-section elementor-top-section elementor-element elementor-element-162a4f8 elementor-section-boxed elementor-section-height-default elementor-section-height-default\" data-id=\"162a4f8\" data-element_type=\"section\" data-settings=\"{&quot;background_background&quot;:&quot;classic&quot;}\">\n\t\t\t\t\t\t\t<div class=\"elementor-background-overlay\"><\/div>\n\t\t\t\t\t\t\t<div class=\"elementor-container elementor-column-gap-default\">\n\t\t\t\t\t<div class=\"elementor-column elementor-col-50 elementor-top-column elementor-element elementor-element-a0f156c\" data-id=\"a0f156c\" data-element_type=\"column\" data-settings=\"{&quot;background_background&quot;:&quot;classic&quot;}\">\n\t\t\t<div class=\"elementor-widget-wrap elementor-element-populated\">\n\t\t\t\t\t\t\t\t<div class=\"elementor-element elementor-element-bfabf1d elementor-widget-divider--view-line_text elementor-widget-divider--element-align-center elementor-widget elementor-widget-divider\" data-id=\"bfabf1d\" data-element_type=\"widget\" data-widget_type=\"divider.default\">\n\t\t\t\t<div class=\"elementor-widget-container\">\n\t\t\t\t\t<div class=\"elementor-divider\">\n\t\t\t<span class=\"elementor-divider-separator\">\n\t\t\t\t\t\t\t<span class=\"elementor-divider__text elementor-divider__element\">\n\t\t\t\tPr\u00e9sentation\t\t\t\t<\/span>\n\t\t\t\t\t\t<\/span>\n\t\t<\/div>\n\t\t\t\t<\/div>\n\t\t\t\t<\/div>\n\t\t\t\t<div class=\"elementor-element elementor-element-f73a59d elementor-widget elementor-widget-text-editor\" data-id=\"f73a59d\" data-element_type=\"widget\" data-widget_type=\"text-editor.default\">\n\t\t\t\t<div class=\"elementor-widget-container\">\n\t\t\t\t\t\t\t<p style=\"text-align: justify;\">La facult\u00e9 des lettres et des langues a \u00e9t\u00e9 cr\u00e9\u00e9e le 08 octobre 2012\u00a0(D\u00e9cret ex\u00e9cutif n\u00b012-364).Elle est issue de la restructuration de la facult\u00e9 des lettres et des langues et des sciences sociales et humaines cr\u00e9\u00e9e le 4 janvier 2009(D\u00e9cret ex\u00e9cutif n\u00b012-09)<\/p><p style=\"text-align: justify;\">\u00a0Elle est structur\u00e9e en 03 d\u00e9partements p\u00e9dagogiques:\u00a0<\/p><ul style=\"text-align: justify;\"><li>D\u00e9partement de\u00a0\u00a0langue et litt\u00e9rature arabe.<\/li><li>D\u00e9partement de\u00a0langue et litt\u00e9rature fran\u00e7aise.<\/li><li>D\u00e9partement de\u00a0\u00a0langue et litt\u00e9rature anglaise.<\/li><\/ul><p style=\"text-align: justify;\"><strong>\u00a0La facult\u00e9 des Lettres et des Langues a plusieurs objectifs :<\/strong><\/p><ul><li style=\"text-align: justify;\">Pr\u00e9parer des sp\u00e9cialistes dans les domaines de connaissances litt\u00e9raire et linguistique.<\/li><li style=\"text-align: justify;\">Garantir la formation en graduation et post graduation dans toutes les sp\u00e9cialit\u00e9s litt\u00e9raires et linguistiques.<\/li><li style=\"text-align: justify;\">Garantir les activit\u00e9s de formation continue, de perfectionnement du niveau et de renouvellement des connaissances.<\/li><li style=\"text-align: justify;\">Encourager les \u00e9tudiants \u00e0 avoir l&rsquo;esprit d&rsquo;analyse critique et \u00e0 s&rsquo;impr\u00e9gner des valeurs de la bonne citoyennet\u00e9.<\/li><li style=\"text-align: justify;\">Am\u00e9liorer l&rsquo;action \u00e9ducative et d\u00e9velopper les programmes p\u00e9dagogiques afin d&rsquo;accompagner le progr\u00e8s scientifique.<\/li><li style=\"text-align: justify;\">Se d\u00e9marquer dans la recherche scientifique, la soutenir et l&rsquo;orienter au profit de la population.<\/li><li style=\"text-align: justify;\">Pr\u00e9parer des programmes d&rsquo;\u00e9change et de collaboration scientifique, tant sur l&rsquo;\u00e9chelle nationale qu&rsquo;internationale.<\/li><li style=\"text-align: justify;\">Pr\u00e9parer des programmes de collaboration de l&rsquo;universit\u00e9 avec diff\u00e9rents secteurs socioculturels et \u00e9conomiques.<\/li><li style=\"text-align: justify;\">Participer \u00e0 la valorisation de la recherche scientifique et son d\u00e9veloppement vis-vis des orientations des politiques de recherche et de la documentation scientifique universitaire.<\/li><li style=\"text-align: justify;\">Dynamiser l&rsquo;\u00e9change culturel et scientifique avec d&rsquo;autres facult\u00e9s alg\u00e9riennes et internationales par le biais de conventions de partenariat.\u00a0<\/li><\/ul><p style=\"text-align: justify;\">\u00a0<\/p>\t\t\t\t\t\t<\/div>\n\t\t\t\t<\/div>\n\t\t\t\t\t<\/div>\n\t\t<\/div>\n\t\t\t\t<div class=\"elementor-column elementor-col-50 elementor-top-column elementor-element elementor-element-845b326\" data-id=\"845b326\" data-element_type=\"column\" data-settings=\"{&quot;background_background&quot;:&quot;gradient&quot;}\">\n\t\t\t<div class=\"elementor-widget-wrap elementor-element-populated\">\n\t\t\t\t\t\t\t\t<div class=\"elementor-element elementor-element-fb87877 elementor-widget-divider--view-line_text elementor-widget-divider--element-align-center elementor-widget elementor-widget-divider\" data-id=\"fb87877\" data-element_type=\"widget\" data-widget_type=\"divider.default\">\n\t\t\t\t<div class=\"elementor-widget-container\">\n\t\t\t\t\t<div class=\"elementor-divider\">\n\t\t\t<span class=\"elementor-divider-separator\">\n\t\t\t\t\t\t\t<span class=\"elementor-divider__text elementor-divider__element\">\n\t\t\t\tD\u00e9partements\t\t\t\t<\/span>\n\t\t\t\t\t\t<\/span>\n\t\t<\/div>\n\t\t\t\t<\/div>\n\t\t\t\t<\/div>\n\t\t\t\t<div class=\"elementor-element elementor-element-42cc6a7 elementor-widget elementor-widget-premium-addon-banner\" data-id=\"42cc6a7\" data-element_type=\"widget\" data-widget_type=\"premium-addon-banner.default\">\n\t\t\t\t<div class=\"elementor-widget-container\">\n\t\t\t\t\t<div class=\"premium-banner-ib premium-banner-min-height premium-banner-animation6 blur\">\r\n\t\t\t\t\t\t\t\t\t\t\t\t\t\t\t<img decoding=\"async\" width=\"300\" height=\"168\" src=\"https:\/\/www.univ-mascara.dz\/fll\/wp-content\/uploads\/2022\/05\/images.jpg\" class=\"attachment-full size-full\" alt=\"\" loading=\"lazy\" \/>\t\t\t\t\t\t\t\t\t\t<div class=\"premium-banner-ib-desc\">\r\n\t\t\t\t\t\t\t\t\t<div class=\"premium-banner-ib-title premium_banner_title\">D\u00e9partement <\/div>\t\t\t\t\t\t<div class=\"premium-banner-ib-content premium_banner_content\">\r\n\t\t\t\t\t\t\t<div><span style=\"color: #ffffff;\"> Langue et litt\u00e9rature arabe<\/span><\/div>\t\t\t\t\t\t<\/div>\r\n\t\t\t\t\t\t\t\t\t\t\t\t\t\t\t\t\t<\/div>\r\n\t\t\t\t\t<\/div>\r\n\t\t\t\t\t\t<\/div>\n\t\t\t\t<\/div>\n\t\t\t\t<div class=\"elementor-element elementor-element-b795e81 elementor-widget elementor-widget-premium-addon-banner\" data-id=\"b795e81\" data-element_type=\"widget\" data-widget_type=\"premium-addon-banner.default\">\n\t\t\t\t<div class=\"elementor-widget-container\">\n\t\t\t\t\t<div class=\"premium-banner-ib premium-banner-min-height premium-banner-animation6 blur\">\r\n\t\t\t\t\t\t\t\t\t\t\t\t\t\t\t<img decoding=\"async\" width=\"306\" height=\"164\" src=\"https:\/\/www.univ-mascara.dz\/fll\/wp-content\/uploads\/2022\/05\/telechargement.png\" class=\"attachment-full size-full\" alt=\"\" loading=\"lazy\" \/>\t\t\t\t\t\t\t\t\t\t<div class=\"premium-banner-ib-desc\">\r\n\t\t\t\t\t\t\t\t\t<div class=\"premium-banner-ib-title premium_banner_title\">D\u00e9partement <\/div>\t\t\t\t\t\t<div class=\"premium-banner-ib-content premium_banner_content\">\r\n\t\t\t\t\t\t\t<p>Langue et litt\u00e9rature fran\u00e7aise.<\/p>\t\t\t\t\t\t<\/div>\r\n\t\t\t\t\t\t\t\t\t\t\t\t\t\t\t\t\t<\/div>\r\n\t\t\t\t\t<\/div>\r\n\t\t\t\t\t\t<\/div>\n\t\t\t\t<\/div>\n\t\t\t\t<div class=\"elementor-element elementor-element-dbd5c6b elementor-widget elementor-widget-premium-addon-banner\" data-id=\"dbd5c6b\" data-element_type=\"widget\" data-widget_type=\"premium-addon-banner.default\">\n\t\t\t\t<div class=\"elementor-widget-container\">\n\t\t\t\t\t<div class=\"premium-banner-ib premium-banner-min-height premium-banner-animation6 blur\">\r\n\t\t\t\t\t\t\t\t\t\t\t\t\t\t\t<img decoding=\"async\" width=\"612\" height=\"433\" src=\"https:\/\/www.univ-mascara.dz\/fll\/wp-content\/uploads\/2022\/05\/istockphoto-1313088031-612x612-1.jpg\" class=\"attachment-full size-full\" alt=\"\" loading=\"lazy\" \/>\t\t\t\t\t\t\t\t\t\t<div class=\"premium-banner-ib-desc\">\r\n\t\t\t\t\t\t\t\t\t<div class=\"premium-banner-ib-title premium_banner_title\">D\u00e9partement <\/div>\t\t\t\t\t\t<div class=\"premium-banner-ib-content premium_banner_content\">\r\n\t\t\t\t\t\t\t<p>Langue et litt\u00e9rature anglaise<\/p>\t\t\t\t\t\t<\/div>\r\n\t\t\t\t\t\t\t\t\t\t\t\t\t\t\t\t\t<\/div>\r\n\t\t\t\t\t<\/div>\r\n\t\t\t\t\t\t<\/div>\n\t\t\t\t<\/div>\n\t\t\t\t\t<\/div>\n\t\t<\/div>\n\t\t\t\t\t\t\t<\/div>\n\t\t<\/section>\n\t\t\t\t<section class=\"elementor-section elementor-top-section elementor-element elementor-element-77a7645 elementor-section-boxed elementor-section-height-default elementor-section-height-default\" data-id=\"77a7645\" data-element_type=\"section\" data-settings=\"{&quot;background_background&quot;:&quot;classic&quot;}\">\n\t\t\t\t\t\t<div class=\"elementor-container elementor-column-gap-default\">\n\t\t\t\t\t<div class=\"elementor-column elementor-col-100 elementor-top-column elementor-element elementor-element-18a8767\" data-id=\"18a8767\" data-element_type=\"column\">\n\t\t\t<div class=\"elementor-widget-wrap elementor-element-populated\">\n\t\t\t\t\t\t\t\t<div class=\"elementor-element elementor-element-8862c39 elementor-widget elementor-widget-text-editor\" data-id=\"8862c39\" data-element_type=\"widget\" data-widget_type=\"text-editor.default\">\n\t\t\t\t<div class=\"elementor-widget-container\">\n\t\t\t\t\t\t\t<p style=\"text-align: justify;\"><strong>\u00a0Son action dans la recherche<\/strong><\/p><p style=\"text-align: justify;\">Mesurant l&rsquo;importance des \u00e9tudes sup\u00e9rieures, la facult\u00e9 vient de mettre \u00e0 disposition des \u00e9tudiants un large \u00e9ventail de projets de magister au sein de ses trois d\u00e9partements pr\u00e9cit\u00e9s. Et en vue de r\u00e9aliser les objectifs scientifiques soulign\u00e9s par le comit\u00e9 scientifique de la facult\u00e9 et de r\u00e9pondre aux attentes des \u00e9tudiants et des chercheurs, des projets de doctorat ont vu le jour dans diff\u00e9rentes sp\u00e9cialit\u00e9s<\/p><ul><li style=\"text-align: justify;\">\u00a0Projet de \u00ab\u00a0Didactique de la langue arabe\u00a0\u00bb<\/li><li style=\"text-align: justify;\">\u00a0Projet de \u00ab\u00a0M\u00e9thodologie \u00a0de la critique litt\u00e9raire contemporaine\u00a0\u00bb<\/li><li style=\"text-align: justify;\">\u00a0Projet de \u00ab\u00a0Linguistique appliqu\u00e9e\u00a0\u00bb<\/li><li style=\"text-align: justify;\">Projet de \u00ab\u00a0S\u00e9miotique des langues et analyse des discours\u00a0\u00bb<\/li><li style=\"text-align: justify;\">Projet de \u00ab\u00a0Didactique du FLE\/FOS\u00a0\u00bb<\/li><\/ul><p style=\"text-align: justify;\">\u00a0Ainsi, la facult\u00e9 aura r\u00e9ussi \u00e0 finaliser un syst\u00e8me de formation dans les trois cycles universitaires en proposant des sp\u00e9cialit\u00e9s en langue, litt\u00e9rature et critique.<\/p><p style=\"text-align: justify;\">La facult\u00e9 ambitionne maintenant d&rsquo;ouvrir des projets de doctorat en anglais \u00e9galement.<\/p><p style=\"text-align: justify;\"><strong>\u00a0Ses perspectives<\/strong><\/p><p style=\"text-align: justify;\">La facult\u00e9 de Lettres et Litt\u00e9rature de l&rsquo;universit\u00e9\u00a0Mustapha Stambouli\u00a0vise \u00e0 se hisser au premier rang des universit\u00e9s arabes dans le domaine des \u00e9tudes litt\u00e9raires, critiques et linguistiques, tant en langue arabe qu&rsquo;en langues \u00e9trang\u00e8res, et ce afin de participer au d\u00e9veloppement global de notre pays pour qu&rsquo;il puisse concurrencer les pays modernes dans les domaines linguistiques, litt\u00e9raires, didactiques et culturels, \u00e0 travers des recherches scientifiques de qualit\u00e9.<\/p>\t\t\t\t\t\t<\/div>\n\t\t\t\t<\/div>\n\t\t\t\t\t<\/div>\n\t\t<\/div>\n\t\t\t\t\t\t\t<\/div>\n\t\t<\/section>\n\t\t\t\t<section class=\"elementor-section elementor-top-section elementor-element elementor-element-280f581 elementor-section-boxed elementor-section-height-default elementor-section-height-default\" data-id=\"280f581\" data-element_type=\"section\" data-settings=\"{&quot;background_background&quot;:&quot;classic&quot;}\">\n\t\t\t\t\t\t<div class=\"elementor-container elementor-column-gap-default\">\n\t\t\t\t\t<div class=\"elementor-column elementor-col-100 elementor-top-column elementor-element elementor-element-b2e43f5\" data-id=\"b2e43f5\" data-element_type=\"column\">\n\t\t\t<div class=\"elementor-widget-wrap elementor-element-populated\">\n\t\t\t\t\t\t\t\t<div class=\"elementor-element elementor-element-bfa22cb elementor-widget-divider--view-line_text elementor-widget-divider--element-align-center elementor-widget elementor-widget-divider\" data-id=\"bfa22cb\" data-element_type=\"widget\" data-widget_type=\"divider.default\">\n\t\t\t\t<div class=\"elementor-widget-container\">\n\t\t\t\t\t<div class=\"elementor-divider\">\n\t\t\t<span class=\"elementor-divider-separator\">\n\t\t\t\t\t\t\t<span class=\"elementor-divider__text elementor-divider__element\">\n\t\t\t\tCONTACT\t\t\t\t<\/span>\n\t\t\t\t\t\t<\/span>\n\t\t<\/div>\n\t\t\t\t<\/div>\n\t\t\t\t<\/div>\n\t\t\t\t\t<\/div>\n\t\t<\/div>\n\t\t\t\t\t\t\t<\/div>\n\t\t<\/section>\n\t\t\t\t<section class=\"elementor-section elementor-top-section elementor-element elementor-element-49f9980 elementor-section-height-min-height elementor-section-items-bottom elementor-section-content-top elementor-section-boxed elementor-section-height-default\" data-id=\"49f9980\" data-element_type=\"section\" data-settings=\"{&quot;background_background&quot;:&quot;classic&quot;,&quot;animation&quot;:&quot;none&quot;}\">\n\t\t\t\t\t\t<div class=\"elementor-container elementor-column-gap-default\">\n\t\t\t\t\t<div class=\"elementor-column elementor-col-100 elementor-top-column elementor-element elementor-element-808453e\" data-id=\"808453e\" data-element_type=\"column\">\n\t\t\t<div class=\"elementor-widget-wrap elementor-element-populated\">\n\t\t\t\t\t\t\t\t<div class=\"elementor-element elementor-element-2befb3c elementor-widget elementor-widget-heading\" data-id=\"2befb3c\" data-element_type=\"widget\" data-widget_type=\"heading.default\">\n\t\t\t\t<div class=\"elementor-widget-container\">\n\t\t\t<h2 class=\"elementor-heading-title elementor-size-default\">Facult\u00e9  des lettres et des  langues \n<\/h2>\t\t<\/div>\n\t\t\t\t<\/div>\n\t\t\t\t<div class=\"elementor-element elementor-element-b922cef elementor-widget elementor-widget-heading\" data-id=\"b922cef\" data-element_type=\"widget\" data-widget_type=\"heading.default\">\n\t\t\t\t<div class=\"elementor-widget-container\">\n\t\t\t<h2 class=\"elementor-heading-title elementor-size-default\">T\u00e9l\/fax 045 70 73 23\n<\/h2>\t\t<\/div>\n\t\t\t\t<\/div>\n\t\t\t\t<div class=\"elementor-element elementor-element-3938b8d elementor-widget elementor-widget-text-editor\" data-id=\"3938b8d\" data-element_type=\"widget\" data-widget_type=\"text-editor.default\">\n\t\t\t\t<div class=\"elementor-widget-container\">\n\t\t\t\t\t\t\t<p style=\"text-align: center;\">fll@univ-mascara.dz<\/p>\t\t\t\t\t\t<\/div>\n\t\t\t\t<\/div>\n\t\t\t\t\t<\/div>\n\t\t<\/div>\n\t\t\t\t\t\t\t<\/div>\n\t\t<\/section>\n\t\t\t\t\t\t\t<\/div>\n\t\t","protected":false},"excerpt":{"rendered":"<p>Pr\u00e9sentation de la Facult\u00e9 FLL Pr\u00e9sentation La facult\u00e9 des lettres et des langues a \u00e9t\u00e9 cr\u00e9\u00e9e le 08 octobre 2012\u00a0(D\u00e9cret ex\u00e9cutif n\u00b012-364).Elle est issue de la restructuration de la facult\u00e9 des lettres et des langues et des sciences sociales et humaines cr\u00e9\u00e9e le 4 janvier 2009(D\u00e9cret ex\u00e9cutif n\u00b012-09) \u00a0Elle est structur\u00e9e en 03 d\u00e9partements p\u00e9dagogiques:\u00a0 &hellip;<\/p>\n<p class=\"read-more\"> <a class=\"\" href=\"https:\/\/www.univ-mascara.dz\/fll\/?page_id=2366\"> <span class=\"screen-reader-text\">Pr\u00e9sentation-Facult\u00e9<\/span> Lire la suite\u00a0\u00bb<\/a><\/p>\n","protected":false},"author":3,"featured_media":0,"parent":0,"menu_order":0,"comment_status":"closed","ping_status":"closed","template":"","meta":[],"_links":{"self":[{"href":"https:\/\/www.univ-mascara.dz\/fll\/index.php?rest_route=\/wp\/v2\/pages\/2366"}],"collection":[{"href":"https:\/\/www.univ-mascara.dz\/fll\/index.php?rest_route=\/wp\/v2\/pages"}],"about":[{"href":"https:\/\/www.univ-mascara.dz\/fll\/index.php?rest_route=\/wp\/v2\/types\/page"}],"author":[{"embeddable":true,"href":"https:\/\/www.univ-mascara.dz\/fll\/index.php?rest_route=\/wp\/v2\/users\/3"}],"replies":[{"embeddable":true,"href":"https:\/\/www.univ-mascara.dz\/fll\/index.php?rest_route=%2Fwp%2Fv2%2Fcomments&post=2366"}],"version-history":[{"count":12,"href":"https:\/\/www.univ-mascara.dz\/fll\/index.php?rest_route=\/wp\/v2\/pages\/2366\/revisions"}],"predecessor-version":[{"id":19728,"href":"https:\/\/www.univ-mascara.dz\/fll\/index.php?rest_route=\/wp\/v2\/pages\/2366\/revisions\/19728"}],"wp:attachment":[{"href":"https:\/\/www.univ-mascara.dz\/fll\/index.php?rest_route=%2Fwp%2Fv2%2Fmedia&parent=2366"}],"curies":[{"name":"wp","href":"https:\/\/api.w.org\/{rel}","templated":true}]}}