{"id":2384,"date":"2021-07-14T15:29:25","date_gmt":"2021-07-14T14:29:25","guid":{"rendered":"http:\/\/193.194.87.76\/fsnv\/?page_id=2384"},"modified":"2026-04-08T13:39:29","modified_gmt":"2026-04-08T12:39:29","slug":"faculte-en-chiffre","status":"publish","type":"page","link":"https:\/\/www.univ-mascara.dz\/fll\/?page_id=2384","title":{"rendered":"Facult\u00e9 en chiffre"},"content":{"rendered":"\t\t<div data-elementor-type=\"wp-page\" data-elementor-id=\"2384\" class=\"elementor elementor-2384\">\n\t\t\t\t\t\t\t\t\t<section class=\"elementor-section elementor-top-section elementor-element elementor-element-da6c61f elementor-section-height-min-height elementor-section-boxed elementor-section-height-default elementor-section-items-middle\" data-id=\"da6c61f\" data-element_type=\"section\" data-settings=\"{&quot;background_background&quot;:&quot;classic&quot;}\">\n\t\t\t\t\t\t\t<div class=\"elementor-background-overlay\"><\/div>\n\t\t\t\t\t\t\t<div class=\"elementor-container elementor-column-gap-default\">\n\t\t\t\t\t<div class=\"elementor-column elementor-col-100 elementor-top-column elementor-element elementor-element-979d973\" data-id=\"979d973\" data-element_type=\"column\">\n\t\t\t<div class=\"elementor-widget-wrap elementor-element-populated\">\n\t\t\t\t\t\t\t\t<div class=\"elementor-element elementor-element-831ae61 elementor-widget elementor-widget-heading\" data-id=\"831ae61\" data-element_type=\"widget\" data-widget_type=\"heading.default\">\n\t\t\t\t<div class=\"elementor-widget-container\">\n\t\t\t<p class=\"elementor-heading-title elementor-size-medium\"><br>Facult\u00e9 en chiffres <\/p>\t\t<\/div>\n\t\t\t\t<\/div>\n\t\t\t\t<div class=\"elementor-element elementor-element-a470d07 elementor-widget-divider--view-line elementor-widget elementor-widget-divider\" data-id=\"a470d07\" data-element_type=\"widget\" data-widget_type=\"divider.default\">\n\t\t\t\t<div class=\"elementor-widget-container\">\n\t\t\t\t\t<div class=\"elementor-divider\">\n\t\t\t<span class=\"elementor-divider-separator\">\n\t\t\t\t\t\t<\/span>\n\t\t<\/div>\n\t\t\t\t<\/div>\n\t\t\t\t<\/div>\n\t\t\t\t<div class=\"elementor-element elementor-element-32ff0c2 elementor-widget elementor-widget-heading\" data-id=\"32ff0c2\" data-element_type=\"widget\" data-widget_type=\"heading.default\">\n\t\t\t\t<div class=\"elementor-widget-container\">\n\t\t\t<span class=\"elementor-heading-title elementor-size-default\">FLL<\/span>\t\t<\/div>\n\t\t\t\t<\/div>\n\t\t\t\t\t<\/div>\n\t\t<\/div>\n\t\t\t\t\t\t\t<\/div>\n\t\t<\/section>\n\t\t\t\t<section class=\"elementor-section elementor-top-section elementor-element elementor-element-9dbc70e elementor-section-boxed elementor-section-height-default elementor-section-height-default\" data-id=\"9dbc70e\" data-element_type=\"section\" data-settings=\"{&quot;background_background&quot;:&quot;classic&quot;}\">\n\t\t\t\t\t\t<div class=\"elementor-container elementor-column-gap-default\">\n\t\t\t\t\t<div class=\"elementor-column elementor-col-100 elementor-top-column elementor-element elementor-element-52fcfe9\" data-id=\"52fcfe9\" data-element_type=\"column\">\n\t\t\t<div class=\"elementor-widget-wrap elementor-element-populated\">\n\t\t\t\t\t\t\t\t<div class=\"elementor-element elementor-element-8c76996 elementor-widget-divider--view-line_text elementor-widget-divider--element-align-center elementor-widget elementor-widget-divider\" data-id=\"8c76996\" data-element_type=\"widget\" data-widget_type=\"divider.default\">\n\t\t\t\t<div class=\"elementor-widget-container\">\n\t\t\t\t\t<div class=\"elementor-divider\">\n\t\t\t<span class=\"elementor-divider-separator\">\n\t\t\t\t\t\t\t<span class=\"elementor-divider__text elementor-divider__element\">\n\t\t\t\tFacult\u00e9 en chiffres \t\t\t\t<\/span>\n\t\t\t\t\t\t<\/span>\n\t\t<\/div>\n\t\t\t\t<\/div>\n\t\t\t\t<\/div>\n\t\t\t\t\t<\/div>\n\t\t<\/div>\n\t\t\t\t\t\t\t<\/div>\n\t\t<\/section>\n\t\t\t\t<section class=\"elementor-section elementor-top-section elementor-element elementor-element-0b5d18f elementor-section-boxed elementor-section-height-default elementor-section-height-default\" data-id=\"0b5d18f\" data-element_type=\"section\" data-settings=\"{&quot;background_background&quot;:&quot;classic&quot;}\">\n\t\t\t\t\t\t<div class=\"elementor-container elementor-column-gap-default\">\n\t\t\t\t\t<div class=\"elementor-column elementor-col-100 elementor-top-column elementor-element elementor-element-caccd43\" data-id=\"caccd43\" data-element_type=\"column\">\n\t\t\t<div class=\"elementor-widget-wrap elementor-element-populated\">\n\t\t\t\t\t\t\t\t<div class=\"elementor-element elementor-element-a0dbce9 elementor-widget elementor-widget-toggle\" data-id=\"a0dbce9\" data-element_type=\"widget\" data-widget_type=\"toggle.default\">\n\t\t\t\t<div class=\"elementor-widget-container\">\n\t\t\t\t\t<div class=\"elementor-toggle\" role=\"tablist\">\n\t\t\t\t\t\t\t<div class=\"elementor-toggle-item\">\n\t\t\t\t\t<div id=\"elementor-tab-title-1681\" class=\"elementor-tab-title\" data-tab=\"1\" role=\"tab\" aria-controls=\"elementor-tab-content-1681\" aria-expanded=\"false\">\n\t\t\t\t\t\t\t\t\t\t\t\t<span class=\"elementor-toggle-icon elementor-toggle-icon-left\" aria-hidden=\"true\">\n\t\t\t\t\t\t\t\t\t\t\t\t\t\t\t<span class=\"elementor-toggle-icon-closed\"><i class=\"fas fa-caret-right\"><\/i><\/span>\n\t\t\t\t\t\t\t\t<span class=\"elementor-toggle-icon-opened\"><i class=\"elementor-toggle-icon-opened fas fa-caret-up\"><\/i><\/span>\n\t\t\t\t\t\t\t\t\t\t\t\t\t<\/span>\n\t\t\t\t\t\t\t\t\t\t\t\t<a href=\"\" class=\"elementor-toggle-title\">Le nombre total des \u00e9tudiants inscrits au titre de l\u2019ann\u00e9e universitaire 2025\/2026<\/a>\n\t\t\t\t\t<\/div>\n\n\t\t\t\t\t<div id=\"elementor-tab-content-1681\" class=\"elementor-tab-content elementor-clearfix\" data-tab=\"1\" role=\"tabpanel\" aria-labelledby=\"elementor-tab-title-1681\"><p>Le nombre total des \u00e9tudiants inscrits au titre de l\u2019ann\u00e9e universitaire 2025\/2026 est\u00a0 <span style=\"color: #ff6600;\"><strong>2976 \u00e9tudiant\u00a0<\/strong><\/span><\/p><p><strong>Licence\u00a0<\/strong><\/p><ul><li>Arts=\u00a0 66<\/li><li>Langue et litt\u00e9rature arabe =896<\/li><li>Langue ( fran\u00e7ais , anglais ) =1081<\/li><\/ul><p><strong>Master\u00a0<\/strong><\/p><ul><li>Arts= 01<\/li><li>Langue et litt\u00e9rature arabe =446<\/li><li>Langue ( fran\u00e7ais , anglais ) =486<\/li><\/ul><p>\u00a0<\/p><\/div>\n\t\t\t\t<\/div>\n\t\t\t\t\t\t\t<div class=\"elementor-toggle-item\">\n\t\t\t\t\t<div id=\"elementor-tab-title-1682\" class=\"elementor-tab-title\" data-tab=\"2\" role=\"tab\" aria-controls=\"elementor-tab-content-1682\" aria-expanded=\"false\">\n\t\t\t\t\t\t\t\t\t\t\t\t<span class=\"elementor-toggle-icon elementor-toggle-icon-left\" aria-hidden=\"true\">\n\t\t\t\t\t\t\t\t\t\t\t\t\t\t\t<span class=\"elementor-toggle-icon-closed\"><i class=\"fas fa-caret-right\"><\/i><\/span>\n\t\t\t\t\t\t\t\t<span class=\"elementor-toggle-icon-opened\"><i class=\"elementor-toggle-icon-opened fas fa-caret-up\"><\/i><\/span>\n\t\t\t\t\t\t\t\t\t\t\t\t\t<\/span>\n\t\t\t\t\t\t\t\t\t\t\t\t<a href=\"\" class=\"elementor-toggle-title\">Le nombre total des \u00e9tudiants dipl\u00f4m\u00e9s au titre de l\u2019ann\u00e9e universitaire 2024\/2025<\/a>\n\t\t\t\t\t<\/div>\n\n\t\t\t\t\t<div id=\"elementor-tab-content-1682\" class=\"elementor-tab-content elementor-clearfix\" data-tab=\"2\" role=\"tabpanel\" aria-labelledby=\"elementor-tab-title-1682\"><p><span style=\"color: #ff6600;\"><b>Licence\u00a0 Total = 649<\/b><b> \u00a0<\/b><\/span><\/p><p><strong style=\"font-size: 16px;\"><b>Domaine Langue et Litt\u00e9rature Arabes<\/b><\/strong><\/p><ul><li><span style=\"font-size: 16px;\">Litt\u00e9rature arabe =144<\/span><\/li><li>Critique et m\u00e9thodes =55<\/li><li>Linguistique appliqu\u00e9e =146<\/li><\/ul><p><strong style=\"font-size: 16px;\"><b>Domaine lettres et langues \u00e9trangers\u00a0<\/b><\/strong><\/p><ul><li><span style=\"font-style: inherit; font-weight: inherit;\">Langue Fran\u00e7aise=49<\/span><\/li><li><span style=\"font-style: inherit; font-weight: inherit;\">Langue anglaise=232<\/span><\/li><\/ul><p><strong style=\"font-style: inherit;\"><b>Domaine art<\/b><\/strong><\/p><ul><li><span style=\"font-style: inherit; font-weight: inherit;\">Arts Dramatiques=09<\/span><\/li><li><span style=\"font-style: inherit; font-weight: inherit;\">Arts plastiques=14<\/span><\/li><\/ul><p><strong><span style=\"color: #ff6600;\">Master total\u00a0 362<\/span><\/strong><\/p><p><strong style=\"font-size: 16px;\"><b>Domaine Langue et Litt\u00e9rature Arabes<\/b><\/strong><\/p><ul><li>Critique moderne et contemporaine\u00a0Critique<\/li><li>Litt\u00e9rature arabe moderne et contemporaine<\/li><li style=\"font-size: 16px;\">Linguistique appliqu\u00e9e<\/li><\/ul><p><strong style=\"font-size: 16px;\"><b>Domaine lettres et langues \u00e9trangers\u00a0<\/b><\/strong><\/p><div class=\"elementor-container elementor-column-gap-default\"><div class=\"elementor-column elementor-col-100 elementor-top-column elementor-element elementor-element-a0e6d07\" data-id=\"a0e6d07\" data-element_type=\"column\" data-settings=\"{\"><div class=\"elementor-widget-wrap elementor-element-populated\"><section class=\"elementor-section elementor-inner-section elementor-element elementor-element-64122a9 elementor-section-height-min-height elementor-section-boxed elementor-section-height-default\" data-id=\"64122a9\" data-element_type=\"section\" data-settings=\"{\"><div class=\"elementor-container elementor-column-gap-default\"><div class=\"elementor-column elementor-col-100 elementor-inner-column elementor-element elementor-element-8f4b9ea\" data-id=\"8f4b9ea\" data-element_type=\"column\" data-settings=\"{\"><div class=\"elementor-widget-wrap elementor-element-populated\"><div class=\"elementor-element elementor-element-dfec084 elementor-align-left elementor-icon-list--layout-traditional elementor-list-item-link-full_width elementor-widget elementor-widget-icon-list\" data-id=\"dfec084\" data-element_type=\"widget\" data-widget_type=\"icon-list.default\"><div class=\"elementor-widget-container\"><p data-section-id=\"382pi3\" data-start=\"47\" data-end=\"84\"><span role=\"text\"> <strong data-start=\"54\" data-end=\"84\">Fili\u00e8re : Langue fran\u00e7aise<\/strong><\/span><\/p><ul><li>Langue et culture=12<\/li><li>Sciences du langage=16<\/li><li>Didactique des langues \u00e9trang\u00e8res (fran\u00e7ais)=17<\/li><\/ul><p data-section-id=\"oukttv\" data-start=\"198\" data-end=\"234\"><span role=\"text\"> <strong data-start=\"205\" data-end=\"234\">Fili\u00e8re : Langue anglaise<\/strong><\/span><\/p><ul data-start=\"235\" data-end=\"436\"><li data-section-id=\"16y5b6n\" data-start=\"235\" data-end=\"286\">Didactique des langues \u00e9trang\u00e8res (anglais)=31<\/li><li data-section-id=\"zeufji\" data-start=\"287\" data-end=\"322\">Litt\u00e9rature et civilisation=19<\/li><li data-section-id=\"5527ir\" data-start=\"323\" data-end=\"395\">Didactique des langues \u00e9trang\u00e8res (anglais langue de sp\u00e9cialit\u00e9)=37<\/li><\/ul><p><strong style=\"font-size: 16px;\"><b>Domaine art<\/b><\/strong><\/p><p>Dramaturgie du Spectacle th\u00e9\u00e2tral =06<\/p><\/div><\/div><\/div><\/div><\/div><\/section><\/div><\/div><\/div><p data-start=\"23\" data-end=\"185\"><span style=\"color: #ff6600;\"><strong data-start=\"23\" data-end=\"185\">Le nombre des \u00e9tudiants dipl\u00f4m\u00e9s inscrits dans l\u2019arr\u00eat\u00e9 minist\u00e9riel n\u00b01275 modifi\u00e9 et compl\u00e9t\u00e9 par l\u2019arr\u00eat\u00e9 n\u00b0008 au titre de l\u2019ann\u00e9e universitaire 2024\/2025.=12<\/strong><\/span><\/p><p><strong>Master\u00a0<\/strong><\/p><ul><li>Linguistique appliqu\u00e9e =02<\/li><li><p>Dramaturgie du Spectacle th\u00e9\u00e2tral =01<\/p><\/li><\/ul><p data-section-id=\"382pi3\" data-start=\"47\" data-end=\"84\"><span role=\"text\"><strong data-start=\"54\" data-end=\"84\">Langue fran\u00e7aise<\/strong><\/span><\/p><ul><li style=\"list-style-type: none;\"><ul><li>Langue et culture=02<\/li><li>Sciences du langage=02<\/li><li>Didactique des langues \u00e9trang\u00e8res (fran\u00e7ais)=06<\/li><\/ul><\/li><\/ul><\/div>\n\t\t\t\t<\/div>\n\t\t\t\t\t\t\t<div class=\"elementor-toggle-item\">\n\t\t\t\t\t<div id=\"elementor-tab-title-1683\" class=\"elementor-tab-title\" data-tab=\"3\" role=\"tab\" aria-controls=\"elementor-tab-content-1683\" aria-expanded=\"false\">\n\t\t\t\t\t\t\t\t\t\t\t\t<span class=\"elementor-toggle-icon elementor-toggle-icon-left\" aria-hidden=\"true\">\n\t\t\t\t\t\t\t\t\t\t\t\t\t\t\t<span class=\"elementor-toggle-icon-closed\"><i class=\"fas fa-caret-right\"><\/i><\/span>\n\t\t\t\t\t\t\t\t<span class=\"elementor-toggle-icon-opened\"><i class=\"elementor-toggle-icon-opened fas fa-caret-up\"><\/i><\/span>\n\t\t\t\t\t\t\t\t\t\t\t\t\t<\/span>\n\t\t\t\t\t\t\t\t\t\t\t\t<a href=\"\" class=\"elementor-toggle-title\">Effectif du corps enseignant de la Facult\u00e9 des Lettres et des Langues<\/a>\n\t\t\t\t\t<\/div>\n\n\t\t\t\t\t<div id=\"elementor-tab-content-1683\" class=\"elementor-tab-content elementor-clearfix\" data-tab=\"3\" role=\"tabpanel\" aria-labelledby=\"elementor-tab-title-1683\"><ul><li><span style=\"color: #ff6600;\"><strong>140<\/strong> <strong>enseignants<\/strong><\/span><\/li><\/ul><p>\u00a0<\/p><\/div>\n\t\t\t\t<\/div>\n\t\t\t\t\t\t\t<div class=\"elementor-toggle-item\">\n\t\t\t\t\t<div id=\"elementor-tab-title-1684\" class=\"elementor-tab-title\" data-tab=\"4\" role=\"tab\" aria-controls=\"elementor-tab-content-1684\" aria-expanded=\"false\">\n\t\t\t\t\t\t\t\t\t\t\t\t<span class=\"elementor-toggle-icon elementor-toggle-icon-left\" aria-hidden=\"true\">\n\t\t\t\t\t\t\t\t\t\t\t\t\t\t\t<span class=\"elementor-toggle-icon-closed\"><i class=\"fas fa-caret-right\"><\/i><\/span>\n\t\t\t\t\t\t\t\t<span class=\"elementor-toggle-icon-opened\"><i class=\"elementor-toggle-icon-opened fas fa-caret-up\"><\/i><\/span>\n\t\t\t\t\t\t\t\t\t\t\t\t\t<\/span>\n\t\t\t\t\t\t\t\t\t\t\t\t<a href=\"\" class=\"elementor-toggle-title\">Effectif du personnel administratif de la Facult\u00e9 des Lettres et des Langues.<\/a>\n\t\t\t\t\t<\/div>\n\n\t\t\t\t\t<div id=\"elementor-tab-content-1684\" class=\"elementor-tab-content elementor-clearfix\" data-tab=\"4\" role=\"tabpanel\" aria-labelledby=\"elementor-tab-title-1684\"><div class=\"flex flex-col text-sm pb-25\"><article class=\"text-token-text-primary w-full focus:outline-none [--shadow-height:45px] has-data-writing-block:pointer-events-none has-data-writing-block:-mt-(--shadow-height) has-data-writing-block:pt-(--shadow-height) [&amp;:has([data-writing-block])&gt;*]:pointer-events-auto scroll-mt-[calc(var(--header-height)+min(200px,max(70px,20svh)))]\" dir=\"auto\" tabindex=\"-1\" data-turn-id=\"request-WEB:4c082037-ed15-4a55-9fa1-2da6383bad4e-5\" data-testid=\"conversation-turn-12\" data-scroll-anchor=\"true\" data-turn=\"assistant\"><div class=\"text-base my-auto mx-auto pb-10 [--thread-content-margin:var(--thread-content-margin-xs,calc(var(--spacing)*4))] @w-sm\/main:[--thread-content-margin:var(--thread-content-margin-sm,calc(var(--spacing)*6))] @w-lg\/main:[--thread-content-margin:var(--thread-content-margin-lg,calc(var(--spacing)*16))] px-(--thread-content-margin)\"><div class=\"[--thread-content-max-width:40rem] @w-lg\/main:[--thread-content-max-width:48rem] mx-auto max-w-(--thread-content-max-width) flex-1 group\/turn-messages focus-visible:outline-hidden relative flex w-full min-w-0 flex-col agent-turn\" tabindex=\"-1\"><div class=\"flex max-w-full flex-col gap-4 grow\"><div class=\"min-h-8 text-message relative flex w-full flex-col items-end gap-2 text-start break-words whitespace-normal [.text-message+&amp;]:mt-1\" dir=\"auto\" data-message-author-role=\"assistant\" data-message-id=\"e2baf4f7-e144-4ea3-9bf2-21df597d7704\" data-message-model-slug=\"gpt-5-mini\"><div class=\"flex w-full flex-col gap-1 empty:hidden\"><div class=\"markdown prose dark:prose-invert w-full wrap-break-word light markdown-new-styling\"><p data-start=\"140\" data-end=\"221\" data-is-last-node=\"\" data-is-only-node=\"\"><span style=\"color: #ff6600;\"><strong data-start=\"140\" data-end=\"221\" data-is-last-node=\"\">Effectif du personnel administratif de la Facult\u00e9 des Lettres et des Langues est 50<br \/><\/strong><\/span><\/p><\/div><\/div><\/div><\/div><\/div><\/div><\/article><\/div><\/div>\n\t\t\t\t<\/div>\n\t\t\t\t\t\t\t<div class=\"elementor-toggle-item\">\n\t\t\t\t\t<div id=\"elementor-tab-title-1685\" class=\"elementor-tab-title\" data-tab=\"5\" role=\"tab\" aria-controls=\"elementor-tab-content-1685\" aria-expanded=\"false\">\n\t\t\t\t\t\t\t\t\t\t\t\t<span class=\"elementor-toggle-icon elementor-toggle-icon-left\" aria-hidden=\"true\">\n\t\t\t\t\t\t\t\t\t\t\t\t\t\t\t<span class=\"elementor-toggle-icon-closed\"><i class=\"fas fa-caret-right\"><\/i><\/span>\n\t\t\t\t\t\t\t\t<span class=\"elementor-toggle-icon-opened\"><i class=\"elementor-toggle-icon-opened fas fa-caret-up\"><\/i><\/span>\n\t\t\t\t\t\t\t\t\t\t\t\t\t<\/span>\n\t\t\t\t\t\t\t\t\t\t\t\t<a href=\"\" class=\"elementor-toggle-title\">Laboratoires de recherche<\/a>\n\t\t\t\t\t<\/div>\n\n\t\t\t\t\t<div id=\"elementor-tab-content-1685\" class=\"elementor-tab-content elementor-clearfix\" data-tab=\"5\" role=\"tabpanel\" aria-labelledby=\"elementor-tab-title-1685\"><p>Laboratoire de recherche =<span style=\"color: #ff0000;\">03<\/span><\/p><\/div>\n\t\t\t\t<\/div>\n\t\t\t\t\t\t\t\t<\/div>\n\t\t\t\t<\/div>\n\t\t\t\t<\/div>\n\t\t\t\t\t<\/div>\n\t\t<\/div>\n\t\t\t\t\t\t\t<\/div>\n\t\t<\/section>\n\t\t\t\t<section class=\"elementor-section elementor-top-section elementor-element elementor-element-bf792b0 elementor-section-boxed elementor-section-height-default elementor-section-height-default\" data-id=\"bf792b0\" data-element_type=\"section\" data-settings=\"{&quot;background_background&quot;:&quot;classic&quot;}\">\n\t\t\t\t\t\t<div class=\"elementor-container elementor-column-gap-default\">\n\t\t\t\t\t<div class=\"elementor-column elementor-col-100 elementor-top-column elementor-element elementor-element-02257a3\" data-id=\"02257a3\" data-element_type=\"column\">\n\t\t\t<div class=\"elementor-widget-wrap elementor-element-populated\">\n\t\t\t\t\t\t\t\t<div class=\"elementor-element elementor-element-44c0ebf elementor-widget-divider--view-line_text elementor-widget-divider--element-align-center elementor-widget elementor-widget-divider\" data-id=\"44c0ebf\" data-element_type=\"widget\" data-widget_type=\"divider.default\">\n\t\t\t\t<div class=\"elementor-widget-container\">\n\t\t\t\t\t<div class=\"elementor-divider\">\n\t\t\t<span class=\"elementor-divider-separator\">\n\t\t\t\t\t\t\t<span class=\"elementor-divider__text elementor-divider__element\">\n\t\t\t\tCONTACT\t\t\t\t<\/span>\n\t\t\t\t\t\t<\/span>\n\t\t<\/div>\n\t\t\t\t<\/div>\n\t\t\t\t<\/div>\n\t\t\t\t\t<\/div>\n\t\t<\/div>\n\t\t\t\t\t\t\t<\/div>\n\t\t<\/section>\n\t\t\t\t<section class=\"elementor-section elementor-top-section elementor-element elementor-element-5b6deb4 elementor-section-height-min-height elementor-section-items-bottom elementor-section-content-top elementor-section-boxed elementor-section-height-default\" data-id=\"5b6deb4\" data-element_type=\"section\" data-settings=\"{&quot;background_background&quot;:&quot;classic&quot;,&quot;animation&quot;:&quot;none&quot;}\">\n\t\t\t\t\t\t<div class=\"elementor-container elementor-column-gap-default\">\n\t\t\t\t\t<div class=\"elementor-column elementor-col-100 elementor-top-column elementor-element elementor-element-e2c7ce7\" data-id=\"e2c7ce7\" data-element_type=\"column\">\n\t\t\t<div class=\"elementor-widget-wrap elementor-element-populated\">\n\t\t\t\t\t\t\t\t<div class=\"elementor-element elementor-element-b8dbfa0 elementor-widget elementor-widget-heading\" data-id=\"b8dbfa0\" data-element_type=\"widget\" data-widget_type=\"heading.default\">\n\t\t\t\t<div class=\"elementor-widget-container\">\n\t\t\t<h2 class=\"elementor-heading-title elementor-size-default\">Facult\u00e9  des lettres et des  langues \n<\/h2>\t\t<\/div>\n\t\t\t\t<\/div>\n\t\t\t\t<div class=\"elementor-element elementor-element-cb217d6 elementor-widget elementor-widget-heading\" data-id=\"cb217d6\" data-element_type=\"widget\" data-widget_type=\"heading.default\">\n\t\t\t\t<div class=\"elementor-widget-container\">\n\t\t\t<h2 class=\"elementor-heading-title elementor-size-default\">T\u00e9l\/fax 045 70 73 23\n<\/h2>\t\t<\/div>\n\t\t\t\t<\/div>\n\t\t\t\t<div class=\"elementor-element elementor-element-3db4c50 elementor-widget elementor-widget-text-editor\" data-id=\"3db4c50\" data-element_type=\"widget\" data-widget_type=\"text-editor.default\">\n\t\t\t\t<div class=\"elementor-widget-container\">\n\t\t\t\t\t\t\t<p style=\"text-align: center;\">fll@univ-mascara.dz<\/p>\t\t\t\t\t\t<\/div>\n\t\t\t\t<\/div>\n\t\t\t\t\t<\/div>\n\t\t<\/div>\n\t\t\t\t\t\t\t<\/div>\n\t\t<\/section>\n\t\t\t\t<section class=\"elementor-section elementor-top-section elementor-element elementor-element-242f40a elementor-section-boxed elementor-section-height-default elementor-section-height-default\" data-id=\"242f40a\" data-element_type=\"section\">\n\t\t\t\t\t\t<div class=\"elementor-container elementor-column-gap-default\">\n\t\t\t\t\t<div class=\"elementor-column elementor-col-100 elementor-top-column elementor-element elementor-element-075184e\" data-id=\"075184e\" data-element_type=\"column\">\n\t\t\t<div class=\"elementor-widget-wrap\">\n\t\t\t\t\t\t\t\t\t<\/div>\n\t\t<\/div>\n\t\t\t\t\t\t\t<\/div>\n\t\t<\/section>\n\t\t\t\t\t\t\t<\/div>\n\t\t","protected":false},"excerpt":{"rendered":"<p>Facult\u00e9 en chiffres FLL Facult\u00e9 en chiffres Le nombre total des \u00e9tudiants inscrits au titre de l\u2019ann\u00e9e universitaire 2025\/2026 Le nombre total des \u00e9tudiants inscrits au titre de l\u2019ann\u00e9e universitaire 2025\/2026 est\u00a0 2976 \u00e9tudiant\u00a0 Licence\u00a0 Arts=\u00a0 66 Langue et litt\u00e9rature arabe =896 Langue ( fran\u00e7ais , anglais ) =1081 Master\u00a0 Arts= 01 Langue et litt\u00e9rature &hellip;<\/p>\n<p class=\"read-more\"> <a class=\"\" href=\"https:\/\/www.univ-mascara.dz\/fll\/?page_id=2384\"> <span class=\"screen-reader-text\">Facult\u00e9 en chiffre<\/span> Lire la suite\u00a0\u00bb<\/a><\/p>\n","protected":false},"author":3,"featured_media":0,"parent":0,"menu_order":0,"comment_status":"closed","ping_status":"closed","template":"","meta":[],"_links":{"self":[{"href":"https:\/\/www.univ-mascara.dz\/fll\/index.php?rest_route=\/wp\/v2\/pages\/2384"}],"collection":[{"href":"https:\/\/www.univ-mascara.dz\/fll\/index.php?rest_route=\/wp\/v2\/pages"}],"about":[{"href":"https:\/\/www.univ-mascara.dz\/fll\/index.php?rest_route=\/wp\/v2\/types\/page"}],"author":[{"embeddable":true,"href":"https:\/\/www.univ-mascara.dz\/fll\/index.php?rest_route=\/wp\/v2\/users\/3"}],"replies":[{"embeddable":true,"href":"https:\/\/www.univ-mascara.dz\/fll\/index.php?rest_route=%2Fwp%2Fv2%2Fcomments&post=2384"}],"version-history":[{"count":135,"href":"https:\/\/www.univ-mascara.dz\/fll\/index.php?rest_route=\/wp\/v2\/pages\/2384\/revisions"}],"predecessor-version":[{"id":20844,"href":"https:\/\/www.univ-mascara.dz\/fll\/index.php?rest_route=\/wp\/v2\/pages\/2384\/revisions\/20844"}],"wp:attachment":[{"href":"https:\/\/www.univ-mascara.dz\/fll\/index.php?rest_route=%2Fwp%2Fv2%2Fmedia&parent=2384"}],"curies":[{"name":"wp","href":"https:\/\/api.w.org\/{rel}","templated":true}]}}