{"id":2544,"date":"2021-09-20T08:57:45","date_gmt":"2021-09-20T07:57:45","guid":{"rendered":"http:\/\/193.194.87.76\/fsnv\/?page_id=2544"},"modified":"2024-09-17T11:44:54","modified_gmt":"2024-09-17T10:44:54","slug":"presentation-conseil-scientifique","status":"publish","type":"page","link":"https:\/\/www.univ-mascara.dz\/fll\/?page_id=2544","title":{"rendered":"Pr\u00e9sentation-conseil-scientifique"},"content":{"rendered":"\t\t<div data-elementor-type=\"wp-page\" data-elementor-id=\"2544\" class=\"elementor elementor-2544\">\n\t\t\t\t\t\t\t\t\t<section class=\"elementor-section elementor-top-section elementor-element elementor-element-3f7c163 elementor-section-height-min-height elementor-section-boxed elementor-section-height-default elementor-section-items-middle\" data-id=\"3f7c163\" data-element_type=\"section\" data-settings=\"{&quot;background_background&quot;:&quot;classic&quot;}\">\n\t\t\t\t\t\t\t<div class=\"elementor-background-overlay\"><\/div>\n\t\t\t\t\t\t\t<div class=\"elementor-container elementor-column-gap-default\">\n\t\t\t\t\t<div class=\"elementor-column elementor-col-100 elementor-top-column elementor-element elementor-element-3a95758\" data-id=\"3a95758\" data-element_type=\"column\">\n\t\t\t<div class=\"elementor-widget-wrap elementor-element-populated\">\n\t\t\t\t\t\t\t\t<div class=\"elementor-element elementor-element-fbc216a elementor-widget elementor-widget-heading\" data-id=\"fbc216a\" data-element_type=\"widget\" data-widget_type=\"heading.default\">\n\t\t\t\t<div class=\"elementor-widget-container\">\n\t\t\t<p class=\"elementor-heading-title elementor-size-medium\"><br>Pr\u00e9sentation Conseil Scientifique\u200b<\/p>\t\t<\/div>\n\t\t\t\t<\/div>\n\t\t\t\t<div class=\"elementor-element elementor-element-70c64c3 elementor-widget-divider--view-line elementor-widget elementor-widget-divider\" data-id=\"70c64c3\" data-element_type=\"widget\" data-widget_type=\"divider.default\">\n\t\t\t\t<div class=\"elementor-widget-container\">\n\t\t\t\t\t<div class=\"elementor-divider\">\n\t\t\t<span class=\"elementor-divider-separator\">\n\t\t\t\t\t\t<\/span>\n\t\t<\/div>\n\t\t\t\t<\/div>\n\t\t\t\t<\/div>\n\t\t\t\t<div class=\"elementor-element elementor-element-1d8d4d2 elementor-widget elementor-widget-heading\" data-id=\"1d8d4d2\" data-element_type=\"widget\" data-widget_type=\"heading.default\">\n\t\t\t\t<div class=\"elementor-widget-container\">\n\t\t\t<span class=\"elementor-heading-title elementor-size-default\">FLL<\/span>\t\t<\/div>\n\t\t\t\t<\/div>\n\t\t\t\t\t<\/div>\n\t\t<\/div>\n\t\t\t\t\t\t\t<\/div>\n\t\t<\/section>\n\t\t\t\t<section class=\"elementor-section elementor-top-section elementor-element elementor-element-064a6be elementor-section-boxed elementor-section-height-default elementor-section-height-default\" data-id=\"064a6be\" data-element_type=\"section\" data-settings=\"{&quot;background_background&quot;:&quot;classic&quot;}\">\n\t\t\t\t\t\t<div class=\"elementor-container elementor-column-gap-default\">\n\t\t\t\t\t<div class=\"elementor-column elementor-col-100 elementor-top-column elementor-element elementor-element-7806118\" data-id=\"7806118\" data-element_type=\"column\">\n\t\t\t<div class=\"elementor-widget-wrap elementor-element-populated\">\n\t\t\t\t\t\t\t\t<div class=\"elementor-element elementor-element-d4fb1f6 eael-tooltip-align-left elementor-widget elementor-widget-eael-tooltip\" data-id=\"d4fb1f6\" data-element_type=\"widget\" data-widget_type=\"eael-tooltip.default\">\n\t\t\t\t<div class=\"elementor-widget-container\">\n\t\t\t\t<div class=\"eael-tooltip\">\n\t\t\t\t\t<span class=\"eael-tooltip-content\"><a href=\"\/fll\/?page_id=2532\">\t\t\t\t\t\t\t\t\t\t\t\t<i class=\"fas fa-reply\"><\/i>\n\t\t\t\t\t\t\t\t\t\t<\/a><\/span>\n  \t\t\t<span class=\"eael-tooltip-text eael-tooltip-right\"><p>Retour<\/p><\/span>\n  \t\t\t<\/div>\n\t\t\t<\/div>\n\t\t\t\t<\/div>\n\t\t\t\t<div class=\"elementor-element elementor-element-5cc9f71f elementor-widget-divider--view-line elementor-widget elementor-widget-divider\" data-id=\"5cc9f71f\" data-element_type=\"widget\" data-widget_type=\"divider.default\">\n\t\t\t\t<div class=\"elementor-widget-container\">\n\t\t\t\t\t<div class=\"elementor-divider\">\n\t\t\t<span class=\"elementor-divider-separator\">\n\t\t\t\t\t\t<\/span>\n\t\t<\/div>\n\t\t\t\t<\/div>\n\t\t\t\t<\/div>\n\t\t\t\t<div class=\"elementor-element elementor-element-72dd409 elementor-widget elementor-widget-text-editor\" data-id=\"72dd409\" data-element_type=\"widget\" data-widget_type=\"text-editor.default\">\n\t\t\t\t<div class=\"elementor-widget-container\">\n\t\t\t\t\t\t\t<p><span class=\"anchor\"><strong>Pr\u00e9sentation\u00a0<br \/><\/strong><\/span><\/p><p>Le conseil scientifique de la facult\u00e9 comprend, outre le doyen de la facult\u00e9, les membres suivants<\/p><ul><li>Les vice-doyens,<\/li><li>Les chefs de d\u00e9partements\u00a0,<\/li><li>Les pr\u00e9sidents des comit\u00e9s scientifiques de d\u00e9partements, le ou les directeurs d\u2019unit\u00e9s de recherche et\/ou de laboratoires de recherche, s&rsquo;il y a lieu,\u00a0<\/li><li>Deux repr\u00e9sentants \u00e9lus des enseignants par d\u00e9partement,<\/li><li>Le responsable de la biblioth\u00e8que de facult\u00e9.<\/li><\/ul><p>Les repr\u00e9sentants des enseignants sont \u00e9lus, par leurs pairs, pour une dur\u00e9e de trois ans, renouvelable selon les m\u00eames formes, parmi les enseignants permanents de grade le plus \u00e9lev\u00e9, en position d\u2019activit\u00e9 au sein de la facult\u00e9.<\/p><p>Les membres du conseil \u00e9lisent en leur sein, parmi les repr\u00e9sentants des enseignants justifiant du grade le plus \u00e9lev\u00e9, un pr\u00e9sident pour un mandat d\u2019une dur\u00e9e de trois ans, renouvelable, selon les m\u00eames formes, une fois.<\/p><p>La liste nominative des membres du conseil scientifique est fix\u00e9e par arr\u00eat\u00e9 du ministre charg\u00e9 de l\u2019enseignement sup\u00e9rieur.<\/p><p>Le conseil scientifique de facult\u00e9 se r\u00e9unit en session ordinaire une fois tous les trois mois sur convocation de son pr\u00e9sident.<\/p><p>Il peut se r\u00e9unir en session extraordinaire \u00e0 la demande soit de son pr\u00e9sident, soit des deux tiers de ses membres, soit du doyen de la facult\u00e9.<\/p><p style=\"text-align: justify;\">\u00a0<\/p>\t\t\t\t\t\t<\/div>\n\t\t\t\t<\/div>\n\t\t\t\t\t<\/div>\n\t\t<\/div>\n\t\t\t\t\t\t\t<\/div>\n\t\t<\/section>\n\t\t\t\t<section class=\"elementor-section elementor-top-section elementor-element elementor-element-c3861cd elementor-section-height-min-height elementor-section-items-bottom elementor-section-content-top elementor-section-boxed elementor-section-height-default\" data-id=\"c3861cd\" data-element_type=\"section\" data-settings=\"{&quot;background_background&quot;:&quot;classic&quot;,&quot;animation&quot;:&quot;none&quot;}\">\n\t\t\t\t\t\t<div class=\"elementor-container elementor-column-gap-default\">\n\t\t\t\t\t<div class=\"elementor-column elementor-col-100 elementor-top-column elementor-element elementor-element-f5eeea4\" data-id=\"f5eeea4\" data-element_type=\"column\">\n\t\t\t<div class=\"elementor-widget-wrap elementor-element-populated\">\n\t\t\t\t\t\t\t\t<div class=\"elementor-element elementor-element-7cc74e9 elementor-widget elementor-widget-heading\" data-id=\"7cc74e9\" data-element_type=\"widget\" data-widget_type=\"heading.default\">\n\t\t\t\t<div class=\"elementor-widget-container\">\n\t\t\t<h2 class=\"elementor-heading-title elementor-size-default\">Facult\u00e9  des lettres et des  langues \n<\/h2>\t\t<\/div>\n\t\t\t\t<\/div>\n\t\t\t\t<div class=\"elementor-element elementor-element-96c61a3 elementor-widget elementor-widget-heading\" data-id=\"96c61a3\" data-element_type=\"widget\" data-widget_type=\"heading.default\">\n\t\t\t\t<div class=\"elementor-widget-container\">\n\t\t\t<h2 class=\"elementor-heading-title elementor-size-default\">T\u00e9l\/fax 045 70 73 23\n<\/h2>\t\t<\/div>\n\t\t\t\t<\/div>\n\t\t\t\t<div class=\"elementor-element elementor-element-9fda7cc elementor-widget elementor-widget-text-editor\" data-id=\"9fda7cc\" data-element_type=\"widget\" data-widget_type=\"text-editor.default\">\n\t\t\t\t<div class=\"elementor-widget-container\">\n\t\t\t\t\t\t\t<p style=\"text-align: center;\">fll@univ-mascara.dz<\/p>\t\t\t\t\t\t<\/div>\n\t\t\t\t<\/div>\n\t\t\t\t\t<\/div>\n\t\t<\/div>\n\t\t\t\t\t\t\t<\/div>\n\t\t<\/section>\n\t\t\t\t\t\t\t<\/div>\n\t\t","protected":false},"excerpt":{"rendered":"<p>Pr\u00e9sentation Conseil Scientifique\u200b FLL Retour Pr\u00e9sentation\u00a0 Le conseil scientifique de la facult\u00e9 comprend, outre le doyen de la facult\u00e9, les membres suivants Les vice-doyens, Les chefs de d\u00e9partements\u00a0, Les pr\u00e9sidents des comit\u00e9s scientifiques de d\u00e9partements, le ou les directeurs d\u2019unit\u00e9s de recherche et\/ou de laboratoires de recherche, s&rsquo;il y a lieu,\u00a0 Deux repr\u00e9sentants \u00e9lus des &hellip;<\/p>\n<p class=\"read-more\"> <a class=\"\" href=\"https:\/\/www.univ-mascara.dz\/fll\/?page_id=2544\"> <span class=\"screen-reader-text\">Pr\u00e9sentation-conseil-scientifique<\/span> Lire la suite\u00a0\u00bb<\/a><\/p>\n","protected":false},"author":3,"featured_media":0,"parent":0,"menu_order":0,"comment_status":"closed","ping_status":"closed","template":"","meta":[],"_links":{"self":[{"href":"https:\/\/www.univ-mascara.dz\/fll\/index.php?rest_route=\/wp\/v2\/pages\/2544"}],"collection":[{"href":"https:\/\/www.univ-mascara.dz\/fll\/index.php?rest_route=\/wp\/v2\/pages"}],"about":[{"href":"https:\/\/www.univ-mascara.dz\/fll\/index.php?rest_route=\/wp\/v2\/types\/page"}],"author":[{"embeddable":true,"href":"https:\/\/www.univ-mascara.dz\/fll\/index.php?rest_route=\/wp\/v2\/users\/3"}],"replies":[{"embeddable":true,"href":"https:\/\/www.univ-mascara.dz\/fll\/index.php?rest_route=%2Fwp%2Fv2%2Fcomments&post=2544"}],"version-history":[{"count":12,"href":"https:\/\/www.univ-mascara.dz\/fll\/index.php?rest_route=\/wp\/v2\/pages\/2544\/revisions"}],"predecessor-version":[{"id":19803,"href":"https:\/\/www.univ-mascara.dz\/fll\/index.php?rest_route=\/wp\/v2\/pages\/2544\/revisions\/19803"}],"wp:attachment":[{"href":"https:\/\/www.univ-mascara.dz\/fll\/index.php?rest_route=%2Fwp%2Fv2%2Fmedia&parent=2544"}],"curies":[{"name":"wp","href":"https:\/\/api.w.org\/{rel}","templated":true}]}}