{"id":2799,"date":"2021-09-22T09:51:22","date_gmt":"2021-09-22T08:51:22","guid":{"rendered":"http:\/\/193.194.87.76\/fsnv\/?page_id=2799"},"modified":"2026-01-21T14:38:44","modified_gmt":"2026-01-21T13:38:44","slug":"inscription-reinscription","status":"publish","type":"page","link":"https:\/\/www.univ-mascara.dz\/fll\/?page_id=2799","title":{"rendered":"Inscription\/R\u00e9inscription"},"content":{"rendered":"\t\t<div data-elementor-type=\"wp-page\" data-elementor-id=\"2799\" class=\"elementor elementor-2799\">\n\t\t\t\t\t\t\t\t\t<section class=\"elementor-section elementor-top-section elementor-element elementor-element-d9f422e elementor-section-height-min-height elementor-section-boxed elementor-section-height-default elementor-section-items-middle\" data-id=\"d9f422e\" data-element_type=\"section\" data-settings=\"{&quot;background_background&quot;:&quot;classic&quot;}\">\n\t\t\t\t\t\t\t<div class=\"elementor-background-overlay\"><\/div>\n\t\t\t\t\t\t\t<div class=\"elementor-container elementor-column-gap-default\">\n\t\t\t\t\t<div class=\"elementor-column elementor-col-100 elementor-top-column elementor-element elementor-element-0b314b0\" data-id=\"0b314b0\" data-element_type=\"column\">\n\t\t\t<div class=\"elementor-widget-wrap elementor-element-populated\">\n\t\t\t\t\t\t\t\t<div class=\"elementor-element elementor-element-53e1695 elementor-widget elementor-widget-heading\" data-id=\"53e1695\" data-element_type=\"widget\" data-widget_type=\"heading.default\">\n\t\t\t\t<div class=\"elementor-widget-container\">\n\t\t\t<span class=\"elementor-heading-title elementor-size-default\"><br><br><br>Inscription \/R\u00e9inscription<\/span>\t\t<\/div>\n\t\t\t\t<\/div>\n\t\t\t\t<div class=\"elementor-element elementor-element-2f52e94 elementor-widget-divider--view-line elementor-widget elementor-widget-divider\" data-id=\"2f52e94\" data-element_type=\"widget\" data-widget_type=\"divider.default\">\n\t\t\t\t<div class=\"elementor-widget-container\">\n\t\t\t\t\t<div class=\"elementor-divider\">\n\t\t\t<span class=\"elementor-divider-separator\">\n\t\t\t\t\t\t<\/span>\n\t\t<\/div>\n\t\t\t\t<\/div>\n\t\t\t\t<\/div>\n\t\t\t\t\t<\/div>\n\t\t<\/div>\n\t\t\t\t\t\t\t<\/div>\n\t\t<\/section>\n\t\t\t\t<section class=\"elementor-section elementor-top-section elementor-element elementor-element-0a751f3 elementor-section-height-min-height elementor-section-content-middle elementor-section-boxed elementor-section-height-default elementor-section-items-middle\" data-id=\"0a751f3\" data-element_type=\"section\" data-settings=\"{&quot;background_background&quot;:&quot;classic&quot;}\">\n\t\t\t\t\t\t<div class=\"elementor-container elementor-column-gap-default\">\n\t\t\t\t\t<div class=\"elementor-column elementor-col-100 elementor-top-column elementor-element elementor-element-2dc2ede\" data-id=\"2dc2ede\" data-element_type=\"column\">\n\t\t\t<div class=\"elementor-widget-wrap\">\n\t\t\t\t\t\t\t\t\t<\/div>\n\t\t<\/div>\n\t\t\t\t\t\t\t<\/div>\n\t\t<\/section>\n\t\t\t\t<section class=\"elementor-section elementor-top-section elementor-element elementor-element-1240ef2 elementor-section-height-min-height elementor-section-content-middle elementor-section-boxed elementor-section-height-default elementor-section-items-middle\" data-id=\"1240ef2\" data-element_type=\"section\" data-settings=\"{&quot;background_background&quot;:&quot;classic&quot;}\">\n\t\t\t\t\t\t<div class=\"elementor-container elementor-column-gap-default\">\n\t\t\t\t\t<div class=\"elementor-column elementor-col-50 elementor-top-column elementor-element elementor-element-b95a1f5\" data-id=\"b95a1f5\" data-element_type=\"column\">\n\t\t\t<div class=\"elementor-widget-wrap elementor-element-populated\">\n\t\t\t\t\t\t\t\t<div class=\"elementor-element elementor-element-7491ddb elementor-widget-divider--view-line elementor-widget elementor-widget-divider\" data-id=\"7491ddb\" data-element_type=\"widget\" data-widget_type=\"divider.default\">\n\t\t\t\t<div class=\"elementor-widget-container\">\n\t\t\t\t\t<div class=\"elementor-divider\">\n\t\t\t<span class=\"elementor-divider-separator\">\n\t\t\t\t\t\t<\/span>\n\t\t<\/div>\n\t\t\t\t<\/div>\n\t\t\t\t<\/div>\n\t\t\t\t<div class=\"elementor-element elementor-element-ed39ae4 elementor-widget elementor-widget-heading\" data-id=\"ed39ae4\" data-element_type=\"widget\" data-widget_type=\"heading.default\">\n\t\t\t\t<div class=\"elementor-widget-container\">\n\t\t\t<h3 class=\"elementor-heading-title elementor-size-default\">R\u00e9inscription en doctorat LMD<\/h3>\t\t<\/div>\n\t\t\t\t<\/div>\n\t\t\t\t<div class=\"elementor-element elementor-element-d9be3c8 elementor-widget elementor-widget-toggle\" data-id=\"d9be3c8\" data-element_type=\"widget\" data-widget_type=\"toggle.default\">\n\t\t\t\t<div class=\"elementor-widget-container\">\n\t\t\t\t\t<div class=\"elementor-toggle\" role=\"tablist\">\n\t\t\t\t\t\t\t<div class=\"elementor-toggle-item\">\n\t\t\t\t\t<div id=\"elementor-tab-title-2281\" class=\"elementor-tab-title\" data-tab=\"1\" role=\"tab\" aria-controls=\"elementor-tab-content-2281\" aria-expanded=\"false\">\n\t\t\t\t\t\t\t\t\t\t\t\t<span class=\"elementor-toggle-icon elementor-toggle-icon-left\" aria-hidden=\"true\">\n\t\t\t\t\t\t\t\t\t\t\t\t\t\t\t<span class=\"elementor-toggle-icon-closed\"><i class=\"fas fa-caret-right\"><\/i><\/span>\n\t\t\t\t\t\t\t\t<span class=\"elementor-toggle-icon-opened\"><i class=\"elementor-toggle-icon-opened fas fa-caret-up\"><\/i><\/span>\n\t\t\t\t\t\t\t\t\t\t\t\t\t<\/span>\n\t\t\t\t\t\t\t\t\t\t\t\t<a href=\"\" class=\"elementor-toggle-title\">Dossier<\/a>\n\t\t\t\t\t<\/div>\n\n\t\t\t\t\t<div id=\"elementor-tab-content-2281\" class=\"elementor-tab-content elementor-clearfix\" data-tab=\"1\" role=\"tabpanel\" aria-labelledby=\"elementor-tab-title-2281\"><p><strong><u>\u0627\u0644\u0648\u062b\u0627\u0626\u0642 \u0627\u0644\u062e\u0627\u0635\u0629 \u0628\u0625\u0639\u0627\u062f\u0629 \u0627\u0644\u062a\u0633\u062c\u064a\u0644 :<\/u><\/strong><\/p><ol><li>\u0646\u0633\u062e\u0629 \u0645\u0646 \u0634\u0647\u0627\u062f\u0629 \u0627\u0644\u062a\u0633\u062c\u064a\u0644 \u0644\u0644\u0633\u0646\u0629 \u0627\u0644\u062c\u0627\u0645\u0639\u064a\u0629 \u0627\u0644\u0633\u0627\u0628\u0642\u0629 .<\/li><li>\u0627\u0633\u062a\u0645\u0627\u0631\u0629 \u0625\u0639\u0627\u062f\u0629 \u0627\u0644\u062a\u0633\u062c\u064a\u0644.<\/li><li>\u0627\u0633\u062a\u0645\u0627\u0631\u0629 \u0627\u0644\u0645\u062a\u0627\u0628\u0639\u0629 \u0645\u0645\u0636\u0649 \u0639\u0644\u064a\u0647\u0627 \u0645\u0646 \u0627\u0644\u0623\u0633\u062a\u0627\u0630 \u0627\u0644\u0645\u0634\u0631\u0641 \u0645\u0639 \u062a\u062d\u062f\u064a\u062f \u0646\u0633\u0628\u0629 \u0627\u0644\u062a\u0642\u062f\u0645 \u0628\u062f\u0642\u0629 \u0648 \u062a\u062d\u062f\u064a\u062f \u0627\u0644\u0639\u0645\u0644 \u0627\u0644\u0645\u0646\u062c\u0632 \u0628\u0627\u0644\u0646\u0633\u0628\u0629 \u0644\u0637\u0644\u0628\u0629 \u0627\u0644\u0633\u0646\u0629 \u0627\u0644\u0633\u0627\u062f\u0633\u0629 \u0641\u0645\u0627 \u0641\u0648\u0642.<\/li><li>\u0627\u0633\u062a\u0645\u0627\u0631\u0629 \u062a\u0628\u0631\u064a\u0631 \u0627\u0644\u062a\u0645\u062f\u064a\u062f \u0644\u0644\u062a\u0633\u062c\u064a\u0644 \u0641\u064a \u0627\u0644\u062f\u0643\u062a\u0648\u0631\u0627\u0647 \u0628\u0627\u0644\u0646\u0633\u0628\u0629 \u0644\u0637\u0644\u0628\u0629 \u0627\u0644\u062f\u0643\u062a\u0648\u0631\u0627\u0647 \u0627\u0644\u0630\u064a\u0646 \u0627\u0633\u062a\u0646\u0641\u062f\u0648\u0627 \u0627\u0644\u0645\u062f\u0629 \u0627\u0644\u0642\u0627\u0646\u0648\u0646\u064a\u0629.<\/li><li>\u0634\u0647\u0627\u062f\u0629 \u0639\u0645\u0644 \u062d\u062f\u064a\u062b\u0629 \u0623\u0648 \u0639\u062f\u0645 \u0627\u0644\u0639\u0645\u0644 \u0628\u0627\u0644\u0646\u0633\u0628\u0629 \u0644\u0644\u0637\u0644\u0628\u0629 \u063a\u064a\u0631 \u0627\u0644\u0623\u062c\u0631\u0627\u0621 .<\/li><li>\u0648\u0635\u0644 \u062d\u0642\u0648\u0642 \u0627\u0644\u062a\u0633\u062c\u064a\u0644 200 \u062f \u062c.<\/li><\/ol><p>\u00a0<\/p><\/div>\n\t\t\t\t<\/div>\n\t\t\t\t\t\t\t\t<\/div>\n\t\t\t\t<\/div>\n\t\t\t\t<\/div>\n\t\t\t\t<div class=\"elementor-element elementor-element-c9b3abf elementor-widget elementor-widget-premium-addon-banner\" data-id=\"c9b3abf\" data-element_type=\"widget\" data-widget_type=\"premium-addon-banner.default\">\n\t\t\t\t<div class=\"elementor-widget-container\">\n\t\t\t\t\t<div class=\"premium-banner-ib premium-banner-min-height premium-banner-animation11 scale\">\r\n\t\t\t\t\t\t\t\t\t\t\t\t\t\t\t<div class=\"premium-banner-img-wrap\">\r\n\t\t\t\t\t\t\t\t\t<img decoding=\"async\" width=\"474\" height=\"324\" src=\"https:\/\/www.univ-mascara.dz\/fll\/wp-content\/uploads\/2021\/09\/cons-474x324.jpg\" class=\"attachment-meccarouselthumb size-meccarouselthumb\" alt=\"\" loading=\"lazy\" \/>\t\t\t\t\t\t\t\t\t<\/div>\r\n\t\t\t\t\t\t\t\t\t\t\t\t<div class=\"premium-banner-gradient\"><\/div>\r\n\t\t\t\t\t\t<div class=\"premium-banner-ib-desc\">\r\n\t\t\t\t\t\t\t\t\t<div class=\"premium-banner-ib-title premium_banner_title\">Inscription doctorat Es Sciences<\/div>\t\t\t\t\t\t\t\t\t\t\t\t<\/div>\r\n\t\t\t\t\t<\/div>\r\n\t\t\t\t\t\t<\/div>\n\t\t\t\t<\/div>\n\t\t\t\t\t<\/div>\n\t\t<\/div>\n\t\t\t\t<div class=\"elementor-column elementor-col-50 elementor-top-column elementor-element elementor-element-bbfb595\" data-id=\"bbfb595\" data-element_type=\"column\">\n\t\t\t<div class=\"elementor-widget-wrap elementor-element-populated\">\n\t\t\t\t\t\t\t\t<div class=\"elementor-element elementor-element-7ce02c1 elementor-widget-divider--view-line elementor-widget elementor-widget-divider\" data-id=\"7ce02c1\" data-element_type=\"widget\" data-widget_type=\"divider.default\">\n\t\t\t\t<div class=\"elementor-widget-container\">\n\t\t\t\t\t<div class=\"elementor-divider\">\n\t\t\t<span class=\"elementor-divider-separator\">\n\t\t\t\t\t\t<\/span>\n\t\t<\/div>\n\t\t\t\t<\/div>\n\t\t\t\t<\/div>\n\t\t\t\t<div class=\"elementor-element elementor-element-ba8fc4f elementor-widget elementor-widget-heading\" data-id=\"ba8fc4f\" data-element_type=\"widget\" data-widget_type=\"heading.default\">\n\t\t\t\t<div class=\"elementor-widget-container\">\n\t\t\t<h3 class=\"elementor-heading-title elementor-size-default\">Inscription en 1\u00e8re ann\u00e9e  doctorat LMD<\/h3>\t\t<\/div>\n\t\t\t\t<\/div>\n\t\t\t\t<div class=\"elementor-element elementor-element-592a793 elementor-widget elementor-widget-premium-addon-banner\" data-id=\"592a793\" data-element_type=\"widget\" data-widget_type=\"premium-addon-banner.default\">\n\t\t\t\t<div class=\"elementor-widget-container\">\n\t\t\t\t\t<div class=\"premium-banner-ib premium-banner-min-height premium-banner-animation11 scale\">\r\n\t\t\t\t\t\t\t\t\t\t\t\t\t\t\t<div class=\"premium-banner-img-wrap\">\r\n\t\t\t\t\t\t\t\t\t<img decoding=\"async\" width=\"1920\" height=\"1080\" src=\"https:\/\/www.univ-mascara.dz\/fll\/wp-content\/uploads\/2022\/02\/inscription-et-documents.jpg\" class=\"attachment-full size-full\" alt=\"\" loading=\"lazy\" \/>\t\t\t\t\t\t\t\t\t<\/div>\r\n\t\t\t\t\t\t\t\t\t\t\t\t<div class=\"premium-banner-gradient\"><\/div>\r\n\t\t\t\t\t\t<div class=\"premium-banner-ib-desc\">\r\n\t\t\t\t\t\t\t\t\t<div class=\"premium-banner-ib-title premium_banner_title\">Inscription en 1\u00e8re ann\u00e9e  doctorat LMD<\/div>\t\t\t\t\t\t\t\t\t\t\t\t<\/div>\r\n\t\t\t\t\t<\/div>\r\n\t\t\t\t\t\t<\/div>\n\t\t\t\t<\/div>\n\t\t\t\t<div class=\"elementor-element elementor-element-2048638 elementor-widget elementor-widget-toggle\" data-id=\"2048638\" data-element_type=\"widget\" data-widget_type=\"toggle.default\">\n\t\t\t\t<div class=\"elementor-widget-container\">\n\t\t\t\t\t<div class=\"elementor-toggle\" role=\"tablist\">\n\t\t\t\t\t\t\t<div class=\"elementor-toggle-item\">\n\t\t\t\t\t<div id=\"elementor-tab-title-3381\" class=\"elementor-tab-title\" data-tab=\"1\" role=\"tab\" aria-controls=\"elementor-tab-content-3381\" aria-expanded=\"false\">\n\t\t\t\t\t\t\t\t\t\t\t\t<span class=\"elementor-toggle-icon elementor-toggle-icon-left\" aria-hidden=\"true\">\n\t\t\t\t\t\t\t\t\t\t\t\t\t\t\t<span class=\"elementor-toggle-icon-closed\"><i class=\"fas fa-caret-right\"><\/i><\/span>\n\t\t\t\t\t\t\t\t<span class=\"elementor-toggle-icon-opened\"><i class=\"elementor-toggle-icon-opened fas fa-caret-up\"><\/i><\/span>\n\t\t\t\t\t\t\t\t\t\t\t\t\t<\/span>\n\t\t\t\t\t\t\t\t\t\t\t\t<a href=\"\" class=\"elementor-toggle-title\">Dossier<\/a>\n\t\t\t\t\t<\/div>\n\n\t\t\t\t\t<div id=\"elementor-tab-content-3381\" class=\"elementor-tab-content elementor-clearfix\" data-tab=\"1\" role=\"tabpanel\" aria-labelledby=\"elementor-tab-title-3381\"><p><strong><u>\u0627\u0644\u0648\u062b\u0627\u0626\u0642 \u0627\u0644\u062e\u0627\u0635\u0629 \u0628\u0627\u0644\u062a\u0633\u062c\u064a\u0644 \u0628\u0627\u0644\u0646\u0633\u0628\u0629 \u0644\u0637\u0644\u0628\u0629 \u0627\u0644\u062f\u0643\u062a\u0648\u0631\u0627\u0647 \u0627\u0644\u062c\u062f\u062f <\/u><\/strong><\/p><p><strong><u>\u00a0<\/u><\/strong><\/p><ol><li>\u0637\u0644\u0628 \u062e\u0637\u064a \u064a\u062a\u0636\u0645\u0646 \u0627\u0644\u0628\u0631\u064a\u062f \u0627\u0644\u0627\u0644\u0643\u062a\u0631\u0648\u0646\u064a \u0648\u0631\u0642\u0645 \u0627\u0644\u0647\u0627\u062a\u0641 \u0627\u0644\u062d\u0627\u0644\u064a<\/li><li>\u0634\u0647\u0627\u062f\u0629 \u0627\u0644\u0645\u0627\u0633\u062a\u0631 \u0627\u0644\u0623\u0635\u0644\u064a\u0629<\/li><li>\u0634\u0647\u0627\u062f\u0629 \u062d\u0633\u0646 \u0627\u0644\u0633\u064a\u0631\u0629 \u0627\u0644\u0623\u0635\u0644\u064a\u0629<\/li><li>\u062a\u0635\u0631\u064a\u062d \u0634\u0631\u0641\u064a \u0628\u0639\u062f\u0645 \u0627\u0644\u062a\u0633\u062c\u064a\u0644 \u0636\u0645\u0646 \u0627\u0644\u062a\u0643\u0648\u064a\u0646 \u0641\u064a \u0627\u0644\u062f\u0643\u062a\u0648\u0631\u0627\u0647 \u0641\u064a \u062c\u0627\u0645\u0639\u0629 \u0623\u062e\u0631\u0649<\/li><li>\u0627\u0633\u062a\u0645\u0627\u0631\u0629 \u0627\u0644\u062a\u0633\u062c\u064a\u0644 (\u062a\u0633\u062d\u0628 \u0645\u0646 \u0646\u064a\u0627\u0628\u0629 \u0627\u0644\u0639\u0645\u0627\u062f\u0629 \u0644\u0645\u0627 \u0628\u0639\u062f \u0627\u0644\u062a\u062f\u0631\u062c)<\/li><li>\u0627\u0633\u062a\u0645\u0627\u0631\u0629 \u0627\u0644\u062a\u0639\u0631\u064a\u0641 \u0628\u0627\u0644\u0645\u0648\u0636\u0648\u0639 (\u062a\u0633\u062d\u0628 \u0645\u0646 \u0646\u064a\u0627\u0628\u0629 \u0627\u0644\u0639\u0645\u0627\u062f\u0629 \u0644\u0645\u0627 \u0628\u0639\u062f \u0627\u0644\u062a\u062f\u0631\u062c)<\/li><li>\u062d\u0642\u0648\u0642 \u0627\u0644\u062a\u0633\u062c\u064a\u0644 (\u062a\u062f\u0641\u0639 \u0644\u062f\u0649 \u0627\u0644\u0648\u0643\u064a\u0644 \u0627\u0644\u0645\u062d\u0627\u0633\u0628 \u0644\u0644\u0643\u0644\u064a\u0629)<\/li><li>\u0646\u0633\u062e\u0629 \u0645\u0646 \u0634\u0647\u0627\u062f\u0629 \u0627\u0644\u0644\u064a\u0633\u0627\u0646\u0633 \u0648\u0627\u0644\u0645\u0627\u0633\u062a\u0631<\/li><li>\u0646\u0633\u062e\u0629 \u0645\u0646 \u0643\u0634\u0641 \u0646\u0642\u0627\u0637 \u0627\u0644\u0628\u0643\u0627\u0644\u0648\u0631\u064a\u0627<\/li><li>\u0646\u0633\u062e\u0629 \u0645\u0646 \u0643\u0634\u0648\u0641 \u0627\u0644\u0646\u0642\u0627\u0637 \u0627\u0644\u0639\u0627\u0645 \u0644\u0644\u064a\u0633\u0627\u0646\u0633 \u0648\u0627\u0644\u0645\u0627\u0633\u062a\u0631<\/li><li>\u0646\u0633\u062e\u0629 \u0645\u0646 \u0645\u062d\u0636\u0631 \u0645\u0646\u0627\u0642\u0634\u0629 \u0627\u0644\u0645\u0627\u0633\u062a\u0631<\/li><li>\u0646\u0633\u062e\u0629 \u0645\u0646 \u0628\u0637\u0627\u0642\u0629 \u0627\u0644\u062a\u0639\u0631\u064a\u0641 \u0627\u0644\u0648\u0637\u0646\u064a\u0629<\/li><li>\u0634\u0647\u0627\u062f\u0629 \u0645\u064a\u0644\u0627\u062f \u062d\u062f\u064a\u062b\u0629<\/li><li>\u0634\u0647\u0627\u062f\u0629 \u0639\u0645\u0644 \u0623\u0648 \u0634\u0647\u0627\u062f\u0629 \u0639\u062f\u0645 \u0627\u0644\u0642\u064a\u0627\u0645 \u0628\u0639\u0645\u0644<\/li><li>\u062a\u0631\u062e\u064a\u0635 \u0628\u0645\u0632\u0627\u0648\u0644\u0629 \u0627\u0644\u062f\u0631\u0627\u0633\u0629 \u0628\u0627\u0644\u0646\u0633\u0628\u0629 \u0644\u0644\u0637\u0644\u0628\u0629 \u0627\u0644\u0623\u062c\u0631\u0627\u0621<\/li><li>\u0635\u0648\u0631\u062a\u0627\u0646 \u0634\u0645\u0633\u064a\u062a\u0627\u0646<\/li><li>\u0638\u0631\u0641\u0627\u0646 \u0628\u0631\u064a\u062f\u064a\u0627 \u0639\u0644\u064a\u0647\u0645\u0627 \u0627\u0644\u0639\u0646\u0648\u0627\u0646 \u0648\u0627\u0644\u0637\u0627\u0628\u0639<\/li><li>\u0634\u0647\u0627\u062f\u0629 \u0637\u0628\u064a\u0629<\/li><li style=\"text-align: right;\">\u0627\u0644\u0633\u064a\u0631\u0629 \u0627\u0644\u0630\u0627\u062a\u064a\u0629<\/li><\/ol><\/div>\n\t\t\t\t<\/div>\n\t\t\t\t\t\t\t\t<\/div>\n\t\t\t\t<\/div>\n\t\t\t\t<\/div>\n\t\t\t\t\t<\/div>\n\t\t<\/div>\n\t\t\t\t\t\t\t<\/div>\n\t\t<\/section>\n\t\t\t\t<section class=\"elementor-section elementor-top-section elementor-element elementor-element-cfffd56 elementor-section-height-min-height elementor-section-content-middle elementor-section-boxed elementor-section-height-default elementor-section-items-middle\" data-id=\"cfffd56\" data-element_type=\"section\" data-settings=\"{&quot;background_background&quot;:&quot;classic&quot;}\">\n\t\t\t\t\t\t<div class=\"elementor-container elementor-column-gap-default\">\n\t\t\t\t\t<div class=\"elementor-column elementor-col-100 elementor-top-column elementor-element elementor-element-26fce39\" data-id=\"26fce39\" data-element_type=\"column\">\n\t\t\t<div class=\"elementor-widget-wrap elementor-element-populated\">\n\t\t\t\t\t\t\t\t<div class=\"elementor-element elementor-element-bd1358d elementor-widget-divider--view-line_text elementor-widget-divider--element-align-center elementor-widget elementor-widget-divider\" data-id=\"bd1358d\" data-element_type=\"widget\" data-widget_type=\"divider.default\">\n\t\t\t\t<div class=\"elementor-widget-container\">\n\t\t\t\t\t<div class=\"elementor-divider\">\n\t\t\t<span class=\"elementor-divider-separator\">\n\t\t\t\t\t\t\t<h6 class=\"elementor-divider__text elementor-divider__element\">\n\t\t\t\tDocument \u00e0 t\u00e9l\u00e9charger\t\t\t\t<\/h6>\n\t\t\t\t\t\t<\/span>\n\t\t<\/div>\n\t\t\t\t<\/div>\n\t\t\t\t<\/div>\n\t\t\t\t\t<\/div>\n\t\t<\/div>\n\t\t\t\t\t\t\t<\/div>\n\t\t<\/section>\n\t\t\t\t<section class=\"elementor-section elementor-top-section elementor-element elementor-element-f9a924b elementor-section-boxed elementor-section-height-default elementor-section-height-default\" data-id=\"f9a924b\" data-element_type=\"section\" data-settings=\"{&quot;background_background&quot;:&quot;classic&quot;}\">\n\t\t\t\t\t\t<div class=\"elementor-container elementor-column-gap-default\">\n\t\t\t\t\t<div class=\"elementor-column elementor-col-100 elementor-top-column elementor-element elementor-element-7ed3032\" data-id=\"7ed3032\" data-element_type=\"column\">\n\t\t\t<div class=\"elementor-widget-wrap elementor-element-populated\">\n\t\t\t\t\t\t\t\t<div class=\"elementor-element elementor-element-a4a5e6d elementor-widget elementor-widget-text-editor\" data-id=\"a4a5e6d\" data-element_type=\"widget\" data-widget_type=\"text-editor.default\">\n\t\t\t\t<div class=\"elementor-widget-container\">\n\t\t\t\t\t\t\t<ul><li>Demande d\u2019inscription ou de r\u00e9inscription doctorat\u00a0<a href=\"https:\/\/www.univ-mascara.dz\/wp-content\/uploads\/2025\/10\/Dem_inscript_reinscript_Doctorat.doc\"><strong>Word<\/strong><\/a><\/li><li>Etat d\u2019avancement des travaux de th\u00e8se doctorat \u00a0\u00a0<a href=\"https:\/\/www.univ-mascara.dz\/wp-content\/uploads\/2026\/01\/etat_avanc_doctorat.doc\"><strong>Word<\/strong><\/a><\/li><li>Identification -Cerist formulaire \u00a0<a href=\"https:\/\/www.univ-mascara.dz\/wp-content\/uploads\/2025\/10\/identif-du_sujet_doctorat.doc\"><strong>Word<\/strong><\/a><\/li><li>Page de garde de la th\u00e8se\u00a0\u00a0<a href=\"https:\/\/www.univ-mascara.dz\/wp-content\/uploads\/2025\/10\/pagedegarde_Doctorat.doc\"><strong>Word<\/strong><\/a><\/li><li>Justification de prolongation\u00a0<a href=\"https:\/\/www.univ-mascara.dz\/wp-content\/uploads\/2025\/10\/Justification_prolongation.doc\"><strong>Word<\/strong><\/a><\/li><li>Demande de transfert du dossier d\u2019inscription en doctorat\u00a0<a href=\"https:\/\/www.univ-mascara.dz\/wp-content\/uploads\/2025\/10\/Dem_Transfert.doc\"><strong>Word<\/strong><\/a><\/li><li>Changement de titre de la th\u00e8se\u00a0<a href=\"https:\/\/www.univ-mascara.dz\/wp-content\/uploads\/2025\/10\/changement_sujet.docx\"><strong>Word<\/strong><\/a><\/li><li>Changement d\u2019encadreur\u00a0<a href=\"https:\/\/www.univ-mascara.dz\/wp-content\/uploads\/2025\/10\/Changement_encadreur.docx\"><strong>\u00a0Word<\/strong><\/a><\/li><\/ul>\t\t\t\t\t\t<\/div>\n\t\t\t\t<\/div>\n\t\t\t\t\t<\/div>\n\t\t<\/div>\n\t\t\t\t\t\t\t<\/div>\n\t\t<\/section>\n\t\t\t\t<section class=\"elementor-section elementor-top-section elementor-element elementor-element-2b2f645 elementor-section-boxed elementor-section-height-default elementor-section-height-default\" data-id=\"2b2f645\" data-element_type=\"section\" data-settings=\"{&quot;background_background&quot;:&quot;classic&quot;}\">\n\t\t\t\t\t\t<div class=\"elementor-container elementor-column-gap-default\">\n\t\t\t\t\t<div class=\"elementor-column elementor-col-100 elementor-top-column elementor-element elementor-element-43f9798\" data-id=\"43f9798\" data-element_type=\"column\">\n\t\t\t<div class=\"elementor-widget-wrap elementor-element-populated\">\n\t\t\t\t\t\t\t\t<div class=\"elementor-element elementor-element-6634321 elementor-widget-divider--view-line_text elementor-widget-divider--element-align-center elementor-widget elementor-widget-divider\" data-id=\"6634321\" data-element_type=\"widget\" data-widget_type=\"divider.default\">\n\t\t\t\t<div class=\"elementor-widget-container\">\n\t\t\t\t\t<div class=\"elementor-divider\">\n\t\t\t<span class=\"elementor-divider-separator\">\n\t\t\t\t\t\t\t<span class=\"elementor-divider__text elementor-divider__element\">\n\t\t\t\tCONTACT\t\t\t\t<\/span>\n\t\t\t\t\t\t<\/span>\n\t\t<\/div>\n\t\t\t\t<\/div>\n\t\t\t\t<\/div>\n\t\t\t\t\t<\/div>\n\t\t<\/div>\n\t\t\t\t\t\t\t<\/div>\n\t\t<\/section>\n\t\t\t\t<section class=\"elementor-section elementor-top-section elementor-element elementor-element-436ddf6 elementor-section-height-min-height elementor-section-items-bottom elementor-section-content-top elementor-section-boxed elementor-section-height-default\" data-id=\"436ddf6\" data-element_type=\"section\" data-settings=\"{&quot;background_background&quot;:&quot;classic&quot;,&quot;animation&quot;:&quot;none&quot;}\">\n\t\t\t\t\t\t<div class=\"elementor-container elementor-column-gap-default\">\n\t\t\t\t\t<div class=\"elementor-column elementor-col-100 elementor-top-column elementor-element elementor-element-407c777\" data-id=\"407c777\" data-element_type=\"column\">\n\t\t\t<div class=\"elementor-widget-wrap elementor-element-populated\">\n\t\t\t\t\t\t\t\t<div class=\"elementor-element elementor-element-7c2264f elementor-widget elementor-widget-heading\" data-id=\"7c2264f\" data-element_type=\"widget\" data-widget_type=\"heading.default\">\n\t\t\t\t<div class=\"elementor-widget-container\">\n\t\t\t<h2 class=\"elementor-heading-title elementor-size-default\">Facult\u00e9  des lettres et des  langues \n<\/h2>\t\t<\/div>\n\t\t\t\t<\/div>\n\t\t\t\t<div class=\"elementor-element elementor-element-f9a8aef elementor-widget elementor-widget-heading\" data-id=\"f9a8aef\" data-element_type=\"widget\" data-widget_type=\"heading.default\">\n\t\t\t\t<div class=\"elementor-widget-container\">\n\t\t\t<h2 class=\"elementor-heading-title elementor-size-default\">T\u00e9l\/fax 045 70 73 23\n<br>\npg.fll@univ-mascara.dz\n<\/h2>\t\t<\/div>\n\t\t\t\t<\/div>\n\t\t\t\t<div class=\"elementor-element elementor-element-05e3ca0 elementor-widget elementor-widget-text-editor\" data-id=\"05e3ca0\" data-element_type=\"widget\" data-widget_type=\"text-editor.default\">\n\t\t\t\t<div class=\"elementor-widget-container\">\n\t\t\t\t\t\t\t<p style=\"text-align: center;\">fll@univ-mascara.dz<\/p>\t\t\t\t\t\t<\/div>\n\t\t\t\t<\/div>\n\t\t\t\t\t<\/div>\n\t\t<\/div>\n\t\t\t\t\t\t\t<\/div>\n\t\t<\/section>\n\t\t\t\t\t\t\t<\/div>\n\t\t","protected":false},"excerpt":{"rendered":"<p>Inscription \/R\u00e9inscription R\u00e9inscription en doctorat LMD Dossier \u0627\u0644\u0648\u062b\u0627\u0626\u0642 \u0627\u0644\u062e\u0627\u0635\u0629 \u0628\u0625\u0639\u0627\u062f\u0629 \u0627\u0644\u062a\u0633\u062c\u064a\u0644 : \u0646\u0633\u062e\u0629 \u0645\u0646 \u0634\u0647\u0627\u062f\u0629 \u0627\u0644\u062a\u0633\u062c\u064a\u0644 \u0644\u0644\u0633\u0646\u0629 \u0627\u0644\u062c\u0627\u0645\u0639\u064a\u0629 \u0627\u0644\u0633\u0627\u0628\u0642\u0629 . \u0627\u0633\u062a\u0645\u0627\u0631\u0629 \u0625\u0639\u0627\u062f\u0629 \u0627\u0644\u062a\u0633\u062c\u064a\u0644. \u0627\u0633\u062a\u0645\u0627\u0631\u0629 \u0627\u0644\u0645\u062a\u0627\u0628\u0639\u0629 \u0645\u0645\u0636\u0649 \u0639\u0644\u064a\u0647\u0627 \u0645\u0646 \u0627\u0644\u0623\u0633\u062a\u0627\u0630 \u0627\u0644\u0645\u0634\u0631\u0641 \u0645\u0639 \u062a\u062d\u062f\u064a\u062f \u0646\u0633\u0628\u0629 \u0627\u0644\u062a\u0642\u062f\u0645 \u0628\u062f\u0642\u0629 \u0648 \u062a\u062d\u062f\u064a\u062f \u0627\u0644\u0639\u0645\u0644 \u0627\u0644\u0645\u0646\u062c\u0632 \u0628\u0627\u0644\u0646\u0633\u0628\u0629 \u0644\u0637\u0644\u0628\u0629 \u0627\u0644\u0633\u0646\u0629 \u0627\u0644\u0633\u0627\u062f\u0633\u0629 \u0641\u0645\u0627 \u0641\u0648\u0642. \u0627\u0633\u062a\u0645\u0627\u0631\u0629 \u062a\u0628\u0631\u064a\u0631 \u0627\u0644\u062a\u0645\u062f\u064a\u062f \u0644\u0644\u062a\u0633\u062c\u064a\u0644 \u0641\u064a \u0627\u0644\u062f\u0643\u062a\u0648\u0631\u0627\u0647 \u0628\u0627\u0644\u0646\u0633\u0628\u0629 \u0644\u0637\u0644\u0628\u0629 \u0627\u0644\u062f\u0643\u062a\u0648\u0631\u0627\u0647 \u0627\u0644\u0630\u064a\u0646 &hellip;<\/p>\n<p class=\"read-more\"> <a class=\"\" href=\"https:\/\/www.univ-mascara.dz\/fll\/?page_id=2799\"> <span class=\"screen-reader-text\">Inscription\/R\u00e9inscription<\/span> Lire la suite\u00a0\u00bb<\/a><\/p>\n","protected":false},"author":3,"featured_media":0,"parent":0,"menu_order":0,"comment_status":"closed","ping_status":"closed","template":"","meta":[],"_links":{"self":[{"href":"https:\/\/www.univ-mascara.dz\/fll\/index.php?rest_route=\/wp\/v2\/pages\/2799"}],"collection":[{"href":"https:\/\/www.univ-mascara.dz\/fll\/index.php?rest_route=\/wp\/v2\/pages"}],"about":[{"href":"https:\/\/www.univ-mascara.dz\/fll\/index.php?rest_route=\/wp\/v2\/types\/page"}],"author":[{"embeddable":true,"href":"https:\/\/www.univ-mascara.dz\/fll\/index.php?rest_route=\/wp\/v2\/users\/3"}],"replies":[{"embeddable":true,"href":"https:\/\/www.univ-mascara.dz\/fll\/index.php?rest_route=%2Fwp%2Fv2%2Fcomments&post=2799"}],"version-history":[{"count":30,"href":"https:\/\/www.univ-mascara.dz\/fll\/index.php?rest_route=\/wp\/v2\/pages\/2799\/revisions"}],"predecessor-version":[{"id":20503,"href":"https:\/\/www.univ-mascara.dz\/fll\/index.php?rest_route=\/wp\/v2\/pages\/2799\/revisions\/20503"}],"wp:attachment":[{"href":"https:\/\/www.univ-mascara.dz\/fll\/index.php?rest_route=%2Fwp%2Fv2%2Fmedia&parent=2799"}],"curies":[{"name":"wp","href":"https:\/\/api.w.org\/{rel}","templated":true}]}}