{"id":2893,"date":"2021-09-23T09:56:41","date_gmt":"2021-09-23T08:56:41","guid":{"rendered":"http:\/\/193.194.87.76\/fsnv\/?page_id=2893"},"modified":"2026-04-12T12:49:10","modified_gmt":"2026-04-12T11:49:10","slug":"laboratoires-de-recherche","status":"publish","type":"page","link":"https:\/\/www.univ-mascara.dz\/fll\/?page_id=2893","title":{"rendered":"Laboratoires de recherche"},"content":{"rendered":"\t\t<div data-elementor-type=\"wp-page\" data-elementor-id=\"2893\" class=\"elementor elementor-2893\">\n\t\t\t\t\t\t\t\t\t<section class=\"elementor-section elementor-top-section elementor-element elementor-element-c2f5608 elementor-section-height-min-height elementor-section-boxed elementor-section-height-default elementor-section-items-middle\" data-id=\"c2f5608\" data-element_type=\"section\" data-settings=\"{&quot;background_background&quot;:&quot;classic&quot;}\">\n\t\t\t\t\t\t\t<div class=\"elementor-background-overlay\"><\/div>\n\t\t\t\t\t\t\t<div class=\"elementor-container elementor-column-gap-default\">\n\t\t\t\t\t<div class=\"elementor-column elementor-col-100 elementor-top-column elementor-element elementor-element-76135dc\" data-id=\"76135dc\" data-element_type=\"column\">\n\t\t\t<div class=\"elementor-widget-wrap elementor-element-populated\">\n\t\t\t\t\t\t\t\t<div class=\"elementor-element elementor-element-7ca52b9 elementor-widget elementor-widget-heading\" data-id=\"7ca52b9\" data-element_type=\"widget\" data-widget_type=\"heading.default\">\n\t\t\t\t<div class=\"elementor-widget-container\">\n\t\t\t<p class=\"elementor-heading-title elementor-size-medium\"><br><br><br><br>\nLaboratoires de Recherche<\/p>\t\t<\/div>\n\t\t\t\t<\/div>\n\t\t\t\t<div class=\"elementor-element elementor-element-7b6db6e elementor-widget-divider--view-line elementor-widget elementor-widget-divider\" data-id=\"7b6db6e\" data-element_type=\"widget\" data-widget_type=\"divider.default\">\n\t\t\t\t<div class=\"elementor-widget-container\">\n\t\t\t\t\t<div class=\"elementor-divider\">\n\t\t\t<span class=\"elementor-divider-separator\">\n\t\t\t\t\t\t<\/span>\n\t\t<\/div>\n\t\t\t\t<\/div>\n\t\t\t\t<\/div>\n\t\t\t\t\t<\/div>\n\t\t<\/div>\n\t\t\t\t\t\t\t<\/div>\n\t\t<\/section>\n\t\t\t\t<section class=\"elementor-section elementor-top-section elementor-element elementor-element-e4479d6 elementor-section-boxed elementor-section-height-default elementor-section-height-default\" data-id=\"e4479d6\" data-element_type=\"section\" data-settings=\"{&quot;background_background&quot;:&quot;classic&quot;}\">\n\t\t\t\t\t\t<div class=\"elementor-container elementor-column-gap-default\">\n\t\t\t\t\t<div class=\"elementor-column elementor-col-100 elementor-top-column elementor-element elementor-element-2276320\" data-id=\"2276320\" data-element_type=\"column\">\n\t\t\t<div class=\"elementor-widget-wrap elementor-element-populated\">\n\t\t\t\t\t\t\t\t<div class=\"elementor-element elementor-element-e807928 elementor-widget elementor-widget-text-editor\" data-id=\"e807928\" data-element_type=\"widget\" data-widget_type=\"text-editor.default\">\n\t\t\t\t<div class=\"elementor-widget-container\">\n\t\t\t\t\t\t\t<ul><li>Laboratoire des M\u00e9thodologies de la Critique Moderne et Analyse du Discours (LMCMAD)<\/li><li>Laboratoire de l&rsquo;Ing\u00e9nierie des Programmes de Langues dans les Fili\u00e8res de Sp\u00e9cialit\u00e9 (LIPLFS)<\/li><li>Laboratoire LLAAT\u00a0<\/li><\/ul>\t\t\t\t\t\t<\/div>\n\t\t\t\t<\/div>\n\t\t\t\t\t<\/div>\n\t\t<\/div>\n\t\t\t\t\t\t\t<\/div>\n\t\t<\/section>\n\t\t\t\t<section class=\"elementor-section elementor-top-section elementor-element elementor-element-4c3332f elementor-section-height-min-height elementor-section-items-bottom elementor-section-content-top elementor-section-boxed elementor-section-height-default\" data-id=\"4c3332f\" data-element_type=\"section\" data-settings=\"{&quot;background_background&quot;:&quot;classic&quot;,&quot;animation&quot;:&quot;none&quot;}\">\n\t\t\t\t\t\t<div class=\"elementor-container elementor-column-gap-default\">\n\t\t\t\t\t<div class=\"elementor-column elementor-col-100 elementor-top-column elementor-element elementor-element-61a91f6\" data-id=\"61a91f6\" data-element_type=\"column\">\n\t\t\t<div class=\"elementor-widget-wrap elementor-element-populated\">\n\t\t\t\t\t\t\t\t<div class=\"elementor-element elementor-element-0ecf684 elementor-widget elementor-widget-heading\" data-id=\"0ecf684\" data-element_type=\"widget\" data-widget_type=\"heading.default\">\n\t\t\t\t<div class=\"elementor-widget-container\">\n\t\t\t<h2 class=\"elementor-heading-title elementor-size-default\">Facult\u00e9  des lettres et des  langues \n<\/h2>\t\t<\/div>\n\t\t\t\t<\/div>\n\t\t\t\t<div class=\"elementor-element elementor-element-c802b3c elementor-widget elementor-widget-heading\" data-id=\"c802b3c\" data-element_type=\"widget\" data-widget_type=\"heading.default\">\n\t\t\t\t<div class=\"elementor-widget-container\">\n\t\t\t<h2 class=\"elementor-heading-title elementor-size-default\">T\u00e9l\/fax 045 70 73 23\n<\/h2>\t\t<\/div>\n\t\t\t\t<\/div>\n\t\t\t\t<div class=\"elementor-element elementor-element-851644d elementor-widget elementor-widget-text-editor\" data-id=\"851644d\" data-element_type=\"widget\" data-widget_type=\"text-editor.default\">\n\t\t\t\t<div class=\"elementor-widget-container\">\n\t\t\t\t\t\t\t<p style=\"text-align: center;\">fll@univ-mascara.dz<\/p>\t\t\t\t\t\t<\/div>\n\t\t\t\t<\/div>\n\t\t\t\t\t<\/div>\n\t\t<\/div>\n\t\t\t\t\t\t\t<\/div>\n\t\t<\/section>\n\t\t\t\t\t\t\t<\/div>\n\t\t","protected":false},"excerpt":{"rendered":"<p>Laboratoires de Recherche Laboratoire des M\u00e9thodologies de la Critique Moderne et Analyse du Discours (LMCMAD) Laboratoire de l&rsquo;Ing\u00e9nierie des Programmes de Langues dans les Fili\u00e8res de Sp\u00e9cialit\u00e9 (LIPLFS) Laboratoire LLAAT\u00a0 Facult\u00e9 des lettres et des langues T\u00e9l\/fax 045 70 73 23 fll@univ-mascara.dz<\/p>\n","protected":false},"author":3,"featured_media":0,"parent":0,"menu_order":0,"comment_status":"closed","ping_status":"closed","template":"","meta":[],"_links":{"self":[{"href":"https:\/\/www.univ-mascara.dz\/fll\/index.php?rest_route=\/wp\/v2\/pages\/2893"}],"collection":[{"href":"https:\/\/www.univ-mascara.dz\/fll\/index.php?rest_route=\/wp\/v2\/pages"}],"about":[{"href":"https:\/\/www.univ-mascara.dz\/fll\/index.php?rest_route=\/wp\/v2\/types\/page"}],"author":[{"embeddable":true,"href":"https:\/\/www.univ-mascara.dz\/fll\/index.php?rest_route=\/wp\/v2\/users\/3"}],"replies":[{"embeddable":true,"href":"https:\/\/www.univ-mascara.dz\/fll\/index.php?rest_route=%2Fwp%2Fv2%2Fcomments&post=2893"}],"version-history":[{"count":27,"href":"https:\/\/www.univ-mascara.dz\/fll\/index.php?rest_route=\/wp\/v2\/pages\/2893\/revisions"}],"predecessor-version":[{"id":21023,"href":"https:\/\/www.univ-mascara.dz\/fll\/index.php?rest_route=\/wp\/v2\/pages\/2893\/revisions\/21023"}],"wp:attachment":[{"href":"https:\/\/www.univ-mascara.dz\/fll\/index.php?rest_route=%2Fwp%2Fv2%2Fmedia&parent=2893"}],"curies":[{"name":"wp","href":"https:\/\/api.w.org\/{rel}","templated":true}]}}