{"id":11648,"date":"2022-03-14T13:04:22","date_gmt":"2022-03-14T12:04:22","guid":{"rendered":"http:\/\/nv.univ-mascara.dz\/fse\/?page_id=11648"},"modified":"2025-10-02T10:57:17","modified_gmt":"2025-10-02T09:57:17","slug":"elementor-11648","status":"publish","type":"page","link":"https:\/\/www.univ-mascara.dz\/fse\/?page_id=11648","title":{"rendered":"Soutenance"},"content":{"rendered":"\t\t<div data-elementor-type=\"wp-page\" data-elementor-id=\"11648\" class=\"elementor elementor-11648\">\n\t\t\t\t\t\t\t\t\t<section class=\"elementor-section elementor-top-section elementor-element elementor-element-d553880 elementor-section-height-min-height elementor-section-boxed elementor-section-height-default elementor-section-items-middle\" data-id=\"d553880\" data-element_type=\"section\" data-settings=\"{&quot;background_background&quot;:&quot;classic&quot;}\">\n\t\t\t\t\t\t\t<div class=\"elementor-background-overlay\"><\/div>\n\t\t\t\t\t\t\t<div class=\"elementor-container elementor-column-gap-default\">\n\t\t\t\t\t<div class=\"elementor-column elementor-col-100 elementor-top-column elementor-element elementor-element-e535203\" data-id=\"e535203\" data-element_type=\"column\">\n\t\t\t<div class=\"elementor-widget-wrap elementor-element-populated\">\n\t\t\t\t\t\t\t\t<div class=\"elementor-element elementor-element-fd6db56 elementor-widget elementor-widget-heading\" data-id=\"fd6db56\" data-element_type=\"widget\" data-widget_type=\"heading.default\">\n\t\t\t\t<div class=\"elementor-widget-container\">\n\t\t\t<span class=\"elementor-heading-title elementor-size-default\"><br><br><br>Soutenance<\/span>\t\t<\/div>\n\t\t\t\t<\/div>\n\t\t\t\t<div class=\"elementor-element elementor-element-989c1d9 elementor-widget-divider--view-line elementor-widget elementor-widget-divider\" data-id=\"989c1d9\" data-element_type=\"widget\" data-widget_type=\"divider.default\">\n\t\t\t\t<div class=\"elementor-widget-container\">\n\t\t\t\t\t<div class=\"elementor-divider\">\n\t\t\t<span class=\"elementor-divider-separator\">\n\t\t\t\t\t\t<\/span>\n\t\t<\/div>\n\t\t\t\t<\/div>\n\t\t\t\t<\/div>\n\t\t\t\t\t<\/div>\n\t\t<\/div>\n\t\t\t\t\t\t\t<\/div>\n\t\t<\/section>\n\t\t\t\t<section class=\"elementor-section elementor-top-section elementor-element elementor-element-d36069d elementor-section-height-min-height elementor-section-content-middle elementor-section-boxed elementor-section-height-default elementor-section-items-middle\" data-id=\"d36069d\" data-element_type=\"section\" data-settings=\"{&quot;background_background&quot;:&quot;classic&quot;}\">\n\t\t\t\t\t\t\t<div class=\"elementor-background-overlay\"><\/div>\n\t\t\t\t\t\t\t<div class=\"elementor-container elementor-column-gap-default\">\n\t\t\t\t\t<div class=\"elementor-column elementor-col-100 elementor-top-column elementor-element elementor-element-8ae118f\" data-id=\"8ae118f\" data-element_type=\"column\">\n\t\t\t<div class=\"elementor-widget-wrap elementor-element-populated\">\n\t\t\t\t\t\t\t\t<div class=\"elementor-element elementor-element-c8157a5 elementor-widget elementor-widget-toggle\" data-id=\"c8157a5\" data-element_type=\"widget\" data-widget_type=\"toggle.default\">\n\t\t\t\t<div class=\"elementor-widget-container\">\n\t\t\t\t\t<div class=\"elementor-toggle\" role=\"tablist\">\n\t\t\t\t\t\t\t<div class=\"elementor-toggle-item\">\n\t\t\t\t\t<div id=\"elementor-tab-title-2091\" class=\"elementor-tab-title\" data-tab=\"1\" role=\"tab\" aria-controls=\"elementor-tab-content-2091\" aria-expanded=\"false\">\n\t\t\t\t\t\t\t\t\t\t\t\t<span class=\"elementor-toggle-icon elementor-toggle-icon-left\" aria-hidden=\"true\">\n\t\t\t\t\t\t\t\t\t\t\t\t\t\t\t<span class=\"elementor-toggle-icon-closed\"><i class=\"fas fa-caret-down\"><\/i><\/span>\n\t\t\t\t\t\t\t\t<span class=\"elementor-toggle-icon-opened\"><i class=\"elementor-toggle-icon-opened fas fa-caret-up\"><\/i><\/span>\n\t\t\t\t\t\t\t\t\t\t\t\t\t<\/span>\n\t\t\t\t\t\t\t\t\t\t\t\t<a href=\"\" class=\"elementor-toggle-title\">Dossier de soutenance Doctorat 3\u00e8me cycle avant 2016 <\/a>\n\t\t\t\t\t<\/div>\n\n\t\t\t\t\t<div id=\"elementor-tab-content-2091\" class=\"elementor-tab-content elementor-clearfix\" data-tab=\"1\" role=\"tabpanel\" aria-labelledby=\"elementor-tab-title-2091\"><ul><li>Th\u00e8se<\/li><li>Pi\u00e8ces justificatives (Publication, Communication, \u2026)<\/li><li>Proposition de jury \u00e9tablit par le responsable du CFD<\/li><li>Annexe 1 Rapport de soutenabilit\u00e9 du directeur de la th\u00e8se\u00a0 <a href=\"\/fse\/wp-content\/uploads\/2025\/10\/Annexe-1-Doc-LMD_Rapport-de-soutenabilitedu-directeur-de-la-these.docx\"><img decoding=\"async\" loading=\"lazy\" class=\"alignnone\" src=\"http:\/\/www.univ-mascara.dz\/fse\/wp-content\/uploads\/2022\/02\/logoword.png\" alt=\"\" width=\"24\" height=\"24\" \/><\/a><\/li><li>Annexe 2 Rapport sur la publication, son environnement\u00a0<a href=\"\/fse\/wp-content\/uploads\/2025\/10\/Annexe-2-Doc-LMD_Rapport-sur-la-publication-son-environnement.docx\"><img decoding=\"async\" loading=\"lazy\" class=\"alignnone\" src=\"http:\/\/www.univ-mascara.dz\/fse\/wp-content\/uploads\/2022\/02\/logoword.png\" alt=\"\" width=\"24\" height=\"24\" \/><\/a><\/li><li>Annexe 3 Attestation d\u2019inscription r\u00e9guli\u00e8re en doctorat 3<sup>\u00e8me<\/sup> cycle\u00a0<a href=\"\/fse\/wp-content\/uploads\/2025\/10\/Annexe-3-Doc-LMD_Attestation-dfinscription-r_guli_re.docx\"><img decoding=\"async\" loading=\"lazy\" class=\"alignnone\" src=\"http:\/\/www.univ-mascara.dz\/fse\/wp-content\/uploads\/2022\/02\/logoword.png\" alt=\"\" width=\"24\" height=\"24\" \/><\/a><\/li><li>Attestations d\u2019inscription\u00a0\u00a0<\/li><\/ul><\/div>\n\t\t\t\t<\/div>\n\t\t\t\t\t\t\t\t<\/div>\n\t\t\t\t<\/div>\n\t\t\t\t<\/div>\n\t\t\t\t<div class=\"elementor-element elementor-element-670a63e elementor-widget elementor-widget-toggle\" data-id=\"670a63e\" data-element_type=\"widget\" data-widget_type=\"toggle.default\">\n\t\t\t\t<div class=\"elementor-widget-container\">\n\t\t\t\t\t<div class=\"elementor-toggle\" role=\"tablist\">\n\t\t\t\t\t\t\t<div class=\"elementor-toggle-item\">\n\t\t\t\t\t<div id=\"elementor-tab-title-1081\" class=\"elementor-tab-title\" data-tab=\"1\" role=\"tab\" aria-controls=\"elementor-tab-content-1081\" aria-expanded=\"false\">\n\t\t\t\t\t\t\t\t\t\t\t\t<span class=\"elementor-toggle-icon elementor-toggle-icon-left\" aria-hidden=\"true\">\n\t\t\t\t\t\t\t\t\t\t\t\t\t\t\t<span class=\"elementor-toggle-icon-closed\"><i class=\"fas fa-caret-right\"><\/i><\/span>\n\t\t\t\t\t\t\t\t<span class=\"elementor-toggle-icon-opened\"><i class=\"elementor-toggle-icon-opened fas fa-caret-up\"><\/i><\/span>\n\t\t\t\t\t\t\t\t\t\t\t\t\t<\/span>\n\t\t\t\t\t\t\t\t\t\t\t\t<a href=\"\" class=\"elementor-toggle-title\">Dossier de soutenance Doctorat 3\u00e8me cycle apr\u00e8s 2016 <\/a>\n\t\t\t\t\t<\/div>\n\n\t\t\t\t\t<div id=\"elementor-tab-content-1081\" class=\"elementor-tab-content elementor-clearfix\" data-tab=\"1\" role=\"tabpanel\" aria-labelledby=\"elementor-tab-title-1081\"><ul><li>Th\u00e8se<\/li><li>Carnet du doctorant<\/li><li>Pi\u00e8ces justificatives (Publication, Communication, \u2026)<\/li><li>Proposition de jury \u00e9tablit par le responsable du CFD<\/li><li>Annexe 1 Rapport de soutenabilit\u00e9 du directeur de la th\u00e8se\u00a0<a href=\"\/fse\/wp-content\/uploads\/2025\/10\/Annexe-1-Doc-LMD_Rapport-de-soutenabilitedu-directeur-de-la-these.docx\"><img decoding=\"async\" loading=\"lazy\" class=\"alignnone\" src=\"http:\/\/www.univ-mascara.dz\/fse\/wp-content\/uploads\/2022\/02\/logoword.png\" alt=\"\" width=\"24\" height=\"24\" \/><\/a><\/li><li>Annexe 2 Rapport sur la publication, son environnement\u00a0 <a href=\"\/fse\/wp-content\/uploads\/2025\/10\/Annexe-2-Doc-LMD_Rapport-sur-la-publication-son-environnement.docx\"><img decoding=\"async\" loading=\"lazy\" class=\"alignnone\" src=\"http:\/\/www.univ-mascara.dz\/fse\/wp-content\/uploads\/2022\/02\/logoword.png\" alt=\"\" width=\"24\" height=\"24\" \/><\/a><\/li><li>Annexe 3 Attestation d\u2019inscription r\u00e9guli\u00e8re en doctorat 3\u00e8me cycle\u00a0\u00a0<a href=\"\/fse\/wp-content\/uploads\/2025\/10\/Annexe-3-Doc-LMD_Attestation-dfinscription-r_guli_re.docx\"><img decoding=\"async\" loading=\"lazy\" class=\"alignnone\" src=\"http:\/\/www.univ-mascara.dz\/fse\/wp-content\/uploads\/2022\/02\/logoword.png\" alt=\"\" width=\"24\" height=\"24\" \/><\/a><\/li><li>Rapport de validation des 180 points\u00a0<a href=\"\/fse\/wp-content\/uploads\/2025\/10\/Rapport-de-validation-des-180-points-soutenance-1.docx\"><img decoding=\"async\" loading=\"lazy\" class=\"alignnone\" src=\"http:\/\/www.univ-mascara.dz\/fse\/wp-content\/uploads\/2022\/02\/logoword.png\" alt=\"\" width=\"24\" height=\"24\" \/><\/a><\/li><li>Attestations d\u2019inscription\u00a0\u00a0<\/li><\/ul><\/div>\n\t\t\t\t<\/div>\n\t\t\t\t\t\t\t\t<\/div>\n\t\t\t\t<\/div>\n\t\t\t\t<\/div>\n\t\t\t\t<div class=\"elementor-element elementor-element-79e56e8 elementor-widget elementor-widget-toggle\" data-id=\"79e56e8\" data-element_type=\"widget\" data-widget_type=\"toggle.default\">\n\t\t\t\t<div class=\"elementor-widget-container\">\n\t\t\t\t\t<div class=\"elementor-toggle\" role=\"tablist\">\n\t\t\t\t\t\t\t<div class=\"elementor-toggle-item\">\n\t\t\t\t\t<div id=\"elementor-tab-title-1271\" class=\"elementor-tab-title\" data-tab=\"1\" role=\"tab\" aria-controls=\"elementor-tab-content-1271\" aria-expanded=\"false\">\n\t\t\t\t\t\t\t\t\t\t\t\t<span class=\"elementor-toggle-icon elementor-toggle-icon-left\" aria-hidden=\"true\">\n\t\t\t\t\t\t\t\t\t\t\t\t\t\t\t<span class=\"elementor-toggle-icon-closed\"><i class=\"fas fa-caret-right\"><\/i><\/span>\n\t\t\t\t\t\t\t\t<span class=\"elementor-toggle-icon-opened\"><i class=\"elementor-toggle-icon-opened fas fa-caret-up\"><\/i><\/span>\n\t\t\t\t\t\t\t\t\t\t\t\t\t<\/span>\n\t\t\t\t\t\t\t\t\t\t\t\t<a href=\"\" class=\"elementor-toggle-title\">Dossier de soutenance Doctorat es Sciences <\/a>\n\t\t\t\t\t<\/div>\n\n\t\t\t\t\t<div id=\"elementor-tab-content-1271\" class=\"elementor-tab-content elementor-clearfix\" data-tab=\"1\" role=\"tabpanel\" aria-labelledby=\"elementor-tab-title-1271\"><ul><li>Th\u00e8se<\/li><li>Pi\u00e8ces justificatives (Publication, Communication, \u2026)<\/li><li>Annexe 1 Rapport de soutenabilit\u00e9 du directeur de la th\u00e8se\u00a0\u00a0<a href=\"http:\/\/www.univ-mascara.dz\/fse\/wp-content\/uploads\/2025\/10\/Annexe-1-Doc_Science_Rapport-de-soutenabilitedu-directeur-de-la-these.docx\"><img decoding=\"async\" loading=\"lazy\" class=\"alignnone\" src=\"http:\/\/www.univ-mascara.dz\/fse\/wp-content\/uploads\/2022\/02\/logoword.png\" alt=\"\" width=\"24\" height=\"24\" \/><\/a><\/li><li>Annexe 2 Rapport sur la publication, son environnement\u00a0\u00a0<a href=\"http:\/\/www.univ-mascara.dz\/fse\/wp-content\/uploads\/2025\/10\/Annexe-2-Doc_Science_Rapport-sur-la-publication-son-environnement.docx\"><img decoding=\"async\" loading=\"lazy\" class=\"alignnone\" src=\"http:\/\/www.univ-mascara.dz\/fse\/wp-content\/uploads\/2022\/02\/logoword.png\" alt=\"\" width=\"24\" height=\"24\" \/><\/a><\/li><li>Annexe 3 Attestation d\u2019inscription r\u00e9guli\u00e8re en doctorat en sciences\u00a0\u00a0<a href=\"http:\/\/www.univ-mascara.dz\/fse\/wp-content\/uploads\/2025\/10\/Annexe-3-Doc_Science_Attestation-dfinscription-r_guli_re-en-doctorat-en-sciences.docx\"><img decoding=\"async\" loading=\"lazy\" class=\"alignnone\" src=\"http:\/\/www.univ-mascara.dz\/fse\/wp-content\/uploads\/2022\/02\/logoword.png\" alt=\"\" width=\"24\" height=\"24\" \/><\/a><\/li><li>Proposition de jury<\/li><li>Attestations d\u2019inscription\u00a0\u00a0<\/li><\/ul><\/div>\n\t\t\t\t<\/div>\n\t\t\t\t\t\t\t\t<\/div>\n\t\t\t\t<\/div>\n\t\t\t\t<\/div>\n\t\t\t\t<div class=\"elementor-element elementor-element-7a0200c elementor-widget elementor-widget-toggle\" data-id=\"7a0200c\" data-element_type=\"widget\" data-widget_type=\"toggle.default\">\n\t\t\t\t<div class=\"elementor-widget-container\">\n\t\t\t\t\t<div class=\"elementor-toggle\" role=\"tablist\">\n\t\t\t\t\t\t\t<div class=\"elementor-toggle-item\">\n\t\t\t\t\t<div id=\"elementor-tab-title-1271\" class=\"elementor-tab-title\" data-tab=\"1\" role=\"tab\" aria-controls=\"elementor-tab-content-1271\" aria-expanded=\"false\">\n\t\t\t\t\t\t\t\t\t\t\t\t<span class=\"elementor-toggle-icon elementor-toggle-icon-left\" aria-hidden=\"true\">\n\t\t\t\t\t\t\t\t\t\t\t\t\t\t\t<span class=\"elementor-toggle-icon-closed\"><i class=\"fas fa-caret-right\"><\/i><\/span>\n\t\t\t\t\t\t\t\t<span class=\"elementor-toggle-icon-opened\"><i class=\"elementor-toggle-icon-opened fas fa-caret-up\"><\/i><\/span>\n\t\t\t\t\t\t\t\t\t\t\t\t\t<\/span>\n\t\t\t\t\t\t\t\t\t\t\t\t<a href=\"\" class=\"elementor-toggle-title\">Jury de Soutenance Doctorat Sciences et doctorat 3\u00e8me cycle<\/a>\n\t\t\t\t\t<\/div>\n\n\t\t\t\t\t<div id=\"elementor-tab-content-1271\" class=\"elementor-tab-content elementor-clearfix\" data-tab=\"1\" role=\"tabpanel\" aria-labelledby=\"elementor-tab-title-1271\"><ul><li>Annexe 5 Rapport d&rsquo;expertise (Tous les membres du Jury) (<a href=\"\/fse\/wp-content\/uploads\/2025\/10\/Annexe-5-Formulaire-dfexpertise.docx\"><img decoding=\"async\" loading=\"lazy\" class=\"alignnone\" style=\"font-style: inherit; font-weight: inherit;\" src=\"http:\/\/www.univ-mascara.dz\/fse\/wp-content\/uploads\/2022\/02\/logoword.png\" alt=\"\" width=\"24\" height=\"24\" \/><\/a>\u00a0<strong>\u00a0 Doctorat 3\u00e8me cycle<\/strong> ,<a href=\"\/fse\/wp-content\/uploads\/2025\/10\/Annexe-5-Doc_Science_Formulaire-dfexpertise.docx\"><img decoding=\"async\" loading=\"lazy\" class=\"alignnone\" src=\"http:\/\/www.univ-mascara.dz\/fse\/wp-content\/uploads\/2022\/02\/logoword.png\" alt=\"\" width=\"24\" height=\"24\" \/><\/a><strong> doctorat es Sciences<\/strong>\u00a0)<\/li><li>Rapport d&rsquo;expertise Final (Pour\u00a0 le Pr\u00e9sident)( \u00a0 <a href=\"\/fse\/wp-content\/uploads\/2025\/10\/Rapport-dexpertise-Final-Doctorat-LMD_President.docx\"><img decoding=\"async\" loading=\"lazy\" class=\"alignnone\" style=\"font-style: inherit; font-weight: inherit;\" src=\"http:\/\/www.univ-mascara.dz\/fse\/wp-content\/uploads\/2022\/02\/logoword.png\" alt=\"\" width=\"24\" height=\"24\" \/><\/a><strong>Doctorat 3\u00e8me cycle<\/strong> ,\u00a0 \u00a0\u00a0<a href=\"\/fse\/wp-content\/uploads\/2025\/10\/Rapport-Doc_Science_expertise-Final_President.docx\"><img decoding=\"async\" loading=\"lazy\" class=\"alignnone\" style=\"font-style: inherit; font-weight: inherit;\" src=\"http:\/\/www.univ-mascara.dz\/fse\/wp-content\/uploads\/2022\/02\/logoword.png\" alt=\"\" width=\"24\" height=\"24\" \/><\/a><strong>\u00a0 doctorat es Sciences<\/strong>\u00a0)<\/li><li>l&rsquo;annexe 6 : lev\u00e9e de r\u00e9serves (en PJ) \u00a0<strong>\u00a0<\/strong>\u00a0 <a href=\"\/fse\/wp-content\/uploads\/2025\/10\/Annexe-6-Formulaire-de-leve-de-rserves-aprs-soutenance.docx\"><img decoding=\"async\" loading=\"lazy\" class=\"alignnone\" style=\"font-style: inherit; font-weight: inherit;\" src=\"http:\/\/www.univ-mascara.dz\/fse\/wp-content\/uploads\/2022\/02\/logoword.png\" alt=\"\" width=\"24\" height=\"24\" \/><\/a><\/li><\/ul><\/div>\n\t\t\t\t<\/div>\n\t\t\t\t\t\t\t\t<\/div>\n\t\t\t\t<\/div>\n\t\t\t\t<\/div>\n\t\t\t\t\t<\/div>\n\t\t<\/div>\n\t\t\t\t\t\t\t<\/div>\n\t\t<\/section>\n\t\t\t\t<section class=\"elementor-section elementor-top-section elementor-element elementor-element-4144da6 elementor-section-boxed elementor-section-height-default elementor-section-height-default\" data-id=\"4144da6\" data-element_type=\"section\" data-settings=\"{&quot;background_background&quot;:&quot;classic&quot;}\">\n\t\t\t\t\t\t<div class=\"elementor-container elementor-column-gap-default\">\n\t\t\t\t\t<div class=\"elementor-column elementor-col-100 elementor-top-column elementor-element elementor-element-47ef4a9\" data-id=\"47ef4a9\" data-element_type=\"column\">\n\t\t\t<div class=\"elementor-widget-wrap elementor-element-populated\">\n\t\t\t\t\t\t\t\t<div class=\"elementor-element elementor-element-f5dae1e elementor-widget-divider--view-line_text elementor-widget-divider--element-align-center elementor-widget elementor-widget-divider\" data-id=\"f5dae1e\" data-element_type=\"widget\" data-widget_type=\"divider.default\">\n\t\t\t\t<div class=\"elementor-widget-container\">\n\t\t\t\t\t<div class=\"elementor-divider\">\n\t\t\t<span class=\"elementor-divider-separator\">\n\t\t\t\t\t\t\t<span class=\"elementor-divider__text elementor-divider__element\">\n\t\t\t\tCONTACT\t\t\t\t<\/span>\n\t\t\t\t\t\t<\/span>\n\t\t<\/div>\n\t\t\t\t<\/div>\n\t\t\t\t<\/div>\n\t\t\t\t\t<\/div>\n\t\t<\/div>\n\t\t\t\t\t\t\t<\/div>\n\t\t<\/section>\n\t\t\t\t<section class=\"elementor-section elementor-top-section elementor-element elementor-element-8e5489a elementor-section-boxed elementor-section-height-default elementor-section-height-default\" data-id=\"8e5489a\" data-element_type=\"section\" data-settings=\"{&quot;background_background&quot;:&quot;classic&quot;}\">\n\t\t\t\t\t\t\t<div class=\"elementor-background-overlay\"><\/div>\n\t\t\t\t\t\t\t<div class=\"elementor-container elementor-column-gap-default\">\n\t\t\t\t\t<div class=\"elementor-column elementor-col-100 elementor-top-column elementor-element elementor-element-5e2d90f\" data-id=\"5e2d90f\" data-element_type=\"column\">\n\t\t\t<div class=\"elementor-widget-wrap elementor-element-populated\">\n\t\t\t\t\t\t\t\t<div class=\"elementor-element elementor-element-979e508 elementor-widget elementor-widget-heading\" data-id=\"979e508\" data-element_type=\"widget\" data-widget_type=\"heading.default\">\n\t\t\t\t<div class=\"elementor-widget-container\">\n\t\t\t<h2 class=\"elementor-heading-title elementor-size-default\">Facult\u00e9  SE<\/h2>\t\t<\/div>\n\t\t\t\t<\/div>\n\t\t\t\t<div class=\"elementor-element elementor-element-2d5cc3c elementor-widget elementor-widget-heading\" data-id=\"2d5cc3c\" data-element_type=\"widget\" data-widget_type=\"heading.default\">\n\t\t\t\t<div class=\"elementor-widget-container\">\n\t\t\t<h2 class=\"elementor-heading-title elementor-size-default\">1 \u00e8re \u00e9tage\n<\/h2>\t\t<\/div>\n\t\t\t\t<\/div>\n\t\t\t\t<div class=\"elementor-element elementor-element-49c15be elementor-widget elementor-widget-heading\" data-id=\"49c15be\" data-element_type=\"widget\" data-widget_type=\"heading.default\">\n\t\t\t\t<div class=\"elementor-widget-container\">\n\t\t\t<h2 class=\"elementor-heading-title elementor-size-default\">T\u00e9l\/fax :045709365<\/h2>\t\t<\/div>\n\t\t\t\t<\/div>\n\t\t\t\t<div class=\"elementor-element elementor-element-cdd3ef5 elementor-widget elementor-widget-text-editor\" data-id=\"cdd3ef5\" data-element_type=\"widget\" data-widget_type=\"text-editor.default\">\n\t\t\t\t<div class=\"elementor-widget-container\">\n\t\t\t\t\t\t\t<p style=\"text-align: center;\"><span style=\"color: #000000;\"><strong>pg.fse@univ-mascara.dz<\/strong><\/span><\/p>\t\t\t\t\t\t<\/div>\n\t\t\t\t<\/div>\n\t\t\t\t\t<\/div>\n\t\t<\/div>\n\t\t\t\t\t\t\t<\/div>\n\t\t<\/section>\n\t\t\t\t\t\t\t<\/div>\n\t\t","protected":false},"excerpt":{"rendered":"<p>Soutenance Dossier de soutenance Doctorat 3\u00e8me cycle avant 2016 Th\u00e8se Pi\u00e8ces justificatives (Publication, Communication, \u2026) Proposition de jury \u00e9tablit par le responsable du CFD Annexe 1 Rapport de soutenabilit\u00e9 du directeur de la th\u00e8se\u00a0 Annexe 2 Rapport sur la publication, son environnement\u00a0 Annexe 3 Attestation d\u2019inscription r\u00e9guli\u00e8re en doctorat 3\u00e8me cycle\u00a0 Attestations d\u2019inscription\u00a0\u00a0 Dossier de &hellip;<\/p>\n<p class=\"read-more\"> <a class=\"\" href=\"https:\/\/www.univ-mascara.dz\/fse\/?page_id=11648\"> <span class=\"screen-reader-text\">Soutenance<\/span> Lire la suite\u00a0\u00bb<\/a><\/p>\n","protected":false},"author":2,"featured_media":0,"parent":0,"menu_order":0,"comment_status":"closed","ping_status":"closed","template":"","meta":[],"_links":{"self":[{"href":"https:\/\/www.univ-mascara.dz\/fse\/index.php?rest_route=\/wp\/v2\/pages\/11648"}],"collection":[{"href":"https:\/\/www.univ-mascara.dz\/fse\/index.php?rest_route=\/wp\/v2\/pages"}],"about":[{"href":"https:\/\/www.univ-mascara.dz\/fse\/index.php?rest_route=\/wp\/v2\/types\/page"}],"author":[{"embeddable":true,"href":"https:\/\/www.univ-mascara.dz\/fse\/index.php?rest_route=\/wp\/v2\/users\/2"}],"replies":[{"embeddable":true,"href":"https:\/\/www.univ-mascara.dz\/fse\/index.php?rest_route=%2Fwp%2Fv2%2Fcomments&post=11648"}],"version-history":[{"count":24,"href":"https:\/\/www.univ-mascara.dz\/fse\/index.php?rest_route=\/wp\/v2\/pages\/11648\/revisions"}],"predecessor-version":[{"id":22639,"href":"https:\/\/www.univ-mascara.dz\/fse\/index.php?rest_route=\/wp\/v2\/pages\/11648\/revisions\/22639"}],"wp:attachment":[{"href":"https:\/\/www.univ-mascara.dz\/fse\/index.php?rest_route=%2Fwp%2Fv2%2Fmedia&parent=11648"}],"curies":[{"name":"wp","href":"https:\/\/api.w.org\/{rel}","templated":true}]}}