{"id":11947,"date":"2022-03-16T09:50:28","date_gmt":"2022-03-16T08:50:28","guid":{"rendered":"http:\/\/nv.univ-mascara.dz\/fse\/?page_id=11947"},"modified":"2025-10-08T11:07:52","modified_gmt":"2025-10-08T10:07:52","slug":"%d8%a7%d9%84%d8%a3%d8%b7%d8%b1%d9%88%d8%ad%d8%a7%d8%aa","status":"publish","type":"page","link":"https:\/\/www.univ-mascara.dz\/fse\/?page_id=11947&lang=ar","title":{"rendered":"\u0627\u0644\u0623\u0637\u0631\u0648\u062d\u0627\u062a"},"content":{"rendered":"\t\t<div data-elementor-type=\"wp-page\" data-elementor-id=\"11947\" class=\"elementor elementor-11947\">\n\t\t\t\t\t\t\t\t\t<section class=\"elementor-section elementor-top-section elementor-element elementor-element-5ba0250 elementor-section-height-min-height elementor-section-boxed elementor-section-height-default elementor-section-items-middle\" data-id=\"5ba0250\" data-element_type=\"section\" data-settings=\"{&quot;background_background&quot;:&quot;classic&quot;}\">\n\t\t\t\t\t\t\t<div class=\"elementor-background-overlay\"><\/div>\n\t\t\t\t\t\t\t<div class=\"elementor-container elementor-column-gap-default\">\n\t\t\t\t\t<div class=\"elementor-column elementor-col-100 elementor-top-column elementor-element elementor-element-323a8b8\" data-id=\"323a8b8\" data-element_type=\"column\">\n\t\t\t<div class=\"elementor-widget-wrap elementor-element-populated\">\n\t\t\t\t\t\t\t\t<div class=\"elementor-element elementor-element-6d81680 elementor-widget elementor-widget-heading\" data-id=\"6d81680\" data-element_type=\"widget\" data-widget_type=\"heading.default\">\n\t\t\t\t<div class=\"elementor-widget-container\">\n\t\t\t<p class=\"elementor-heading-title elementor-size-medium\"><br><br><br><br>\n\u0623\u0637\u0640\u0640\u0640\u0631\u0648\u062d\u0640\u0640\u0640\u0640\u0640\u0640\u0629 \u0627\u0644\u062f\u0643\u062a\u0648\u0631\u0627\u0647 <\/p>\t\t<\/div>\n\t\t\t\t<\/div>\n\t\t\t\t<div class=\"elementor-element elementor-element-fa3c7b4 elementor-widget-divider--view-line elementor-widget elementor-widget-divider\" data-id=\"fa3c7b4\" data-element_type=\"widget\" data-widget_type=\"divider.default\">\n\t\t\t\t<div class=\"elementor-widget-container\">\n\t\t\t\t\t<div class=\"elementor-divider\">\n\t\t\t<span class=\"elementor-divider-separator\">\n\t\t\t\t\t\t<\/span>\n\t\t<\/div>\n\t\t\t\t<\/div>\n\t\t\t\t<\/div>\n\t\t\t\t\t<\/div>\n\t\t<\/div>\n\t\t\t\t\t\t\t<\/div>\n\t\t<\/section>\n\t\t\t\t<section class=\"elementor-section elementor-top-section elementor-element elementor-element-d36069d elementor-section-height-min-height elementor-section-content-middle elementor-section-boxed elementor-section-height-default elementor-section-items-middle\" data-id=\"d36069d\" data-element_type=\"section\" data-settings=\"{&quot;background_background&quot;:&quot;classic&quot;}\">\n\t\t\t\t\t\t<div class=\"elementor-container elementor-column-gap-default\">\n\t\t\t\t\t<div class=\"elementor-column elementor-col-100 elementor-top-column elementor-element elementor-element-8ae118f\" data-id=\"8ae118f\" data-element_type=\"column\">\n\t\t\t<div class=\"elementor-widget-wrap elementor-element-populated\">\n\t\t\t\t\t\t\t\t<div class=\"elementor-element elementor-element-1e910c8 elementor-widget elementor-widget-image\" data-id=\"1e910c8\" data-element_type=\"widget\" data-widget_type=\"image.default\">\n\t\t\t\t<div class=\"elementor-widget-container\">\n\t\t\t\t\t\t\t\t\t\t\t\t<figure class=\"wp-caption\">\n\t\t\t\t\t\t\t\t\t\t<img decoding=\"async\" width=\"735\" height=\"400\" src=\"https:\/\/www.univ-mascara.dz\/fse\/wp-content\/uploads\/2021\/09\/insdocs.jpg\" class=\"attachment-full size-full\" alt=\"\" loading=\"lazy\" srcset=\"https:\/\/www.univ-mascara.dz\/fse\/wp-content\/uploads\/2021\/09\/insdocs.jpg 735w, https:\/\/www.univ-mascara.dz\/fse\/wp-content\/uploads\/2021\/09\/insdocs-300x163.jpg 300w\" sizes=\"(max-width: 735px) 100vw, 735px\" \/>\t\t\t\t\t\t\t\t\t\t\t<figcaption class=\"widget-image-caption wp-caption-text\"><\/figcaption>\n\t\t\t\t\t\t\t\t\t\t<\/figure>\n\t\t\t\t\t\t\t\t\t<\/div>\n\t\t\t\t<\/div>\n\t\t\t\t<div class=\"elementor-element elementor-element-1ac7cdc elementor-widget elementor-widget-heading\" data-id=\"1ac7cdc\" data-element_type=\"widget\" data-widget_type=\"heading.default\">\n\t\t\t\t<div class=\"elementor-widget-container\">\n\t\t\t<div class=\"elementor-heading-title elementor-size-small\">\u0623\u0637\u0631\u0648\u062d\u0629 \u0627\u0644\u062f\u0643\u062a\u0648\u0631\u0627\u0647<\/div>\t\t<\/div>\n\t\t\t\t<\/div>\n\t\t\t\t<div class=\"elementor-element elementor-element-cf9c149 elementor-widget-divider--view-line elementor-widget elementor-widget-divider\" data-id=\"cf9c149\" data-element_type=\"widget\" data-widget_type=\"divider.default\">\n\t\t\t\t<div class=\"elementor-widget-container\">\n\t\t\t\t\t<div class=\"elementor-divider\">\n\t\t\t<span class=\"elementor-divider-separator\">\n\t\t\t\t\t\t<\/span>\n\t\t<\/div>\n\t\t\t\t<\/div>\n\t\t\t\t<\/div>\n\t\t\t\t<div class=\"elementor-element elementor-element-5859031 elementor-widget elementor-widget-toggle\" data-id=\"5859031\" data-element_type=\"widget\" data-widget_type=\"toggle.default\">\n\t\t\t\t<div class=\"elementor-widget-container\">\n\t\t\t\t\t<div class=\"elementor-toggle\" role=\"tablist\">\n\t\t\t\t\t\t\t<div class=\"elementor-toggle-item\">\n\t\t\t\t\t<div id=\"elementor-tab-title-9261\" class=\"elementor-tab-title\" data-tab=\"1\" role=\"tab\" aria-controls=\"elementor-tab-content-9261\" aria-expanded=\"false\">\n\t\t\t\t\t\t\t\t\t\t\t\t<span class=\"elementor-toggle-icon elementor-toggle-icon-left\" aria-hidden=\"true\">\n\t\t\t\t\t\t\t\t\t\t\t\t\t\t\t<span class=\"elementor-toggle-icon-closed\"><i class=\"fas fa-caret-right\"><\/i><\/span>\n\t\t\t\t\t\t\t\t<span class=\"elementor-toggle-icon-opened\"><i class=\"elementor-toggle-icon-opened fas fa-caret-up\"><\/i><\/span>\n\t\t\t\t\t\t\t\t\t\t\t\t\t<\/span>\n\t\t\t\t\t\t\t\t\t\t\t\t<a href=\"\" class=\"elementor-toggle-title\">\u0645\u0644\u0641 \u0627\u0637\u0631\u0648\u062d\u0629 \u0627\u0644\u062f\u0643\u062a\u0648\u0631\u0627\u0647 \u0627\u0644\u0637\u0648\u0631 \u0627\u0644\u062b\u0627\u0644\u062b \u0642\u0628\u0644 2016<\/a>\n\t\t\t\t\t<\/div>\n\n\t\t\t\t\t<div id=\"elementor-tab-content-9261\" class=\"elementor-tab-content elementor-clearfix\" data-tab=\"1\" role=\"tabpanel\" aria-labelledby=\"elementor-tab-title-9261\"><ul><li>Th\u00e8se<\/li><li>Pi\u00e8ces justificatives (Publication, Communication, \u2026)<\/li><li>Proposition de jury \u00e9tablit par le responsable du CFD<\/li><li>Annexe 1 Rapport de soutenabilit\u00e9 du directeur de la th\u00e8se\u00a0\u00a0<a href=\"https:\/\/www.univ-mascara.dz\/fse\/wp-content\/uploads\/2025\/10\/Annexe-1-Doc-LMD_Rapport-de-soutenabilitedu-directeur-de-la-these.docx\"><img decoding=\"async\" loading=\"lazy\" class=\"alignnone\" src=\"http:\/\/www.univ-mascara.dz\/fse\/wp-content\/uploads\/2022\/02\/logoword.png\" alt=\"\" width=\"24\" height=\"24\" \/><\/a><\/li><li>Annexe 2 Rapport sur la publication, son environnement\u00a0<a href=\"https:\/\/www.univ-mascara.dz\/fse\/wp-content\/uploads\/2025\/10\/Annexe-2-Doc-LMD_Rapport-sur-la-publication-son-environnement.docx\"><img decoding=\"async\" loading=\"lazy\" class=\"alignnone\" src=\"http:\/\/www.univ-mascara.dz\/fse\/wp-content\/uploads\/2022\/02\/logoword.png\" alt=\"\" width=\"24\" height=\"24\" \/><\/a><\/li><li>Annexe 3 Attestation d\u2019inscription r\u00e9guli\u00e8re en doctorat 3<sup>\u00e8me<\/sup>\u00a0cycle\u00a0<a href=\"https:\/\/www.univ-mascara.dz\/fse\/wp-content\/uploads\/2025\/10\/Annexe-3-Doc-LMD_Attestation-dfinscription-r_guli_re.docx\"><img decoding=\"async\" loading=\"lazy\" class=\"alignnone\" src=\"http:\/\/www.univ-mascara.dz\/fse\/wp-content\/uploads\/2022\/02\/logoword.png\" alt=\"\" width=\"24\" height=\"24\" \/><\/a><\/li><li>Attestations d\u2019inscription\u00a0\u00a0<\/li><\/ul><\/div>\n\t\t\t\t<\/div>\n\t\t\t\t\t\t\t\t<\/div>\n\t\t\t\t<\/div>\n\t\t\t\t<\/div>\n\t\t\t\t<div class=\"elementor-element elementor-element-670a63e elementor-widget elementor-widget-toggle\" data-id=\"670a63e\" data-element_type=\"widget\" data-widget_type=\"toggle.default\">\n\t\t\t\t<div class=\"elementor-widget-container\">\n\t\t\t\t\t<div class=\"elementor-toggle\" role=\"tablist\">\n\t\t\t\t\t\t\t<div class=\"elementor-toggle-item\">\n\t\t\t\t\t<div id=\"elementor-tab-title-1081\" class=\"elementor-tab-title\" data-tab=\"1\" role=\"tab\" aria-controls=\"elementor-tab-content-1081\" aria-expanded=\"false\">\n\t\t\t\t\t\t\t\t\t\t\t\t<span class=\"elementor-toggle-icon elementor-toggle-icon-left\" aria-hidden=\"true\">\n\t\t\t\t\t\t\t\t\t\t\t\t\t\t\t<span class=\"elementor-toggle-icon-closed\"><i class=\"fas fa-caret-right\"><\/i><\/span>\n\t\t\t\t\t\t\t\t<span class=\"elementor-toggle-icon-opened\"><i class=\"elementor-toggle-icon-opened fas fa-caret-up\"><\/i><\/span>\n\t\t\t\t\t\t\t\t\t\t\t\t\t<\/span>\n\t\t\t\t\t\t\t\t\t\t\t\t<a href=\"\" class=\"elementor-toggle-title\">\u0645\u0644\u0641 \u0627\u0637\u0631\u0648\u062d\u0629 \u0627\u0644\u062f\u0643\u062a\u0648\u0631\u0627\u0647  \u0627\u0644\u0637\u0648\u0631 \u0627\u0644\u062b\u0627\u0644\u062b \u0628\u0639\u062f 2016<\/a>\n\t\t\t\t\t<\/div>\n\n\t\t\t\t\t<div id=\"elementor-tab-content-1081\" class=\"elementor-tab-content elementor-clearfix\" data-tab=\"1\" role=\"tabpanel\" aria-labelledby=\"elementor-tab-title-1081\"><ul><li>Th\u00e8se<\/li><li>Carnet du doctorant<\/li><li>Pi\u00e8ces justificatives (Publication, Communication, \u2026)<\/li><li>Proposition de jury \u00e9tablit par le responsable du CFD<\/li><li>Annexe 1 Rapport de soutenabilit\u00e9 du directeur de la th\u00e8se\u00a0<a href=\"https:\/\/www.univ-mascara.dz\/fse\/wp-content\/uploads\/2025\/10\/Annexe-1-Doc-LMD_Rapport-de-soutenabilitedu-directeur-de-la-these.docx\"><img decoding=\"async\" loading=\"lazy\" class=\"alignnone\" src=\"http:\/\/www.univ-mascara.dz\/fse\/wp-content\/uploads\/2022\/02\/logoword.png\" alt=\"\" width=\"24\" height=\"24\" \/><\/a><\/li><li>Annexe 2 Rapport sur la publication, son environnement\u00a0\u00a0<a href=\"https:\/\/www.univ-mascara.dz\/fse\/wp-content\/uploads\/2025\/10\/Annexe-2-Doc-LMD_Rapport-sur-la-publication-son-environnement.docx\"><img decoding=\"async\" loading=\"lazy\" class=\"alignnone\" src=\"http:\/\/www.univ-mascara.dz\/fse\/wp-content\/uploads\/2022\/02\/logoword.png\" alt=\"\" width=\"24\" height=\"24\" \/><\/a><\/li><li>Annexe 3 Attestation d\u2019inscription r\u00e9guli\u00e8re en doctorat 3\u00e8me cycle\u00a0\u00a0<a href=\"https:\/\/www.univ-mascara.dz\/fse\/wp-content\/uploads\/2025\/10\/Annexe-3-Doc-LMD_Attestation-dfinscription-r_guli_re.docx\"><img decoding=\"async\" loading=\"lazy\" class=\"alignnone\" src=\"http:\/\/www.univ-mascara.dz\/fse\/wp-content\/uploads\/2022\/02\/logoword.png\" alt=\"\" width=\"24\" height=\"24\" \/><\/a><\/li><li>Rapport de validation des 180 points\u00a0<a href=\"https:\/\/www.univ-mascara.dz\/fse\/wp-content\/uploads\/2025\/10\/Rapport-de-validation-des-180-points-soutenance-1.docx\"><img decoding=\"async\" loading=\"lazy\" class=\"alignnone\" src=\"http:\/\/www.univ-mascara.dz\/fse\/wp-content\/uploads\/2022\/02\/logoword.png\" alt=\"\" width=\"24\" height=\"24\" \/><\/a><\/li><li>Attestations d\u2019inscription\u00a0\u00a0<\/li><\/ul><\/div>\n\t\t\t\t<\/div>\n\t\t\t\t\t\t\t\t<\/div>\n\t\t\t\t<\/div>\n\t\t\t\t<\/div>\n\t\t\t\t<div class=\"elementor-element elementor-element-79e56e8 elementor-widget elementor-widget-toggle\" data-id=\"79e56e8\" data-element_type=\"widget\" data-widget_type=\"toggle.default\">\n\t\t\t\t<div class=\"elementor-widget-container\">\n\t\t\t\t\t<div class=\"elementor-toggle\" role=\"tablist\">\n\t\t\t\t\t\t\t<div class=\"elementor-toggle-item\">\n\t\t\t\t\t<div id=\"elementor-tab-title-1271\" class=\"elementor-tab-title\" data-tab=\"1\" role=\"tab\" aria-controls=\"elementor-tab-content-1271\" aria-expanded=\"false\">\n\t\t\t\t\t\t\t\t\t\t\t\t<span class=\"elementor-toggle-icon elementor-toggle-icon-left\" aria-hidden=\"true\">\n\t\t\t\t\t\t\t\t\t\t\t\t\t\t\t<span class=\"elementor-toggle-icon-closed\"><i class=\"fas fa-caret-right\"><\/i><\/span>\n\t\t\t\t\t\t\t\t<span class=\"elementor-toggle-icon-opened\"><i class=\"elementor-toggle-icon-opened fas fa-caret-up\"><\/i><\/span>\n\t\t\t\t\t\t\t\t\t\t\t\t\t<\/span>\n\t\t\t\t\t\t\t\t\t\t\t\t<a href=\"\" class=\"elementor-toggle-title\">\u0645\u0644\u0641 \u0627\u0637\u0631\u0648\u062d\u0629 \u0627\u0644\u062f\u0643\u062a\u0648\u0631\u0627\u0647 \u0639\u0644\u0648\u0645 <\/a>\n\t\t\t\t\t<\/div>\n\n\t\t\t\t\t<div id=\"elementor-tab-content-1271\" class=\"elementor-tab-content elementor-clearfix\" data-tab=\"1\" role=\"tabpanel\" aria-labelledby=\"elementor-tab-title-1271\"><ul><li>Th\u00e8se<\/li><li>Pi\u00e8ces justificatives (Publication, Communication, \u2026)<\/li><li>Annexe 1 Rapport de soutenabilit\u00e9 du directeur de la th\u00e8se\u00a0\u00a0<a href=\"http:\/\/www.univ-mascara.dz\/fse\/wp-content\/uploads\/2025\/10\/Annexe-1-Doc_Science_Rapport-de-soutenabilitedu-directeur-de-la-these.docx\"><img decoding=\"async\" loading=\"lazy\" class=\"alignnone\" src=\"http:\/\/www.univ-mascara.dz\/fse\/wp-content\/uploads\/2022\/02\/logoword.png\" alt=\"\" width=\"24\" height=\"24\" \/><\/a><\/li><li>Annexe 2 Rapport sur la publication, son environnement\u00a0\u00a0<a href=\"http:\/\/www.univ-mascara.dz\/fse\/wp-content\/uploads\/2025\/10\/Annexe-2-Doc_Science_Rapport-sur-la-publication-son-environnement.docx\"><img decoding=\"async\" loading=\"lazy\" class=\"alignnone\" src=\"http:\/\/www.univ-mascara.dz\/fse\/wp-content\/uploads\/2022\/02\/logoword.png\" alt=\"\" width=\"24\" height=\"24\" \/><\/a><\/li><li>Annexe 3 Attestation d\u2019inscription r\u00e9guli\u00e8re en doctorat en sciences\u00a0\u00a0<a href=\"http:\/\/www.univ-mascara.dz\/fse\/wp-content\/uploads\/2025\/10\/Annexe-3-Doc_Science_Attestation-dfinscription-r_guli_re-en-doctorat-en-sciences.docx\"><img decoding=\"async\" loading=\"lazy\" class=\"alignnone\" src=\"http:\/\/www.univ-mascara.dz\/fse\/wp-content\/uploads\/2022\/02\/logoword.png\" alt=\"\" width=\"24\" height=\"24\" \/><\/a><\/li><li>Proposition de jury<\/li><li>Attestations d\u2019inscription\u00a0\u00a0<\/li><\/ul><\/div>\n\t\t\t\t<\/div>\n\t\t\t\t\t\t\t\t<\/div>\n\t\t\t\t<\/div>\n\t\t\t\t<\/div>\n\t\t\t\t<div class=\"elementor-element elementor-element-7a0200c elementor-widget elementor-widget-toggle\" data-id=\"7a0200c\" data-element_type=\"widget\" data-widget_type=\"toggle.default\">\n\t\t\t\t<div class=\"elementor-widget-container\">\n\t\t\t\t\t<div class=\"elementor-toggle\" role=\"tablist\">\n\t\t\t\t\t\t\t<div class=\"elementor-toggle-item\">\n\t\t\t\t\t<div id=\"elementor-tab-title-1271\" class=\"elementor-tab-title\" data-tab=\"1\" role=\"tab\" aria-controls=\"elementor-tab-content-1271\" aria-expanded=\"false\">\n\t\t\t\t\t\t\t\t\t\t\t\t<span class=\"elementor-toggle-icon elementor-toggle-icon-left\" aria-hidden=\"true\">\n\t\t\t\t\t\t\t\t\t\t\t\t\t\t\t<span class=\"elementor-toggle-icon-closed\"><i class=\"fas fa-caret-right\"><\/i><\/span>\n\t\t\t\t\t\t\t\t<span class=\"elementor-toggle-icon-opened\"><i class=\"elementor-toggle-icon-opened fas fa-caret-up\"><\/i><\/span>\n\t\t\t\t\t\t\t\t\t\t\t\t\t<\/span>\n\t\t\t\t\t\t\t\t\t\t\t\t<a href=\"\" class=\"elementor-toggle-title\">\u062a\u0633\u064a\u0631 \u0627\u0637\u0631\u0648\u062d\u0629 \u0627\u0644\u062f\u0643\u062a\u0648\u0631\u0627\u0647 \u0639\u0644\u0648\u0645 \u0648 \u0627\u0644\u0637\u0648\u0631 \u0627\u0644\u062b\u0627\u0644\u062b <\/a>\n\t\t\t\t\t<\/div>\n\n\t\t\t\t\t<div id=\"elementor-tab-content-1271\" class=\"elementor-tab-content elementor-clearfix\" data-tab=\"1\" role=\"tabpanel\" aria-labelledby=\"elementor-tab-title-1271\"><ul><li>Annexe 5 Rapport d\u2019expertise (Tous les membres du Jury) (<a href=\"https:\/\/www.univ-mascara.dz\/fse\/wp-content\/uploads\/2025\/10\/Annexe-5-Formulaire-dfexpertise.docx\"><img decoding=\"async\" loading=\"lazy\" class=\"alignnone\" src=\"http:\/\/www.univ-mascara.dz\/fse\/wp-content\/uploads\/2022\/02\/logoword.png\" alt=\"\" width=\"24\" height=\"24\" \/><\/a>\u00a0<strong>\u00a0 Doctorat 3\u00e8me cycle<\/strong>\u00a0,<a href=\"https:\/\/www.univ-mascara.dz\/fse\/wp-content\/uploads\/2025\/10\/Annexe-5-Doc_Science_Formulaire-dfexpertise.docx\"><img decoding=\"async\" loading=\"lazy\" class=\"alignnone\" src=\"http:\/\/www.univ-mascara.dz\/fse\/wp-content\/uploads\/2022\/02\/logoword.png\" alt=\"\" width=\"24\" height=\"24\" \/><\/a><strong>\u00a0doctorat es Sciences<\/strong>\u00a0)<\/li><li>Rapport d\u2019expertise Final (Pour\u00a0 le Pr\u00e9sident)( \u00a0\u00a0<a href=\"https:\/\/www.univ-mascara.dz\/fse\/wp-content\/uploads\/2025\/10\/Rapport-dexpertise-Final-Doctorat-LMD_President.docx\"><img decoding=\"async\" loading=\"lazy\" class=\"alignnone\" src=\"http:\/\/www.univ-mascara.dz\/fse\/wp-content\/uploads\/2022\/02\/logoword.png\" alt=\"\" width=\"24\" height=\"24\" \/><\/a><strong>Doctorat 3\u00e8me cycle<\/strong>\u00a0,\u00a0 \u00a0\u00a0<a href=\"https:\/\/www.univ-mascara.dz\/fse\/wp-content\/uploads\/2025\/10\/Rapport-Doc_Science_expertise-Final_President.docx\"><img decoding=\"async\" loading=\"lazy\" class=\"alignnone\" src=\"http:\/\/www.univ-mascara.dz\/fse\/wp-content\/uploads\/2022\/02\/logoword.png\" alt=\"\" width=\"24\" height=\"24\" \/><\/a><strong>\u00a0 doctorat es Sciences<\/strong>\u00a0)<\/li><li>l\u2019annexe 6 : lev\u00e9e de r\u00e9serves (en PJ) \u00a0<strong>\u00a0<\/strong>\u00a0\u00a0<a href=\"https:\/\/www.univ-mascara.dz\/fse\/wp-content\/uploads\/2025\/10\/Annexe-6-Formulaire-de-leve-de-rserves-aprs-soutenance.docx\"><img decoding=\"async\" loading=\"lazy\" class=\"alignnone\" src=\"http:\/\/www.univ-mascara.dz\/fse\/wp-content\/uploads\/2022\/02\/logoword.png\" alt=\"\" width=\"24\" height=\"24\" \/><\/a><\/li><\/ul><\/div>\n\t\t\t\t<\/div>\n\t\t\t\t\t\t\t\t<\/div>\n\t\t\t\t<\/div>\n\t\t\t\t<\/div>\n\t\t\t\t\t<\/div>\n\t\t<\/div>\n\t\t\t\t\t\t\t<\/div>\n\t\t<\/section>\n\t\t\t\t<section class=\"elementor-section elementor-top-section elementor-element elementor-element-9028509 elementor-section-boxed elementor-section-height-default elementor-section-height-default\" data-id=\"9028509\" data-element_type=\"section\" data-settings=\"{&quot;background_background&quot;:&quot;classic&quot;}\">\n\t\t\t\t\t\t<div class=\"elementor-container elementor-column-gap-default\">\n\t\t\t\t\t<div class=\"elementor-column elementor-col-100 elementor-top-column elementor-element elementor-element-17811ae\" data-id=\"17811ae\" data-element_type=\"column\">\n\t\t\t<div class=\"elementor-widget-wrap elementor-element-populated\">\n\t\t\t\t\t\t\t\t<div class=\"elementor-element elementor-element-81fc680 elementor-widget-divider--view-line_text elementor-widget-divider--element-align-center elementor-widget elementor-widget-divider\" data-id=\"81fc680\" data-element_type=\"widget\" data-widget_type=\"divider.default\">\n\t\t\t\t<div class=\"elementor-widget-container\">\n\t\t\t\t\t<div class=\"elementor-divider\">\n\t\t\t<span class=\"elementor-divider-separator\">\n\t\t\t\t\t\t\t<span class=\"elementor-divider__text elementor-divider__element\">\n\t\t\t\t\u0625\u062a\u0635\u0644 \u0628\u0646\u0627 \t\t\t\t<\/span>\n\t\t\t\t\t\t<\/span>\n\t\t<\/div>\n\t\t\t\t<\/div>\n\t\t\t\t<\/div>\n\t\t\t\t\t<\/div>\n\t\t<\/div>\n\t\t\t\t\t\t\t<\/div>\n\t\t<\/section>\n\t\t\t\t<section class=\"elementor-section elementor-top-section elementor-element elementor-element-e31c331 elementor-section-boxed elementor-section-height-default elementor-section-height-default\" data-id=\"e31c331\" data-element_type=\"section\" data-settings=\"{&quot;background_background&quot;:&quot;classic&quot;}\">\n\t\t\t\t\t\t\t<div class=\"elementor-background-overlay\"><\/div>\n\t\t\t\t\t\t\t<div class=\"elementor-container elementor-column-gap-default\">\n\t\t\t\t\t<div class=\"elementor-column elementor-col-100 elementor-top-column elementor-element elementor-element-36de7ce\" data-id=\"36de7ce\" data-element_type=\"column\">\n\t\t\t<div class=\"elementor-widget-wrap elementor-element-populated\">\n\t\t\t\t\t\t\t\t<div class=\"elementor-element elementor-element-4a56185 elementor-widget elementor-widget-heading\" data-id=\"4a56185\" data-element_type=\"widget\" data-widget_type=\"heading.default\">\n\t\t\t\t<div class=\"elementor-widget-container\">\n\t\t\t<p class=\"elementor-heading-title elementor-size-large\">\u0646\u064a\u0627\u0628\u0629 \u0627\u0644\u0639\u0645\u0627\u062f\u0629 \u0627\u0644\u0645\u0643\u0644\u0641\u0629 \u0628\u0645\u0627 \u0628\u0639\u062f \u0627\u0644\u062a\u062f\u0631\u062c \u0648 \u0627\u0644\u0628\u062d\u062b \u0627\u0644\u0639\u0644\u0645\u064a \u0648 \u0627\u0644\u0639\u0644\u0627\u0642\u0627\u062a \u0627\u0644\u062e\u0627\u0631\u062c\u064a\u0629 <br> \u0627\u0644\u0637\u0627\u0628\u0642 \u0627\u0644\u0623\u0648\u0644<\/p>\t\t<\/div>\n\t\t\t\t<\/div>\n\t\t\t\t<div class=\"elementor-element elementor-element-b54bcba elementor-widget elementor-widget-heading\" data-id=\"b54bcba\" data-element_type=\"widget\" data-widget_type=\"heading.default\">\n\t\t\t\t<div class=\"elementor-widget-container\">\n\t\t\t<p class=\"elementor-heading-title elementor-size-large\">T\u00e9l\/fax :045709365<\/p>\t\t<\/div>\n\t\t\t\t<\/div>\n\t\t\t\t<div class=\"elementor-element elementor-element-beca88b elementor-widget elementor-widget-heading\" data-id=\"beca88b\" data-element_type=\"widget\" data-widget_type=\"heading.default\">\n\t\t\t\t<div class=\"elementor-widget-container\">\n\t\t\t<p class=\"elementor-heading-title elementor-size-large\"><span style=\"color: #000000;\"><strong>pg.fse@univ-mascara.dz<\/strong><\/span><\/p>\t\t<\/div>\n\t\t\t\t<\/div>\n\t\t\t\t\t<\/div>\n\t\t<\/div>\n\t\t\t\t\t\t\t<\/div>\n\t\t<\/section>\n\t\t\t\t\t\t\t<\/div>\n\t\t","protected":false},"excerpt":{"rendered":"<p>\u0623\u0637\u0640\u0640\u0640\u0631\u0648\u062d\u0640\u0640\u0640\u0640\u0640\u0640\u0629 \u0627\u0644\u062f\u0643\u062a\u0648\u0631\u0627\u0647 \u0623\u0637\u0631\u0648\u062d\u0629 \u0627\u0644\u062f\u0643\u062a\u0648\u0631\u0627\u0647 \u0645\u0644\u0641 \u0627\u0637\u0631\u0648\u062d\u0629 \u0627\u0644\u062f\u0643\u062a\u0648\u0631\u0627\u0647 \u0627\u0644\u0637\u0648\u0631 \u0627\u0644\u062b\u0627\u0644\u062b \u0642\u0628\u0644 2016 Th\u00e8se Pi\u00e8ces justificatives (Publication, Communication, \u2026) Proposition de jury \u00e9tablit par le responsable du CFD Annexe 1 Rapport de soutenabilit\u00e9 du directeur de la th\u00e8se\u00a0\u00a0 Annexe 2 Rapport sur la publication, son environnement\u00a0 Annexe 3 Attestation d\u2019inscription r\u00e9guli\u00e8re en doctorat 3\u00e8me\u00a0cycle\u00a0 Attestations d\u2019inscription\u00a0\u00a0 \u0645\u0644\u0641 &hellip;<\/p>\n<p class=\"read-more\"> <a class=\"\" href=\"https:\/\/www.univ-mascara.dz\/fse\/?page_id=11947&#038;lang=ar\"> <span class=\"screen-reader-text\">\u0627\u0644\u0623\u0637\u0631\u0648\u062d\u0627\u062a<\/span> Lire la suite\u00a0\u00bb<\/a><\/p>\n","protected":false},"author":2,"featured_media":0,"parent":0,"menu_order":0,"comment_status":"closed","ping_status":"closed","template":"","meta":[],"_links":{"self":[{"href":"https:\/\/www.univ-mascara.dz\/fse\/index.php?rest_route=\/wp\/v2\/pages\/11947"}],"collection":[{"href":"https:\/\/www.univ-mascara.dz\/fse\/index.php?rest_route=\/wp\/v2\/pages"}],"about":[{"href":"https:\/\/www.univ-mascara.dz\/fse\/index.php?rest_route=\/wp\/v2\/types\/page"}],"author":[{"embeddable":true,"href":"https:\/\/www.univ-mascara.dz\/fse\/index.php?rest_route=\/wp\/v2\/users\/2"}],"replies":[{"embeddable":true,"href":"https:\/\/www.univ-mascara.dz\/fse\/index.php?rest_route=%2Fwp%2Fv2%2Fcomments&post=11947"}],"version-history":[{"count":30,"href":"https:\/\/www.univ-mascara.dz\/fse\/index.php?rest_route=\/wp\/v2\/pages\/11947\/revisions"}],"predecessor-version":[{"id":22678,"href":"https:\/\/www.univ-mascara.dz\/fse\/index.php?rest_route=\/wp\/v2\/pages\/11947\/revisions\/22678"}],"wp:attachment":[{"href":"https:\/\/www.univ-mascara.dz\/fse\/index.php?rest_route=%2Fwp%2Fv2%2Fmedia&parent=11947"}],"curies":[{"name":"wp","href":"https:\/\/api.w.org\/{rel}","templated":true}]}}