{"id":2094,"date":"2021-07-13T11:58:43","date_gmt":"2021-07-13T10:58:43","guid":{"rendered":"http:\/\/193.194.87.76\/fsnv\/?page_id=2094"},"modified":"2022-03-17T10:13:10","modified_gmt":"2022-03-17T09:13:10","slug":"presentation-dep-chimie","status":"publish","type":"page","link":"https:\/\/www.univ-mascara.dz\/fse\/?page_id=2094","title":{"rendered":"Pr\u00e9sentation-dep-chimie"},"content":{"rendered":"\t\t<div data-elementor-type=\"wp-page\" data-elementor-id=\"2094\" class=\"elementor elementor-2094\">\n\t\t\t\t\t\t\t\t\t<section class=\"elementor-section elementor-top-section elementor-element elementor-element-1d976f5 elementor-section-boxed elementor-section-height-default elementor-section-height-default\" data-id=\"1d976f5\" data-element_type=\"section\" data-settings=\"{&quot;background_background&quot;:&quot;classic&quot;}\">\n\t\t\t\t\t\t\t<div class=\"elementor-background-overlay\"><\/div>\n\t\t\t\t\t\t\t<div class=\"elementor-container elementor-column-gap-default\">\n\t\t\t\t\t<div class=\"elementor-column elementor-col-100 elementor-top-column elementor-element elementor-element-bea3f4c\" data-id=\"bea3f4c\" data-element_type=\"column\">\n\t\t\t<div class=\"elementor-widget-wrap elementor-element-populated\">\n\t\t\t\t\t\t\t\t<div class=\"elementor-element elementor-element-7c8365b elementor-widget elementor-widget-heading\" data-id=\"7c8365b\" data-element_type=\"widget\" data-widget_type=\"heading.default\">\n\t\t\t\t<div class=\"elementor-widget-container\">\n\t\t\t<p class=\"elementor-heading-title elementor-size-medium\"><br><br>  Pr\u00e9sentation <\/p>\t\t<\/div>\n\t\t\t\t<\/div>\n\t\t\t\t<div class=\"elementor-element elementor-element-8a91769 elementor-widget-divider--view-line elementor-widget elementor-widget-divider\" data-id=\"8a91769\" data-element_type=\"widget\" data-widget_type=\"divider.default\">\n\t\t\t\t<div class=\"elementor-widget-container\">\n\t\t\t\t\t<div class=\"elementor-divider\">\n\t\t\t<span class=\"elementor-divider-separator\">\n\t\t\t\t\t\t<\/span>\n\t\t<\/div>\n\t\t\t\t<\/div>\n\t\t\t\t<\/div>\n\t\t\t\t<div class=\"elementor-element elementor-element-900aeec elementor-widget elementor-widget-heading\" data-id=\"900aeec\" data-element_type=\"widget\" data-widget_type=\"heading.default\">\n\t\t\t\t<div class=\"elementor-widget-container\">\n\t\t\t<span class=\"elementor-heading-title elementor-size-default\">D\u00e9partement Chimie<\/span>\t\t<\/div>\n\t\t\t\t<\/div>\n\t\t\t\t<div class=\"elementor-element elementor-element-ec9405e elementor-widget elementor-widget-image\" data-id=\"ec9405e\" data-element_type=\"widget\" data-widget_type=\"image.default\">\n\t\t\t\t<div class=\"elementor-widget-container\">\n\t\t\t\t\t\t\t\t\t\t\t\t\t\t\t<img decoding=\"async\" width=\"300\" height=\"156\" src=\"https:\/\/www.univ-mascara.dz\/fse\/wp-content\/uploads\/2022\/02\/sm-300x156.jpg\" class=\"attachment-medium size-medium\" alt=\"\" loading=\"lazy\" srcset=\"https:\/\/www.univ-mascara.dz\/fse\/wp-content\/uploads\/2022\/02\/sm-300x156.jpg 300w, https:\/\/www.univ-mascara.dz\/fse\/wp-content\/uploads\/2022\/02\/sm.jpg 311w\" sizes=\"(max-width: 300px) 100vw, 300px\" \/>\t\t\t\t\t\t\t\t\t\t\t\t\t\t\t<\/div>\n\t\t\t\t<\/div>\n\t\t\t\t\t<\/div>\n\t\t<\/div>\n\t\t\t\t\t\t\t<\/div>\n\t\t<\/section>\n\t\t\t\t<section class=\"elementor-section elementor-top-section elementor-element elementor-element-8cb0811 elementor-section-boxed elementor-section-height-default elementor-section-height-default\" data-id=\"8cb0811\" data-element_type=\"section\" data-settings=\"{&quot;background_background&quot;:&quot;classic&quot;}\">\n\t\t\t\t\t\t<div class=\"elementor-container elementor-column-gap-default\">\n\t\t\t\t\t<div class=\"elementor-column elementor-col-100 elementor-top-column elementor-element elementor-element-3993fda\" data-id=\"3993fda\" data-element_type=\"column\">\n\t\t\t<div class=\"elementor-widget-wrap elementor-element-populated\">\n\t\t\t\t\t\t\t\t<div class=\"elementor-element elementor-element-88ad0a7 eael-tooltip-align-left elementor-widget elementor-widget-eael-tooltip\" data-id=\"88ad0a7\" data-element_type=\"widget\" data-widget_type=\"eael-tooltip.default\">\n\t\t\t\t<div class=\"elementor-widget-container\">\n\t\t\t\t<div class=\"eael-tooltip\">\n\t\t\t\t\t<span class=\"eael-tooltip-content\"><a href=\"\/fse\/?page_id=871\">\t\t\t\t\t\t\t\t\t\t\t\t<i class=\"fas fa-reply\"><\/i>\n\t\t\t\t\t\t\t\t\t\t<\/a><\/span>\n  \t\t\t<span class=\"eael-tooltip-text eael-tooltip-right\"><p>retour<\/p><\/span>\n  \t\t\t<\/div>\n\t\t\t<\/div>\n\t\t\t\t<\/div>\n\t\t\t\t<div class=\"elementor-element elementor-element-4d5f5ff elementor-widget-divider--view-line elementor-widget elementor-widget-divider\" data-id=\"4d5f5ff\" data-element_type=\"widget\" data-widget_type=\"divider.default\">\n\t\t\t\t<div class=\"elementor-widget-container\">\n\t\t\t\t\t<div class=\"elementor-divider\">\n\t\t\t<span class=\"elementor-divider-separator\">\n\t\t\t\t\t\t<\/span>\n\t\t<\/div>\n\t\t\t\t<\/div>\n\t\t\t\t<\/div>\n\t\t\t\t<div class=\"elementor-element elementor-element-d96a9a3 elementor-widget elementor-widget-heading\" data-id=\"d96a9a3\" data-element_type=\"widget\" data-widget_type=\"heading.default\">\n\t\t\t\t<div class=\"elementor-widget-container\">\n\t\t\t<h3 class=\"elementor-heading-title elementor-size-large\">PR\u00c9SENTATION \n<\/h3>\t\t<\/div>\n\t\t\t\t<\/div>\n\t\t\t\t<div class=\"elementor-element elementor-element-8c673a3 elementor-widget elementor-widget-text-editor\" data-id=\"8c673a3\" data-element_type=\"widget\" data-widget_type=\"text-editor.default\">\n\t\t\t\t<div class=\"elementor-widget-container\">\n\t\t\t\t\t\t\t<p>Le D\u00e9partement de Chimie est l\u2019un des quatre d\u00e9partements disciplinaires de la Facult\u00e9 des Sciences Exactes de l\u2019Universit\u00e9 Mustapha Stambouli de Mascara. Il comprend l&rsquo;ensemble des activit\u00e9s de recherche et d&rsquo;enseignement en chimie. Il regroupe l&rsquo;ensemble des acteurs (chercheurs, enseignants-chercheurs, personnels techniques et administratifs).<\/p><p>Plus de 200 \u00e9tudiants sont inscrits \u00a0dans ce d\u00e9partement, r\u00e9partis dans diff\u00e9rents groupes\u00a0:<\/p><ul><li>Deuxi\u00e8me ann\u00e9e Chimie<\/li><li>Troisi\u00e8me ann\u00e9e Chimie fondamentale<\/li><li>Premi\u00e8re ann\u00e9e master chimie macromol\u00e9culaire<\/li><li>Deuxi\u00e8me ann\u00e9e master chimie macromol\u00e9culaire et mat\u00e9riaux fonctionnels<\/li><\/ul><p>Le d\u00e9partement de Chimie de la Facult\u00e9 des Sciences Exactes a pour objectifs\u00a0:<\/p><ul><li>\u00a0De d\u00e9velopper l&rsquo;acquisition et la transmission des connaissances en Chimie.<\/li><li>\u00a0D&rsquo;assurer une formation scientifique, et professionnelle dans les domaines de la chimie.\u00a0<\/li><\/ul><p>\u00a0<\/p>\t\t\t\t\t\t<\/div>\n\t\t\t\t<\/div>\n\t\t\t\t<div class=\"elementor-element elementor-element-6f829e7 elementor-widget-divider--view-line elementor-widget elementor-widget-divider\" data-id=\"6f829e7\" data-element_type=\"widget\" data-widget_type=\"divider.default\">\n\t\t\t\t<div class=\"elementor-widget-container\">\n\t\t\t\t\t<div class=\"elementor-divider\">\n\t\t\t<span class=\"elementor-divider-separator\">\n\t\t\t\t\t\t<\/span>\n\t\t<\/div>\n\t\t\t\t<\/div>\n\t\t\t\t<\/div>\n\t\t\t\t\t<\/div>\n\t\t<\/div>\n\t\t\t\t\t\t\t<\/div>\n\t\t<\/section>\n\t\t\t\t\t\t\t<\/div>\n\t\t","protected":false},"excerpt":{"rendered":"<p>Pr\u00e9sentation D\u00e9partement Chimie retour PR\u00c9SENTATION Le D\u00e9partement de Chimie est l\u2019un des quatre d\u00e9partements disciplinaires de la Facult\u00e9 des Sciences Exactes de l\u2019Universit\u00e9 Mustapha Stambouli de Mascara. Il comprend l&rsquo;ensemble des activit\u00e9s de recherche et d&rsquo;enseignement en chimie. Il regroupe l&rsquo;ensemble des acteurs (chercheurs, enseignants-chercheurs, personnels techniques et administratifs). Plus de 200 \u00e9tudiants sont inscrits &hellip;<\/p>\n<p class=\"read-more\"> <a class=\"\" href=\"https:\/\/www.univ-mascara.dz\/fse\/?page_id=2094\"> <span class=\"screen-reader-text\">Pr\u00e9sentation-dep-chimie<\/span> Lire la suite\u00a0\u00bb<\/a><\/p>\n","protected":false},"author":1,"featured_media":0,"parent":0,"menu_order":0,"comment_status":"closed","ping_status":"closed","template":"","meta":[],"_links":{"self":[{"href":"https:\/\/www.univ-mascara.dz\/fse\/index.php?rest_route=\/wp\/v2\/pages\/2094"}],"collection":[{"href":"https:\/\/www.univ-mascara.dz\/fse\/index.php?rest_route=\/wp\/v2\/pages"}],"about":[{"href":"https:\/\/www.univ-mascara.dz\/fse\/index.php?rest_route=\/wp\/v2\/types\/page"}],"author":[{"embeddable":true,"href":"https:\/\/www.univ-mascara.dz\/fse\/index.php?rest_route=\/wp\/v2\/users\/1"}],"replies":[{"embeddable":true,"href":"https:\/\/www.univ-mascara.dz\/fse\/index.php?rest_route=%2Fwp%2Fv2%2Fcomments&post=2094"}],"version-history":[{"count":0,"href":"https:\/\/www.univ-mascara.dz\/fse\/index.php?rest_route=\/wp\/v2\/pages\/2094\/revisions"}],"wp:attachment":[{"href":"https:\/\/www.univ-mascara.dz\/fse\/index.php?rest_route=%2Fwp%2Fv2%2Fmedia&parent=2094"}],"curies":[{"name":"wp","href":"https:\/\/api.w.org\/{rel}","templated":true}]}}