{"id":2306,"date":"2021-07-14T14:34:57","date_gmt":"2021-07-14T13:34:57","guid":{"rendered":"http:\/\/193.194.87.76\/fsnv\/?page_id=2306"},"modified":"2023-02-09T10:36:06","modified_gmt":"2023-02-09T09:36:06","slug":"presentation-dep-phys","status":"publish","type":"page","link":"https:\/\/www.univ-mascara.dz\/fse\/?page_id=2306","title":{"rendered":"Pr\u00e9sentation-dep-phys"},"content":{"rendered":"\t\t<div data-elementor-type=\"wp-page\" data-elementor-id=\"2306\" class=\"elementor elementor-2306\">\n\t\t\t\t\t\t\t\t\t<section class=\"elementor-section elementor-top-section elementor-element elementor-element-0142040 elementor-section-boxed elementor-section-height-default elementor-section-height-default\" data-id=\"0142040\" data-element_type=\"section\" data-settings=\"{&quot;background_background&quot;:&quot;classic&quot;}\">\n\t\t\t\t\t\t\t<div class=\"elementor-background-overlay\"><\/div>\n\t\t\t\t\t\t\t<div class=\"elementor-container elementor-column-gap-default\">\n\t\t\t\t\t<div class=\"elementor-column elementor-col-100 elementor-top-column elementor-element elementor-element-6288d43\" data-id=\"6288d43\" data-element_type=\"column\">\n\t\t\t<div class=\"elementor-widget-wrap elementor-element-populated\">\n\t\t\t\t\t\t\t\t<div class=\"elementor-element elementor-element-5ac14c7 elementor-widget elementor-widget-heading\" data-id=\"5ac14c7\" data-element_type=\"widget\" data-widget_type=\"heading.default\">\n\t\t\t\t<div class=\"elementor-widget-container\">\n\t\t\t<p class=\"elementor-heading-title elementor-size-medium\"><br><br>  Pr\u00e9sentation <\/p>\t\t<\/div>\n\t\t\t\t<\/div>\n\t\t\t\t<div class=\"elementor-element elementor-element-fb17898 elementor-widget-divider--view-line elementor-widget elementor-widget-divider\" data-id=\"fb17898\" data-element_type=\"widget\" data-widget_type=\"divider.default\">\n\t\t\t\t<div class=\"elementor-widget-container\">\n\t\t\t\t\t<div class=\"elementor-divider\">\n\t\t\t<span class=\"elementor-divider-separator\">\n\t\t\t\t\t\t<\/span>\n\t\t<\/div>\n\t\t\t\t<\/div>\n\t\t\t\t<\/div>\n\t\t\t\t<div class=\"elementor-element elementor-element-db4d859 elementor-widget elementor-widget-heading\" data-id=\"db4d859\" data-element_type=\"widget\" data-widget_type=\"heading.default\">\n\t\t\t\t<div class=\"elementor-widget-container\">\n\t\t\t<span class=\"elementor-heading-title elementor-size-default\">D\u00e9partement Physique <\/span>\t\t<\/div>\n\t\t\t\t<\/div>\n\t\t\t\t<div class=\"elementor-element elementor-element-4e3491a elementor-widget elementor-widget-image\" data-id=\"4e3491a\" data-element_type=\"widget\" data-widget_type=\"image.default\">\n\t\t\t\t<div class=\"elementor-widget-container\">\n\t\t\t\t\t\t\t\t\t\t\t\t\t\t\t<img decoding=\"async\" width=\"300\" height=\"172\" src=\"https:\/\/www.univ-mascara.dz\/fse\/wp-content\/uploads\/2022\/02\/physique-300x172.jpg\" class=\"attachment-medium size-medium\" alt=\"\" loading=\"lazy\" srcset=\"https:\/\/www.univ-mascara.dz\/fse\/wp-content\/uploads\/2022\/02\/physique-300x172.jpg 300w, https:\/\/www.univ-mascara.dz\/fse\/wp-content\/uploads\/2022\/02\/physique.jpg 766w\" sizes=\"(max-width: 300px) 100vw, 300px\" \/>\t\t\t\t\t\t\t\t\t\t\t\t\t\t\t<\/div>\n\t\t\t\t<\/div>\n\t\t\t\t\t<\/div>\n\t\t<\/div>\n\t\t\t\t\t\t\t<\/div>\n\t\t<\/section>\n\t\t\t\t<section class=\"elementor-section elementor-top-section elementor-element elementor-element-064a6be elementor-section-boxed elementor-section-height-default elementor-section-height-default\" data-id=\"064a6be\" data-element_type=\"section\" data-settings=\"{&quot;background_background&quot;:&quot;classic&quot;}\">\n\t\t\t\t\t\t<div class=\"elementor-container elementor-column-gap-default\">\n\t\t\t\t\t<div class=\"elementor-column elementor-col-100 elementor-top-column elementor-element elementor-element-7806118\" data-id=\"7806118\" data-element_type=\"column\">\n\t\t\t<div class=\"elementor-widget-wrap elementor-element-populated\">\n\t\t\t\t\t\t\t\t<div class=\"elementor-element elementor-element-ed8cffb eael-tooltip-align-left elementor-widget elementor-widget-eael-tooltip\" data-id=\"ed8cffb\" data-element_type=\"widget\" data-widget_type=\"eael-tooltip.default\">\n\t\t\t\t<div class=\"elementor-widget-container\">\n\t\t\t\t<div class=\"eael-tooltip\">\n\t\t\t\t\t<span class=\"eael-tooltip-content\"><a href=\"\/fse\/?page_id=2279\">\t\t\t\t\t\t\t\t\t\t\t\t<i class=\"fas fa-reply\"><\/i>\n\t\t\t\t\t\t\t\t\t\t<\/a><\/span>\n  \t\t\t<span class=\"eael-tooltip-text eael-tooltip-right\"><p>retour<\/p><\/span>\n  \t\t\t<\/div>\n\t\t\t<\/div>\n\t\t\t\t<\/div>\n\t\t\t\t<div class=\"elementor-element elementor-element-a71ae72 elementor-widget-divider--view-line elementor-widget elementor-widget-divider\" data-id=\"a71ae72\" data-element_type=\"widget\" data-widget_type=\"divider.default\">\n\t\t\t\t<div class=\"elementor-widget-container\">\n\t\t\t\t\t<div class=\"elementor-divider\">\n\t\t\t<span class=\"elementor-divider-separator\">\n\t\t\t\t\t\t<\/span>\n\t\t<\/div>\n\t\t\t\t<\/div>\n\t\t\t\t<\/div>\n\t\t\t\t<div class=\"elementor-element elementor-element-cc8aaf0 elementor-widget elementor-widget-heading\" data-id=\"cc8aaf0\" data-element_type=\"widget\" data-widget_type=\"heading.default\">\n\t\t\t\t<div class=\"elementor-widget-container\">\n\t\t\t<h3 class=\"elementor-heading-title elementor-size-large\">PR\u00c9SENTATION \n<\/h3>\t\t<\/div>\n\t\t\t\t<\/div>\n\t\t\t\t<div class=\"elementor-element elementor-element-72dd409 elementor-widget elementor-widget-text-editor\" data-id=\"72dd409\" data-element_type=\"widget\" data-widget_type=\"text-editor.default\">\n\t\t\t\t<div class=\"elementor-widget-container\">\n\t\t\t\t\t\t\t<p>La physique est \u00e0 la base de toutes les sciences, non seulement parce qu&rsquo;elle nous permet de comprendre la mati\u00e8re, les interactions et le rayonnement, supports de toutes les autres sciences, mais surtout parce qu&rsquo;elle n&rsquo;a cess\u00e9 de contribuer au d\u00e9veloppement de la m\u00e9thode scientifique, bas\u00e9e sur l&rsquo;exp\u00e9rimentation, la formalisation et la pr\u00e9diction.\u00a0\u00a0<\/p><p>Le D\u00e9partement de physique de la facult\u00e9 des Sciences Exactes de l\u2019universit\u00e9 Mustapha Stambouli de Mascara, cr\u00e9\u00e9 en 2016\u00a0<\/p><p>Le d\u00e9partement de Physique coordonne l&rsquo;ensemble des formations en Physique de l&rsquo;Universit\u00e9. Il propose des formations en physique de la Licence jusqu&rsquo;au Doctorat. Ces formations s&rsquo;int\u00e8grent dans le cadre de la r\u00e9forme LMD (Licence Master Doctorat), en mettant en coh\u00e9rence les comp\u00e9tences en recherche et les activit\u00e9s p\u00e9dagogiques.<\/p><p>Chaque ann\u00e9e d&rsquo;\u00e9tudes est organis\u00e9e en deux semestres comportant plusieurs unit\u00e9s d&rsquo;enseignement (UE) et repr\u00e9sentant chacun 30 cr\u00e9dits de formation. Il faut totaliser 180 cr\u00e9dits pour obtenir la Licence et 120 cr\u00e9dits suppl\u00e9mentaires pour obtenir le Master.<\/p>\t\t\t\t\t\t<\/div>\n\t\t\t\t<\/div>\n\t\t\t\t<div class=\"elementor-element elementor-element-96526fb elementor-widget-divider--view-line elementor-widget elementor-widget-divider\" data-id=\"96526fb\" data-element_type=\"widget\" data-widget_type=\"divider.default\">\n\t\t\t\t<div class=\"elementor-widget-container\">\n\t\t\t\t\t<div class=\"elementor-divider\">\n\t\t\t<span class=\"elementor-divider-separator\">\n\t\t\t\t\t\t<\/span>\n\t\t<\/div>\n\t\t\t\t<\/div>\n\t\t\t\t<\/div>\n\t\t\t\t\t<\/div>\n\t\t<\/div>\n\t\t\t\t\t\t\t<\/div>\n\t\t<\/section>\n\t\t\t\t\t\t\t<\/div>\n\t\t","protected":false},"excerpt":{"rendered":"<p>Pr\u00e9sentation D\u00e9partement Physique retour PR\u00c9SENTATION La physique est \u00e0 la base de toutes les sciences, non seulement parce qu&rsquo;elle nous permet de comprendre la mati\u00e8re, les interactions et le rayonnement, supports de toutes les autres sciences, mais surtout parce qu&rsquo;elle n&rsquo;a cess\u00e9 de contribuer au d\u00e9veloppement de la m\u00e9thode scientifique, bas\u00e9e sur l&rsquo;exp\u00e9rimentation, la formalisation &hellip;<\/p>\n<p class=\"read-more\"> <a class=\"\" href=\"https:\/\/www.univ-mascara.dz\/fse\/?page_id=2306\"> <span class=\"screen-reader-text\">Pr\u00e9sentation-dep-phys<\/span> Lire la suite\u00a0\u00bb<\/a><\/p>\n","protected":false},"author":3,"featured_media":0,"parent":0,"menu_order":0,"comment_status":"closed","ping_status":"closed","template":"","meta":[],"_links":{"self":[{"href":"https:\/\/www.univ-mascara.dz\/fse\/index.php?rest_route=\/wp\/v2\/pages\/2306"}],"collection":[{"href":"https:\/\/www.univ-mascara.dz\/fse\/index.php?rest_route=\/wp\/v2\/pages"}],"about":[{"href":"https:\/\/www.univ-mascara.dz\/fse\/index.php?rest_route=\/wp\/v2\/types\/page"}],"author":[{"embeddable":true,"href":"https:\/\/www.univ-mascara.dz\/fse\/index.php?rest_route=\/wp\/v2\/users\/3"}],"replies":[{"embeddable":true,"href":"https:\/\/www.univ-mascara.dz\/fse\/index.php?rest_route=%2Fwp%2Fv2%2Fcomments&post=2306"}],"version-history":[{"count":0,"href":"https:\/\/www.univ-mascara.dz\/fse\/index.php?rest_route=\/wp\/v2\/pages\/2306\/revisions"}],"wp:attachment":[{"href":"https:\/\/www.univ-mascara.dz\/fse\/index.php?rest_route=%2Fwp%2Fv2%2Fmedia&parent=2306"}],"curies":[{"name":"wp","href":"https:\/\/api.w.org\/{rel}","templated":true}]}}