{"id":2366,"date":"2021-07-14T15:12:53","date_gmt":"2021-07-14T14:12:53","guid":{"rendered":"http:\/\/193.194.87.76\/fsnv\/?page_id=2366"},"modified":"2025-08-31T10:01:45","modified_gmt":"2025-08-31T09:01:45","slug":"presentation-faculte","status":"publish","type":"page","link":"https:\/\/www.univ-mascara.dz\/fse\/?page_id=2366","title":{"rendered":"Pr\u00e9sentation-Facult\u00e9"},"content":{"rendered":"\t\t<div data-elementor-type=\"wp-page\" data-elementor-id=\"2366\" class=\"elementor elementor-2366\">\n\t\t\t\t\t\t\t\t\t<section class=\"elementor-section elementor-top-section elementor-element elementor-element-86474e6 elementor-section-height-min-height elementor-section-boxed elementor-section-height-default elementor-section-items-middle\" data-id=\"86474e6\" data-element_type=\"section\" data-settings=\"{&quot;background_background&quot;:&quot;classic&quot;}\">\n\t\t\t\t\t\t\t<div class=\"elementor-background-overlay\"><\/div>\n\t\t\t\t\t\t\t<div class=\"elementor-container elementor-column-gap-default\">\n\t\t\t\t\t<div class=\"elementor-column elementor-col-100 elementor-top-column elementor-element elementor-element-2ff6a31\" data-id=\"2ff6a31\" data-element_type=\"column\">\n\t\t\t<div class=\"elementor-widget-wrap elementor-element-populated\">\n\t\t\t\t\t\t\t\t<div class=\"elementor-element elementor-element-47af97d elementor-widget elementor-widget-heading\" data-id=\"47af97d\" data-element_type=\"widget\" data-widget_type=\"heading.default\">\n\t\t\t\t<div class=\"elementor-widget-container\">\n\t\t\t<p class=\"elementor-heading-title elementor-size-medium\"><br>Pr\u00e9sentation de la  Facult\u00e9<\/p>\t\t<\/div>\n\t\t\t\t<\/div>\n\t\t\t\t<div class=\"elementor-element elementor-element-1cf1b1b elementor-widget-divider--view-line elementor-widget elementor-widget-divider\" data-id=\"1cf1b1b\" data-element_type=\"widget\" data-widget_type=\"divider.default\">\n\t\t\t\t<div class=\"elementor-widget-container\">\n\t\t\t\t\t<div class=\"elementor-divider\">\n\t\t\t<span class=\"elementor-divider-separator\">\n\t\t\t\t\t\t<\/span>\n\t\t<\/div>\n\t\t\t\t<\/div>\n\t\t\t\t<\/div>\n\t\t\t\t<div class=\"elementor-element elementor-element-3dfda8c elementor-widget elementor-widget-heading\" data-id=\"3dfda8c\" data-element_type=\"widget\" data-widget_type=\"heading.default\">\n\t\t\t\t<div class=\"elementor-widget-container\">\n\t\t\t<span class=\"elementor-heading-title elementor-size-default\">FSE<\/span>\t\t<\/div>\n\t\t\t\t<\/div>\n\t\t\t\t\t<\/div>\n\t\t<\/div>\n\t\t\t\t\t\t\t<\/div>\n\t\t<\/section>\n\t\t\t\t<section class=\"elementor-section elementor-top-section elementor-element elementor-element-162a4f8 elementor-section-boxed elementor-section-height-default elementor-section-height-default\" data-id=\"162a4f8\" data-element_type=\"section\" data-settings=\"{&quot;background_background&quot;:&quot;classic&quot;}\">\n\t\t\t\t\t\t\t<div class=\"elementor-background-overlay\"><\/div>\n\t\t\t\t\t\t\t<div class=\"elementor-container elementor-column-gap-default\">\n\t\t\t\t\t<div class=\"elementor-column elementor-col-100 elementor-top-column elementor-element elementor-element-a0f156c\" data-id=\"a0f156c\" data-element_type=\"column\" data-settings=\"{&quot;background_background&quot;:&quot;classic&quot;}\">\n\t\t\t<div class=\"elementor-widget-wrap elementor-element-populated\">\n\t\t\t\t\t\t\t\t<div class=\"elementor-element elementor-element-bfabf1d elementor-widget-divider--view-line_text elementor-widget-divider--element-align-center elementor-widget elementor-widget-divider\" data-id=\"bfabf1d\" data-element_type=\"widget\" data-widget_type=\"divider.default\">\n\t\t\t\t<div class=\"elementor-widget-container\">\n\t\t\t\t\t<div class=\"elementor-divider\">\n\t\t\t<span class=\"elementor-divider-separator\">\n\t\t\t\t\t\t\t<span class=\"elementor-divider__text elementor-divider__element\">\n\t\t\t\tPr\u00e9sentation\t\t\t\t<\/span>\n\t\t\t\t\t\t<\/span>\n\t\t<\/div>\n\t\t\t\t<\/div>\n\t\t\t\t<\/div>\n\t\t\t\t<div class=\"elementor-element elementor-element-f73a59d elementor-widget elementor-widget-text-editor\" data-id=\"f73a59d\" data-element_type=\"widget\" data-widget_type=\"text-editor.default\">\n\t\t\t\t<div class=\"elementor-widget-container\">\n\t\t\t\t\t\t\t<p>La Facult\u00e9 des Sciences Exactes a \u00e9t\u00e9 cr\u00e9e par le d\u00e9cret ex\u00e9cutif n\u00b015\u2013 110 du 03 mai 2015 modifiant et compl\u00e9tant le d\u00e9cret ex\u00e9cutif n\u00b009 -12 du 04 janvier 2009 portant cr\u00e9ation de l\u2019Universit\u00e9 Mascara\u00a0(<a href=\"\/fse\/wp-content\/uploads\/2022\/02\/article1fr.pdf\">Article1<\/a>).\u00a0<\/p><p>Elle est structur\u00e9e en 04 d\u00e9partements p\u00e9dagogiques\u00a0(<a href=\"\/fse\/wp-content\/uploads\/2022\/02\/decision.pdf\">D\u00e9cision\u00a0N\u00b0 51\u00a0du\u00a020\/01\/2016<\/a>\u00a0portant cr\u00e9ation des d\u00e9partements de la facult\u00e9 sciences exactes)<\/p><ul><li><strong>Informatique<\/strong><\/li><li><strong>Math\u00e9matiques<\/strong><\/li><li><strong>Physique\u00a0<\/strong><\/li><li><strong>Chimie<\/strong><\/li><\/ul><p>\u00a0La Facult\u00e9 offre des formations conduisant aux dipl\u00f4mes de Licence et \u00a0Master \u00a0dans les deux domaines:<\/p><ul><li><strong>\u00a0Sciences de la Mati\u00e8re\u00a0\u00a0(<\/strong><a href=\"\/fse\/wp-content\/uploads\/2022\/02\/smfr.pdf\">Arr\u00eate n\u00b0 499 du du 15 juil 2014<\/a>\u00a0 )<\/li><li><strong>\u00a0Math\u00e9matiques &amp; informatique\u00a0\u00a0(<\/strong><a href=\"\/fse\/wp-content\/uploads\/2022\/02\/mifr.pdf\">Arr\u00eate n\u00b0\u00a05705\u00a0du\u00a015\u00a0juil 2014<\/a><a href=\"http:\/\/www.univ-mascara.dz\/fse\/images\/pdf\/smfr.pdf\">)<\/a>\u00a0<\/li><\/ul>\t\t\t\t\t\t<\/div>\n\t\t\t\t<\/div>\n\t\t\t\t\t<\/div>\n\t\t<\/div>\n\t\t\t\t\t\t\t<\/div>\n\t\t<\/section>\n\t\t\t\t<section class=\"elementor-section elementor-top-section elementor-element elementor-element-280f581 elementor-section-boxed elementor-section-height-default elementor-section-height-default\" data-id=\"280f581\" data-element_type=\"section\" data-settings=\"{&quot;background_background&quot;:&quot;classic&quot;}\">\n\t\t\t\t\t\t<div class=\"elementor-container elementor-column-gap-default\">\n\t\t\t\t\t<div class=\"elementor-column elementor-col-100 elementor-top-column elementor-element elementor-element-b2e43f5\" data-id=\"b2e43f5\" data-element_type=\"column\">\n\t\t\t<div class=\"elementor-widget-wrap elementor-element-populated\">\n\t\t\t\t\t\t\t\t<div class=\"elementor-element elementor-element-bfa22cb elementor-widget-divider--view-line_text elementor-widget-divider--element-align-center elementor-widget elementor-widget-divider\" data-id=\"bfa22cb\" data-element_type=\"widget\" data-widget_type=\"divider.default\">\n\t\t\t\t<div class=\"elementor-widget-container\">\n\t\t\t\t\t<div class=\"elementor-divider\">\n\t\t\t<span class=\"elementor-divider-separator\">\n\t\t\t\t\t\t\t<span class=\"elementor-divider__text elementor-divider__element\">\n\t\t\t\tCONTACT\t\t\t\t<\/span>\n\t\t\t\t\t\t<\/span>\n\t\t<\/div>\n\t\t\t\t<\/div>\n\t\t\t\t<\/div>\n\t\t\t\t\t<\/div>\n\t\t<\/div>\n\t\t\t\t\t\t\t<\/div>\n\t\t<\/section>\n\t\t\t\t<section class=\"elementor-section elementor-top-section elementor-element elementor-element-49f9980 elementor-section-boxed elementor-section-height-default elementor-section-height-default\" data-id=\"49f9980\" data-element_type=\"section\" data-settings=\"{&quot;background_background&quot;:&quot;classic&quot;}\">\n\t\t\t\t\t\t\t<div class=\"elementor-background-overlay\"><\/div>\n\t\t\t\t\t\t\t<div class=\"elementor-container elementor-column-gap-default\">\n\t\t\t\t\t<div class=\"elementor-column elementor-col-100 elementor-top-column elementor-element elementor-element-808453e\" data-id=\"808453e\" data-element_type=\"column\">\n\t\t\t<div class=\"elementor-widget-wrap elementor-element-populated\">\n\t\t\t\t\t\t\t\t<div class=\"elementor-element elementor-element-2befb3c elementor-widget elementor-widget-heading\" data-id=\"2befb3c\" data-element_type=\"widget\" data-widget_type=\"heading.default\">\n\t\t\t\t<div class=\"elementor-widget-container\">\n\t\t\t<h2 class=\"elementor-heading-title elementor-size-default\">Secr\u00e9tariat du Doyen<\/h2>\t\t<\/div>\n\t\t\t\t<\/div>\n\t\t\t\t<div class=\"elementor-element elementor-element-ef0dbc8 elementor-widget elementor-widget-heading\" data-id=\"ef0dbc8\" data-element_type=\"widget\" data-widget_type=\"heading.default\">\n\t\t\t\t<div class=\"elementor-widget-container\">\n\t\t\t<h2 class=\"elementor-heading-title elementor-size-default\">1 \u00e8re \u00e9tage\n<\/h2>\t\t<\/div>\n\t\t\t\t<\/div>\n\t\t\t\t<div class=\"elementor-element elementor-element-b922cef elementor-widget elementor-widget-heading\" data-id=\"b922cef\" data-element_type=\"widget\" data-widget_type=\"heading.default\">\n\t\t\t\t<div class=\"elementor-widget-container\">\n\t\t\t<h2 class=\"elementor-heading-title elementor-size-default\">T\u00e9l\/fax :045709365<\/h2>\t\t<\/div>\n\t\t\t\t<\/div>\n\t\t\t\t<div class=\"elementor-element elementor-element-3938b8d elementor-widget elementor-widget-text-editor\" data-id=\"3938b8d\" data-element_type=\"widget\" data-widget_type=\"text-editor.default\">\n\t\t\t\t<div class=\"elementor-widget-container\">\n\t\t\t\t\t\t\t<p style=\"text-align: center;\"><span style=\"color: #000000;\"><strong>fse@univ-mascara.dz<\/strong><\/span><\/p>\t\t\t\t\t\t<\/div>\n\t\t\t\t<\/div>\n\t\t\t\t\t<\/div>\n\t\t<\/div>\n\t\t\t\t\t\t\t<\/div>\n\t\t<\/section>\n\t\t\t\t\t\t\t<\/div>\n\t\t","protected":false},"excerpt":{"rendered":"<p>Pr\u00e9sentation de la Facult\u00e9 FSE Pr\u00e9sentation La Facult\u00e9 des Sciences Exactes a \u00e9t\u00e9 cr\u00e9e par le d\u00e9cret ex\u00e9cutif n\u00b015\u2013 110 du 03 mai 2015 modifiant et compl\u00e9tant le d\u00e9cret ex\u00e9cutif n\u00b009 -12 du 04 janvier 2009 portant cr\u00e9ation de l\u2019Universit\u00e9 Mascara\u00a0(Article1).\u00a0 Elle est structur\u00e9e en 04 d\u00e9partements p\u00e9dagogiques\u00a0(D\u00e9cision\u00a0N\u00b0 51\u00a0du\u00a020\/01\/2016\u00a0portant cr\u00e9ation des d\u00e9partements de la facult\u00e9 &hellip;<\/p>\n<p class=\"read-more\"> <a class=\"\" href=\"https:\/\/www.univ-mascara.dz\/fse\/?page_id=2366\"> <span class=\"screen-reader-text\">Pr\u00e9sentation-Facult\u00e9<\/span> Lire la suite\u00a0\u00bb<\/a><\/p>\n","protected":false},"author":3,"featured_media":0,"parent":0,"menu_order":0,"comment_status":"closed","ping_status":"closed","template":"","meta":[],"_links":{"self":[{"href":"https:\/\/www.univ-mascara.dz\/fse\/index.php?rest_route=\/wp\/v2\/pages\/2366"}],"collection":[{"href":"https:\/\/www.univ-mascara.dz\/fse\/index.php?rest_route=\/wp\/v2\/pages"}],"about":[{"href":"https:\/\/www.univ-mascara.dz\/fse\/index.php?rest_route=\/wp\/v2\/types\/page"}],"author":[{"embeddable":true,"href":"https:\/\/www.univ-mascara.dz\/fse\/index.php?rest_route=\/wp\/v2\/users\/3"}],"replies":[{"embeddable":true,"href":"https:\/\/www.univ-mascara.dz\/fse\/index.php?rest_route=%2Fwp%2Fv2%2Fcomments&post=2366"}],"version-history":[{"count":6,"href":"https:\/\/www.univ-mascara.dz\/fse\/index.php?rest_route=\/wp\/v2\/pages\/2366\/revisions"}],"predecessor-version":[{"id":22321,"href":"https:\/\/www.univ-mascara.dz\/fse\/index.php?rest_route=\/wp\/v2\/pages\/2366\/revisions\/22321"}],"wp:attachment":[{"href":"https:\/\/www.univ-mascara.dz\/fse\/index.php?rest_route=%2Fwp%2Fv2%2Fmedia&parent=2366"}],"curies":[{"name":"wp","href":"https:\/\/api.w.org\/{rel}","templated":true}]}}