{"id":2975,"date":"2021-09-23T12:26:15","date_gmt":"2021-09-23T11:26:15","guid":{"rendered":"http:\/\/193.194.87.76\/fsnv\/?page_id=2975"},"modified":"2022-04-26T13:51:12","modified_gmt":"2022-04-26T12:51:12","slug":"doctorat","status":"publish","type":"page","link":"https:\/\/www.univ-mascara.dz\/fse\/?page_id=2975","title":{"rendered":"Doctorat"},"content":{"rendered":"\t\t<div data-elementor-type=\"wp-page\" data-elementor-id=\"2975\" class=\"elementor elementor-2975\">\n\t\t\t\t\t\t\t\t\t<section class=\"elementor-section elementor-top-section elementor-element elementor-element-920e16a elementor-section-full_width elementor-section-height-default elementor-section-height-default\" data-id=\"920e16a\" data-element_type=\"section\">\n\t\t\t\t\t\t\t<div class=\"elementor-background-overlay\"><\/div>\n\t\t\t\t\t\t\t<div class=\"elementor-container elementor-column-gap-custom\">\n\t\t\t\t\t<div class=\"elementor-column elementor-col-100 elementor-top-column elementor-element elementor-element-e666e0e\" data-id=\"e666e0e\" data-element_type=\"column\">\n\t\t\t<div class=\"elementor-widget-wrap elementor-element-populated\">\n\t\t\t\t\t\t\t\t<div class=\"elementor-element elementor-element-b044318 elementor-widget elementor-widget-text-editor\" data-id=\"b044318\" data-element_type=\"widget\" data-widget_type=\"text-editor.default\">\n\t\t\t\t<div class=\"elementor-widget-container\">\n\t\t\t\t\t\t\t<p>\u00a0<\/p><p>\u00a0<\/p><p>\u00a0<\/p><p>\u00a0<\/p>\t\t\t\t\t\t<\/div>\n\t\t\t\t<\/div>\n\t\t\t\t\t<\/div>\n\t\t<\/div>\n\t\t\t\t\t\t\t<\/div>\n\t\t<\/section>\n\t\t\t\t<section class=\"elementor-section elementor-top-section elementor-element elementor-element-fbaee84 elementor-section-boxed elementor-section-height-default elementor-section-height-default\" data-id=\"fbaee84\" data-element_type=\"section\" data-settings=\"{&quot;background_background&quot;:&quot;classic&quot;}\">\n\t\t\t\t\t\t<div class=\"elementor-container elementor-column-gap-default\">\n\t\t\t\t\t<div class=\"elementor-column elementor-col-100 elementor-top-column elementor-element elementor-element-269dc45\" data-id=\"269dc45\" data-element_type=\"column\">\n\t\t\t<div class=\"elementor-widget-wrap elementor-element-populated\">\n\t\t\t\t\t\t\t\t<div class=\"elementor-element elementor-element-9302229 elementor-widget elementor-widget-image\" data-id=\"9302229\" data-element_type=\"widget\" data-widget_type=\"image.default\">\n\t\t\t\t<div class=\"elementor-widget-container\">\n\t\t\t\t\t\t\t\t\t\t\t\t\t\t\t<img decoding=\"async\" width=\"1036\" height=\"173\" src=\"https:\/\/www.univ-mascara.dz\/fse\/wp-content\/uploads\/2022\/03\/f-licence.png\" class=\"attachment-full size-full\" alt=\"\" loading=\"lazy\" srcset=\"https:\/\/www.univ-mascara.dz\/fse\/wp-content\/uploads\/2022\/03\/f-licence.png 1036w, https:\/\/www.univ-mascara.dz\/fse\/wp-content\/uploads\/2022\/03\/f-licence-300x50.png 300w, https:\/\/www.univ-mascara.dz\/fse\/wp-content\/uploads\/2022\/03\/f-licence-1024x171.png 1024w, https:\/\/www.univ-mascara.dz\/fse\/wp-content\/uploads\/2022\/03\/f-licence-768x128.png 768w\" sizes=\"(max-width: 1036px) 100vw, 1036px\" \/>\t\t\t\t\t\t\t\t\t\t\t\t\t\t\t<\/div>\n\t\t\t\t<\/div>\n\t\t\t\t\t<\/div>\n\t\t<\/div>\n\t\t\t\t\t\t\t<\/div>\n\t\t<\/section>\n\t\t\t\t<section class=\"elementor-section elementor-top-section elementor-element elementor-element-f7a237a elementor-section-boxed elementor-section-height-default elementor-section-height-default\" data-id=\"f7a237a\" data-element_type=\"section\" data-settings=\"{&quot;background_background&quot;:&quot;classic&quot;}\">\n\t\t\t\t\t\t<div class=\"elementor-container elementor-column-gap-default\">\n\t\t\t\t\t<div class=\"elementor-column elementor-col-100 elementor-top-column elementor-element elementor-element-f57017d\" data-id=\"f57017d\" data-element_type=\"column\">\n\t\t\t<div class=\"elementor-widget-wrap elementor-element-populated\">\n\t\t\t\t\t\t\t\t<div class=\"elementor-element elementor-element-2a01068 elementor-widget-divider--view-line_text elementor-widget elementor-widget-divider\" data-id=\"2a01068\" data-element_type=\"widget\" data-widget_type=\"divider.default\">\n\t\t\t\t<div class=\"elementor-widget-container\">\n\t\t\t\t\t<div class=\"elementor-divider\">\n\t\t\t<span class=\"elementor-divider-separator\">\n\t\t\t\t\t\t\t<h2 class=\"elementor-divider__text elementor-divider__element\">\n\t\t\t\tFormation Doctorat\t\t\t\t<\/h2>\n\t\t\t\t\t\t<\/span>\n\t\t<\/div>\n\t\t\t\t<\/div>\n\t\t\t\t<\/div>\n\t\t\t\t\t<\/div>\n\t\t<\/div>\n\t\t\t\t\t\t\t<\/div>\n\t\t<\/section>\n\t\t\t\t<section class=\"elementor-section elementor-top-section elementor-element elementor-element-09d8335 elementor-section-boxed elementor-section-height-default elementor-section-height-default\" data-id=\"09d8335\" data-element_type=\"section\" data-settings=\"{&quot;background_background&quot;:&quot;classic&quot;}\">\n\t\t\t\t\t\t<div class=\"elementor-container elementor-column-gap-default\">\n\t\t\t\t\t<div class=\"elementor-column elementor-col-100 elementor-top-column elementor-element elementor-element-b301f42\" data-id=\"b301f42\" data-element_type=\"column\">\n\t\t\t<div class=\"elementor-widget-wrap elementor-element-populated\">\n\t\t\t\t\t\t\t\t<div class=\"elementor-element elementor-element-7e0aa20 elementor-widget-divider--view-line_text elementor-widget elementor-widget-divider\" data-id=\"7e0aa20\" data-element_type=\"widget\" data-widget_type=\"divider.default\">\n\t\t\t\t<div class=\"elementor-widget-container\">\n\t\t\t\t\t<div class=\"elementor-divider\">\n\t\t\t<span class=\"elementor-divider-separator\">\n\t\t\t\t\t\t\t<h1 class=\"elementor-divider__text elementor-divider__element\">\n\t\t\t\tDoctorats 3\u00e8me cycle \t\t\t\t<\/h1>\n\t\t\t\t\t\t<\/span>\n\t\t<\/div>\n\t\t\t\t<\/div>\n\t\t\t\t<\/div>\n\t\t\t\t<section class=\"elementor-section elementor-inner-section elementor-element elementor-element-3486951 elementor-section-boxed elementor-section-height-default elementor-section-height-default\" data-id=\"3486951\" data-element_type=\"section\">\n\t\t\t\t\t\t<div class=\"elementor-container elementor-column-gap-default\">\n\t\t\t\t\t<div class=\"elementor-column elementor-col-50 elementor-inner-column elementor-element elementor-element-bb0d307\" data-id=\"bb0d307\" data-element_type=\"column\">\n\t\t\t<div class=\"elementor-widget-wrap elementor-element-populated\">\n\t\t\t\t\t\t\t\t<div class=\"elementor-element elementor-element-ae9c02d elementor-widget elementor-widget-text-editor\" data-id=\"ae9c02d\" data-element_type=\"widget\" data-widget_type=\"text-editor.default\">\n\t\t\t\t<div class=\"elementor-widget-container\">\n\t\t\t\t\t\t\t<p><span style=\"color: #00ccff;\"><strong>Domaine sciences de la mati\u00e8re\u00a0<\/strong><\/span><\/p><p><strong>Fili\u00e8re\u00a0 Chimie<\/strong><\/p><ul><li>Mat\u00e9riaux innovants et chimie verte<\/li><li>Physique Chimie<\/li><li>Chimie Macromol\u00e9culaire et Mat\u00e9riaux<\/li><li>Mat\u00e9riaux<\/li><li>Mat\u00e9riaux Emergents et Environnement<\/li><\/ul><p><strong>Fili\u00e8re\u00a0 Physique<\/strong><\/p><ul><li>Mat\u00e9riaux pour Energies Nouvelles<\/li><li>Mat\u00e9riaux magn\u00e9tiques<\/li><li>Mat\u00e9riaux et \u00e9nergie photovolta\u00efque<\/li><li>Mat\u00e9riaux pour la thermo\u00e9lectricit\u00e9<\/li><li>Energie Renouvelables et Sciences des Mat\u00e9riaux<\/li><\/ul>\t\t\t\t\t\t<\/div>\n\t\t\t\t<\/div>\n\t\t\t\t\t<\/div>\n\t\t<\/div>\n\t\t\t\t<div class=\"elementor-column elementor-col-50 elementor-inner-column elementor-element elementor-element-6fd6a7a\" data-id=\"6fd6a7a\" data-element_type=\"column\">\n\t\t\t<div class=\"elementor-widget-wrap elementor-element-populated\">\n\t\t\t\t\t\t\t\t<div class=\"elementor-element elementor-element-71ad5cd elementor-widget elementor-widget-text-editor\" data-id=\"71ad5cd\" data-element_type=\"widget\" data-widget_type=\"text-editor.default\">\n\t\t\t\t<div class=\"elementor-widget-container\">\n\t\t\t\t\t\t\t<p><span style=\"color: #00ccff;\"><strong>Domaine Informatique et Math\u00e9matique<\/strong><\/span><\/p><p><strong>Fili\u00e8re informatique\u00a0 \u00a0 \u00a0 \u00a0 \u00a0 \u00a0<\/strong>\u00a0 \u00a0<\/p><ul><li>Intelligence artificielle et ses applications<\/li><li>Mod\u00e9lisation et optimisation des syst\u00e8mes<\/li><li>Technologie des informations et des communications<\/li><li>R\u00e9seaux et Syst\u00e8mes Distribu\u00e9s<\/li><li>Syst\u00e8mes Informatiques<\/li><\/ul><p><strong>Fili\u00e8re\u00a0 math\u00e9matiques\u00a0<\/strong><\/p><ul><li>Analyse Math\u00e9matique<\/li><li>G\u00e9om\u00e9trie Diff\u00e9rentielle<\/li><li>Analyse Harmonique<\/li><li>G\u00e9om\u00e9trie et Analyse Math\u00e9matique<\/li><\/ul>\t\t\t\t\t\t<\/div>\n\t\t\t\t<\/div>\n\t\t\t\t\t<\/div>\n\t\t<\/div>\n\t\t\t\t\t\t\t<\/div>\n\t\t<\/section>\n\t\t\t\t\t<\/div>\n\t\t<\/div>\n\t\t\t\t\t\t\t<\/div>\n\t\t<\/section>\n\t\t\t\t<section class=\"elementor-section elementor-top-section elementor-element elementor-element-4a2b7da elementor-section-boxed elementor-section-height-default elementor-section-height-default\" data-id=\"4a2b7da\" data-element_type=\"section\" data-settings=\"{&quot;background_background&quot;:&quot;classic&quot;}\">\n\t\t\t\t\t\t<div class=\"elementor-container elementor-column-gap-default\">\n\t\t\t\t\t<div class=\"elementor-column elementor-col-100 elementor-top-column elementor-element elementor-element-bd01e32\" data-id=\"bd01e32\" data-element_type=\"column\">\n\t\t\t<div class=\"elementor-widget-wrap elementor-element-populated\">\n\t\t\t\t\t\t\t\t<div class=\"elementor-element elementor-element-5c66160 elementor-widget-divider--view-line_text elementor-widget elementor-widget-divider\" data-id=\"5c66160\" data-element_type=\"widget\" data-widget_type=\"divider.default\">\n\t\t\t\t<div class=\"elementor-widget-container\">\n\t\t\t\t\t<div class=\"elementor-divider\">\n\t\t\t<span class=\"elementor-divider-separator\">\n\t\t\t\t\t\t\t<h1 class=\"elementor-divider__text elementor-divider__element\">\n\t\t\t\tDoctorats  en sciences \t\t\t\t<\/h1>\n\t\t\t\t\t\t<\/span>\n\t\t<\/div>\n\t\t\t\t<\/div>\n\t\t\t\t<\/div>\n\t\t\t\t<div class=\"elementor-element elementor-element-8124cae elementor-widget elementor-widget-text-editor\" data-id=\"8124cae\" data-element_type=\"widget\" data-widget_type=\"text-editor.default\">\n\t\t\t\t<div class=\"elementor-widget-container\">\n\t\t\t\t\t\t\t<ul><li style=\"text-align: left;\">Chimie<\/li><li style=\"text-align: left;\">physique<\/li><li style=\"text-align: left;\">Math\u00e9matiques\u00a0<\/li><li style=\"text-align: left;\">Informatique<\/li><\/ul>\t\t\t\t\t\t<\/div>\n\t\t\t\t<\/div>\n\t\t\t\t\t<\/div>\n\t\t<\/div>\n\t\t\t\t\t\t\t<\/div>\n\t\t<\/section>\n\t\t\t\t\t\t\t<\/div>\n\t\t","protected":false},"excerpt":{"rendered":"<p>\u00a0 \u00a0 \u00a0 \u00a0 Formation Doctorat Doctorats 3\u00e8me cycle Domaine sciences de la mati\u00e8re\u00a0 Fili\u00e8re\u00a0 Chimie Mat\u00e9riaux innovants et chimie verte Physique Chimie Chimie Macromol\u00e9culaire et Mat\u00e9riaux Mat\u00e9riaux Mat\u00e9riaux Emergents et Environnement Fili\u00e8re\u00a0 Physique Mat\u00e9riaux pour Energies Nouvelles Mat\u00e9riaux magn\u00e9tiques Mat\u00e9riaux et \u00e9nergie photovolta\u00efque Mat\u00e9riaux pour la thermo\u00e9lectricit\u00e9 Energie Renouvelables et Sciences des Mat\u00e9riaux Domaine &hellip;<\/p>\n<p class=\"read-more\"> <a class=\"\" href=\"https:\/\/www.univ-mascara.dz\/fse\/?page_id=2975\"> <span class=\"screen-reader-text\">Doctorat<\/span> Lire la suite\u00a0\u00bb<\/a><\/p>\n","protected":false},"author":2,"featured_media":0,"parent":0,"menu_order":0,"comment_status":"closed","ping_status":"closed","template":"","meta":[],"_links":{"self":[{"href":"https:\/\/www.univ-mascara.dz\/fse\/index.php?rest_route=\/wp\/v2\/pages\/2975"}],"collection":[{"href":"https:\/\/www.univ-mascara.dz\/fse\/index.php?rest_route=\/wp\/v2\/pages"}],"about":[{"href":"https:\/\/www.univ-mascara.dz\/fse\/index.php?rest_route=\/wp\/v2\/types\/page"}],"author":[{"embeddable":true,"href":"https:\/\/www.univ-mascara.dz\/fse\/index.php?rest_route=\/wp\/v2\/users\/2"}],"replies":[{"embeddable":true,"href":"https:\/\/www.univ-mascara.dz\/fse\/index.php?rest_route=%2Fwp%2Fv2%2Fcomments&post=2975"}],"version-history":[{"count":0,"href":"https:\/\/www.univ-mascara.dz\/fse\/index.php?rest_route=\/wp\/v2\/pages\/2975\/revisions"}],"wp:attachment":[{"href":"https:\/\/www.univ-mascara.dz\/fse\/index.php?rest_route=%2Fwp%2Fv2%2Fmedia&parent=2975"}],"curies":[{"name":"wp","href":"https:\/\/api.w.org\/{rel}","templated":true}]}}