{"id":7174,"date":"2022-02-21T14:16:03","date_gmt":"2022-02-21T13:16:03","guid":{"rendered":"http:\/\/nv.univ-mascara.dz\/fse\/?page_id=7174"},"modified":"2022-02-21T14:40:22","modified_gmt":"2022-02-21T13:40:22","slug":"presentation-mi","status":"publish","type":"page","link":"https:\/\/www.univ-mascara.dz\/fse\/?page_id=7174","title":{"rendered":"Pr\u00e9sentation MI"},"content":{"rendered":"\t\t<div data-elementor-type=\"wp-page\" data-elementor-id=\"7174\" class=\"elementor elementor-7174\">\n\t\t\t\t\t\t\t\t\t<section class=\"elementor-section elementor-top-section elementor-element elementor-element-a76cf33 elementor-section-boxed elementor-section-height-default elementor-section-height-default\" data-id=\"a76cf33\" data-element_type=\"section\" data-settings=\"{&quot;background_background&quot;:&quot;classic&quot;}\">\n\t\t\t\t\t\t\t<div class=\"elementor-background-overlay\"><\/div>\n\t\t\t\t\t\t\t<div class=\"elementor-container elementor-column-gap-default\">\n\t\t\t\t\t<div class=\"elementor-column elementor-col-100 elementor-top-column elementor-element elementor-element-4066a74\" data-id=\"4066a74\" data-element_type=\"column\">\n\t\t\t<div class=\"elementor-widget-wrap elementor-element-populated\">\n\t\t\t\t\t\t\t\t<div class=\"elementor-element elementor-element-3521c3a elementor-widget elementor-widget-heading\" data-id=\"3521c3a\" data-element_type=\"widget\" data-widget_type=\"heading.default\">\n\t\t\t\t<div class=\"elementor-widget-container\">\n\t\t\t<p class=\"elementor-heading-title elementor-size-medium\"><br><br>   Pr\u00e9sentation \nTRONC-COMMUN MI<\/p>\t\t<\/div>\n\t\t\t\t<\/div>\n\t\t\t\t<div class=\"elementor-element elementor-element-7e8dea1 elementor-widget-divider--view-line elementor-widget elementor-widget-divider\" data-id=\"7e8dea1\" data-element_type=\"widget\" data-widget_type=\"divider.default\">\n\t\t\t\t<div class=\"elementor-widget-container\">\n\t\t\t\t\t<div class=\"elementor-divider\">\n\t\t\t<span class=\"elementor-divider-separator\">\n\t\t\t\t\t\t<\/span>\n\t\t<\/div>\n\t\t\t\t<\/div>\n\t\t\t\t<\/div>\n\t\t\t\t<div class=\"elementor-element elementor-element-94857fb elementor-widget elementor-widget-heading\" data-id=\"94857fb\" data-element_type=\"widget\" data-widget_type=\"heading.default\">\n\t\t\t\t<div class=\"elementor-widget-container\">\n\t\t\t<span class=\"elementor-heading-title elementor-size-default\">FSE<\/span>\t\t<\/div>\n\t\t\t\t<\/div>\n\t\t\t\t\t<\/div>\n\t\t<\/div>\n\t\t\t\t\t\t\t<\/div>\n\t\t<\/section>\n\t\t\t\t<section class=\"elementor-section elementor-top-section elementor-element elementor-element-64b4ada elementor-section-height-min-height elementor-section-content-middle elementor-section-boxed elementor-section-height-default elementor-section-items-middle\" data-id=\"64b4ada\" data-element_type=\"section\" data-settings=\"{&quot;background_background&quot;:&quot;classic&quot;}\">\n\t\t\t\t\t\t<div class=\"elementor-container elementor-column-gap-default\">\n\t\t\t\t\t<div class=\"elementor-column elementor-col-100 elementor-top-column elementor-element elementor-element-3864949\" data-id=\"3864949\" data-element_type=\"column\">\n\t\t\t<div class=\"elementor-widget-wrap elementor-element-populated\">\n\t\t\t\t\t\t\t\t<div class=\"elementor-element elementor-element-6adfe0a eael-tooltip-align-left elementor-widget elementor-widget-eael-tooltip\" data-id=\"6adfe0a\" data-element_type=\"widget\" data-widget_type=\"eael-tooltip.default\">\n\t\t\t\t<div class=\"elementor-widget-container\">\n\t\t\t\t<div class=\"eael-tooltip\">\n\t\t\t\t\t<span class=\"eael-tooltip-content\"><a href=\"\/fse\/?page_id=2350\">\t\t\t\t\t\t\t\t\t\t\t\t<i class=\"fas fa-reply\"><\/i>\n\t\t\t\t\t\t\t\t\t\t<\/a><\/span>\n  \t\t\t<span class=\"eael-tooltip-text eael-tooltip-right\"><p>Retour<\/p><\/span>\n  \t\t\t<\/div>\n\t\t\t<\/div>\n\t\t\t\t<\/div>\n\t\t\t\t<div class=\"elementor-element elementor-element-684a706 elementor-widget-divider--view-line elementor-widget elementor-widget-divider\" data-id=\"684a706\" data-element_type=\"widget\" data-widget_type=\"divider.default\">\n\t\t\t\t<div class=\"elementor-widget-container\">\n\t\t\t\t\t<div class=\"elementor-divider\">\n\t\t\t<span class=\"elementor-divider-separator\">\n\t\t\t\t\t\t<\/span>\n\t\t<\/div>\n\t\t\t\t<\/div>\n\t\t\t\t<\/div>\n\t\t\t\t<div class=\"elementor-element elementor-element-7c2aec5 elementor-widget elementor-widget-heading\" data-id=\"7c2aec5\" data-element_type=\"widget\" data-widget_type=\"heading.default\">\n\t\t\t\t<div class=\"elementor-widget-container\">\n\t\t\t<h3 class=\"elementor-heading-title elementor-size-large\">PR\u00c9SENTATION MI\n<\/h3>\t\t<\/div>\n\t\t\t\t<\/div>\n\t\t\t\t<div class=\"elementor-element elementor-element-1bc57e1 elementor-widget elementor-widget-text-editor\" data-id=\"1bc57e1\" data-element_type=\"widget\" data-widget_type=\"text-editor.default\">\n\t\t\t\t<div class=\"elementor-widget-container\">\n\t\t\t\t\t\t\t<p>A nos ch\u00e8res \u00e9tudiantes et chers \u00e9tudiants inscrits en premi\u00e8re ann\u00e9e LMD, sp\u00e9cialit\u00e9 \u00a0Math\u00e9matiques et Informatique \u00e0 notre universit\u00e9 Mustapha Stambouli de Mascara.<\/p><p>Vous \u00eates la bienvenue et nous vous souhaitons une ann\u00e9e pleine de succ\u00e8s.<\/p><p>\u00a0Le LMD est un syst\u00e8me mis en place en Alg\u00e9rie en application du d\u00e9cret ex\u00e9cutif n\u00b004-371 du 21 novembre 2004. Il vise, selon un sch\u00e9ma innovant, l\u2019int\u00e9gration de l\u2019Universit\u00e9 dans le d\u00e9veloppement \u00e9conomique et l\u2019harmonisation du syst\u00e8me d\u2019enseignement sup\u00e9rieur avec le reste du monde.<\/p><p><img decoding=\"async\" loading=\"lazy\" class=\"wp-image-7203 aligncenter\" src=\"http:\/\/www.univ-mascara.dz\/fse\/wp-content\/uploads\/2022\/02\/schema_LMD-300x112.png\" alt=\"\" width=\"597\" height=\"223\" srcset=\"https:\/\/www.univ-mascara.dz\/fse\/wp-content\/uploads\/2022\/02\/schema_LMD-300x112.png 300w, https:\/\/www.univ-mascara.dz\/fse\/wp-content\/uploads\/2022\/02\/schema_LMD-768x286.png 768w, https:\/\/www.univ-mascara.dz\/fse\/wp-content\/uploads\/2022\/02\/schema_LMD.png 897w\" sizes=\"(max-width: 597px) 100vw, 597px\" \/><\/p><p><strong>Architecture du Syst\u00e8me<\/strong><\/p><p>Le dispositif L M D est articul\u00e9 en trois cycles de formations\u00a0:<\/p><ul><li>Un cycle organis\u00e9 en 6 semestres conduisant au dipl\u00f4me de\u00a0<strong>Licence<\/strong><\/li><li>Un deuxi\u00e8me cycle organis\u00e9 en 4 semestres conduisant au dipl\u00f4me de\u00a0<strong>Master<\/strong><\/li><li>Un troisi\u00e8me cycle de trois ans conduisant au dipl\u00f4me de\u00a0<strong>Doctorat<\/strong>.\u00a0<\/li><\/ul><p><strong>Les atouts du LMD<\/strong><\/p><ol><li><strong>Organisation des enseignements\u00a0:<\/strong><\/li><\/ol><ul><li>Les formations sont propos\u00e9es dans des\u00a0<strong>Domaine<\/strong>\u00a0\u2013 fili\u00e8re \u2013 sp\u00e9cialit\u00e9<\/li><li>Les formations sont regroup\u00e9es en\u00a0Domaines de formation.<\/li><li>Un domaine recouvre plusieurs disciplines.<\/li><li>L\u2019organisation des formations s\u2019effectue en semestres et en unit\u00e9s d\u2019enseignement (U.E.). Chaque UE a une valeur d\u00e9finie en cr\u00e9dits proportionnelle au travail (cours, travaux dirig\u00e9s, travaux pratiques, stages\u2026)<\/li><\/ul><p>\u00a0 \u00a0\u00a0\u00a02.\u00a0<strong>Mesure des enseignements\u00a0:<\/strong><\/p><ul><li>Les enseignements et la formation re\u00e7us sont mesur\u00e9s en cr\u00e9dits et non en ann\u00e9es d\u2019\u00e9tudes.<\/li><li>Le dipl\u00f4me est d\u00e9coup\u00e9 en semestres\u00a0; Pour valider un semestre, 30 cr\u00e9dits sont n\u00e9cessaires.\u00a0<br \/>\u00a0R\u00e9unir 180 cr\u00e9dits pour obtenir la Licence (A raison de 6 semestres).\u00a0<br \/>\u00a0R\u00e9unir 120 cr\u00e9dits pour obtenir le Master (A raison de 4 semestres).<\/li><li>La compensation est maintenue\u00a0: l\u2019\u00e9tudiant qui n\u2019a pas la moyenne \u00e0 une ou plusieurs UE pourra tout de m\u00eame valider son semestre s\u2019il a la moyenne \u00e0 l\u2019ensemble des UE.<\/li><\/ul>\t\t\t\t\t\t<\/div>\n\t\t\t\t<\/div>\n\t\t\t\t\t<\/div>\n\t\t<\/div>\n\t\t\t\t\t\t\t<\/div>\n\t\t<\/section>\n\t\t\t\t<section class=\"elementor-section elementor-top-section elementor-element elementor-element-2419e48 elementor-section-boxed elementor-section-height-default elementor-section-height-default\" data-id=\"2419e48\" data-element_type=\"section\" data-settings=\"{&quot;background_background&quot;:&quot;classic&quot;}\">\n\t\t\t\t\t\t<div class=\"elementor-container elementor-column-gap-default\">\n\t\t\t\t\t<div class=\"elementor-column elementor-col-100 elementor-top-column elementor-element elementor-element-56ebd57\" data-id=\"56ebd57\" data-element_type=\"column\">\n\t\t\t<div class=\"elementor-widget-wrap elementor-element-populated\">\n\t\t\t\t\t\t\t\t<div class=\"elementor-element elementor-element-aad2b9b elementor-widget-divider--view-line_text elementor-widget-divider--element-align-center elementor-widget elementor-widget-divider\" data-id=\"aad2b9b\" data-element_type=\"widget\" data-widget_type=\"divider.default\">\n\t\t\t\t<div class=\"elementor-widget-container\">\n\t\t\t\t\t<div class=\"elementor-divider\">\n\t\t\t<span class=\"elementor-divider-separator\">\n\t\t\t\t\t\t\t<span class=\"elementor-divider__text elementor-divider__element\">\n\t\t\t\tCONTACT\t\t\t\t<\/span>\n\t\t\t\t\t\t<\/span>\n\t\t<\/div>\n\t\t\t\t<\/div>\n\t\t\t\t<\/div>\n\t\t\t\t\t<\/div>\n\t\t<\/div>\n\t\t\t\t\t\t\t<\/div>\n\t\t<\/section>\n\t\t\t\t<section class=\"elementor-section elementor-top-section elementor-element elementor-element-9bd1be2 elementor-section-boxed elementor-section-height-default elementor-section-height-default\" data-id=\"9bd1be2\" data-element_type=\"section\" data-settings=\"{&quot;background_background&quot;:&quot;classic&quot;}\">\n\t\t\t\t\t\t\t<div class=\"elementor-background-overlay\"><\/div>\n\t\t\t\t\t\t\t<div class=\"elementor-container elementor-column-gap-default\">\n\t\t\t\t\t<div class=\"elementor-column elementor-col-100 elementor-top-column elementor-element elementor-element-5be77b5\" data-id=\"5be77b5\" data-element_type=\"column\">\n\t\t\t<div class=\"elementor-widget-wrap elementor-element-populated\">\n\t\t\t\t\t\t\t\t<div class=\"elementor-element elementor-element-0dae839 elementor-widget elementor-widget-heading\" data-id=\"0dae839\" data-element_type=\"widget\" data-widget_type=\"heading.default\">\n\t\t\t\t<div class=\"elementor-widget-container\">\n\t\t\t<p class=\"elementor-heading-title elementor-size-large\">Adjoint(Tronc Commun MI)\n<br>\n Mr. TEGGAR Hamza <\/p>\t\t<\/div>\n\t\t\t\t<\/div>\n\t\t\t\t<div class=\"elementor-element elementor-element-20b306e elementor-widget elementor-widget-heading\" data-id=\"20b306e\" data-element_type=\"widget\" data-widget_type=\"heading.default\">\n\t\t\t\t<div class=\"elementor-widget-container\">\n\t\t\t<p class=\"elementor-heading-title elementor-size-large\">hamza.teggar@univ-mascara.dz<\/p>\t\t<\/div>\n\t\t\t\t<\/div>\n\t\t\t\t\t<\/div>\n\t\t<\/div>\n\t\t\t\t\t\t\t<\/div>\n\t\t<\/section>\n\t\t\t\t\t\t\t<\/div>\n\t\t","protected":false},"excerpt":{"rendered":"<p>Pr\u00e9sentation TRONC-COMMUN MI FSE Retour PR\u00c9SENTATION MI A nos ch\u00e8res \u00e9tudiantes et chers \u00e9tudiants inscrits en premi\u00e8re ann\u00e9e LMD, sp\u00e9cialit\u00e9 \u00a0Math\u00e9matiques et Informatique \u00e0 notre universit\u00e9 Mustapha Stambouli de Mascara. Vous \u00eates la bienvenue et nous vous souhaitons une ann\u00e9e pleine de succ\u00e8s. \u00a0Le LMD est un syst\u00e8me mis en place en Alg\u00e9rie en application &hellip;<\/p>\n<p class=\"read-more\"> <a class=\"\" href=\"https:\/\/www.univ-mascara.dz\/fse\/?page_id=7174\"> <span class=\"screen-reader-text\">Pr\u00e9sentation MI<\/span> Lire la suite\u00a0\u00bb<\/a><\/p>\n","protected":false},"author":2,"featured_media":0,"parent":0,"menu_order":0,"comment_status":"closed","ping_status":"closed","template":"","meta":[],"_links":{"self":[{"href":"https:\/\/www.univ-mascara.dz\/fse\/index.php?rest_route=\/wp\/v2\/pages\/7174"}],"collection":[{"href":"https:\/\/www.univ-mascara.dz\/fse\/index.php?rest_route=\/wp\/v2\/pages"}],"about":[{"href":"https:\/\/www.univ-mascara.dz\/fse\/index.php?rest_route=\/wp\/v2\/types\/page"}],"author":[{"embeddable":true,"href":"https:\/\/www.univ-mascara.dz\/fse\/index.php?rest_route=\/wp\/v2\/users\/2"}],"replies":[{"embeddable":true,"href":"https:\/\/www.univ-mascara.dz\/fse\/index.php?rest_route=%2Fwp%2Fv2%2Fcomments&post=7174"}],"version-history":[{"count":0,"href":"https:\/\/www.univ-mascara.dz\/fse\/index.php?rest_route=\/wp\/v2\/pages\/7174\/revisions"}],"wp:attachment":[{"href":"https:\/\/www.univ-mascara.dz\/fse\/index.php?rest_route=%2Fwp%2Fv2%2Fmedia&parent=7174"}],"curies":[{"name":"wp","href":"https:\/\/api.w.org\/{rel}","templated":true}]}}