{"id":7359,"date":"2022-02-22T15:22:09","date_gmt":"2022-02-22T14:22:09","guid":{"rendered":"http:\/\/nv.univ-mascara.dz\/fse\/?page_id=7359"},"modified":"2023-02-09T08:37:37","modified_gmt":"2023-02-09T07:37:37","slug":"corrige-mi","status":"publish","type":"page","link":"https:\/\/www.univ-mascara.dz\/fse\/?page_id=7359","title":{"rendered":"R\u00e9sultat-corrige-mi"},"content":{"rendered":"\t\t<div data-elementor-type=\"wp-page\" data-elementor-id=\"7359\" class=\"elementor elementor-7359\">\n\t\t\t\t\t\t\t\t\t<section class=\"elementor-section elementor-top-section elementor-element elementor-element-1be3d08 elementor-section-height-min-height elementor-section-boxed elementor-section-height-default elementor-section-items-middle\" data-id=\"1be3d08\" data-element_type=\"section\" data-settings=\"{&quot;background_background&quot;:&quot;classic&quot;}\">\n\t\t\t\t\t\t\t<div class=\"elementor-background-overlay\"><\/div>\n\t\t\t\t\t\t\t<div class=\"elementor-container elementor-column-gap-default\">\n\t\t\t\t\t<div class=\"elementor-column elementor-col-100 elementor-top-column elementor-element elementor-element-76d875c\" data-id=\"76d875c\" data-element_type=\"column\">\n\t\t\t<div class=\"elementor-widget-wrap elementor-element-populated\">\n\t\t\t\t\t\t\t\t<div class=\"elementor-element elementor-element-9ac8047 elementor-widget elementor-widget-heading\" data-id=\"9ac8047\" data-element_type=\"widget\" data-widget_type=\"heading.default\">\n\t\t\t\t<div class=\"elementor-widget-container\">\n\t\t\t<span class=\"elementor-heading-title elementor-size-default\"><br> <br><br><br> <br>R\u00e9sultat  du Semestre \/Corrig\u00e9 type <\/span>\t\t<\/div>\n\t\t\t\t<\/div>\n\t\t\t\t<div class=\"elementor-element elementor-element-2d1fed7 elementor-widget-divider--view-line elementor-widget elementor-widget-divider\" data-id=\"2d1fed7\" data-element_type=\"widget\" data-widget_type=\"divider.default\">\n\t\t\t\t<div class=\"elementor-widget-container\">\n\t\t\t\t\t<div class=\"elementor-divider\">\n\t\t\t<span class=\"elementor-divider-separator\">\n\t\t\t\t\t\t<\/span>\n\t\t<\/div>\n\t\t\t\t<\/div>\n\t\t\t\t<\/div>\n\t\t\t\t<div class=\"elementor-element elementor-element-c12ff0f elementor-widget elementor-widget-heading\" data-id=\"c12ff0f\" data-element_type=\"widget\" data-widget_type=\"heading.default\">\n\t\t\t\t<div class=\"elementor-widget-container\">\n\t\t\t<span class=\"elementor-heading-title elementor-size-default\">Tronc-commun MI<\/span>\t\t<\/div>\n\t\t\t\t<\/div>\n\t\t\t\t\t<\/div>\n\t\t<\/div>\n\t\t\t\t\t\t\t<\/div>\n\t\t<\/section>\n\t\t\t\t<section class=\"elementor-section elementor-top-section elementor-element elementor-element-d78d28e elementor-section-boxed elementor-section-height-default elementor-section-height-default\" data-id=\"d78d28e\" data-element_type=\"section\" data-settings=\"{&quot;background_background&quot;:&quot;classic&quot;}\">\n\t\t\t\t\t\t<div class=\"elementor-container elementor-column-gap-default\">\n\t\t\t\t\t<div class=\"elementor-column elementor-col-100 elementor-top-column elementor-element elementor-element-693989b\" data-id=\"693989b\" data-element_type=\"column\">\n\t\t\t<div class=\"elementor-widget-wrap elementor-element-populated\">\n\t\t\t\t\t\t\t\t<div class=\"elementor-element elementor-element-97152cc eael-tooltip-align-left elementor-widget elementor-widget-eael-tooltip\" data-id=\"97152cc\" data-element_type=\"widget\" data-widget_type=\"eael-tooltip.default\">\n\t\t\t\t<div class=\"elementor-widget-container\">\n\t\t\t\t<div class=\"eael-tooltip\">\n\t\t\t\t\t<span class=\"eael-tooltip-content\"><a href=\"\/fse\/?page_id=2350\">\t\t\t\t\t\t\t\t\t\t\t\t<i class=\"fas fa-reply\"><\/i>\n\t\t\t\t\t\t\t\t\t\t<\/a><\/span>\n  \t\t\t<span class=\"eael-tooltip-text eael-tooltip-right\"><p>Retour<\/p><\/span>\n  \t\t\t<\/div>\n\t\t\t<\/div>\n\t\t\t\t<\/div>\n\t\t\t\t\t<\/div>\n\t\t<\/div>\n\t\t\t\t\t\t\t<\/div>\n\t\t<\/section>\n\t\t\t\t<section class=\"elementor-section elementor-top-section elementor-element elementor-element-3143f36 elementor-section-boxed elementor-section-height-default elementor-section-height-default\" data-id=\"3143f36\" data-element_type=\"section\" data-settings=\"{&quot;background_background&quot;:&quot;classic&quot;}\">\n\t\t\t\t\t\t<div class=\"elementor-container elementor-column-gap-default\">\n\t\t\t\t\t<div class=\"elementor-column elementor-col-50 elementor-top-column elementor-element elementor-element-fe69dfa\" data-id=\"fe69dfa\" data-element_type=\"column\">\n\t\t\t<div class=\"elementor-widget-wrap elementor-element-populated\">\n\t\t\t\t\t\t\t\t<div class=\"elementor-element elementor-element-462d48d elementor-widget-divider--view-line_text elementor-widget-divider--element-align-center elementor-widget elementor-widget-divider\" data-id=\"462d48d\" data-element_type=\"widget\" data-widget_type=\"divider.default\">\n\t\t\t\t<div class=\"elementor-widget-container\">\n\t\t\t\t\t<div class=\"elementor-divider\">\n\t\t\t<span class=\"elementor-divider-separator\">\n\t\t\t\t\t\t\t<h1 class=\"elementor-divider__text elementor-divider__element\">\n\t\t\t\tSemestre1\t\t\t\t<\/h1>\n\t\t\t\t\t\t<\/span>\n\t\t<\/div>\n\t\t\t\t<\/div>\n\t\t\t\t<\/div>\n\t\t\t\t\t<\/div>\n\t\t<\/div>\n\t\t\t\t<div class=\"elementor-column elementor-col-50 elementor-top-column elementor-element elementor-element-71ac677\" data-id=\"71ac677\" data-element_type=\"column\">\n\t\t\t<div class=\"elementor-widget-wrap elementor-element-populated\">\n\t\t\t\t\t\t\t\t<div class=\"elementor-element elementor-element-a8a8719 elementor-widget-divider--view-line_text elementor-widget-divider--element-align-center elementor-widget elementor-widget-divider\" data-id=\"a8a8719\" data-element_type=\"widget\" data-widget_type=\"divider.default\">\n\t\t\t\t<div class=\"elementor-widget-container\">\n\t\t\t\t\t<div class=\"elementor-divider\">\n\t\t\t<span class=\"elementor-divider-separator\">\n\t\t\t\t\t\t\t<h1 class=\"elementor-divider__text elementor-divider__element\">\n\t\t\t\tSemestre 2\t\t\t\t<\/h1>\n\t\t\t\t\t\t<\/span>\n\t\t<\/div>\n\t\t\t\t<\/div>\n\t\t\t\t<\/div>\n\t\t\t\t\t<\/div>\n\t\t<\/div>\n\t\t\t\t\t\t\t<\/div>\n\t\t<\/section>\n\t\t\t\t<section class=\"elementor-section elementor-top-section elementor-element elementor-element-8eaba87 elementor-section-boxed elementor-section-height-default elementor-section-height-default\" data-id=\"8eaba87\" data-element_type=\"section\" data-settings=\"{&quot;background_background&quot;:&quot;classic&quot;}\">\n\t\t\t\t\t\t<div class=\"elementor-container elementor-column-gap-default\">\n\t\t\t\t\t<div class=\"elementor-column elementor-col-50 elementor-top-column elementor-element elementor-element-6ccaeb1\" data-id=\"6ccaeb1\" data-element_type=\"column\" data-settings=\"{&quot;background_background&quot;:&quot;classic&quot;}\">\n\t\t\t<div class=\"elementor-widget-wrap elementor-element-populated\">\n\t\t\t\t\t\t\t\t<div class=\"elementor-element elementor-element-49272a5 elementor-widget elementor-widget-text-editor\" data-id=\"49272a5\" data-element_type=\"widget\" data-widget_type=\"text-editor.default\">\n\t\t\t\t<div class=\"elementor-widget-container\">\n\t\t\t\t\t\t\t<ul><li><strong style=\"font-size: 16px; font-style: normal;\">Analyse 1\u00a0 \u00a0 <\/strong>[ Corrig\u00e9 type Examen] [Note d&rsquo;examen]<\/li><li><strong style=\"font-size: 16px; font-style: normal;\">Alg\u00e8bre 1<\/strong>[ Corrig\u00e9 type Examen] [Note d&rsquo;examen]<\/li><li><strong style=\"font-size: 16px; font-style: normal;\">Initiation \u00e0 l\u2019algorithmique<\/strong>[ Corrig\u00e9 type Examen] [Note d&rsquo;examen]<\/li><li><strong style=\"font-size: 16px; font-style: normal;\">Terminologie\u00a0 scientifique et expression \u00e9crite et orale<\/strong>[ Corrig\u00e9 type Examen] [Note d&rsquo;examen]<\/li><li><strong style=\"font-size: 16px; font-style: normal;\">Electronique, composant des syst\u00e8mes<\/strong>[ Corrig\u00e9 type Examen] [Note d&rsquo;examen]<\/li><li><strong style=\"font-size: 16px; font-style: normal;\">Anglais\u00a0<\/strong>[ Corrig\u00e9 type Examen] [Note d&rsquo;examen]<\/li><li><strong style=\"font-size: 16px; font-style: normal;\">TP Bureautique<\/strong>[ Corrig\u00e9 type Examen] [Note d&rsquo;examen]<\/li><\/ul>\t\t\t\t\t\t<\/div>\n\t\t\t\t<\/div>\n\t\t\t\t\t<\/div>\n\t\t<\/div>\n\t\t\t\t<div class=\"elementor-column elementor-col-50 elementor-top-column elementor-element elementor-element-6851f08\" data-id=\"6851f08\" data-element_type=\"column\" data-settings=\"{&quot;background_background&quot;:&quot;classic&quot;}\">\n\t\t\t<div class=\"elementor-widget-wrap elementor-element-populated\">\n\t\t\t\t\t\t\t\t<div class=\"elementor-element elementor-element-a503ae6 elementor-widget elementor-widget-text-editor\" data-id=\"a503ae6\" data-element_type=\"widget\" data-widget_type=\"text-editor.default\">\n\t\t\t\t<div class=\"elementor-widget-container\">\n\t\t\t\t\t\t\t<ul><li><strong style=\"font-size: 16px; font-style: normal;\">Analyse 2<\/strong>[ Corrig\u00e9 type Examen] [Note d&rsquo;examen]<\/li><li><strong style=\"font-size: 16px; font-style: normal;\">Alg\u00e8bre 2<\/strong>[ Corrig\u00e9 type Examen] [Note d&rsquo;examen]<\/li><li><strong style=\"font-size: 16px; font-style: normal;\">Introduction aux probabilit\u00e9s et statistique descriptive<\/strong>[ Corrig\u00e9 type Examen] [Note d&rsquo;examen]<\/li><li><span style=\"font-size: 16px; font-style: normal; font-weight: 400;\">\u00a0<\/span><strong style=\"font-size: 16px; font-style: normal;\">Programmation et structure de donn\u00e9es\u00a0<\/strong>[ Corrig\u00e9 type Examen] [Note d&rsquo;examen]<\/li><li><strong style=\"font-size: 16px; font-style: normal;\">Structure machine\u00a0<\/strong>[ Corrig\u00e9 type Examen] [Note d&rsquo;examen]<\/li><li><strong style=\"font-size: 16px; font-style: normal;\">Techniques de l\u2019information\u00a0 et de la communication\u00a0<\/strong>[ Corrig\u00e9 type Examen] [Note d&rsquo;examen]<\/li><li><strong style=\"font-size: 16px; font-style: normal;\">Outils de programmation pour les math\u00e9matiques<\/strong>[ Corrig\u00e9 type Examen] [Note d&rsquo;examen]\u00a0<\/li><li><strong style=\"font-size: 16px; font-style: normal;\">Electricit\u00e9 g\u00e9n\u00e9rale<\/strong>[ Corrig\u00e9 type Examen] [Note d&rsquo;examen]<\/li><li><strong style=\"font-size: 16px; font-style: normal;\">Histoire des sciences<\/strong>[ Corrig\u00e9 type Examen] [Note d&rsquo;examen]<\/li><\/ul>\t\t\t\t\t\t<\/div>\n\t\t\t\t<\/div>\n\t\t\t\t\t<\/div>\n\t\t<\/div>\n\t\t\t\t\t\t\t<\/div>\n\t\t<\/section>\n\t\t\t\t\t\t\t<\/div>\n\t\t","protected":false},"excerpt":{"rendered":"<p>R\u00e9sultat du Semestre \/Corrig\u00e9 type Tronc-commun MI Retour Semestre1 Semestre 2 Analyse 1\u00a0 \u00a0 [ Corrig\u00e9 type Examen] [Note d&rsquo;examen] Alg\u00e8bre 1[ Corrig\u00e9 type Examen] [Note d&rsquo;examen] Initiation \u00e0 l\u2019algorithmique[ Corrig\u00e9 type Examen] [Note d&rsquo;examen] Terminologie\u00a0 scientifique et expression \u00e9crite et orale[ Corrig\u00e9 type Examen] [Note d&rsquo;examen] Electronique, composant des syst\u00e8mes[ Corrig\u00e9 type Examen] [Note &hellip;<\/p>\n<p class=\"read-more\"> <a class=\"\" href=\"https:\/\/www.univ-mascara.dz\/fse\/?page_id=7359\"> <span class=\"screen-reader-text\">R\u00e9sultat-corrige-mi<\/span> Lire la suite\u00a0\u00bb<\/a><\/p>\n","protected":false},"author":2,"featured_media":0,"parent":0,"menu_order":0,"comment_status":"closed","ping_status":"closed","template":"","meta":[],"_links":{"self":[{"href":"https:\/\/www.univ-mascara.dz\/fse\/index.php?rest_route=\/wp\/v2\/pages\/7359"}],"collection":[{"href":"https:\/\/www.univ-mascara.dz\/fse\/index.php?rest_route=\/wp\/v2\/pages"}],"about":[{"href":"https:\/\/www.univ-mascara.dz\/fse\/index.php?rest_route=\/wp\/v2\/types\/page"}],"author":[{"embeddable":true,"href":"https:\/\/www.univ-mascara.dz\/fse\/index.php?rest_route=\/wp\/v2\/users\/2"}],"replies":[{"embeddable":true,"href":"https:\/\/www.univ-mascara.dz\/fse\/index.php?rest_route=%2Fwp%2Fv2%2Fcomments&post=7359"}],"version-history":[{"count":0,"href":"https:\/\/www.univ-mascara.dz\/fse\/index.php?rest_route=\/wp\/v2\/pages\/7359\/revisions"}],"wp:attachment":[{"href":"https:\/\/www.univ-mascara.dz\/fse\/index.php?rest_route=%2Fwp%2Fv2%2Fmedia&parent=7359"}],"curies":[{"name":"wp","href":"https:\/\/api.w.org\/{rel}","templated":true}]}}