{"id":8228,"date":"2022-02-24T10:00:24","date_gmt":"2022-02-24T09:00:24","guid":{"rendered":"http:\/\/nv.univ-mascara.dz\/fse\/?page_id=8228"},"modified":"2023-02-09T10:33:59","modified_gmt":"2023-02-09T09:33:59","slug":"presentation-dep-maths","status":"publish","type":"page","link":"https:\/\/www.univ-mascara.dz\/fse\/?page_id=8228","title":{"rendered":"Pr\u00e9sentation-dep-maths"},"content":{"rendered":"\t\t<div data-elementor-type=\"wp-page\" data-elementor-id=\"8228\" class=\"elementor elementor-8228\">\n\t\t\t\t\t\t\t\t\t<section class=\"elementor-section elementor-top-section elementor-element elementor-element-eb33f8b elementor-section-boxed elementor-section-height-default elementor-section-height-default\" data-id=\"eb33f8b\" data-element_type=\"section\" data-settings=\"{&quot;background_background&quot;:&quot;classic&quot;}\">\n\t\t\t\t\t\t\t<div class=\"elementor-background-overlay\"><\/div>\n\t\t\t\t\t\t\t<div class=\"elementor-container elementor-column-gap-default\">\n\t\t\t\t\t<div class=\"elementor-column elementor-col-100 elementor-top-column elementor-element elementor-element-2d9790d\" data-id=\"2d9790d\" data-element_type=\"column\">\n\t\t\t<div class=\"elementor-widget-wrap elementor-element-populated\">\n\t\t\t\t\t\t\t\t<div class=\"elementor-element elementor-element-c9dfee1 elementor-widget elementor-widget-heading\" data-id=\"c9dfee1\" data-element_type=\"widget\" data-widget_type=\"heading.default\">\n\t\t\t\t<div class=\"elementor-widget-container\">\n\t\t\t<p class=\"elementor-heading-title elementor-size-medium\"><br><br>  Pr\u00e9sentation <\/p>\t\t<\/div>\n\t\t\t\t<\/div>\n\t\t\t\t<div class=\"elementor-element elementor-element-d426b66 elementor-widget-divider--view-line elementor-widget elementor-widget-divider\" data-id=\"d426b66\" data-element_type=\"widget\" data-widget_type=\"divider.default\">\n\t\t\t\t<div class=\"elementor-widget-container\">\n\t\t\t\t\t<div class=\"elementor-divider\">\n\t\t\t<span class=\"elementor-divider-separator\">\n\t\t\t\t\t\t<\/span>\n\t\t<\/div>\n\t\t\t\t<\/div>\n\t\t\t\t<\/div>\n\t\t\t\t<div class=\"elementor-element elementor-element-18e7720 elementor-widget elementor-widget-heading\" data-id=\"18e7720\" data-element_type=\"widget\" data-widget_type=\"heading.default\">\n\t\t\t\t<div class=\"elementor-widget-container\">\n\t\t\t<span class=\"elementor-heading-title elementor-size-default\">D\u00e9partement Math\u00e9matiques<\/span>\t\t<\/div>\n\t\t\t\t<\/div>\n\t\t\t\t<div class=\"elementor-element elementor-element-682e514 elementor-widget elementor-widget-image\" data-id=\"682e514\" data-element_type=\"widget\" data-widget_type=\"image.default\">\n\t\t\t\t<div class=\"elementor-widget-container\">\n\t\t\t\t\t\t\t\t\t\t\t\t\t\t\t<img decoding=\"async\" width=\"284\" height=\"178\" src=\"https:\/\/www.univ-mascara.dz\/fse\/wp-content\/uploads\/2022\/02\/maths.jpg\" class=\"attachment-medium size-medium\" alt=\"\" loading=\"lazy\" \/>\t\t\t\t\t\t\t\t\t\t\t\t\t\t\t<\/div>\n\t\t\t\t<\/div>\n\t\t\t\t\t<\/div>\n\t\t<\/div>\n\t\t\t\t\t\t\t<\/div>\n\t\t<\/section>\n\t\t\t\t<section class=\"elementor-section elementor-top-section elementor-element elementor-element-29fd28d elementor-section-boxed elementor-section-height-default elementor-section-height-default\" data-id=\"29fd28d\" data-element_type=\"section\" data-settings=\"{&quot;background_background&quot;:&quot;classic&quot;}\">\n\t\t\t\t\t\t<div class=\"elementor-container elementor-column-gap-default\">\n\t\t\t\t\t<div class=\"elementor-column elementor-col-100 elementor-top-column elementor-element elementor-element-a4bf247\" data-id=\"a4bf247\" data-element_type=\"column\">\n\t\t\t<div class=\"elementor-widget-wrap elementor-element-populated\">\n\t\t\t\t\t\t\t\t<div class=\"elementor-element elementor-element-bc08766 eael-tooltip-align-left elementor-widget elementor-widget-eael-tooltip\" data-id=\"bc08766\" data-element_type=\"widget\" data-widget_type=\"eael-tooltip.default\">\n\t\t\t\t<div class=\"elementor-widget-container\">\n\t\t\t\t<div class=\"eael-tooltip\">\n\t\t\t\t\t<span class=\"eael-tooltip-content\"><a href=\"\/fse\/?page_id=8190\">\t\t\t\t\t\t\t\t\t\t\t\t<i class=\"fas fa-reply\"><\/i>\n\t\t\t\t\t\t\t\t\t\t<\/a><\/span>\n  \t\t\t<span class=\"eael-tooltip-text eael-tooltip-right\"><p>retour<\/p><\/span>\n  \t\t\t<\/div>\n\t\t\t<\/div>\n\t\t\t\t<\/div>\n\t\t\t\t<div class=\"elementor-element elementor-element-30bd005 elementor-widget-divider--view-line elementor-widget elementor-widget-divider\" data-id=\"30bd005\" data-element_type=\"widget\" data-widget_type=\"divider.default\">\n\t\t\t\t<div class=\"elementor-widget-container\">\n\t\t\t\t\t<div class=\"elementor-divider\">\n\t\t\t<span class=\"elementor-divider-separator\">\n\t\t\t\t\t\t<\/span>\n\t\t<\/div>\n\t\t\t\t<\/div>\n\t\t\t\t<\/div>\n\t\t\t\t<div class=\"elementor-element elementor-element-02c5ab1 elementor-widget elementor-widget-heading\" data-id=\"02c5ab1\" data-element_type=\"widget\" data-widget_type=\"heading.default\">\n\t\t\t\t<div class=\"elementor-widget-container\">\n\t\t\t<h3 class=\"elementor-heading-title elementor-size-large\">PR\u00c9SENTATION \n<\/h3>\t\t<\/div>\n\t\t\t\t<\/div>\n\t\t\t\t<div class=\"elementor-element elementor-element-1bb15e5 elementor-widget elementor-widget-text-editor\" data-id=\"1bb15e5\" data-element_type=\"widget\" data-widget_type=\"text-editor.default\">\n\t\t\t\t<div class=\"elementor-widget-container\">\n\t\t\t\t\t\t\t<p style=\"text-align: justify;\">Le d\u00e9partement de math\u00e9matiques a vu le jour, avec la cr\u00e9ation de la facult\u00e9 des Sciences\u00a0exactes en l\u2019ann\u00e9e universitaire 2015\/2016, et ceci suivant le d\u00e9cret N\u00b0 51 date du 20 janvier\u00a02016.\u00a0<br \/>Le staff des enseignants est compos\u00e9 de 21 membres de diff\u00e9rents grades.\u00a0<br \/>Quant au nombre d\u2019\u00e9tudiants, il a d\u00e9pass\u00e9 les 400 \u00e9tudiants en cette ann\u00e9e universitaire\u00a02016\/2017 r\u00e9partis en deux niveaux :<\/p><ul style=\"text-align: justify;\"><li>Licence math\u00e9matique.\u00a0<\/li><li>Master en deux sp\u00e9cialit\u00e9s (g\u00e9om\u00e8tre diff\u00e9rentielle et analyse math\u00e9matique).\u00a0<\/li><\/ul><p style=\"text-align: justify;\">En plus de l\u2019ouverture d\u2019une formation doctorale \u00e0 partir de cette ann\u00e9e universitaire, ou nous\u00a0avons commenc\u00e9 avec la premi\u00e8re promotion constitu\u00e9e de 04 doctorants .<br \/>Il est \u00e0 noter que les \u00e9tudiants du d\u00e9partement ont montr\u00e9 de tr\u00e8s grandes capacit\u00e9s\u00a0d\u2019assimilation qui leur ont permis d\u2019exceller dans les concours nationaux pour l\u2019obtention de\u00a0bourses de formation \u00e0 l\u2019\u00e9tranger.\u00a0<br \/>Le d\u00e9partement est en phase de croissance proportionnelle avec la construction de sa structure,\u00a0et on tient selon notre vision et nos plans strat\u00e9giques aux choses suivantes :<\/p><ul><li style=\"text-align: justify;\">La garantie de la qualit\u00e9 de l\u2019op\u00e9ration d\u2019enseignement et ses issues.\u00a0<\/li><li style=\"text-align: justify;\">L\u2019adoption des programmes d\u2019\u00e9tudes sup\u00e9rieures ainsi que le d\u00e9veloppement et la\u00a0stimulation de la recherche scientifique et ses sources.\u00a0<\/li><li style=\"text-align: justify;\">Attirer des scientifiques et des chercheurs de renomm\u00e9e, pour ouvrir des perspectives\u00a0de collaboration scientifique et de recherche commune, et cr\u00e9er un environnement\u00a0scientifique de recherche capable d\u2019\u00e9tablir des conventions et des travaux\u00a0scientifiques et acad\u00e9miques communs.\u00a0<\/li><li style=\"text-align: justify;\">\u00a0La cr\u00e9ation d\u2019une revue avec comit\u00e9 de lecture et la commercialisation des travaux de\u00a0recherche scientifique et les projets r\u00e9alis\u00e9s dans le d\u00e9partement.\u00a0<\/li><li style=\"text-align: justify;\">\u00a0L\u2019organisation de rencontres et s\u00e9minaires scientifiques nationaux et internationaux.<\/li><\/ul><p>\u00a0<\/p>\t\t\t\t\t\t<\/div>\n\t\t\t\t<\/div>\n\t\t\t\t<div class=\"elementor-element elementor-element-d458999 elementor-widget-divider--view-line elementor-widget elementor-widget-divider\" data-id=\"d458999\" data-element_type=\"widget\" data-widget_type=\"divider.default\">\n\t\t\t\t<div class=\"elementor-widget-container\">\n\t\t\t\t\t<div class=\"elementor-divider\">\n\t\t\t<span class=\"elementor-divider-separator\">\n\t\t\t\t\t\t<\/span>\n\t\t<\/div>\n\t\t\t\t<\/div>\n\t\t\t\t<\/div>\n\t\t\t\t\t<\/div>\n\t\t<\/div>\n\t\t\t\t\t\t\t<\/div>\n\t\t<\/section>\n\t\t\t\t\t\t\t<\/div>\n\t\t","protected":false},"excerpt":{"rendered":"<p>Pr\u00e9sentation D\u00e9partement Math\u00e9matiques retour PR\u00c9SENTATION Le d\u00e9partement de math\u00e9matiques a vu le jour, avec la cr\u00e9ation de la facult\u00e9 des Sciences\u00a0exactes en l\u2019ann\u00e9e universitaire 2015\/2016, et ceci suivant le d\u00e9cret N\u00b0 51 date du 20 janvier\u00a02016.\u00a0Le staff des enseignants est compos\u00e9 de 21 membres de diff\u00e9rents grades.\u00a0Quant au nombre d\u2019\u00e9tudiants, il a d\u00e9pass\u00e9 les 400 &hellip;<\/p>\n<p class=\"read-more\"> <a class=\"\" href=\"https:\/\/www.univ-mascara.dz\/fse\/?page_id=8228\"> <span class=\"screen-reader-text\">Pr\u00e9sentation-dep-maths<\/span> Lire la suite\u00a0\u00bb<\/a><\/p>\n","protected":false},"author":2,"featured_media":0,"parent":0,"menu_order":0,"comment_status":"closed","ping_status":"closed","template":"","meta":[],"_links":{"self":[{"href":"https:\/\/www.univ-mascara.dz\/fse\/index.php?rest_route=\/wp\/v2\/pages\/8228"}],"collection":[{"href":"https:\/\/www.univ-mascara.dz\/fse\/index.php?rest_route=\/wp\/v2\/pages"}],"about":[{"href":"https:\/\/www.univ-mascara.dz\/fse\/index.php?rest_route=\/wp\/v2\/types\/page"}],"author":[{"embeddable":true,"href":"https:\/\/www.univ-mascara.dz\/fse\/index.php?rest_route=\/wp\/v2\/users\/2"}],"replies":[{"embeddable":true,"href":"https:\/\/www.univ-mascara.dz\/fse\/index.php?rest_route=%2Fwp%2Fv2%2Fcomments&post=8228"}],"version-history":[{"count":0,"href":"https:\/\/www.univ-mascara.dz\/fse\/index.php?rest_route=\/wp\/v2\/pages\/8228\/revisions"}],"wp:attachment":[{"href":"https:\/\/www.univ-mascara.dz\/fse\/index.php?rest_route=%2Fwp%2Fv2%2Fmedia&parent=8228"}],"curies":[{"name":"wp","href":"https:\/\/api.w.org\/{rel}","templated":true}]}}