{"id":8242,"date":"2022-02-24T10:02:41","date_gmt":"2022-02-24T09:02:41","guid":{"rendered":"http:\/\/nv.univ-mascara.dz\/fse\/?page_id=8242"},"modified":"2022-03-17T10:12:21","modified_gmt":"2022-03-17T09:12:21","slug":"presentation-dep-info","status":"publish","type":"page","link":"https:\/\/www.univ-mascara.dz\/fse\/?page_id=8242","title":{"rendered":"Pr\u00e9sentation-dep-info"},"content":{"rendered":"\t\t<div data-elementor-type=\"wp-page\" data-elementor-id=\"8242\" class=\"elementor elementor-8242\">\n\t\t\t\t\t\t\t\t\t<section class=\"elementor-section elementor-top-section elementor-element elementor-element-655958a elementor-section-boxed elementor-section-height-default elementor-section-height-default\" data-id=\"655958a\" data-element_type=\"section\" data-settings=\"{&quot;background_background&quot;:&quot;classic&quot;}\">\n\t\t\t\t\t\t\t<div class=\"elementor-background-overlay\"><\/div>\n\t\t\t\t\t\t\t<div class=\"elementor-container elementor-column-gap-default\">\n\t\t\t\t\t<div class=\"elementor-column elementor-col-100 elementor-top-column elementor-element elementor-element-3973a76\" data-id=\"3973a76\" data-element_type=\"column\">\n\t\t\t<div class=\"elementor-widget-wrap elementor-element-populated\">\n\t\t\t\t\t\t\t\t<div class=\"elementor-element elementor-element-c643693 elementor-widget elementor-widget-heading\" data-id=\"c643693\" data-element_type=\"widget\" data-widget_type=\"heading.default\">\n\t\t\t\t<div class=\"elementor-widget-container\">\n\t\t\t<p class=\"elementor-heading-title elementor-size-medium\"><br><br>  Pr\u00e9sentation <\/p>\t\t<\/div>\n\t\t\t\t<\/div>\n\t\t\t\t<div class=\"elementor-element elementor-element-06fd3ff elementor-widget-divider--view-line elementor-widget elementor-widget-divider\" data-id=\"06fd3ff\" data-element_type=\"widget\" data-widget_type=\"divider.default\">\n\t\t\t\t<div class=\"elementor-widget-container\">\n\t\t\t\t\t<div class=\"elementor-divider\">\n\t\t\t<span class=\"elementor-divider-separator\">\n\t\t\t\t\t\t<\/span>\n\t\t<\/div>\n\t\t\t\t<\/div>\n\t\t\t\t<\/div>\n\t\t\t\t<div class=\"elementor-element elementor-element-3bff41f elementor-widget elementor-widget-heading\" data-id=\"3bff41f\" data-element_type=\"widget\" data-widget_type=\"heading.default\">\n\t\t\t\t<div class=\"elementor-widget-container\">\n\t\t\t<span class=\"elementor-heading-title elementor-size-default\">D\u00e9partement Informatique<\/span>\t\t<\/div>\n\t\t\t\t<\/div>\n\t\t\t\t<div class=\"elementor-element elementor-element-894e536 elementor-widget elementor-widget-image\" data-id=\"894e536\" data-element_type=\"widget\" data-widget_type=\"image.default\">\n\t\t\t\t<div class=\"elementor-widget-container\">\n\t\t\t\t\t\t\t\t\t\t\t\t\t\t\t<img decoding=\"async\" width=\"150\" height=\"150\" src=\"https:\/\/www.univ-mascara.dz\/fse\/wp-content\/uploads\/2022\/02\/info-150x150.jpg\" class=\"attachment-thumbnail size-thumbnail\" alt=\"\" loading=\"lazy\" srcset=\"https:\/\/www.univ-mascara.dz\/fse\/wp-content\/uploads\/2022\/02\/info-150x150.jpg 150w, https:\/\/www.univ-mascara.dz\/fse\/wp-content\/uploads\/2022\/02\/info-300x300.jpg 300w\" sizes=\"(max-width: 150px) 100vw, 150px\" \/>\t\t\t\t\t\t\t\t\t\t\t\t\t\t\t<\/div>\n\t\t\t\t<\/div>\n\t\t\t\t\t<\/div>\n\t\t<\/div>\n\t\t\t\t\t\t\t<\/div>\n\t\t<\/section>\n\t\t\t\t<section class=\"elementor-section elementor-top-section elementor-element elementor-element-2604fba elementor-section-boxed elementor-section-height-default elementor-section-height-default\" data-id=\"2604fba\" data-element_type=\"section\" data-settings=\"{&quot;background_background&quot;:&quot;classic&quot;}\">\n\t\t\t\t\t\t<div class=\"elementor-container elementor-column-gap-default\">\n\t\t\t\t\t<div class=\"elementor-column elementor-col-100 elementor-top-column elementor-element elementor-element-9967f64\" data-id=\"9967f64\" data-element_type=\"column\">\n\t\t\t<div class=\"elementor-widget-wrap elementor-element-populated\">\n\t\t\t\t\t\t\t\t<div class=\"elementor-element elementor-element-9e27c84 eael-tooltip-align-left elementor-widget elementor-widget-eael-tooltip\" data-id=\"9e27c84\" data-element_type=\"widget\" data-widget_type=\"eael-tooltip.default\">\n\t\t\t\t<div class=\"elementor-widget-container\">\n\t\t\t\t<div class=\"eael-tooltip\">\n\t\t\t\t\t<span class=\"eael-tooltip-content\"><a href=\"\/fse\/?page_id=8247\">\t\t\t\t\t\t\t\t\t\t\t\t<i class=\"fas fa-reply\"><\/i>\n\t\t\t\t\t\t\t\t\t\t<\/a><\/span>\n  \t\t\t<span class=\"eael-tooltip-text eael-tooltip-right\"><p>retour<\/p><\/span>\n  \t\t\t<\/div>\n\t\t\t<\/div>\n\t\t\t\t<\/div>\n\t\t\t\t<div class=\"elementor-element elementor-element-8ad1ad1 elementor-widget-divider--view-line elementor-widget elementor-widget-divider\" data-id=\"8ad1ad1\" data-element_type=\"widget\" data-widget_type=\"divider.default\">\n\t\t\t\t<div class=\"elementor-widget-container\">\n\t\t\t\t\t<div class=\"elementor-divider\">\n\t\t\t<span class=\"elementor-divider-separator\">\n\t\t\t\t\t\t<\/span>\n\t\t<\/div>\n\t\t\t\t<\/div>\n\t\t\t\t<\/div>\n\t\t\t\t<div class=\"elementor-element elementor-element-14d0d00 elementor-widget elementor-widget-heading\" data-id=\"14d0d00\" data-element_type=\"widget\" data-widget_type=\"heading.default\">\n\t\t\t\t<div class=\"elementor-widget-container\">\n\t\t\t<h3 class=\"elementor-heading-title elementor-size-large\">PR\u00c9SENTATION \n<\/h3>\t\t<\/div>\n\t\t\t\t<\/div>\n\t\t\t\t<div class=\"elementor-element elementor-element-818f003 elementor-widget elementor-widget-text-editor\" data-id=\"818f003\" data-element_type=\"widget\" data-widget_type=\"text-editor.default\">\n\t\t\t\t<div class=\"elementor-widget-container\">\n\t\t\t\t\t\t\t<p>Le d\u00e9partement informatique existait d\u00e9j\u00e0 en tant qu&rsquo;institut depuis 1998 au sein du centre universitaire de mascara. Il forma alors les premiers dipl\u00f4m\u00e9s d&rsquo;\u00e9tudes universitaires appliqu\u00e9es et les premiers ing\u00e9nieurs d\u2019\u00e9tat en informatique.<\/p><p>En 2007, il devient d\u00e9partement Informatique rattach\u00e9 \u00e0 l&rsquo;institut des sciences et Technologies.<\/p><p>En l\u2019an 2010, il devient d\u00e9partement Maths informatique, rattach\u00e9 \u00e0 la facult\u00e9 des sciences et Technologies\u00a0 de l&rsquo;universit\u00e9 de Mascara.<\/p><p>En l\u2019an 2016, il redevient d\u00e9partement informatique, rattach\u00e9 \u00e0 la facult\u00e9 des sciences Exactes de l&rsquo;universit\u00e9 de Mascara.<\/p><p>L\u2019objectif du d\u00e9partement est de former des informaticiens ma\u00eetrisant les techniques et concepts fondamentaux en informatique permettant \u00e0 certains \u00e9tudiants de poursuivre un enseignement post-gradu\u00e9 et \u00e0 d\u2019autres d&rsquo;int\u00e9grer le march\u00e9 du travail dans les entreprises publiques ou priv\u00e9es.<\/p><p>Le d\u00e9partement d\u2019informatique propose un parcours Licence et 3 parcours Master :<\/p><ul><li>\u00a0Licence Syst\u00e8mes Informatiques (SI)<\/li><li>\u00a0Master R\u00e9seaux et Syst\u00e8mes Distribu\u00e9s (RSD)<\/li><li>\u00a0Master Ing\u00e9nierie des Syst\u00e8mes Informatiques (ISI)<\/li><li>Master Syst\u00e8mes d&rsquo;Information et Technologie Web (SITW)\u00a0<\/li><\/ul><p><strong>-Che<\/strong><strong>f d\u00e9partement :Mme. BOUFERA Fatma<\/strong><\/p><p>\u00a0&#8211;<strong>Adjoint(<\/strong>Tronc Commun MI)\u00a0<strong>: M.TEGGAR Hamza<\/strong><\/p>\t\t\t\t\t\t<\/div>\n\t\t\t\t<\/div>\n\t\t\t\t<div class=\"elementor-element elementor-element-41fc1ba elementor-widget-divider--view-line elementor-widget elementor-widget-divider\" data-id=\"41fc1ba\" data-element_type=\"widget\" data-widget_type=\"divider.default\">\n\t\t\t\t<div class=\"elementor-widget-container\">\n\t\t\t\t\t<div class=\"elementor-divider\">\n\t\t\t<span class=\"elementor-divider-separator\">\n\t\t\t\t\t\t<\/span>\n\t\t<\/div>\n\t\t\t\t<\/div>\n\t\t\t\t<\/div>\n\t\t\t\t\t<\/div>\n\t\t<\/div>\n\t\t\t\t\t\t\t<\/div>\n\t\t<\/section>\n\t\t\t\t\t\t\t<\/div>\n\t\t","protected":false},"excerpt":{"rendered":"<p>Pr\u00e9sentation D\u00e9partement Informatique retour PR\u00c9SENTATION Le d\u00e9partement informatique existait d\u00e9j\u00e0 en tant qu&rsquo;institut depuis 1998 au sein du centre universitaire de mascara. Il forma alors les premiers dipl\u00f4m\u00e9s d&rsquo;\u00e9tudes universitaires appliqu\u00e9es et les premiers ing\u00e9nieurs d\u2019\u00e9tat en informatique. En 2007, il devient d\u00e9partement Informatique rattach\u00e9 \u00e0 l&rsquo;institut des sciences et Technologies. En l\u2019an 2010, il &hellip;<\/p>\n<p class=\"read-more\"> <a class=\"\" href=\"https:\/\/www.univ-mascara.dz\/fse\/?page_id=8242\"> <span class=\"screen-reader-text\">Pr\u00e9sentation-dep-info<\/span> Lire la suite\u00a0\u00bb<\/a><\/p>\n","protected":false},"author":2,"featured_media":0,"parent":0,"menu_order":0,"comment_status":"closed","ping_status":"closed","template":"","meta":[],"_links":{"self":[{"href":"https:\/\/www.univ-mascara.dz\/fse\/index.php?rest_route=\/wp\/v2\/pages\/8242"}],"collection":[{"href":"https:\/\/www.univ-mascara.dz\/fse\/index.php?rest_route=\/wp\/v2\/pages"}],"about":[{"href":"https:\/\/www.univ-mascara.dz\/fse\/index.php?rest_route=\/wp\/v2\/types\/page"}],"author":[{"embeddable":true,"href":"https:\/\/www.univ-mascara.dz\/fse\/index.php?rest_route=\/wp\/v2\/users\/2"}],"replies":[{"embeddable":true,"href":"https:\/\/www.univ-mascara.dz\/fse\/index.php?rest_route=%2Fwp%2Fv2%2Fcomments&post=8242"}],"version-history":[{"count":0,"href":"https:\/\/www.univ-mascara.dz\/fse\/index.php?rest_route=\/wp\/v2\/pages\/8242\/revisions"}],"wp:attachment":[{"href":"https:\/\/www.univ-mascara.dz\/fse\/index.php?rest_route=%2Fwp%2Fv2%2Fmedia&parent=8242"}],"curies":[{"name":"wp","href":"https:\/\/api.w.org\/{rel}","templated":true}]}}