{"id":8428,"date":"2022-02-24T11:53:28","date_gmt":"2022-02-24T10:53:28","guid":{"rendered":"http:\/\/nv.univ-mascara.dz\/fse\/?page_id=8428"},"modified":"2023-03-20T10:04:19","modified_gmt":"2023-03-20T09:04:19","slug":"deliberation-informatique","status":"publish","type":"page","link":"https:\/\/www.univ-mascara.dz\/fse\/?page_id=8428","title":{"rendered":"D\u00e9lib\u00e9ration-informatique"},"content":{"rendered":"\t\t<div data-elementor-type=\"wp-page\" data-elementor-id=\"8428\" class=\"elementor elementor-8428\">\n\t\t\t\t\t\t\t\t\t<section class=\"elementor-section elementor-top-section elementor-element elementor-element-dc96fed elementor-section-height-min-height elementor-section-boxed elementor-section-height-default elementor-section-items-middle\" data-id=\"dc96fed\" data-element_type=\"section\" data-settings=\"{&quot;background_background&quot;:&quot;classic&quot;}\">\n\t\t\t\t\t\t\t<div class=\"elementor-background-overlay\"><\/div>\n\t\t\t\t\t\t\t<div class=\"elementor-container elementor-column-gap-default\">\n\t\t\t\t\t<div class=\"elementor-column elementor-col-100 elementor-top-column elementor-element elementor-element-cbb58f5\" data-id=\"cbb58f5\" data-element_type=\"column\">\n\t\t\t<div class=\"elementor-widget-wrap elementor-element-populated\">\n\t\t\t\t\t\t\t\t<div class=\"elementor-element elementor-element-44f568b elementor-widget elementor-widget-heading\" data-id=\"44f568b\" data-element_type=\"widget\" data-widget_type=\"heading.default\">\n\t\t\t\t<div class=\"elementor-widget-container\">\n\t\t\t<span class=\"elementor-heading-title elementor-size-default\"><br><br> <br> D\u00e9lib\u00e9ration  <\/span>\t\t<\/div>\n\t\t\t\t<\/div>\n\t\t\t\t<div class=\"elementor-element elementor-element-2fdb477 elementor-widget-divider--view-line elementor-widget elementor-widget-divider\" data-id=\"2fdb477\" data-element_type=\"widget\" data-widget_type=\"divider.default\">\n\t\t\t\t<div class=\"elementor-widget-container\">\n\t\t\t\t\t<div class=\"elementor-divider\">\n\t\t\t<span class=\"elementor-divider-separator\">\n\t\t\t\t\t\t<\/span>\n\t\t<\/div>\n\t\t\t\t<\/div>\n\t\t\t\t<\/div>\n\t\t\t\t<div class=\"elementor-element elementor-element-619ba81 elementor-widget elementor-widget-heading\" data-id=\"619ba81\" data-element_type=\"widget\" data-widget_type=\"heading.default\">\n\t\t\t\t<div class=\"elementor-widget-container\">\n\t\t\t<span class=\"elementor-heading-title elementor-size-default\">D\u00e9partement Informatique<\/span>\t\t<\/div>\n\t\t\t\t<\/div>\n\t\t\t\t\t<\/div>\n\t\t<\/div>\n\t\t\t\t\t\t\t<\/div>\n\t\t<\/section>\n\t\t\t\t<section class=\"elementor-section elementor-top-section elementor-element elementor-element-5dbf435 elementor-section-boxed elementor-section-height-default elementor-section-height-default\" data-id=\"5dbf435\" data-element_type=\"section\" data-settings=\"{&quot;background_background&quot;:&quot;classic&quot;}\">\n\t\t\t\t\t\t<div class=\"elementor-container elementor-column-gap-default\">\n\t\t\t\t\t<div class=\"elementor-column elementor-col-100 elementor-top-column elementor-element elementor-element-55f13ae\" data-id=\"55f13ae\" data-element_type=\"column\">\n\t\t\t<div class=\"elementor-widget-wrap elementor-element-populated\">\n\t\t\t\t\t\t\t\t<div class=\"elementor-element elementor-element-9d96712 eael-tooltip-align-left elementor-widget elementor-widget-eael-tooltip\" data-id=\"9d96712\" data-element_type=\"widget\" data-widget_type=\"eael-tooltip.default\">\n\t\t\t\t<div class=\"elementor-widget-container\">\n\t\t\t\t<div class=\"eael-tooltip\">\n\t\t\t\t\t<span class=\"eael-tooltip-content\"><a href=\"\/fse\/?page_id=8247\">\t\t\t\t\t\t\t\t\t\t\t\t<i class=\"fas fa-reply\"><\/i>\n\t\t\t\t\t\t\t\t\t\t<\/a><\/span>\n  \t\t\t<span class=\"eael-tooltip-text eael-tooltip-right\"><p>Retour<\/p><\/span>\n  \t\t\t<\/div>\n\t\t\t<\/div>\n\t\t\t\t<\/div>\n\t\t\t\t<div class=\"elementor-element elementor-element-ab85c6c elementor-widget-divider--view-line_text elementor-widget-divider--element-align-center elementor-widget elementor-widget-divider\" data-id=\"ab85c6c\" data-element_type=\"widget\" data-widget_type=\"divider.default\">\n\t\t\t\t<div class=\"elementor-widget-container\">\n\t\t\t\t\t<div class=\"elementor-divider\">\n\t\t\t<span class=\"elementor-divider-separator\">\n\t\t\t\t\t\t\t<h2 class=\"elementor-divider__text elementor-divider__element\">\n\t\t\t\t2022-2023\t\t\t\t<\/h2>\n\t\t\t\t\t\t<\/span>\n\t\t<\/div>\n\t\t\t\t<\/div>\n\t\t\t\t<\/div>\n\t\t\t\t\t<\/div>\n\t\t<\/div>\n\t\t\t\t\t\t\t<\/div>\n\t\t<\/section>\n\t\t\t\t<section class=\"elementor-section elementor-top-section elementor-element elementor-element-f1351d0 elementor-section-boxed elementor-section-height-default elementor-section-height-default\" data-id=\"f1351d0\" data-element_type=\"section\" data-settings=\"{&quot;background_background&quot;:&quot;classic&quot;}\">\n\t\t\t\t\t\t<div class=\"elementor-container elementor-column-gap-default\">\n\t\t\t\t\t<div class=\"elementor-column elementor-col-100 elementor-top-column elementor-element elementor-element-2495ab6\" data-id=\"2495ab6\" data-element_type=\"column\">\n\t\t\t<div class=\"elementor-widget-wrap elementor-element-populated\">\n\t\t\t\t\t\t\t\t<div class=\"elementor-element elementor-element-84a3665 elementor-widget elementor-widget-text-editor\" data-id=\"84a3665\" data-element_type=\"widget\" data-widget_type=\"text-editor.default\">\n\t\t\t\t<div class=\"elementor-widget-container\">\n\t\t\t\t\t\t\t<ul><li>1\u00e8re ann\u00e9e Tronc commun Mi\u00a0 [<a href=\"\/fse\/wp-content\/uploads\/2023\/03\/L1MI.pdf\">R\u00e9sultat S1<\/a> ]<\/li><li>1\u00e8re ann\u00e9e Informatique\u00a0 [<a href=\"\/fse\/wp-content\/uploads\/2023\/03\/L1INF.pdf\">R\u00e9sultat S1<\/a> ]<\/li><li>1\u00e8re ann\u00e9e math\u00e9matique\u00a0 [<a href=\"\/fse\/wp-content\/uploads\/2023\/03\/L1MATH.pdf\">R\u00e9sultat S1<\/a> ]<\/li><li>1 \u00e8re ann\u00e9e Ing\u00e9nieur informatique\u00a0 [<a href=\"\/fse\/wp-content\/uploads\/2023\/03\/L1ING.pdf\">R\u00e9sultat S1<\/a> ]<\/li><\/ul>\t\t\t\t\t\t<\/div>\n\t\t\t\t<\/div>\n\t\t\t\t\t<\/div>\n\t\t<\/div>\n\t\t\t\t\t\t\t<\/div>\n\t\t<\/section>\n\t\t\t\t<section class=\"elementor-section elementor-top-section elementor-element elementor-element-b349162 elementor-section-boxed elementor-section-height-default elementor-section-height-default\" data-id=\"b349162\" data-element_type=\"section\" data-settings=\"{&quot;background_background&quot;:&quot;classic&quot;}\">\n\t\t\t\t\t\t<div class=\"elementor-container elementor-column-gap-default\">\n\t\t\t\t\t<div class=\"elementor-column elementor-col-100 elementor-top-column elementor-element elementor-element-4a4cc1e\" data-id=\"4a4cc1e\" data-element_type=\"column\">\n\t\t\t<div class=\"elementor-widget-wrap elementor-element-populated\">\n\t\t\t\t\t\t\t\t<div class=\"elementor-element elementor-element-8374acf elementor-widget-divider--view-line_text elementor-widget-divider--element-align-center elementor-widget elementor-widget-divider\" data-id=\"8374acf\" data-element_type=\"widget\" data-widget_type=\"divider.default\">\n\t\t\t\t<div class=\"elementor-widget-container\">\n\t\t\t\t\t<div class=\"elementor-divider\">\n\t\t\t<span class=\"elementor-divider-separator\">\n\t\t\t\t\t\t\t<h2 class=\"elementor-divider__text elementor-divider__element\">\n\t\t\t\tLicence \t\t\t\t<\/h2>\n\t\t\t\t\t\t<\/span>\n\t\t<\/div>\n\t\t\t\t<\/div>\n\t\t\t\t<\/div>\n\t\t\t\t<div class=\"elementor-element elementor-element-5d08f92 elementor-widget elementor-widget-text-editor\" data-id=\"5d08f92\" data-element_type=\"widget\" data-widget_type=\"text-editor.default\">\n\t\t\t\t<div class=\"elementor-widget-container\">\n\t\t\t\t\t\t\t<ul><li>2<sup>\u00e8me<\/sup> ann\u00e9e informatique\u00a0 [<a href=\"\/fse\/wp-content\/uploads\/2023\/03\/PV-S1-L2.pdf\">R\u00e9sultat S3<\/a>]\u00a0\u00a0<\/li><li>3<sup>\u00e8me<\/sup> ann\u00e9e licence syst\u00e8mes d\u2019informatiques\u00a0 \u00a0[<a href=\"\/fse\/wp-content\/uploads\/2023\/03\/PV-S1-L3.pdf\">R\u00e9sultat S5<\/a>]\u00a0<\/li><\/ul>\t\t\t\t\t\t<\/div>\n\t\t\t\t<\/div>\n\t\t\t\t\t<\/div>\n\t\t<\/div>\n\t\t\t\t\t\t\t<\/div>\n\t\t<\/section>\n\t\t\t\t<section class=\"elementor-section elementor-top-section elementor-element elementor-element-d349977 elementor-section-boxed elementor-section-height-default elementor-section-height-default\" data-id=\"d349977\" data-element_type=\"section\" data-settings=\"{&quot;background_background&quot;:&quot;classic&quot;}\">\n\t\t\t\t\t\t<div class=\"elementor-container elementor-column-gap-default\">\n\t\t\t\t\t<div class=\"elementor-column elementor-col-100 elementor-top-column elementor-element elementor-element-26df683\" data-id=\"26df683\" data-element_type=\"column\">\n\t\t\t<div class=\"elementor-widget-wrap elementor-element-populated\">\n\t\t\t\t\t\t\t\t<div class=\"elementor-element elementor-element-f50ff67 elementor-widget-divider--view-line_text elementor-widget-divider--element-align-center elementor-widget elementor-widget-divider\" data-id=\"f50ff67\" data-element_type=\"widget\" data-widget_type=\"divider.default\">\n\t\t\t\t<div class=\"elementor-widget-container\">\n\t\t\t\t\t<div class=\"elementor-divider\">\n\t\t\t<span class=\"elementor-divider-separator\">\n\t\t\t\t\t\t\t<h2 class=\"elementor-divider__text elementor-divider__element\">\n\t\t\t\tMaster \t\t\t\t<\/h2>\n\t\t\t\t\t\t<\/span>\n\t\t<\/div>\n\t\t\t\t<\/div>\n\t\t\t\t<\/div>\n\t\t\t\t<div class=\"elementor-element elementor-element-b18bb4c elementor-widget elementor-widget-text-editor\" data-id=\"b18bb4c\" data-element_type=\"widget\" data-widget_type=\"text-editor.default\">\n\t\t\t\t<div class=\"elementor-widget-container\">\n\t\t\t\t\t\t\t<ul><li>1<sup>\u00e8re<\/sup> ann\u00e9e master ing\u00e9nierie des syst\u00e8mes d\u2019informatiques\u00a0 [<a href=\"\/fse\/wp-content\/uploads\/2023\/03\/PV-S1-M1ISI.pdf\">R\u00e9sultat S1<\/a><span style=\"font-size: 16px;\">]\u00a0<\/span>\u00a0<\/li><li>1<sup>\u00e8re<\/sup> ann\u00e9e master Syst\u00e8mes d\u2019information et technologie web\u00a0 \u00a0\u00a0[<a href=\"\/fse\/wp-content\/uploads\/2023\/03\/PV-S1-M1web.pdf\">R\u00e9sultat S1<\/a>]<\/li><li>1<sup>\u00e8re<\/sup> ann\u00e9e\u00a0 master R\u00e9seaux et syst\u00e8mes distribu\u00e9s\u00a0\u00a0\u00a0[<a href=\"\/fse\/wp-content\/uploads\/2023\/03\/PV-S1-m1rsd.pdf\">R\u00e9sultat S1<\/a>]<\/li><li>2 \u00e8me ann\u00e9e master ing\u00e9nierie des syst\u00e8mes d\u2019informatiques\u00a0\u00a0\u00a0[<a href=\"\/fse\/wp-content\/uploads\/2023\/03\/PV-S1-2isi.pdf\">R\u00e9sultat S3<\/a>]<span style=\"font-size: 16px;\">\u00a0<\/span><\/li><li>2 \u00e8me\u00a0 ann\u00e9e master Syst\u00e8mes d\u2019information et technologie web\u00a0[<a href=\"\/fse\/wp-content\/uploads\/2023\/03\/PV-S1-2WEB.pdf\">R\u00e9sultat S3<\/a>]<span style=\"font-size: 16px;\">\u00a0<\/span><\/li><li><span style=\"font-size: 16px;\">2 \u00e8me\u00a0 ann\u00e9e master R\u00e9seaux et syst\u00e8mes distribu\u00e9s\u00a0\u00a0[<\/span><a href=\"\/fse\/wp-content\/uploads\/2023\/03\/PV-S1-2RSD.pdf\">R\u00e9sultat S3<\/a><span style=\"font-size: 16px;\">]<\/span><\/li><\/ul>\t\t\t\t\t\t<\/div>\n\t\t\t\t<\/div>\n\t\t\t\t\t<\/div>\n\t\t<\/div>\n\t\t\t\t\t\t\t<\/div>\n\t\t<\/section>\n\t\t\t\t\t\t\t<\/div>\n\t\t","protected":false},"excerpt":{"rendered":"<p>D\u00e9lib\u00e9ration D\u00e9partement Informatique Retour 2022-2023 1\u00e8re ann\u00e9e Tronc commun Mi\u00a0 [R\u00e9sultat S1 ] 1\u00e8re ann\u00e9e Informatique\u00a0 [R\u00e9sultat S1 ] 1\u00e8re ann\u00e9e math\u00e9matique\u00a0 [R\u00e9sultat S1 ] 1 \u00e8re ann\u00e9e Ing\u00e9nieur informatique\u00a0 [R\u00e9sultat S1 ] Licence 2\u00e8me ann\u00e9e informatique\u00a0 [R\u00e9sultat S3]\u00a0\u00a0 3\u00e8me ann\u00e9e licence syst\u00e8mes d\u2019informatiques\u00a0 \u00a0[R\u00e9sultat S5]\u00a0 Master 1\u00e8re ann\u00e9e master ing\u00e9nierie des syst\u00e8mes d\u2019informatiques\u00a0 [R\u00e9sultat &hellip;<\/p>\n<p class=\"read-more\"> <a class=\"\" href=\"https:\/\/www.univ-mascara.dz\/fse\/?page_id=8428\"> <span class=\"screen-reader-text\">D\u00e9lib\u00e9ration-informatique<\/span> Lire la suite\u00a0\u00bb<\/a><\/p>\n","protected":false},"author":2,"featured_media":0,"parent":0,"menu_order":0,"comment_status":"closed","ping_status":"closed","template":"","meta":[],"_links":{"self":[{"href":"https:\/\/www.univ-mascara.dz\/fse\/index.php?rest_route=\/wp\/v2\/pages\/8428"}],"collection":[{"href":"https:\/\/www.univ-mascara.dz\/fse\/index.php?rest_route=\/wp\/v2\/pages"}],"about":[{"href":"https:\/\/www.univ-mascara.dz\/fse\/index.php?rest_route=\/wp\/v2\/types\/page"}],"author":[{"embeddable":true,"href":"https:\/\/www.univ-mascara.dz\/fse\/index.php?rest_route=\/wp\/v2\/users\/2"}],"replies":[{"embeddable":true,"href":"https:\/\/www.univ-mascara.dz\/fse\/index.php?rest_route=%2Fwp%2Fv2%2Fcomments&post=8428"}],"version-history":[{"count":18,"href":"https:\/\/www.univ-mascara.dz\/fse\/index.php?rest_route=\/wp\/v2\/pages\/8428\/revisions"}],"predecessor-version":[{"id":19557,"href":"https:\/\/www.univ-mascara.dz\/fse\/index.php?rest_route=\/wp\/v2\/pages\/8428\/revisions\/19557"}],"wp:attachment":[{"href":"https:\/\/www.univ-mascara.dz\/fse\/index.php?rest_route=%2Fwp%2Fv2%2Fmedia&parent=8428"}],"curies":[{"name":"wp","href":"https:\/\/api.w.org\/{rel}","templated":true}]}}