{"id":2366,"date":"2021-07-14T15:12:53","date_gmt":"2021-07-14T14:12:53","guid":{"rendered":"http:\/\/193.194.87.76\/fsnv\/?page_id=2366"},"modified":"2026-03-05T11:08:55","modified_gmt":"2026-03-05T10:08:55","slug":"presentation-faculte","status":"publish","type":"page","link":"https:\/\/www.univ-mascara.dz\/fsecg\/?page_id=2366","title":{"rendered":"pr\u00e9sentation facult\u00e9"},"content":{"rendered":"\t\t<div data-elementor-type=\"wp-page\" data-elementor-id=\"2366\" class=\"elementor elementor-2366\" data-elementor-settings=\"[]\">\n\t\t\t\t\t\t\t<div class=\"elementor-section-wrap\">\n\t\t\t\t\t\t\t<section class=\"elementor-section elementor-top-section elementor-element elementor-element-0ecece7 elementor-section-height-min-height elementor-section-boxed elementor-section-height-default elementor-section-items-middle\" data-id=\"0ecece7\" data-element_type=\"section\" data-settings=\"{&quot;background_background&quot;:&quot;classic&quot;}\">\n\t\t\t\t\t\t\t<div class=\"elementor-background-overlay\"><\/div>\n\t\t\t\t\t\t\t<div class=\"elementor-container elementor-column-gap-default\">\n\t\t\t\t\t<div class=\"elementor-column elementor-col-100 elementor-top-column elementor-element elementor-element-392ab90\" data-id=\"392ab90\" data-element_type=\"column\">\n\t\t\t<div class=\"elementor-widget-wrap elementor-element-populated\">\n\t\t\t\t\t\t\t\t<div class=\"elementor-element elementor-element-85a993e elementor-widget elementor-widget-heading\" data-id=\"85a993e\" data-element_type=\"widget\" data-widget_type=\"heading.default\">\n\t\t\t\t<div class=\"elementor-widget-container\">\n\t\t\t<p class=\"elementor-heading-title elementor-size-medium\"><br>Pr\u00e9sentation de la  Facult\u00e9<\/p>\t\t<\/div>\n\t\t\t\t<\/div>\n\t\t\t\t<div class=\"elementor-element elementor-element-10d469b elementor-widget-divider--view-line elementor-widget elementor-widget-divider\" data-id=\"10d469b\" data-element_type=\"widget\" data-widget_type=\"divider.default\">\n\t\t\t\t<div class=\"elementor-widget-container\">\n\t\t\t\t\t<div class=\"elementor-divider\">\n\t\t\t<span class=\"elementor-divider-separator\">\n\t\t\t\t\t\t<\/span>\n\t\t<\/div>\n\t\t\t\t<\/div>\n\t\t\t\t<\/div>\n\t\t\t\t<div class=\"elementor-element elementor-element-3e64c95 elementor-widget elementor-widget-heading\" data-id=\"3e64c95\" data-element_type=\"widget\" data-widget_type=\"heading.default\">\n\t\t\t\t<div class=\"elementor-widget-container\">\n\t\t\t<span class=\"elementor-heading-title elementor-size-default\">FSECG<\/span>\t\t<\/div>\n\t\t\t\t<\/div>\n\t\t\t\t\t<\/div>\n\t\t<\/div>\n\t\t\t\t\t\t\t<\/div>\n\t\t<\/section>\n\t\t\t\t<section class=\"elementor-section elementor-top-section elementor-element elementor-element-511168b elementor-section-boxed elementor-section-height-default elementor-section-height-default\" data-id=\"511168b\" data-element_type=\"section\" data-settings=\"{&quot;background_background&quot;:&quot;classic&quot;}\">\n\t\t\t\t\t\t<div class=\"elementor-container elementor-column-gap-default\">\n\t\t\t\t\t<div class=\"elementor-column elementor-col-66 elementor-top-column elementor-element elementor-element-ed7fe4b\" data-id=\"ed7fe4b\" data-element_type=\"column\">\n\t\t\t<div class=\"elementor-widget-wrap elementor-element-populated\">\n\t\t\t\t\t\t\t\t<div class=\"elementor-element elementor-element-5cc9f71f elementor-widget-divider--view-line_text elementor-widget-divider--element-align-center elementor-widget elementor-widget-divider\" data-id=\"5cc9f71f\" data-element_type=\"widget\" data-widget_type=\"divider.default\">\n\t\t\t\t<div class=\"elementor-widget-container\">\n\t\t\t\t\t<div class=\"elementor-divider\">\n\t\t\t<span class=\"elementor-divider-separator\">\n\t\t\t\t\t\t\t<span class=\"elementor-divider__text elementor-divider__element\">Pr\u00e9sentation<\/span>\n\t\t\t\t\t\t<\/span>\n\t\t<\/div>\n\t\t\t\t<\/div>\n\t\t\t\t<\/div>\n\t\t\t\t<div class=\"elementor-element elementor-element-c65d771 elementor-widget elementor-widget-text-editor\" data-id=\"c65d771\" data-element_type=\"widget\" data-widget_type=\"text-editor.default\">\n\t\t\t\t<div class=\"elementor-widget-container\">\n\t\t\t\t\t\t\t\t<div class=\"Section1\"><p style=\"text-align: justify;\">Facult\u00e9 des Sciences Economiques, des Sciences Commerciales et des Sciences de Gestion a \u00e9t\u00e9 cr\u00e9\u00e9e suite au d\u00e9cret du 26 ao\u00fbt 1991 .<\/p><p style=\"text-align: justify;\">La\u00a0Facult\u00e9\u00a0est devenue un membre du groupe\u00a0CEDIMES\u00a0depuis le 11 novembre 2007 .<\/p><p style=\"text-align: justify;\"><strong>3 d\u00e9partements, 37 domaines d\u2019\u00e9tudes<\/strong><\/p><p style=\"text-align: justify;\">La Facult\u00e9 des Sciences Economiques, des Sciences Commerciales et des Sciences\u00a0de Gestion\u00a0offre \u00e0 plus de 2&rsquo;672 \u00e9tudiants\u00a0(<span class=\"cls_201\">2574\u00a0<\/span>\u00e9tudiants inscrits en Licence et Master,<span class=\"cls_201\">98\u00a0<\/span>\u00e9tudiants inscrits en magister et Doctorat),\u00a0divis\u00e9e sur\u00a003 d\u00e9partements\u00a0avec une palette de cours riche et diversifi\u00e9e, comprenant tant des programmes orient\u00e9s vers la pratique que d\u2019autres vers la recherche. Les \u00e9tudiants qui visent une carri\u00e8re universitaire ou souhaitent d\u00e9velopper leurs expertises, peuvent r\u00e9aliser un doctorat et poursuivre l\u2019un des programmes doctoraux.<\/p><p style=\"text-align: justify;\">Avec 37 domaines d\u2019\u00e9tudes\u00a0La Facult\u00e9 suit les \u00e9volutions de la soci\u00e9t\u00e9 et offre \u00e0 ses dipl\u00f4m\u00e9s de nombreuses perspectives professionnelles, dans les domaines des secteurs priv\u00e9s et publics.<\/p><p style=\"text-align: justify;\">La\u00a0Facult\u00e9\u00a0assure des formations de Licence, Master et du Doctorat dans le nouveau syst\u00e8me LMD.<\/p><p style=\"text-align: justify;\">La\u00a0Facult\u00e9\u00a0comporte aussi 03 laboratoires de recherche ( MCLDL,LAPDEC et PME ) .<\/p><p style=\"text-align: justify;\"><strong>Mobilit\u00e9<\/strong><\/p><p style=\"text-align: justify;\">Les collaborations de l&rsquo;universit\u00e9 de Mascara avec d&rsquo;autres universit\u00e9s en Alg\u00e9rie\u00a0et dans le monde entier favoriseent la mobilit\u00e9 des \u00e9tudiants, qui peuvent ainsi r\u00e9aliser une exp\u00e9rience enrichissante hors des murs de la Facult\u00e9 .<\/p><p>\u00a0<\/p><\/div>\t\t\t\t\t\t<\/div>\n\t\t\t\t<\/div>\n\t\t\t\t\t<\/div>\n\t\t<\/div>\n\t\t\t\t<div class=\"elementor-column elementor-col-33 elementor-top-column elementor-element elementor-element-3572726\" data-id=\"3572726\" data-element_type=\"column\" data-settings=\"{&quot;background_background&quot;:&quot;gradient&quot;}\">\n\t\t\t<div class=\"elementor-widget-wrap elementor-element-populated\">\n\t\t\t\t\t\t\t\t<div class=\"elementor-element elementor-element-188c5c1 elementor-widget-divider--view-line_text elementor-widget-divider--element-align-center elementor-widget elementor-widget-divider\" data-id=\"188c5c1\" data-element_type=\"widget\" data-widget_type=\"divider.default\">\n\t\t\t\t<div class=\"elementor-widget-container\">\n\t\t\t\t\t<div class=\"elementor-divider\">\n\t\t\t<span class=\"elementor-divider-separator\">\n\t\t\t\t\t\t\t<span class=\"elementor-divider__text elementor-divider__element\">D\u00e9partements<\/span>\n\t\t\t\t\t\t<\/span>\n\t\t<\/div>\n\t\t\t\t<\/div>\n\t\t\t\t<\/div>\n\t\t\t\t<div class=\"elementor-element elementor-element-04ef45e elementor-widget elementor-widget-premium-addon-banner\" data-id=\"04ef45e\" data-element_type=\"widget\" data-widget_type=\"premium-addon-banner.default\">\n\t\t\t\t<div class=\"elementor-widget-container\">\n\t\t\t\t\t<div id=\"premium-banner-04ef45e\" class=\"premium-banner\">\r\n\t\t\t<div class=\"premium-banner-ib premium-banner-animation6 blur premium-banner-min-height\">\r\n\t\t\t\t\t\t\t\t\t\t\t\t\t\t\t\t\t\t\t<img decoding=\"async\" width=\"299\" height=\"168\" src=\"https:\/\/www.univ-mascara.dz\/fsecg\/wp-content\/uploads\/2022\/04\/tronc.jpg\" class=\"attachment-full size-full\" alt=\"\" loading=\"lazy\" \/>\t\t\t\t\t\t\t\t\t\t\t\t\t<div class=\"premium-banner-ib-desc\">\r\n\t\t\t\t\t<div class=\"premium-banner-desc-centered\">\r\n\t\t\t\t\t\t<div class=\"premium-banner-title-wrap\"><div class=\"premium-banner-ib-title premium_banner_title\">D\u00e9partement <\/div><\/div>\t\t\t\t\t\t\t<div class=\"premium-banner-ib-content premium_banner_content\">\r\n\t\t\t\t\t\t\t\t<div >\r\n\t\t\t\t\t\t\t\t\t<h5><span style=\"color: #ffffff;\">TRONC COMMUN<\/span><\/h5>\t\t\t\t\t\t\t\t<\/div>\r\n\t\t\t\t\t\t\t<\/div>\r\n\t\t\t\t\t\t\t\t\t\t\t\t\t\t\t\t\t<\/div>\r\n\t\t\t\t<\/div>\r\n\t\t\t\t\t\t\t<\/div>\r\n\t\t\t\t\t<\/div>\r\n\t\t\t\t<\/div>\n\t\t\t\t<\/div>\n\t\t\t\t<div class=\"elementor-element elementor-element-c0fab2e elementor-widget elementor-widget-premium-addon-banner\" data-id=\"c0fab2e\" data-element_type=\"widget\" data-widget_type=\"premium-addon-banner.default\">\n\t\t\t\t<div class=\"elementor-widget-container\">\n\t\t\t\t\t<div id=\"premium-banner-c0fab2e\" class=\"premium-banner\">\r\n\t\t\t<div class=\"premium-banner-ib premium-banner-animation6 blur premium-banner-min-height\">\r\n\t\t\t\t\t\t\t\t\t\t\t\t\t\t\t\t\t\t\t<img decoding=\"async\" width=\"290\" height=\"174\" src=\"https:\/\/www.univ-mascara.dz\/fsecg\/wp-content\/uploads\/2022\/04\/gessss.jpg\" class=\"attachment-full size-full\" alt=\"\" loading=\"lazy\" \/>\t\t\t\t\t\t\t\t\t\t\t\t\t<div class=\"premium-banner-ib-desc\">\r\n\t\t\t\t\t<div class=\"premium-banner-desc-centered\">\r\n\t\t\t\t\t\t<div class=\"premium-banner-title-wrap\"><div class=\"premium-banner-ib-title premium_banner_title\">D\u00e9partement <\/div><\/div>\t\t\t\t\t\t\t<div class=\"premium-banner-ib-content premium_banner_content\">\r\n\t\t\t\t\t\t\t\t<div >\r\n\t\t\t\t\t\t\t\t\t<p>\u00a0des Sciences Economiques<\/p>\t\t\t\t\t\t\t\t<\/div>\r\n\t\t\t\t\t\t\t<\/div>\r\n\t\t\t\t\t\t\t\t\t\t\t\t\t\t\t\t\t<\/div>\r\n\t\t\t\t<\/div>\r\n\t\t\t\t\t\t\t<\/div>\r\n\t\t\t\t\t<\/div>\r\n\t\t\t\t<\/div>\n\t\t\t\t<\/div>\n\t\t\t\t<div class=\"elementor-element elementor-element-ba20bc9 elementor-widget elementor-widget-premium-addon-banner\" data-id=\"ba20bc9\" data-element_type=\"widget\" data-widget_type=\"premium-addon-banner.default\">\n\t\t\t\t<div class=\"elementor-widget-container\">\n\t\t\t\t\t<div id=\"premium-banner-ba20bc9\" class=\"premium-banner\">\r\n\t\t\t<div class=\"premium-banner-ib premium-banner-animation6 blur premium-banner-min-height\">\r\n\t\t\t\t\t\t\t\t\t\t\t\t\t\t\t\t\t\t\t<img decoding=\"async\" width=\"284\" height=\"177\" src=\"https:\/\/www.univ-mascara.dz\/fsecg\/wp-content\/uploads\/2022\/04\/commerce.jpg\" class=\"attachment-full size-full\" alt=\"\" loading=\"lazy\" \/>\t\t\t\t\t\t\t\t\t\t\t\t\t<div class=\"premium-banner-ib-desc\">\r\n\t\t\t\t\t<div class=\"premium-banner-desc-centered\">\r\n\t\t\t\t\t\t<div class=\"premium-banner-title-wrap\"><div class=\"premium-banner-ib-title premium_banner_title\">D\u00e9partement <\/div><\/div>\t\t\t\t\t\t\t<div class=\"premium-banner-ib-content premium_banner_content\">\r\n\t\t\t\t\t\t\t\t<div >\r\n\t\t\t\t\t\t\t\t\t<h5><span style=\"color: #ffffff;\">des Sciences Commerciales <\/span><\/h5>\t\t\t\t\t\t\t\t<\/div>\r\n\t\t\t\t\t\t\t<\/div>\r\n\t\t\t\t\t\t\t\t\t\t\t\t\t\t\t\t\t<\/div>\r\n\t\t\t\t<\/div>\r\n\t\t\t\t\t\t\t<\/div>\r\n\t\t\t\t\t<\/div>\r\n\t\t\t\t<\/div>\n\t\t\t\t<\/div>\n\t\t\t\t<div class=\"elementor-element elementor-element-8b5d734 elementor-widget elementor-widget-premium-addon-banner\" data-id=\"8b5d734\" data-element_type=\"widget\" data-widget_type=\"premium-addon-banner.default\">\n\t\t\t\t<div class=\"elementor-widget-container\">\n\t\t\t\t\t<div id=\"premium-banner-8b5d734\" class=\"premium-banner\">\r\n\t\t\t<div class=\"premium-banner-ib premium-banner-animation6 blur premium-banner-min-height\">\r\n\t\t\t\t\t\t\t\t\t\t\t\t\t\t\t\t\t\t\t<img decoding=\"async\" width=\"327\" height=\"154\" src=\"https:\/\/www.univ-mascara.dz\/fsecg\/wp-content\/uploads\/2022\/04\/gestt.jpg\" class=\"attachment-full size-full\" alt=\"\" loading=\"lazy\" \/>\t\t\t\t\t\t\t\t\t\t\t\t\t<div class=\"premium-banner-ib-desc\">\r\n\t\t\t\t\t<div class=\"premium-banner-desc-centered\">\r\n\t\t\t\t\t\t<div class=\"premium-banner-title-wrap\"><div class=\"premium-banner-ib-title premium_banner_title\">D\u00e9partement<\/div><\/div>\t\t\t\t\t\t\t<div class=\"premium-banner-ib-content premium_banner_content\">\r\n\t\t\t\t\t\t\t\t<div >\r\n\t\t\t\t\t\t\t\t\t<p><strong><span style=\"color: #ffffff;\">des Sciences de Gestion<\/span><\/strong><\/p>\t\t\t\t\t\t\t\t<\/div>\r\n\t\t\t\t\t\t\t<\/div>\r\n\t\t\t\t\t\t\t\t\t\t\t\t\t\t\t\t\t<\/div>\r\n\t\t\t\t<\/div>\r\n\t\t\t\t\t\t\t<\/div>\r\n\t\t\t\t\t<\/div>\r\n\t\t\t\t<\/div>\n\t\t\t\t<\/div>\n\t\t\t\t\t<\/div>\n\t\t<\/div>\n\t\t\t\t\t\t\t<\/div>\n\t\t<\/section>\n\t\t\t\t<section class=\"elementor-section elementor-top-section elementor-element elementor-element-bbe7496 elementor-section-boxed elementor-section-height-default elementor-section-height-default\" data-id=\"bbe7496\" data-element_type=\"section\" data-settings=\"{&quot;background_background&quot;:&quot;classic&quot;}\">\n\t\t\t\t\t\t<div class=\"elementor-container elementor-column-gap-default\">\n\t\t\t\t\t<div class=\"elementor-column elementor-col-100 elementor-top-column elementor-element elementor-element-408d5f6\" data-id=\"408d5f6\" data-element_type=\"column\">\n\t\t\t<div class=\"elementor-widget-wrap elementor-element-populated\">\n\t\t\t\t\t\t\t\t<div class=\"elementor-element elementor-element-bc21b9d elementor-widget-divider--view-line elementor-widget elementor-widget-divider\" data-id=\"bc21b9d\" data-element_type=\"widget\" data-widget_type=\"divider.default\">\n\t\t\t\t<div class=\"elementor-widget-container\">\n\t\t\t\t\t<div class=\"elementor-divider\">\n\t\t\t<span class=\"elementor-divider-separator\">\n\t\t\t\t\t\t<\/span>\n\t\t<\/div>\n\t\t\t\t<\/div>\n\t\t\t\t<\/div>\n\t\t\t\t\t<\/div>\n\t\t<\/div>\n\t\t\t\t\t\t\t<\/div>\n\t\t<\/section>\n\t\t\t\t<section class=\"elementor-section elementor-top-section elementor-element elementor-element-280f581 elementor-section-boxed elementor-section-height-default elementor-section-height-default\" data-id=\"280f581\" data-element_type=\"section\" data-settings=\"{&quot;background_background&quot;:&quot;classic&quot;}\">\n\t\t\t\t\t\t<div class=\"elementor-container elementor-column-gap-default\">\n\t\t\t\t\t<div class=\"elementor-column elementor-col-100 elementor-top-column elementor-element elementor-element-b2e43f5\" data-id=\"b2e43f5\" data-element_type=\"column\">\n\t\t\t<div class=\"elementor-widget-wrap elementor-element-populated\">\n\t\t\t\t\t\t\t\t<div class=\"elementor-element elementor-element-bfa22cb elementor-widget-divider--view-line_text elementor-widget-divider--element-align-center elementor-widget elementor-widget-divider\" data-id=\"bfa22cb\" data-element_type=\"widget\" data-widget_type=\"divider.default\">\n\t\t\t\t<div class=\"elementor-widget-container\">\n\t\t\t\t\t<div class=\"elementor-divider\">\n\t\t\t<span class=\"elementor-divider-separator\">\n\t\t\t\t\t\t\t<span class=\"elementor-divider__text elementor-divider__element\">CONTACT<\/span>\n\t\t\t\t\t\t<\/span>\n\t\t<\/div>\n\t\t\t\t<\/div>\n\t\t\t\t<\/div>\n\t\t\t\t\t<\/div>\n\t\t<\/div>\n\t\t\t\t\t\t\t<\/div>\n\t\t<\/section>\n\t\t\t\t<section class=\"elementor-section elementor-top-section elementor-element elementor-element-7644b80 elementor-section-height-min-height elementor-section-items-bottom elementor-section-content-top elementor-section-boxed elementor-section-height-default\" data-id=\"7644b80\" data-element_type=\"section\" data-settings=\"{&quot;background_background&quot;:&quot;classic&quot;,&quot;animation&quot;:&quot;none&quot;}\">\n\t\t\t\t\t\t<div class=\"elementor-container elementor-column-gap-default\">\n\t\t\t\t\t<div class=\"elementor-column elementor-col-100 elementor-top-column elementor-element elementor-element-de0ca61\" data-id=\"de0ca61\" data-element_type=\"column\">\n\t\t\t<div class=\"elementor-widget-wrap elementor-element-populated\">\n\t\t\t\t\t\t\t\t<div class=\"elementor-element elementor-element-4009d1d elementor-widget elementor-widget-heading\" data-id=\"4009d1d\" data-element_type=\"widget\" data-widget_type=\"heading.default\">\n\t\t\t\t<div class=\"elementor-widget-container\">\n\t\t\t<h2 class=\"elementor-heading-title elementor-size-default\">Secr\u00e9tariat du Doyen<\/h2>\t\t<\/div>\n\t\t\t\t<\/div>\n\t\t\t\t<div class=\"elementor-element elementor-element-9429c81 elementor-widget elementor-widget-heading\" data-id=\"9429c81\" data-element_type=\"widget\" data-widget_type=\"heading.default\">\n\t\t\t\t<div class=\"elementor-widget-container\">\n\t\t\t<h2 class=\"elementor-heading-title elementor-size-default\">Sidi Said Economie\n1\u00e8r \u00e9tage\n<\/h2>\t\t<\/div>\n\t\t\t\t<\/div>\n\t\t\t\t<div class=\"elementor-element elementor-element-ca4f268 elementor-widget elementor-widget-text-editor\" data-id=\"ca4f268\" data-element_type=\"widget\" data-widget_type=\"text-editor.default\">\n\t\t\t\t<div class=\"elementor-widget-container\">\n\t\t\t\t\t\t\t\t<p style=\"text-align: center;\"><strong>fsecg@univ-mascara.dz<\/strong><\/p>\t\t\t\t\t\t<\/div>\n\t\t\t\t<\/div>\n\t\t\t\t\t<\/div>\n\t\t<\/div>\n\t\t\t\t\t\t\t<\/div>\n\t\t<\/section>\n\t\t\t\t\t\t<\/div>\n\t\t\t\t\t<\/div>\n\t\t","protected":false},"excerpt":{"rendered":"<p>Pr\u00e9sentation de la Facult\u00e9 FSECG Pr\u00e9sentation Facult\u00e9 des Sciences Economiques, des Sciences Commerciales et des Sciences de Gestion a \u00e9t\u00e9 cr\u00e9\u00e9e suite au d\u00e9cret du 26 ao\u00fbt 1991 . La\u00a0Facult\u00e9\u00a0est devenue un membre du groupe\u00a0CEDIMES\u00a0depuis le 11 novembre 2007 . 3 d\u00e9partements, 37 domaines d\u2019\u00e9tudes La Facult\u00e9 des Sciences Economiques, des Sciences Commerciales et des &hellip;<\/p>\n<p class=\"read-more\"> <a class=\"\" href=\"https:\/\/www.univ-mascara.dz\/fsecg\/?page_id=2366\"> <span class=\"screen-reader-text\">pr\u00e9sentation facult\u00e9<\/span> Lire la suite\u00a0\u00bb<\/a><\/p>\n","protected":false},"author":3,"featured_media":0,"parent":0,"menu_order":0,"comment_status":"closed","ping_status":"closed","template":"","meta":[],"_links":{"self":[{"href":"https:\/\/www.univ-mascara.dz\/fsecg\/index.php?rest_route=\/wp\/v2\/pages\/2366"}],"collection":[{"href":"https:\/\/www.univ-mascara.dz\/fsecg\/index.php?rest_route=\/wp\/v2\/pages"}],"about":[{"href":"https:\/\/www.univ-mascara.dz\/fsecg\/index.php?rest_route=\/wp\/v2\/types\/page"}],"author":[{"embeddable":true,"href":"https:\/\/www.univ-mascara.dz\/fsecg\/index.php?rest_route=\/wp\/v2\/users\/3"}],"replies":[{"embeddable":true,"href":"https:\/\/www.univ-mascara.dz\/fsecg\/index.php?rest_route=%2Fwp%2Fv2%2Fcomments&post=2366"}],"version-history":[{"count":131,"href":"https:\/\/www.univ-mascara.dz\/fsecg\/index.php?rest_route=\/wp\/v2\/pages\/2366\/revisions"}],"predecessor-version":[{"id":13134,"href":"https:\/\/www.univ-mascara.dz\/fsecg\/index.php?rest_route=\/wp\/v2\/pages\/2366\/revisions\/13134"}],"wp:attachment":[{"href":"https:\/\/www.univ-mascara.dz\/fsecg\/index.php?rest_route=%2Fwp%2Fv2%2Fmedia&parent=2366"}],"curies":[{"name":"wp","href":"https:\/\/api.w.org\/{rel}","templated":true}]}}