{"id":2572,"date":"2021-09-20T09:29:10","date_gmt":"2021-09-20T08:29:10","guid":{"rendered":"http:\/\/193.194.87.76\/fsnv\/?page_id=2572"},"modified":"2023-05-22T09:38:54","modified_gmt":"2023-05-22T08:38:54","slug":"mission-conseil","status":"publish","type":"page","link":"https:\/\/www.univ-mascara.dz\/fsecg\/?page_id=2572","title":{"rendered":"mission conseil"},"content":{"rendered":"\t\t<div data-elementor-type=\"wp-page\" data-elementor-id=\"2572\" class=\"elementor elementor-2572\" data-elementor-settings=\"[]\">\n\t\t\t\t\t\t\t<div class=\"elementor-section-wrap\">\n\t\t\t\t\t\t\t<section class=\"elementor-section elementor-top-section elementor-element elementor-element-7c125bb9 elementor-section-height-min-height elementor-section-boxed elementor-section-height-default elementor-section-items-middle\" data-id=\"7c125bb9\" data-element_type=\"section\" data-settings=\"{&quot;background_background&quot;:&quot;classic&quot;}\">\n\t\t\t\t\t\t\t<div class=\"elementor-background-overlay\"><\/div>\n\t\t\t\t\t\t\t<div class=\"elementor-container elementor-column-gap-default\">\n\t\t\t\t\t<div class=\"elementor-column elementor-col-100 elementor-top-column elementor-element elementor-element-6b9d1113\" data-id=\"6b9d1113\" data-element_type=\"column\">\n\t\t\t<div class=\"elementor-widget-wrap elementor-element-populated\">\n\t\t\t\t\t\t\t\t<div class=\"elementor-element elementor-element-5fcf5024 elementor-widget elementor-widget-heading\" data-id=\"5fcf5024\" data-element_type=\"widget\" data-widget_type=\"heading.default\">\n\t\t\t\t<div class=\"elementor-widget-container\">\n\t\t\t<p class=\"elementor-heading-title elementor-size-medium\"><br><br><br><br>Mission du Conseil Scientifique<\/p>\t\t<\/div>\n\t\t\t\t<\/div>\n\t\t\t\t<div class=\"elementor-element elementor-element-13ee702 elementor-widget elementor-widget-image\" data-id=\"13ee702\" data-element_type=\"widget\" data-widget_type=\"image.default\">\n\t\t\t\t<div class=\"elementor-widget-container\">\n\t\t\t\t\t\t\t\t\t\t\t\t\t\t\t<img width=\"275\" height=\"183\" src=\"https:\/\/www.univ-mascara.dz\/fsecg\/wp-content\/uploads\/2021\/07\/conseil.jpeg\" class=\"attachment-large size-large\" alt=\"\" decoding=\"async\" loading=\"lazy\" \/>\t\t\t\t\t\t\t\t\t\t\t\t\t\t\t<\/div>\n\t\t\t\t<\/div>\n\t\t\t\t\t<\/div>\n\t\t<\/div>\n\t\t\t\t\t\t\t<\/div>\n\t\t<\/section>\n\t\t\t\t<section class=\"elementor-section elementor-top-section elementor-element elementor-element-064a6be elementor-section-boxed elementor-section-height-default elementor-section-height-default\" data-id=\"064a6be\" data-element_type=\"section\" data-settings=\"{&quot;background_background&quot;:&quot;classic&quot;}\">\n\t\t\t\t\t\t<div class=\"elementor-container elementor-column-gap-default\">\n\t\t\t\t\t<div class=\"elementor-column elementor-col-100 elementor-top-column elementor-element elementor-element-7806118\" data-id=\"7806118\" data-element_type=\"column\">\n\t\t\t<div class=\"elementor-widget-wrap elementor-element-populated\">\n\t\t\t\t\t\t\t\t<div class=\"elementor-element elementor-element-d4fb1f6 eael-tooltip-align-left elementor-widget elementor-widget-eael-tooltip\" data-id=\"d4fb1f6\" data-element_type=\"widget\" data-widget_type=\"eael-tooltip.default\">\n\t\t\t\t<div class=\"elementor-widget-container\">\n\t\t\t\t<div class=\"eael-tooltip\">\n\t\t\t\t\t<span class=\"eael-tooltip-content\"><a href=\"\/fsecg\/?page_id=2532\"  rel=\"nofollow\" >\t\t\t\t\t\t\t\t\t\t\t\t<i class=\"fas fa-reply\"><\/i>\n\t\t\t\t\t\t\t\t\t\t<\/a><\/span>\n  \t\t\t<span class=\"eael-tooltip-text eael-tooltip-right\"><p>Retour<\/p><\/span>\n  \t\t\t<\/div>\n\t\t\t<\/div>\n\t\t\t\t<\/div>\n\t\t\t\t<div class=\"elementor-element elementor-element-5cc9f71f elementor-widget-divider--view-line elementor-widget elementor-widget-divider\" data-id=\"5cc9f71f\" data-element_type=\"widget\" data-widget_type=\"divider.default\">\n\t\t\t\t<div class=\"elementor-widget-container\">\n\t\t\t\t\t<div class=\"elementor-divider\">\n\t\t\t<span class=\"elementor-divider-separator\">\n\t\t\t\t\t\t<\/span>\n\t\t<\/div>\n\t\t\t\t<\/div>\n\t\t\t\t<\/div>\n\t\t\t\t<div class=\"elementor-element elementor-element-41fdaa7 elementor-widget elementor-widget-heading\" data-id=\"41fdaa7\" data-element_type=\"widget\" data-widget_type=\"heading.default\">\n\t\t\t\t<div class=\"elementor-widget-container\">\n\t\t\t<h2 class=\"elementor-heading-title elementor-size-default\">Mission du Conseil Scientifique<\/h2>\t\t<\/div>\n\t\t\t\t<\/div>\n\t\t\t\t<div class=\"elementor-element elementor-element-72dd409 elementor-widget elementor-widget-text-editor\" data-id=\"72dd409\" data-element_type=\"widget\" data-widget_type=\"text-editor.default\">\n\t\t\t\t<div class=\"elementor-widget-container\">\n\t\t\t\t\t\t\t\t<p>Le conseil scientifique de la facult\u00e9 \u00e9met des avis et recommandations sur :<\/p><p><strong><img decoding=\"async\" loading=\"lazy\" src=\"http:\/\/www.univ-mascara.dz\/fse\/images\/img\/tel_fiche_dl_puce.gif\" alt=\"\" width=\"9\" height=\"10\" border=\"0\" \/><\/strong>\u00a0L&rsquo;organisation et le contenu des enseignements,<\/p><p><strong><img decoding=\"async\" loading=\"lazy\" src=\"http:\/\/www.univ-mascara.dz\/fse\/images\/img\/tel_fiche_dl_puce.gif\" alt=\"\" width=\"9\" height=\"10\" border=\"0\" \/><\/strong>\u00a0L&rsquo;organisation des travaux de recherche,<\/p><p><strong><img decoding=\"async\" src=\"http:\/\/www.univ-mascara.dz\/fse\/images\/img\/tel_fiche_dl_puce.gif\" alt=\"\" border=\"0\" \/><\/strong>\u00a0Les propositions de programmes de recherche,<\/p><p><strong><img decoding=\"async\" src=\"http:\/\/www.univ-mascara.dz\/fse\/images\/img\/tel_fiche_dl_puce.gif\" alt=\"\" border=\"0\" \/><\/strong>\u00a0Les propositions de cr\u00e9ation ou de suppression de d\u00e9partements et\/ou de fili\u00e8res et d\u2019unit\u00e9s et de laboratoires de recherche,<\/p><p><strong><img decoding=\"async\" src=\"http:\/\/www.univ-mascara.dz\/fse\/images\/img\/tel_fiche_dl_puce.gif\" alt=\"\" border=\"0\" \/><\/strong>\u00a0Les propositions d&rsquo;ouverture, de reconduction et\/ou de fermeture des fili\u00e8res de post-graduation et le nombre de postes \u00e0 pourvoir,<\/p><p><strong><img decoding=\"async\" src=\"http:\/\/www.univ-mascara.dz\/fse\/images\/img\/tel_fiche_dl_puce.gif\" alt=\"\" border=\"0\" \/><\/strong>\u00a0Les profils et les besoins en enseignants.<\/p><p>Il est, en outre, charg\u00e9 :<\/p><p><strong><img decoding=\"async\" src=\"http:\/\/www.univ-mascara.dz\/fse\/images\/img\/tel_fiche_dl_puce.gif\" alt=\"\" border=\"0\" \/><\/strong>\u00a0D\u2019 agr\u00e9er les sujets de recherche de post-graduation et en propose les jurys de soutenance,<\/p><p><strong><img decoding=\"async\" src=\"http:\/\/www.univ-mascara.dz\/fse\/images\/img\/tel_fiche_dl_puce.gif\" alt=\"\" border=\"0\" \/><\/strong>\u00a0De proposer les jurys d\u2019habilitation universitaire,<\/p><p><strong><img decoding=\"async\" src=\"http:\/\/www.univ-mascara.dz\/fse\/images\/img\/tel_fiche_dl_puce.gif\" alt=\"\" border=\"0\" \/><\/strong>\u00a0D\u2019 examiner les bilans d&rsquo;activit\u00e9s p\u00e9dagogiques et scientifiques de la facult\u00e9 qui sont transmis par le doyen de la facult\u00e9, accompagn\u00e9s des avis et recommandations du conseil, au recteur.<\/p><p>Il peut \u00eatre saisi de toute autre question d&rsquo;ordre p\u00e9dagogique ou scientifique qui lui est soumise par le doyen.<\/p>\t\t\t\t\t\t<\/div>\n\t\t\t\t<\/div>\n\t\t\t\t<div class=\"elementor-element elementor-element-96526fb elementor-widget-divider--view-line elementor-widget elementor-widget-divider\" data-id=\"96526fb\" data-element_type=\"widget\" data-widget_type=\"divider.default\">\n\t\t\t\t<div class=\"elementor-widget-container\">\n\t\t\t\t\t<div class=\"elementor-divider\">\n\t\t\t<span class=\"elementor-divider-separator\">\n\t\t\t\t\t\t<\/span>\n\t\t<\/div>\n\t\t\t\t<\/div>\n\t\t\t\t<\/div>\n\t\t\t\t\t<\/div>\n\t\t<\/div>\n\t\t\t\t\t\t\t<\/div>\n\t\t<\/section>\n\t\t\t\t<section class=\"elementor-section elementor-top-section elementor-element elementor-element-12b2bdb elementor-section-height-min-height elementor-section-items-bottom elementor-section-content-top elementor-section-boxed elementor-section-height-default\" data-id=\"12b2bdb\" data-element_type=\"section\" data-settings=\"{&quot;background_background&quot;:&quot;classic&quot;,&quot;animation&quot;:&quot;none&quot;}\">\n\t\t\t\t\t\t<div class=\"elementor-container elementor-column-gap-default\">\n\t\t\t\t\t<div class=\"elementor-column elementor-col-100 elementor-top-column elementor-element elementor-element-2933acc\" data-id=\"2933acc\" data-element_type=\"column\">\n\t\t\t<div class=\"elementor-widget-wrap elementor-element-populated\">\n\t\t\t\t\t\t\t\t<div class=\"elementor-element elementor-element-cf07b5e elementor-widget elementor-widget-heading\" data-id=\"cf07b5e\" data-element_type=\"widget\" data-widget_type=\"heading.default\">\n\t\t\t\t<div class=\"elementor-widget-container\">\n\t\t\t<h2 class=\"elementor-heading-title elementor-size-default\">Secr\u00e9tariat du Doyen<\/h2>\t\t<\/div>\n\t\t\t\t<\/div>\n\t\t\t\t<div class=\"elementor-element elementor-element-77fc012 elementor-widget elementor-widget-heading\" data-id=\"77fc012\" data-element_type=\"widget\" data-widget_type=\"heading.default\">\n\t\t\t\t<div class=\"elementor-widget-container\">\n\t\t\t<h2 class=\"elementor-heading-title elementor-size-default\">Sidi Said Economie\n1\u00e8r \u00e9tage\n<\/h2>\t\t<\/div>\n\t\t\t\t<\/div>\n\t\t\t\t<div class=\"elementor-element elementor-element-61042d0 elementor-widget elementor-widget-text-editor\" data-id=\"61042d0\" data-element_type=\"widget\" data-widget_type=\"text-editor.default\">\n\t\t\t\t<div class=\"elementor-widget-container\">\n\t\t\t\t\t\t\t\t<p style=\"text-align: center;\"><strong>fsecg@univ-mascara.dz<\/strong><\/p>\t\t\t\t\t\t<\/div>\n\t\t\t\t<\/div>\n\t\t\t\t\t<\/div>\n\t\t<\/div>\n\t\t\t\t\t\t\t<\/div>\n\t\t<\/section>\n\t\t\t\t\t\t<\/div>\n\t\t\t\t\t<\/div>\n\t\t","protected":false},"excerpt":{"rendered":"<p>Mission du Conseil Scientifique Retour Mission du Conseil Scientifique Le conseil scientifique de la facult\u00e9 \u00e9met des avis et recommandations sur : \u00a0L&rsquo;organisation et le contenu des enseignements, \u00a0L&rsquo;organisation des travaux de recherche, \u00a0Les propositions de programmes de recherche, \u00a0Les propositions de cr\u00e9ation ou de suppression de d\u00e9partements et\/ou de fili\u00e8res et d\u2019unit\u00e9s et de &hellip;<\/p>\n<p class=\"read-more\"> <a class=\"\" href=\"https:\/\/www.univ-mascara.dz\/fsecg\/?page_id=2572\"> <span class=\"screen-reader-text\">mission conseil<\/span> Lire la suite\u00a0\u00bb<\/a><\/p>\n","protected":false},"author":3,"featured_media":0,"parent":0,"menu_order":0,"comment_status":"closed","ping_status":"closed","template":"","meta":[],"_links":{"self":[{"href":"https:\/\/www.univ-mascara.dz\/fsecg\/index.php?rest_route=\/wp\/v2\/pages\/2572"}],"collection":[{"href":"https:\/\/www.univ-mascara.dz\/fsecg\/index.php?rest_route=\/wp\/v2\/pages"}],"about":[{"href":"https:\/\/www.univ-mascara.dz\/fsecg\/index.php?rest_route=\/wp\/v2\/types\/page"}],"author":[{"embeddable":true,"href":"https:\/\/www.univ-mascara.dz\/fsecg\/index.php?rest_route=\/wp\/v2\/users\/3"}],"replies":[{"embeddable":true,"href":"https:\/\/www.univ-mascara.dz\/fsecg\/index.php?rest_route=%2Fwp%2Fv2%2Fcomments&post=2572"}],"version-history":[{"count":22,"href":"https:\/\/www.univ-mascara.dz\/fsecg\/index.php?rest_route=\/wp\/v2\/pages\/2572\/revisions"}],"predecessor-version":[{"id":10800,"href":"https:\/\/www.univ-mascara.dz\/fsecg\/index.php?rest_route=\/wp\/v2\/pages\/2572\/revisions\/10800"}],"wp:attachment":[{"href":"https:\/\/www.univ-mascara.dz\/fsecg\/index.php?rest_route=%2Fwp%2Fv2%2Fmedia&parent=2572"}],"curies":[{"name":"wp","href":"https:\/\/api.w.org\/{rel}","templated":true}]}}