{"id":2618,"date":"2021-09-20T10:13:58","date_gmt":"2021-09-20T09:13:58","guid":{"rendered":"http:\/\/193.194.87.76\/fsnv\/?page_id=2618"},"modified":"2026-03-05T11:04:23","modified_gmt":"2026-03-05T10:04:23","slug":"responsable-pedagogique","status":"publish","type":"page","link":"https:\/\/www.univ-mascara.dz\/fsecg\/?page_id=2618","title":{"rendered":"responsable p\u00e9dagogique"},"content":{"rendered":"\t\t<div data-elementor-type=\"wp-page\" data-elementor-id=\"2618\" class=\"elementor elementor-2618\" data-elementor-settings=\"[]\">\n\t\t\t\t\t\t\t<div class=\"elementor-section-wrap\">\n\t\t\t\t\t\t\t<section class=\"elementor-section elementor-top-section elementor-element elementor-element-b1aa68d elementor-section-height-min-height elementor-section-boxed elementor-section-height-default elementor-section-items-middle\" data-id=\"b1aa68d\" data-element_type=\"section\" data-settings=\"{&quot;background_background&quot;:&quot;classic&quot;}\">\n\t\t\t\t\t\t\t<div class=\"elementor-background-overlay\"><\/div>\n\t\t\t\t\t\t\t<div class=\"elementor-container elementor-column-gap-default\">\n\t\t\t\t\t<div class=\"elementor-column elementor-col-100 elementor-top-column elementor-element elementor-element-e910368\" data-id=\"e910368\" data-element_type=\"column\">\n\t\t\t<div class=\"elementor-widget-wrap elementor-element-populated\">\n\t\t\t\t\t\t\t\t<div class=\"elementor-element elementor-element-662eaa7 elementor-widget elementor-widget-heading\" data-id=\"662eaa7\" data-element_type=\"widget\" data-widget_type=\"heading.default\">\n\t\t\t\t<div class=\"elementor-widget-container\">\n\t\t\t<p class=\"elementor-heading-title elementor-size-medium\"><br><br><br> <br>\nResponsables p\u00e9dagogiques\n\n<\/p>\t\t<\/div>\n\t\t\t\t<\/div>\n\t\t\t\t<div class=\"elementor-element elementor-element-2ff5914 elementor-widget-divider--view-line elementor-widget elementor-widget-divider\" data-id=\"2ff5914\" data-element_type=\"widget\" data-widget_type=\"divider.default\">\n\t\t\t\t<div class=\"elementor-widget-container\">\n\t\t\t\t\t<div class=\"elementor-divider\">\n\t\t\t<span class=\"elementor-divider-separator\">\n\t\t\t\t\t\t<\/span>\n\t\t<\/div>\n\t\t\t\t<\/div>\n\t\t\t\t<\/div>\n\t\t\t\t<div class=\"elementor-element elementor-element-d009893 elementor-widget elementor-widget-text-editor\" data-id=\"d009893\" data-element_type=\"widget\" data-widget_type=\"text-editor.default\">\n\t\t\t\t<div class=\"elementor-widget-container\">\n\t\t\t\t\t\t\t\t<p style=\"text-align: center;\"><strong><span style=\"color: #ffffff;\">FSECG<\/span><\/strong><\/p>\t\t\t\t\t\t<\/div>\n\t\t\t\t<\/div>\n\t\t\t\t\t<\/div>\n\t\t<\/div>\n\t\t\t\t\t\t\t<\/div>\n\t\t<\/section>\n\t\t\t\t<section class=\"elementor-section elementor-top-section elementor-element elementor-element-75fde75 elementor-section-height-min-height elementor-section-content-middle elementor-section-boxed elementor-section-height-default elementor-section-items-middle\" data-id=\"75fde75\" data-element_type=\"section\" data-settings=\"{&quot;background_background&quot;:&quot;classic&quot;}\">\n\t\t\t\t\t\t<div class=\"elementor-container elementor-column-gap-default\">\n\t\t\t\t\t<div class=\"elementor-column elementor-col-50 elementor-top-column elementor-element elementor-element-f526137\" data-id=\"f526137\" data-element_type=\"column\">\n\t\t\t<div class=\"elementor-widget-wrap elementor-element-populated\">\n\t\t\t\t\t\t\t\t<div class=\"elementor-element elementor-element-6a058bd elementor-widget-divider--view-line_text elementor-widget-divider--element-align-center elementor-widget elementor-widget-divider\" data-id=\"6a058bd\" data-element_type=\"widget\" data-widget_type=\"divider.default\">\n\t\t\t\t<div class=\"elementor-widget-container\">\n\t\t\t\t\t<div class=\"elementor-divider\">\n\t\t\t<span class=\"elementor-divider-separator\">\n\t\t\t\t\t\t\t<span class=\"elementor-divider__text elementor-divider__element\">Liste des enseignants p\u00e9dagogique<\/span>\n\t\t\t\t\t\t<\/span>\n\t\t<\/div>\n\t\t\t\t<\/div>\n\t\t\t\t<\/div>\n\t\t\t\t<div class=\"elementor-element elementor-element-5a46d6c elementor-widget elementor-widget-text-editor\" data-id=\"5a46d6c\" data-element_type=\"widget\" data-widget_type=\"text-editor.default\">\n\t\t\t\t<div class=\"elementor-widget-container\">\n\t\t\t\t\t\t\t\t<blockquote><p style=\"text-align: justify;\">Il ya des responsables des \u00e9quipes des domaines de formation , des responsables des \u00e9quipes des fili\u00e8res de formation et responsables des \u00e9quipes des sp\u00e9cialit\u00e9s de formation<\/p><\/blockquote>\t\t\t\t\t\t<\/div>\n\t\t\t\t<\/div>\n\t\t\t\t\t<\/div>\n\t\t<\/div>\n\t\t\t\t<div class=\"elementor-column elementor-col-50 elementor-top-column elementor-element elementor-element-f0abf40\" data-id=\"f0abf40\" data-element_type=\"column\">\n\t\t\t<div class=\"elementor-widget-wrap elementor-element-populated\">\n\t\t\t\t\t\t\t\t<div class=\"elementor-element elementor-element-5675a8f elementor-invisible elementor-widget elementor-widget-image\" data-id=\"5675a8f\" data-element_type=\"widget\" data-settings=\"{&quot;_animation&quot;:&quot;fadeInRight&quot;}\" data-widget_type=\"image.default\">\n\t\t\t\t<div class=\"elementor-widget-container\">\n\t\t\t\t\t\t\t\t\t\t\t\t\t\t\t<img width=\"276\" height=\"183\" src=\"https:\/\/www.univ-mascara.dz\/fsecg\/wp-content\/uploads\/2021\/07\/membre.jpeg\" class=\"attachment-gridsquare size-gridsquare\" alt=\"\" decoding=\"async\" loading=\"lazy\" \/>\t\t\t\t\t\t\t\t\t\t\t\t\t\t\t<\/div>\n\t\t\t\t<\/div>\n\t\t\t\t\t<\/div>\n\t\t<\/div>\n\t\t\t\t\t\t\t<\/div>\n\t\t<\/section>\n\t\t\t\t<section class=\"elementor-section elementor-top-section elementor-element elementor-element-474b437 elementor-section-boxed elementor-section-height-default elementor-section-height-default\" data-id=\"474b437\" data-element_type=\"section\" data-settings=\"{&quot;background_background&quot;:&quot;classic&quot;}\">\n\t\t\t\t\t\t<div class=\"elementor-container elementor-column-gap-default\">\n\t\t\t\t\t<div class=\"elementor-column elementor-col-100 elementor-top-column elementor-element elementor-element-a1946f5\" data-id=\"a1946f5\" data-element_type=\"column\">\n\t\t\t<div class=\"elementor-widget-wrap elementor-element-populated\">\n\t\t\t\t\t\t\t\t<div class=\"elementor-element elementor-element-e87e908 elementor-widget-divider--view-line_text elementor-widget-divider--element-align-center elementor-invisible elementor-widget elementor-widget-divider\" data-id=\"e87e908\" data-element_type=\"widget\" data-settings=\"{&quot;_animation&quot;:&quot;fadeIn&quot;}\" data-widget_type=\"divider.default\">\n\t\t\t\t<div class=\"elementor-widget-container\">\n\t\t\t\t\t<div class=\"elementor-divider\">\n\t\t\t<span class=\"elementor-divider-separator\">\n\t\t\t\t\t\t\t<span class=\"elementor-divider__text elementor-divider__element\">Missions<\/span>\n\t\t\t\t\t\t<\/span>\n\t\t<\/div>\n\t\t\t\t<\/div>\n\t\t\t\t<\/div>\n\t\t\t\t<div class=\"elementor-element elementor-element-adc94e8 elementor-widget elementor-widget-text-editor\" data-id=\"adc94e8\" data-element_type=\"widget\" data-widget_type=\"text-editor.default\">\n\t\t\t\t<div class=\"elementor-widget-container\">\n\t\t\t\t\t\t\t\t<p style=\"text-align: justify;\">Les missions des responsables des \u00e9quipes des domaines de formation, fili\u00e8res et sp\u00e9cialit\u00e9s sont pr\u00e9cis\u00e9es dans\u00a0le d\u00e9cret\u00a0ex\u00e9cutif n\u00b0 08-130 du 27 Rabie Ethani 1429 correspondant au 3 mai 2008\u00a0portant statut particulier de l\u2019enseignant chercheur.<\/p><h3 style=\"text-align: justify;\">\u00a0<\/h3>\t\t\t\t\t\t<\/div>\n\t\t\t\t<\/div>\n\t\t\t\t<div class=\"elementor-element elementor-element-74847a8 elementor-widget elementor-widget-toggle\" data-id=\"74847a8\" data-element_type=\"widget\" data-widget_type=\"toggle.default\">\n\t\t\t\t<div class=\"elementor-widget-container\">\n\t\t\t\t\t<div class=\"elementor-toggle\" role=\"tablist\">\n\t\t\t\t\t\t\t<div class=\"elementor-toggle-item\">\n\t\t\t\t\t<div id=\"elementor-tab-title-1221\" class=\"elementor-tab-title\" data-tab=\"1\" role=\"tab\" aria-controls=\"elementor-tab-content-1221\" aria-expanded=\"false\">\n\t\t\t\t\t\t\t\t\t\t\t\t<span class=\"elementor-toggle-icon elementor-toggle-icon-left\" aria-hidden=\"true\">\n\t\t\t\t\t\t\t\t\t\t\t\t\t\t\t<span class=\"elementor-toggle-icon-closed\"><i class=\"fas fa-caret-right\"><\/i><\/span>\n\t\t\t\t\t\t\t\t<span class=\"elementor-toggle-icon-opened\"><i class=\"elementor-toggle-icon-opened fas fa-caret-up\"><\/i><\/span>\n\t\t\t\t\t\t\t\t\t\t\t\t\t<\/span>\n\t\t\t\t\t\t\t\t\t\t\t\t<a href=\"\" class=\"elementor-toggle-title\">Responsable de sp\u00e9cialit\u00e9<\/a>\n\t\t\t\t\t<\/div>\n\t\t\t\t\t<div id=\"elementor-tab-content-1221\" class=\"elementor-tab-content elementor-clearfix\" data-tab=\"1\" role=\"tabpanel\" aria-labelledby=\"elementor-tab-title-1221\"><h3>\u00a0<\/h3><ul><li>Coordonne les activit\u00e9s de l\u2019\u00e9quipe de la sp\u00e9cialit\u00e9 qui est l\u2019\u00e9quipe de formation.<\/li><li>Veille \u00e0 la r\u00e9alisation des activit\u00e9s p\u00e9dagogiques pr\u00e9vues dans la plaquette de la formation.<\/li><li>Veille \u00e0 l\u2019organisation, la r\u00e9alisation et le suivi des stages.<\/li><li>Coordonne l\u2019\u00e9valuation de sa sp\u00e9cialit\u00e9 dans le cadre de l\u2019Assurance Qualit\u00e9.<\/li><li>Assiste le Chef du D\u00e9partement dans la gestion p\u00e9dagogique.<\/li><li>Participe aux r\u00e9unions du comit\u00e9 scientifique de d\u00e9partement en qualit\u00e9 d\u2019invit\u00e9.<\/li><\/ul><\/div>\n\t\t\t\t<\/div>\n\t\t\t\t\t\t\t<div class=\"elementor-toggle-item\">\n\t\t\t\t\t<div id=\"elementor-tab-title-1222\" class=\"elementor-tab-title\" data-tab=\"2\" role=\"tab\" aria-controls=\"elementor-tab-content-1222\" aria-expanded=\"false\">\n\t\t\t\t\t\t\t\t\t\t\t\t<span class=\"elementor-toggle-icon elementor-toggle-icon-left\" aria-hidden=\"true\">\n\t\t\t\t\t\t\t\t\t\t\t\t\t\t\t<span class=\"elementor-toggle-icon-closed\"><i class=\"fas fa-caret-right\"><\/i><\/span>\n\t\t\t\t\t\t\t\t<span class=\"elementor-toggle-icon-opened\"><i class=\"elementor-toggle-icon-opened fas fa-caret-up\"><\/i><\/span>\n\t\t\t\t\t\t\t\t\t\t\t\t\t<\/span>\n\t\t\t\t\t\t\t\t\t\t\t\t<a href=\"\" class=\"elementor-toggle-title\">Responsable de Fili\u00e8re<\/a>\n\t\t\t\t\t<\/div>\n\t\t\t\t\t<div id=\"elementor-tab-content-1222\" class=\"elementor-tab-content elementor-clearfix\" data-tab=\"2\" role=\"tabpanel\" aria-labelledby=\"elementor-tab-title-1222\"><ul><li style=\"text-align: justify;\">Coordonne les activit\u00e9s de l\u2019\u00e9quipe de la Fili\u00e8re compos\u00e9e des responsables des sp\u00e9cialit\u00e9s de la Fili\u00e8re.<\/li><li style=\"text-align: justify;\">Veille aux passerelles entre les sp\u00e9cialit\u00e9s, notamment pour l\u2019acc\u00e8s aux sp\u00e9cialit\u00e9s du Master.<\/li><li style=\"text-align: justify;\">Veille \u00e0 la mutualisation des moyens humains et mat\u00e9riels et la coordination p\u00e9dagogique pour la prise en charge des enseignements partag\u00e9s et les enseignements transversaux.<\/li><li style=\"text-align: justify;\">Veille \u00e0 la pertinence des formations propos\u00e9es dans la fili\u00e8re et donne son avis sur l\u2019ouverture ou le gel des sp\u00e9cialit\u00e9s.<\/li><li style=\"text-align: justify;\">Participe \u00e0 la mise en place et suivi du Tutorat, notamment dans ses volets relatifs \u00e0 l\u2019information et \u00e0 l\u2019orientation.<\/li><li style=\"text-align: justify;\">Coordonne l\u2019\u00e9valuation des sp\u00e9cialit\u00e9s de la Fili\u00e8re dans le cadre de l\u2019Assurance Qualit\u00e9.<\/li><li style=\"text-align: justify;\">Assiste le Chef de D\u00e9partement.<\/li><li style=\"text-align: justify;\">Participe aux r\u00e9unions du comit\u00e9 scientifique de d\u00e9partement en qualit\u00e9 d\u2019invit\u00e9.<\/li><\/ul><\/div>\n\t\t\t\t<\/div>\n\t\t\t\t\t\t\t<div class=\"elementor-toggle-item\">\n\t\t\t\t\t<div id=\"elementor-tab-title-1223\" class=\"elementor-tab-title\" data-tab=\"3\" role=\"tab\" aria-controls=\"elementor-tab-content-1223\" aria-expanded=\"false\">\n\t\t\t\t\t\t\t\t\t\t\t\t<span class=\"elementor-toggle-icon elementor-toggle-icon-left\" aria-hidden=\"true\">\n\t\t\t\t\t\t\t\t\t\t\t\t\t\t\t<span class=\"elementor-toggle-icon-closed\"><i class=\"fas fa-caret-right\"><\/i><\/span>\n\t\t\t\t\t\t\t\t<span class=\"elementor-toggle-icon-opened\"><i class=\"elementor-toggle-icon-opened fas fa-caret-up\"><\/i><\/span>\n\t\t\t\t\t\t\t\t\t\t\t\t\t<\/span>\n\t\t\t\t\t\t\t\t\t\t\t\t<a href=\"\" class=\"elementor-toggle-title\">Responsable de Domaine<\/a>\n\t\t\t\t\t<\/div>\n\t\t\t\t\t<div id=\"elementor-tab-content-1223\" class=\"elementor-tab-content elementor-clearfix\" data-tab=\"3\" role=\"tabpanel\" aria-labelledby=\"elementor-tab-title-1223\"><ul><li>Coordonne les activit\u00e9s de l\u2019\u00e9quipe du Domaine qui est compos\u00e9e des responsables des fili\u00e8res.<\/li><li>Prend en charge l\u2019Accueil, l\u2019Information et l\u2019Orientation des \u00e9tudiants, notamment les nouveaux bacheliers.<\/li><li>Coordonne les activit\u00e9s p\u00e9dagogiques dans le socle commun,<\/li><li>Coordonne et \u00e9value les activit\u00e9s du Tutorat dans le socle commun.<\/li><li>Veille \u00e0 la coh\u00e9rence de l\u2019offre de formation du Domaine.<\/li><li>Veille aux passerelles entre les fili\u00e8res du domaine.<\/li><li>Coordonne l\u2019\u00e9valuation des formations du Domaine dans le cadre de l\u2019Assurance Qualit\u00e9.<\/li><li>Assiste les Responsables administratifs des Facult\u00e9s et des D\u00e9partements.<\/li><li>Participe aux r\u00e9unions des conseils scientifiques en qualit\u00e9 d\u2019invit\u00e9.<\/li><\/ul><\/div>\n\t\t\t\t<\/div>\n\t\t\t\t\t\t\t<div class=\"elementor-toggle-item\">\n\t\t\t\t\t<div id=\"elementor-tab-title-1224\" class=\"elementor-tab-title\" data-tab=\"4\" role=\"tab\" aria-controls=\"elementor-tab-content-1224\" aria-expanded=\"false\">\n\t\t\t\t\t\t\t\t\t\t\t\t<span class=\"elementor-toggle-icon elementor-toggle-icon-left\" aria-hidden=\"true\">\n\t\t\t\t\t\t\t\t\t\t\t\t\t\t\t<span class=\"elementor-toggle-icon-closed\"><i class=\"fas fa-caret-right\"><\/i><\/span>\n\t\t\t\t\t\t\t\t<span class=\"elementor-toggle-icon-opened\"><i class=\"elementor-toggle-icon-opened fas fa-caret-up\"><\/i><\/span>\n\t\t\t\t\t\t\t\t\t\t\t\t\t<\/span>\n\t\t\t\t\t\t\t\t\t\t\t\t<a href=\"\" class=\"elementor-toggle-title\">Remarques<\/a>\n\t\t\t\t\t<\/div>\n\t\t\t\t\t<div id=\"elementor-tab-content-1224\" class=\"elementor-tab-content elementor-clearfix\" data-tab=\"4\" role=\"tabpanel\" aria-labelledby=\"elementor-tab-title-1224\"><p>Les t\u00e2ches ainsi d\u00e9finies, mettent les diff\u00e9rents responsables dans un cadre de concertation o\u00f9 il convient de conforter la notion d\u2019\u00e9quipe du domaine, de la fili\u00e8re et de la sp\u00e9cialit\u00e9, et pas de Responsable.<\/p><p>Ces responsables peuvent \u00eatre charg\u00e9s par d\u2019autres t\u00e2ches p\u00e9dagogiques non cit\u00e9es.<\/p><\/div>\n\t\t\t\t<\/div>\n\t\t\t\t\t\t\t\t<\/div>\n\t\t\t\t<\/div>\n\t\t\t\t<\/div>\n\t\t\t\t<div class=\"elementor-element elementor-element-5575306 elementor-widget-divider--view-line_text elementor-widget-divider--element-align-center elementor-invisible elementor-widget elementor-widget-divider\" data-id=\"5575306\" data-element_type=\"widget\" data-settings=\"{&quot;_animation&quot;:&quot;fadeIn&quot;}\" data-widget_type=\"divider.default\">\n\t\t\t\t<div class=\"elementor-widget-container\">\n\t\t\t\t\t<div class=\"elementor-divider\">\n\t\t\t<span class=\"elementor-divider-separator\">\n\t\t\t\t\t\t\t<span class=\"elementor-divider__text elementor-divider__element\">Liste des responsables\u00a0<\/span>\n\t\t\t\t\t\t<\/span>\n\t\t<\/div>\n\t\t\t\t<\/div>\n\t\t\t\t<\/div>\n\t\t\t\t\t<\/div>\n\t\t<\/div>\n\t\t\t\t\t\t\t<\/div>\n\t\t<\/section>\n\t\t\t\t<section class=\"elementor-section elementor-top-section elementor-element elementor-element-16bf34a elementor-section-height-min-height elementor-section-content-middle elementor-section-boxed elementor-section-height-default elementor-section-items-middle\" data-id=\"16bf34a\" data-element_type=\"section\" data-settings=\"{&quot;background_background&quot;:&quot;classic&quot;}\">\n\t\t\t\t\t\t<div class=\"elementor-container elementor-column-gap-default\">\n\t\t\t\t\t<div class=\"elementor-column elementor-col-100 elementor-top-column elementor-element elementor-element-daa7cb2\" data-id=\"daa7cb2\" data-element_type=\"column\">\n\t\t\t<div class=\"elementor-widget-wrap elementor-element-populated\">\n\t\t\t\t\t\t\t\t<div class=\"elementor-element elementor-element-39e437e elementor-widget elementor-widget-text-editor\" data-id=\"39e437e\" data-element_type=\"widget\" data-widget_type=\"text-editor.default\">\n\t\t\t\t<div class=\"elementor-widget-container\">\n\t\t\t\t\t\t\t\t<pre><strong><span class=\"apple-converted-space\">Responsables des \u00e9quipes des \u00a0domaines de formation<\/span><\/strong><\/pre><ul><li><strong><strong>Domaine\u00a0 <\/strong><\/strong><strong style=\"font-size: 16px;\">Sciences Economiques des Sciences Commerciales et des Sciences<strong style=\"font-size: 16px;\">de Gestion<\/strong><\/strong>:<\/li><\/ul><pre style=\"text-align: left;\"><strong><span class=\"apple-converted-space\">\u00a0Responsables des \u00e9quipes des fili\u00e8res de formation<\/span><span class=\"apple-converted-space\">\u00a0\u00a0\u00a0<\/span><\/strong><\/pre><ul><li>Fili\u00e8re Sciences Economiques:\u00a0<\/li><li>Fili\u00e8re\u00a0 Sciences Financi\u00e8res :<\/li><li>Fili\u00e8re\u00a0 Sciences Commerciales\u00a0 :\u00a0<\/li><li>Fili\u00e8re\u00a0 Sciences Gestion \u00a0:\u00a0<\/li><\/ul><pre><strong><span class=\"apple-converted-space\">Responsables des \u00e9quipes des sp\u00e9cialit\u00e9s de formation<\/span><\/strong><\/pre><p><span style=\"color: #ff6600;\"><strong><span class=\"apple-converted-space\">\u00a0<\/span>Sp\u00e9cialit\u00e9 Licence<\/strong><\/span><\/p><ul><li><strong>Domaine SECG\u00a0 \u00a0\u00a0<\/strong><\/li><li><strong>Sciences Economiques\u00a0<\/strong><\/li><li><strong>Sp\u00e9cialit\u00e9 licence\u00a0 syst\u00e8mes Informatiques<\/strong>:\u00a0<\/li><li><strong>Sciences de Gestion\u00a0<\/strong><\/li><li><strong>Sciences Commerciales\u00a0<\/strong><\/li><li><strong>Sciences Financi\u00e8res et Comptables\u00a0<\/strong><\/li><li><strong>Economie mon\u00e9taire et bancaire<\/strong><\/li><li><strong>Economie quantitative\u00a0<\/strong><\/li><li><strong>Economie e d\u00e9veloppement\u00a0\u00a0<\/strong><\/li><li><strong>Gestion des ressources humaines\u00a0<\/strong><\/li><li><strong>Entreprenariat<\/strong><\/li><li><strong>Management\u00a0\u00a0<\/strong><\/li><li><strong>Comptabilit\u00e9 et audit<\/strong><\/li><li><strong>Marketing strat\u00e9gique\u00a0<\/strong><\/li><li><strong>Finance d\u2019entreprise\u00a0<\/strong><\/li><\/ul><p><span style=\"color: #ff6600;\"><strong><span class=\"apple-converted-space\">Sp\u00e9cialit\u00e9 Master<\/span><\/strong><\/span><\/p>\t\t\t\t\t\t<\/div>\n\t\t\t\t<\/div>\n\t\t\t\t\t<\/div>\n\t\t<\/div>\n\t\t\t\t\t\t\t<\/div>\n\t\t<\/section>\n\t\t\t\t\t\t<\/div>\n\t\t\t\t\t<\/div>\n\t\t","protected":false},"excerpt":{"rendered":"<p>Responsables p\u00e9dagogiques FSECG Liste des enseignants p\u00e9dagogique Il ya des responsables des \u00e9quipes des domaines de formation , des responsables des \u00e9quipes des fili\u00e8res de formation et responsables des \u00e9quipes des sp\u00e9cialit\u00e9s de formation Missions Les missions des responsables des \u00e9quipes des domaines de formation, fili\u00e8res et sp\u00e9cialit\u00e9s sont pr\u00e9cis\u00e9es dans\u00a0le d\u00e9cret\u00a0ex\u00e9cutif n\u00b0 08-130 du &hellip;<\/p>\n<p class=\"read-more\"> <a class=\"\" href=\"https:\/\/www.univ-mascara.dz\/fsecg\/?page_id=2618\"> <span class=\"screen-reader-text\">responsable p\u00e9dagogique<\/span> Lire la suite\u00a0\u00bb<\/a><\/p>\n","protected":false},"author":3,"featured_media":0,"parent":0,"menu_order":0,"comment_status":"closed","ping_status":"closed","template":"","meta":[],"_links":{"self":[{"href":"https:\/\/www.univ-mascara.dz\/fsecg\/index.php?rest_route=\/wp\/v2\/pages\/2618"}],"collection":[{"href":"https:\/\/www.univ-mascara.dz\/fsecg\/index.php?rest_route=\/wp\/v2\/pages"}],"about":[{"href":"https:\/\/www.univ-mascara.dz\/fsecg\/index.php?rest_route=\/wp\/v2\/types\/page"}],"author":[{"embeddable":true,"href":"https:\/\/www.univ-mascara.dz\/fsecg\/index.php?rest_route=\/wp\/v2\/users\/3"}],"replies":[{"embeddable":true,"href":"https:\/\/www.univ-mascara.dz\/fsecg\/index.php?rest_route=%2Fwp%2Fv2%2Fcomments&post=2618"}],"version-history":[{"count":92,"href":"https:\/\/www.univ-mascara.dz\/fsecg\/index.php?rest_route=\/wp\/v2\/pages\/2618\/revisions"}],"predecessor-version":[{"id":13125,"href":"https:\/\/www.univ-mascara.dz\/fsecg\/index.php?rest_route=\/wp\/v2\/pages\/2618\/revisions\/13125"}],"wp:attachment":[{"href":"https:\/\/www.univ-mascara.dz\/fsecg\/index.php?rest_route=%2Fwp%2Fv2%2Fmedia&parent=2618"}],"curies":[{"name":"wp","href":"https:\/\/api.w.org\/{rel}","templated":true}]}}