{"id":2893,"date":"2021-09-23T09:56:41","date_gmt":"2021-09-23T08:56:41","guid":{"rendered":"http:\/\/193.194.87.76\/fsnv\/?page_id=2893"},"modified":"2023-05-22T09:45:37","modified_gmt":"2023-05-22T08:45:37","slug":"laboratoire-de-recherche","status":"publish","type":"page","link":"https:\/\/www.univ-mascara.dz\/fsecg\/?page_id=2893","title":{"rendered":"laboratoire de recherche"},"content":{"rendered":"\t\t<div data-elementor-type=\"wp-page\" data-elementor-id=\"2893\" class=\"elementor elementor-2893\" data-elementor-settings=\"[]\">\n\t\t\t\t\t\t\t<div class=\"elementor-section-wrap\">\n\t\t\t\t\t\t\t<section class=\"elementor-section elementor-top-section elementor-element elementor-element-0a0528f elementor-section-height-min-height elementor-section-boxed elementor-section-height-default elementor-section-items-middle\" data-id=\"0a0528f\" data-element_type=\"section\" data-settings=\"{&quot;background_background&quot;:&quot;classic&quot;}\">\n\t\t\t\t\t\t\t<div class=\"elementor-background-overlay\"><\/div>\n\t\t\t\t\t\t\t<div class=\"elementor-container elementor-column-gap-default\">\n\t\t\t\t\t<div class=\"elementor-column elementor-col-100 elementor-top-column elementor-element elementor-element-7617fbb\" data-id=\"7617fbb\" data-element_type=\"column\">\n\t\t\t<div class=\"elementor-widget-wrap elementor-element-populated\">\n\t\t\t\t\t\t\t\t<div class=\"elementor-element elementor-element-393830b elementor-widget elementor-widget-heading\" data-id=\"393830b\" data-element_type=\"widget\" data-widget_type=\"heading.default\">\n\t\t\t\t<div class=\"elementor-widget-container\">\n\t\t\t<span class=\"elementor-heading-title elementor-size-default\"><br><br><br> Laboratoires de Recherche<\/span>\t\t<\/div>\n\t\t\t\t<\/div>\n\t\t\t\t<div class=\"elementor-element elementor-element-ec7ec78 elementor-widget-divider--view-line elementor-widget elementor-widget-divider\" data-id=\"ec7ec78\" data-element_type=\"widget\" data-widget_type=\"divider.default\">\n\t\t\t\t<div class=\"elementor-widget-container\">\n\t\t\t\t\t<div class=\"elementor-divider\">\n\t\t\t<span class=\"elementor-divider-separator\">\n\t\t\t\t\t\t<\/span>\n\t\t<\/div>\n\t\t\t\t<\/div>\n\t\t\t\t<\/div>\n\t\t\t\t\t<\/div>\n\t\t<\/div>\n\t\t\t\t\t\t\t<\/div>\n\t\t<\/section>\n\t\t\t\t<section class=\"elementor-section elementor-top-section elementor-element elementor-element-6770da6 elementor-section-height-min-height elementor-section-content-middle elementor-reverse-mobile elementor-section-boxed elementor-section-height-default elementor-section-items-middle\" data-id=\"6770da6\" data-element_type=\"section\" data-settings=\"{&quot;background_background&quot;:&quot;classic&quot;}\">\n\t\t\t\t\t\t<div class=\"elementor-container elementor-column-gap-default\">\n\t\t\t\t\t<div class=\"elementor-column elementor-col-100 elementor-top-column elementor-element elementor-element-f04694f\" data-id=\"f04694f\" data-element_type=\"column\">\n\t\t\t<div class=\"elementor-widget-wrap elementor-element-populated\">\n\t\t\t\t\t\t\t\t<div class=\"elementor-element elementor-element-8c4d5a9 elementor-widget elementor-widget-heading\" data-id=\"8c4d5a9\" data-element_type=\"widget\" data-widget_type=\"heading.default\">\n\t\t\t\t<div class=\"elementor-widget-container\">\n\t\t\t<div class=\"elementor-heading-title elementor-size-large\">Management des Collectivit\u00e9s Locales et D\u00e9veloppement Local<\/div>\t\t<\/div>\n\t\t\t\t<\/div>\n\t\t\t\t<div class=\"elementor-element elementor-element-dd834b4 elementor-widget-divider--view-line elementor-widget elementor-widget-divider\" data-id=\"dd834b4\" data-element_type=\"widget\" data-widget_type=\"divider.default\">\n\t\t\t\t<div class=\"elementor-widget-container\">\n\t\t\t\t\t<div class=\"elementor-divider\">\n\t\t\t<span class=\"elementor-divider-separator\">\n\t\t\t\t\t\t<\/span>\n\t\t<\/div>\n\t\t\t\t<\/div>\n\t\t\t\t<\/div>\n\t\t\t\t<div class=\"elementor-element elementor-element-70637b1 elementor-invisible elementor-widget elementor-widget-testimonial\" data-id=\"70637b1\" data-element_type=\"widget\" data-settings=\"{&quot;_animation&quot;:&quot;flash&quot;}\" data-widget_type=\"testimonial.default\">\n\t\t\t\t<div class=\"elementor-widget-container\">\n\t\t\t\t\t<div class=\"elementor-testimonial-wrapper elementor-testimonial-text-align-center\">\n\t\t\t\n\t\t\t\t\t\t<div class=\"elementor-testimonial-meta elementor-has-image elementor-testimonial-image-position-top\">\n\t\t\t\t<div class=\"elementor-testimonial-meta-inner\">\n\t\t\t\t\t\t\t\t\t\t\t<div class=\"elementor-testimonial-image\">\n\t\t\t\t\t\t\t<a href=\"\/labo\/pres_labo.php?q2=12\"><img width=\"485\" height=\"341\" src=\"https:\/\/www.univ-mascara.dz\/fsecg\/wp-content\/uploads\/2022\/04\/manag-collectivi.png\" class=\"attachment-full size-full\" alt=\"\" decoding=\"async\" loading=\"lazy\" srcset=\"https:\/\/www.univ-mascara.dz\/fsecg\/wp-content\/uploads\/2022\/04\/manag-collectivi.png 485w, https:\/\/www.univ-mascara.dz\/fsecg\/wp-content\/uploads\/2022\/04\/manag-collectivi-300x211.png 300w\" sizes=\"(max-width: 485px) 100vw, 485px\" \/><\/a>\t\t\t\t\t\t<\/div>\n\t\t\t\t\t\n\t\t\t\t\t\t\t\t\t\t<div class=\"elementor-testimonial-details\">\n\t\t\t\t\t\t\t\t\t\t\t\t\t\t<a class=\"elementor-testimonial-name\" href=\"\/labo\/pres_labo.php?q2=12\">Laboratoire Management des Collectivit\u00e9s Locales et D\u00e9veloppement Local<\/a>\n\t\t\t\t\t\t\t\t\t\t\t\t\t\t\t\t\t\t\t\t\t\t<a class=\"elementor-testimonial-job\" href=\"\/labo\/pres_labo.php?q2=12\"> ( MCLDL)<\/a>\n\t\t\t\t\t\t\t\t\t\t\t\t\t<\/div>\n\t\t\t\t\t\t\t\t\t<\/div>\n\t\t\t<\/div>\n\t\t\t\t\t<\/div>\n\t\t\t\t<\/div>\n\t\t\t\t<\/div>\n\t\t\t\t<div class=\"elementor-element elementor-element-a5fb59b elementor-widget elementor-widget-text-editor\" data-id=\"a5fb59b\" data-element_type=\"widget\" data-widget_type=\"text-editor.default\">\n\t\t\t\t<div class=\"elementor-widget-container\">\n\t\t\t\t\t\t\t\t<p>D\u00e9nomination : Management des Collectivit\u00e9s Locales et D\u00e9veloppement Local<br \/>Acronyme : MCLDL\u00a0<br \/>Etablissement : Universit\u00e9 de Mascara<br \/>Date d\u2019agreement : mai 2002<br \/>Renouv\u00e8lement d\u2019agreement : 2008<br \/>Directeur du laboratoire : Dr Mokhtari Fay\u00e7al.<\/p><p>Email:\u00a0<span id=\"cloak4bf066fd5ba3145eb1f544efb0cb678d\"><a href=\"mailto:lmcldl@univ-mascara.dz\">lmcldl@univ-mascara.dz<\/a><\/span><\/p>\t\t\t\t\t\t<\/div>\n\t\t\t\t<\/div>\n\t\t\t\t<div class=\"elementor-element elementor-element-893bf42 elementor-widget elementor-widget-text-editor\" data-id=\"893bf42\" data-element_type=\"widget\" data-widget_type=\"text-editor.default\">\n\t\t\t\t<div class=\"elementor-widget-container\">\n\t\t\t\t\t\t\t\t<p><strong><img decoding=\"async\" loading=\"lazy\" class=\"alignnone wp-image-8894\" src=\"http:\/\/nv.univ-mascara.dz\/fsecg\/wp-content\/uploads\/2022\/12\/puce.jpg\" alt=\"\" width=\"11\" height=\"11\" srcset=\"https:\/\/www.univ-mascara.dz\/fsecg\/wp-content\/uploads\/2022\/12\/puce.jpg 225w, https:\/\/www.univ-mascara.dz\/fsecg\/wp-content\/uploads\/2022\/12\/puce-150x150.jpg 150w\" sizes=\"(max-width: 11px) 100vw, 11px\" \/> Liste nominative des chefs et membres de laboratoire <a href=\"\/fsecg\/wp-content\/uploads\/2022\/12\/MCLDL-\u0645\u062e\u0628\u0631-\u062a\u0633\u064a\u064a\u0631-\u0627\u0644\u062c\u0645\u0627\u0639\u0627\u062a-\u0627\u0644\u0645\u062d\u0644\u064a\u0629-\u0648-\u0627\u0644\u062a\u0646\u0645\u064a\u0629-\u0627\u0644\u0645\u062d\u0644\u064a\u0629.docx\"><span style=\"color: #ff6600;\">(MCLDL)<\/span><\/a><\/strong>\u00a0<\/p>\t\t\t\t\t\t<\/div>\n\t\t\t\t<\/div>\n\t\t\t\t<div class=\"elementor-element elementor-element-755a528 elementor-widget elementor-widget-heading\" data-id=\"755a528\" data-element_type=\"widget\" data-widget_type=\"heading.default\">\n\t\t\t\t<div class=\"elementor-widget-container\">\n\t\t\t<div class=\"elementor-heading-title elementor-size-default\"><a href=\"https:\/\/www.univ-mascara.dz\/labo\/pres_labo.php?q2=1\">LIRE LA SUITE...<\/a><\/div>\t\t<\/div>\n\t\t\t\t<\/div>\n\t\t\t\t\t<\/div>\n\t\t<\/div>\n\t\t\t\t\t\t\t<\/div>\n\t\t<\/section>\n\t\t\t\t<section class=\"elementor-section elementor-top-section elementor-element elementor-element-63e54f8 elementor-section-height-min-height elementor-section-content-middle elementor-reverse-mobile elementor-section-boxed elementor-section-height-default elementor-section-items-middle\" data-id=\"63e54f8\" data-element_type=\"section\" data-settings=\"{&quot;background_background&quot;:&quot;classic&quot;}\">\n\t\t\t\t\t\t<div class=\"elementor-container elementor-column-gap-default\">\n\t\t\t\t\t<div class=\"elementor-column elementor-col-100 elementor-top-column elementor-element elementor-element-6c3280b\" data-id=\"6c3280b\" data-element_type=\"column\">\n\t\t\t<div class=\"elementor-widget-wrap elementor-element-populated\">\n\t\t\t\t\t\t\t\t<div class=\"elementor-element elementor-element-0031e81 elementor-widget elementor-widget-heading\" data-id=\"0031e81\" data-element_type=\"widget\" data-widget_type=\"heading.default\">\n\t\t\t\t<div class=\"elementor-widget-container\">\n\t\t\t<div class=\"elementor-heading-title elementor-size-large\">Laboratoire d'Analyse, de Prospective et de D\u00e9veloppement des Emplois et des Comp\u00e9tences<\/div>\t\t<\/div>\n\t\t\t\t<\/div>\n\t\t\t\t<div class=\"elementor-element elementor-element-773da23 elementor-widget-divider--view-line elementor-widget elementor-widget-divider\" data-id=\"773da23\" data-element_type=\"widget\" data-widget_type=\"divider.default\">\n\t\t\t\t<div class=\"elementor-widget-container\">\n\t\t\t\t\t<div class=\"elementor-divider\">\n\t\t\t<span class=\"elementor-divider-separator\">\n\t\t\t\t\t\t<\/span>\n\t\t<\/div>\n\t\t\t\t<\/div>\n\t\t\t\t<\/div>\n\t\t\t\t<div class=\"elementor-element elementor-element-423533c elementor-invisible elementor-widget elementor-widget-testimonial\" data-id=\"423533c\" data-element_type=\"widget\" data-settings=\"{&quot;_animation&quot;:&quot;flash&quot;}\" data-widget_type=\"testimonial.default\">\n\t\t\t\t<div class=\"elementor-widget-container\">\n\t\t\t\t\t<div class=\"elementor-testimonial-wrapper elementor-testimonial-text-align-center\">\n\t\t\t\n\t\t\t\t\t\t<div class=\"elementor-testimonial-meta elementor-has-image elementor-testimonial-image-position-top\">\n\t\t\t\t<div class=\"elementor-testimonial-meta-inner\">\n\t\t\t\t\t\t\t\t\t\t\t<div class=\"elementor-testimonial-image\">\n\t\t\t\t\t\t\t<a href=\"\/labo\/pres_labo.php?q2=11\"><img width=\"120\" height=\"153\" src=\"https:\/\/www.univ-mascara.dz\/fsecg\/wp-content\/uploads\/2022\/04\/LAPDEC.jpg\" class=\"attachment-full size-full\" alt=\"\" decoding=\"async\" loading=\"lazy\" \/><\/a>\t\t\t\t\t\t<\/div>\n\t\t\t\t\t\n\t\t\t\t\t\t\t\t\t\t<div class=\"elementor-testimonial-details\">\n\t\t\t\t\t\t\t\t\t\t\t\t\t\t<a class=\"elementor-testimonial-name\" href=\"\/labo\/pres_labo.php?q2=11\">Laboratoire d'Analyse, de Prospective et de D\u00e9veloppement des Emplois et des Comp\u00e9tences<\/a>\n\t\t\t\t\t\t\t\t\t\t\t\t\t\t\t\t\t\t\t\t\t\t<a class=\"elementor-testimonial-job\" href=\"\/labo\/pres_labo.php?q2=11\"> ( LAPDEC)<\/a>\n\t\t\t\t\t\t\t\t\t\t\t\t\t<\/div>\n\t\t\t\t\t\t\t\t\t<\/div>\n\t\t\t<\/div>\n\t\t\t\t\t<\/div>\n\t\t\t\t<\/div>\n\t\t\t\t<\/div>\n\t\t\t\t<div class=\"elementor-element elementor-element-b8e51c5 elementor-widget elementor-widget-text-editor\" data-id=\"b8e51c5\" data-element_type=\"widget\" data-widget_type=\"text-editor.default\">\n\t\t\t\t<div class=\"elementor-widget-container\">\n\t\t\t\t\t\t\t\t<p>D\u00e9nomination: Laboratoire d&rsquo;Analyse, de Prospective et de D\u00e9veloppement des Emplois et des Comp\u00e9tences<br \/>Acronyme : LAPDEC<br \/>Etablissement : Universit\u00e9 de Mascara<br \/>Date d\u2019agreement : Juin 2013<br \/>Directeur du laboratoire : Dr. Habib TABETI<\/p><p>Email:<span id=\"cloak8c828305bb29af11fd413acabc4a2d2f\"><a href=\"mailto:lapdec@univ-mascara.dz\">lapdec@univ-mascara.dz<\/a><\/span><\/p><ul><li><a href=\"http:\/\/labo-lapdec.jimdo.com\/\" target=\"_blank\t\"><strong>Site du Laboratoire\u00a0LAPDEC.<\/strong><\/a><\/li><\/ul>\t\t\t\t\t\t<\/div>\n\t\t\t\t<\/div>\n\t\t\t\t<div class=\"elementor-element elementor-element-28bbac9 elementor-widget elementor-widget-text-editor\" data-id=\"28bbac9\" data-element_type=\"widget\" data-widget_type=\"text-editor.default\">\n\t\t\t\t<div class=\"elementor-widget-container\">\n\t\t\t\t\t\t\t\t<p><strong><img decoding=\"async\" loading=\"lazy\" class=\"alignnone wp-image-8894\" src=\"http:\/\/nv.univ-mascara.dz\/fsecg\/wp-content\/uploads\/2022\/12\/puce.jpg\" alt=\"\" width=\"11\" height=\"11\" srcset=\"https:\/\/www.univ-mascara.dz\/fsecg\/wp-content\/uploads\/2022\/12\/puce.jpg 225w, https:\/\/www.univ-mascara.dz\/fsecg\/wp-content\/uploads\/2022\/12\/puce-150x150.jpg 150w\" sizes=\"(max-width: 11px) 100vw, 11px\" \/> Liste nominative des chefs et membres de laboratoire <span style=\"color: #ff6600;\">(<a href=\"\/fsecg\/wp-content\/uploads\/2022\/12\/LAPDEC\u062a\u062d\u0644\u064a\u0644-\u0648-\u0627\ufeb3\ufe98\ufeb8\ufeae\u0627\u0641-\u0648\ufe97\ufec4\ufeee\ufef3\ufeae-\u0627\ufedf\ufeee\ufec7\ufe8e\ufe8b\ufed2-\u0648\u0627\ufedf\ufedc\ufed4\ufe8e\u0621\u0627\u062a.pdf\">LAPDEC<\/a>)<\/span><\/strong>\u00a0<\/p>\t\t\t\t\t\t<\/div>\n\t\t\t\t<\/div>\n\t\t\t\t<div class=\"elementor-element elementor-element-44d6edc elementor-widget elementor-widget-heading\" data-id=\"44d6edc\" data-element_type=\"widget\" data-widget_type=\"heading.default\">\n\t\t\t\t<div class=\"elementor-widget-container\">\n\t\t\t<div class=\"elementor-heading-title elementor-size-default\"><a href=\"https:\/\/www.univ-mascara.dz\/labo\/pres_labo.php?q2=2\">LIRE LA SUITE...<\/a><\/div>\t\t<\/div>\n\t\t\t\t<\/div>\n\t\t\t\t\t<\/div>\n\t\t<\/div>\n\t\t\t\t\t\t\t<\/div>\n\t\t<\/section>\n\t\t\t\t<section class=\"elementor-section elementor-top-section elementor-element elementor-element-95a01ad elementor-section-height-min-height elementor-section-content-middle elementor-reverse-mobile elementor-section-boxed elementor-section-height-default elementor-section-items-middle\" data-id=\"95a01ad\" data-element_type=\"section\" data-settings=\"{&quot;background_background&quot;:&quot;classic&quot;}\">\n\t\t\t\t\t\t<div class=\"elementor-container elementor-column-gap-default\">\n\t\t\t\t\t<div class=\"elementor-column elementor-col-100 elementor-top-column elementor-element elementor-element-c3454cb\" data-id=\"c3454cb\" data-element_type=\"column\">\n\t\t\t<div class=\"elementor-widget-wrap elementor-element-populated\">\n\t\t\t\t\t\t\t\t<div class=\"elementor-element elementor-element-313222c elementor-widget elementor-widget-heading\" data-id=\"313222c\" data-element_type=\"widget\" data-widget_type=\"heading.default\">\n\t\t\t\t<div class=\"elementor-widget-container\">\n\t\t\t<div class=\"elementor-heading-title elementor-size-large\">Laboratoire PME, Recherche et Innovation<\/div>\t\t<\/div>\n\t\t\t\t<\/div>\n\t\t\t\t<div class=\"elementor-element elementor-element-7e1d791 elementor-widget-divider--view-line elementor-widget elementor-widget-divider\" data-id=\"7e1d791\" data-element_type=\"widget\" data-widget_type=\"divider.default\">\n\t\t\t\t<div class=\"elementor-widget-container\">\n\t\t\t\t\t<div class=\"elementor-divider\">\n\t\t\t<span class=\"elementor-divider-separator\">\n\t\t\t\t\t\t<\/span>\n\t\t<\/div>\n\t\t\t\t<\/div>\n\t\t\t\t<\/div>\n\t\t\t\t<div class=\"elementor-element elementor-element-c351351 elementor-invisible elementor-widget elementor-widget-testimonial\" data-id=\"c351351\" data-element_type=\"widget\" data-settings=\"{&quot;_animation&quot;:&quot;flash&quot;}\" data-widget_type=\"testimonial.default\">\n\t\t\t\t<div class=\"elementor-widget-container\">\n\t\t\t\t\t<div class=\"elementor-testimonial-wrapper elementor-testimonial-text-align-center\">\n\t\t\t\n\t\t\t\t\t\t<div class=\"elementor-testimonial-meta elementor-has-image elementor-testimonial-image-position-top\">\n\t\t\t\t<div class=\"elementor-testimonial-meta-inner\">\n\t\t\t\t\t\t\t\t\t\t\t<div class=\"elementor-testimonial-image\">\n\t\t\t\t\t\t\t<a href=\"\/labo\/pres_labo.php?q2=9\"><img width=\"178\" height=\"120\" src=\"https:\/\/www.univ-mascara.dz\/fsecg\/wp-content\/uploads\/2022\/04\/pme.png\" class=\"attachment-full size-full\" alt=\"\" decoding=\"async\" loading=\"lazy\" \/><\/a>\t\t\t\t\t\t<\/div>\n\t\t\t\t\t\n\t\t\t\t\t\t\t\t\t\t<div class=\"elementor-testimonial-details\">\n\t\t\t\t\t\t\t\t\t\t\t\t\t\t<a class=\"elementor-testimonial-name\" href=\"\/labo\/pres_labo.php?q2=9\">LaboratoireLaboratoire PME, Recherche et Innovation<\/a>\n\t\t\t\t\t\t\t\t\t\t\t\t\t\t\t\t\t\t\t\t\t\t<a class=\"elementor-testimonial-job\" href=\"\/labo\/pres_labo.php?q2=9\">( PMERI )<\/a>\n\t\t\t\t\t\t\t\t\t\t\t\t\t<\/div>\n\t\t\t\t\t\t\t\t\t<\/div>\n\t\t\t<\/div>\n\t\t\t\t\t<\/div>\n\t\t\t\t<\/div>\n\t\t\t\t<\/div>\n\t\t\t\t<div class=\"elementor-element elementor-element-f318769 elementor-widget elementor-widget-text-editor\" data-id=\"f318769\" data-element_type=\"widget\" data-widget_type=\"text-editor.default\">\n\t\t\t\t<div class=\"elementor-widget-container\">\n\t\t\t\t\t\t\t\t<p>D\u00e9nomination: Laboratoire De Recherche et Innovation<br \/>Acronyme : PME<br \/>Directeur : Dr. CHENINI Abderrahmane<br \/>Domaine : Sciences Economiques Commerciales et des Sciences de Gestion<br \/>Ann\u00e9e de Cr\u00e9ation : 2013<br \/>Tel : +21345814166 &#8211; +2135.60.16.69.90 &#8211;\u00a0+2136.62.15.36.23<br \/>Fax : 045814166<br \/>Email :\u00a0<span id=\"cloak2a0ed442f2969d9dbdfaba6ad6c58cbd\"><a href=\"mailto:lpmeri@univ-mascara.dz\">lpmeri@univ-mascara.dz<\/a><\/span><\/p><p>\u00a0<\/p>\t\t\t\t\t\t<\/div>\n\t\t\t\t<\/div>\n\t\t\t\t<div class=\"elementor-element elementor-element-691fbd2 elementor-widget elementor-widget-text-editor\" data-id=\"691fbd2\" data-element_type=\"widget\" data-widget_type=\"text-editor.default\">\n\t\t\t\t<div class=\"elementor-widget-container\">\n\t\t\t\t\t\t\t\t<p><strong><img decoding=\"async\" loading=\"lazy\" class=\"alignnone wp-image-8894\" src=\"http:\/\/nv.univ-mascara.dz\/fsecg\/wp-content\/uploads\/2022\/12\/puce.jpg\" alt=\"\" width=\"11\" height=\"11\" srcset=\"https:\/\/www.univ-mascara.dz\/fsecg\/wp-content\/uploads\/2022\/12\/puce.jpg 225w, https:\/\/www.univ-mascara.dz\/fsecg\/wp-content\/uploads\/2022\/12\/puce-150x150.jpg 150w\" sizes=\"(max-width: 11px) 100vw, 11px\" \/> Liste nominative des chefs et membres de laboratoire <a href=\"\/fsecg\/wp-content\/uploads\/2022\/12\/PME-Innovation\u0645\u062e\u0628\u0631-\u0627\u0644\u0645\u0624\u0633\u0633\u0627\u062a-\u0627\u0644\u0635\u063a\u064a\u0631\u0629-\u0648-\u0627\u0644\u0645\u062a\u0648\u0633\u0637\u0629-\u0628\u062d\u062b-\u0648-\u0627\u0628\u062f\u0627\u0639.docx\"><span style=\"color: #ff6600;\">(PMERI)<\/span><\/a><\/strong>\u00a0<\/p>\t\t\t\t\t\t<\/div>\n\t\t\t\t<\/div>\n\t\t\t\t<div class=\"elementor-element elementor-element-b69c1f0 elementor-widget elementor-widget-heading\" data-id=\"b69c1f0\" data-element_type=\"widget\" data-widget_type=\"heading.default\">\n\t\t\t\t<div class=\"elementor-widget-container\">\n\t\t\t<div class=\"elementor-heading-title elementor-size-default\"><a href=\"https:\/\/www.univ-mascara.dz\/labo\/pres_labo.php?q2=3\">LIRE LA SUITE...<\/a><\/div>\t\t<\/div>\n\t\t\t\t<\/div>\n\t\t\t\t\t<\/div>\n\t\t<\/div>\n\t\t\t\t\t\t\t<\/div>\n\t\t<\/section>\n\t\t\t\t\t\t<\/div>\n\t\t\t\t\t<\/div>\n\t\t","protected":false},"excerpt":{"rendered":"<p>Laboratoires de Recherche Management des Collectivit\u00e9s Locales et D\u00e9veloppement Local Laboratoire Management des Collectivit\u00e9s Locales et D\u00e9veloppement Local ( MCLDL) D\u00e9nomination : Management des Collectivit\u00e9s Locales et D\u00e9veloppement LocalAcronyme : MCLDL\u00a0Etablissement : Universit\u00e9 de MascaraDate d\u2019agreement : mai 2002Renouv\u00e8lement d\u2019agreement : 2008Directeur du laboratoire : Dr Mokhtari Fay\u00e7al. Email:\u00a0lmcldl@univ-mascara.dz Liste nominative des chefs et membres &hellip;<\/p>\n<p class=\"read-more\"> <a class=\"\" href=\"https:\/\/www.univ-mascara.dz\/fsecg\/?page_id=2893\"> <span class=\"screen-reader-text\">laboratoire de recherche<\/span> Lire la suite\u00a0\u00bb<\/a><\/p>\n","protected":false},"author":3,"featured_media":0,"parent":0,"menu_order":0,"comment_status":"closed","ping_status":"closed","template":"","meta":[],"_links":{"self":[{"href":"https:\/\/www.univ-mascara.dz\/fsecg\/index.php?rest_route=\/wp\/v2\/pages\/2893"}],"collection":[{"href":"https:\/\/www.univ-mascara.dz\/fsecg\/index.php?rest_route=\/wp\/v2\/pages"}],"about":[{"href":"https:\/\/www.univ-mascara.dz\/fsecg\/index.php?rest_route=\/wp\/v2\/types\/page"}],"author":[{"embeddable":true,"href":"https:\/\/www.univ-mascara.dz\/fsecg\/index.php?rest_route=\/wp\/v2\/users\/3"}],"replies":[{"embeddable":true,"href":"https:\/\/www.univ-mascara.dz\/fsecg\/index.php?rest_route=%2Fwp%2Fv2%2Fcomments&post=2893"}],"version-history":[{"count":95,"href":"https:\/\/www.univ-mascara.dz\/fsecg\/index.php?rest_route=\/wp\/v2\/pages\/2893\/revisions"}],"predecessor-version":[{"id":10833,"href":"https:\/\/www.univ-mascara.dz\/fsecg\/index.php?rest_route=\/wp\/v2\/pages\/2893\/revisions\/10833"}],"wp:attachment":[{"href":"https:\/\/www.univ-mascara.dz\/fsecg\/index.php?rest_route=%2Fwp%2Fv2%2Fmedia&parent=2893"}],"curies":[{"name":"wp","href":"https:\/\/api.w.org\/{rel}","templated":true}]}}