{"id":4531,"date":"2022-01-16T10:18:12","date_gmt":"2022-01-16T09:18:12","guid":{"rendered":"http:\/\/nv.univ-mascara.dz\/fsnv\/?page_id=4531"},"modified":"2022-09-18T09:43:49","modified_gmt":"2022-09-18T08:43:49","slug":"emploi-du-temps-sciences-commerciales","status":"publish","type":"page","link":"https:\/\/www.univ-mascara.dz\/fsecg\/?page_id=4531","title":{"rendered":"Emploi-du-temps- Sciences Commerciales"},"content":{"rendered":"\t\t<div data-elementor-type=\"wp-page\" data-elementor-id=\"4531\" class=\"elementor elementor-4531\" data-elementor-settings=\"[]\">\n\t\t\t\t\t\t\t<div class=\"elementor-section-wrap\">\n\t\t\t\t\t\t\t<section class=\"elementor-section elementor-top-section elementor-element elementor-element-7c125bb9 elementor-section-height-min-height elementor-section-boxed elementor-section-height-default elementor-section-items-middle\" data-id=\"7c125bb9\" data-element_type=\"section\" data-settings=\"{&quot;background_background&quot;:&quot;classic&quot;}\">\n\t\t\t\t\t\t\t<div class=\"elementor-background-overlay\"><\/div>\n\t\t\t\t\t\t\t<div class=\"elementor-container elementor-column-gap-default\">\n\t\t\t\t\t<div class=\"elementor-column elementor-col-100 elementor-top-column elementor-element elementor-element-6b9d1113\" data-id=\"6b9d1113\" data-element_type=\"column\">\n\t\t\t<div class=\"elementor-widget-wrap elementor-element-populated\">\n\t\t\t\t\t\t\t\t<div class=\"elementor-element elementor-element-5fcf5024 elementor-widget elementor-widget-heading\" data-id=\"5fcf5024\" data-element_type=\"widget\" data-widget_type=\"heading.default\">\n\t\t\t\t<div class=\"elementor-widget-container\">\n\t\t\t<span class=\"elementor-heading-title elementor-size-default\"><br><br>Emploi du temps<\/span>\t\t<\/div>\n\t\t\t\t<\/div>\n\t\t\t\t<div class=\"elementor-element elementor-element-4c08ecaa elementor-widget-divider--view-line elementor-widget elementor-widget-divider\" data-id=\"4c08ecaa\" data-element_type=\"widget\" data-widget_type=\"divider.default\">\n\t\t\t\t<div class=\"elementor-widget-container\">\n\t\t\t\t\t<div class=\"elementor-divider\">\n\t\t\t<span class=\"elementor-divider-separator\">\n\t\t\t\t\t\t<\/span>\n\t\t<\/div>\n\t\t\t\t<\/div>\n\t\t\t\t<\/div>\n\t\t\t\t<div class=\"elementor-element elementor-element-d7edb2d elementor-widget elementor-widget-heading\" data-id=\"d7edb2d\" data-element_type=\"widget\" data-widget_type=\"heading.default\">\n\t\t\t\t<div class=\"elementor-widget-container\">\n\t\t\t<span class=\"elementor-heading-title elementor-size-default\">D\u00e9partement de Biologie <\/span>\t\t<\/div>\n\t\t\t\t<\/div>\n\t\t\t\t\t<\/div>\n\t\t<\/div>\n\t\t\t\t\t\t\t<\/div>\n\t\t<\/section>\n\t\t\t\t<section class=\"elementor-section elementor-top-section elementor-element elementor-element-e6cef31 elementor-section-boxed elementor-section-height-default elementor-section-height-default\" data-id=\"e6cef31\" data-element_type=\"section\" data-settings=\"{&quot;background_background&quot;:&quot;classic&quot;}\">\n\t\t\t\t\t\t<div class=\"elementor-container elementor-column-gap-default\">\n\t\t\t\t\t<div class=\"elementor-column elementor-col-100 elementor-top-column elementor-element elementor-element-e79cb6c\" data-id=\"e79cb6c\" data-element_type=\"column\">\n\t\t\t<div class=\"elementor-widget-wrap elementor-element-populated\">\n\t\t\t\t\t\t\t\t<div class=\"elementor-element elementor-element-87fa930 eael-tooltip-align-left elementor-widget elementor-widget-eael-tooltip\" data-id=\"87fa930\" data-element_type=\"widget\" data-widget_type=\"eael-tooltip.default\">\n\t\t\t\t<div class=\"elementor-widget-container\">\n\t\t\t\t<div class=\"eael-tooltip\">\n\t\t\t\t\t<span class=\"eael-tooltip-content\"><a href=\"\/fsnv\/?page_id=871\"  rel=\"nofollow\" >\t\t\t\t\t\t\t\t\t\t\t\t<i class=\"fas fa-reply\"><\/i>\n\t\t\t\t\t\t\t\t\t\t<\/a><\/span>\n  \t\t\t<span class=\"eael-tooltip-text eael-tooltip-right\"><p>Retour<\/p><\/span>\n  \t\t\t<\/div>\n\t\t\t<\/div>\n\t\t\t\t<\/div>\n\t\t\t\t<div class=\"elementor-element elementor-element-cc1ac8f elementor-widget-divider--view-line_text elementor-widget-divider--element-align-center elementor-widget elementor-widget-divider\" data-id=\"cc1ac8f\" data-element_type=\"widget\" data-widget_type=\"divider.default\">\n\t\t\t\t<div class=\"elementor-widget-container\">\n\t\t\t\t\t<div class=\"elementor-divider\">\n\t\t\t<span class=\"elementor-divider-separator\">\n\t\t\t\t\t\t\t<h2 class=\"elementor-divider__text elementor-divider__element\">Semestre 1 2021-2022<\/h2>\n\t\t\t\t\t\t<\/span>\n\t\t<\/div>\n\t\t\t\t<\/div>\n\t\t\t\t<\/div>\n\t\t\t\t\t<\/div>\n\t\t<\/div>\n\t\t\t\t\t\t\t<\/div>\n\t\t<\/section>\n\t\t\t\t<section class=\"elementor-section elementor-top-section elementor-element elementor-element-9120b66 elementor-section-boxed elementor-section-height-default elementor-section-height-default\" data-id=\"9120b66\" data-element_type=\"section\" data-settings=\"{&quot;background_background&quot;:&quot;classic&quot;}\">\n\t\t\t\t\t\t<div class=\"elementor-container elementor-column-gap-default\">\n\t\t\t\t\t<div class=\"elementor-column elementor-col-50 elementor-top-column elementor-element elementor-element-212aeb5\" data-id=\"212aeb5\" data-element_type=\"column\">\n\t\t\t<div class=\"elementor-widget-wrap elementor-element-populated\">\n\t\t\t\t\t\t\t\t<div class=\"elementor-element elementor-element-d287af6 elementor-widget-divider--view-line_text elementor-widget-divider--element-align-center elementor-widget elementor-widget-divider\" data-id=\"d287af6\" data-element_type=\"widget\" data-widget_type=\"divider.default\">\n\t\t\t\t<div class=\"elementor-widget-container\">\n\t\t\t\t\t<div class=\"elementor-divider\">\n\t\t\t<span class=\"elementor-divider-separator\">\n\t\t\t\t\t\t\t<h2 class=\"elementor-divider__text elementor-divider__element\">Licence <\/h2>\n\t\t\t\t\t\t<\/span>\n\t\t<\/div>\n\t\t\t\t<\/div>\n\t\t\t\t<\/div>\n\t\t\t\t<div class=\"elementor-element elementor-element-bb76650 elementor-widget elementor-widget-text-editor\" data-id=\"bb76650\" data-element_type=\"widget\" data-widget_type=\"text-editor.default\">\n\t\t\t\t<div class=\"elementor-widget-container\">\n\t\t\t\t\t\t\t\t<ul><li><strong style=\"font-size: 16px; font-style: normal;\">L1\u00a0: TC SNV<\/strong><\/li><li><strong style=\"font-size: 16px; font-style: normal;\">L2\u00a0: T.C Ecologie et environnement\u00a0 \u00a0<\/strong><\/li><li><strong style=\"font-size: 16px; font-style: normal;\">L2\u00a0: T.C Sciences alimentaires\u00a0<\/strong><\/li><li><strong style=\"font-size: 16px; font-style: normal;\">L2\u00a0: T.C Sciences biologiques\u00a0 \u00a0<\/strong><\/li><li><strong style=\"font-size: 16px; font-style: normal;\">L3\u00a0: Alimentation, Nutrition et Pathologie<\/strong><\/li><li><strong style=\"font-size: 16px; font-style: normal;\">L3\u00a0: Analyse biochimique\u00a0\u00a0<\/strong><\/li><li><strong style=\"font-size: 16px; font-style: normal;\">L3\u00a0: Ecologie et environnement\u00a0 \u00a0<\/strong><\/li><li><strong style=\"font-size: 16px; font-style: normal;\">L3 : Microbiologie<\/strong><\/li><\/ul>\t\t\t\t\t\t<\/div>\n\t\t\t\t<\/div>\n\t\t\t\t\t<\/div>\n\t\t<\/div>\n\t\t\t\t<div class=\"elementor-column elementor-col-50 elementor-top-column elementor-element elementor-element-2934133\" data-id=\"2934133\" data-element_type=\"column\">\n\t\t\t<div class=\"elementor-widget-wrap elementor-element-populated\">\n\t\t\t\t\t\t\t\t<div class=\"elementor-element elementor-element-e4bc7c9 elementor-widget-divider--view-line_text elementor-widget-divider--element-align-center elementor-widget elementor-widget-divider\" data-id=\"e4bc7c9\" data-element_type=\"widget\" data-widget_type=\"divider.default\">\n\t\t\t\t<div class=\"elementor-widget-container\">\n\t\t\t\t\t<div class=\"elementor-divider\">\n\t\t\t<span class=\"elementor-divider-separator\">\n\t\t\t\t\t\t\t<h2 class=\"elementor-divider__text elementor-divider__element\">Master <\/h2>\n\t\t\t\t\t\t<\/span>\n\t\t<\/div>\n\t\t\t\t<\/div>\n\t\t\t\t<\/div>\n\t\t\t\t<div class=\"elementor-element elementor-element-c0d7b23 elementor-widget elementor-widget-text-editor\" data-id=\"c0d7b23\" data-element_type=\"widget\" data-widget_type=\"text-editor.default\">\n\t\t\t\t<div class=\"elementor-widget-container\">\n\t\t\t\t\t\t\t\t<ul><li><strong style=\"font-size: 16px; font-style: normal;\">Master 1 : Biochimie appliqu\u00e9e<\/strong><\/li><li><strong style=\"font-size: 16px; font-style: normal;\">Master 1 : Biotechnologie microbienne<\/strong><\/li><li><span style=\"font-size: 16px; font-style: normal; font-weight: 400;\">\u00a0<\/span><strong style=\"font-size: 16px; font-style: normal;\">Master 1 : Nutrition et di\u00e9t\u00e9tique<\/strong><\/li><li><strong style=\"font-size: 16px; font-style: normal;\">Master 1 : Qualit\u00e9 des produits et s\u00e9curit\u00e9 alimentaire<\/strong><\/li><li><strong style=\"font-size: 16px; font-style: normal;\">Master 2 : Biochimie appliqu\u00e9e<\/strong><\/li><li><strong style=\"font-size: 16px; font-style: normal;\">Master 2 : Biotechnologie microbienne<\/strong><\/li><li><strong style=\"font-size: 16px; font-style: normal;\">Master 2 : Nutrition et di\u00e9t\u00e9tique<\/strong><\/li><li><strong style=\"font-size: 16px; font-style: normal;\">Master 2 : Qualit\u00e9 des produits et s\u00e9curit\u00e9 alimentaire<\/strong><\/li><\/ul>\t\t\t\t\t\t<\/div>\n\t\t\t\t<\/div>\n\t\t\t\t\t<\/div>\n\t\t<\/div>\n\t\t\t\t\t\t\t<\/div>\n\t\t<\/section>\n\t\t\t\t\t\t<\/div>\n\t\t\t\t\t<\/div>\n\t\t","protected":false},"excerpt":{"rendered":"<p>Emploi du temps D\u00e9partement de Biologie Retour Semestre 1 2021-2022 Licence L1&nbsp;: TC SNV L2&nbsp;: T.C Ecologie et environnement&nbsp; &nbsp; L2&nbsp;: T.C Sciences alimentaires&nbsp; L2&nbsp;: T.C Sciences biologiques&nbsp; &nbsp; L3&nbsp;: Alimentation, Nutrition et Pathologie L3&nbsp;: Analyse biochimique&nbsp;&nbsp; L3&nbsp;: Ecologie et environnement&nbsp; &nbsp; L3 : Microbiologie Master Master 1 : Biochimie appliqu\u00e9e Master 1 : Biotechnologie &hellip;<\/p>\n<p class=\"read-more\"> <a class=\"\" href=\"https:\/\/www.univ-mascara.dz\/fsecg\/?page_id=4531\"> <span class=\"screen-reader-text\">Emploi-du-temps- Sciences Commerciales<\/span> Lire la suite\u00a0\u00bb<\/a><\/p>\n","protected":false},"author":3,"featured_media":0,"parent":0,"menu_order":0,"comment_status":"closed","ping_status":"closed","template":"","meta":[],"_links":{"self":[{"href":"https:\/\/www.univ-mascara.dz\/fsecg\/index.php?rest_route=\/wp\/v2\/pages\/4531"}],"collection":[{"href":"https:\/\/www.univ-mascara.dz\/fsecg\/index.php?rest_route=\/wp\/v2\/pages"}],"about":[{"href":"https:\/\/www.univ-mascara.dz\/fsecg\/index.php?rest_route=\/wp\/v2\/types\/page"}],"author":[{"embeddable":true,"href":"https:\/\/www.univ-mascara.dz\/fsecg\/index.php?rest_route=\/wp\/v2\/users\/3"}],"replies":[{"embeddable":true,"href":"https:\/\/www.univ-mascara.dz\/fsecg\/index.php?rest_route=%2Fwp%2Fv2%2Fcomments&post=4531"}],"version-history":[{"count":17,"href":"https:\/\/www.univ-mascara.dz\/fsecg\/index.php?rest_route=\/wp\/v2\/pages\/4531\/revisions"}],"predecessor-version":[{"id":8354,"href":"https:\/\/www.univ-mascara.dz\/fsecg\/index.php?rest_route=\/wp\/v2\/pages\/4531\/revisions\/8354"}],"wp:attachment":[{"href":"https:\/\/www.univ-mascara.dz\/fsecg\/index.php?rest_route=%2Fwp%2Fv2%2Fmedia&parent=4531"}],"curies":[{"name":"wp","href":"https:\/\/api.w.org\/{rel}","templated":true}]}}