{"id":5890,"date":"2022-02-13T10:58:23","date_gmt":"2022-02-13T09:58:23","guid":{"rendered":"http:\/\/nv.univ-mascara.dz\/fsnv\/?page_id=5890"},"modified":"2026-01-14T11:39:32","modified_gmt":"2026-01-14T10:39:32","slug":"%d8%a7%d8%b7%d8%b1%d9%88%d8%ad%d8%a9-%d8%a7%d9%84%d8%af%d9%83%d8%aa%d9%88%d8%b1%d8%a7%d9%87","status":"publish","type":"page","link":"https:\/\/www.univ-mascara.dz\/fsecg\/?page_id=5890&lang=ar","title":{"rendered":"\u0627\u0637\u0631\u0648\u062d\u0629 \u0627\u0644\u062f\u0643\u062a\u0648\u0631\u0627\u0647"},"content":{"rendered":"\t\t<div data-elementor-type=\"wp-page\" data-elementor-id=\"5890\" class=\"elementor elementor-5890\" data-elementor-settings=\"[]\">\n\t\t\t\t\t\t\t<div class=\"elementor-section-wrap\">\n\t\t\t\t\t\t\t<section class=\"elementor-section elementor-top-section elementor-element elementor-element-c96a11b elementor-section-height-min-height elementor-section-boxed elementor-section-height-default elementor-section-items-middle\" data-id=\"c96a11b\" data-element_type=\"section\" data-settings=\"{&quot;background_background&quot;:&quot;classic&quot;}\">\n\t\t\t\t\t\t\t<div class=\"elementor-background-overlay\"><\/div>\n\t\t\t\t\t\t\t<div class=\"elementor-container elementor-column-gap-default\">\n\t\t\t\t\t<div class=\"elementor-column elementor-col-100 elementor-top-column elementor-element elementor-element-c749ebc\" data-id=\"c749ebc\" data-element_type=\"column\">\n\t\t\t<div class=\"elementor-widget-wrap elementor-element-populated\">\n\t\t\t\t\t\t\t\t<div class=\"elementor-element elementor-element-a5df07b elementor-widget elementor-widget-heading\" data-id=\"a5df07b\" data-element_type=\"widget\" data-widget_type=\"heading.default\">\n\t\t\t\t<div class=\"elementor-widget-container\">\n\t\t\t<p class=\"elementor-heading-title elementor-size-small\"><br><br> \u0623\u0637\u0640\u0640\u0640\u0631\u0648\u062d\u0640\u0640\u0640\u0640\u0640\u0640\u0629 \u0627\u0644\u062f\u0643\u062a\u0648\u0631\u0627\u0647\n<\/p>\t\t<\/div>\n\t\t\t\t<\/div>\n\t\t\t\t<div class=\"elementor-element elementor-element-65b6ff0 elementor-widget-divider--view-line elementor-widget elementor-widget-divider\" data-id=\"65b6ff0\" data-element_type=\"widget\" data-widget_type=\"divider.default\">\n\t\t\t\t<div class=\"elementor-widget-container\">\n\t\t\t\t\t<div class=\"elementor-divider\">\n\t\t\t<span class=\"elementor-divider-separator\">\n\t\t\t\t\t\t<\/span>\n\t\t<\/div>\n\t\t\t\t<\/div>\n\t\t\t\t<\/div>\n\t\t\t\t\t<\/div>\n\t\t<\/div>\n\t\t\t\t\t\t\t<\/div>\n\t\t<\/section>\n\t\t\t\t<section class=\"elementor-section elementor-top-section elementor-element elementor-element-099e6a7 elementor-section-height-min-height elementor-section-content-middle elementor-section-boxed elementor-section-height-default elementor-section-items-middle\" data-id=\"099e6a7\" data-element_type=\"section\" data-settings=\"{&quot;background_background&quot;:&quot;classic&quot;}\">\n\t\t\t\t\t\t<div class=\"elementor-container elementor-column-gap-default\">\n\t\t\t\t\t<div class=\"elementor-column elementor-col-100 elementor-top-column elementor-element elementor-element-531a79b\" data-id=\"531a79b\" data-element_type=\"column\">\n\t\t\t<div class=\"elementor-widget-wrap elementor-element-populated\">\n\t\t\t\t\t\t\t\t<div class=\"elementor-element elementor-element-96e3c79 elementor-widget elementor-widget-image\" data-id=\"96e3c79\" data-element_type=\"widget\" data-widget_type=\"image.default\">\n\t\t\t\t<div class=\"elementor-widget-container\">\n\t\t\t\t\t\t\t\t\t\t\t\t<figure class=\"wp-caption\">\n\t\t\t\t\t\t\t\t\t\t<img width=\"735\" height=\"400\" src=\"https:\/\/www.univ-mascara.dz\/fsecg\/wp-content\/uploads\/2021\/09\/insdocs.jpg\" class=\"attachment-full size-full\" alt=\"\" decoding=\"async\" loading=\"lazy\" srcset=\"https:\/\/www.univ-mascara.dz\/fsecg\/wp-content\/uploads\/2021\/09\/insdocs.jpg 735w, https:\/\/www.univ-mascara.dz\/fsecg\/wp-content\/uploads\/2021\/09\/insdocs-300x163.jpg 300w\" sizes=\"(max-width: 735px) 100vw, 735px\" \/>\t\t\t\t\t\t\t\t\t\t\t<figcaption class=\"widget-image-caption wp-caption-text\"><\/figcaption>\n\t\t\t\t\t\t\t\t\t\t<\/figure>\n\t\t\t\t\t\t\t\t\t<\/div>\n\t\t\t\t<\/div>\n\t\t\t\t<div class=\"elementor-element elementor-element-6e53c35 elementor-widget elementor-widget-heading\" data-id=\"6e53c35\" data-element_type=\"widget\" data-widget_type=\"heading.default\">\n\t\t\t\t<div class=\"elementor-widget-container\">\n\t\t\t<div class=\"elementor-heading-title elementor-size-small\">\u0623\u0637\u0631\u0648\u062d\u0629 \u0627\u0644\u062f\u0643\u062a\u0648\u0631\u0627\u0647<\/div>\t\t<\/div>\n\t\t\t\t<\/div>\n\t\t\t\t<div class=\"elementor-element elementor-element-5d08054 elementor-widget-divider--view-line elementor-widget elementor-widget-divider\" data-id=\"5d08054\" data-element_type=\"widget\" data-widget_type=\"divider.default\">\n\t\t\t\t<div class=\"elementor-widget-container\">\n\t\t\t\t\t<div class=\"elementor-divider\">\n\t\t\t<span class=\"elementor-divider-separator\">\n\t\t\t\t\t\t<\/span>\n\t\t<\/div>\n\t\t\t\t<\/div>\n\t\t\t\t<\/div>\n\t\t\t\t<div class=\"elementor-element elementor-element-57ad54c elementor-widget elementor-widget-toggle\" data-id=\"57ad54c\" data-element_type=\"widget\" data-widget_type=\"toggle.default\">\n\t\t\t\t<div class=\"elementor-widget-container\">\n\t\t\t\t\t<div class=\"elementor-toggle\" role=\"tablist\">\n\t\t\t\t\t\t\t<div class=\"elementor-toggle-item\">\n\t\t\t\t\t<div id=\"elementor-tab-title-9191\" class=\"elementor-tab-title\" data-tab=\"1\" role=\"tab\" aria-controls=\"elementor-tab-content-9191\" aria-expanded=\"false\">\n\t\t\t\t\t\t\t\t\t\t\t\t<span class=\"elementor-toggle-icon elementor-toggle-icon-left\" aria-hidden=\"true\">\n\t\t\t\t\t\t\t\t\t\t\t\t\t\t\t<span class=\"elementor-toggle-icon-closed\"><i class=\"fas fa-caret-right\"><\/i><\/span>\n\t\t\t\t\t\t\t\t<span class=\"elementor-toggle-icon-opened\"><i class=\"elementor-toggle-icon-opened fas fa-caret-up\"><\/i><\/span>\n\t\t\t\t\t\t\t\t\t\t\t\t\t<\/span>\n\t\t\t\t\t\t\t\t\t\t\t\t<a href=\"\" class=\"elementor-toggle-title\">\u0645\u0644\u0641 \u0627\u0637\u0631\u0648\u062d\u0629 \u0627\u0644\u062f\u0643\u062a\u0648\u0631\u0627\u0647 \u0627\u0644\u0637\u0648\u0631 \u0627\u0644\u062b\u0627\u0644\u062b \u0642\u0628\u0644 2016<\/a>\n\t\t\t\t\t<\/div>\n\t\t\t\t\t<div id=\"elementor-tab-content-9191\" class=\"elementor-tab-content elementor-clearfix\" data-tab=\"1\" role=\"tabpanel\" aria-labelledby=\"elementor-tab-title-9191\"><ul><li>Th\u00e8se<\/li><li>Pi\u00e8ces justificatives (Publication, Communication, \u2026)<\/li><li>Proposition de jury \u00e9tablit par le responsable du CFD<\/li><li>Annexe 1 Rapport de soutenabilit\u00e9 du directeur de la th\u00e8se\u00a0\u00a0<\/li><li>Annexe 2 Rapport sur la publication, son environnement\u00a0<\/li><li>Annexe 3 Attestation d\u2019inscription r\u00e9guli\u00e8re en doctorat 3<sup>\u00e8me<\/sup> cycle\u00a0<\/li><li>Attestations d\u2019inscription\u00a0\u00a0<\/li><\/ul><\/div>\n\t\t\t\t<\/div>\n\t\t\t\t\t\t\t\t<\/div>\n\t\t\t\t<\/div>\n\t\t\t\t<\/div>\n\t\t\t\t<div class=\"elementor-element elementor-element-cb5d798 elementor-widget elementor-widget-toggle\" data-id=\"cb5d798\" data-element_type=\"widget\" data-widget_type=\"toggle.default\">\n\t\t\t\t<div class=\"elementor-widget-container\">\n\t\t\t\t\t<div class=\"elementor-toggle\" role=\"tablist\">\n\t\t\t\t\t\t\t<div class=\"elementor-toggle-item\">\n\t\t\t\t\t<div id=\"elementor-tab-title-2131\" class=\"elementor-tab-title\" data-tab=\"1\" role=\"tab\" aria-controls=\"elementor-tab-content-2131\" aria-expanded=\"false\">\n\t\t\t\t\t\t\t\t\t\t\t\t<span class=\"elementor-toggle-icon elementor-toggle-icon-left\" aria-hidden=\"true\">\n\t\t\t\t\t\t\t\t\t\t\t\t\t\t\t<span class=\"elementor-toggle-icon-closed\"><i class=\"fas fa-caret-right\"><\/i><\/span>\n\t\t\t\t\t\t\t\t<span class=\"elementor-toggle-icon-opened\"><i class=\"elementor-toggle-icon-opened fas fa-caret-up\"><\/i><\/span>\n\t\t\t\t\t\t\t\t\t\t\t\t\t<\/span>\n\t\t\t\t\t\t\t\t\t\t\t\t<a href=\"\" class=\"elementor-toggle-title\">\u0645\u0644\u0641 \u0627\u0637\u0631\u0648\u062d\u0629 \u0627\u0644\u062f\u0643\u062a\u0648\u0631\u0627\u0647  \u0627\u0644\u0637\u0648\u0631 \u0627\u0644\u062b\u0627\u0644\u062b \u0628\u0639\u062f 2016<\/a>\n\t\t\t\t\t<\/div>\n\t\t\t\t\t<div id=\"elementor-tab-content-2131\" class=\"elementor-tab-content elementor-clearfix\" data-tab=\"1\" role=\"tabpanel\" aria-labelledby=\"elementor-tab-title-2131\"><ul><li>Th\u00e8se<\/li><li>Carnet du doctorant<\/li><li>Pi\u00e8ces justificatives (Publication, Communication, \u2026)<\/li><li>Proposition de jury \u00e9tablit par le responsable du CFD<\/li><li>Annexe 1 Rapport de soutenabilit\u00e9 du directeur de la th\u00e8se\u00a0<\/li><li>Annexe 2 Rapport sur la publication, son environnement\u00a0\u00a0<\/li><li>Annexe 3 Attestation d\u2019inscription r\u00e9guli\u00e8re en doctorat 3\u00e8me cycle\u00a0\u00a0<\/li><li>Rapport de validation des 180 points\u00a0<\/li><li>Attestations d\u2019inscription\u00a0\u00a0<\/li><\/ul><\/div>\n\t\t\t\t<\/div>\n\t\t\t\t\t\t\t\t<\/div>\n\t\t\t\t<\/div>\n\t\t\t\t<\/div>\n\t\t\t\t<div class=\"elementor-element elementor-element-8f64aa2 elementor-widget elementor-widget-toggle\" data-id=\"8f64aa2\" data-element_type=\"widget\" data-widget_type=\"toggle.default\">\n\t\t\t\t<div class=\"elementor-widget-container\">\n\t\t\t\t\t<div class=\"elementor-toggle\" role=\"tablist\">\n\t\t\t\t\t\t\t<div class=\"elementor-toggle-item\">\n\t\t\t\t\t<div id=\"elementor-tab-title-1501\" class=\"elementor-tab-title\" data-tab=\"1\" role=\"tab\" aria-controls=\"elementor-tab-content-1501\" aria-expanded=\"false\">\n\t\t\t\t\t\t\t\t\t\t\t\t<span class=\"elementor-toggle-icon elementor-toggle-icon-left\" aria-hidden=\"true\">\n\t\t\t\t\t\t\t\t\t\t\t\t\t\t\t<span class=\"elementor-toggle-icon-closed\"><i class=\"fas fa-caret-right\"><\/i><\/span>\n\t\t\t\t\t\t\t\t<span class=\"elementor-toggle-icon-opened\"><i class=\"elementor-toggle-icon-opened fas fa-caret-up\"><\/i><\/span>\n\t\t\t\t\t\t\t\t\t\t\t\t\t<\/span>\n\t\t\t\t\t\t\t\t\t\t\t\t<a href=\"\" class=\"elementor-toggle-title\">\u0645\u0644\u0641 \u0627\u0637\u0631\u0648\u062d\u0629 \u0627\u0644\u062f\u0643\u062a\u0648\u0631\u0627\u0647 \u0639\u0644\u0648\u0645 <\/a>\n\t\t\t\t\t<\/div>\n\t\t\t\t\t<div id=\"elementor-tab-content-1501\" class=\"elementor-tab-content elementor-clearfix\" data-tab=\"1\" role=\"tabpanel\" aria-labelledby=\"elementor-tab-title-1501\"><ul><li>Th\u00e8se<\/li><li>Pi\u00e8ces justificatives (Publication, Communication, \u2026)<\/li><li>Annexe 1 Rapport de soutenabilit\u00e9 du directeur de la th\u00e8se\u00a0\u00a0<\/li><li>Annexe 2 Rapport sur la publication, son environnement\u00a0\u00a0<\/li><li>Annexe 3 Attestation d\u2019inscription r\u00e9guli\u00e8re en doctorat en sciences\u00a0\u00a0<\/li><li>Proposition de jury<\/li><li>Attestations d\u2019inscription\u00a0\u00a0<\/li><\/ul><\/div>\n\t\t\t\t<\/div>\n\t\t\t\t\t\t\t\t<\/div>\n\t\t\t\t<\/div>\n\t\t\t\t<\/div>\n\t\t\t\t<div class=\"elementor-element elementor-element-644de64 elementor-widget elementor-widget-toggle\" data-id=\"644de64\" data-element_type=\"widget\" data-widget_type=\"toggle.default\">\n\t\t\t\t<div class=\"elementor-widget-container\">\n\t\t\t\t\t<div class=\"elementor-toggle\" role=\"tablist\">\n\t\t\t\t\t\t\t<div class=\"elementor-toggle-item\">\n\t\t\t\t\t<div id=\"elementor-tab-title-1051\" class=\"elementor-tab-title\" data-tab=\"1\" role=\"tab\" aria-controls=\"elementor-tab-content-1051\" aria-expanded=\"false\">\n\t\t\t\t\t\t\t\t\t\t\t\t<span class=\"elementor-toggle-icon elementor-toggle-icon-left\" aria-hidden=\"true\">\n\t\t\t\t\t\t\t\t\t\t\t\t\t\t\t<span class=\"elementor-toggle-icon-closed\"><i class=\"fas fa-caret-right\"><\/i><\/span>\n\t\t\t\t\t\t\t\t<span class=\"elementor-toggle-icon-opened\"><i class=\"elementor-toggle-icon-opened fas fa-caret-up\"><\/i><\/span>\n\t\t\t\t\t\t\t\t\t\t\t\t\t<\/span>\n\t\t\t\t\t\t\t\t\t\t\t\t<a href=\"\" class=\"elementor-toggle-title\">\u062a\u0633\u064a\u0631 \u0627\u0637\u0631\u0648\u062d\u0629 \u0627\u0644\u062f\u0643\u062a\u0648\u0631\u0627\u0647 \u0639\u0644\u0648\u0645 \u0648 \u0627\u0644\u0637\u0648\u0631 \u0627\u0644\u062b\u0627\u0644\u062b <\/a>\n\t\t\t\t\t<\/div>\n\t\t\t\t\t<div id=\"elementor-tab-content-1051\" class=\"elementor-tab-content elementor-clearfix\" data-tab=\"1\" role=\"tabpanel\" aria-labelledby=\"elementor-tab-title-1051\"><ul><li>Annexe 5 Rapport d&rsquo;expertise (Tous les membres du Jury) (\u00a0<strong>\u00a0 Doctorat 3\u00e8me cycle<\/strong> ,<strong>\u00a0doctorat es Sciences<\/strong>\u00a0)<\/li><li>Rapport d&rsquo;expertise Final (Pour\u00a0 le Pr\u00e9sident)( \u00a0 <strong>Doctorat 3\u00e8me cycle<\/strong> ,\u00a0 \u00a0 <strong>\u00a0 doctorat es Sciences<\/strong>\u00a0)<\/li><li>l&rsquo;annexe 6 : lev\u00e9e de r\u00e9serves (en PJ) \u00a0<strong>\u00a0<\/strong> \u00a0<\/li><\/ul><\/div>\n\t\t\t\t<\/div>\n\t\t\t\t\t\t\t\t<\/div>\n\t\t\t\t<\/div>\n\t\t\t\t<\/div>\n\t\t\t\t<div class=\"elementor-element elementor-element-c7d00d2 elementor-widget elementor-widget-toggle\" data-id=\"c7d00d2\" data-element_type=\"widget\" data-widget_type=\"toggle.default\">\n\t\t\t\t<div class=\"elementor-widget-container\">\n\t\t\t\t\t<div class=\"elementor-toggle\" role=\"tablist\">\n\t\t\t\t\t\t\t<div class=\"elementor-toggle-item\">\n\t\t\t\t\t<div id=\"elementor-tab-title-2091\" class=\"elementor-tab-title\" data-tab=\"1\" role=\"tab\" aria-controls=\"elementor-tab-content-2091\" aria-expanded=\"false\">\n\t\t\t\t\t\t\t\t\t\t\t\t<span class=\"elementor-toggle-icon elementor-toggle-icon-left\" aria-hidden=\"true\">\n\t\t\t\t\t\t\t\t\t\t\t\t\t\t\t<span class=\"elementor-toggle-icon-closed\"><i class=\"fas fa-caret-right\"><\/i><\/span>\n\t\t\t\t\t\t\t\t<span class=\"elementor-toggle-icon-opened\"><i class=\"elementor-toggle-icon-opened fas fa-caret-up\"><\/i><\/span>\n\t\t\t\t\t\t\t\t\t\t\t\t\t<\/span>\n\t\t\t\t\t\t\t\t\t\t\t\t<a href=\"\" class=\"elementor-toggle-title\">\u0645\u0644\u0641\u0627\u062a \u0644\u0644\u062a\u062d\u0645\u064a\u0644<\/a>\n\t\t\t\t\t<\/div>\n\t\t\t\t\t<div id=\"elementor-tab-content-2091\" class=\"elementor-tab-content elementor-clearfix\" data-tab=\"1\" role=\"tabpanel\" aria-labelledby=\"elementor-tab-title-2091\"><ul><li><span class=\"elementor-icon-list-text\">\u0648\u0627\u062c\u0647\u0629 \u0623\u0637\u0631\u0648\u062d\u0629 \u0627\u0644\u062f\u0643\u062a\u0648\u0631\u0627\u0647<a href=\"https:\/\/www.univ-mascara.dz\/wp-content\/uploads\/2025\/10\/pagedegarde_Doctorat.doc\"><strong>Word<\/strong><\/a><\/span><\/li><li class=\"elementor-divider\"><span class=\"elementor-icon-list-text\">\u0645\u0644\u062d\u0642\u00a0 (\u0627\u0633\u062a\u0645\u0627\u0631\u0629 \u062a\u0642\u0631\u064a\u0631 \u062e\u0628\u0631\u0629)\u00a0<\/span>\u0641\u0631\u0646\u0633\u064a\u0629<strong><a href=\"https:\/\/www.univ-mascara.dz\/wp-content\/uploads\/2025\/10\/Annexes_Fr.docx\">Word<\/a>\u00a0<\/strong>\u060c \u0628\u0627\u0644\u0639\u0631\u0628\u064a\u0629\u00a0<a href=\"https:\/\/www.univ-mascara.dz\/wp-content\/uploads\/2025\/10\/Annexes_Ar.docx\"><strong>Word<\/strong><\/a><\/li><li class=\"elementor-divider\"><span class=\"elementor-icon-list-text\">\u062a\u0642\u0631\u064a\u0631 \u062e\u0628\u0631\u0629 \u0646\u0647\u0627\u0626\u064a \u0644\u0644\u062f\u0643\u062a\u0648\u0631\u0627\u0647<a href=\"https:\/\/www.univ-mascara.dz\/wp-content\/uploads\/2025\/10\/Rapport_Final_Expertise.doc\"><strong>Word<\/strong><\/a><\/span><\/li><li><span class=\"elementor-icon-list-text\">\u062a\u0642\u0631\u064a\u0631 \u062a\u062d\u0635\u064a\u0644 180 \u0646\u0642\u0637\u0629 (\u062e\u0627\u0635 \u0628\u0627\u0644\u0637\u0644\u0628\u0629 \u0627\u0644\u0645\u0633\u062c\u0644\u064a\u0646 \u0628\u0639\u062f 2016)<a href=\"https:\/\/www.univ-mascara.dz\/wp-content\/uploads\/2025\/10\/Rapport_validation_180p.docx\"><strong>Word<\/strong><\/a><\/span><\/li><\/ul><\/div>\n\t\t\t\t<\/div>\n\t\t\t\t\t\t\t\t<\/div>\n\t\t\t\t<\/div>\n\t\t\t\t<\/div>\n\t\t\t\t\t<\/div>\n\t\t<\/div>\n\t\t\t\t\t\t\t<\/div>\n\t\t<\/section>\n\t\t\t\t<section class=\"elementor-section elementor-top-section elementor-element elementor-element-773c20b elementor-section-boxed elementor-section-height-default elementor-section-height-default\" data-id=\"773c20b\" data-element_type=\"section\" data-settings=\"{&quot;background_background&quot;:&quot;classic&quot;}\">\n\t\t\t\t\t\t<div class=\"elementor-container elementor-column-gap-default\">\n\t\t\t\t\t<div class=\"elementor-column elementor-col-100 elementor-top-column elementor-element elementor-element-b3a3e20\" data-id=\"b3a3e20\" data-element_type=\"column\">\n\t\t\t<div class=\"elementor-widget-wrap elementor-element-populated\">\n\t\t\t\t\t\t\t\t<div class=\"elementor-element elementor-element-342ed7e elementor-widget-divider--view-line_text elementor-widget-divider--element-align-center elementor-widget elementor-widget-divider\" data-id=\"342ed7e\" data-element_type=\"widget\" data-widget_type=\"divider.default\">\n\t\t\t\t<div class=\"elementor-widget-container\">\n\t\t\t\t\t<div class=\"elementor-divider\">\n\t\t\t<span class=\"elementor-divider-separator\">\n\t\t\t\t\t\t\t<span class=\"elementor-divider__text elementor-divider__element\">\u0625\u062a\u0635\u0644 \u0628\u0646\u0627 <\/span>\n\t\t\t\t\t\t<\/span>\n\t\t<\/div>\n\t\t\t\t<\/div>\n\t\t\t\t<\/div>\n\t\t\t\t\t<\/div>\n\t\t<\/div>\n\t\t\t\t\t\t\t<\/div>\n\t\t<\/section>\n\t\t\t\t<section class=\"elementor-section elementor-top-section elementor-element elementor-element-83d6205 elementor-section-boxed elementor-section-height-default elementor-section-height-default\" data-id=\"83d6205\" data-element_type=\"section\" data-settings=\"{&quot;background_background&quot;:&quot;classic&quot;}\">\n\t\t\t\t\t\t\t<div class=\"elementor-background-overlay\"><\/div>\n\t\t\t\t\t\t\t<div class=\"elementor-container elementor-column-gap-default\">\n\t\t\t\t\t<div class=\"elementor-column elementor-col-100 elementor-top-column elementor-element elementor-element-cc27471\" data-id=\"cc27471\" data-element_type=\"column\">\n\t\t\t<div class=\"elementor-widget-wrap elementor-element-populated\">\n\t\t\t\t\t\t\t\t<div class=\"elementor-element elementor-element-5fdba22 elementor-widget elementor-widget-heading\" data-id=\"5fdba22\" data-element_type=\"widget\" data-widget_type=\"heading.default\">\n\t\t\t\t<div class=\"elementor-widget-container\">\n\t\t\t<p class=\"elementor-heading-title elementor-size-large\">\u0646\u0627\u0626\u0628 \u0627\u0644\u0639\u0645\u064a\u062f \u0627\u0644\u0645\u0643\u0644\u0641 \u0628\u0645\u0627 \u0628\u0639\u062f \u0627\u0644\u062a\u062f\u0631\u062c \u0648 \u0627\u0644\u0628\u062d\u062b \u0627\u0644\u0639\u0644\u0645\u064a \u0648 \u0627\u0644\u0639\u0644\u0627\u0642\u0627\u062a \u0627\u0644\u062e\u0627\u0631\u062c\u064a\u0629<\/p>\t\t<\/div>\n\t\t\t\t<\/div>\n\t\t\t\t<div class=\"elementor-element elementor-element-9092a23 elementor-widget elementor-widget-heading\" data-id=\"9092a23\" data-element_type=\"widget\" data-widget_type=\"heading.default\">\n\t\t\t\t<div class=\"elementor-widget-container\">\n\t\t\t<p class=\"elementor-heading-title elementor-size-large\">eco_vicedoyen_pg@univ-mascara.dz<\/p>\t\t<\/div>\n\t\t\t\t<\/div>\n\t\t\t\t\t<\/div>\n\t\t<\/div>\n\t\t\t\t\t\t\t<\/div>\n\t\t<\/section>\n\t\t\t\t\t\t<\/div>\n\t\t\t\t\t<\/div>\n\t\t","protected":false},"excerpt":{"rendered":"<p>\u0623\u0637\u0640\u0640\u0640\u0631\u0648\u062d\u0640\u0640\u0640\u0640\u0640\u0640\u0629 \u0627\u0644\u062f\u0643\u062a\u0648\u0631\u0627\u0647 \u0623\u0637\u0631\u0648\u062d\u0629 \u0627\u0644\u062f\u0643\u062a\u0648\u0631\u0627\u0647 \u0645\u0644\u0641 \u0627\u0637\u0631\u0648\u062d\u0629 \u0627\u0644\u062f\u0643\u062a\u0648\u0631\u0627\u0647 \u0627\u0644\u0637\u0648\u0631 \u0627\u0644\u062b\u0627\u0644\u062b \u0642\u0628\u0644 2016 Th\u00e8se Pi\u00e8ces justificatives (Publication, Communication, \u2026) Proposition de jury \u00e9tablit par le responsable du CFD Annexe 1 Rapport de soutenabilit\u00e9 du directeur de la th\u00e8se\u00a0\u00a0 Annexe 2 Rapport sur la publication, son environnement\u00a0 Annexe 3 Attestation d\u2019inscription r\u00e9guli\u00e8re en doctorat 3\u00e8me cycle\u00a0 Attestations d\u2019inscription\u00a0\u00a0 &hellip;<\/p>\n<p class=\"read-more\"> <a class=\"\" href=\"https:\/\/www.univ-mascara.dz\/fsecg\/?page_id=5890&#038;lang=ar\"> <span class=\"screen-reader-text\">\u0627\u0637\u0631\u0648\u062d\u0629 \u0627\u0644\u062f\u0643\u062a\u0648\u0631\u0627\u0647<\/span> Lire la suite\u00a0\u00bb<\/a><\/p>\n","protected":false},"author":3,"featured_media":0,"parent":0,"menu_order":0,"comment_status":"closed","ping_status":"closed","template":"","meta":[],"_links":{"self":[{"href":"https:\/\/www.univ-mascara.dz\/fsecg\/index.php?rest_route=\/wp\/v2\/pages\/5890"}],"collection":[{"href":"https:\/\/www.univ-mascara.dz\/fsecg\/index.php?rest_route=\/wp\/v2\/pages"}],"about":[{"href":"https:\/\/www.univ-mascara.dz\/fsecg\/index.php?rest_route=\/wp\/v2\/types\/page"}],"author":[{"embeddable":true,"href":"https:\/\/www.univ-mascara.dz\/fsecg\/index.php?rest_route=\/wp\/v2\/users\/3"}],"replies":[{"embeddable":true,"href":"https:\/\/www.univ-mascara.dz\/fsecg\/index.php?rest_route=%2Fwp%2Fv2%2Fcomments&post=5890"}],"version-history":[{"count":50,"href":"https:\/\/www.univ-mascara.dz\/fsecg\/index.php?rest_route=\/wp\/v2\/pages\/5890\/revisions"}],"predecessor-version":[{"id":13085,"href":"https:\/\/www.univ-mascara.dz\/fsecg\/index.php?rest_route=\/wp\/v2\/pages\/5890\/revisions\/13085"}],"wp:attachment":[{"href":"https:\/\/www.univ-mascara.dz\/fsecg\/index.php?rest_route=%2Fwp%2Fv2%2Fmedia&parent=5890"}],"curies":[{"name":"wp","href":"https:\/\/api.w.org\/{rel}","templated":true}]}}