{"id":8399,"date":"2022-06-07T09:46:49","date_gmt":"2022-06-07T08:46:49","guid":{"rendered":"http:\/\/nv.univ-mascara.dz\/fsecg\/?page_id=8399"},"modified":"2023-04-20T10:24:51","modified_gmt":"2023-04-20T09:24:51","slug":"deliberation-gestion","status":"publish","type":"page","link":"https:\/\/www.univ-mascara.dz\/fsecg\/?page_id=8399","title":{"rendered":"d\u00e9lib\u00e9ration gestion"},"content":{"rendered":"\t\t<div data-elementor-type=\"wp-page\" data-elementor-id=\"8399\" class=\"elementor elementor-8399\" data-elementor-settings=\"[]\">\n\t\t\t\t\t\t\t<div class=\"elementor-section-wrap\">\n\t\t\t\t\t\t\t<section class=\"elementor-section elementor-top-section elementor-element elementor-element-4adf824 elementor-section-height-min-height elementor-section-boxed elementor-section-height-default elementor-section-items-middle\" data-id=\"4adf824\" data-element_type=\"section\" data-settings=\"{&quot;background_background&quot;:&quot;classic&quot;}\">\n\t\t\t\t\t\t\t<div class=\"elementor-background-overlay\"><\/div>\n\t\t\t\t\t\t\t<div class=\"elementor-container elementor-column-gap-default\">\n\t\t\t\t\t<div class=\"elementor-column elementor-col-100 elementor-top-column elementor-element elementor-element-ce5c863\" data-id=\"ce5c863\" data-element_type=\"column\">\n\t\t\t<div class=\"elementor-widget-wrap elementor-element-populated\">\n\t\t\t\t\t\t\t\t<div class=\"elementor-element elementor-element-8feb395 elementor-widget elementor-widget-heading\" data-id=\"8feb395\" data-element_type=\"widget\" data-widget_type=\"heading.default\">\n\t\t\t\t<div class=\"elementor-widget-container\">\n\t\t\t<span class=\"elementor-heading-title elementor-size-default\"><br><br> <br> D\u00e9lib\u00e9ration  <\/span>\t\t<\/div>\n\t\t\t\t<\/div>\n\t\t\t\t<div class=\"elementor-element elementor-element-54376e6 elementor-widget-divider--view-line elementor-widget elementor-widget-divider\" data-id=\"54376e6\" data-element_type=\"widget\" data-widget_type=\"divider.default\">\n\t\t\t\t<div class=\"elementor-widget-container\">\n\t\t\t\t\t<div class=\"elementor-divider\">\n\t\t\t<span class=\"elementor-divider-separator\">\n\t\t\t\t\t\t<\/span>\n\t\t<\/div>\n\t\t\t\t<\/div>\n\t\t\t\t<\/div>\n\t\t\t\t<div class=\"elementor-element elementor-element-ee962c6 elementor-widget elementor-widget-heading\" data-id=\"ee962c6\" data-element_type=\"widget\" data-widget_type=\"heading.default\">\n\t\t\t\t<div class=\"elementor-widget-container\">\n\t\t\t<span class=\"elementor-heading-title elementor-size-default\">D\u00e9partement des Sciences de Gestion<\/span>\t\t<\/div>\n\t\t\t\t<\/div>\n\t\t\t\t\t<\/div>\n\t\t<\/div>\n\t\t\t\t\t\t\t<\/div>\n\t\t<\/section>\n\t\t\t\t<section class=\"elementor-section elementor-top-section elementor-element elementor-element-32f4438 elementor-section-boxed elementor-section-height-default elementor-section-height-default\" data-id=\"32f4438\" data-element_type=\"section\" data-settings=\"{&quot;background_background&quot;:&quot;classic&quot;}\">\n\t\t\t\t\t\t<div class=\"elementor-container elementor-column-gap-default\">\n\t\t\t\t\t<div class=\"elementor-column elementor-col-100 elementor-top-column elementor-element elementor-element-ee305c6\" data-id=\"ee305c6\" data-element_type=\"column\">\n\t\t\t<div class=\"elementor-widget-wrap elementor-element-populated\">\n\t\t\t\t\t\t\t\t<section class=\"elementor-section elementor-inner-section elementor-element elementor-element-ea1391e elementor-section-boxed elementor-section-height-default elementor-section-height-default\" data-id=\"ea1391e\" data-element_type=\"section\">\n\t\t\t\t\t\t<div class=\"elementor-container elementor-column-gap-default\">\n\t\t\t\t\t<div class=\"elementor-column elementor-col-50 elementor-inner-column elementor-element elementor-element-57faac6\" data-id=\"57faac6\" data-element_type=\"column\">\n\t\t\t<div class=\"elementor-widget-wrap elementor-element-populated\">\n\t\t\t\t\t\t\t\t<div class=\"elementor-element elementor-element-a329def eael-tooltip-align-left elementor-widget elementor-widget-eael-tooltip\" data-id=\"a329def\" data-element_type=\"widget\" data-widget_type=\"eael-tooltip.default\">\n\t\t\t\t<div class=\"elementor-widget-container\">\n\t\t\t\t<div class=\"eael-tooltip\">\n\t\t\t\t\t<span class=\"eael-tooltip-content\"><a href=\"http:\/\/nv.univ-mascara.dz\/fsecg\/departement-gestion\/\"  rel=\"nofollow\" >\t\t\t\t\t\t\t\t\t\t\t\t<i class=\"fas fa-reply\"><\/i>\n\t\t\t\t\t\t\t\t\t\t<\/a><\/span>\n  \t\t\t<span class=\"eael-tooltip-text eael-tooltip-right\"><p>Retour<\/p><\/span>\n  \t\t\t<\/div>\n\t\t\t<\/div>\n\t\t\t\t<\/div>\n\t\t\t\t\t<\/div>\n\t\t<\/div>\n\t\t\t\t<div class=\"elementor-column elementor-col-50 elementor-inner-column elementor-element elementor-element-2150ff3\" data-id=\"2150ff3\" data-element_type=\"column\">\n\t\t\t<div class=\"elementor-widget-wrap elementor-element-populated\">\n\t\t\t\t\t\t\t\t<div class=\"elementor-element elementor-element-e456455 elementor-widget-divider--view-line_text elementor-widget-divider--element-align-center elementor-widget elementor-widget-divider\" data-id=\"e456455\" data-element_type=\"widget\" data-widget_type=\"divider.default\">\n\t\t\t\t<div class=\"elementor-widget-container\">\n\t\t\t\t\t<div class=\"elementor-divider\">\n\t\t\t<span class=\"elementor-divider-separator\">\n\t\t\t\t\t\t\t<h2 class=\"elementor-divider__text elementor-divider__element\"> 2022-2023<\/h2>\n\t\t\t\t\t\t<\/span>\n\t\t<\/div>\n\t\t\t\t<\/div>\n\t\t\t\t<\/div>\n\t\t\t\t\t<\/div>\n\t\t<\/div>\n\t\t\t\t\t\t\t<\/div>\n\t\t<\/section>\n\t\t\t\t\t<\/div>\n\t\t<\/div>\n\t\t\t\t\t\t\t<\/div>\n\t\t<\/section>\n\t\t\t\t<section class=\"elementor-section elementor-top-section elementor-element elementor-element-f16ad40 elementor-section-boxed elementor-section-height-default elementor-section-height-default\" data-id=\"f16ad40\" data-element_type=\"section\" data-settings=\"{&quot;background_background&quot;:&quot;classic&quot;}\">\n\t\t\t\t\t\t<div class=\"elementor-container elementor-column-gap-default\">\n\t\t\t\t\t<div class=\"elementor-column elementor-col-100 elementor-top-column elementor-element elementor-element-65b2d83\" data-id=\"65b2d83\" data-element_type=\"column\">\n\t\t\t<div class=\"elementor-widget-wrap elementor-element-populated\">\n\t\t\t\t\t\t\t\t<section class=\"elementor-section elementor-inner-section elementor-element elementor-element-9e37084 elementor-section-boxed elementor-section-height-default elementor-section-height-default\" data-id=\"9e37084\" data-element_type=\"section\">\n\t\t\t\t\t\t<div class=\"elementor-container elementor-column-gap-default\">\n\t\t\t\t\t<div class=\"elementor-column elementor-col-50 elementor-inner-column elementor-element elementor-element-8392302\" data-id=\"8392302\" data-element_type=\"column\">\n\t\t\t<div class=\"elementor-widget-wrap elementor-element-populated\">\n\t\t\t\t\t\t\t\t<div class=\"elementor-element elementor-element-dfa9edf elementor-widget elementor-widget-text-editor\" data-id=\"dfa9edf\" data-element_type=\"widget\" data-widget_type=\"text-editor.default\">\n\t\t\t\t<div class=\"elementor-widget-container\">\n\t\t\t\t\t\t\t\t<p style=\"text-align: center;\"><b>DEMANDE DE CONSULTATION<\/b><\/p>\t\t\t\t\t\t<\/div>\n\t\t\t\t<\/div>\n\t\t\t\t\t<\/div>\n\t\t<\/div>\n\t\t\t\t<div class=\"elementor-column elementor-col-50 elementor-inner-column elementor-element elementor-element-a7619f7\" data-id=\"a7619f7\" data-element_type=\"column\">\n\t\t\t<div class=\"elementor-widget-wrap elementor-element-populated\">\n\t\t\t\t\t\t\t\t<div class=\"elementor-element elementor-element-481b40b elementor-align-left elementor-widget elementor-widget-button\" data-id=\"481b40b\" data-element_type=\"widget\" data-widget_type=\"button.default\">\n\t\t\t\t<div class=\"elementor-widget-container\">\n\t\t\t\t\t<div class=\"elementor-button-wrapper\">\n\t\t\t<a href=\"https:\/\/docs.google.com\/forms\/d\/e\/1FAIpQLSfbP0lJBmWbuqmngOb0hUnFh49Pg01BZQ8Qr9l6fv6UNjyKHA\/viewform?usp=pp_url\" class=\"elementor-button-link elementor-button elementor-size-lg\" role=\"button\">\n\t\t\t\t\t\t<span class=\"elementor-button-content-wrapper\">\n\t\t\t\t\t\t<span class=\"elementor-button-text\">Cliquez ici<\/span>\n\t\t<\/span>\n\t\t\t\t\t<\/a>\n\t\t<\/div>\n\t\t\t\t<\/div>\n\t\t\t\t<\/div>\n\t\t\t\t\t<\/div>\n\t\t<\/div>\n\t\t\t\t\t\t\t<\/div>\n\t\t<\/section>\n\t\t\t\t\t<\/div>\n\t\t<\/div>\n\t\t\t\t\t\t\t<\/div>\n\t\t<\/section>\n\t\t\t\t<section class=\"elementor-section elementor-top-section elementor-element elementor-element-5c562b8 elementor-section-boxed elementor-section-height-default elementor-section-height-default\" data-id=\"5c562b8\" data-element_type=\"section\" data-settings=\"{&quot;background_background&quot;:&quot;classic&quot;}\">\n\t\t\t\t\t\t<div class=\"elementor-container elementor-column-gap-default\">\n\t\t\t\t\t<div class=\"elementor-column elementor-col-100 elementor-top-column elementor-element elementor-element-4baf570\" data-id=\"4baf570\" data-element_type=\"column\">\n\t\t\t<div class=\"elementor-widget-wrap elementor-element-populated\">\n\t\t\t\t\t\t\t\t<div class=\"elementor-element elementor-element-1a99f01 elementor-widget-divider--view-line_text elementor-widget-divider--element-align-center elementor-widget elementor-widget-divider\" data-id=\"1a99f01\" data-element_type=\"widget\" data-widget_type=\"divider.default\">\n\t\t\t\t<div class=\"elementor-widget-container\">\n\t\t\t\t\t<div class=\"elementor-divider\">\n\t\t\t<span class=\"elementor-divider-separator\">\n\t\t\t\t\t\t\t<h2 class=\"elementor-divider__text elementor-divider__element\">Licence <\/h2>\n\t\t\t\t\t\t<\/span>\n\t\t<\/div>\n\t\t\t\t<\/div>\n\t\t\t\t<\/div>\n\t\t\t\t<div class=\"elementor-element elementor-element-f629744 elementor-widget elementor-widget-text-editor\" data-id=\"f629744\" data-element_type=\"widget\" data-widget_type=\"text-editor.default\">\n\t\t\t\t<div class=\"elementor-widget-container\">\n\t\t\t\t\t\t\t\t<p>L2 Sciences\u00a0 de Gestion [ <a href=\"\/fsecg\/wp-content\/uploads\/2023\/02\/Affichage-L2_Sciences-de-Gestion_S3.pdf\">Notes Examen S 3<\/a>]<\/p><p><span style=\"font-size: 16px; font-style: normal; font-weight: 400;\">L3\u00a0 Mangement\u00a0 des ressources humaines [ <a href=\"\/fsecg\/wp-content\/uploads\/2023\/02\/Affichage-L3_Management-des-Ressources-Humaines_S5-1.pdf\">Notes Examen S 5<\/a>] mise \u00e0 jour le 27\/02\/2023<\/span><\/p><p>L3 Entreprenariat\u00a0 \u00a0business Project management\u00a0 [ <a href=\"\/fsecg\/wp-content\/uploads\/2023\/02\/Affichage-L3_Entrepreneuriat_S5.pdf\">Notes Examen S 5<\/a>]<\/p><p>L3 Management [<a href=\"\/fsecg\/wp-content\/uploads\/2023\/02\/Affichage-L3_Management_S5-1.pdf\"> Notes Examen S 5<\/a>] mise \u00e0 jour le 27\/02\/2023<\/p>\t\t\t\t\t\t<\/div>\n\t\t\t\t<\/div>\n\t\t\t\t\t<\/div>\n\t\t<\/div>\n\t\t\t\t\t\t\t<\/div>\n\t\t<\/section>\n\t\t\t\t<section class=\"elementor-section elementor-top-section elementor-element elementor-element-6e30c37 elementor-section-boxed elementor-section-height-default elementor-section-height-default\" data-id=\"6e30c37\" data-element_type=\"section\" data-settings=\"{&quot;background_background&quot;:&quot;classic&quot;}\">\n\t\t\t\t\t\t<div class=\"elementor-container elementor-column-gap-default\">\n\t\t\t\t\t<div class=\"elementor-column elementor-col-100 elementor-top-column elementor-element elementor-element-956506a\" data-id=\"956506a\" data-element_type=\"column\">\n\t\t\t<div class=\"elementor-widget-wrap elementor-element-populated\">\n\t\t\t\t\t\t\t\t<div class=\"elementor-element elementor-element-b02ca69 elementor-widget-divider--view-line_text elementor-widget-divider--element-align-center elementor-widget elementor-widget-divider\" data-id=\"b02ca69\" data-element_type=\"widget\" data-widget_type=\"divider.default\">\n\t\t\t\t<div class=\"elementor-widget-container\">\n\t\t\t\t\t<div class=\"elementor-divider\">\n\t\t\t<span class=\"elementor-divider-separator\">\n\t\t\t\t\t\t\t<h2 class=\"elementor-divider__text elementor-divider__element\">Master <\/h2>\n\t\t\t\t\t\t<\/span>\n\t\t<\/div>\n\t\t\t\t<\/div>\n\t\t\t\t<\/div>\n\t\t\t\t<div class=\"elementor-element elementor-element-18f9979 elementor-widget elementor-widget-text-editor\" data-id=\"18f9979\" data-element_type=\"widget\" data-widget_type=\"text-editor.default\">\n\t\t\t\t<div class=\"elementor-widget-container\">\n\t\t\t\t\t\t\t\t<p>M1 Entreprenariat [ <a href=\"\/fsecg\/wp-content\/uploads\/2023\/02\/Affichage-M1_Entrepreneuriat_S1.pdf\">Notes Examen S 1]<\/a><\/p><p>M1 Gestion des Ressources Humaines [ <a href=\"\/fsecg\/wp-content\/uploads\/2023\/02\/Affichage-M1_Management-des-Ressources-Humaines_S1.pdf\">Notes Examen S 1<\/a>]<\/p><p>M1 Management Public[ <a href=\"\/fsecg\/wp-content\/uploads\/2023\/02\/Affichage-M1_Management_Public_S1.pdf\">Notes Examen S 1<\/a>]<\/p><p>M1 Management [ <a href=\"\/fsecg\/wp-content\/uploads\/2023\/02\/Affichage-M1_Management_S1.pdf\">Notes Examen S 1<\/a>]<\/p><p>M1 Management Strat\u00e9gique [<a href=\"\/fsecg\/wp-content\/uploads\/2023\/02\/Affichage-M1_Management_Strategique_S1.pdf\">Notes Examen S 1<\/a>]<\/p><p>M2 Entreprenariat [<a href=\"\/fsecg\/wp-content\/uploads\/2023\/02\/Affichage-M2_Entrepreneuriat_S3.pdf\"> Notes Examen S 3<\/a>]<\/p><p>M2 Gestion des Ressources Humaines [<a href=\"\/fsecg\/wp-content\/uploads\/2023\/02\/Affichage-M2_Management-des-Ressources-Humaines_S3.pdf\"> Notes Examen S 3<\/a>]<\/p><p>M2 Management Public[ <a href=\"\/fsecg\/wp-content\/uploads\/2023\/02\/Affichage-M2_Management_Public_S3.pdf\">Notes Examen S3<\/a>]<\/p><p>M2 Management [<a href=\"\/fsecg\/wp-content\/uploads\/2023\/02\/Affichage-M2_Management_S3.pdf\"> Notes Examen S 1<\/a>]<\/p><p>M2 Management Strat\u00e9gique [ <a href=\"\/fsecg\/wp-content\/uploads\/2023\/02\/Affichage-M2_Management_Strategique_S3-1.pdf\">Notes Examen S<\/a>3] mise \u00e0 jour le 27\/02\/2023<\/p>\t\t\t\t\t\t<\/div>\n\t\t\t\t<\/div>\n\t\t\t\t\t<\/div>\n\t\t<\/div>\n\t\t\t\t\t\t\t<\/div>\n\t\t<\/section>\n\t\t\t\t\t\t<\/div>\n\t\t\t\t\t<\/div>\n\t\t","protected":false},"excerpt":{"rendered":"<p>D\u00e9lib\u00e9ration D\u00e9partement des Sciences de Gestion Retour 2022-2023 DEMANDE DE CONSULTATION Cliquez ici Licence L2 Sciences\u00a0 de Gestion [ Notes Examen S 3] L3\u00a0 Mangement\u00a0 des ressources humaines [ Notes Examen S 5] mise \u00e0 jour le 27\/02\/2023 L3 Entreprenariat\u00a0 \u00a0business Project management\u00a0 [ Notes Examen S 5] L3 Management [ Notes Examen S 5] &hellip;<\/p>\n<p class=\"read-more\"> <a class=\"\" href=\"https:\/\/www.univ-mascara.dz\/fsecg\/?page_id=8399\"> <span class=\"screen-reader-text\">d\u00e9lib\u00e9ration gestion<\/span> Lire la suite\u00a0\u00bb<\/a><\/p>\n","protected":false},"author":3,"featured_media":0,"parent":0,"menu_order":0,"comment_status":"closed","ping_status":"closed","template":"","meta":[],"_links":{"self":[{"href":"https:\/\/www.univ-mascara.dz\/fsecg\/index.php?rest_route=\/wp\/v2\/pages\/8399"}],"collection":[{"href":"https:\/\/www.univ-mascara.dz\/fsecg\/index.php?rest_route=\/wp\/v2\/pages"}],"about":[{"href":"https:\/\/www.univ-mascara.dz\/fsecg\/index.php?rest_route=\/wp\/v2\/types\/page"}],"author":[{"embeddable":true,"href":"https:\/\/www.univ-mascara.dz\/fsecg\/index.php?rest_route=\/wp\/v2\/users\/3"}],"replies":[{"embeddable":true,"href":"https:\/\/www.univ-mascara.dz\/fsecg\/index.php?rest_route=%2Fwp%2Fv2%2Fcomments&post=8399"}],"version-history":[{"count":86,"href":"https:\/\/www.univ-mascara.dz\/fsecg\/index.php?rest_route=\/wp\/v2\/pages\/8399\/revisions"}],"predecessor-version":[{"id":10555,"href":"https:\/\/www.univ-mascara.dz\/fsecg\/index.php?rest_route=\/wp\/v2\/pages\/8399\/revisions\/10555"}],"wp:attachment":[{"href":"https:\/\/www.univ-mascara.dz\/fsecg\/index.php?rest_route=%2Fwp%2Fv2%2Fmedia&parent=8399"}],"curies":[{"name":"wp","href":"https:\/\/api.w.org\/{rel}","templated":true}]}}