{"id":2532,"date":"2021-09-20T08:40:54","date_gmt":"2021-09-20T07:40:54","guid":{"rendered":"http:\/\/193.194.87.76\/fsnv\/?page_id=2532"},"modified":"2024-03-05T10:20:24","modified_gmt":"2024-03-05T09:20:24","slug":"conseil-scientifique","status":"publish","type":"page","link":"https:\/\/www.univ-mascara.dz\/fshs\/?page_id=2532","title":{"rendered":"conseil scientifique"},"content":{"rendered":"\t\t<div data-elementor-type=\"wp-page\" data-elementor-id=\"2532\" class=\"elementor elementor-2532\" data-elementor-settings=\"[]\">\n\t\t\t\t\t\t\t<div class=\"elementor-section-wrap\">\n\t\t\t\t\t\t\t<section class=\"elementor-section elementor-top-section elementor-element elementor-element-7c125bb9 elementor-section-height-min-height elementor-section-boxed elementor-section-height-default elementor-section-items-middle\" data-id=\"7c125bb9\" data-element_type=\"section\" data-settings=\"{&quot;background_background&quot;:&quot;classic&quot;}\">\n\t\t\t\t\t\t\t<div class=\"elementor-background-overlay\"><\/div>\n\t\t\t\t\t\t\t<div class=\"elementor-container elementor-column-gap-default\">\n\t\t\t\t\t<div class=\"elementor-column elementor-col-100 elementor-top-column elementor-element elementor-element-6b9d1113\" data-id=\"6b9d1113\" data-element_type=\"column\">\n\t\t\t<div class=\"elementor-widget-wrap elementor-element-populated\">\n\t\t\t\t\t\t\t\t<div class=\"elementor-element elementor-element-5fcf5024 elementor-widget elementor-widget-heading\" data-id=\"5fcf5024\" data-element_type=\"widget\" data-widget_type=\"heading.default\">\n\t\t\t\t<div class=\"elementor-widget-container\">\n\t\t\t<span class=\"elementor-heading-title elementor-size-default\"><br><br>Conseil Scientifique<\/span>\t\t<\/div>\n\t\t\t\t<\/div>\n\t\t\t\t<div class=\"elementor-element elementor-element-4c08ecaa elementor-widget-divider--view-line elementor-widget elementor-widget-divider\" data-id=\"4c08ecaa\" data-element_type=\"widget\" data-widget_type=\"divider.default\">\n\t\t\t\t<div class=\"elementor-widget-container\">\n\t\t\t\t\t<div class=\"elementor-divider\">\n\t\t\t<span class=\"elementor-divider-separator\">\n\t\t\t\t\t\t<\/span>\n\t\t<\/div>\n\t\t\t\t<\/div>\n\t\t\t\t<\/div>\n\t\t\t\t<div class=\"elementor-element elementor-element-021f49e elementor-widget elementor-widget-heading\" data-id=\"021f49e\" data-element_type=\"widget\" data-widget_type=\"heading.default\">\n\t\t\t\t<div class=\"elementor-widget-container\">\n\t\t\t<span class=\"elementor-heading-title elementor-size-default\">FSHS<\/span>\t\t<\/div>\n\t\t\t\t<\/div>\n\t\t\t\t\t<\/div>\n\t\t<\/div>\n\t\t\t\t\t\t\t<\/div>\n\t\t<\/section>\n\t\t\t\t<section class=\"elementor-section elementor-top-section elementor-element elementor-element-aa5b5a9 elementor-section-boxed elementor-section-height-default elementor-section-height-default\" data-id=\"aa5b5a9\" data-element_type=\"section\" data-settings=\"{&quot;background_background&quot;:&quot;classic&quot;}\">\n\t\t\t\t\t\t<div class=\"elementor-container elementor-column-gap-default\">\n\t\t\t\t\t<div class=\"elementor-column elementor-col-50 elementor-top-column elementor-element elementor-element-5629a65\" data-id=\"5629a65\" data-element_type=\"column\">\n\t\t\t<div class=\"elementor-widget-wrap elementor-element-populated\">\n\t\t\t\t\t\t\t\t<div class=\"elementor-element elementor-element-33dd533 elementor-invisible elementor-widget elementor-widget-text-editor\" data-id=\"33dd533\" data-element_type=\"widget\" data-settings=\"{&quot;_animation&quot;:&quot;fadeInLeft&quot;}\" data-widget_type=\"text-editor.default\">\n\t\t\t\t<div class=\"elementor-widget-container\">\n\t\t\t\t\t\t\t\t<p><span class=\"anchor\"><strong>Pr\u00e9sentation\u00a0<br \/><\/strong><\/span><\/p><p>Le conseil scientifique de la facult\u00e9 comprend, outre le doyen de la facult\u00e9, les membres suivants<\/p><p style=\"text-align: justify;\">Les vice-doyens, Les chefs de d\u00e9partements\u00a0,Les pr\u00e9sidents des comit\u00e9s scientifiques de d\u00e9partements, le ou les directeurs d\u2019unit\u00e9s de recherche et\/ou de laboratoires de recherche, s&rsquo;il y a lieu,\u00a0Deux repr\u00e9sentants \u00e9lus des enseignants par d\u00e9partement,Le responsable de la biblioth\u00e8que de facult\u00e9.<\/p>\t\t\t\t\t\t<\/div>\n\t\t\t\t<\/div>\n\t\t\t\t<div class=\"elementor-element elementor-element-1ecf3e0 elementor-widget elementor-widget-heading\" data-id=\"1ecf3e0\" data-element_type=\"widget\" data-widget_type=\"heading.default\">\n\t\t\t\t<div class=\"elementor-widget-container\">\n\t\t\t<div class=\"elementor-heading-title elementor-size-default\"><a href=\"\/fshs\/?page_id=2544\">LIRE LA SUITE...<\/a><\/div>\t\t<\/div>\n\t\t\t\t<\/div>\n\t\t\t\t\t<\/div>\n\t\t<\/div>\n\t\t\t\t<div class=\"elementor-column elementor-col-50 elementor-top-column elementor-element elementor-element-7e14a2c\" data-id=\"7e14a2c\" data-element_type=\"column\">\n\t\t\t<div class=\"elementor-widget-wrap elementor-element-populated\">\n\t\t\t\t\t\t\t\t<div class=\"elementor-element elementor-element-b4e1406 elementor-widget elementor-widget-testimonial\" data-id=\"b4e1406\" data-element_type=\"widget\" data-widget_type=\"testimonial.default\">\n\t\t\t\t<div class=\"elementor-widget-container\">\n\t\t\t\t\t<div class=\"elementor-testimonial-wrapper elementor-testimonial-text-align-center\">\n\t\t\t\n\t\t\t\t\t\t<div class=\"elementor-testimonial-meta elementor-has-image elementor-testimonial-image-position-top\">\n\t\t\t\t<div class=\"elementor-testimonial-meta-inner\">\n\t\t\t\t\t\t\t\t\t\t\t<div class=\"elementor-testimonial-image\">\n\t\t\t\t\t\t\t<a href=\"\/fsnv\/?page_id=2544\"><img width=\"275\" height=\"183\" src=\"https:\/\/www.univ-mascara.dz\/fshs\/wp-content\/uploads\/2021\/07\/conseil.jpeg\" class=\"attachment-full size-full\" alt=\"\" loading=\"lazy\" \/><\/a>\t\t\t\t\t\t<\/div>\n\t\t\t\t\t\n\t\t\t\t\t\t\t\t\t\t<div class=\"elementor-testimonial-details\">\n\t\t\t\t\t\t\t\t\t\t\t\t\t\t<a class=\"elementor-testimonial-name\" href=\"\/fsnv\/?page_id=2544\">Conseil Scientifique<\/a>\n\t\t\t\t\t\t\t\t\t\t\t\t\t\t\t\t\t\t\t<\/div>\n\t\t\t\t\t\t\t\t\t<\/div>\n\t\t\t<\/div>\n\t\t\t\t\t<\/div>\n\t\t\t\t<\/div>\n\t\t\t\t<\/div>\n\t\t\t\t\t<\/div>\n\t\t<\/div>\n\t\t\t\t\t\t\t<\/div>\n\t\t<\/section>\n\t\t\t\t<section class=\"elementor-section elementor-top-section elementor-element elementor-element-95fc23a elementor-section-height-min-height elementor-section-content-middle elementor-section-boxed elementor-section-height-default elementor-section-items-middle\" data-id=\"95fc23a\" data-element_type=\"section\" data-settings=\"{&quot;background_background&quot;:&quot;classic&quot;}\">\n\t\t\t\t\t\t<div class=\"elementor-container elementor-column-gap-default\">\n\t\t\t\t\t<div class=\"elementor-column elementor-col-50 elementor-top-column elementor-element elementor-element-704f89c\" data-id=\"704f89c\" data-element_type=\"column\">\n\t\t\t<div class=\"elementor-widget-wrap elementor-element-populated\">\n\t\t\t\t\t\t\t\t<div class=\"elementor-element elementor-element-f3db4c2 elementor-widget-divider--view-line elementor-widget elementor-widget-divider\" data-id=\"f3db4c2\" data-element_type=\"widget\" data-widget_type=\"divider.default\">\n\t\t\t\t<div class=\"elementor-widget-container\">\n\t\t\t\t\t<div class=\"elementor-divider\">\n\t\t\t<span class=\"elementor-divider-separator\">\n\t\t\t\t\t\t<\/span>\n\t\t<\/div>\n\t\t\t\t<\/div>\n\t\t\t\t<\/div>\n\t\t\t\t<div class=\"elementor-element elementor-element-f3e5d0e elementor-widget elementor-widget-heading\" data-id=\"f3e5d0e\" data-element_type=\"widget\" data-widget_type=\"heading.default\">\n\t\t\t\t<div class=\"elementor-widget-container\">\n\t\t\t<h3 class=\"elementor-heading-title elementor-size-large\">Les missions<\/h3>\t\t<\/div>\n\t\t\t\t<\/div>\n\t\t\t\t<div class=\"elementor-element elementor-element-b7c51d6 elementor-widget elementor-widget-text-editor\" data-id=\"b7c51d6\" data-element_type=\"widget\" data-widget_type=\"text-editor.default\">\n\t\t\t\t<div class=\"elementor-widget-container\">\n\t\t\t\t\t\t\t\t<ul><li><p>Le conseil scientifique de la facult\u00e9 \u00e9met des avis et recommandations sur :<\/p><p><strong><img loading=\"lazy\" src=\"http:\/\/www.univ-mascara.dz\/fse\/images\/img\/tel_fiche_dl_puce.gif\" alt=\"\" width=\"9\" height=\"10\" border=\"0\" \/><\/strong>\u00a0L&rsquo;organisation et le contenu des enseignements,<\/p><p><strong><img loading=\"lazy\" src=\"http:\/\/www.univ-mascara.dz\/fse\/images\/img\/tel_fiche_dl_puce.gif\" alt=\"\" width=\"9\" height=\"10\" border=\"0\" \/><\/strong>\u00a0L&rsquo;organisation des travaux de recherche,<\/p><\/li><\/ul>\t\t\t\t\t\t<\/div>\n\t\t\t\t<\/div>\n\t\t\t\t<div class=\"elementor-element elementor-element-b77dfe3 elementor-widget elementor-widget-heading\" data-id=\"b77dfe3\" data-element_type=\"widget\" data-widget_type=\"heading.default\">\n\t\t\t\t<div class=\"elementor-widget-container\">\n\t\t\t<div class=\"elementor-heading-title elementor-size-default\"><a href=\"\/fshs\/?page_id=2572\">LIRE LA SUITE...<\/a><\/div>\t\t<\/div>\n\t\t\t\t<\/div>\n\t\t\t\t\t<\/div>\n\t\t<\/div>\n\t\t\t\t<div class=\"elementor-column elementor-col-50 elementor-top-column elementor-element elementor-element-e2fc07e\" data-id=\"e2fc07e\" data-element_type=\"column\">\n\t\t\t<div class=\"elementor-widget-wrap elementor-element-populated\">\n\t\t\t\t\t\t\t\t<div class=\"elementor-element elementor-element-1043f6a elementor-invisible elementor-widget elementor-widget-image\" data-id=\"1043f6a\" data-element_type=\"widget\" data-settings=\"{&quot;_animation&quot;:&quot;fadeInRight&quot;}\" data-widget_type=\"image.default\">\n\t\t\t\t<div class=\"elementor-widget-container\">\n\t\t\t\t\t\t\t\t\t\t\t\t<figure class=\"wp-caption\">\n\t\t\t\t\t\t\t\t\t\t<img width=\"1024\" height=\"768\" src=\"https:\/\/www.univ-mascara.dz\/fshs\/wp-content\/uploads\/2021\/07\/missioncs.png\" class=\"attachment-1536x1536 size-1536x1536\" alt=\"\" loading=\"lazy\" srcset=\"https:\/\/www.univ-mascara.dz\/fshs\/wp-content\/uploads\/2021\/07\/missioncs.png 1024w, https:\/\/www.univ-mascara.dz\/fshs\/wp-content\/uploads\/2021\/07\/missioncs-300x225.png 300w, https:\/\/www.univ-mascara.dz\/fshs\/wp-content\/uploads\/2021\/07\/missioncs-768x576.png 768w\" sizes=\"(max-width: 1024px) 100vw, 1024px\" \/>\t\t\t\t\t\t\t\t\t\t\t<figcaption class=\"widget-image-caption wp-caption-text\"><\/figcaption>\n\t\t\t\t\t\t\t\t\t\t<\/figure>\n\t\t\t\t\t\t\t\t\t<\/div>\n\t\t\t\t<\/div>\n\t\t\t\t\t<\/div>\n\t\t<\/div>\n\t\t\t\t\t\t\t<\/div>\n\t\t<\/section>\n\t\t\t\t<section class=\"elementor-section elementor-top-section elementor-element elementor-element-16d26186 elementor-section-boxed elementor-section-height-default elementor-section-height-default\" data-id=\"16d26186\" data-element_type=\"section\" data-settings=\"{&quot;background_background&quot;:&quot;classic&quot;}\">\n\t\t\t\t\t\t<div class=\"elementor-container elementor-column-gap-default\">\n\t\t\t\t\t<div class=\"elementor-column elementor-col-50 elementor-top-column elementor-element elementor-element-31ee4593\" data-id=\"31ee4593\" data-element_type=\"column\">\n\t\t\t<div class=\"elementor-widget-wrap elementor-element-populated\">\n\t\t\t\t\t\t\t\t<div class=\"elementor-element elementor-element-6a01e12e elementor-invisible elementor-widget elementor-widget-image\" data-id=\"6a01e12e\" data-element_type=\"widget\" data-settings=\"{&quot;_animation&quot;:&quot;fadeInLeft&quot;}\" data-widget_type=\"image.default\">\n\t\t\t\t<div class=\"elementor-widget-container\">\n\t\t\t\t\t\t\t\t\t\t\t\t<figure class=\"wp-caption\">\n\t\t\t\t\t\t\t\t\t\t<img width=\"360\" height=\"240\" src=\"https:\/\/www.univ-mascara.dz\/fshs\/wp-content\/uploads\/2021\/10\/Reunion-CoDir.jpg\" class=\"attachment-1536x1536 size-1536x1536\" alt=\"\" loading=\"lazy\" srcset=\"https:\/\/www.univ-mascara.dz\/fshs\/wp-content\/uploads\/2021\/10\/Reunion-CoDir.jpg 360w, https:\/\/www.univ-mascara.dz\/fshs\/wp-content\/uploads\/2021\/10\/Reunion-CoDir-300x200.jpg 300w\" sizes=\"(max-width: 360px) 100vw, 360px\" \/>\t\t\t\t\t\t\t\t\t\t\t<figcaption class=\"widget-image-caption wp-caption-text\"><\/figcaption>\n\t\t\t\t\t\t\t\t\t\t<\/figure>\n\t\t\t\t\t\t\t\t\t<\/div>\n\t\t\t\t<\/div>\n\t\t\t\t\t<\/div>\n\t\t<\/div>\n\t\t\t\t<div class=\"elementor-column elementor-col-50 elementor-top-column elementor-element elementor-element-b5241d8\" data-id=\"b5241d8\" data-element_type=\"column\">\n\t\t\t<div class=\"elementor-widget-wrap elementor-element-populated\">\n\t\t\t\t\t\t\t\t<div class=\"elementor-element elementor-element-555f5104 elementor-widget-divider--view-line elementor-widget elementor-widget-divider\" data-id=\"555f5104\" data-element_type=\"widget\" data-widget_type=\"divider.default\">\n\t\t\t\t<div class=\"elementor-widget-container\">\n\t\t\t\t\t<div class=\"elementor-divider\">\n\t\t\t<span class=\"elementor-divider-separator\">\n\t\t\t\t\t\t<\/span>\n\t\t<\/div>\n\t\t\t\t<\/div>\n\t\t\t\t<\/div>\n\t\t\t\t<div class=\"elementor-element elementor-element-7ded41f7 elementor-widget elementor-widget-heading\" data-id=\"7ded41f7\" data-element_type=\"widget\" data-widget_type=\"heading.default\">\n\t\t\t\t<div class=\"elementor-widget-container\">\n\t\t\t<p class=\"elementor-heading-title elementor-size-medium\">Les membres\n\n<\/p>\t\t<\/div>\n\t\t\t\t<\/div>\n\t\t\t\t<div class=\"elementor-element elementor-element-a72e603 elementor-widget elementor-widget-text-editor\" data-id=\"a72e603\" data-element_type=\"widget\" data-widget_type=\"text-editor.default\">\n\t\t\t\t<div class=\"elementor-widget-container\">\n\t\t\t\t\t\t\t\t<p><strong>\u00a0<\/strong>Pr\u00e9sident du conseil scientifique de la facult\u00e9\u00a0<\/p><p><strong>\u00a0<\/strong>\u00a0Doyen de la facult\u00e9<\/p>\t\t\t\t\t\t<\/div>\n\t\t\t\t<\/div>\n\t\t\t\t<div class=\"elementor-element elementor-element-6a5dc58 elementor-widget elementor-widget-heading\" data-id=\"6a5dc58\" data-element_type=\"widget\" data-widget_type=\"heading.default\">\n\t\t\t\t<div class=\"elementor-widget-container\">\n\t\t\t<div class=\"elementor-heading-title elementor-size-default\"><a href=\"\/fshs\/?page_id=2580\">LIRE LA SUITE...<\/a><\/div>\t\t<\/div>\n\t\t\t\t<\/div>\n\t\t\t\t\t<\/div>\n\t\t<\/div>\n\t\t\t\t\t\t\t<\/div>\n\t\t<\/section>\n\t\t\t\t<section class=\"elementor-section elementor-top-section elementor-element elementor-element-7969888 elementor-section-height-min-height elementor-section-content-middle elementor-section-boxed elementor-section-height-default elementor-section-items-middle\" data-id=\"7969888\" data-element_type=\"section\" data-settings=\"{&quot;background_background&quot;:&quot;classic&quot;}\">\n\t\t\t\t\t\t<div class=\"elementor-container elementor-column-gap-default\">\n\t\t\t\t\t<div class=\"elementor-column elementor-col-50 elementor-top-column elementor-element elementor-element-eda613d\" data-id=\"eda613d\" data-element_type=\"column\">\n\t\t\t<div class=\"elementor-widget-wrap elementor-element-populated\">\n\t\t\t\t\t\t\t\t<div class=\"elementor-element elementor-element-60abdfe elementor-widget-divider--view-line elementor-widget elementor-widget-divider\" data-id=\"60abdfe\" data-element_type=\"widget\" data-widget_type=\"divider.default\">\n\t\t\t\t<div class=\"elementor-widget-container\">\n\t\t\t\t\t<div class=\"elementor-divider\">\n\t\t\t<span class=\"elementor-divider-separator\">\n\t\t\t\t\t\t<\/span>\n\t\t<\/div>\n\t\t\t\t<\/div>\n\t\t\t\t<\/div>\n\t\t\t\t<div class=\"elementor-element elementor-element-07840f1 elementor-widget elementor-widget-heading\" data-id=\"07840f1\" data-element_type=\"widget\" data-widget_type=\"heading.default\">\n\t\t\t\t<div class=\"elementor-widget-container\">\n\t\t\t<h3 class=\"elementor-heading-title elementor-size-large\">Proc\u00e8s verbal\n<\/h3>\t\t<\/div>\n\t\t\t\t<\/div>\n\t\t\t\t<div class=\"elementor-element elementor-element-f1dcf32 elementor-widget elementor-widget-text-editor\" data-id=\"f1dcf32\" data-element_type=\"widget\" data-widget_type=\"text-editor.default\">\n\t\t\t\t<div class=\"elementor-widget-container\">\n\t\t\t\t\t\t\t\t<p style=\"text-align: justify;\">Le proc\u00e8s verbal de r\u00e9union est transmis par voie \u00e9lectronique aux membres du conseil dans un d\u00e9lai de quinze (15) jours pour consultation<\/p>\t\t\t\t\t\t<\/div>\n\t\t\t\t<\/div>\n\t\t\t\t<div class=\"elementor-element elementor-element-e2ab684 elementor-widget elementor-widget-heading\" data-id=\"e2ab684\" data-element_type=\"widget\" data-widget_type=\"heading.default\">\n\t\t\t\t<div class=\"elementor-widget-container\">\n\t\t\t<div class=\"elementor-heading-title elementor-size-default\"><a href=\"\/fshs?page_id=2594\">LIRE LA SUITE...<\/a><\/div>\t\t<\/div>\n\t\t\t\t<\/div>\n\t\t\t\t\t<\/div>\n\t\t<\/div>\n\t\t\t\t<div class=\"elementor-column elementor-col-50 elementor-top-column elementor-element elementor-element-5f22963\" data-id=\"5f22963\" data-element_type=\"column\">\n\t\t\t<div class=\"elementor-widget-wrap elementor-element-populated\">\n\t\t\t\t\t\t\t\t<div class=\"elementor-element elementor-element-c885484 elementor-invisible elementor-widget elementor-widget-image\" data-id=\"c885484\" data-element_type=\"widget\" data-settings=\"{&quot;_animation&quot;:&quot;fadeInRight&quot;}\" data-widget_type=\"image.default\">\n\t\t\t\t<div class=\"elementor-widget-container\">\n\t\t\t\t\t\t\t\t\t\t\t\t<figure class=\"wp-caption\">\n\t\t\t\t\t\t\t\t\t\t<img width=\"848\" height=\"566\" src=\"https:\/\/www.univ-mascara.dz\/fshs\/wp-content\/uploads\/2021\/07\/procees-verbal.jpg\" class=\"attachment-1536x1536 size-1536x1536\" alt=\"\" loading=\"lazy\" srcset=\"https:\/\/www.univ-mascara.dz\/fshs\/wp-content\/uploads\/2021\/07\/procees-verbal.jpg 848w, https:\/\/www.univ-mascara.dz\/fshs\/wp-content\/uploads\/2021\/07\/procees-verbal-300x200.jpg 300w, https:\/\/www.univ-mascara.dz\/fshs\/wp-content\/uploads\/2021\/07\/procees-verbal-768x513.jpg 768w, https:\/\/www.univ-mascara.dz\/fshs\/wp-content\/uploads\/2021\/07\/procees-verbal-391x260.jpg 391w\" sizes=\"(max-width: 848px) 100vw, 848px\" \/>\t\t\t\t\t\t\t\t\t\t\t<figcaption class=\"widget-image-caption wp-caption-text\"><\/figcaption>\n\t\t\t\t\t\t\t\t\t\t<\/figure>\n\t\t\t\t\t\t\t\t\t<\/div>\n\t\t\t\t<\/div>\n\t\t\t\t\t<\/div>\n\t\t<\/div>\n\t\t\t\t\t\t\t<\/div>\n\t\t<\/section>\n\t\t\t\t<section class=\"elementor-section elementor-top-section elementor-element elementor-element-45bae48 elementor-section-boxed elementor-section-height-default elementor-section-height-default\" data-id=\"45bae48\" data-element_type=\"section\" data-settings=\"{&quot;background_background&quot;:&quot;classic&quot;}\">\n\t\t\t\t\t\t<div class=\"elementor-container elementor-column-gap-default\">\n\t\t\t\t\t<div class=\"elementor-column elementor-col-50 elementor-top-column elementor-element elementor-element-60760f9\" data-id=\"60760f9\" data-element_type=\"column\">\n\t\t\t<div class=\"elementor-widget-wrap elementor-element-populated\">\n\t\t\t\t\t\t\t\t<div class=\"elementor-element elementor-element-be2a193 elementor-invisible elementor-widget elementor-widget-image\" data-id=\"be2a193\" data-element_type=\"widget\" data-settings=\"{&quot;_animation&quot;:&quot;fadeInLeft&quot;}\" data-widget_type=\"image.default\">\n\t\t\t\t<div class=\"elementor-widget-container\">\n\t\t\t\t\t\t\t\t\t\t\t\t<figure class=\"wp-caption\">\n\t\t\t\t\t\t\t\t\t\t<img width=\"1536\" height=\"1024\" src=\"https:\/\/www.univ-mascara.dz\/fshs\/wp-content\/uploads\/2021\/07\/calendrier-session-1536x1024.jpg\" class=\"attachment-1536x1536 size-1536x1536\" alt=\"\" loading=\"lazy\" srcset=\"https:\/\/www.univ-mascara.dz\/fshs\/wp-content\/uploads\/2021\/07\/calendrier-session-1536x1024.jpg 1536w, https:\/\/www.univ-mascara.dz\/fshs\/wp-content\/uploads\/2021\/07\/calendrier-session-300x200.jpg 300w, https:\/\/www.univ-mascara.dz\/fshs\/wp-content\/uploads\/2021\/07\/calendrier-session-1024x682.jpg 1024w, https:\/\/www.univ-mascara.dz\/fshs\/wp-content\/uploads\/2021\/07\/calendrier-session-768x512.jpg 768w, https:\/\/www.univ-mascara.dz\/fshs\/wp-content\/uploads\/2021\/07\/calendrier-session-391x260.jpg 391w, https:\/\/www.univ-mascara.dz\/fshs\/wp-content\/uploads\/2021\/07\/calendrier-session.jpg 1868w\" sizes=\"(max-width: 1536px) 100vw, 1536px\" \/>\t\t\t\t\t\t\t\t\t\t\t<figcaption class=\"widget-image-caption wp-caption-text\"><\/figcaption>\n\t\t\t\t\t\t\t\t\t\t<\/figure>\n\t\t\t\t\t\t\t\t\t<\/div>\n\t\t\t\t<\/div>\n\t\t\t\t\t<\/div>\n\t\t<\/div>\n\t\t\t\t<div class=\"elementor-column elementor-col-50 elementor-top-column elementor-element elementor-element-602cf57\" data-id=\"602cf57\" data-element_type=\"column\">\n\t\t\t<div class=\"elementor-widget-wrap elementor-element-populated\">\n\t\t\t\t\t\t\t\t<div class=\"elementor-element elementor-element-2af4e5e elementor-widget-divider--view-line elementor-widget elementor-widget-divider\" data-id=\"2af4e5e\" data-element_type=\"widget\" data-widget_type=\"divider.default\">\n\t\t\t\t<div class=\"elementor-widget-container\">\n\t\t\t\t\t<div class=\"elementor-divider\">\n\t\t\t<span class=\"elementor-divider-separator\">\n\t\t\t\t\t\t<\/span>\n\t\t<\/div>\n\t\t\t\t<\/div>\n\t\t\t\t<\/div>\n\t\t\t\t<div class=\"elementor-element elementor-element-2778e1e elementor-widget elementor-widget-heading\" data-id=\"2778e1e\" data-element_type=\"widget\" data-widget_type=\"heading.default\">\n\t\t\t\t<div class=\"elementor-widget-container\">\n\t\t\t<p class=\"elementor-heading-title elementor-size-medium\">Calendrier des sessions<\/p>\t\t<\/div>\n\t\t\t\t<\/div>\n\t\t\t\t<div class=\"elementor-element elementor-element-654768d elementor-widget elementor-widget-text-editor\" data-id=\"654768d\" data-element_type=\"widget\" data-widget_type=\"text-editor.default\">\n\t\t\t\t<div class=\"elementor-widget-container\">\n\t\t\t\t\t\t\t\t<p>Le conseil scientifique de facult\u00e9 se r\u00e9unit en session ordinaire une fois tous les trois mois sur convocation de son pr\u00e9sident.Il peut se r\u00e9unir en session extraordinaire \u00e0 la demande soit de son pr\u00e9sident, soit des deux tiers de ses membres, soit du doyen de la facult\u00e9.<\/p>\t\t\t\t\t\t<\/div>\n\t\t\t\t<\/div>\n\t\t\t\t\t<\/div>\n\t\t<\/div>\n\t\t\t\t\t\t\t<\/div>\n\t\t<\/section>\n\t\t\t\t\t\t<\/div>\n\t\t\t\t\t<\/div>\n\t\t","protected":false},"excerpt":{"rendered":"<p>Conseil Scientifique FSHS Pr\u00e9sentation\u00a0 Le conseil scientifique de la facult\u00e9 comprend, outre le doyen de la facult\u00e9, les membres suivants Les vice-doyens, Les chefs de d\u00e9partements\u00a0,Les pr\u00e9sidents des comit\u00e9s scientifiques de d\u00e9partements, le ou les directeurs d\u2019unit\u00e9s de recherche et\/ou de laboratoires de recherche, s&rsquo;il y a lieu,\u00a0Deux repr\u00e9sentants \u00e9lus des enseignants par d\u00e9partement,Le responsable &hellip;<\/p>\n<p class=\"read-more\"> <a class=\"\" href=\"https:\/\/www.univ-mascara.dz\/fshs\/?page_id=2532\"> <span class=\"screen-reader-text\">conseil scientifique<\/span> Lire la suite\u00a0\u00bb<\/a><\/p>\n","protected":false},"author":5,"featured_media":0,"parent":0,"menu_order":0,"comment_status":"closed","ping_status":"closed","template":"","meta":[],"_links":{"self":[{"href":"https:\/\/www.univ-mascara.dz\/fshs\/index.php?rest_route=\/wp\/v2\/pages\/2532"}],"collection":[{"href":"https:\/\/www.univ-mascara.dz\/fshs\/index.php?rest_route=\/wp\/v2\/pages"}],"about":[{"href":"https:\/\/www.univ-mascara.dz\/fshs\/index.php?rest_route=\/wp\/v2\/types\/page"}],"author":[{"embeddable":true,"href":"https:\/\/www.univ-mascara.dz\/fshs\/index.php?rest_route=\/wp\/v2\/users\/5"}],"replies":[{"embeddable":true,"href":"https:\/\/www.univ-mascara.dz\/fshs\/index.php?rest_route=%2Fwp%2Fv2%2Fcomments&post=2532"}],"version-history":[{"count":106,"href":"https:\/\/www.univ-mascara.dz\/fshs\/index.php?rest_route=\/wp\/v2\/pages\/2532\/revisions"}],"predecessor-version":[{"id":12976,"href":"https:\/\/www.univ-mascara.dz\/fshs\/index.php?rest_route=\/wp\/v2\/pages\/2532\/revisions\/12976"}],"wp:attachment":[{"href":"https:\/\/www.univ-mascara.dz\/fshs\/index.php?rest_route=%2Fwp%2Fv2%2Fmedia&parent=2532"}],"curies":[{"name":"wp","href":"https:\/\/api.w.org\/{rel}","templated":true}]}}