{"id":3626,"date":"2021-10-24T14:32:06","date_gmt":"2021-10-24T13:32:06","guid":{"rendered":"http:\/\/193.194.87.76\/fsnv\/?page_id=3626"},"modified":"2026-03-24T14:34:01","modified_gmt":"2026-03-24T13:34:01","slug":"mot-doyen","status":"publish","type":"page","link":"https:\/\/www.univ-mascara.dz\/fshs\/?page_id=3626","title":{"rendered":"mot  doyen"},"content":{"rendered":"\t\t<div data-elementor-type=\"wp-page\" data-elementor-id=\"3626\" class=\"elementor elementor-3626\" data-elementor-settings=\"[]\">\n\t\t\t\t\t\t\t<div class=\"elementor-section-wrap\">\n\t\t\t\t\t\t\t<section class=\"elementor-section elementor-top-section elementor-element elementor-element-88d3c1c elementor-section-height-min-height elementor-section-full_width elementor-section-height-default elementor-section-items-middle\" data-id=\"88d3c1c\" data-element_type=\"section\" data-settings=\"{&quot;background_background&quot;:&quot;classic&quot;}\">\n\t\t\t\t\t\t\t<div class=\"elementor-background-overlay\"><\/div>\n\t\t\t\t\t\t\t<div class=\"elementor-container elementor-column-gap-default\">\n\t\t\t\t\t<div class=\"elementor-column elementor-col-100 elementor-top-column elementor-element elementor-element-48c1401\" data-id=\"48c1401\" data-element_type=\"column\">\n\t\t\t<div class=\"elementor-widget-wrap elementor-element-populated\">\n\t\t\t\t\t\t\t\t<div class=\"elementor-element elementor-element-5a87413 elementor-widget elementor-widget-heading\" data-id=\"5a87413\" data-element_type=\"widget\" data-widget_type=\"heading.default\">\n\t\t\t\t<div class=\"elementor-widget-container\">\n\t\t\t<p class=\"elementor-heading-title elementor-size-medium\"><br>Mot Doyen<\/p>\t\t<\/div>\n\t\t\t\t<\/div>\n\t\t\t\t<div class=\"elementor-element elementor-element-ec797e7 elementor-widget-divider--view-line elementor-widget elementor-widget-divider\" data-id=\"ec797e7\" data-element_type=\"widget\" data-widget_type=\"divider.default\">\n\t\t\t\t<div class=\"elementor-widget-container\">\n\t\t\t\t\t<div class=\"elementor-divider\">\n\t\t\t<span class=\"elementor-divider-separator\">\n\t\t\t\t\t\t<\/span>\n\t\t<\/div>\n\t\t\t\t<\/div>\n\t\t\t\t<\/div>\n\t\t\t\t<div class=\"elementor-element elementor-element-42257fe elementor-widget elementor-widget-heading\" data-id=\"42257fe\" data-element_type=\"widget\" data-widget_type=\"heading.default\">\n\t\t\t\t<div class=\"elementor-widget-container\">\n\t\t\t<span class=\"elementor-heading-title elementor-size-default\">FSHS<\/span>\t\t<\/div>\n\t\t\t\t<\/div>\n\t\t\t\t\t<\/div>\n\t\t<\/div>\n\t\t\t\t\t\t\t<\/div>\n\t\t<\/section>\n\t\t\t\t<section class=\"elementor-section elementor-top-section elementor-element elementor-element-3eb76c2 elementor-section-boxed elementor-section-height-default elementor-section-height-default\" data-id=\"3eb76c2\" data-element_type=\"section\" data-settings=\"{&quot;background_background&quot;:&quot;classic&quot;}\">\n\t\t\t\t\t\t<div class=\"elementor-container elementor-column-gap-default\">\n\t\t\t\t\t<div class=\"elementor-column elementor-col-100 elementor-top-column elementor-element elementor-element-8bdafa8\" data-id=\"8bdafa8\" data-element_type=\"column\" data-settings=\"{&quot;background_background&quot;:&quot;classic&quot;}\">\n\t\t\t<div class=\"elementor-widget-wrap elementor-element-populated\">\n\t\t\t\t\t<div class=\"elementor-background-overlay\"><\/div>\n\t\t\t\t\t\t\t\t<div class=\"elementor-element elementor-element-553b306 elementor-widget-divider--view-line_text elementor-widget-divider--element-align-center elementor-widget elementor-widget-divider\" data-id=\"553b306\" data-element_type=\"widget\" data-widget_type=\"divider.default\">\n\t\t\t\t<div class=\"elementor-widget-container\">\n\t\t\t\t\t<div class=\"elementor-divider\">\n\t\t\t<span class=\"elementor-divider-separator\">\n\t\t\t\t\t\t\t<span class=\"elementor-divider__text elementor-divider__element\">Mot du Doyen<\/span>\n\t\t\t\t\t\t<\/span>\n\t\t<\/div>\n\t\t\t\t<\/div>\n\t\t\t\t<\/div>\n\t\t\t\t<div class=\"elementor-element elementor-element-0f73cd7 elementor-widget elementor-widget-text-editor\" data-id=\"0f73cd7\" data-element_type=\"widget\" data-settings=\"{&quot;_animation&quot;:&quot;none&quot;}\" data-widget_type=\"text-editor.default\">\n\t\t\t\t<div class=\"elementor-widget-container\">\n\t\t\t\t\t\t\t\t<p style=\"text-align: justify;\"><strong><b>Chers Visiteurs, Chers \u00c9tudiants, Chers Coll\u00e8gues Enseignants,<\/b><\/strong><\/p><p style=\"text-align: justify;\">Bienvenue au sein de la Facult\u00e9 des Sciences Humaines et Sociales. La Facult\u00e9 des Sciences Humaines et Sociales n&rsquo;est pas seulement un espace d&rsquo;acquisition de connaissances, elle est aussi un haut lieu de la pens\u00e9e et du savoir.<\/p><p style=\"text-align: justify;\">Nous sommes convaincus que les sciences humaines et sociales constituent le v\u00e9ritable moteur du d\u00e9veloppement durable ; car la formation de l&rsquo;homme pr\u00e9c\u00e8de la construction des cit\u00e9s. C&rsquo;est pourquoi, notre D\u00e9canat s\u2019efforce de cr\u00e9er un environnement \u00e9ducatif stimulant, fond\u00e9 sur la qualit\u00e9 de la recherche scientifique et de l&rsquo;innovation. Nous \u0153uvrons \u00e0 doter nos \u00e9tudiants des comp\u00e9tences critiques et analytiques n\u00e9cessaires pour relever les d\u00e9fis de notre \u00e9poque.<\/p><p style=\"text-align: justify;\">Nous vous invitons, \u00e0 travers ce site, \u00e0 d\u00e9couvrir nos programmes acad\u00e9miques ainsi que nos activit\u00e9s de recherche, tout en r\u00e9affirmant notre plein engagement \u00e0 l&rsquo;ouverture sur la soci\u00e9t\u00e9 et \u00e0 la contribution active \u00e0 son essor.<\/p><p style=\"text-align: justify;\"><strong><b>Le Doyen de la Facult\u00e9<\/b><\/strong><\/p><hr \/><p>\u00a0<\/p><p style=\"text-align: justify;\"><strong><b>Dear Visitors, Students, and Faculty Members,<\/b><\/strong><\/p><p style=\"text-align: justify;\">Welcome to the Faculty of Humanities and Social Sciences. Our faculty is not merely a space for academic attainment; it is also a beacon of thought and knowledge.<\/p><p style=\"text-align: justify;\">We believe that the humanities and social sciences are the true engine of sustainable development, as building the human being precedes the building of civilizations. Therefore, our Deanship strives to provide a stimulating educational environment based on the quality of scientific research and innovation. We work to empower our students with the critical and analytical skills necessary to meet the challenges of our time.<\/p><p style=\"text-align: justify;\">We invite you, through this website, to explore our academic programs and research activities, and we reaffirm our full commitment to community engagement and active contribution to social progress.<\/p><p style=\"text-align: justify;\"><strong><b>Dean of the Faculty<\/b><\/strong><\/p><hr \/><p style=\"text-align: right;\"><strong><b>\u0623\u0639\u0632\u0627\u0626\u064a \u0627\u0644\u0632\u0648\u0627\u0631\u060c \u0623\u0628\u0646\u0627\u0626\u064a \u0627\u0644\u0637\u0644\u0628\u0629\u060c \u0632\u0645\u0644\u0627\u0626\u064a \u0627\u0644\u0623\u0633\u0627\u062a\u0630\u0629<\/b><\/strong><\/p><p style=\"text-align: right;\">\u0645\u0631\u062d\u0628\u0627 \u0628\u0643\u0645 \u0641\u064a \u0631\u062d\u0627\u0628 \u0643\u0644\u064a\u0629 \u0627\u0644\u0639\u0644\u0648\u0645 \u0627\u0644\u0625\u0646\u0633\u0627\u0646\u064a\u0629 \u0648\u0627\u0644\u0627\u062c\u062a\u0645\u0627\u0639\u064a\u0629. \u062a\u0639\u062f \u0643\u0644\u064a\u0629 \u0627\u0644\u0639\u0644\u0648\u0645 \u0627\u0644\u0625\u0646\u0633\u0627\u0646\u064a\u0629 \u0648\u0627\u0644\u0627\u062c\u062a\u0645\u0627\u0639\u064a\u0629 \u00a0\u0645\u062c\u0631\u062f \u0641\u0636\u0627\u0621 \u0644\u0644\u062a\u062d\u0635\u064a\u0644 \u0627\u0644\u0639\u0644\u0645\u064a \u0648\u0647\u064a \u00a0\u0623\u064a\u0636\u0627 \u0645\u0646\u0627\u0631\u0629 \u0644\u0644\u0641\u0643\u0631 \u0648\u0627\u0644\u0639\u0644\u0645<\/p><p style=\"text-align: right;\">\u0646\u062d\u0646 \u0646\u0624\u0645\u0646 \u0628\u0623\u0646 \u0627\u0644\u0639\u0644\u0648\u0645 \u0627\u0644\u0625\u0646\u0633\u0627\u0646\u064a\u0629 \u0648\u0627\u0644\u0627\u062c\u062a\u0645\u0627\u0639\u064a\u0629 \u0647\u064a \u0627\u0644\u0642\u0627\u0637\u0631\u0629 \u0627\u0644\u062d\u0642\u064a\u0642\u064a\u0629 \u0644\u0644\u062a\u0646\u0645\u064a\u0629 \u0627\u0644\u0645\u0633\u062a\u062f\u0627\u0645\u0629\u061b \u0641\u0628\u0646\u0627\u0621 \u0627\u0644\u0625\u0646\u0633\u0627\u0646 \u064a\u0633\u0628\u0642 \u0628\u0646\u0627\u0621 \u0627\u0644\u0639\u0645\u0631\u0627\u0646. \u0644\u0630\u0627\u060c \u062a\u0633\u0639\u0649 \u0639\u0645\u0627\u062f\u062a\u0646\u0627 \u062c\u0627\u0647\u062f\u0629 \u0644\u062a\u0648\u0641\u064a\u0631 \u0628\u064a\u0626\u0629 \u062a\u0639\u0644\u064a\u0645\u064a\u0629 \u0645\u062d\u0641\u0632\u0629 \u062a\u0639\u062a\u0645\u062f \u0639\u0644\u0649 \u062c\u0648\u062f\u0629 \u0627\u0644\u0628\u062d\u062b \u0627\u0644\u0639\u0644\u0645\u064a \u0648\u0627\u0644\u0627\u0628\u062a\u0643\u0627\u0631\u060c \u0648\u062a\u0639\u0645\u0644 \u0639\u0644\u0649 \u062a\u0645\u0643\u064a\u0646 \u0637\u0644\u0628\u062a\u0646\u0627 \u0628\u0627\u0644\u0645\u0647\u0627\u0631\u0627\u062a \u0627\u0644\u0646\u0642\u062f\u064a\u0629 \u0648\u0627\u0644\u062a\u062d\u0644\u064a\u0644\u064a\u0629 \u0627\u0644\u0644\u0627\u0632\u0645\u0629 \u0644\u0645\u0648\u0627\u062c\u0647\u0629 \u062a\u062d\u062f\u064a\u0627\u062a \u0627\u0644\u0639\u0635\u0631<\/p><p style=\"text-align: right;\">\u0646\u062f\u0639\u0648\u0643\u0645 \u0645\u0646 \u062e\u0644\u0627\u0644 \u0647\u0630\u0627 \u0627\u0644\u0645\u0648\u0642\u0639 \u0644\u0644\u062a\u0639\u0631\u0641 \u0639\u0644\u0649 \u0628\u0631\u0627\u0645\u062c\u0646\u0627 \u0627\u0644\u0623\u0643\u0627\u062f\u064a\u0645\u064a\u0629 \u0648\u0646\u0634\u0627\u0637\u0627\u062a\u0646\u0627 \u0627\u0644\u0628\u062d\u062b\u064a\u0629\u060c \u0648\u0646\u0624\u0643\u062f \u0627\u0644\u062a\u0632\u0627\u0645\u0646\u0627 \u0627\u0644\u062a\u0627\u0645 \u0628\u0627\u0644\u0627\u0646\u0641\u062a\u0627\u062d \u0639\u0644\u0649 \u0627\u0644\u0645\u062c\u062a\u0645\u0639 \u0648\u0627\u0644\u0645\u0633\u0627\u0647\u0645\u0629 \u0627\u0644\u0641\u0639\u0627\u0644\u0629 \u0641\u064a \u0631\u0642\u064a\u0651\u0647<\/p><p style=\"text-align: right;\"><strong><b>\u0639\u0645\u064a\u062f \u0627\u0644\u0643\u0644\u064a\u0629<\/b><\/strong><\/p><hr \/><p style=\"text-align: justify;\">\u00a0<\/p>\t\t\t\t\t\t<\/div>\n\t\t\t\t<\/div>\n\t\t\t\t\t<\/div>\n\t\t<\/div>\n\t\t\t\t\t\t\t<\/div>\n\t\t<\/section>\n\t\t\t\t\t\t<\/div>\n\t\t\t\t\t<\/div>\n\t\t","protected":false},"excerpt":{"rendered":"<p>Mot Doyen FSHS Mot du Doyen Chers Visiteurs, Chers \u00c9tudiants, Chers Coll\u00e8gues Enseignants, Bienvenue au sein de la Facult\u00e9 des Sciences Humaines et Sociales. La Facult\u00e9 des Sciences Humaines et Sociales n&rsquo;est pas seulement un espace d&rsquo;acquisition de connaissances, elle est aussi un haut lieu de la pens\u00e9e et du savoir. Nous sommes convaincus que &hellip;<\/p>\n<p class=\"read-more\"> <a class=\"\" href=\"https:\/\/www.univ-mascara.dz\/fshs\/?page_id=3626\"> <span class=\"screen-reader-text\">mot  doyen<\/span> Lire la suite\u00a0\u00bb<\/a><\/p>\n","protected":false},"author":5,"featured_media":0,"parent":0,"menu_order":0,"comment_status":"closed","ping_status":"closed","template":"","meta":[],"_links":{"self":[{"href":"https:\/\/www.univ-mascara.dz\/fshs\/index.php?rest_route=\/wp\/v2\/pages\/3626"}],"collection":[{"href":"https:\/\/www.univ-mascara.dz\/fshs\/index.php?rest_route=\/wp\/v2\/pages"}],"about":[{"href":"https:\/\/www.univ-mascara.dz\/fshs\/index.php?rest_route=\/wp\/v2\/types\/page"}],"author":[{"embeddable":true,"href":"https:\/\/www.univ-mascara.dz\/fshs\/index.php?rest_route=\/wp\/v2\/users\/5"}],"replies":[{"embeddable":true,"href":"https:\/\/www.univ-mascara.dz\/fshs\/index.php?rest_route=%2Fwp%2Fv2%2Fcomments&post=3626"}],"version-history":[{"count":34,"href":"https:\/\/www.univ-mascara.dz\/fshs\/index.php?rest_route=\/wp\/v2\/pages\/3626\/revisions"}],"predecessor-version":[{"id":14711,"href":"https:\/\/www.univ-mascara.dz\/fshs\/index.php?rest_route=\/wp\/v2\/pages\/3626\/revisions\/14711"}],"wp:attachment":[{"href":"https:\/\/www.univ-mascara.dz\/fshs\/index.php?rest_route=%2Fwp%2Fv2%2Fmedia&parent=3626"}],"curies":[{"name":"wp","href":"https:\/\/api.w.org\/{rel}","templated":true}]}}