{"id":1899,"date":"2021-07-12T14:52:56","date_gmt":"2021-07-12T13:52:56","guid":{"rendered":"http:\/\/193.194.87.76\/fsnv\/?page_id=1899"},"modified":"2026-03-15T10:42:45","modified_gmt":"2026-03-15T09:42:45","slug":"secretariat-general","status":"publish","type":"page","link":"https:\/\/www.univ-mascara.dz\/fsnv\/?page_id=1899","title":{"rendered":"secr\u00e9tariat g\u00e9n\u00e9ral"},"content":{"rendered":"\t\t<div data-elementor-type=\"wp-page\" data-elementor-id=\"1899\" class=\"elementor elementor-1899\" data-elementor-settings=\"[]\">\n\t\t\t\t\t\t\t<div class=\"elementor-section-wrap\">\n\t\t\t\t\t\t\t<section class=\"elementor-section elementor-top-section elementor-element elementor-element-7c125bb9 elementor-section-height-min-height elementor-section-boxed elementor-section-height-default elementor-section-items-middle\" data-id=\"7c125bb9\" data-element_type=\"section\" data-settings=\"{&quot;background_background&quot;:&quot;classic&quot;}\">\n\t\t\t\t\t\t\t<div class=\"elementor-background-overlay\"><\/div>\n\t\t\t\t\t\t\t<div class=\"elementor-container elementor-column-gap-default\">\n\t\t\t\t\t<div class=\"elementor-column elementor-col-100 elementor-top-column elementor-element elementor-element-6b9d1113\" data-id=\"6b9d1113\" data-element_type=\"column\">\n\t\t\t<div class=\"elementor-widget-wrap elementor-element-populated\">\n\t\t\t\t\t\t\t\t<div class=\"elementor-element elementor-element-5fcf5024 elementor-widget elementor-widget-heading\" data-id=\"5fcf5024\" data-element_type=\"widget\" data-widget_type=\"heading.default\">\n\t\t\t\t<div class=\"elementor-widget-container\">\n\t\t\t<p class=\"elementor-heading-title elementor-size-medium\"><br><br>Secr\u00e9tariat g\u00e9n\u00e9ral<\/p>\t\t<\/div>\n\t\t\t\t<\/div>\n\t\t\t\t<div class=\"elementor-element elementor-element-4c08ecaa elementor-widget-divider--view-line elementor-widget elementor-widget-divider\" data-id=\"4c08ecaa\" data-element_type=\"widget\" data-widget_type=\"divider.default\">\n\t\t\t\t<div class=\"elementor-widget-container\">\n\t\t\t\t\t<div class=\"elementor-divider\">\n\t\t\t<span class=\"elementor-divider-separator\">\n\t\t\t\t\t\t<\/span>\n\t\t<\/div>\n\t\t\t\t<\/div>\n\t\t\t\t<\/div>\n\t\t\t\t<div class=\"elementor-element elementor-element-ddd8bb2 elementor-widget elementor-widget-heading\" data-id=\"ddd8bb2\" data-element_type=\"widget\" data-widget_type=\"heading.default\">\n\t\t\t\t<div class=\"elementor-widget-container\">\n\t\t\t<span class=\"elementor-heading-title elementor-size-default\">FSNV<\/span>\t\t<\/div>\n\t\t\t\t<\/div>\n\t\t\t\t\t<\/div>\n\t\t<\/div>\n\t\t\t\t\t\t\t<\/div>\n\t\t<\/section>\n\t\t\t\t<section class=\"elementor-section elementor-top-section elementor-element elementor-element-aa5b5a9 elementor-section-boxed elementor-section-height-default elementor-section-height-default\" data-id=\"aa5b5a9\" data-element_type=\"section\" data-settings=\"{&quot;background_background&quot;:&quot;classic&quot;}\">\n\t\t\t\t\t\t<div class=\"elementor-container elementor-column-gap-default\">\n\t\t\t\t\t<div class=\"elementor-column elementor-col-50 elementor-top-column elementor-element elementor-element-5629a65\" data-id=\"5629a65\" data-element_type=\"column\">\n\t\t\t<div class=\"elementor-widget-wrap elementor-element-populated\">\n\t\t\t\t\t\t\t\t<div class=\"elementor-element elementor-element-33dd533 elementor-invisible elementor-widget elementor-widget-text-editor\" data-id=\"33dd533\" data-element_type=\"widget\" data-settings=\"{&quot;_animation&quot;:&quot;fadeInLeft&quot;}\" data-widget_type=\"text-editor.default\">\n\t\t\t\t<div class=\"elementor-widget-container\">\n\t\t\t\t\t\t\t\t<p style=\"text-align: justify;\"><strong>La secr\u00e9taire g\u00e9n\u00e9ral de la facult\u00e9 est charg\u00e9<\/strong><\/p><ul><li style=\"text-align: justify;\">Pr\u00e9parer le projet de plan de gestion des ressources humaines de la facult\u00e9 et d\u2019en assurer l\u2019ex\u00e9cution ;<\/li><li style=\"text-align: justify;\">D\u2019assurer la gestion des carri\u00e8res des personnels de la facult\u00e9 ;<\/li><li style=\"text-align: justify;\">D\u2019assurer la gestion et la conservation des archives et de la documentation de la facult\u00e9 ;<\/li><li style=\"text-align: justify;\">Pr\u00e9parer le projet de budget de la facult\u00e9 et d\u2019en assurer l\u2019ex\u00e9cution ; de promouvoir avec les structures concern\u00e9es du rectorat les activit\u00e9s scientifiques, culturelles et sportives au profit des \u00e9tudiants ;<\/li><li style=\"text-align: justify;\">G\u00e9rer les moyens meubles et immeubles de la facult\u00e9 et de veiller \u00e0 leur entretien et \u00e0 leur maintenance ;<\/li><li style=\"text-align: justify;\">Dassurer la mise en \u0153uvre du plan de s\u00fbret\u00e9 interne de la facult\u00e9<\/li><\/ul>\t\t\t\t\t\t<\/div>\n\t\t\t\t<\/div>\n\t\t\t\t\t<\/div>\n\t\t<\/div>\n\t\t\t\t<div class=\"elementor-column elementor-col-50 elementor-top-column elementor-element elementor-element-7e14a2c\" data-id=\"7e14a2c\" data-element_type=\"column\">\n\t\t\t<div class=\"elementor-widget-wrap elementor-element-populated\">\n\t\t\t\t\t\t\t\t<div class=\"elementor-element elementor-element-b4e1406 elementor-widget elementor-widget-testimonial\" data-id=\"b4e1406\" data-element_type=\"widget\" data-widget_type=\"testimonial.default\">\n\t\t\t\t<div class=\"elementor-widget-container\">\n\t\t\t\t\t<div class=\"elementor-testimonial-wrapper elementor-testimonial-text-align-center\">\n\t\t\t\n\t\t\t\t\t\t<div class=\"elementor-testimonial-meta elementor-has-image elementor-testimonial-image-position-top\">\n\t\t\t\t<div class=\"elementor-testimonial-meta-inner\">\n\t\t\t\t\t\t\t\t\t\t\t<div class=\"elementor-testimonial-image\">\n\t\t\t\t\t\t\t<img width=\"292\" height=\"388\" src=\"https:\/\/www.univ-mascara.dz\/fsnv\/wp-content\/uploads\/2026\/03\/PHOTO-SG.png\" class=\"attachment-full size-full\" alt=\"\" decoding=\"async\" loading=\"lazy\" srcset=\"https:\/\/www.univ-mascara.dz\/fsnv\/wp-content\/uploads\/2026\/03\/PHOTO-SG.png 292w, https:\/\/www.univ-mascara.dz\/fsnv\/wp-content\/uploads\/2026\/03\/PHOTO-SG-226x300.png 226w\" sizes=\"(max-width: 292px) 100vw, 292px\" \/>\t\t\t\t\t\t<\/div>\n\t\t\t\t\t\n\t\t\t\t\t\t\t\t\t\t<div class=\"elementor-testimonial-details\">\n\t\t\t\t\t\t\t\t\t\t\t\t\t\t<div class=\"elementor-testimonial-name\">M:BETTOUMI BENAOUMEUR<\/div>\n\t\t\t\t\t\t\t\t\t\t\t\t\t\t\t\t\t\t\t\t\t\t<div class=\"elementor-testimonial-job\">SG de la facult\u00e9<\/div>\n\t\t\t\t\t\t\t\t\t\t\t\t\t<\/div>\n\t\t\t\t\t\t\t\t\t<\/div>\n\t\t\t<\/div>\n\t\t\t\t\t<\/div>\n\t\t\t\t<\/div>\n\t\t\t\t<\/div>\n\t\t\t\t\t<\/div>\n\t\t<\/div>\n\t\t\t\t\t\t\t<\/div>\n\t\t<\/section>\n\t\t\t\t<section class=\"elementor-section elementor-top-section elementor-element elementor-element-4de2c48b elementor-section-height-min-height elementor-section-content-middle elementor-section-boxed elementor-section-height-default elementor-section-items-middle\" data-id=\"4de2c48b\" data-element_type=\"section\" data-settings=\"{&quot;background_background&quot;:&quot;classic&quot;}\">\n\t\t\t\t\t\t<div class=\"elementor-container elementor-column-gap-default\">\n\t\t\t\t\t<div class=\"elementor-column elementor-col-50 elementor-top-column elementor-element elementor-element-28da5ff8 elementor-invisible\" data-id=\"28da5ff8\" data-element_type=\"column\" data-settings=\"{&quot;animation&quot;:&quot;fadeInLeft&quot;}\">\n\t\t\t<div class=\"elementor-widget-wrap elementor-element-populated\">\n\t\t\t\t\t\t\t\t<div class=\"elementor-element elementor-element-5cc9f71f elementor-widget-divider--view-line elementor-widget elementor-widget-divider\" data-id=\"5cc9f71f\" data-element_type=\"widget\" data-widget_type=\"divider.default\">\n\t\t\t\t<div class=\"elementor-widget-container\">\n\t\t\t\t\t<div class=\"elementor-divider\">\n\t\t\t<span class=\"elementor-divider-separator\">\n\t\t\t\t\t\t<\/span>\n\t\t<\/div>\n\t\t\t\t<\/div>\n\t\t\t\t<\/div>\n\t\t\t\t<div class=\"elementor-element elementor-element-29e5f7a6 elementor-widget elementor-widget-heading\" data-id=\"29e5f7a6\" data-element_type=\"widget\" data-widget_type=\"heading.default\">\n\t\t\t\t<div class=\"elementor-widget-container\">\n\t\t\t<h3 class=\"elementor-heading-title elementor-size-large\">Personnels\n<\/h3>\t\t<\/div>\n\t\t\t\t<\/div>\n\t\t\t\t<div class=\"elementor-element elementor-element-421e0315 elementor-widget elementor-widget-text-editor\" data-id=\"421e0315\" data-element_type=\"widget\" data-widget_type=\"text-editor.default\">\n\t\t\t\t<div class=\"elementor-widget-container\">\n\t\t\t\t\t\t\t\t<p><strong>Le service des personnels comprend les sections suivantes\u00a0<\/strong><\/p><ul><li>la section des personnels enseignants,<\/li><li>la section des personnels administratifs, techniques et agents de service.<\/li><\/ul>\t\t\t\t\t\t<\/div>\n\t\t\t\t<\/div>\n\t\t\t\t\t<\/div>\n\t\t<\/div>\n\t\t\t\t<div class=\"elementor-column elementor-col-50 elementor-top-column elementor-element elementor-element-53b9a69c\" data-id=\"53b9a69c\" data-element_type=\"column\">\n\t\t\t<div class=\"elementor-widget-wrap elementor-element-populated\">\n\t\t\t\t\t\t\t\t<div class=\"elementor-element elementor-element-f903318 elementor-widget elementor-widget-testimonial\" data-id=\"f903318\" data-element_type=\"widget\" data-widget_type=\"testimonial.default\">\n\t\t\t\t<div class=\"elementor-widget-container\">\n\t\t\t\t\t<div class=\"elementor-testimonial-wrapper elementor-testimonial-text-align-center\">\n\t\t\t\n\t\t\t\t\t\t<div class=\"elementor-testimonial-meta elementor-has-image elementor-testimonial-image-position-top\">\n\t\t\t\t<div class=\"elementor-testimonial-meta-inner\">\n\t\t\t\t\t\t\t\t\t\t\t<div class=\"elementor-testimonial-image\">\n\t\t\t\t\t\t\t<img width=\"305\" height=\"310\" src=\"https:\/\/www.univ-mascara.dz\/fsnv\/wp-content\/uploads\/2026\/03\/\u0628\u0646-\u062f\u0627\u0647\u0629-\u0642\u062f\u0627\u0648\u064a\u0629-1.jpg\" class=\"attachment-full size-full\" alt=\"\" decoding=\"async\" loading=\"lazy\" srcset=\"https:\/\/www.univ-mascara.dz\/fsnv\/wp-content\/uploads\/2026\/03\/\u0628\u0646-\u062f\u0627\u0647\u0629-\u0642\u062f\u0627\u0648\u064a\u0629-1.jpg 305w, https:\/\/www.univ-mascara.dz\/fsnv\/wp-content\/uploads\/2026\/03\/\u0628\u0646-\u062f\u0627\u0647\u0629-\u0642\u062f\u0627\u0648\u064a\u0629-1-295x300.jpg 295w\" sizes=\"(max-width: 305px) 100vw, 305px\" \/>\t\t\t\t\t\t<\/div>\n\t\t\t\t\t\n\t\t\t\t\t\t\t\t\t\t<div class=\"elementor-testimonial-details\">\n\t\t\t\t\t\t\t\t\t\t\t\t\t\t<div class=\"elementor-testimonial-name\">personnels.fsnv@univ-mascara.dz<\/div>\n\t\t\t\t\t\t\t\t\t\t\t\t\t\t\t\t\t\t\t\t\t\t<div class=\"elementor-testimonial-job\">  Chef de service :Meme.BENDAHA Kadaouia<\/br><\/div>\n\t\t\t\t\t\t\t\t\t\t\t\t\t<\/div>\n\t\t\t\t\t\t\t\t\t<\/div>\n\t\t\t<\/div>\n\t\t\t\t\t<\/div>\n\t\t\t\t<\/div>\n\t\t\t\t<\/div>\n\t\t\t\t\t<\/div>\n\t\t<\/div>\n\t\t\t\t\t\t\t<\/div>\n\t\t<\/section>\n\t\t\t\t<section class=\"elementor-section elementor-top-section elementor-element elementor-element-16d26186 elementor-section-boxed elementor-section-height-default elementor-section-height-default\" data-id=\"16d26186\" data-element_type=\"section\" data-settings=\"{&quot;background_background&quot;:&quot;classic&quot;}\">\n\t\t\t\t\t\t<div class=\"elementor-container elementor-column-gap-default\">\n\t\t\t\t\t<div class=\"elementor-column elementor-col-50 elementor-top-column elementor-element elementor-element-31ee4593\" data-id=\"31ee4593\" data-element_type=\"column\">\n\t\t\t<div class=\"elementor-widget-wrap elementor-element-populated\">\n\t\t\t\t\t\t\t\t<div class=\"elementor-element elementor-element-6a01e12e elementor-invisible elementor-widget elementor-widget-image\" data-id=\"6a01e12e\" data-element_type=\"widget\" data-settings=\"{&quot;_animation&quot;:&quot;fadeInLeft&quot;}\" data-widget_type=\"image.default\">\n\t\t\t\t<div class=\"elementor-widget-container\">\n\t\t\t\t\t\t\t\t\t\t\t\t<figure class=\"wp-caption\">\n\t\t\t\t\t\t\t\t\t\t<img width=\"512\" height=\"241\" src=\"https:\/\/www.univ-mascara.dz\/fsnv\/wp-content\/uploads\/2021\/10\/budget.jpg\" class=\"attachment-1536x1536 size-1536x1536\" alt=\"\" decoding=\"async\" loading=\"lazy\" srcset=\"https:\/\/www.univ-mascara.dz\/fsnv\/wp-content\/uploads\/2021\/10\/budget.jpg 512w, https:\/\/www.univ-mascara.dz\/fsnv\/wp-content\/uploads\/2021\/10\/budget-300x141.jpg 300w\" sizes=\"(max-width: 512px) 100vw, 512px\" \/>\t\t\t\t\t\t\t\t\t\t\t<figcaption class=\"widget-image-caption wp-caption-text\">Chef de service: M.MEDDAH Hichem<\/figcaption>\n\t\t\t\t\t\t\t\t\t\t<\/figure>\n\t\t\t\t\t\t\t\t\t<\/div>\n\t\t\t\t<\/div>\n\t\t\t\t\t<\/div>\n\t\t<\/div>\n\t\t\t\t<div class=\"elementor-column elementor-col-50 elementor-top-column elementor-element elementor-element-b5241d8\" data-id=\"b5241d8\" data-element_type=\"column\">\n\t\t\t<div class=\"elementor-widget-wrap elementor-element-populated\">\n\t\t\t\t\t\t\t\t<div class=\"elementor-element elementor-element-555f5104 elementor-widget-divider--view-line elementor-widget elementor-widget-divider\" data-id=\"555f5104\" data-element_type=\"widget\" data-widget_type=\"divider.default\">\n\t\t\t\t<div class=\"elementor-widget-container\">\n\t\t\t\t\t<div class=\"elementor-divider\">\n\t\t\t<span class=\"elementor-divider-separator\">\n\t\t\t\t\t\t<\/span>\n\t\t<\/div>\n\t\t\t\t<\/div>\n\t\t\t\t<\/div>\n\t\t\t\t<div class=\"elementor-element elementor-element-7ded41f7 elementor-widget elementor-widget-heading\" data-id=\"7ded41f7\" data-element_type=\"widget\" data-widget_type=\"heading.default\">\n\t\t\t\t<div class=\"elementor-widget-container\">\n\t\t\t<p class=\"elementor-heading-title elementor-size-medium\">budget et comptabilit\u00e9<\/p>\t\t<\/div>\n\t\t\t\t<\/div>\n\t\t\t\t<div class=\"elementor-element elementor-element-a72e603 elementor-widget elementor-widget-text-editor\" data-id=\"a72e603\" data-element_type=\"widget\" data-widget_type=\"text-editor.default\">\n\t\t\t\t<div class=\"elementor-widget-container\">\n\t\t\t\t\t\t\t\t<p><strong>Le service du budget et de la comptabilit\u00e9 comprend les sections suivantes\u00a0<\/strong><\/p><ul><li>la section du budget (chef de section :Kassouar Mokhtar)<\/li><li>la section de la comptabilit\u00e9 (Chef section : ).<\/li><\/ul>\t\t\t\t\t\t<\/div>\n\t\t\t\t<\/div>\n\t\t\t\t\t<\/div>\n\t\t<\/div>\n\t\t\t\t\t\t\t<\/div>\n\t\t<\/section>\n\t\t\t\t<section class=\"elementor-section elementor-top-section elementor-element elementor-element-61e0767 elementor-section-boxed elementor-section-height-default elementor-section-height-default\" data-id=\"61e0767\" data-element_type=\"section\" data-settings=\"{&quot;background_background&quot;:&quot;classic&quot;}\">\n\t\t\t\t\t\t<div class=\"elementor-container elementor-column-gap-default\">\n\t\t\t\t\t<div class=\"elementor-column elementor-col-50 elementor-top-column elementor-element elementor-element-aee33a0\" data-id=\"aee33a0\" data-element_type=\"column\">\n\t\t\t<div class=\"elementor-widget-wrap elementor-element-populated\">\n\t\t\t\t\t\t\t\t<div class=\"elementor-element elementor-element-ed43f29 elementor-widget-divider--view-line elementor-widget elementor-widget-divider\" data-id=\"ed43f29\" data-element_type=\"widget\" data-widget_type=\"divider.default\">\n\t\t\t\t<div class=\"elementor-widget-container\">\n\t\t\t\t\t<div class=\"elementor-divider\">\n\t\t\t<span class=\"elementor-divider-separator\">\n\t\t\t\t\t\t<\/span>\n\t\t<\/div>\n\t\t\t\t<\/div>\n\t\t\t\t<\/div>\n\t\t\t\t<div class=\"elementor-element elementor-element-7df4ac8 elementor-widget elementor-widget-heading\" data-id=\"7df4ac8\" data-element_type=\"widget\" data-widget_type=\"heading.default\">\n\t\t\t\t<div class=\"elementor-widget-container\">\n\t\t\t<p class=\"elementor-heading-title elementor-size-small\"> moyens et de la maintenance<\/p>\t\t<\/div>\n\t\t\t\t<\/div>\n\t\t\t\t<div class=\"elementor-element elementor-element-39a6335 elementor-widget elementor-widget-text-editor\" data-id=\"39a6335\" data-element_type=\"widget\" data-widget_type=\"text-editor.default\">\n\t\t\t\t<div class=\"elementor-widget-container\">\n\t\t\t\t\t\t\t\t<p><strong>Le service des moyens et de la maintenance comprend les sections suivantes :<\/strong><\/p><ul><li>la section des moyens,<\/li><li>la section de la maintenance.<\/li><\/ul>\t\t\t\t\t\t<\/div>\n\t\t\t\t<\/div>\n\t\t\t\t\t<\/div>\n\t\t<\/div>\n\t\t\t\t<div class=\"elementor-column elementor-col-50 elementor-top-column elementor-element elementor-element-d583fe1\" data-id=\"d583fe1\" data-element_type=\"column\">\n\t\t\t<div class=\"elementor-widget-wrap elementor-element-populated\">\n\t\t\t\t\t\t\t\t<div class=\"elementor-element elementor-element-79e4fff elementor-widget elementor-widget-testimonial\" data-id=\"79e4fff\" data-element_type=\"widget\" data-widget_type=\"testimonial.default\">\n\t\t\t\t<div class=\"elementor-widget-container\">\n\t\t\t\t\t<div class=\"elementor-testimonial-wrapper elementor-testimonial-text-align-center\">\n\t\t\t\n\t\t\t\t\t\t<div class=\"elementor-testimonial-meta elementor-has-image elementor-testimonial-image-position-top\">\n\t\t\t\t<div class=\"elementor-testimonial-meta-inner\">\n\t\t\t\t\t\t\t\t\t\t\t<div class=\"elementor-testimonial-image\">\n\t\t\t\t\t\t\t<img width=\"1530\" height=\"2048\" src=\"https:\/\/www.univ-mascara.dz\/fsnv\/wp-content\/uploads\/2026\/03\/0aa2d0ae-d782-4bfe-9de0-e178ea49e93e-1.jpg\" class=\"attachment-full size-full\" alt=\"\" decoding=\"async\" loading=\"lazy\" srcset=\"https:\/\/www.univ-mascara.dz\/fsnv\/wp-content\/uploads\/2026\/03\/0aa2d0ae-d782-4bfe-9de0-e178ea49e93e-1.jpg 1530w, https:\/\/www.univ-mascara.dz\/fsnv\/wp-content\/uploads\/2026\/03\/0aa2d0ae-d782-4bfe-9de0-e178ea49e93e-1-224x300.jpg 224w, https:\/\/www.univ-mascara.dz\/fsnv\/wp-content\/uploads\/2026\/03\/0aa2d0ae-d782-4bfe-9de0-e178ea49e93e-1-765x1024.jpg 765w, https:\/\/www.univ-mascara.dz\/fsnv\/wp-content\/uploads\/2026\/03\/0aa2d0ae-d782-4bfe-9de0-e178ea49e93e-1-768x1028.jpg 768w, https:\/\/www.univ-mascara.dz\/fsnv\/wp-content\/uploads\/2026\/03\/0aa2d0ae-d782-4bfe-9de0-e178ea49e93e-1-1148x1536.jpg 1148w\" sizes=\"(max-width: 1530px) 100vw, 1530px\" \/>\t\t\t\t\t\t<\/div>\n\t\t\t\t\t\n\t\t\t\t\t\t\t\t\t\t<div class=\"elementor-testimonial-details\">\n\t\t\t\t\t\t\t\t\t\t\t\t\t\t<div class=\"elementor-testimonial-name\">mg.fsnv@univ-mascara.dz  <\/div>\n\t\t\t\t\t\t\t\t\t\t\t\t\t\t\t\t\t\t\t\t\t\t<div class=\"elementor-testimonial-job\">Chef de service: M. SOLTANI Mohamed<\/div>\n\t\t\t\t\t\t\t\t\t\t\t\t\t<\/div>\n\t\t\t\t\t\t\t\t\t<\/div>\n\t\t\t<\/div>\n\t\t\t\t\t<\/div>\n\t\t\t\t<\/div>\n\t\t\t\t<\/div>\n\t\t\t\t\t<\/div>\n\t\t<\/div>\n\t\t\t\t\t\t\t<\/div>\n\t\t<\/section>\n\t\t\t\t<section class=\"elementor-section elementor-top-section elementor-element elementor-element-7bfbca0 elementor-section-boxed elementor-section-height-default elementor-section-height-default\" data-id=\"7bfbca0\" data-element_type=\"section\" data-settings=\"{&quot;background_background&quot;:&quot;classic&quot;}\">\n\t\t\t\t\t\t<div class=\"elementor-container elementor-column-gap-default\">\n\t\t\t\t\t<div class=\"elementor-column elementor-col-100 elementor-top-column elementor-element elementor-element-c2fe741\" data-id=\"c2fe741\" data-element_type=\"column\">\n\t\t\t<div class=\"elementor-widget-wrap elementor-element-populated\">\n\t\t\t\t\t\t\t\t<div class=\"elementor-element elementor-element-520d162 elementor-widget-divider--view-line_text elementor-widget-divider--element-align-center elementor-widget elementor-widget-divider\" data-id=\"520d162\" data-element_type=\"widget\" data-widget_type=\"divider.default\">\n\t\t\t\t<div class=\"elementor-widget-container\">\n\t\t\t\t\t<div class=\"elementor-divider\">\n\t\t\t<span class=\"elementor-divider-separator\">\n\t\t\t\t\t\t\t<span class=\"elementor-divider__text elementor-divider__element\">CONTACT<\/span>\n\t\t\t\t\t\t<\/span>\n\t\t<\/div>\n\t\t\t\t<\/div>\n\t\t\t\t<\/div>\n\t\t\t\t\t<\/div>\n\t\t<\/div>\n\t\t\t\t\t\t\t<\/div>\n\t\t<\/section>\n\t\t\t\t<section class=\"elementor-section elementor-top-section elementor-element elementor-element-cf6aa6a elementor-section-height-min-height elementor-section-items-bottom elementor-section-content-top elementor-section-boxed elementor-section-height-default\" data-id=\"cf6aa6a\" data-element_type=\"section\" data-settings=\"{&quot;background_background&quot;:&quot;classic&quot;,&quot;animation&quot;:&quot;none&quot;}\">\n\t\t\t\t\t\t<div class=\"elementor-container elementor-column-gap-default\">\n\t\t\t\t\t<div class=\"elementor-column elementor-col-100 elementor-top-column elementor-element elementor-element-7bf72ea\" data-id=\"7bf72ea\" data-element_type=\"column\">\n\t\t\t<div class=\"elementor-widget-wrap elementor-element-populated\">\n\t\t\t\t\t\t\t\t<div class=\"elementor-element elementor-element-fc0f189 elementor-widget elementor-widget-heading\" data-id=\"fc0f189\" data-element_type=\"widget\" data-widget_type=\"heading.default\">\n\t\t\t\t<div class=\"elementor-widget-container\">\n\t\t\t<h2 class=\"elementor-heading-title elementor-size-default\">Secr\u00e9tariat g\u00e9n\u00e9ral\n<\/h2>\t\t<\/div>\n\t\t\t\t<\/div>\n\t\t\t\t<div class=\"elementor-element elementor-element-371d576 elementor-widget elementor-widget-heading\" data-id=\"371d576\" data-element_type=\"widget\" data-widget_type=\"heading.default\">\n\t\t\t\t<div class=\"elementor-widget-container\">\n\t\t\t<h2 class=\"elementor-heading-title elementor-size-default\">Sidi Said Biologie\n6 \u00e8me \u00e9tage\n<\/h2>\t\t<\/div>\n\t\t\t\t<\/div>\n\t\t\t\t<div class=\"elementor-element elementor-element-2c3735c elementor-widget elementor-widget-heading\" data-id=\"2c3735c\" data-element_type=\"widget\" data-widget_type=\"heading.default\">\n\t\t\t\t<div class=\"elementor-widget-container\">\n\t\t\t<h2 class=\"elementor-heading-title elementor-size-default\">T\u00e9l. :045 70 77 41\n<\/h2>\t\t<\/div>\n\t\t\t\t<\/div>\n\t\t\t\t<div class=\"elementor-element elementor-element-7e5638c elementor-widget elementor-widget-text-editor\" data-id=\"7e5638c\" data-element_type=\"widget\" data-widget_type=\"text-editor.default\">\n\t\t\t\t<div class=\"elementor-widget-container\">\n\t\t\t\t\t\t\t\t<p style=\"text-align: center;\"><span style=\"color: #000000;\"><a class=\"spip_mail\" style=\"color: #000000;\" title=\"sg.fsnv@univ-mascara.dz\" href=\"https:\/\/www.univ-mascara.dz\/fsnv\/index.php\/fr\/faculte\/secretariat-general#\">sg.fsnv<span class=\"cryptOK\">@<\/span>univ-mascara.dz<\/a><\/span><\/p>\t\t\t\t\t\t<\/div>\n\t\t\t\t<\/div>\n\t\t\t\t\t<\/div>\n\t\t<\/div>\n\t\t\t\t\t\t\t<\/div>\n\t\t<\/section>\n\t\t\t\t\t\t<\/div>\n\t\t\t\t\t<\/div>\n\t\t","protected":false},"excerpt":{"rendered":"<p>Secr\u00e9tariat g\u00e9n\u00e9ral FSNV La secr\u00e9taire g\u00e9n\u00e9ral de la facult\u00e9 est charg\u00e9 Pr\u00e9parer le projet de plan de gestion des ressources humaines de la facult\u00e9 et d\u2019en assurer l\u2019ex\u00e9cution ; D\u2019assurer la gestion des carri\u00e8res des personnels de la facult\u00e9 ; D\u2019assurer la gestion et la conservation des archives et de la documentation de la facult\u00e9 &hellip;<\/p>\n<p class=\"read-more\"> <a class=\"\" href=\"https:\/\/www.univ-mascara.dz\/fsnv\/?page_id=1899\"> <span class=\"screen-reader-text\">secr\u00e9tariat g\u00e9n\u00e9ral<\/span> Lire la suite\u00a0\u00bb<\/a><\/p>\n","protected":false},"author":3,"featured_media":0,"parent":0,"menu_order":0,"comment_status":"closed","ping_status":"closed","template":"","meta":[],"_links":{"self":[{"href":"https:\/\/www.univ-mascara.dz\/fsnv\/index.php?rest_route=\/wp\/v2\/pages\/1899"}],"collection":[{"href":"https:\/\/www.univ-mascara.dz\/fsnv\/index.php?rest_route=\/wp\/v2\/pages"}],"about":[{"href":"https:\/\/www.univ-mascara.dz\/fsnv\/index.php?rest_route=\/wp\/v2\/types\/page"}],"author":[{"embeddable":true,"href":"https:\/\/www.univ-mascara.dz\/fsnv\/index.php?rest_route=\/wp\/v2\/users\/3"}],"replies":[{"embeddable":true,"href":"https:\/\/www.univ-mascara.dz\/fsnv\/index.php?rest_route=%2Fwp%2Fv2%2Fcomments&post=1899"}],"version-history":[{"count":42,"href":"https:\/\/www.univ-mascara.dz\/fsnv\/index.php?rest_route=\/wp\/v2\/pages\/1899\/revisions"}],"predecessor-version":[{"id":12340,"href":"https:\/\/www.univ-mascara.dz\/fsnv\/index.php?rest_route=\/wp\/v2\/pages\/1899\/revisions\/12340"}],"wp:attachment":[{"href":"https:\/\/www.univ-mascara.dz\/fsnv\/index.php?rest_route=%2Fwp%2Fv2%2Fmedia&parent=1899"}],"curies":[{"name":"wp","href":"https:\/\/api.w.org\/{rel}","templated":true}]}}