{"id":2082,"date":"2021-07-13T11:35:40","date_gmt":"2021-07-13T10:35:40","guid":{"rendered":"http:\/\/193.194.87.76\/fsnv\/?page_id=2082"},"modified":"2026-03-15T12:16:44","modified_gmt":"2026-03-15T11:16:44","slug":"mot-dep-bio","status":"publish","type":"page","link":"https:\/\/www.univ-mascara.dz\/fsnv\/?page_id=2082","title":{"rendered":"motdepbio"},"content":{"rendered":"\t\t<div data-elementor-type=\"wp-page\" data-elementor-id=\"2082\" class=\"elementor elementor-2082\" data-elementor-settings=\"[]\">\n\t\t\t\t\t\t\t<div class=\"elementor-section-wrap\">\n\t\t\t\t\t\t\t<section class=\"elementor-section elementor-top-section elementor-element elementor-element-b1c6708 elementor-section-height-min-height elementor-section-boxed elementor-section-height-default elementor-section-items-middle\" data-id=\"b1c6708\" data-element_type=\"section\" data-settings=\"{&quot;background_background&quot;:&quot;classic&quot;}\">\n\t\t\t\t\t\t\t<div class=\"elementor-background-overlay\"><\/div>\n\t\t\t\t\t\t\t<div class=\"elementor-container elementor-column-gap-default\">\n\t\t\t\t\t<div class=\"elementor-column elementor-col-100 elementor-top-column elementor-element elementor-element-7585529\" data-id=\"7585529\" data-element_type=\"column\">\n\t\t\t<div class=\"elementor-widget-wrap elementor-element-populated\">\n\t\t\t\t\t\t\t\t<div class=\"elementor-element elementor-element-a5fc7e6 elementor-widget elementor-widget-heading\" data-id=\"a5fc7e6\" data-element_type=\"widget\" data-widget_type=\"heading.default\">\n\t\t\t\t<div class=\"elementor-widget-container\">\n\t\t\t<p class=\"elementor-heading-title elementor-size-medium\"><br><br><br><br>Mot du chef de d\u00e9partement    <\/p>\t\t<\/div>\n\t\t\t\t<\/div>\n\t\t\t\t<div class=\"elementor-element elementor-element-3ad3bb9 elementor-widget-divider--view-line elementor-widget elementor-widget-divider\" data-id=\"3ad3bb9\" data-element_type=\"widget\" data-widget_type=\"divider.default\">\n\t\t\t\t<div class=\"elementor-widget-container\">\n\t\t\t\t\t<div class=\"elementor-divider\">\n\t\t\t<span class=\"elementor-divider-separator\">\n\t\t\t\t\t\t<\/span>\n\t\t<\/div>\n\t\t\t\t<\/div>\n\t\t\t\t<\/div>\n\t\t\t\t\t<\/div>\n\t\t<\/div>\n\t\t\t\t\t\t\t<\/div>\n\t\t<\/section>\n\t\t\t\t<section class=\"elementor-section elementor-top-section elementor-element elementor-element-064a6be elementor-section-boxed elementor-section-height-default elementor-section-height-default\" data-id=\"064a6be\" data-element_type=\"section\" data-settings=\"{&quot;background_background&quot;:&quot;classic&quot;}\">\n\t\t\t\t\t\t<div class=\"elementor-container elementor-column-gap-default\">\n\t\t\t\t\t<div class=\"elementor-column elementor-col-100 elementor-top-column elementor-element elementor-element-7806118\" data-id=\"7806118\" data-element_type=\"column\">\n\t\t\t<div class=\"elementor-widget-wrap elementor-element-populated\">\n\t\t\t\t\t\t\t\t<div class=\"elementor-element elementor-element-d4fb1f6 eael-tooltip-align-left elementor-widget elementor-widget-eael-tooltip\" data-id=\"d4fb1f6\" data-element_type=\"widget\" data-widget_type=\"eael-tooltip.default\">\n\t\t\t\t<div class=\"elementor-widget-container\">\n\t\t\t\t<div class=\"eael-tooltip\">\n\t\t\t\t\t<span class=\"eael-tooltip-content\"><a href=\"\/fsnv\/?page_id=871\"  rel=\"nofollow\" >\t\t\t\t\t\t\t\t\t\t\t\t<i class=\"fas fa-reply\"><\/i>\n\t\t\t\t\t\t\t\t\t\t<\/a><\/span>\n  \t\t\t<span class=\"eael-tooltip-text eael-tooltip-right\"><p>Retour<\/p><\/span>\n  \t\t\t<\/div>\n\t\t\t<\/div>\n\t\t\t\t<\/div>\n\t\t\t\t<div class=\"elementor-element elementor-element-5cc9f71f elementor-widget-divider--view-line elementor-widget elementor-widget-divider\" data-id=\"5cc9f71f\" data-element_type=\"widget\" data-widget_type=\"divider.default\">\n\t\t\t\t<div class=\"elementor-widget-container\">\n\t\t\t\t\t<div class=\"elementor-divider\">\n\t\t\t<span class=\"elementor-divider-separator\">\n\t\t\t\t\t\t<\/span>\n\t\t<\/div>\n\t\t\t\t<\/div>\n\t\t\t\t<\/div>\n\t\t\t\t<div class=\"elementor-element elementor-element-41fdaa7 elementor-widget elementor-widget-heading\" data-id=\"41fdaa7\" data-element_type=\"widget\" data-widget_type=\"heading.default\">\n\t\t\t\t<div class=\"elementor-widget-container\">\n\t\t\t<p class=\"elementor-heading-title elementor-size-default\">Bienvenue au d\u00e9partement de biologie<\/p>\t\t<\/div>\n\t\t\t\t<\/div>\n\t\t\t\t<div class=\"elementor-element elementor-element-72dd409 elementor-widget elementor-widget-text-editor\" data-id=\"72dd409\" data-element_type=\"widget\" data-widget_type=\"text-editor.default\">\n\t\t\t\t<div class=\"elementor-widget-container\">\n\t\t\t\t\t\t\t\t<p style=\"text-align: center;\">Acqu\u00e9rir des connaissances th\u00e9oriques consolid\u00e9es par des travaux pratiques hebdomadaires, b\u00e9n\u00e9ficier d\u2019innovations techno-p\u00e9dagogiques, s\u2019initier au milieu professionnel via les stages et les sorties, et progresser et s\u2019\u00e9panouir dans un cadre o\u00f9 la relation humaine \u00e9tudiants-enseignants-administration est de qualit\u00e9, c\u2019est ce que vous offre le d\u00e9partement de biologie.<\/p><p style=\"text-align: center;\">En proposant la formation en trois fili\u00e8res\u00a0: sciences biologiques, sciences alimentaires et biotechnologie, nos \u00e9tudiants ont le choix de poursuivre leurs \u00e9tudes en plusieurs sp\u00e9cialit\u00e9s en licence et en mater. On est fier d\u2019avoir un encadrement acad\u00e9mique de haut niveau, attentif aux pr\u00e9occupations des \u00e9tudiants et engag\u00e9 dans une approche d\u2019am\u00e9lioration continue. Le\u00a0<strong>ratio enseignant\/\u00e9tudiant<\/strong>\u00a0dans notre d\u00e9partement est de\u00a0<strong>8.67<\/strong>, ce qui est au dessus de la norme mondiale, et est comparable \u00e0 celui des universit\u00e9s class\u00e9es au top 100 des meilleures universit\u00e9s du monde, et on y est\u00a0<strong>fier<\/strong>.<\/p><p style=\"text-align: center;\">Le d\u00e9partement que je dirige depuis des ann\u00e9es s\u2019ouvre \u00e0 son environnement socio-\u00e9conomique afin de permettre \u00e0 ses \u00e9tudiants une meilleure int\u00e9gration socioprofessionnelle. Ceci se concr\u00e9tise non seulement\u00a0 \u00e0 travers le nombre important de sorties et de stages que nous offrons \u00e0 nos \u00e9tudiants, mais aussi \u00e0 l\u2019embauche d\u2019un bon nombre de nos meilleurs \u00e9tudiants par nos partenaires socio\u00e9conomiques.<\/p><p style=\"text-align: center;\">La qualit\u00e9 de nos formations, le haut niveau que nos \u00e9tudiants d\u00e9montrent dans les diff\u00e9rents concours nationaux, le taux de r\u00e9ussite important ainsi que la bonne organisation du d\u00e9partement est \u00e9galement l\u2019\u0153uvre d\u2019une \u00e9quipe administrative d\u00e9vou\u00e9e et engag\u00e9e que je remercie vivement.<\/p><p style=\"text-align: center;\">Au nom de mes coll\u00e8gues enseignants et staff administratif du d\u00e9partement je vous souhaite bonne r\u00e9ussite et surtout bonne navigation.<span id=\"cloakcd1ab363894cfc915a44291f3d2836dc\"><\/span><\/p>\t\t\t\t\t\t<\/div>\n\t\t\t\t<\/div>\n\t\t\t\t<div class=\"elementor-element elementor-element-96526fb elementor-widget-divider--view-line elementor-widget elementor-widget-divider\" data-id=\"96526fb\" data-element_type=\"widget\" data-widget_type=\"divider.default\">\n\t\t\t\t<div class=\"elementor-widget-container\">\n\t\t\t\t\t<div class=\"elementor-divider\">\n\t\t\t<span class=\"elementor-divider-separator\">\n\t\t\t\t\t\t<\/span>\n\t\t<\/div>\n\t\t\t\t<\/div>\n\t\t\t\t<\/div>\n\t\t\t\t\t<\/div>\n\t\t<\/div>\n\t\t\t\t\t\t\t<\/div>\n\t\t<\/section>\n\t\t\t\t<section class=\"elementor-section elementor-top-section elementor-element elementor-element-01f9558 elementor-section-boxed elementor-section-height-default elementor-section-height-default\" data-id=\"01f9558\" data-element_type=\"section\" data-settings=\"{&quot;background_background&quot;:&quot;classic&quot;}\">\n\t\t\t\t\t\t\t<div class=\"elementor-background-overlay\"><\/div>\n\t\t\t\t\t\t\t<div class=\"elementor-container elementor-column-gap-default\">\n\t\t\t\t\t<div class=\"elementor-column elementor-col-100 elementor-top-column elementor-element elementor-element-1146272\" data-id=\"1146272\" data-element_type=\"column\">\n\t\t\t<div class=\"elementor-widget-wrap elementor-element-populated\">\n\t\t\t\t\t\t\t\t<div class=\"elementor-element elementor-element-2e26d78 elementor-widget elementor-widget-heading\" data-id=\"2e26d78\" data-element_type=\"widget\" data-widget_type=\"heading.default\">\n\t\t\t\t<div class=\"elementor-widget-container\">\n\t\t\t<p class=\"elementor-heading-title elementor-size-large\">Chef  d\u00e9partement<\/p>\t\t<\/div>\n\t\t\t\t<\/div>\n\t\t\t\t<div class=\"elementor-element elementor-element-e64cd75 elementor-widget elementor-widget-heading\" data-id=\"e64cd75\" data-element_type=\"widget\" data-widget_type=\"heading.default\">\n\t\t\t\t<div class=\"elementor-widget-container\">\n\t\t\t<p class=\"elementor-heading-title elementor-size-large\">yahia.boukhari@univ-mascara.dz<\/p>\t\t<\/div>\n\t\t\t\t<\/div>\n\t\t\t\t\t<\/div>\n\t\t<\/div>\n\t\t\t\t\t\t\t<\/div>\n\t\t<\/section>\n\t\t\t\t\t\t<\/div>\n\t\t\t\t\t<\/div>\n\t\t","protected":false},"excerpt":{"rendered":"<p>Mot du chef de d\u00e9partement Retour Bienvenue au d\u00e9partement de biologie Acqu\u00e9rir des connaissances th\u00e9oriques consolid\u00e9es par des travaux pratiques hebdomadaires, b\u00e9n\u00e9ficier d\u2019innovations techno-p\u00e9dagogiques, s\u2019initier au milieu professionnel via les stages et les sorties, et progresser et s\u2019\u00e9panouir dans un cadre o\u00f9 la relation humaine \u00e9tudiants-enseignants-administration est de qualit\u00e9, c\u2019est ce que vous offre le &hellip;<\/p>\n<p class=\"read-more\"> <a class=\"\" href=\"https:\/\/www.univ-mascara.dz\/fsnv\/?page_id=2082\"> <span class=\"screen-reader-text\">motdepbio<\/span> Lire la suite\u00a0\u00bb<\/a><\/p>\n","protected":false},"author":1,"featured_media":0,"parent":0,"menu_order":0,"comment_status":"closed","ping_status":"closed","template":"","meta":[],"_links":{"self":[{"href":"https:\/\/www.univ-mascara.dz\/fsnv\/index.php?rest_route=\/wp\/v2\/pages\/2082"}],"collection":[{"href":"https:\/\/www.univ-mascara.dz\/fsnv\/index.php?rest_route=\/wp\/v2\/pages"}],"about":[{"href":"https:\/\/www.univ-mascara.dz\/fsnv\/index.php?rest_route=\/wp\/v2\/types\/page"}],"author":[{"embeddable":true,"href":"https:\/\/www.univ-mascara.dz\/fsnv\/index.php?rest_route=\/wp\/v2\/users\/1"}],"replies":[{"embeddable":true,"href":"https:\/\/www.univ-mascara.dz\/fsnv\/index.php?rest_route=%2Fwp%2Fv2%2Fcomments&post=2082"}],"version-history":[{"count":15,"href":"https:\/\/www.univ-mascara.dz\/fsnv\/index.php?rest_route=\/wp\/v2\/pages\/2082\/revisions"}],"predecessor-version":[{"id":12397,"href":"https:\/\/www.univ-mascara.dz\/fsnv\/index.php?rest_route=\/wp\/v2\/pages\/2082\/revisions\/12397"}],"wp:attachment":[{"href":"https:\/\/www.univ-mascara.dz\/fsnv\/index.php?rest_route=%2Fwp%2Fv2%2Fmedia&parent=2082"}],"curies":[{"name":"wp","href":"https:\/\/api.w.org\/{rel}","templated":true}]}}