{"id":2094,"date":"2021-07-13T11:58:43","date_gmt":"2021-07-13T10:58:43","guid":{"rendered":"http:\/\/193.194.87.76\/fsnv\/?page_id=2094"},"modified":"2026-03-15T12:17:29","modified_gmt":"2026-03-15T11:17:29","slug":"pres-dep-bio","status":"publish","type":"page","link":"https:\/\/www.univ-mascara.dz\/fsnv\/?page_id=2094","title":{"rendered":"presdepbio"},"content":{"rendered":"\t\t<div data-elementor-type=\"wp-page\" data-elementor-id=\"2094\" class=\"elementor elementor-2094\" data-elementor-settings=\"[]\">\n\t\t\t\t\t\t\t<div class=\"elementor-section-wrap\">\n\t\t\t\t\t\t\t<section class=\"elementor-section elementor-top-section elementor-element elementor-element-9721fc8 elementor-section-height-min-height elementor-section-boxed elementor-section-height-default elementor-section-items-middle\" data-id=\"9721fc8\" data-element_type=\"section\" data-settings=\"{&quot;background_background&quot;:&quot;classic&quot;}\">\n\t\t\t\t\t\t\t<div class=\"elementor-background-overlay\"><\/div>\n\t\t\t\t\t\t\t<div class=\"elementor-container elementor-column-gap-default\">\n\t\t\t\t\t<div class=\"elementor-column elementor-col-100 elementor-top-column elementor-element elementor-element-ca19b45\" data-id=\"ca19b45\" data-element_type=\"column\">\n\t\t\t<div class=\"elementor-widget-wrap elementor-element-populated\">\n\t\t\t\t\t\t\t\t<div class=\"elementor-element elementor-element-1f12017 elementor-widget elementor-widget-heading\" data-id=\"1f12017\" data-element_type=\"widget\" data-widget_type=\"heading.default\">\n\t\t\t\t<div class=\"elementor-widget-container\">\n\t\t\t<p class=\"elementor-heading-title elementor-size-medium\"><br><br><br><br>PRESENTATION DU DEPARTEMENT<\/p>\t\t<\/div>\n\t\t\t\t<\/div>\n\t\t\t\t<div class=\"elementor-element elementor-element-9bbe25d elementor-widget elementor-widget-heading\" data-id=\"9bbe25d\" data-element_type=\"widget\" data-widget_type=\"heading.default\">\n\t\t\t\t<div class=\"elementor-widget-container\">\n\t\t\t<h2 class=\"elementor-heading-title elementor-size-default\">\n<\/h2>\t\t<\/div>\n\t\t\t\t<\/div>\n\t\t\t\t<div class=\"elementor-element elementor-element-4845ed9 elementor-widget-divider--view-line elementor-widget elementor-widget-divider\" data-id=\"4845ed9\" data-element_type=\"widget\" data-widget_type=\"divider.default\">\n\t\t\t\t<div class=\"elementor-widget-container\">\n\t\t\t\t\t<div class=\"elementor-divider\">\n\t\t\t<span class=\"elementor-divider-separator\">\n\t\t\t\t\t\t<\/span>\n\t\t<\/div>\n\t\t\t\t<\/div>\n\t\t\t\t<\/div>\n\t\t\t\t\t<\/div>\n\t\t<\/div>\n\t\t\t\t\t\t\t<\/div>\n\t\t<\/section>\n\t\t\t\t<section class=\"elementor-section elementor-top-section elementor-element elementor-element-064a6be elementor-section-boxed elementor-section-height-default elementor-section-height-default\" data-id=\"064a6be\" data-element_type=\"section\" data-settings=\"{&quot;background_background&quot;:&quot;classic&quot;}\">\n\t\t\t\t\t\t<div class=\"elementor-container elementor-column-gap-default\">\n\t\t\t\t\t<div class=\"elementor-column elementor-col-100 elementor-top-column elementor-element elementor-element-7806118\" data-id=\"7806118\" data-element_type=\"column\">\n\t\t\t<div class=\"elementor-widget-wrap elementor-element-populated\">\n\t\t\t\t\t\t\t\t<div class=\"elementor-element elementor-element-ed8cffb eael-tooltip-align-left elementor-widget elementor-widget-eael-tooltip\" data-id=\"ed8cffb\" data-element_type=\"widget\" data-widget_type=\"eael-tooltip.default\">\n\t\t\t\t<div class=\"elementor-widget-container\">\n\t\t\t\t<div class=\"eael-tooltip\">\n\t\t\t\t\t<span class=\"eael-tooltip-content\"><a href=\"\/fsnv\/?page_id=871\"  rel=\"nofollow\" >\t\t\t\t\t\t\t\t\t\t\t\t<i class=\"fas fa-reply\"><\/i>\n\t\t\t\t\t\t\t\t\t\t<\/a><\/span>\n  \t\t\t<span class=\"eael-tooltip-text eael-tooltip-right\"><p>retour<\/p><\/span>\n  \t\t\t<\/div>\n\t\t\t<\/div>\n\t\t\t\t<\/div>\n\t\t\t\t<div class=\"elementor-element elementor-element-5cc9f71f elementor-widget-divider--view-line elementor-widget elementor-widget-divider\" data-id=\"5cc9f71f\" data-element_type=\"widget\" data-widget_type=\"divider.default\">\n\t\t\t\t<div class=\"elementor-widget-container\">\n\t\t\t\t\t<div class=\"elementor-divider\">\n\t\t\t<span class=\"elementor-divider-separator\">\n\t\t\t\t\t\t<\/span>\n\t\t<\/div>\n\t\t\t\t<\/div>\n\t\t\t\t<\/div>\n\t\t\t\t<div class=\"elementor-element elementor-element-ccbef16 elementor-widget elementor-widget-image\" data-id=\"ccbef16\" data-element_type=\"widget\" data-widget_type=\"image.default\">\n\t\t\t\t<div class=\"elementor-widget-container\">\n\t\t\t\t\t\t\t\t\t\t\t\t\t\t\t<img width=\"400\" height=\"300\" src=\"https:\/\/www.univ-mascara.dz\/fsnv\/wp-content\/uploads\/2021\/07\/dep-bio.gif\" class=\"attachment-large size-large\" alt=\"\" decoding=\"async\" loading=\"lazy\" \/>\t\t\t\t\t\t\t\t\t\t\t\t\t\t\t<\/div>\n\t\t\t\t<\/div>\n\t\t\t\t<div class=\"elementor-element elementor-element-41fdaa7 elementor-widget elementor-widget-heading\" data-id=\"41fdaa7\" data-element_type=\"widget\" data-widget_type=\"heading.default\">\n\t\t\t\t<div class=\"elementor-widget-container\">\n\t\t\t<p class=\"elementor-heading-title elementor-size-default\">Bienvenue au d\u00e9partement de biologie<\/p>\t\t<\/div>\n\t\t\t\t<\/div>\n\t\t\t\t<div class=\"elementor-element elementor-element-72dd409 elementor-widget elementor-widget-text-editor\" data-id=\"72dd409\" data-element_type=\"widget\" data-widget_type=\"text-editor.default\">\n\t\t\t\t<div class=\"elementor-widget-container\">\n\t\t\t\t\t\t\t\t<div class=\"Section1\"><p>\u00a0 \u00a0 \u00a0Le d\u00e9partement de biologie est l\u2019un des trois d\u00e9partements que compte la facult\u00e9 des sciences de la nature et de la vie. Cr\u00e9\u00e9 en 1997, le d\u00e9partement assure la formation des \u00e9tudiants en trois fili\u00e8res : sciences biologiques, sciences alimentaires et biotechnologies.<\/p><p>Les formations propos\u00e9es couvrent plusieurs disciplines :<\/p><ol><li>Biochimie,<\/li><li>\u00a0Nutrition et di\u00e9t\u00e9tique,<\/li><li>\u00a0Sciences alimentaires,<\/li><li>Microbiologie,<\/li><li>Biotechnologies,<\/li><li>\u00a0Assurance qualit\u00e9,<\/li><li>\u00a0Valorisation des substances naturelles.<\/li><\/ol><p style=\"text-align: justify;\">\u00a0 \u00a0 \u00a0 \u00a0 Le d\u00e9partement est fier de proposer \u00e0 ses \u00e9tudiants une formation de qualit\u00e9, dispens\u00e9e au sein de ses locaux sis au campus universitaire de Sidi Said. Cette formation est assur\u00e9e par un staff acad\u00e9mique de 77 enseignants-chercheurs dont 14 de rang magistral. Les enseignements au d\u00e9partement de biologie se caract\u00e9risent par la consolidation des connaissances th\u00e9oriques par un nombre important de travaux pratiques r\u00e9alis\u00e9s au niveau des laboratoires p\u00e9dagogiques de la facult\u00e9. Egalement, le d\u00e9partement organise p\u00e9riodiquement des sorties p\u00e9dagogiques aux diff\u00e9rentes entreprises et \u00e9tablissements \u00e0 l\u2019int\u00e9rieur de la wilaya de Mascara comme dans les autres wilayas du pays. Dans ce contexte, le d\u00e9partement d\u00e9veloppe un partenariat constructif avec le tissu socio\u00e9conomique environnant, ce qui facilite pleinement l\u2019acc\u00e8s de nos \u00e9tudiants aux diff\u00e9rentes entreprises lors de la r\u00e9alisation des stages ou des m\u00e9moires de fin d\u2019\u00e9tude.<\/p><p style=\"text-align: justify;\">\u00a0 \u00a0 \u00a0 \u00a0 Conscient des enjeux socio-\u00e9conomiques que l\u2019universit\u00e9 doit affronter, le d\u00e9partement de biologie adopte une approche d\u2019innovation continue tant au niveau de la gestion participative, les m\u00e9thodes p\u00e9dagogiques qu\u2019au niveau de la proposition de nouvelles formations en r\u00e9ponse aux besoins des partenaires socio-\u00e9conomiques. Ainsi, l\u2019int\u00e9gration des nouvelles technologies de l\u2019information et de la communication fait partie int\u00e9grante des m\u00e9thodes d\u2019enseignements des diff\u00e9rentes mati\u00e8res.<\/p><p><strong>Le d\u00e9partement de biologie c\u2019est<\/strong>\u00a0:<\/p><\/div><ul><li>77 enseignants-chercheurs<\/li><li>668 \u00e9tudiants inscrits en 2016-2017<\/li><li>5 formations master<\/li><li>3 formations licence<\/li><li>126 dipl\u00f4m\u00e9s master en 2015-2016<\/li><li>155 dipl\u00f4m\u00e9s licence en 2015-2016<\/li><\/ul>\t\t\t\t\t\t<\/div>\n\t\t\t\t<\/div>\n\t\t\t\t<div class=\"elementor-element elementor-element-96526fb elementor-widget-divider--view-line elementor-widget elementor-widget-divider\" data-id=\"96526fb\" data-element_type=\"widget\" data-widget_type=\"divider.default\">\n\t\t\t\t<div class=\"elementor-widget-container\">\n\t\t\t\t\t<div class=\"elementor-divider\">\n\t\t\t<span class=\"elementor-divider-separator\">\n\t\t\t\t\t\t<\/span>\n\t\t<\/div>\n\t\t\t\t<\/div>\n\t\t\t\t<\/div>\n\t\t\t\t\t<\/div>\n\t\t<\/div>\n\t\t\t\t\t\t\t<\/div>\n\t\t<\/section>\n\t\t\t\t<section class=\"elementor-section elementor-top-section elementor-element elementor-element-4a1b9de elementor-section-boxed elementor-section-height-default elementor-section-height-default\" data-id=\"4a1b9de\" data-element_type=\"section\" data-settings=\"{&quot;background_background&quot;:&quot;classic&quot;}\">\n\t\t\t\t\t\t\t<div class=\"elementor-background-overlay\"><\/div>\n\t\t\t\t\t\t\t<div class=\"elementor-container elementor-column-gap-default\">\n\t\t\t\t\t<div class=\"elementor-column elementor-col-100 elementor-top-column elementor-element elementor-element-0f745c2\" data-id=\"0f745c2\" data-element_type=\"column\">\n\t\t\t<div class=\"elementor-widget-wrap elementor-element-populated\">\n\t\t\t\t\t\t\t\t<div class=\"elementor-element elementor-element-5ba1431 elementor-widget elementor-widget-heading\" data-id=\"5ba1431\" data-element_type=\"widget\" data-widget_type=\"heading.default\">\n\t\t\t\t<div class=\"elementor-widget-container\">\n\t\t\t<p class=\"elementor-heading-title elementor-size-large\">Chef  d\u00e9partement<\/p>\t\t<\/div>\n\t\t\t\t<\/div>\n\t\t\t\t<div class=\"elementor-element elementor-element-b2b350c elementor-widget elementor-widget-heading\" data-id=\"b2b350c\" data-element_type=\"widget\" data-widget_type=\"heading.default\">\n\t\t\t\t<div class=\"elementor-widget-container\">\n\t\t\t<p class=\"elementor-heading-title elementor-size-large\">yahia.boukhari@univ-mascara.dz<\/p>\t\t<\/div>\n\t\t\t\t<\/div>\n\t\t\t\t\t<\/div>\n\t\t<\/div>\n\t\t\t\t\t\t\t<\/div>\n\t\t<\/section>\n\t\t\t\t\t\t<\/div>\n\t\t\t\t\t<\/div>\n\t\t","protected":false},"excerpt":{"rendered":"<p>PRESENTATION DU DEPARTEMENT retour Bienvenue au d\u00e9partement de biologie \u00a0 \u00a0 \u00a0Le d\u00e9partement de biologie est l\u2019un des trois d\u00e9partements que compte la facult\u00e9 des sciences de la nature et de la vie. Cr\u00e9\u00e9 en 1997, le d\u00e9partement assure la formation des \u00e9tudiants en trois fili\u00e8res : sciences biologiques, sciences alimentaires et biotechnologies. Les formations &hellip;<\/p>\n<p class=\"read-more\"> <a class=\"\" href=\"https:\/\/www.univ-mascara.dz\/fsnv\/?page_id=2094\"> <span class=\"screen-reader-text\">presdepbio<\/span> Lire la suite\u00a0\u00bb<\/a><\/p>\n","protected":false},"author":1,"featured_media":0,"parent":0,"menu_order":0,"comment_status":"closed","ping_status":"closed","template":"","meta":[],"_links":{"self":[{"href":"https:\/\/www.univ-mascara.dz\/fsnv\/index.php?rest_route=\/wp\/v2\/pages\/2094"}],"collection":[{"href":"https:\/\/www.univ-mascara.dz\/fsnv\/index.php?rest_route=\/wp\/v2\/pages"}],"about":[{"href":"https:\/\/www.univ-mascara.dz\/fsnv\/index.php?rest_route=\/wp\/v2\/types\/page"}],"author":[{"embeddable":true,"href":"https:\/\/www.univ-mascara.dz\/fsnv\/index.php?rest_route=\/wp\/v2\/users\/1"}],"replies":[{"embeddable":true,"href":"https:\/\/www.univ-mascara.dz\/fsnv\/index.php?rest_route=%2Fwp%2Fv2%2Fcomments&post=2094"}],"version-history":[{"count":36,"href":"https:\/\/www.univ-mascara.dz\/fsnv\/index.php?rest_route=\/wp\/v2\/pages\/2094\/revisions"}],"predecessor-version":[{"id":12400,"href":"https:\/\/www.univ-mascara.dz\/fsnv\/index.php?rest_route=\/wp\/v2\/pages\/2094\/revisions\/12400"}],"wp:attachment":[{"href":"https:\/\/www.univ-mascara.dz\/fsnv\/index.php?rest_route=%2Fwp%2Fv2%2Fmedia&parent=2094"}],"curies":[{"name":"wp","href":"https:\/\/api.w.org\/{rel}","templated":true}]}}