{"id":2285,"date":"2021-07-14T14:22:01","date_gmt":"2021-07-14T13:22:01","guid":{"rendered":"http:\/\/193.194.87.76\/fsnv\/?page_id=2285"},"modified":"2026-03-15T12:13:17","modified_gmt":"2026-03-15T11:13:17","slug":"mot-dep-agro","status":"publish","type":"page","link":"https:\/\/www.univ-mascara.dz\/fsnv\/?page_id=2285","title":{"rendered":"motdepagro"},"content":{"rendered":"\t\t<div data-elementor-type=\"wp-page\" data-elementor-id=\"2285\" class=\"elementor elementor-2285\" data-elementor-settings=\"[]\">\n\t\t\t\t\t\t\t<div class=\"elementor-section-wrap\">\n\t\t\t\t\t\t\t<section class=\"elementor-section elementor-top-section elementor-element elementor-element-7c125bb9 elementor-section-height-min-height elementor-section-boxed elementor-section-height-default elementor-section-items-middle\" data-id=\"7c125bb9\" data-element_type=\"section\" data-settings=\"{&quot;background_background&quot;:&quot;classic&quot;}\">\n\t\t\t\t\t\t\t<div class=\"elementor-background-overlay\"><\/div>\n\t\t\t\t\t\t\t<div class=\"elementor-container elementor-column-gap-default\">\n\t\t\t\t\t<div class=\"elementor-column elementor-col-100 elementor-top-column elementor-element elementor-element-6b9d1113\" data-id=\"6b9d1113\" data-element_type=\"column\">\n\t\t\t<div class=\"elementor-widget-wrap elementor-element-populated\">\n\t\t\t\t\t\t\t\t<div class=\"elementor-element elementor-element-5fcf5024 elementor-widget elementor-widget-heading\" data-id=\"5fcf5024\" data-element_type=\"widget\" data-widget_type=\"heading.default\">\n\t\t\t\t<div class=\"elementor-widget-container\">\n\t\t\t<p class=\"elementor-heading-title elementor-size-medium\"><br><br><br><br>Mot du chef de d\u00e9partement    <\/p>\t\t<\/div>\n\t\t\t\t<\/div>\n\t\t\t\t\t<\/div>\n\t\t<\/div>\n\t\t\t\t\t\t\t<\/div>\n\t\t<\/section>\n\t\t\t\t<section class=\"elementor-section elementor-top-section elementor-element elementor-element-064a6be elementor-section-boxed elementor-section-height-default elementor-section-height-default\" data-id=\"064a6be\" data-element_type=\"section\" data-settings=\"{&quot;background_background&quot;:&quot;classic&quot;}\">\n\t\t\t\t\t\t<div class=\"elementor-container elementor-column-gap-default\">\n\t\t\t\t\t<div class=\"elementor-column elementor-col-100 elementor-top-column elementor-element elementor-element-7806118\" data-id=\"7806118\" data-element_type=\"column\">\n\t\t\t<div class=\"elementor-widget-wrap elementor-element-populated\">\n\t\t\t\t\t\t\t\t<div class=\"elementor-element elementor-element-d4fb1f6 eael-tooltip-align-left elementor-widget elementor-widget-eael-tooltip\" data-id=\"d4fb1f6\" data-element_type=\"widget\" data-widget_type=\"eael-tooltip.default\">\n\t\t\t\t<div class=\"elementor-widget-container\">\n\t\t\t\t<div class=\"eael-tooltip\">\n\t\t\t\t\t<span class=\"eael-tooltip-content\"><a href=\"\/fsnv\/?page_id=2279\"  rel=\"nofollow\" >\t\t\t\t\t\t\t\t\t\t\t\t<i class=\"fas fa-reply\"><\/i>\n\t\t\t\t\t\t\t\t\t\t<\/a><\/span>\n  \t\t\t<span class=\"eael-tooltip-text eael-tooltip-right\"><p>Retour<\/p><\/span>\n  \t\t\t<\/div>\n\t\t\t<\/div>\n\t\t\t\t<\/div>\n\t\t\t\t<div class=\"elementor-element elementor-element-5cc9f71f elementor-widget-divider--view-line elementor-widget elementor-widget-divider\" data-id=\"5cc9f71f\" data-element_type=\"widget\" data-widget_type=\"divider.default\">\n\t\t\t\t<div class=\"elementor-widget-container\">\n\t\t\t\t\t<div class=\"elementor-divider\">\n\t\t\t<span class=\"elementor-divider-separator\">\n\t\t\t\t\t\t<\/span>\n\t\t<\/div>\n\t\t\t\t<\/div>\n\t\t\t\t<\/div>\n\t\t\t\t<div class=\"elementor-element elementor-element-41fdaa7 elementor-widget elementor-widget-heading\" data-id=\"41fdaa7\" data-element_type=\"widget\" data-widget_type=\"heading.default\">\n\t\t\t\t<div class=\"elementor-widget-container\">\n\t\t\t<h3 class=\"elementor-heading-title elementor-size-default\">Bienvenue auD\u00e9partement des Sciences Agronomiques<\/h3>\t\t<\/div>\n\t\t\t\t<\/div>\n\t\t\t\t<div class=\"elementor-element elementor-element-72dd409 elementor-widget elementor-widget-text-editor\" data-id=\"72dd409\" data-element_type=\"widget\" data-widget_type=\"text-editor.default\">\n\t\t\t\t<div class=\"elementor-widget-container\">\n\t\t\t\t\t\t\t\t<p style=\"text-align: justify;\">Le D\u00e9partement des Sciences Agronomiques que je dirige repr\u00e9sente un espace incontournable pour le d\u00e9veloppement scientifique et technologique en vue d\u2019assurer des formations de hauts niveaux dans les trois cycles. Pour se faire, les formations sont centr\u00e9es sur les facteurs \u00e9cologiques durables qui sont l\u2019eau, le sol, les v\u00e9g\u00e9taux et les animaux.<\/p><p style=\"text-align: justify;\">La ferme exp\u00e9rimentale rattach\u00e9e au d\u00e9partement permet \u00e0 l\u2019ensemble des chercheurs (\u00e9tudiants et enseignants) d\u2019acqu\u00e9rir des connaissancesaussi bien sur le planth\u00e9oriqueque pratique sous la responsabilit\u00e9 d\u2019enseignants exp\u00e9riment\u00e9s et comp\u00e9tents. La ferme,espace d\u00e9terminant, permet aux \u00e9tudiants de r\u00e9aliser leurs m\u00e9moireset th\u00e8ses de fin d\u2019\u00e9tudes dans des bonnes conditions.<\/p><p style=\"text-align: justify;\">Le d\u00e9partement des sciences agronomiques qui g\u00e8re deux domaines, Sciences de la Terre et de l\u2019Univers (STU) et Sciences de la Nature et de la Vie (SNV) propose plusieurs formations en licence et master traitant des sp\u00e9cialit\u00e9s suivantes:<\/p><p style=\"text-align: justify;\"><strong>STU\u00a0:<\/strong>\u00a0une licence en Hydrog\u00e9ologie et un master en Hydrog\u00e9ologie<\/p><p style=\"text-align: justify;\"><strong>SNV\u00a0:<\/strong>\u00a0Trois sp\u00e9cialit\u00e9s en licence, \u00e0 savoir\u00a0: Production Animale, Protection des V\u00e9g\u00e9taux, et Production V\u00e9g\u00e9tale. Il propose aussi quatre sp\u00e9cialit\u00e9s en Master\u00a0: Phytopharmacie Appliqu\u00e9e, Cultures P\u00e9rennes, Production et Nutrition Animale, et Protection des V\u00e9g\u00e9taux.<\/p><p style=\"text-align: justify;\">En sus des formations gradu\u00e9es suscit\u00e9es, le d\u00e9partement assure une formation doctorale en \u2018Production et Protection des V\u00e9g\u00e9taux\u2019.<\/p><p style=\"text-align: justify;\">Toutes ces formations sont r\u00e9alis\u00e9es en parfaite corr\u00e9lation avec les techniques modernes et innovantes.<\/p><p style=\"text-align: justify;\">Le d\u00e9partement adopte une politique d\u2019ouverture sur l\u2019environnement socio-\u00e9conomique aussi bien dans la r\u00e9gion de Mascara qu\u2019\u00e0 travers le pays tout entier, ceci dans le but de pr\u00e9parer les \u00e9tudiants dipl\u00f4m\u00e9s \u00e0 une int\u00e9gration socioprofessionnelle gr\u00e2ce \u00e0 une multitude de stages et de sorties p\u00e9dagogiques. Il est aussi n\u00e9cessaire d\u2019attirer l\u2019attention sur la qualit\u00e9 des formations propos\u00e9es qui se traduit par un taux de r\u00e9ussite important ouvrant la voie \u00e0 nos \u00e9tudiants dipl\u00f4m\u00e9s vers de nombreuses possibilit\u00e9s d\u2019emplois dans le secteur agricole qui est sans le rappeler en plein d\u00e9veloppement dans notre pays en g\u00e9n\u00e9ral et la wilaya de Mascara en particulier.<\/p><p style=\"text-align: justify;\">Il est essentiel dans ce contexte de souligner que le d\u00e9partement, sous la bienveillance de Monsieur le Doyen, Messieurs les Vice-doyens ainsi que les diff\u00e9rents chefs de services (aussi importants les uns que les autres), comporte d\u2019un staff administratif\u00a0 studieux et laborieux qui veillant chacun dans son domaine \u00e0 la bonne marche du d\u00e9partement.<\/p><p style=\"text-align: justify;\">Enfin, en mon nom et au nom de tous les enseignants et staff administratif, je souhaite \u00e0 l\u2019ensemble de nos \u00e9tudiantes plein de\u00a0 r\u00e9ussites.<\/p><p style=\"text-align: justify;\"><strong>Le Chef du d\u00e9partement<\/strong><\/p><p><strong>Pr.MOUMMOU Malika<\/strong><\/p><p>\u00a0<\/p>\t\t\t\t\t\t<\/div>\n\t\t\t\t<\/div>\n\t\t\t\t<div class=\"elementor-element elementor-element-96526fb elementor-widget-divider--view-line elementor-widget elementor-widget-divider\" data-id=\"96526fb\" data-element_type=\"widget\" data-widget_type=\"divider.default\">\n\t\t\t\t<div class=\"elementor-widget-container\">\n\t\t\t\t\t<div class=\"elementor-divider\">\n\t\t\t<span class=\"elementor-divider-separator\">\n\t\t\t\t\t\t<\/span>\n\t\t<\/div>\n\t\t\t\t<\/div>\n\t\t\t\t<\/div>\n\t\t\t\t\t<\/div>\n\t\t<\/div>\n\t\t\t\t\t\t\t<\/div>\n\t\t<\/section>\n\t\t\t\t<section class=\"elementor-section elementor-top-section elementor-element elementor-element-8257113 elementor-section-boxed elementor-section-height-default elementor-section-height-default\" data-id=\"8257113\" data-element_type=\"section\" data-settings=\"{&quot;background_background&quot;:&quot;classic&quot;}\">\n\t\t\t\t\t\t\t<div class=\"elementor-background-overlay\"><\/div>\n\t\t\t\t\t\t\t<div class=\"elementor-container elementor-column-gap-default\">\n\t\t\t\t\t<div class=\"elementor-column elementor-col-100 elementor-top-column elementor-element elementor-element-8e3f53c\" data-id=\"8e3f53c\" data-element_type=\"column\">\n\t\t\t<div class=\"elementor-widget-wrap elementor-element-populated\">\n\t\t\t\t\t\t\t\t<div class=\"elementor-element elementor-element-274c304 elementor-widget elementor-widget-heading\" data-id=\"274c304\" data-element_type=\"widget\" data-widget_type=\"heading.default\">\n\t\t\t\t<div class=\"elementor-widget-container\">\n\t\t\t<p class=\"elementor-heading-title elementor-size-large\">Chef de d\u00e9partement\n<br>\ndep.agro-snv@univ-mascara.dz<\/p>\t\t<\/div>\n\t\t\t\t<\/div>\n\t\t\t\t\t<\/div>\n\t\t<\/div>\n\t\t\t\t\t\t\t<\/div>\n\t\t<\/section>\n\t\t\t\t\t\t<\/div>\n\t\t\t\t\t<\/div>\n\t\t","protected":false},"excerpt":{"rendered":"<p>Mot du chef de d\u00e9partement Retour Bienvenue auD\u00e9partement des Sciences Agronomiques Le D\u00e9partement des Sciences Agronomiques que je dirige repr\u00e9sente un espace incontournable pour le d\u00e9veloppement scientifique et technologique en vue d\u2019assurer des formations de hauts niveaux dans les trois cycles. Pour se faire, les formations sont centr\u00e9es sur les facteurs \u00e9cologiques durables qui sont &hellip;<\/p>\n<p class=\"read-more\"> <a class=\"\" href=\"https:\/\/www.univ-mascara.dz\/fsnv\/?page_id=2285\"> <span class=\"screen-reader-text\">motdepagro<\/span> Lire la suite\u00a0\u00bb<\/a><\/p>\n","protected":false},"author":3,"featured_media":0,"parent":0,"menu_order":0,"comment_status":"closed","ping_status":"closed","template":"","meta":[],"_links":{"self":[{"href":"https:\/\/www.univ-mascara.dz\/fsnv\/index.php?rest_route=\/wp\/v2\/pages\/2285"}],"collection":[{"href":"https:\/\/www.univ-mascara.dz\/fsnv\/index.php?rest_route=\/wp\/v2\/pages"}],"about":[{"href":"https:\/\/www.univ-mascara.dz\/fsnv\/index.php?rest_route=\/wp\/v2\/types\/page"}],"author":[{"embeddable":true,"href":"https:\/\/www.univ-mascara.dz\/fsnv\/index.php?rest_route=\/wp\/v2\/users\/3"}],"replies":[{"embeddable":true,"href":"https:\/\/www.univ-mascara.dz\/fsnv\/index.php?rest_route=%2Fwp%2Fv2%2Fcomments&post=2285"}],"version-history":[{"count":12,"href":"https:\/\/www.univ-mascara.dz\/fsnv\/index.php?rest_route=\/wp\/v2\/pages\/2285\/revisions"}],"predecessor-version":[{"id":12388,"href":"https:\/\/www.univ-mascara.dz\/fsnv\/index.php?rest_route=\/wp\/v2\/pages\/2285\/revisions\/12388"}],"wp:attachment":[{"href":"https:\/\/www.univ-mascara.dz\/fsnv\/index.php?rest_route=%2Fwp%2Fv2%2Fmedia&parent=2285"}],"curies":[{"name":"wp","href":"https:\/\/api.w.org\/{rel}","templated":true}]}}