{"id":2306,"date":"2021-07-14T14:34:57","date_gmt":"2021-07-14T13:34:57","guid":{"rendered":"http:\/\/193.194.87.76\/fsnv\/?page_id=2306"},"modified":"2026-03-15T12:10:14","modified_gmt":"2026-03-15T11:10:14","slug":"pres-dep-agro","status":"publish","type":"page","link":"https:\/\/www.univ-mascara.dz\/fsnv\/?page_id=2306","title":{"rendered":"presdepagro"},"content":{"rendered":"\t\t<div data-elementor-type=\"wp-page\" data-elementor-id=\"2306\" class=\"elementor elementor-2306\" data-elementor-settings=\"[]\">\n\t\t\t\t\t\t\t<div class=\"elementor-section-wrap\">\n\t\t\t\t\t\t\t<section class=\"elementor-section elementor-top-section elementor-element elementor-element-7c125bb9 elementor-section-height-min-height elementor-section-boxed elementor-section-height-default elementor-section-items-middle\" data-id=\"7c125bb9\" data-element_type=\"section\" data-settings=\"{&quot;background_background&quot;:&quot;classic&quot;}\">\n\t\t\t\t\t\t\t<div class=\"elementor-background-overlay\"><\/div>\n\t\t\t\t\t\t\t<div class=\"elementor-container elementor-column-gap-default\">\n\t\t\t\t\t<div class=\"elementor-column elementor-col-100 elementor-top-column elementor-element elementor-element-6b9d1113\" data-id=\"6b9d1113\" data-element_type=\"column\">\n\t\t\t<div class=\"elementor-widget-wrap elementor-element-populated\">\n\t\t\t\t\t\t\t\t<div class=\"elementor-element elementor-element-5fcf5024 elementor-widget elementor-widget-heading\" data-id=\"5fcf5024\" data-element_type=\"widget\" data-widget_type=\"heading.default\">\n\t\t\t\t<div class=\"elementor-widget-container\">\n\t\t\t<p class=\"elementor-heading-title elementor-size-medium\"><br><br><br><br><br><br>PRESENTATION D\u00e9partement des Sciences Agronomiques<br><\/p>\t\t<\/div>\n\t\t\t\t<\/div>\n\t\t\t\t<div class=\"elementor-element elementor-element-a54784b elementor-widget elementor-widget-image\" data-id=\"a54784b\" data-element_type=\"widget\" data-widget_type=\"image.default\">\n\t\t\t\t<div class=\"elementor-widget-container\">\n\t\t\t\t\t\t\t\t\t\t\t\t\t\t\t<img width=\"400\" height=\"323\" src=\"https:\/\/www.univ-mascara.dz\/fsnv\/wp-content\/uploads\/2021\/07\/dep-agr-1.gif\" class=\"attachment-large size-large\" alt=\"\" decoding=\"async\" loading=\"lazy\" \/>\t\t\t\t\t\t\t\t\t\t\t\t\t\t\t<\/div>\n\t\t\t\t<\/div>\n\t\t\t\t\t<\/div>\n\t\t<\/div>\n\t\t\t\t\t\t\t<\/div>\n\t\t<\/section>\n\t\t\t\t<section class=\"elementor-section elementor-top-section elementor-element elementor-element-064a6be elementor-section-boxed elementor-section-height-default elementor-section-height-default\" data-id=\"064a6be\" data-element_type=\"section\" data-settings=\"{&quot;background_background&quot;:&quot;classic&quot;}\">\n\t\t\t\t\t\t<div class=\"elementor-container elementor-column-gap-default\">\n\t\t\t\t\t<div class=\"elementor-column elementor-col-100 elementor-top-column elementor-element elementor-element-7806118\" data-id=\"7806118\" data-element_type=\"column\">\n\t\t\t<div class=\"elementor-widget-wrap elementor-element-populated\">\n\t\t\t\t\t\t\t\t<div class=\"elementor-element elementor-element-ed8cffb eael-tooltip-align-left elementor-widget elementor-widget-eael-tooltip\" data-id=\"ed8cffb\" data-element_type=\"widget\" data-widget_type=\"eael-tooltip.default\">\n\t\t\t\t<div class=\"elementor-widget-container\">\n\t\t\t\t<div class=\"eael-tooltip\">\n\t\t\t\t\t<span class=\"eael-tooltip-content\"><a href=\"\/fsnv\/?page_id=2279\"  rel=\"nofollow\" >\t\t\t\t\t\t\t\t\t\t\t\t<i class=\"fas fa-reply\"><\/i>\n\t\t\t\t\t\t\t\t\t\t<\/a><\/span>\n  \t\t\t<span class=\"eael-tooltip-text eael-tooltip-right\"><p>retour<\/p><\/span>\n  \t\t\t<\/div>\n\t\t\t<\/div>\n\t\t\t\t<\/div>\n\t\t\t\t<div class=\"elementor-element elementor-element-5cc9f71f elementor-widget-divider--view-line elementor-widget elementor-widget-divider\" data-id=\"5cc9f71f\" data-element_type=\"widget\" data-widget_type=\"divider.default\">\n\t\t\t\t<div class=\"elementor-widget-container\">\n\t\t\t\t\t<div class=\"elementor-divider\">\n\t\t\t<span class=\"elementor-divider-separator\">\n\t\t\t\t\t\t<\/span>\n\t\t<\/div>\n\t\t\t\t<\/div>\n\t\t\t\t<\/div>\n\t\t\t\t<div class=\"elementor-element elementor-element-41fdaa7 elementor-widget elementor-widget-heading\" data-id=\"41fdaa7\" data-element_type=\"widget\" data-widget_type=\"heading.default\">\n\t\t\t\t<div class=\"elementor-widget-container\">\n\t\t\t<h4 class=\"elementor-heading-title elementor-size-default\">Bienvenue au d\u00e9partement des Sciences Agronomique<\/h4>\t\t<\/div>\n\t\t\t\t<\/div>\n\t\t\t\t<div class=\"elementor-element elementor-element-72dd409 elementor-widget elementor-widget-text-editor\" data-id=\"72dd409\" data-element_type=\"widget\" data-widget_type=\"text-editor.default\">\n\t\t\t\t<div class=\"elementor-widget-container\">\n\t\t\t\t\t\t\t\t<div class=\"Section1\"><p style=\"text-align: justify;\"><strong>Historique\u00a0:<\/strong><\/p><p style=\"text-align: justify;\"><strong>05\/08\/1986\u00a0:\u00a0<\/strong>Cr\u00e9ation de l&rsquo;institut National d&rsquo;Enseignement Sup\u00e9rieur d&rsquo;Agronomie par le d\u00e9cret\u00a0n\u00b086-173\u00a0\u00a0\u00a0\u00a0\u00a0\u00a0\u00a0\u00a0\u00a0\u00a0\u00a0\u00a0\u00a0\u00a0\u00a0\u00a0\u00a0\u00a0\u00a0\u00a0\u00a0\u00a0\u00a0<\/p><p style=\"text-align: justify;\"><strong>07\/07\/1992<\/strong>\u00a0: l&rsquo;INES d&rsquo;Agronomie est \u00e9rig\u00e9 en centre universitaire conform\u00e9ment au d\u00e9cret\u00a0n\u00b092-302 (modifi\u00e9 et compl\u00e9t\u00e9)\u00a0:\u00a0<strong>Institut des Sciences agronomiques<\/strong>.\u00a0 \u00a0\u00a0\u00a0\u00a0<\/p><p style=\"text-align: justify;\"><strong>04\/01\/2009<\/strong>\u00a0: Cr\u00e9ation de la Facult\u00e9 des Sciences de la Nature et de la Vie par le d\u00e9cret\u00a0n\u00b009-12 (modifi\u00e9 et compl\u00e9t\u00e9<a href=\"https:\/\/www.univ-mascara.dz\/vice-rectorats\/pg\/de%2009-12%2008112012.pdf\"><strong>)<\/strong><\/a>\u00a0:\u00a0<strong>D\u00e9partement des Sciences Agronomiques<\/strong>\u00a0\u00a0<\/p><p style=\"text-align: justify;\">\u00a0\u00a0\u00a0\u00a0\u00a0\u00a0\u00a0\u00a0\u00a0\u00a0\u00a0<\/p><p style=\"text-align: justify;\">\u00a0 \u00a0 \u00a0 \u00a0\u00a0\u00a0Le d\u00e9partement des Sciences Agronomiques est actuellement l\u2019un des deux d\u00e9partements que compte la facult\u00e9 des sciences de la nature et de la vie. Le d\u00e9partement assure la formation des \u00e9tudiants en deux domaines\u00a0: Sciences de la Nature et de la Vie \u2013 Sciences de la terre et de l\u2019Univers.<\/p><p style=\"text-align: justify;\">Pour le domaine Sciences de la Nature et de la Vie, les formations propos\u00e9es au sein de la fili\u00e8re Sciences Agronomiques couvrent plusieurs disciplines\u00a0:<\/p><p style=\"text-align: justify;\">&#8211;\u00a0Protection des v\u00e9g\u00e9taux,<\/p><p style=\"text-align: justify;\">&#8211;\u00a0Production v\u00e9g\u00e9tale,<\/p><p style=\"text-align: justify;\">&#8211;\u00a0Production animale,<\/p><p style=\"text-align: justify;\">&#8211;\u00a0Production et nutrition animale,<\/p><p style=\"text-align: justify;\">&#8211;\u00a0Cultures p\u00e9rennes,<\/p><p style=\"text-align: justify;\">&#8211;\u00a0Phytopharmacie appliqu\u00e9e,<\/p><p style=\"text-align: justify;\">Pour le domaine Sciences de la terre et de l\u2019Univers, les disciplines couvertes sont\u00a0:<\/p><p style=\"text-align: justify;\">&#8211;\u00a0\u00a0\u00a0\u00a0\u00a0\u00a0\u00a0\u00a0\u00a0 G\u00e9ologie appliqu\u00e9e<\/p><p style=\"text-align: justify;\">&#8211;\u00a0\u00a0\u00a0\u00a0\u00a0\u00a0\u00a0\u00a0\u00a0 Hydrog\u00e9ologie, sol et Environnement.<\/p><p style=\"text-align: justify;\">\u00a0<\/p><p style=\"text-align: justify;\">Notre d\u00e9partement compte un encadrement ambitieux qui \u0153uvre pour la qualit\u00e9 et l\u2019efficacit\u00e9 de la formation des \u00e9tudiants en sciences agronomiques et assure la formation en 04 licences et 05 masters.<\/p><p style=\"text-align: justify;\">Le d\u00e9partement assiste et accompagne ses \u00e9tudiants (<strong>471<\/strong>\u00a0\u00e9tudiants en 2016\/2017) pour l\u2019am\u00e9lioration des connaissances acquises en vue de contribuer efficacement au d\u00e9veloppement et \u00e0 la promotion de la production qualitative et quantitative agricole.<\/p><p style=\"text-align: justify;\">\u00a0\u00a0\u00a0\u00a0\u00a0\u00a0\u00a0\u00a0\u00a0\u00a0\u00a0 Cette formation est assur\u00e9e par un staff acad\u00e9mique de 63 enseignants-chercheurs dont 10 de rang magistral. Les enseignements au d\u00e9partement des Sciences Agronomiques se caract\u00e9risent par la consolidation des connaissances th\u00e9oriques par un nombre important de travaux pratiques r\u00e9alis\u00e9s au niveau des laboratoires p\u00e9dagogiques de la facult\u00e9 et de la ferme exp\u00e9rimentale. Egalement, le d\u00e9partement organise p\u00e9riodiquement des sorties p\u00e9dagogiques aux diff\u00e9rentes entreprises et \u00e9tablissements \u00e0 l\u2019int\u00e9rieur de la wilaya de Mascara comme dans les autres wilayas du pays. Dans ce contexte, le d\u00e9partement d\u00e9veloppe un partenariat constructif avec le tissu socio\u00e9conomique environnant, ce qui facilite pleinement l\u2019acc\u00e8s de nos \u00e9tudiants aux diff\u00e9rentes entreprises lors de la r\u00e9alisation des stages ou des m\u00e9moires de fin d\u2019\u00e9tude.<\/p><\/div>\t\t\t\t\t\t<\/div>\n\t\t\t\t<\/div>\n\t\t\t\t<div class=\"elementor-element elementor-element-96526fb elementor-widget-divider--view-line elementor-widget elementor-widget-divider\" data-id=\"96526fb\" data-element_type=\"widget\" data-widget_type=\"divider.default\">\n\t\t\t\t<div class=\"elementor-widget-container\">\n\t\t\t\t\t<div class=\"elementor-divider\">\n\t\t\t<span class=\"elementor-divider-separator\">\n\t\t\t\t\t\t<\/span>\n\t\t<\/div>\n\t\t\t\t<\/div>\n\t\t\t\t<\/div>\n\t\t\t\t\t<\/div>\n\t\t<\/div>\n\t\t\t\t\t\t\t<\/div>\n\t\t<\/section>\n\t\t\t\t<section class=\"elementor-section elementor-top-section elementor-element elementor-element-a64072a elementor-section-boxed elementor-section-height-default elementor-section-height-default\" data-id=\"a64072a\" data-element_type=\"section\" data-settings=\"{&quot;background_background&quot;:&quot;classic&quot;}\">\n\t\t\t\t\t\t\t<div class=\"elementor-background-overlay\"><\/div>\n\t\t\t\t\t\t\t<div class=\"elementor-container elementor-column-gap-default\">\n\t\t\t\t\t<div class=\"elementor-column elementor-col-100 elementor-top-column elementor-element elementor-element-f794756\" data-id=\"f794756\" data-element_type=\"column\">\n\t\t\t<div class=\"elementor-widget-wrap elementor-element-populated\">\n\t\t\t\t\t\t\t\t<div class=\"elementor-element elementor-element-a3ed175 elementor-widget elementor-widget-heading\" data-id=\"a3ed175\" data-element_type=\"widget\" data-widget_type=\"heading.default\">\n\t\t\t\t<div class=\"elementor-widget-container\">\n\t\t\t<p class=\"elementor-heading-title elementor-size-large\">Chef de d\u00e9partement\n<br>\ndep.agro-snv@univ-mascara.dz<\/p>\t\t<\/div>\n\t\t\t\t<\/div>\n\t\t\t\t\t<\/div>\n\t\t<\/div>\n\t\t\t\t\t\t\t<\/div>\n\t\t<\/section>\n\t\t\t\t\t\t<\/div>\n\t\t\t\t\t<\/div>\n\t\t","protected":false},"excerpt":{"rendered":"<p>PRESENTATION D\u00e9partement des Sciences Agronomiques retour Bienvenue au d\u00e9partement des Sciences Agronomique Historique\u00a0: 05\/08\/1986\u00a0:\u00a0Cr\u00e9ation de l&rsquo;institut National d&rsquo;Enseignement Sup\u00e9rieur d&rsquo;Agronomie par le d\u00e9cret\u00a0n\u00b086-173\u00a0\u00a0\u00a0\u00a0\u00a0\u00a0\u00a0\u00a0\u00a0\u00a0\u00a0\u00a0\u00a0\u00a0\u00a0\u00a0\u00a0\u00a0\u00a0\u00a0\u00a0\u00a0\u00a0 07\/07\/1992\u00a0: l&rsquo;INES d&rsquo;Agronomie est \u00e9rig\u00e9 en centre universitaire conform\u00e9ment au d\u00e9cret\u00a0n\u00b092-302 (modifi\u00e9 et compl\u00e9t\u00e9)\u00a0:\u00a0Institut des Sciences agronomiques.\u00a0 \u00a0\u00a0\u00a0\u00a0 04\/01\/2009\u00a0: Cr\u00e9ation de la Facult\u00e9 des Sciences de la Nature et de la Vie &hellip;<\/p>\n<p class=\"read-more\"> <a class=\"\" href=\"https:\/\/www.univ-mascara.dz\/fsnv\/?page_id=2306\"> <span class=\"screen-reader-text\">presdepagro<\/span> Lire la suite\u00a0\u00bb<\/a><\/p>\n","protected":false},"author":3,"featured_media":0,"parent":0,"menu_order":0,"comment_status":"closed","ping_status":"closed","template":"","meta":[],"_links":{"self":[{"href":"https:\/\/www.univ-mascara.dz\/fsnv\/index.php?rest_route=\/wp\/v2\/pages\/2306"}],"collection":[{"href":"https:\/\/www.univ-mascara.dz\/fsnv\/index.php?rest_route=\/wp\/v2\/pages"}],"about":[{"href":"https:\/\/www.univ-mascara.dz\/fsnv\/index.php?rest_route=\/wp\/v2\/types\/page"}],"author":[{"embeddable":true,"href":"https:\/\/www.univ-mascara.dz\/fsnv\/index.php?rest_route=\/wp\/v2\/users\/3"}],"replies":[{"embeddable":true,"href":"https:\/\/www.univ-mascara.dz\/fsnv\/index.php?rest_route=%2Fwp%2Fv2%2Fcomments&post=2306"}],"version-history":[{"count":12,"href":"https:\/\/www.univ-mascara.dz\/fsnv\/index.php?rest_route=\/wp\/v2\/pages\/2306\/revisions"}],"predecessor-version":[{"id":12381,"href":"https:\/\/www.univ-mascara.dz\/fsnv\/index.php?rest_route=\/wp\/v2\/pages\/2306\/revisions\/12381"}],"wp:attachment":[{"href":"https:\/\/www.univ-mascara.dz\/fsnv\/index.php?rest_route=%2Fwp%2Fv2%2Fmedia&parent=2306"}],"curies":[{"name":"wp","href":"https:\/\/api.w.org\/{rel}","templated":true}]}}