{"id":2655,"date":"2021-09-20T15:04:00","date_gmt":"2021-09-20T14:04:00","guid":{"rendered":"http:\/\/193.194.87.76\/fsnv\/?page_id=2655"},"modified":"2022-01-09T13:24:10","modified_gmt":"2022-01-09T12:24:10","slug":"service-statistic","status":"publish","type":"page","link":"https:\/\/www.univ-mascara.dz\/fsnv\/?page_id=2655","title":{"rendered":"service statistic"},"content":{"rendered":"\t\t<div data-elementor-type=\"wp-page\" data-elementor-id=\"2655\" class=\"elementor elementor-2655\" data-elementor-settings=\"[]\">\n\t\t\t\t\t\t\t<div class=\"elementor-section-wrap\">\n\t\t\t\t\t\t\t<section class=\"elementor-section elementor-top-section elementor-element elementor-element-ff4e858 elementor-section-height-min-height elementor-section-boxed elementor-section-height-default elementor-section-items-middle\" data-id=\"ff4e858\" data-element_type=\"section\" data-settings=\"{&quot;background_background&quot;:&quot;classic&quot;}\">\n\t\t\t\t\t\t\t<div class=\"elementor-background-overlay\"><\/div>\n\t\t\t\t\t\t\t<div class=\"elementor-container elementor-column-gap-default\">\n\t\t\t\t\t<div class=\"elementor-column elementor-col-100 elementor-top-column elementor-element elementor-element-598b848\" data-id=\"598b848\" data-element_type=\"column\">\n\t\t\t<div class=\"elementor-widget-wrap elementor-element-populated\">\n\t\t\t\t\t\t\t\t<div class=\"elementor-element elementor-element-d2ad9ce elementor-widget elementor-widget-heading\" data-id=\"d2ad9ce\" data-element_type=\"widget\" data-widget_type=\"heading.default\">\n\t\t\t\t<div class=\"elementor-widget-container\">\n\t\t\t<p class=\"elementor-heading-title elementor-size-medium\"><br><br><br> <br>\nService des statistiques, de l\u2019information et de l\u2019orientation\n\n\n<\/p>\t\t<\/div>\n\t\t\t\t<\/div>\n\t\t\t\t<div class=\"elementor-element elementor-element-7ad1c9e elementor-widget-divider--view-line elementor-widget elementor-widget-divider\" data-id=\"7ad1c9e\" data-element_type=\"widget\" data-widget_type=\"divider.default\">\n\t\t\t\t<div class=\"elementor-widget-container\">\n\t\t\t\t\t<div class=\"elementor-divider\">\n\t\t\t<span class=\"elementor-divider-separator\">\n\t\t\t\t\t\t<\/span>\n\t\t<\/div>\n\t\t\t\t<\/div>\n\t\t\t\t<\/div>\n\t\t\t\t<div class=\"elementor-element elementor-element-8b2e284 elementor-widget elementor-widget-text-editor\" data-id=\"8b2e284\" data-element_type=\"widget\" data-widget_type=\"text-editor.default\">\n\t\t\t\t<div class=\"elementor-widget-container\">\n\t\t\t\t\t\t\t\t<p><strong><span style=\"color: #ffffff;\">FSNV<\/span><\/strong><\/p>\t\t\t\t\t\t<\/div>\n\t\t\t\t<\/div>\n\t\t\t\t\t<\/div>\n\t\t<\/div>\n\t\t\t\t\t\t\t<\/div>\n\t\t<\/section>\n\t\t\t\t<section class=\"elementor-section elementor-top-section elementor-element elementor-element-1f2468e elementor-section-boxed elementor-section-height-default elementor-section-height-default\" data-id=\"1f2468e\" data-element_type=\"section\" data-settings=\"{&quot;background_background&quot;:&quot;classic&quot;}\">\n\t\t\t\t\t\t<div class=\"elementor-container elementor-column-gap-default\">\n\t\t\t\t\t<div class=\"elementor-column elementor-col-100 elementor-top-column elementor-element elementor-element-2aa7f00\" data-id=\"2aa7f00\" data-element_type=\"column\">\n\t\t\t<div class=\"elementor-widget-wrap elementor-element-populated\">\n\t\t\t\t\t\t\t\t<div class=\"elementor-element elementor-element-9576685 elementor-widget-divider--view-line_text elementor-widget-divider--element-align-center elementor-widget elementor-widget-divider\" data-id=\"9576685\" data-element_type=\"widget\" data-widget_type=\"divider.default\">\n\t\t\t\t<div class=\"elementor-widget-container\">\n\t\t\t\t\t<div class=\"elementor-divider\">\n\t\t\t<span class=\"elementor-divider-separator\">\n\t\t\t\t\t\t\t<span class=\"elementor-divider__text elementor-divider__element\">TACHES<\/span>\n\t\t\t\t\t\t<\/span>\n\t\t<\/div>\n\t\t\t\t<\/div>\n\t\t\t\t<\/div>\n\t\t\t\t<div class=\"elementor-element elementor-element-245c842 elementor-invisible elementor-widget elementor-widget-text-editor\" data-id=\"245c842\" data-element_type=\"widget\" data-settings=\"{&quot;_animation&quot;:&quot;fadeInLeft&quot;}\" data-widget_type=\"text-editor.default\">\n\t\t\t\t<div class=\"elementor-widget-container\">\n\t\t\t\t\t\t\t\t<p style=\"text-align: justify;\">Le service des statistiques, de l\u2019information et de l\u2019orientation a pour\u00a0<strong>t\u00e2ches<\/strong>\u00a0:<\/p><ul><li style=\"text-align: justify;\">de tenir le fichier \u00a0statistique des \u00e9tudiants,<\/li><li style=\"text-align: justify;\">de recueillir, traiter et diffuser l\u2019information p\u00e9dagogique au profil des \u00e9tudiants,<\/li><li style=\"text-align: justify;\">de suivi des dossiers d\u2019offres de formations (Licence et Master) ;<\/li><li style=\"text-align: justify;\">publier les d\u00e9lib\u00e9rations sur le site web de la Facult\u00e9,<\/li><li style=\"text-align: justify;\">classement et orientation des \u00e9tudiants<\/li><\/ul>\t\t\t\t\t\t<\/div>\n\t\t\t\t<\/div>\n\t\t\t\t\t<\/div>\n\t\t<\/div>\n\t\t\t\t\t\t\t<\/div>\n\t\t<\/section>\n\t\t\t\t<section class=\"elementor-section elementor-top-section elementor-element elementor-element-75fde75 elementor-section-height-min-height elementor-section-content-middle elementor-section-boxed elementor-section-height-default elementor-section-items-middle\" data-id=\"75fde75\" data-element_type=\"section\" data-settings=\"{&quot;background_background&quot;:&quot;classic&quot;}\">\n\t\t\t\t\t\t<div class=\"elementor-container elementor-column-gap-default\">\n\t\t\t\t\t<div class=\"elementor-column elementor-col-100 elementor-top-column elementor-element elementor-element-f526137\" data-id=\"f526137\" data-element_type=\"column\">\n\t\t\t<div class=\"elementor-widget-wrap elementor-element-populated\">\n\t\t\t\t\t\t\t\t<div class=\"elementor-element elementor-element-6a058bd elementor-widget-divider--view-line_text elementor-widget-divider--element-align-center elementor-widget elementor-widget-divider\" data-id=\"6a058bd\" data-element_type=\"widget\" data-widget_type=\"divider.default\">\n\t\t\t\t<div class=\"elementor-widget-container\">\n\t\t\t\t\t<div class=\"elementor-divider\">\n\t\t\t<span class=\"elementor-divider-separator\">\n\t\t\t\t\t\t\t<span class=\"elementor-divider__text elementor-divider__element\">STATISTIQUES<\/span>\n\t\t\t\t\t\t<\/span>\n\t\t<\/div>\n\t\t\t\t<\/div>\n\t\t\t\t<\/div>\n\t\t\t\t\t<\/div>\n\t\t<\/div>\n\t\t\t\t\t\t\t<\/div>\n\t\t<\/section>\n\t\t\t\t<section class=\"elementor-section elementor-top-section elementor-element elementor-element-687899b elementor-section-height-min-height elementor-section-content-middle elementor-section-boxed elementor-section-height-default elementor-section-items-middle\" data-id=\"687899b\" data-element_type=\"section\" data-settings=\"{&quot;background_background&quot;:&quot;classic&quot;}\">\n\t\t\t\t\t\t<div class=\"elementor-container elementor-column-gap-default\">\n\t\t\t\t\t<div class=\"elementor-column elementor-col-100 elementor-top-column elementor-element elementor-element-dd4742b\" data-id=\"dd4742b\" data-element_type=\"column\">\n\t\t\t<div class=\"elementor-widget-wrap elementor-element-populated\">\n\t\t\t\t\t\t\t\t<div class=\"elementor-element elementor-element-5f72c72 elementor-widget-divider--view-line_text elementor-widget-divider--element-align-center elementor-widget elementor-widget-divider\" data-id=\"5f72c72\" data-element_type=\"widget\" data-widget_type=\"divider.default\">\n\t\t\t\t<div class=\"elementor-widget-container\">\n\t\t\t\t\t<div class=\"elementor-divider\">\n\t\t\t<span class=\"elementor-divider-separator\">\n\t\t\t\t\t\t\t<span class=\"elementor-divider__text elementor-divider__element\">ORIENTATION<\/span>\n\t\t\t\t\t\t<\/span>\n\t\t<\/div>\n\t\t\t\t<\/div>\n\t\t\t\t<\/div>\n\t\t\t\t\t<\/div>\n\t\t<\/div>\n\t\t\t\t\t\t\t<\/div>\n\t\t<\/section>\n\t\t\t\t<section class=\"elementor-section elementor-top-section elementor-element elementor-element-474b437 elementor-section-boxed elementor-section-height-default elementor-section-height-default\" data-id=\"474b437\" data-element_type=\"section\" data-settings=\"{&quot;background_background&quot;:&quot;classic&quot;}\">\n\t\t\t\t\t\t<div class=\"elementor-container elementor-column-gap-default\">\n\t\t\t\t\t<div class=\"elementor-column elementor-col-50 elementor-top-column elementor-element elementor-element-a3572ca\" data-id=\"a3572ca\" data-element_type=\"column\">\n\t\t\t<div class=\"elementor-widget-wrap elementor-element-populated\">\n\t\t\t\t\t\t\t\t<div class=\"elementor-element elementor-element-27b29cf elementor-widget elementor-widget-text-editor\" data-id=\"27b29cf\" data-element_type=\"widget\" data-widget_type=\"text-editor.default\">\n\t\t\t\t<div class=\"elementor-widget-container\">\n\t\t\t\t\t\t\t\t<p>L\u2019<strong>Orientation<\/strong>\u00a0des \u00e9tudiants vers les fili\u00e8res post tronc commun et les sp\u00e9cialit\u00e9s repose sur\u00a0:<\/p><ul><li>le v\u0153ux de l\u2019\u00e9tudiant,<\/li><li>son classement,<\/li><li>les places p\u00e9dagogiques disponibles dans la fili\u00e8re ou sp\u00e9cialit\u00e9 demand\u00e9e.<\/li><\/ul><p><strong>Classement des \u00e9tudiants\u00a0:<\/strong><\/p><p>Le classement des \u00e9tudiants d\u2019une promotion donn\u00e9e, tous cycles confondus, est prononc\u00e9 par la \u00ab\u00a0commission de classement et d\u2019orientation\u00a0\u00bb telle qu\u2019elle est d\u00e9finie par la r\u00e8glementation en vigueur.<\/p><ol><li><strong>1.\u00a0\u00a0\u00a0\u00a0\u00a0\u00a0<\/strong><strong>Syst\u00e8me LMD\u00a0:<\/strong><\/li><\/ol><p>Le calcul de la moyenne de classement s\u2019effectue par la formule suivante (Arr\u00eat\u00e9 N\u00b0 714 du 03\/11\/2011: Portant modalit\u00e9s de classement des \u00e9tudiants)\u00a0:<\/p><p align=\"center\"><strong>MC=MSE (1-a(r+d\/2+s\/4))<\/strong><\/p><p>Avec\u00a0: MC= Moyenne de classement<\/p><p>\u00a0\u00a0\u00a0\u00a0\u00a0\u00a0\u00a0\u00a0\u00a0 MSE=moyennes des moyennes des semestres concern\u00e9s<\/p><p>\u00a0\u00a0\u00a0\u00a0\u00a0\u00a0\u00a0\u00a0\u00a0 MSE=\u2211(MSi)\/n ou MSi est la moyenne du semestre i.<\/p><p>\u00a0 \u00a0 \u00a0 \u00a0 \u00a0 a=Taux d\u2019abattement estim\u00e9 \u00e0 0.04<\/p><p>\u00a0 \u00a0 \u00a0 \u00a0 \u00a0 r=Nombre de redoublement par ann\u00e9e,<\/p><p>\u00a0 \u00a0 \u00a0 \u00a0 \u00a0 d= Nombre d\u2019admission avec dettes par ann\u00e9e,<\/p><p>\u00a0 \u00a0 \u00a0 \u00a0 \u00a0 s= Nombre d\u2019admission apr\u00e8s la session de rattrapage par semestre,<\/p><p>\u00a0 \u00a0 \u00a0 \u00a0\u00a0\u00a0 n= nombre de semestres concern\u00e9s (n compris entre 1 et 6 pour la Licence et n compris entre 1 et 4 pour le Master)<\/p><ol><li><strong>2.\u00a0\u00a0\u00a0\u00a0\u00a0\u00a0<\/strong><strong>Syst\u00e8me Classique\u00a0:<\/strong><\/li><\/ol><p>Le calcul de la moyenne de classement se fait par la formule suivante (<em>Correspondance DFSG\/MESRS N\u00b0 183 du 02\/12\/2006<\/em>) :<\/p><p>\u00a0<\/p><p>O\u00f9 :<br \/>n = dur\u00e9e du cursus en nombre d\u2019ann\u00e9es<\/p><p>n=03 pour le DEUA\u00a0; n=04 pour la Licence et DES\u00a0; n=05 pour le dipl\u00f4me d\u2018ing\u00e9nieur.<\/p><p>Pour un \u00e9tudiant ayant suivi un cycle court n=06 pour une fili\u00e8re d\u2019ing\u00e9nieur, et n =05 pour une fili\u00e8re de Licence ou DES.<\/p><p>i indique l\u2019ann\u00e9e d\u2019\u00e9tude dans le cursus.<\/p><p>Ri est le retard cumul\u00e9 dans l\u2019ann\u00e9e i du cursus<br \/>Ri = 0 (ann\u00e9e sans redoublement)<br \/>\u00a0\u00a0\u00a0\u00a0= 1 (ann\u00e9e avec redoublement)<br \/>\u00a0\u00a0\u00a0\u00a0= 2 (ann\u00e9e avec triplement)<\/p><p>Si = 0 (ann\u00e9e obtenue en session de juin (avec ou sans synth\u00e8se))<br \/>\u00a0\u00a0\u00a0 = 0.5 (ann\u00e9e obtenue en session de septembre (rattrapage))<br \/>Moyi = moyenne de l\u2019ann\u00e9e i<\/p>\t\t\t\t\t\t<\/div>\n\t\t\t\t<\/div>\n\t\t\t\t\t<\/div>\n\t\t<\/div>\n\t\t\t\t<div class=\"elementor-column elementor-col-50 elementor-top-column elementor-element elementor-element-bb0c0bf\" data-id=\"bb0c0bf\" data-element_type=\"column\">\n\t\t\t<div class=\"elementor-widget-wrap elementor-element-populated\">\n\t\t\t\t\t\t\t\t<div class=\"elementor-element elementor-element-eddef8d elementor-widget elementor-widget-text-editor\" data-id=\"eddef8d\" data-element_type=\"widget\" data-widget_type=\"text-editor.default\">\n\t\t\t\t<div class=\"elementor-widget-container\">\n\t\t\t\t\t\t\t\t<p><strong>Fiche de voeux<\/strong><\/p><ul><li><a href=\"https:\/\/www.univ-mascara.dz\/fsnv\/images\/actualite\/fichevoeux\/l1_l2.pdf\"><strong>Fiche de voeux pour l&rsquo;Orientation du L1 vers L2 (SNV).<\/strong>\u00a0<\/a><\/li><li><strong>\u00a0Fiche de voeux pour l&rsquo;Orientation du L2 vers L3\u00a0(SNV).<\/strong>\u00a0<\/li><\/ul><p>\u00a0 \u00a0 \u00a0 \u00a0 1.\u00a0<a href=\"https:\/\/www.univ-mascara.dz\/fsnv\/images\/actualite\/fichevoeux\/l2_l3_agronomie.pdf\">\u00a0Sciences Agronomiques,<\/a><\/p><p>\u00a0 \u00a0 \u00a0 \u00a0 2.\u00a0\u00a0<a href=\"https:\/\/www.univ-mascara.dz\/fsnv\/images\/actualite\/fichevoeux\/l2_l3_biologie.pdf\">Sciences Biologiques,<\/a><\/p><p>\u00a0 \u00a0 \u00a0 \u00a0 3.\u00a0\u00a0<a href=\"https:\/\/www.univ-mascara.dz\/fsnv\/images\/actualite\/fichevoeux\/l2_l3_SA.pdf\">Sciences Alimentaires.<\/a><\/p><ul><li><strong>\u00a0Fiche de voeux\u00a0pour l&rsquo;Acc\u00e8s en Master 1\u00a0(SNV).<\/strong><\/li><\/ul><p>1.\u00a0\u00a0\u00a0<strong>Sciences Agronomiques\u00a0;<\/strong><\/p><ul><li>\u00a0<a href=\"https:\/\/www.univ-mascara.dz\/fsnv\/images\/actualite\/fichevoeux\/fv_pa.pdf\">Production Animale,<\/a><\/li><li>\u00a0<a href=\"https:\/\/www.univ-mascara.dz\/fsnv\/images\/actualite\/fichevoeux\/fv_tpv.pdf\">Production V\u00e9g\u00e9tale,<\/a><\/li><li>\u00a0<a href=\"https:\/\/www.univ-mascara.dz\/fsnv\/images\/actualite\/fichevoeux\/fv_pv.pdf\">Protection des V\u00e9g\u00e9taux<\/a><a href=\"https:\/\/www.univ-mascara.dz\/fsnv\/images\/actualite\/fichevoeux\/fv_pv.pdf\">.<\/a><\/li><\/ul><p>2.\u00a0\u00a0\u00a0\u00a0<strong>\u00a0Sciences Biologiques\u00a0;<\/strong><\/p><ul><li><a href=\"https:\/\/www.univ-mascara.dz\/fsnv\/images\/actualite\/fichevoeux\/fv_ab.pdf\">Analyse biochimique,<\/a><\/li><li><a href=\"https:\/\/www.univ-mascara.dz\/fsnv\/images\/actualite\/fichevoeux\/fv_micro.pdf\">Microbiologie.<\/a><\/li><\/ul><p>3.\u00a0\u00a0\u00a0\u00a0<strong>Sciences Alimentaires\u00a0;<\/strong><\/p><ul><li><a href=\"https:\/\/www.univ-mascara.dz\/fsnv\/images\/actualite\/fichevoeux\/fv_anp.pdf\">Alimentation, Nutrition et Pathologie.<\/a><\/li><li>\u00a0<strong>Fiche de voeux\u00a0pour l&rsquo;Acc\u00e8s en Master 1 ( STU ).<\/strong><\/li><\/ul><ol><li><a href=\"https:\/\/www.univ-mascara.dz\/fsnv\/images\/actualite\/fichevoeux\/fv_stu.pdf\"><strong>G\u00e9ologie appliqu\u00e9e<\/strong><\/a><\/li><\/ol><p><strong>\u00a0<\/strong><\/p>\t\t\t\t\t\t<\/div>\n\t\t\t\t<\/div>\n\t\t\t\t\t<\/div>\n\t\t<\/div>\n\t\t\t\t\t\t\t<\/div>\n\t\t<\/section>\n\t\t\t\t\t\t<\/div>\n\t\t\t\t\t<\/div>\n\t\t","protected":false},"excerpt":{"rendered":"<p>Service des statistiques, de l\u2019information et de l\u2019orientation FSNV TACHES Le service des statistiques, de l\u2019information et de l\u2019orientation a pour\u00a0t\u00e2ches\u00a0: de tenir le fichier \u00a0statistique des \u00e9tudiants, de recueillir, traiter et diffuser l\u2019information p\u00e9dagogique au profil des \u00e9tudiants, de suivi des dossiers d\u2019offres de formations (Licence et Master) ; publier les d\u00e9lib\u00e9rations sur le &hellip;<\/p>\n<p class=\"read-more\"> <a class=\"\" href=\"https:\/\/www.univ-mascara.dz\/fsnv\/?page_id=2655\"> <span class=\"screen-reader-text\">service statistic<\/span> Lire la suite\u00a0\u00bb<\/a><\/p>\n","protected":false},"author":3,"featured_media":0,"parent":0,"menu_order":0,"comment_status":"closed","ping_status":"closed","template":"","meta":[],"_links":{"self":[{"href":"https:\/\/www.univ-mascara.dz\/fsnv\/index.php?rest_route=\/wp\/v2\/pages\/2655"}],"collection":[{"href":"https:\/\/www.univ-mascara.dz\/fsnv\/index.php?rest_route=\/wp\/v2\/pages"}],"about":[{"href":"https:\/\/www.univ-mascara.dz\/fsnv\/index.php?rest_route=\/wp\/v2\/types\/page"}],"author":[{"embeddable":true,"href":"https:\/\/www.univ-mascara.dz\/fsnv\/index.php?rest_route=\/wp\/v2\/users\/3"}],"replies":[{"embeddable":true,"href":"https:\/\/www.univ-mascara.dz\/fsnv\/index.php?rest_route=%2Fwp%2Fv2%2Fcomments&post=2655"}],"version-history":[{"count":0,"href":"https:\/\/www.univ-mascara.dz\/fsnv\/index.php?rest_route=\/wp\/v2\/pages\/2655\/revisions"}],"wp:attachment":[{"href":"https:\/\/www.univ-mascara.dz\/fsnv\/index.php?rest_route=%2Fwp%2Fv2%2Fmedia&parent=2655"}],"curies":[{"name":"wp","href":"https:\/\/api.w.org\/{rel}","templated":true}]}}