{"id":2705,"date":"2021-09-21T10:21:56","date_gmt":"2021-09-21T09:21:56","guid":{"rendered":"http:\/\/193.194.87.76\/fsnv\/?page_id=2705"},"modified":"2022-01-09T13:33:32","modified_gmt":"2022-01-09T12:33:32","slug":"service-de-lenseignement","status":"publish","type":"page","link":"https:\/\/www.univ-mascara.dz\/fsnv\/?page_id=2705","title":{"rendered":"service de l&rsquo;enseignement"},"content":{"rendered":"\t\t<div data-elementor-type=\"wp-page\" data-elementor-id=\"2705\" class=\"elementor elementor-2705\" data-elementor-settings=\"[]\">\n\t\t\t\t\t\t\t<div class=\"elementor-section-wrap\">\n\t\t\t\t\t\t\t<section class=\"elementor-section elementor-top-section elementor-element elementor-element-3967896 elementor-section-height-min-height elementor-section-boxed elementor-section-height-default elementor-section-items-middle\" data-id=\"3967896\" data-element_type=\"section\" data-settings=\"{&quot;background_background&quot;:&quot;classic&quot;}\">\n\t\t\t\t\t\t\t<div class=\"elementor-background-overlay\"><\/div>\n\t\t\t\t\t\t\t<div class=\"elementor-container elementor-column-gap-default\">\n\t\t\t\t\t<div class=\"elementor-column elementor-col-100 elementor-top-column elementor-element elementor-element-b6123de\" data-id=\"b6123de\" data-element_type=\"column\">\n\t\t\t<div class=\"elementor-widget-wrap elementor-element-populated\">\n\t\t\t\t\t\t\t\t<div class=\"elementor-element elementor-element-6a486dc elementor-widget elementor-widget-heading\" data-id=\"6a486dc\" data-element_type=\"widget\" data-widget_type=\"heading.default\">\n\t\t\t\t<div class=\"elementor-widget-container\">\n\t\t\t<p class=\"elementor-heading-title elementor-size-medium\"><br><br><br> <br>\nService d'enseignement , des stages et d'\u00e9valuation <\/p>\t\t<\/div>\n\t\t\t\t<\/div>\n\t\t\t\t<div class=\"elementor-element elementor-element-41cbab3 elementor-widget-divider--view-line elementor-widget elementor-widget-divider\" data-id=\"41cbab3\" data-element_type=\"widget\" data-widget_type=\"divider.default\">\n\t\t\t\t<div class=\"elementor-widget-container\">\n\t\t\t\t\t<div class=\"elementor-divider\">\n\t\t\t<span class=\"elementor-divider-separator\">\n\t\t\t\t\t\t<\/span>\n\t\t<\/div>\n\t\t\t\t<\/div>\n\t\t\t\t<\/div>\n\t\t\t\t<div class=\"elementor-element elementor-element-ec3b258 elementor-widget elementor-widget-text-editor\" data-id=\"ec3b258\" data-element_type=\"widget\" data-widget_type=\"text-editor.default\">\n\t\t\t\t<div class=\"elementor-widget-container\">\n\t\t\t\t\t\t\t\t<p><strong><span style=\"color: #ffffff;\">FSNV<\/span><\/strong><\/p>\t\t\t\t\t\t<\/div>\n\t\t\t\t<\/div>\n\t\t\t\t\t<\/div>\n\t\t<\/div>\n\t\t\t\t\t\t\t<\/div>\n\t\t<\/section>\n\t\t\t\t<section class=\"elementor-section elementor-top-section elementor-element elementor-element-1f2468e elementor-section-boxed elementor-section-height-default elementor-section-height-default\" data-id=\"1f2468e\" data-element_type=\"section\" data-settings=\"{&quot;background_background&quot;:&quot;classic&quot;}\">\n\t\t\t\t\t\t<div class=\"elementor-container elementor-column-gap-default\">\n\t\t\t\t\t<div class=\"elementor-column elementor-col-100 elementor-top-column elementor-element elementor-element-2aa7f00\" data-id=\"2aa7f00\" data-element_type=\"column\">\n\t\t\t<div class=\"elementor-widget-wrap elementor-element-populated\">\n\t\t\t\t\t\t\t\t<div class=\"elementor-element elementor-element-245c842 elementor-invisible elementor-widget elementor-widget-text-editor\" data-id=\"245c842\" data-element_type=\"widget\" data-settings=\"{&quot;_animation&quot;:&quot;fadeInLeft&quot;}\" data-widget_type=\"text-editor.default\">\n\t\t\t\t<div class=\"elementor-widget-container\">\n\t\t\t\t\t\t\t\t<p style=\"text-align: justify;\"><strong>Le service des\u00a0 enseignements\u00a0 et de l\u2019\u00e9valuation de la Facult\u00e9 SNV a pour t<\/strong><strong>\u00e2<\/strong><strong>ches\u00a0:<\/strong><\/p><ul><li style=\"text-align: justify;\">Suivre le d\u00e9roulement des\u00a0 activit\u00e9s\u00a0 d\u2019enseignement ;<\/li><li style=\"text-align: justify;\">Archivage des Proc\u00e8s-Verbaux des d\u00e9lib\u00e9rations ;<\/li><li style=\"text-align: justify;\">Assurer la gestion des cours compl\u00e9mentaires des enseignants et du Tutorat ;<\/li><li style=\"text-align: justify;\">Assurer la gestion des stages des \u00e9tudiants au milieu professionnel ;<\/li><li style=\"text-align: justify;\">Assurer la gestion des sorties p\u00e9dagogiques au profit des \u00e9tudiants.<\/li><\/ul><p>Chef de service : M. SEHLA H<\/p>\t\t\t\t\t\t<\/div>\n\t\t\t\t<\/div>\n\t\t\t\t\t<\/div>\n\t\t<\/div>\n\t\t\t\t\t\t\t<\/div>\n\t\t<\/section>\n\t\t\t\t\t\t<\/div>\n\t\t\t\t\t<\/div>\n\t\t","protected":false},"excerpt":{"rendered":"<p>Service d&rsquo;enseignement , des stages et d&rsquo;\u00e9valuation FSNV Le service des\u00a0 enseignements\u00a0 et de l\u2019\u00e9valuation de la Facult\u00e9 SNV a pour t\u00e2ches\u00a0: Suivre le d\u00e9roulement des\u00a0 activit\u00e9s\u00a0 d\u2019enseignement ; Archivage des Proc\u00e8s-Verbaux des d\u00e9lib\u00e9rations ; Assurer la gestion des cours compl\u00e9mentaires des enseignants et du Tutorat ; Assurer la gestion des stages des \u00e9tudiants au &hellip;<\/p>\n<p class=\"read-more\"> <a class=\"\" href=\"https:\/\/www.univ-mascara.dz\/fsnv\/?page_id=2705\"> <span class=\"screen-reader-text\">service de l&rsquo;enseignement<\/span> Lire la suite\u00a0\u00bb<\/a><\/p>\n","protected":false},"author":3,"featured_media":0,"parent":0,"menu_order":0,"comment_status":"closed","ping_status":"closed","template":"","meta":[],"_links":{"self":[{"href":"https:\/\/www.univ-mascara.dz\/fsnv\/index.php?rest_route=\/wp\/v2\/pages\/2705"}],"collection":[{"href":"https:\/\/www.univ-mascara.dz\/fsnv\/index.php?rest_route=\/wp\/v2\/pages"}],"about":[{"href":"https:\/\/www.univ-mascara.dz\/fsnv\/index.php?rest_route=\/wp\/v2\/types\/page"}],"author":[{"embeddable":true,"href":"https:\/\/www.univ-mascara.dz\/fsnv\/index.php?rest_route=\/wp\/v2\/users\/3"}],"replies":[{"embeddable":true,"href":"https:\/\/www.univ-mascara.dz\/fsnv\/index.php?rest_route=%2Fwp%2Fv2%2Fcomments&post=2705"}],"version-history":[{"count":0,"href":"https:\/\/www.univ-mascara.dz\/fsnv\/index.php?rest_route=\/wp\/v2\/pages\/2705\/revisions"}],"wp:attachment":[{"href":"https:\/\/www.univ-mascara.dz\/fsnv\/index.php?rest_route=%2Fwp%2Fv2%2Fmedia&parent=2705"}],"curies":[{"name":"wp","href":"https:\/\/api.w.org\/{rel}","templated":true}]}}