{"id":2943,"date":"2021-09-23T10:38:16","date_gmt":"2021-09-23T09:38:16","guid":{"rendered":"http:\/\/193.194.87.76\/fsnv\/?page_id=2943"},"modified":"2023-04-16T10:58:35","modified_gmt":"2023-04-16T09:58:35","slug":"production-scientifique","status":"publish","type":"page","link":"https:\/\/www.univ-mascara.dz\/fsnv\/?page_id=2943","title":{"rendered":"production scientifique"},"content":{"rendered":"\t\t<div data-elementor-type=\"wp-page\" data-elementor-id=\"2943\" class=\"elementor elementor-2943\" data-elementor-settings=\"[]\">\n\t\t\t\t\t\t\t<div class=\"elementor-section-wrap\">\n\t\t\t\t\t\t\t<section class=\"elementor-section elementor-top-section elementor-element elementor-element-5df7dda elementor-section-height-min-height elementor-section-boxed elementor-section-height-default elementor-section-items-middle\" data-id=\"5df7dda\" data-element_type=\"section\" data-settings=\"{&quot;background_background&quot;:&quot;classic&quot;}\">\n\t\t\t\t\t\t\t<div class=\"elementor-background-overlay\"><\/div>\n\t\t\t\t\t\t\t<div class=\"elementor-container elementor-column-gap-default\">\n\t\t\t\t\t<div class=\"elementor-column elementor-col-100 elementor-top-column elementor-element elementor-element-5c8dfd4\" data-id=\"5c8dfd4\" data-element_type=\"column\">\n\t\t\t<div class=\"elementor-widget-wrap elementor-element-populated\">\n\t\t\t\t\t\t\t\t<div class=\"elementor-element elementor-element-9f587d3 elementor-widget elementor-widget-heading\" data-id=\"9f587d3\" data-element_type=\"widget\" data-widget_type=\"heading.default\">\n\t\t\t\t<div class=\"elementor-widget-container\">\n\t\t\t<p class=\"elementor-heading-title elementor-size-medium\"><br><br><br><br>\nProductions Scientifique<\/p>\t\t<\/div>\n\t\t\t\t<\/div>\n\t\t\t\t<div class=\"elementor-element elementor-element-8967469 elementor-widget-divider--view-line elementor-widget elementor-widget-divider\" data-id=\"8967469\" data-element_type=\"widget\" data-widget_type=\"divider.default\">\n\t\t\t\t<div class=\"elementor-widget-container\">\n\t\t\t\t\t<div class=\"elementor-divider\">\n\t\t\t<span class=\"elementor-divider-separator\">\n\t\t\t\t\t\t<\/span>\n\t\t<\/div>\n\t\t\t\t<\/div>\n\t\t\t\t<\/div>\n\t\t\t\t\t<\/div>\n\t\t<\/div>\n\t\t\t\t\t\t\t<\/div>\n\t\t<\/section>\n\t\t\t\t<section class=\"elementor-section elementor-top-section elementor-element elementor-element-75fde75 elementor-section-height-min-height elementor-section-content-middle elementor-section-boxed elementor-section-height-default elementor-section-items-middle\" data-id=\"75fde75\" data-element_type=\"section\" data-settings=\"{&quot;background_background&quot;:&quot;classic&quot;}\">\n\t\t\t\t\t\t<div class=\"elementor-container elementor-column-gap-default\">\n\t\t\t\t\t<div class=\"elementor-column elementor-col-50 elementor-top-column elementor-element elementor-element-f526137\" data-id=\"f526137\" data-element_type=\"column\">\n\t\t\t<div class=\"elementor-widget-wrap elementor-element-populated\">\n\t\t\t\t\t\t\t\t<div class=\"elementor-element elementor-element-6a058bd elementor-widget-divider--view-line elementor-widget elementor-widget-divider\" data-id=\"6a058bd\" data-element_type=\"widget\" data-widget_type=\"divider.default\">\n\t\t\t\t<div class=\"elementor-widget-container\">\n\t\t\t\t\t<div class=\"elementor-divider\">\n\t\t\t<span class=\"elementor-divider-separator\">\n\t\t\t\t\t\t<\/span>\n\t\t<\/div>\n\t\t\t\t<\/div>\n\t\t\t\t<\/div>\n\t\t\t\t<div class=\"elementor-element elementor-element-d0449a3 elementor-widget elementor-widget-heading\" data-id=\"d0449a3\" data-element_type=\"widget\" data-widget_type=\"heading.default\">\n\t\t\t\t<div class=\"elementor-widget-container\">\n\t\t\t<h2 class=\"elementor-heading-title elementor-size-default\">Revue SNIT<\/h2>\t\t<\/div>\n\t\t\t\t<\/div>\n\t\t\t\t<div class=\"elementor-element elementor-element-80e4bcc elementor-widget elementor-widget-text-editor\" data-id=\"80e4bcc\" data-element_type=\"widget\" data-widget_type=\"text-editor.default\">\n\t\t\t\t<div class=\"elementor-widget-container\">\n\t\t\t\t\t\t\t\t<p>SNIT :Substances Naturelles et Innovation Th\u00e9rapeutique<\/p>\t\t\t\t\t\t<\/div>\n\t\t\t\t<\/div>\n\t\t\t\t\t<\/div>\n\t\t<\/div>\n\t\t\t\t<div class=\"elementor-column elementor-col-50 elementor-top-column elementor-element elementor-element-f0abf40\" data-id=\"f0abf40\" data-element_type=\"column\">\n\t\t\t<div class=\"elementor-widget-wrap elementor-element-populated\">\n\t\t\t\t\t\t\t\t<div class=\"elementor-element elementor-element-74ebed6 elementor-widget elementor-widget-premium-addon-banner\" data-id=\"74ebed6\" data-element_type=\"widget\" data-widget_type=\"premium-addon-banner.default\">\n\t\t\t\t<div class=\"elementor-widget-container\">\n\t\t\t\t\t<div id=\"premium-banner-74ebed6\" class=\"premium-banner\">\r\n\t\t\t<div class=\"premium-banner-ib premium-banner-animation11 scale premium-banner-min-height\">\r\n\t\t\t\t\t\t\t\t\t\t\t\t\t\t\t\t\t\t\t<div class=\"premium-banner-img-wrap\">\r\n\t\t\t\t\t\t\t\t\t\t\t<img decoding=\"async\" width=\"300\" height=\"400\" src=\"https:\/\/www.univ-mascara.dz\/fsnv\/wp-content\/uploads\/2021\/09\/snit-300x400.png\" class=\"attachment-tileview size-tileview\" alt=\"\" loading=\"lazy\" \/>\t\t\t\t\t\t\t\t\t\t\t<\/div>\r\n\t\t\t\t\t\t\t\t\t\t\t\t\t\t\t<div class=\"premium-banner-gradient\"><\/div>\r\n\t\t\t\t\t\t\t\t<div class=\"premium-banner-ib-desc\">\r\n\t\t\t\t\t<div class=\"premium-banner-desc-centered\">\r\n\t\t\t\t\t\t<div class=\"premium-banner-title-wrap\"><div class=\"premium-banner-ib-title premium_banner_title\">SNIT :Substances Naturelles et Innovation Th\u00e9rapeutique<\/div><\/div>\t\t\t\t\t\t\t\t\t\t\t<\/div>\r\n\t\t\t\t<\/div>\r\n\t\t\t\t<a class=\"premium-banner-ib-link\" href=\"http:\/\/www.univ-mascara.dz\/images\/img\/page-en-construction.png\" title=\"\"><\/a>\t\t\t<\/div>\r\n\t\t\t\t\t<\/div>\r\n\t\t\t\t<\/div>\n\t\t\t\t<\/div>\n\t\t\t\t<div class=\"elementor-element elementor-element-4be013a elementor-widget elementor-widget-heading\" data-id=\"4be013a\" data-element_type=\"widget\" data-widget_type=\"heading.default\">\n\t\t\t\t<div class=\"elementor-widget-container\">\n\t\t\t<h3 class=\"elementor-heading-title elementor-size-small\">SNIT :Substances Naturelles et Innovation Th\u00e9rapeutique\n<\/h3>\t\t<\/div>\n\t\t\t\t<\/div>\n\t\t\t\t\t<\/div>\n\t\t<\/div>\n\t\t\t\t\t\t\t<\/div>\n\t\t<\/section>\n\t\t\t\t\t\t<\/div>\n\t\t\t\t\t<\/div>\n\t\t","protected":false},"excerpt":{"rendered":"<p>Productions Scientifique Revue SNIT SNIT :Substances Naturelles et Innovation Th\u00e9rapeutique SNIT :Substances Naturelles et Innovation Th\u00e9rapeutique SNIT :Substances Naturelles et Innovation Th\u00e9rapeutique<\/p>\n","protected":false},"author":3,"featured_media":0,"parent":0,"menu_order":0,"comment_status":"closed","ping_status":"closed","template":"","meta":[],"_links":{"self":[{"href":"https:\/\/www.univ-mascara.dz\/fsnv\/index.php?rest_route=\/wp\/v2\/pages\/2943"}],"collection":[{"href":"https:\/\/www.univ-mascara.dz\/fsnv\/index.php?rest_route=\/wp\/v2\/pages"}],"about":[{"href":"https:\/\/www.univ-mascara.dz\/fsnv\/index.php?rest_route=\/wp\/v2\/types\/page"}],"author":[{"embeddable":true,"href":"https:\/\/www.univ-mascara.dz\/fsnv\/index.php?rest_route=\/wp\/v2\/users\/3"}],"replies":[{"embeddable":true,"href":"https:\/\/www.univ-mascara.dz\/fsnv\/index.php?rest_route=%2Fwp%2Fv2%2Fcomments&post=2943"}],"version-history":[{"count":3,"href":"https:\/\/www.univ-mascara.dz\/fsnv\/index.php?rest_route=\/wp\/v2\/pages\/2943\/revisions"}],"predecessor-version":[{"id":9840,"href":"https:\/\/www.univ-mascara.dz\/fsnv\/index.php?rest_route=\/wp\/v2\/pages\/2943\/revisions\/9840"}],"wp:attachment":[{"href":"https:\/\/www.univ-mascara.dz\/fsnv\/index.php?rest_route=%2Fwp%2Fv2%2Fmedia&parent=2943"}],"curies":[{"name":"wp","href":"https:\/\/api.w.org\/{rel}","templated":true}]}}