{"id":2975,"date":"2021-09-23T12:26:15","date_gmt":"2021-09-23T11:26:15","guid":{"rendered":"http:\/\/193.194.87.76\/fsnv\/?page_id=2975"},"modified":"2023-04-16T11:31:10","modified_gmt":"2023-04-16T10:31:10","slug":"doctorat","status":"publish","type":"page","link":"https:\/\/www.univ-mascara.dz\/fsnv\/?page_id=2975","title":{"rendered":"Doctorat"},"content":{"rendered":"\t\t<div data-elementor-type=\"wp-page\" data-elementor-id=\"2975\" class=\"elementor elementor-2975\" data-elementor-settings=\"[]\">\n\t\t\t\t\t\t\t<div class=\"elementor-section-wrap\">\n\t\t\t\t\t\t\t<section class=\"elementor-section elementor-top-section elementor-element elementor-element-0e1b520 elementor-section-height-min-height elementor-section-full_width elementor-section-height-default elementor-section-items-middle\" data-id=\"0e1b520\" data-element_type=\"section\" data-settings=\"{&quot;background_background&quot;:&quot;classic&quot;}\">\n\t\t\t\t\t\t\t<div class=\"elementor-background-overlay\"><\/div>\n\t\t\t\t\t\t\t<div class=\"elementor-container elementor-column-gap-default\">\n\t\t\t\t\t<div class=\"elementor-column elementor-col-100 elementor-top-column elementor-element elementor-element-9580d0d\" data-id=\"9580d0d\" data-element_type=\"column\">\n\t\t\t<div class=\"elementor-widget-wrap elementor-element-populated\">\n\t\t\t\t\t\t\t\t<div class=\"elementor-element elementor-element-2b1fa16 elementor-widget elementor-widget-heading\" data-id=\"2b1fa16\" data-element_type=\"widget\" data-widget_type=\"heading.default\">\n\t\t\t\t<div class=\"elementor-widget-container\">\n\t\t\t<p class=\"elementor-heading-title elementor-size-medium\">\n<br><br>DOCTORAT<\/p>\t\t<\/div>\n\t\t\t\t<\/div>\n\t\t\t\t<div class=\"elementor-element elementor-element-daacf0c elementor-widget-divider--view-line elementor-widget elementor-widget-divider\" data-id=\"daacf0c\" data-element_type=\"widget\" data-widget_type=\"divider.default\">\n\t\t\t\t<div class=\"elementor-widget-container\">\n\t\t\t\t\t<div class=\"elementor-divider\">\n\t\t\t<span class=\"elementor-divider-separator\">\n\t\t\t\t\t\t<\/span>\n\t\t<\/div>\n\t\t\t\t<\/div>\n\t\t\t\t<\/div>\n\t\t\t\t<div class=\"elementor-element elementor-element-65bb003 elementor-widget elementor-widget-heading\" data-id=\"65bb003\" data-element_type=\"widget\" data-widget_type=\"heading.default\">\n\t\t\t\t<div class=\"elementor-widget-container\">\n\t\t\t<span class=\"elementor-heading-title elementor-size-default\">FSNV<\/span>\t\t<\/div>\n\t\t\t\t<\/div>\n\t\t\t\t\t<\/div>\n\t\t<\/div>\n\t\t\t\t\t\t\t<\/div>\n\t\t<\/section>\n\t\t\t\t<section class=\"elementor-section elementor-top-section elementor-element elementor-element-f86c86d elementor-section-boxed elementor-section-height-default elementor-section-height-default\" data-id=\"f86c86d\" data-element_type=\"section\" data-settings=\"{&quot;background_background&quot;:&quot;classic&quot;}\">\n\t\t\t\t\t\t<div class=\"elementor-container elementor-column-gap-default\">\n\t\t\t\t\t<div class=\"elementor-column elementor-col-50 elementor-top-column elementor-element elementor-element-4e6da43\" data-id=\"4e6da43\" data-element_type=\"column\">\n\t\t\t<div class=\"elementor-widget-wrap elementor-element-populated\">\n\t\t\t\t\t\t\t\t<div class=\"elementor-element elementor-element-33d6f70 elementor-widget-divider--view-line_text elementor-widget elementor-widget-divider\" data-id=\"33d6f70\" data-element_type=\"widget\" data-widget_type=\"divider.default\">\n\t\t\t\t<div class=\"elementor-widget-container\">\n\t\t\t\t\t<div class=\"elementor-divider\">\n\t\t\t<span class=\"elementor-divider-separator\">\n\t\t\t\t\t\t\t<h2 class=\"elementor-divider__text elementor-divider__element\">Doctorats LMD<div><br><\/div><\/h2>\n\t\t\t\t\t\t<\/span>\n\t\t<\/div>\n\t\t\t\t<\/div>\n\t\t\t\t<\/div>\n\t\t\t\t<div class=\"elementor-element elementor-element-91e521d elementor-widget elementor-widget-toggle\" data-id=\"91e521d\" data-element_type=\"widget\" data-widget_type=\"toggle.default\">\n\t\t\t\t<div class=\"elementor-widget-container\">\n\t\t\t\t\t<div class=\"elementor-toggle\" role=\"tablist\">\n\t\t\t\t\t\t\t<div class=\"elementor-toggle-item\">\n\t\t\t\t\t<div id=\"elementor-tab-title-1521\" class=\"elementor-tab-title\" data-tab=\"1\" role=\"tab\" aria-controls=\"elementor-tab-content-1521\" aria-expanded=\"false\">\n\t\t\t\t\t\t\t\t\t\t\t\t<span class=\"elementor-toggle-icon elementor-toggle-icon-left\" aria-hidden=\"true\">\n\t\t\t\t\t\t\t\t\t\t\t\t\t\t\t<span class=\"elementor-toggle-icon-closed\"><i class=\"fas fa-caret-right\"><\/i><\/span>\n\t\t\t\t\t\t\t\t<span class=\"elementor-toggle-icon-opened\"><i class=\"elementor-toggle-icon-opened fas fa-caret-up\"><\/i><\/span>\n\t\t\t\t\t\t\t\t\t\t\t\t\t<\/span>\n\t\t\t\t\t\t\t\t\t\t\t\t<a href=\"\" class=\"elementor-toggle-title\">Domaine Sciences de la Nature et de la Vie<\/a>\n\t\t\t\t\t<\/div>\n\t\t\t\t\t<div id=\"elementor-tab-content-1521\" class=\"elementor-tab-content elementor-clearfix\" data-tab=\"1\" role=\"tabpanel\" aria-labelledby=\"elementor-tab-title-1521\"><p><strong>Fili\u00e8re\u00a0 \u00a0biologie<\/strong><\/p><ul><li>Valorisation des substances naturelles<\/li><li>Sciences, Technologie et Sant\u00e9<\/li><li>Biochimie Appliqu\u00e9e<\/li><\/ul><p><strong>Fili\u00e8re\u00a0 agronomie<\/strong><\/p><ul><li>Phytopharmacie et protection des v\u00e9g\u00e9taux<\/li><li>Production V\u00e9g\u00e9tale et Protection des V\u00e9g\u00e9taux<\/li><li>Entomologie Appliqu\u00e9e et Protection des V\u00e9g\u00e9taux<\/li><li>Production V\u00e9g\u00e9tale<\/li><\/ul><p><strong>Fili\u00e8re Sciences Alimentaires<\/strong><\/p><ul><li>Nutrition et Pathologies<\/li><li>Qualit\u00e9 des Produits et S\u00e9curit\u00e9 Industrielle<\/li><\/ul><p><strong>Fili\u00e8re Biotechnologie<\/strong><\/p><ul><li>Biotechnologies Microbiennes et Sant\u00e9<\/li><li>Biotechnologies et Communications\u00a0\u00a0Microbiennes<\/li><li>Biotechnologies Microbiennes de l\u2019Environnement<\/li><\/ul><\/div>\n\t\t\t\t<\/div>\n\t\t\t\t\t\t\t<div class=\"elementor-toggle-item\">\n\t\t\t\t\t<div id=\"elementor-tab-title-1522\" class=\"elementor-tab-title\" data-tab=\"2\" role=\"tab\" aria-controls=\"elementor-tab-content-1522\" aria-expanded=\"false\">\n\t\t\t\t\t\t\t\t\t\t\t\t<span class=\"elementor-toggle-icon elementor-toggle-icon-left\" aria-hidden=\"true\">\n\t\t\t\t\t\t\t\t\t\t\t\t\t\t\t<span class=\"elementor-toggle-icon-closed\"><i class=\"fas fa-caret-right\"><\/i><\/span>\n\t\t\t\t\t\t\t\t<span class=\"elementor-toggle-icon-opened\"><i class=\"elementor-toggle-icon-opened fas fa-caret-up\"><\/i><\/span>\n\t\t\t\t\t\t\t\t\t\t\t\t\t<\/span>\n\t\t\t\t\t\t\t\t\t\t\t\t<a href=\"\" class=\"elementor-toggle-title\">Domaine Sciences de la Terre et de l\u2019Univers<\/a>\n\t\t\t\t\t<\/div>\n\t\t\t\t\t<div id=\"elementor-tab-content-1522\" class=\"elementor-tab-content elementor-clearfix\" data-tab=\"2\" role=\"tabpanel\" aria-labelledby=\"elementor-tab-title-1522\"><p><b>Fili\u00e8re\u00a0 hydrog\u00e9ologie\u00a0<\/b><\/p><ul><li>Hydrog\u00e9ologie<\/li><li>G\u00e9omatique et Ressources en Eau<\/li><\/ul><\/div>\n\t\t\t\t<\/div>\n\t\t\t\t\t\t\t\t<\/div>\n\t\t\t\t<\/div>\n\t\t\t\t<\/div>\n\t\t\t\t\t<\/div>\n\t\t<\/div>\n\t\t\t\t<div class=\"elementor-column elementor-col-50 elementor-top-column elementor-element elementor-element-412b135\" data-id=\"412b135\" data-element_type=\"column\">\n\t\t\t<div class=\"elementor-widget-wrap elementor-element-populated\">\n\t\t\t\t\t\t\t\t<div class=\"elementor-element elementor-element-666b9d7 elementor-widget-divider--view-line_text elementor-widget-divider--element-align-center elementor-widget elementor-widget-divider\" data-id=\"666b9d7\" data-element_type=\"widget\" data-widget_type=\"divider.default\">\n\t\t\t\t<div class=\"elementor-widget-container\">\n\t\t\t\t\t<div class=\"elementor-divider\">\n\t\t\t<span class=\"elementor-divider-separator\">\n\t\t\t\t\t\t\t<h2 class=\"elementor-divider__text elementor-divider__element\">Doctorats en sciences<br><\/h2>\n\t\t\t\t\t\t<\/span>\n\t\t<\/div>\n\t\t\t\t<\/div>\n\t\t\t\t<\/div>\n\t\t\t\t<div class=\"elementor-element elementor-element-0b50b0c elementor-widget elementor-widget-toggle\" data-id=\"0b50b0c\" data-element_type=\"widget\" data-widget_type=\"toggle.default\">\n\t\t\t\t<div class=\"elementor-widget-container\">\n\t\t\t\t\t<div class=\"elementor-toggle\" role=\"tablist\">\n\t\t\t\t\t\t\t<div class=\"elementor-toggle-item\">\n\t\t\t\t\t<div id=\"elementor-tab-title-1181\" class=\"elementor-tab-title\" data-tab=\"1\" role=\"tab\" aria-controls=\"elementor-tab-content-1181\" aria-expanded=\"false\">\n\t\t\t\t\t\t\t\t\t\t\t\t<span class=\"elementor-toggle-icon elementor-toggle-icon-left\" aria-hidden=\"true\">\n\t\t\t\t\t\t\t\t\t\t\t\t\t\t\t<span class=\"elementor-toggle-icon-closed\"><i class=\"fas fa-caret-right\"><\/i><\/span>\n\t\t\t\t\t\t\t\t<span class=\"elementor-toggle-icon-opened\"><i class=\"elementor-toggle-icon-opened fas fa-caret-up\"><\/i><\/span>\n\t\t\t\t\t\t\t\t\t\t\t\t\t<\/span>\n\t\t\t\t\t\t\t\t\t\t\t\t<a href=\"\" class=\"elementor-toggle-title\">Doctorats en sciences<\/a>\n\t\t\t\t\t<\/div>\n\t\t\t\t\t<div id=\"elementor-tab-content-1181\" class=\"elementor-tab-content elementor-clearfix\" data-tab=\"1\" role=\"tabpanel\" aria-labelledby=\"elementor-tab-title-1181\"><ul><li>Sciences de la natures et de vie<\/li><li>Sciences de la terre et l\u2019univers<\/li><\/ul><\/div>\n\t\t\t\t<\/div>\n\t\t\t\t\t\t\t\t<\/div>\n\t\t\t\t<\/div>\n\t\t\t\t<\/div>\n\t\t\t\t\t<\/div>\n\t\t<\/div>\n\t\t\t\t\t\t\t<\/div>\n\t\t<\/section>\n\t\t\t\t\t\t<\/div>\n\t\t\t\t\t<\/div>\n\t\t","protected":false},"excerpt":{"rendered":"<p>DOCTORAT FSNV Doctorats LMD Domaine Sciences de la Nature et de la Vie Fili\u00e8re\u00a0 \u00a0biologie Valorisation des substances naturelles Sciences, Technologie et Sant\u00e9 Biochimie Appliqu\u00e9e Fili\u00e8re\u00a0 agronomie Phytopharmacie et protection des v\u00e9g\u00e9taux Production V\u00e9g\u00e9tale et Protection des V\u00e9g\u00e9taux Entomologie Appliqu\u00e9e et Protection des V\u00e9g\u00e9taux Production V\u00e9g\u00e9tale Fili\u00e8re Sciences Alimentaires Nutrition et Pathologies Qualit\u00e9 des Produits &hellip;<\/p>\n<p class=\"read-more\"> <a class=\"\" href=\"https:\/\/www.univ-mascara.dz\/fsnv\/?page_id=2975\"> <span class=\"screen-reader-text\">Doctorat<\/span> Lire la suite\u00a0\u00bb<\/a><\/p>\n","protected":false},"author":2,"featured_media":0,"parent":0,"menu_order":0,"comment_status":"closed","ping_status":"closed","template":"","meta":[],"_links":{"self":[{"href":"https:\/\/www.univ-mascara.dz\/fsnv\/index.php?rest_route=\/wp\/v2\/pages\/2975"}],"collection":[{"href":"https:\/\/www.univ-mascara.dz\/fsnv\/index.php?rest_route=\/wp\/v2\/pages"}],"about":[{"href":"https:\/\/www.univ-mascara.dz\/fsnv\/index.php?rest_route=\/wp\/v2\/types\/page"}],"author":[{"embeddable":true,"href":"https:\/\/www.univ-mascara.dz\/fsnv\/index.php?rest_route=\/wp\/v2\/users\/2"}],"replies":[{"embeddable":true,"href":"https:\/\/www.univ-mascara.dz\/fsnv\/index.php?rest_route=%2Fwp%2Fv2%2Fcomments&post=2975"}],"version-history":[{"count":7,"href":"https:\/\/www.univ-mascara.dz\/fsnv\/index.php?rest_route=\/wp\/v2\/pages\/2975\/revisions"}],"predecessor-version":[{"id":9879,"href":"https:\/\/www.univ-mascara.dz\/fsnv\/index.php?rest_route=\/wp\/v2\/pages\/2975\/revisions\/9879"}],"wp:attachment":[{"href":"https:\/\/www.univ-mascara.dz\/fsnv\/index.php?rest_route=%2Fwp%2Fv2%2Fmedia&parent=2975"}],"curies":[{"name":"wp","href":"https:\/\/api.w.org\/{rel}","templated":true}]}}