{"id":3100,"date":"2021-09-26T13:57:05","date_gmt":"2021-09-26T12:57:05","guid":{"rendered":"http:\/\/193.194.87.76\/fsnv\/?page_id=3100"},"modified":"2023-04-16T11:26:38","modified_gmt":"2023-04-16T10:26:38","slug":"licence-production-vegetale","status":"publish","type":"page","link":"https:\/\/www.univ-mascara.dz\/fsnv\/?page_id=3100","title":{"rendered":"licence production v\u00e9g\u00e9tale"},"content":{"rendered":"\t\t<div data-elementor-type=\"wp-page\" data-elementor-id=\"3100\" class=\"elementor elementor-3100\" data-elementor-settings=\"[]\">\n\t\t\t\t\t\t\t<div class=\"elementor-section-wrap\">\n\t\t\t\t\t\t\t<section class=\"elementor-section elementor-top-section elementor-element elementor-element-e423c86 elementor-section-height-min-height elementor-section-boxed elementor-section-height-default elementor-section-items-middle\" data-id=\"e423c86\" data-element_type=\"section\" data-settings=\"{&quot;background_background&quot;:&quot;classic&quot;}\">\n\t\t\t\t\t\t\t<div class=\"elementor-background-overlay\"><\/div>\n\t\t\t\t\t\t\t<div class=\"elementor-container elementor-column-gap-default\">\n\t\t\t\t\t<div class=\"elementor-column elementor-col-100 elementor-top-column elementor-element elementor-element-0cc6df8\" data-id=\"0cc6df8\" data-element_type=\"column\">\n\t\t\t<div class=\"elementor-widget-wrap elementor-element-populated\">\n\t\t\t\t\t\t\t\t<div class=\"elementor-element elementor-element-a5e9144 elementor-widget elementor-widget-heading\" data-id=\"a5e9144\" data-element_type=\"widget\" data-widget_type=\"heading.default\">\n\t\t\t\t<div class=\"elementor-widget-container\">\n\t\t\t<p class=\"elementor-heading-title elementor-size-medium\">Licence Production v\u00e9g\u00e9tale_Fili\u00e8re\n : sciences agronomiques<\/p>\t\t<\/div>\n\t\t\t\t<\/div>\n\t\t\t\t<div class=\"elementor-element elementor-element-034c7be elementor-widget elementor-widget-heading\" data-id=\"034c7be\" data-element_type=\"widget\" data-widget_type=\"heading.default\">\n\t\t\t\t<div class=\"elementor-widget-container\">\n\t\t\t<p class=\"elementor-heading-title elementor-size-small\">Domaine:\u00a0 Sciences de la nature et de vie<\/p>\t\t<\/div>\n\t\t\t\t<\/div>\n\t\t\t\t\t<\/div>\n\t\t<\/div>\n\t\t\t\t\t\t\t<\/div>\n\t\t<\/section>\n\t\t\t\t<section class=\"elementor-section elementor-top-section elementor-element elementor-element-bebc71e elementor-section-boxed elementor-section-height-default elementor-section-height-default\" data-id=\"bebc71e\" data-element_type=\"section\" data-settings=\"{&quot;background_background&quot;:&quot;classic&quot;}\">\n\t\t\t\t\t\t<div class=\"elementor-container elementor-column-gap-default\">\n\t\t\t\t\t<div class=\"elementor-column elementor-col-25 elementor-top-column elementor-element elementor-element-0715bc9\" data-id=\"0715bc9\" data-element_type=\"column\">\n\t\t\t<div class=\"elementor-widget-wrap elementor-element-populated\">\n\t\t\t\t\t\t\t\t<section class=\"elementor-section elementor-inner-section elementor-element elementor-element-dbda28c elementor-section-boxed elementor-section-height-default elementor-section-height-default\" data-id=\"dbda28c\" data-element_type=\"section\">\n\t\t\t\t\t\t<div class=\"elementor-container elementor-column-gap-default\">\n\t\t\t\t\t<div class=\"elementor-column elementor-col-50 elementor-inner-column elementor-element elementor-element-4f45292\" data-id=\"4f45292\" data-element_type=\"column\">\n\t\t\t<div class=\"elementor-widget-wrap elementor-element-populated\">\n\t\t\t\t\t\t\t\t<div class=\"elementor-element elementor-element-0f012b3 elementor-view-stacked elementor-shape-circle elementor-widget elementor-widget-icon\" data-id=\"0f012b3\" data-element_type=\"widget\" data-widget_type=\"icon.default\">\n\t\t\t\t<div class=\"elementor-widget-container\">\n\t\t\t\t\t<div class=\"elementor-icon-wrapper\">\n\t\t\t<div class=\"elementor-icon\">\n\t\t\t<i aria-hidden=\"true\" class=\"fas fa-graduation-cap\"><\/i>\t\t\t<\/div>\n\t\t<\/div>\n\t\t\t\t<\/div>\n\t\t\t\t<\/div>\n\t\t\t\t\t<\/div>\n\t\t<\/div>\n\t\t\t\t<div class=\"elementor-column elementor-col-50 elementor-inner-column elementor-element elementor-element-05a7388\" data-id=\"05a7388\" data-element_type=\"column\">\n\t\t\t<div class=\"elementor-widget-wrap elementor-element-populated\">\n\t\t\t\t\t\t\t\t<div class=\"elementor-element elementor-element-3f1db06 elementor-widget elementor-widget-heading\" data-id=\"3f1db06\" data-element_type=\"widget\" data-widget_type=\"heading.default\">\n\t\t\t\t<div class=\"elementor-widget-container\">\n\t\t\t<h2 class=\"elementor-heading-title elementor-size-small\">N de cr\u00e9dits pr\u00e9par\u00e9s\n\n<\/h2>\t\t<\/div>\n\t\t\t\t<\/div>\n\t\t\t\t<div class=\"elementor-element elementor-element-bd62b30 elementor-widget elementor-widget-heading\" data-id=\"bd62b30\" data-element_type=\"widget\" data-widget_type=\"heading.default\">\n\t\t\t\t<div class=\"elementor-widget-container\">\n\t\t\t<h2 class=\"elementor-heading-title elementor-size-default\">180 cr\u00e9dits<\/h2>\t\t<\/div>\n\t\t\t\t<\/div>\n\t\t\t\t\t<\/div>\n\t\t<\/div>\n\t\t\t\t\t\t\t<\/div>\n\t\t<\/section>\n\t\t\t\t\t<\/div>\n\t\t<\/div>\n\t\t\t\t<div class=\"elementor-column elementor-col-25 elementor-top-column elementor-element elementor-element-1378092\" data-id=\"1378092\" data-element_type=\"column\">\n\t\t\t<div class=\"elementor-widget-wrap elementor-element-populated\">\n\t\t\t\t\t\t\t\t<section class=\"elementor-section elementor-inner-section elementor-element elementor-element-d92608e elementor-section-boxed elementor-section-height-default elementor-section-height-default\" data-id=\"d92608e\" data-element_type=\"section\">\n\t\t\t\t\t\t<div class=\"elementor-container elementor-column-gap-default\">\n\t\t\t\t\t<div class=\"elementor-column elementor-col-50 elementor-inner-column elementor-element elementor-element-c186fe1\" data-id=\"c186fe1\" data-element_type=\"column\">\n\t\t\t<div class=\"elementor-widget-wrap elementor-element-populated\">\n\t\t\t\t\t\t\t\t<div class=\"elementor-element elementor-element-0bd97c2 elementor-view-stacked elementor-shape-circle elementor-widget elementor-widget-icon\" data-id=\"0bd97c2\" data-element_type=\"widget\" data-widget_type=\"icon.default\">\n\t\t\t\t<div class=\"elementor-widget-container\">\n\t\t\t\t\t<div class=\"elementor-icon-wrapper\">\n\t\t\t<div class=\"elementor-icon\">\n\t\t\t<i aria-hidden=\"true\" class=\"far fa-share-square\"><\/i>\t\t\t<\/div>\n\t\t<\/div>\n\t\t\t\t<\/div>\n\t\t\t\t<\/div>\n\t\t\t\t\t<\/div>\n\t\t<\/div>\n\t\t\t\t<div class=\"elementor-column elementor-col-50 elementor-inner-column elementor-element elementor-element-302353f\" data-id=\"302353f\" data-element_type=\"column\">\n\t\t\t<div class=\"elementor-widget-wrap elementor-element-populated\">\n\t\t\t\t\t\t\t\t<div class=\"elementor-element elementor-element-5d80a2c elementor-widget elementor-widget-heading\" data-id=\"5d80a2c\" data-element_type=\"widget\" data-widget_type=\"heading.default\">\n\t\t\t\t<div class=\"elementor-widget-container\">\n\t\t\t<h2 class=\"elementor-heading-title elementor-size-small\">Niveau d'\u00e9tudes vis\u00e9<\/h2>\t\t<\/div>\n\t\t\t\t<\/div>\n\t\t\t\t<div class=\"elementor-element elementor-element-6c70880 elementor-widget elementor-widget-heading\" data-id=\"6c70880\" data-element_type=\"widget\" data-widget_type=\"heading.default\">\n\t\t\t\t<div class=\"elementor-widget-container\">\n\t\t\t<h2 class=\"elementor-heading-title elementor-size-default\">BAC+3<\/h2>\t\t<\/div>\n\t\t\t\t<\/div>\n\t\t\t\t\t<\/div>\n\t\t<\/div>\n\t\t\t\t\t\t\t<\/div>\n\t\t<\/section>\n\t\t\t\t\t<\/div>\n\t\t<\/div>\n\t\t\t\t<div class=\"elementor-column elementor-col-25 elementor-top-column elementor-element elementor-element-a453b72\" data-id=\"a453b72\" data-element_type=\"column\">\n\t\t\t<div class=\"elementor-widget-wrap elementor-element-populated\">\n\t\t\t\t\t\t\t\t<section class=\"elementor-section elementor-inner-section elementor-element elementor-element-44b9231 elementor-section-boxed elementor-section-height-default elementor-section-height-default\" data-id=\"44b9231\" data-element_type=\"section\">\n\t\t\t\t\t\t<div class=\"elementor-container elementor-column-gap-default\">\n\t\t\t\t\t<div class=\"elementor-column elementor-col-50 elementor-inner-column elementor-element elementor-element-b8a3a8b\" data-id=\"b8a3a8b\" data-element_type=\"column\">\n\t\t\t<div class=\"elementor-widget-wrap elementor-element-populated\">\n\t\t\t\t\t\t\t\t<div class=\"elementor-element elementor-element-9b0996c elementor-view-stacked elementor-shape-circle elementor-widget elementor-widget-icon\" data-id=\"9b0996c\" data-element_type=\"widget\" data-widget_type=\"icon.default\">\n\t\t\t\t<div class=\"elementor-widget-container\">\n\t\t\t\t\t<div class=\"elementor-icon-wrapper\">\n\t\t\t<div class=\"elementor-icon\">\n\t\t\t<i aria-hidden=\"true\" class=\"far fa-building\"><\/i>\t\t\t<\/div>\n\t\t<\/div>\n\t\t\t\t<\/div>\n\t\t\t\t<\/div>\n\t\t\t\t\t<\/div>\n\t\t<\/div>\n\t\t\t\t<div class=\"elementor-column elementor-col-50 elementor-inner-column elementor-element elementor-element-f4f0d1a\" data-id=\"f4f0d1a\" data-element_type=\"column\">\n\t\t\t<div class=\"elementor-widget-wrap elementor-element-populated\">\n\t\t\t\t\t\t\t\t<div class=\"elementor-element elementor-element-b4f11fb elementor-widget elementor-widget-heading\" data-id=\"b4f11fb\" data-element_type=\"widget\" data-widget_type=\"heading.default\">\n\t\t\t\t<div class=\"elementor-widget-container\">\n\t\t\t<h2 class=\"elementor-heading-title elementor-size-small\">Facult\u00e9<\/h2>\t\t<\/div>\n\t\t\t\t<\/div>\n\t\t\t\t<div class=\"elementor-element elementor-element-9671d1a elementor-widget elementor-widget-heading\" data-id=\"9671d1a\" data-element_type=\"widget\" data-widget_type=\"heading.default\">\n\t\t\t\t<div class=\"elementor-widget-container\">\n\t\t\t<h2 class=\"elementor-heading-title elementor-size-default\">Facult\u00e9 des Sciences de la nature et de vie<\/h2>\t\t<\/div>\n\t\t\t\t<\/div>\n\t\t\t\t\t<\/div>\n\t\t<\/div>\n\t\t\t\t\t\t\t<\/div>\n\t\t<\/section>\n\t\t\t\t\t<\/div>\n\t\t<\/div>\n\t\t\t\t<div class=\"elementor-column elementor-col-25 elementor-top-column elementor-element elementor-element-20e6ea0\" data-id=\"20e6ea0\" data-element_type=\"column\">\n\t\t\t<div class=\"elementor-widget-wrap elementor-element-populated\">\n\t\t\t\t\t\t\t\t<section class=\"elementor-section elementor-inner-section elementor-element elementor-element-66928da elementor-section-boxed elementor-section-height-default elementor-section-height-default\" data-id=\"66928da\" data-element_type=\"section\">\n\t\t\t\t\t\t<div class=\"elementor-container elementor-column-gap-default\">\n\t\t\t\t\t<div class=\"elementor-column elementor-col-50 elementor-inner-column elementor-element elementor-element-2fceecd\" data-id=\"2fceecd\" data-element_type=\"column\">\n\t\t\t<div class=\"elementor-widget-wrap elementor-element-populated\">\n\t\t\t\t\t\t\t\t<div class=\"elementor-element elementor-element-350aa8f elementor-view-stacked elementor-shape-circle elementor-widget elementor-widget-icon\" data-id=\"350aa8f\" data-element_type=\"widget\" data-widget_type=\"icon.default\">\n\t\t\t\t<div class=\"elementor-widget-container\">\n\t\t\t\t\t<div class=\"elementor-icon-wrapper\">\n\t\t\t<div class=\"elementor-icon\">\n\t\t\t<i aria-hidden=\"true\" class=\"fas fa-globe-africa\"><\/i>\t\t\t<\/div>\n\t\t<\/div>\n\t\t\t\t<\/div>\n\t\t\t\t<\/div>\n\t\t\t\t\t<\/div>\n\t\t<\/div>\n\t\t\t\t<div class=\"elementor-column elementor-col-50 elementor-inner-column elementor-element elementor-element-1dda880\" data-id=\"1dda880\" data-element_type=\"column\">\n\t\t\t<div class=\"elementor-widget-wrap elementor-element-populated\">\n\t\t\t\t\t\t\t\t<div class=\"elementor-element elementor-element-e91bef8 elementor-widget elementor-widget-heading\" data-id=\"e91bef8\" data-element_type=\"widget\" data-widget_type=\"heading.default\">\n\t\t\t\t<div class=\"elementor-widget-container\">\n\t\t\t<h2 class=\"elementor-heading-title elementor-size-small\">Langue des enseignements<\/h2>\t\t<\/div>\n\t\t\t\t<\/div>\n\t\t\t\t<div class=\"elementor-element elementor-element-2379cfa elementor-widget elementor-widget-heading\" data-id=\"2379cfa\" data-element_type=\"widget\" data-widget_type=\"heading.default\">\n\t\t\t\t<div class=\"elementor-widget-container\">\n\t\t\t<h2 class=\"elementor-heading-title elementor-size-default\">Fran\u00e7ais<\/h2>\t\t<\/div>\n\t\t\t\t<\/div>\n\t\t\t\t\t<\/div>\n\t\t<\/div>\n\t\t\t\t\t\t\t<\/div>\n\t\t<\/section>\n\t\t\t\t\t<\/div>\n\t\t<\/div>\n\t\t\t\t\t\t\t<\/div>\n\t\t<\/section>\n\t\t\t\t<section class=\"elementor-section elementor-top-section elementor-element elementor-element-6fa0956 elementor-section-boxed elementor-section-height-default elementor-section-height-default\" data-id=\"6fa0956\" data-element_type=\"section\" data-settings=\"{&quot;background_background&quot;:&quot;classic&quot;}\">\n\t\t\t\t\t\t\t<div class=\"elementor-background-overlay\"><\/div>\n\t\t\t\t\t\t\t<div class=\"elementor-container elementor-column-gap-default\">\n\t\t\t\t\t<div class=\"elementor-column elementor-col-66 elementor-top-column elementor-element elementor-element-72ed513\" data-id=\"72ed513\" data-element_type=\"column\">\n\t\t\t<div class=\"elementor-widget-wrap elementor-element-populated\">\n\t\t\t\t\t\t\t\t<div class=\"elementor-element elementor-element-e113abf elementor-widget elementor-widget-eael-adv-tabs\" data-id=\"e113abf\" data-element_type=\"widget\" data-widget_type=\"eael-adv-tabs.default\">\n\t\t\t\t<div class=\"elementor-widget-container\">\n\t\t\t        <div id=\"eael-advance-tabs-e113abf\" class=\"eael-advance-tabs eael-tabs-horizontal\" data-tabid=\"e113abf\">\n            <div class=\"eael-tabs-nav\">\n                <ul class=\"\">\n                                            <li class=\"inactive\">\n                             <span class=\"eael-tab-title\">Objectif<\/span>\n                        <\/li>\n                                            <li class=\"inactive\">\n                             <span class=\"eael-tab-title\">programme<\/span>\n                        <\/li>\n                                            <li class=\"inactive\">\n                             <span class=\"eael-tab-title\">D\u00e9bouch\u00e9s<\/span>\n                        <\/li>\n                                            <li class=\"inactive\">\n                             <span class=\"eael-tab-title\">Savoir faire <\/span>\n                        <\/li>\n                                            <li class=\"inactive\">\n                             <span class=\"eael-tab-title\">contact<\/span>\n                        <\/li>\n                                    <\/ul>\n            <\/div>\n            <div class=\"eael-tabs-content\">\n                \n                    <div class=\"clearfix inactive\">\n                                                    <div class=\"content\"><p><strong>Objectif<\/strong><\/p><p>Cette formation acad\u00e9mique repose sur l'acquisition des principales notions fondamentales dans les disciplines li\u00e9es \u00e0 la production v\u00e9g\u00e9tale. Elle r\u00e9pond \u00e0 un enjeu majeur qui le d\u00e9veloppement et l\u2019accroissement des productions v\u00e9g\u00e9tales en tenant compte des aspects environnementaux.<\/p><\/div>                                            <\/div>\n                \n                    <div class=\"clearfix inactive\">\n                                                    <div class=\"content\"><p><strong>Programme<\/strong><\/p><p><img decoding=\"async\" loading=\"lazy\" src=\"https:\/\/www.univ-mascara.dz\/fse\/images\/img\/puce-noire_1405608088606-jpg.jpg\" alt=\"\" width=\"23\" height=\"21\" border=\"0\" \/> licence PA<\/p><p>( Semestre 1 et semestre 2)<\/p><\/div>                                            <\/div>\n                \n                    <div class=\"clearfix inactive\">\n                                                    <p><strong>D\u00e9bouch\u00e9s<\/strong><\/p><p>- Secteurs d\u2019activit\u00e9s: Cette licence vise \u00e0 former des cadres capables de proposer des solutions et r\u00e9soudre des probl\u00e8mes concrets pour une agriculture saine et durable. Le licenci\u00e9 dipl\u00f4m\u00e9 trouvera un champ large d\u2019employabilit\u00e9 \u00e0 travers le d\u00e9veloppement agricole,<\/p><ul><li>M\u00e9tiers vis\u00e9s<\/li><li>Le secteur de l\u2019agriculture notamment les services techniques r\u00e9gionaux et locaux<\/li><\/ul><p style=\"margin-top: 15px; margin-bottom: 15px; color: #333333; font-family: sans-serif; font-size: 13.2px; font-style: normal; font-weight: 400;\">(D.S.A, INPV, ITAFV, ONCV, OAIC, INRA, ITGC, C.N.C.C) ;<\/p><ul><li>La cr\u00e9ation de bureau d\u2019\u00e9tude et de conseils en production v\u00e9g\u00e9tale ;<\/li><li>Mise en place de projet agricole ;<\/li><li>Secteur priv\u00e9 (p\u00e9pini\u00e9ristes, exploitations agricoles, industries ol\u00e9icoles) ;<\/li><li>Poursuite des \u00e9tudes en master Cultures P\u00e9rennes.<\/li><\/ul>                                            <\/div>\n                \n                    <div class=\"clearfix inactive\">\n                                                    <div class=\"content\"><p><strong>Savoir faire et\u00a0<\/strong><b>comp\u00e9tences<\/b><\/p><p>En plus des sorties et visites p\u00e9dagogiques, des enseignements th\u00e9oriques et pratiques sont dispens\u00e9s aux \u00e9tudiants leur permettant ainsi d'acqu\u00e9rir des connaissances en vue de leur pr\u00e9paration \u00e0 leur insertion professionnelle dans les domaines suivants :<\/p><ul><li>Production des plants et semences ;<\/li><li>Am\u00e9lioration g\u00e9n\u00e9tique des plantes ;<\/li><li>Conception de syst\u00e8mes de production fiables et viables ;<\/li><li>Gestion et utilisation rationnelle des fertilisants et des pesticides ;<\/li><li>Conception de techniques de productions v\u00e9g\u00e9tales et le suivi de projets ;<\/li><li>Analyse des syst\u00e8mes de production.<\/li><\/ul><\/div>                                            <\/div>\n                \n                    <div class=\"clearfix inactive\">\n                                                    <p><strong>Contact<\/strong><\/p><ul><li>Responsable de Fili\u00e8re:Dr HARIZIA Abdelkader<\/li><li>Courriel:<span id=\"cloakc0968e8ef594612f3b8b8eba8d0d6dd1\"><a href=\"mailto:a.harizia@univ-mascara.dz\">a.harizia@univ-mascara.dz<\/a><\/span><\/li><li>Responsable de sp\u00e9cialit\u00e9:Dr BENARICHA BOUMEDIENNE<\/li><li>Courriel:\u00a0<span id=\"cloak2d48b4ed3edc615d977190a260450504\"><a href=\"mailto:b.benaricha@univ-mascara.dz\">b.benaricha@univ-mascara.dz<\/a><\/span><\/li><\/ul>                                            <\/div>\n                            <\/div>\n        <\/div>\n\t\t<\/div>\n\t\t\t\t<\/div>\n\t\t\t\t\t<\/div>\n\t\t<\/div>\n\t\t\t\t<div class=\"elementor-column elementor-col-33 elementor-top-column elementor-element elementor-element-69f411f\" data-id=\"69f411f\" data-element_type=\"column\">\n\t\t\t<div class=\"elementor-widget-wrap elementor-element-populated\">\n\t\t\t\t\t\t\t\t<div class=\"elementor-element elementor-element-f5f2e6f elementor-widget elementor-widget-text-editor\" data-id=\"f5f2e6f\" data-element_type=\"widget\" data-widget_type=\"text-editor.default\">\n\t\t\t\t<div class=\"elementor-widget-container\">\n\t\t\t\t\t\t\t\t<h4>\u00a0<\/h4><h4 class=\"ametys-section-title\"><strong>R\u00e9sum\u00e9 de la formation<\/strong><\/h4><p>\u00a0<\/p><p style=\"text-align: left;\"><span style=\"color: #61ce70;\"><strong>Domaine<\/strong>:<\/span>\u00a0 Sciences de la nature et de vie<\/p><p style=\"text-align: left;\"><span style=\"color: #61ce70;\"><strong>Type de dipl\u00f4me<\/strong>\u00a0:<\/span>Licence Acad\u00e9mique<\/p><p style=\"text-align: left;\"><span style=\"color: #61ce70;\"><strong>Dur\u00e9e<\/strong><\/span> : 06\u00a0 semestres<\/p><p style=\"text-align: left;\"><span style=\"color: #61ce70;\"><strong>Niveau de dipl\u00f4me requis \u00e0 l&rsquo;entr\u00e9e<\/strong><\/span>\u00a0: Baccalaur\u00e9at<\/p><p style=\"text-align: left;\"><span style=\"color: #61ce70;\"><strong>Lieu d&rsquo;enseignement<\/strong><\/span><\/p>\t\t\t\t\t\t<\/div>\n\t\t\t\t<\/div>\n\t\t\t\t<div class=\"elementor-element elementor-element-5d22538 elementor-widget elementor-widget-google_maps\" data-id=\"5d22538\" data-element_type=\"widget\" data-widget_type=\"google_maps.default\">\n\t\t\t\t<div class=\"elementor-widget-container\">\n\t\t\t\t\t<div class=\"elementor-custom-embed\">\n\t\t\t<iframe frameborder=\"0\" scrolling=\"no\" marginheight=\"0\" marginwidth=\"0\" src=\"https:\/\/maps.google.com\/maps?q=fsnv%20mascara&amp;t=m&amp;z=14&amp;output=embed&amp;iwloc=near\" title=\"%3$s\" aria-label=\"%3$s\"><\/iframe>\n\t\t<\/div>\n\t\t\t\t<\/div>\n\t\t\t\t<\/div>\n\t\t\t\t\t<\/div>\n\t\t<\/div>\n\t\t\t\t\t\t\t<\/div>\n\t\t<\/section>\n\t\t\t\t<section class=\"elementor-section elementor-top-section elementor-element elementor-element-f86c86d elementor-section-boxed elementor-section-height-default elementor-section-height-default\" data-id=\"f86c86d\" data-element_type=\"section\" data-settings=\"{&quot;background_background&quot;:&quot;classic&quot;}\">\n\t\t\t\t\t\t<div class=\"elementor-container elementor-column-gap-default\">\n\t\t\t\t\t<div class=\"elementor-column elementor-col-100 elementor-top-column elementor-element elementor-element-4e6da43\" data-id=\"4e6da43\" data-element_type=\"column\">\n\t\t\t<div class=\"elementor-widget-wrap elementor-element-populated\">\n\t\t\t\t\t\t\t\t<div class=\"elementor-element elementor-element-0171b9a elementor-widget-divider--view-line elementor-widget elementor-widget-divider\" data-id=\"0171b9a\" data-element_type=\"widget\" data-widget_type=\"divider.default\">\n\t\t\t\t<div class=\"elementor-widget-container\">\n\t\t\t\t\t<div class=\"elementor-divider\">\n\t\t\t<span class=\"elementor-divider-separator\">\n\t\t\t\t\t\t<\/span>\n\t\t<\/div>\n\t\t\t\t<\/div>\n\t\t\t\t<\/div>\n\t\t\t\t<div class=\"elementor-element elementor-element-fec515d elementor-tabs-view-horizontal elementor-widget elementor-widget-tabs\" data-id=\"fec515d\" data-element_type=\"widget\" data-widget_type=\"tabs.default\">\n\t\t\t\t<div class=\"elementor-widget-container\">\n\t\t\t\t\t<div class=\"elementor-tabs\">\n\t\t\t<div class=\"elementor-tabs-wrapper\" role=\"tablist\" >\n\t\t\t\t\t\t\t\t\t<div id=\"elementor-tab-title-2671\" class=\"elementor-tab-title elementor-tab-desktop-title\" aria-selected=\"true\" data-tab=\"1\" role=\"tab\" tabindex=\"0\" aria-controls=\"elementor-tab-content-2671\" aria-expanded=\"false\">Savoir faire et comp\u00e9tences<\/div>\n\t\t\t\t\t\t\t<\/div>\n\t\t\t<div class=\"elementor-tabs-content-wrapper\" role=\"tablist\" aria-orientation=\"vertical\">\n\t\t\t\t\t\t\t\t\t<div class=\"elementor-tab-title elementor-tab-mobile-title\" aria-selected=\"true\" data-tab=\"1\" role=\"tab\" tabindex=\"0\" aria-controls=\"elementor-tab-content-2671\" aria-expanded=\"false\">Savoir faire et comp\u00e9tences<\/div>\n\t\t\t\t\t<div id=\"elementor-tab-content-2671\" class=\"elementor-tab-content elementor-clearfix\" data-tab=\"1\" role=\"tabpanel\" aria-labelledby=\"elementor-tab-title-2671\" tabindex=\"0\" hidden=\"false\"><p><strong>Savoir faire et\u00a0<\/strong><b>comp\u00e9tences<\/b><\/p><p>En plus des sorties et visites p\u00e9dagogiques, des enseignements th\u00e9oriques et pratiques sont dispens\u00e9s aux \u00e9tudiants leur permettant ainsi d&rsquo;acqu\u00e9rir des connaissances en vue de leur pr\u00e9paration \u00e0 leur insertion professionnelle dans les domaines suivants :<\/p><ul><li>Production des plants et semences ;<\/li><li>Am\u00e9lioration g\u00e9n\u00e9tique des plantes ;<\/li><li>Conception de syst\u00e8mes de production fiables et viables ;<\/li><li>Gestion et utilisation rationnelle des fertilisants et des pesticides ;<\/li><li>Conception de techniques de productions v\u00e9g\u00e9tales et le suivi de projets ;<\/li><li>Analyse des syst\u00e8mes de production.<\/li><\/ul><\/div>\n\t\t\t\t\t\t\t<\/div>\n\t\t<\/div>\n\t\t\t\t<\/div>\n\t\t\t\t<\/div>\n\t\t\t\t\t<\/div>\n\t\t<\/div>\n\t\t\t\t\t\t\t<\/div>\n\t\t<\/section>\n\t\t\t\t\t\t<\/div>\n\t\t\t\t\t<\/div>\n\t\t","protected":false},"excerpt":{"rendered":"<p>Licence Production v\u00e9g\u00e9tale_Fili\u00e8re : sciences agronomiques Domaine:\u00a0 Sciences de la nature et de vie N de cr\u00e9dits pr\u00e9par\u00e9s 180 cr\u00e9dits Niveau d&rsquo;\u00e9tudes vis\u00e9 BAC+3 Facult\u00e9 Facult\u00e9 des Sciences de la nature et de vie Langue des enseignements Fran\u00e7ais Objectif programme D\u00e9bouch\u00e9s Savoir faire contact Objectif Cette formation acad\u00e9mique repose sur l&rsquo;acquisition des principales notions fondamentales &hellip;<\/p>\n<p class=\"read-more\"> <a class=\"\" href=\"https:\/\/www.univ-mascara.dz\/fsnv\/?page_id=3100\"> <span class=\"screen-reader-text\">licence production v\u00e9g\u00e9tale<\/span> Lire la suite\u00a0\u00bb<\/a><\/p>\n","protected":false},"author":3,"featured_media":0,"parent":0,"menu_order":0,"comment_status":"closed","ping_status":"closed","template":"","meta":[],"_links":{"self":[{"href":"https:\/\/www.univ-mascara.dz\/fsnv\/index.php?rest_route=\/wp\/v2\/pages\/3100"}],"collection":[{"href":"https:\/\/www.univ-mascara.dz\/fsnv\/index.php?rest_route=\/wp\/v2\/pages"}],"about":[{"href":"https:\/\/www.univ-mascara.dz\/fsnv\/index.php?rest_route=\/wp\/v2\/types\/page"}],"author":[{"embeddable":true,"href":"https:\/\/www.univ-mascara.dz\/fsnv\/index.php?rest_route=\/wp\/v2\/users\/3"}],"replies":[{"embeddable":true,"href":"https:\/\/www.univ-mascara.dz\/fsnv\/index.php?rest_route=%2Fwp%2Fv2%2Fcomments&post=3100"}],"version-history":[{"count":6,"href":"https:\/\/www.univ-mascara.dz\/fsnv\/index.php?rest_route=\/wp\/v2\/pages\/3100\/revisions"}],"predecessor-version":[{"id":9869,"href":"https:\/\/www.univ-mascara.dz\/fsnv\/index.php?rest_route=\/wp\/v2\/pages\/3100\/revisions\/9869"}],"wp:attachment":[{"href":"https:\/\/www.univ-mascara.dz\/fsnv\/index.php?rest_route=%2Fwp%2Fv2%2Fmedia&parent=3100"}],"curies":[{"name":"wp","href":"https:\/\/api.w.org\/{rel}","templated":true}]}}