{"id":3117,"date":"2021-09-26T14:09:10","date_gmt":"2021-09-26T13:09:10","guid":{"rendered":"http:\/\/193.194.87.76\/fsnv\/?page_id=3117"},"modified":"2022-01-10T14:06:52","modified_gmt":"2022-01-10T13:06:52","slug":"licence-protection-des-vegetaux","status":"publish","type":"page","link":"https:\/\/www.univ-mascara.dz\/fsnv\/?page_id=3117","title":{"rendered":"Licence Protection des v\u00e9g\u00e9taux"},"content":{"rendered":"\t\t<div data-elementor-type=\"wp-page\" data-elementor-id=\"3117\" class=\"elementor elementor-3117\" data-elementor-settings=\"[]\">\n\t\t\t\t\t\t\t<div class=\"elementor-section-wrap\">\n\t\t\t\t\t\t\t<section class=\"elementor-section elementor-top-section elementor-element elementor-element-9f7fd6d elementor-section-height-min-height elementor-section-boxed elementor-section-height-default elementor-section-items-middle\" data-id=\"9f7fd6d\" data-element_type=\"section\" data-settings=\"{&quot;background_background&quot;:&quot;classic&quot;}\">\n\t\t\t\t\t\t\t<div class=\"elementor-background-overlay\"><\/div>\n\t\t\t\t\t\t\t<div class=\"elementor-container elementor-column-gap-default\">\n\t\t\t\t\t<div class=\"elementor-column elementor-col-100 elementor-top-column elementor-element elementor-element-e314d63\" data-id=\"e314d63\" data-element_type=\"column\">\n\t\t\t<div class=\"elementor-widget-wrap elementor-element-populated\">\n\t\t\t\t\t\t\t\t<div class=\"elementor-element elementor-element-95c5fc6 elementor-widget elementor-widget-heading\" data-id=\"95c5fc6\" data-element_type=\"widget\" data-widget_type=\"heading.default\">\n\t\t\t\t<div class=\"elementor-widget-container\">\n\t\t\t<span class=\"elementor-heading-title elementor-size-default\"><br><br>LICENCE<\/span>\t\t<\/div>\n\t\t\t\t<\/div>\n\t\t\t\t<div class=\"elementor-element elementor-element-ecd9987 elementor-widget-divider--view-line elementor-widget elementor-widget-divider\" data-id=\"ecd9987\" data-element_type=\"widget\" data-widget_type=\"divider.default\">\n\t\t\t\t<div class=\"elementor-widget-container\">\n\t\t\t\t\t<div class=\"elementor-divider\">\n\t\t\t<span class=\"elementor-divider-separator\">\n\t\t\t\t\t\t<\/span>\n\t\t<\/div>\n\t\t\t\t<\/div>\n\t\t\t\t<\/div>\n\t\t\t\t<div class=\"elementor-element elementor-element-71ba741 elementor-widget elementor-widget-heading\" data-id=\"71ba741\" data-element_type=\"widget\" data-widget_type=\"heading.default\">\n\t\t\t\t<div class=\"elementor-widget-container\">\n\t\t\t<span class=\"elementor-heading-title elementor-size-default\">FSNV<\/span>\t\t<\/div>\n\t\t\t\t<\/div>\n\t\t\t\t\t<\/div>\n\t\t<\/div>\n\t\t\t\t\t\t\t<\/div>\n\t\t<\/section>\n\t\t\t\t<section class=\"elementor-section elementor-top-section elementor-element elementor-element-f86c86d elementor-section-boxed elementor-section-height-default elementor-section-height-default\" data-id=\"f86c86d\" data-element_type=\"section\" data-settings=\"{&quot;background_background&quot;:&quot;classic&quot;}\">\n\t\t\t\t\t\t<div class=\"elementor-container elementor-column-gap-default\">\n\t\t\t\t\t<div class=\"elementor-column elementor-col-100 elementor-top-column elementor-element elementor-element-4e6da43\" data-id=\"4e6da43\" data-element_type=\"column\">\n\t\t\t<div class=\"elementor-widget-wrap elementor-element-populated\">\n\t\t\t\t\t\t\t\t<div class=\"elementor-element elementor-element-d0101ad eael-tooltip-align-left elementor-widget elementor-widget-eael-tooltip\" data-id=\"d0101ad\" data-element_type=\"widget\" data-widget_type=\"eael-tooltip.default\">\n\t\t\t\t<div class=\"elementor-widget-container\">\n\t\t\t\t<div class=\"eael-tooltip\">\n\t\t\t\t\t<span class=\"eael-tooltip-content\"><a href=\"\/fsnv\/?page_id=2740\"  rel=\"nofollow\" >\t\t\t\t\t\t\t\t\t\t\t\t<i class=\"fas fa-reply\"><\/i>\n\t\t\t\t\t\t\t\t\t\t<\/a><\/span>\n  \t\t\t<span class=\"eael-tooltip-text eael-tooltip-right\"><p>retour<\/p><\/span>\n  \t\t\t<\/div>\n\t\t\t<\/div>\n\t\t\t\t<\/div>\n\t\t\t\t<div class=\"elementor-element elementor-element-1e26094 elementor-widget elementor-widget-heading\" data-id=\"1e26094\" data-element_type=\"widget\" data-widget_type=\"heading.default\">\n\t\t\t\t<div class=\"elementor-widget-container\">\n\t\t\t<p class=\"elementor-heading-title elementor-size-large\">Licence Protection des v\u00e9g\u00e9taux\n<\/p>\t\t<\/div>\n\t\t\t\t<\/div>\n\t\t\t\t<div class=\"elementor-element elementor-element-0171b9a elementor-widget-divider--view-line elementor-widget elementor-widget-divider\" data-id=\"0171b9a\" data-element_type=\"widget\" data-widget_type=\"divider.default\">\n\t\t\t\t<div class=\"elementor-widget-container\">\n\t\t\t\t\t<div class=\"elementor-divider\">\n\t\t\t<span class=\"elementor-divider-separator\">\n\t\t\t\t\t\t<\/span>\n\t\t<\/div>\n\t\t\t\t<\/div>\n\t\t\t\t<\/div>\n\t\t\t\t<div class=\"elementor-element elementor-element-635799e elementor-widget elementor-widget-text-editor\" data-id=\"635799e\" data-element_type=\"widget\" data-widget_type=\"text-editor.default\">\n\t\t\t\t<div class=\"elementor-widget-container\">\n\t\t\t\t\t\t\t\t<p style=\"text-align: left;\"><span style=\"color: #000080;\"><strong>Domaine<\/strong><\/span>:\u00a0 Sciences de la nature et de vie<br \/><span style=\"color: #000080;\"><strong>Type de dipl\u00f4me<\/strong><\/span>\u00a0:Licence Acad\u00e9mique<br \/><span style=\"color: #000080;\"><strong>Dur\u00e9e<\/strong><\/span> : 06\u00a0 semestres<br \/><span style=\"color: #000080;\"><strong>Nombre de cr\u00e9dits pr\u00e9par\u00e9s<\/strong><\/span>\u00a0: 180<br \/><span style=\"color: #000080;\"><strong>Niveau de dipl\u00f4me requis \u00e0 l&rsquo;entr\u00e9e<\/strong><\/span>\u00a0: Baccalaur\u00e9at<br \/><span style=\"color: #000080;\"><strong>Niveau de dipl\u00f4me valid\u00e9 \u00e0 la sortie<\/strong><\/span>\u00a0: BAC+3<\/p>\t\t\t\t\t\t<\/div>\n\t\t\t\t<\/div>\n\t\t\t\t<div class=\"elementor-element elementor-element-fec515d elementor-tabs-view-horizontal elementor-widget elementor-widget-tabs\" data-id=\"fec515d\" data-element_type=\"widget\" data-widget_type=\"tabs.default\">\n\t\t\t\t<div class=\"elementor-widget-container\">\n\t\t\t\t\t<div class=\"elementor-tabs\">\n\t\t\t<div class=\"elementor-tabs-wrapper\" role=\"tablist\" >\n\t\t\t\t\t\t\t\t\t<div id=\"elementor-tab-title-2671\" class=\"elementor-tab-title elementor-tab-desktop-title\" aria-selected=\"true\" data-tab=\"1\" role=\"tab\" tabindex=\"0\" aria-controls=\"elementor-tab-content-2671\" aria-expanded=\"false\">Objectif<\/div>\n\t\t\t\t\t\t\t\t\t<div id=\"elementor-tab-title-2672\" class=\"elementor-tab-title elementor-tab-desktop-title\" aria-selected=\"false\" data-tab=\"2\" role=\"tab\" tabindex=\"-1\" aria-controls=\"elementor-tab-content-2672\" aria-expanded=\"false\">Programme<\/div>\n\t\t\t\t\t\t\t\t\t<div id=\"elementor-tab-title-2673\" class=\"elementor-tab-title elementor-tab-desktop-title\" aria-selected=\"false\" data-tab=\"3\" role=\"tab\" tabindex=\"-1\" aria-controls=\"elementor-tab-content-2673\" aria-expanded=\"false\">D\u00e9bouch\u00e9s<\/div>\n\t\t\t\t\t\t\t\t\t<div id=\"elementor-tab-title-2674\" class=\"elementor-tab-title elementor-tab-desktop-title\" aria-selected=\"false\" data-tab=\"4\" role=\"tab\" tabindex=\"-1\" aria-controls=\"elementor-tab-content-2674\" aria-expanded=\"false\">Profil des \u00e9tudiants<\/div>\n\t\t\t\t\t\t\t\t\t<div id=\"elementor-tab-title-2675\" class=\"elementor-tab-title elementor-tab-desktop-title\" aria-selected=\"false\" data-tab=\"5\" role=\"tab\" tabindex=\"-1\" aria-controls=\"elementor-tab-content-2675\" aria-expanded=\"false\">Savoir faire et comp\u00e9tances<\/div>\n\t\t\t\t\t\t\t\t\t<div id=\"elementor-tab-title-2676\" class=\"elementor-tab-title elementor-tab-desktop-title\" aria-selected=\"false\" data-tab=\"6\" role=\"tab\" tabindex=\"-1\" aria-controls=\"elementor-tab-content-2676\" aria-expanded=\"false\">Contact<\/div>\n\t\t\t\t\t\t\t<\/div>\n\t\t\t<div class=\"elementor-tabs-content-wrapper\" role=\"tablist\" aria-orientation=\"vertical\">\n\t\t\t\t\t\t\t\t\t<div class=\"elementor-tab-title elementor-tab-mobile-title\" aria-selected=\"true\" data-tab=\"1\" role=\"tab\" tabindex=\"0\" aria-controls=\"elementor-tab-content-2671\" aria-expanded=\"false\">Objectif<\/div>\n\t\t\t\t\t<div id=\"elementor-tab-content-2671\" class=\"elementor-tab-content elementor-clearfix\" data-tab=\"1\" role=\"tabpanel\" aria-labelledby=\"elementor-tab-title-2671\" tabindex=\"0\" hidden=\"false\"><p style=\"text-align: justify;\"><strong>Objectif<\/strong><\/p><p style=\"text-align: justify;\">La licence, Protection des V\u00e9g\u00e9taux, offre un parcours permettant aux \u00e9tudiants d\u2019acqu\u00e9rir des connaissances de base en mati\u00e8re de protection des cultures. Les th\u00e8mes plus particuli\u00e8rement d\u00e9velopp\u00e9s favorisent une ma\u00eetrise des outils les plus pertinents (diagnostic, caract\u00e9risation des agents pathog\u00e8nes et d\u00e9veloppement les moyens de lutte,\u2026). L\u2019objectif essentiel attendu de cette formation est d\u2019inculquer \u00e0 l\u2019\u00e9tudiant, les diff\u00e9rentes m\u00e9thodes et outils de biotechnologie utilis\u00e9s en protection des v\u00e9g\u00e9taux. Le titulaire de ce dipl\u00f4me doit avoir le bagage n\u00e9cessaire pour aborder des projets de d\u00e9veloppement durable \u00e0 savoir les exigences agro-\u00e9cologiques des plantes \u00e9conomiquement int\u00e9ressantes.<\/p><\/div>\n\t\t\t\t\t\t\t\t\t<div class=\"elementor-tab-title elementor-tab-mobile-title\" aria-selected=\"false\" data-tab=\"2\" role=\"tab\" tabindex=\"-1\" aria-controls=\"elementor-tab-content-2672\" aria-expanded=\"false\">Programme<\/div>\n\t\t\t\t\t<div id=\"elementor-tab-content-2672\" class=\"elementor-tab-content elementor-clearfix\" data-tab=\"2\" role=\"tabpanel\" aria-labelledby=\"elementor-tab-title-2672\" tabindex=\"0\" hidden=\"hidden\"><p><strong>Programme<\/strong><\/p><p>&#8230;&#8230;&#8230;&#8230;&#8230;&#8230;&#8230;&#8230;&#8230;&#8230;.<\/p><\/div>\n\t\t\t\t\t\t\t\t\t<div class=\"elementor-tab-title elementor-tab-mobile-title\" aria-selected=\"false\" data-tab=\"3\" role=\"tab\" tabindex=\"-1\" aria-controls=\"elementor-tab-content-2673\" aria-expanded=\"false\">D\u00e9bouch\u00e9s<\/div>\n\t\t\t\t\t<div id=\"elementor-tab-content-2673\" class=\"elementor-tab-content elementor-clearfix\" data-tab=\"3\" role=\"tabpanel\" aria-labelledby=\"elementor-tab-title-2673\" tabindex=\"0\" hidden=\"hidden\"><p style=\"margin-top: 15px; margin-bottom: 15px; color: #333333; font-family: sans-serif; font-size: 13.2px; font-style: normal; font-weight: 400;\"><span style=\"color: #003366;\"><strong>D\u00e9bouch\u00e9s<\/strong><\/span><\/p><p style=\"margin-top: 15px; margin-bottom: 15px; color: #333333; font-family: sans-serif; font-size: 13.2px; font-style: normal; font-weight: 400;\">\u00a0<\/p><ul><li style=\"color: #333333; font-family: sans-serif; font-size: 13.2px; font-style: normal; font-weight: 400;\"><span style=\"color: #003366;\"><strong>Secteurs d\u2019activit\u00e9s:<\/strong><\/span><strong style=\"color: #003366; font-size: 16px; font-family: Georgia, 'Times New Roman', 'Bitstream Charter', Times, serif;\"><span style=\"font-family: sans-serif; font-size: 13.2px; background-color: #f0f0f0;\">Cette formation assure aux \u00e9tudiants une sp\u00e9cialisation dans le but de leur permettre une int\u00e9gration et une optimisation des diff\u00e9rentes m\u00e9thodes et moyens de lutte dans la protection des cultures et des milieux naturels. Elle leur donne \u00e9galement la capacit\u00e9 d&rsquo;analyse objective des principaux facteurs de risque li\u00e9s \u00e0 l&#8217;emploi des pesticides et fertilisants en agriculture.<\/span><\/strong><\/li><\/ul><p><span style=\"color: #003366;\"><strong>M\u00e9tiers vis\u00e9s<\/strong><\/span><\/p><p><span style=\"color: #003366;\"><strong><span style=\"font-family: sans-serif; font-size: 13.2px; background-color: #f0f0f0;\">Les cadres form\u00e9s dans ce domaine peuvent \u00eatre ins\u00e9r\u00e9s au niveau des diff\u00e9rents secteurs d\u2019activit\u00e9 \u00e9conomiques :<\/span><\/strong><\/span><\/p><p><span style=\"color: #003366;\"><strong>Institut National de Protection des V\u00e9g\u00e9taux (I.N.P.V.) ;<\/strong><\/span><\/p><p style=\"margin-top: 15px; margin-bottom: 15px; color: #333333; font-family: sans-serif; font-size: 13.2px; font-style: normal; font-weight: 400;\">\u00a0<\/p><p>\u00a0<\/p><p style=\"margin-top: 15px; margin-bottom: 15px; color: #333333; font-family: sans-serif; font-size: 13.2px; font-style: normal; font-weight: 400;\">\u00a0<\/p><ul><li style=\"color: #333333; font-family: sans-serif; font-size: 13.2px; font-style: normal; font-weight: 400;\"><span style=\"color: #003366;\"><strong>Institut National de la Recherche Agronomique (INRAA)<\/strong><\/span><\/li><li style=\"color: #333333; font-family: sans-serif; font-size: 13.2px; font-style: normal; font-weight: 400;\"><span style=\"color: #003366;\"><strong>Chambre d\u2019agriculture;<\/strong><\/span><\/li><li style=\"color: #333333; font-family: sans-serif; font-size: 13.2px; font-style: normal; font-weight: 400;\"><span style=\"color: #003366;\"><strong>Bureaux d\u2019hygi\u00e8ne des communes;<\/strong><\/span><\/li><li style=\"color: #333333; font-family: sans-serif; font-size: 13.2px; font-style: normal; font-weight: 400;\"><span style=\"color: #003366;\"><strong>Direction des For\u00eats ;<\/strong><\/span><\/li><li style=\"color: #333333; font-family: sans-serif; font-size: 13.2px; font-style: normal; font-weight: 400;\"><span style=\"color: #003366;\"><strong>Cr\u00e9ation et gestion de leurs propres entreprises dans le domaine de la protection des v\u00e9g\u00e9taux et d\u2019expertise environnementale.<\/strong><\/span><\/li><\/ul><p>\u00a0<\/p><\/div>\n\t\t\t\t\t\t\t\t\t<div class=\"elementor-tab-title elementor-tab-mobile-title\" aria-selected=\"false\" data-tab=\"4\" role=\"tab\" tabindex=\"-1\" aria-controls=\"elementor-tab-content-2674\" aria-expanded=\"false\">Profil des \u00e9tudiants<\/div>\n\t\t\t\t\t<div id=\"elementor-tab-content-2674\" class=\"elementor-tab-content elementor-clearfix\" data-tab=\"4\" role=\"tabpanel\" aria-labelledby=\"elementor-tab-title-2674\" tabindex=\"0\" hidden=\"hidden\"><p><strong>Profil des \u00e9tudiants<\/strong><\/p><p>Formation initiale Ouvrant droit, les \u00e9tudiants du domaine SNV ayant acquis la 2\u00e8me ann\u00e9e dans la fili\u00e8re sciences agronomiques.<\/p><\/div>\n\t\t\t\t\t\t\t\t\t<div class=\"elementor-tab-title elementor-tab-mobile-title\" aria-selected=\"false\" data-tab=\"5\" role=\"tab\" tabindex=\"-1\" aria-controls=\"elementor-tab-content-2675\" aria-expanded=\"false\">Savoir faire et comp\u00e9tances<\/div>\n\t\t\t\t\t<div id=\"elementor-tab-content-2675\" class=\"elementor-tab-content elementor-clearfix\" data-tab=\"5\" role=\"tabpanel\" aria-labelledby=\"elementor-tab-title-2675\" tabindex=\"0\" hidden=\"hidden\"><p style=\"margin-top: 15px; margin-bottom: 15px; color: #333333; font-family: sans-serif; font-size: 13.2px; font-style: normal; font-weight: 400;\"><span style=\"color: #003366;\"><strong style=\"margin: 0px; padding: 0px; border: 0px;\">Savoir faire et comp\u00e9tances<\/strong><\/span><\/p><p style=\"margin-top: 15px; margin-bottom: 15px; color: #333333; font-family: sans-serif; font-size: 13.2px; font-style: normal; font-weight: 400;\"><span style=\"color: #003366;\">En plus des sorties et visites p\u00e9dagogiques, des enseignements th\u00e9oriques et pratiques sont dispens\u00e9s aux \u00e9tudiants leur permettant ainsi d&rsquo;acqu\u00e9rir des connaissances en vue de leur pr\u00e9paration \u00e0 leur insertion professionnelle dans les domaines suivants :<\/span><\/p><ul style=\"margin-top: 15px; margin-bottom: 15px; margin-left: 0px; list-style-type: none; color: #333333; font-family: sans-serif; font-size: 13.2px; font-style: normal; font-weight: 400;\"><li style=\"margin-bottom: 5px; padding-left: 30px; background: url('..\/plugins\/system\/jat3\/jat3\/base-themes\/default\/images\/bullet.gif') 20px 7px no-repeat; line-height: 21.12px; overflow: hidden;\"><span style=\"color: #003366;\">Gestion et d\u00e9veloppement des principales productions v\u00e9g\u00e9tales ;<\/span><\/li><li style=\"margin-bottom: 5px; padding-left: 30px; background: url('..\/plugins\/system\/jat3\/jat3\/base-themes\/default\/images\/bullet.gif') 20px 7px no-repeat; line-height: 21.12px; overflow: hidden;\"><span style=\"color: #003366;\">Les principaux bioagresseurs animaux et v\u00e9g\u00e9taux ;<\/span><\/li><li style=\"margin-bottom: 5px; padding-left: 30px; background: url('..\/plugins\/system\/jat3\/jat3\/base-themes\/default\/images\/bullet.gif') 20px 7px no-repeat; line-height: 21.12px; overflow: hidden;\"><span style=\"color: #003366;\">Bio-\u00e9cologie des bioagresseurs ;<\/span><\/li><li style=\"margin-bottom: 5px; padding-left: 30px; background: url('..\/plugins\/system\/jat3\/jat3\/base-themes\/default\/images\/bullet.gif') 20px 7px no-repeat; line-height: 21.12px; overflow: hidden;\"><span style=\"color: #003366;\">M\u00e9thodes et moyens de lutte et risques ;<\/span><\/li><li style=\"margin-bottom: 5px; padding-left: 30px; background: url('..\/plugins\/system\/jat3\/jat3\/base-themes\/default\/images\/bullet.gif') 20px 7px no-repeat; line-height: 21.12px; overflow: hidden;\"><span style=\"color: #003366;\">Biotechnologies v\u00e9g\u00e9tales.<\/span><\/li><\/ul><\/div>\n\t\t\t\t\t\t\t\t\t<div class=\"elementor-tab-title elementor-tab-mobile-title\" aria-selected=\"false\" data-tab=\"6\" role=\"tab\" tabindex=\"-1\" aria-controls=\"elementor-tab-content-2676\" aria-expanded=\"false\">Contact<\/div>\n\t\t\t\t\t<div id=\"elementor-tab-content-2676\" class=\"elementor-tab-content elementor-clearfix\" data-tab=\"6\" role=\"tabpanel\" aria-labelledby=\"elementor-tab-title-2676\" tabindex=\"0\" hidden=\"hidden\"><p style=\"margin-top: 15px; margin-bottom: 15px; color: #333333; font-family: sans-serif; font-size: 13.2px; font-style: normal; font-weight: 400;\"><span style=\"color: #333399;\"><strong style=\"margin: 0px; padding: 0px; border: 0px;\">Contact<\/strong><\/span><\/p><ul style=\"margin-top: 15px; margin-bottom: 15px; margin-left: 0px; list-style-type: none; color: #333333; font-family: sans-serif; font-size: 13.2px; font-style: normal; font-weight: 400;\"><li style=\"margin-bottom: 5px; padding-left: 30px; background: url('..\/plugins\/system\/jat3\/jat3\/base-themes\/default\/images\/bullet.gif') 20px 7px no-repeat; line-height: 21.12px; overflow: hidden;\"><span style=\"color: #333399;\">Responsable de Fili\u00e8re :Dr HARIZIA Abdelkader<\/span><\/li><li style=\"margin-bottom: 5px; padding-left: 30px; background: url('..\/plugins\/system\/jat3\/jat3\/base-themes\/default\/images\/bullet.gif') 20px 7px no-repeat; line-height: 21.12px; overflow: hidden;\"><span style=\"color: #333399;\">Courriel:\u00a0<span id=\"cloakbe7289912ab740c86e3e40d120dda381\" style=\"margin: 0px; padding: 0px; border: 0px;\"><a style=\"margin: 0px; padding: 0px; border: 0px; color: #333399; list-style: none;\" href=\"mailto:a.harizia@univ-mascara.dz\">a.harizia@univ-mascara.dz<\/a><\/span><\/span><\/li><li style=\"margin-bottom: 5px; padding-left: 30px; background: url('..\/plugins\/system\/jat3\/jat3\/base-themes\/default\/images\/bullet.gif') 20px 7px no-repeat; line-height: 21.12px; overflow: hidden;\"><span style=\"color: #333399;\">Responsable de sp\u00e9cialit\u00e9 Dr BOUNGAB karima<\/span><\/li><li style=\"margin-bottom: 5px; padding-left: 30px; background: url('..\/plugins\/system\/jat3\/jat3\/base-themes\/default\/images\/bullet.gif') 20px 7px no-repeat; line-height: 21.12px; overflow: hidden;\"><span id=\"cloak6e012901113fa05063c5b37bb60353de\" style=\"margin: 0px; padding: 0px; border: 0px; color: #333399;\"><a style=\"margin: 0px; padding: 0px; border: 0px; color: #333399; list-style: none;\" href=\"mailto:m.taleb@univ-mascara.dz\">m.taleb@univ-mascara.dz<\/a><\/span><\/li><\/ul><\/div>\n\t\t\t\t\t\t\t<\/div>\n\t\t<\/div>\n\t\t\t\t<\/div>\n\t\t\t\t<\/div>\n\t\t\t\t\t<\/div>\n\t\t<\/div>\n\t\t\t\t\t\t\t<\/div>\n\t\t<\/section>\n\t\t\t\t\t\t<\/div>\n\t\t\t\t\t<\/div>\n\t\t","protected":false},"excerpt":{"rendered":"<p>LICENCE FSNV retour Licence Protection des v\u00e9g\u00e9taux Domaine:\u00a0 Sciences de la nature et de vieType de dipl\u00f4me\u00a0:Licence Acad\u00e9miqueDur\u00e9e : 06\u00a0 semestresNombre de cr\u00e9dits pr\u00e9par\u00e9s\u00a0: 180Niveau de dipl\u00f4me requis \u00e0 l&rsquo;entr\u00e9e\u00a0: Baccalaur\u00e9atNiveau de dipl\u00f4me valid\u00e9 \u00e0 la sortie\u00a0: BAC+3 Objectif Programme D\u00e9bouch\u00e9s Profil des \u00e9tudiants Savoir faire et comp\u00e9tances Contact Objectif Objectif La licence, Protection des &hellip;<\/p>\n<p class=\"read-more\"> <a class=\"\" href=\"https:\/\/www.univ-mascara.dz\/fsnv\/?page_id=3117\"> <span class=\"screen-reader-text\">Licence Protection des v\u00e9g\u00e9taux<\/span> Lire la suite\u00a0\u00bb<\/a><\/p>\n","protected":false},"author":3,"featured_media":0,"parent":0,"menu_order":0,"comment_status":"closed","ping_status":"closed","template":"","meta":[],"_links":{"self":[{"href":"https:\/\/www.univ-mascara.dz\/fsnv\/index.php?rest_route=\/wp\/v2\/pages\/3117"}],"collection":[{"href":"https:\/\/www.univ-mascara.dz\/fsnv\/index.php?rest_route=\/wp\/v2\/pages"}],"about":[{"href":"https:\/\/www.univ-mascara.dz\/fsnv\/index.php?rest_route=\/wp\/v2\/types\/page"}],"author":[{"embeddable":true,"href":"https:\/\/www.univ-mascara.dz\/fsnv\/index.php?rest_route=\/wp\/v2\/users\/3"}],"replies":[{"embeddable":true,"href":"https:\/\/www.univ-mascara.dz\/fsnv\/index.php?rest_route=%2Fwp%2Fv2%2Fcomments&post=3117"}],"version-history":[{"count":0,"href":"https:\/\/www.univ-mascara.dz\/fsnv\/index.php?rest_route=\/wp\/v2\/pages\/3117\/revisions"}],"wp:attachment":[{"href":"https:\/\/www.univ-mascara.dz\/fsnv\/index.php?rest_route=%2Fwp%2Fv2%2Fmedia&parent=3117"}],"curies":[{"name":"wp","href":"https:\/\/api.w.org\/{rel}","templated":true}]}}