{"id":3136,"date":"2021-09-26T14:47:03","date_gmt":"2021-09-26T13:47:03","guid":{"rendered":"http:\/\/193.194.87.76\/fsnv\/?page_id=3136"},"modified":"2022-01-10T14:07:56","modified_gmt":"2022-01-10T13:07:56","slug":"licence-analyse-biochimique","status":"publish","type":"page","link":"https:\/\/www.univ-mascara.dz\/fsnv\/?page_id=3136","title":{"rendered":"licence analyse biochimique"},"content":{"rendered":"\t\t<div data-elementor-type=\"wp-page\" data-elementor-id=\"3136\" class=\"elementor elementor-3136\" data-elementor-settings=\"[]\">\n\t\t\t\t\t\t\t<div class=\"elementor-section-wrap\">\n\t\t\t\t\t\t\t<section class=\"elementor-section elementor-top-section elementor-element elementor-element-88dff9b elementor-section-height-min-height elementor-section-boxed elementor-section-height-default elementor-section-items-middle\" data-id=\"88dff9b\" data-element_type=\"section\" data-settings=\"{&quot;background_background&quot;:&quot;classic&quot;}\">\n\t\t\t\t\t\t\t<div class=\"elementor-background-overlay\"><\/div>\n\t\t\t\t\t\t\t<div class=\"elementor-container elementor-column-gap-default\">\n\t\t\t\t\t<div class=\"elementor-column elementor-col-100 elementor-top-column elementor-element elementor-element-a5fda2f\" data-id=\"a5fda2f\" data-element_type=\"column\">\n\t\t\t<div class=\"elementor-widget-wrap elementor-element-populated\">\n\t\t\t\t\t\t\t\t<div class=\"elementor-element elementor-element-7732117 elementor-widget elementor-widget-heading\" data-id=\"7732117\" data-element_type=\"widget\" data-widget_type=\"heading.default\">\n\t\t\t\t<div class=\"elementor-widget-container\">\n\t\t\t<span class=\"elementor-heading-title elementor-size-default\"><br><br>LICENCE<\/span>\t\t<\/div>\n\t\t\t\t<\/div>\n\t\t\t\t<div class=\"elementor-element elementor-element-ddd77f8 elementor-widget-divider--view-line elementor-widget elementor-widget-divider\" data-id=\"ddd77f8\" data-element_type=\"widget\" data-widget_type=\"divider.default\">\n\t\t\t\t<div class=\"elementor-widget-container\">\n\t\t\t\t\t<div class=\"elementor-divider\">\n\t\t\t<span class=\"elementor-divider-separator\">\n\t\t\t\t\t\t<\/span>\n\t\t<\/div>\n\t\t\t\t<\/div>\n\t\t\t\t<\/div>\n\t\t\t\t<div class=\"elementor-element elementor-element-30a1cd3 elementor-widget elementor-widget-heading\" data-id=\"30a1cd3\" data-element_type=\"widget\" data-widget_type=\"heading.default\">\n\t\t\t\t<div class=\"elementor-widget-container\">\n\t\t\t<span class=\"elementor-heading-title elementor-size-default\">FSNV<\/span>\t\t<\/div>\n\t\t\t\t<\/div>\n\t\t\t\t\t<\/div>\n\t\t<\/div>\n\t\t\t\t\t\t\t<\/div>\n\t\t<\/section>\n\t\t\t\t<section class=\"elementor-section elementor-top-section elementor-element elementor-element-f86c86d elementor-section-boxed elementor-section-height-default elementor-section-height-default\" data-id=\"f86c86d\" data-element_type=\"section\" data-settings=\"{&quot;background_background&quot;:&quot;classic&quot;}\">\n\t\t\t\t\t\t<div class=\"elementor-container elementor-column-gap-default\">\n\t\t\t\t\t<div class=\"elementor-column elementor-col-100 elementor-top-column elementor-element elementor-element-4e6da43\" data-id=\"4e6da43\" data-element_type=\"column\">\n\t\t\t<div class=\"elementor-widget-wrap elementor-element-populated\">\n\t\t\t\t\t\t\t\t<div class=\"elementor-element elementor-element-d0101ad eael-tooltip-align-left elementor-widget elementor-widget-eael-tooltip\" data-id=\"d0101ad\" data-element_type=\"widget\" data-widget_type=\"eael-tooltip.default\">\n\t\t\t\t<div class=\"elementor-widget-container\">\n\t\t\t\t<div class=\"eael-tooltip\">\n\t\t\t\t\t<span class=\"eael-tooltip-content\"><a href=\"\/fsnv\/?page_id=2740\"  rel=\"nofollow\" >\t\t\t\t\t\t\t\t\t\t\t\t<i class=\"fas fa-reply\"><\/i>\n\t\t\t\t\t\t\t\t\t\t<\/a><\/span>\n  \t\t\t<span class=\"eael-tooltip-text eael-tooltip-right\"><p>retour<\/p><\/span>\n  \t\t\t<\/div>\n\t\t\t<\/div>\n\t\t\t\t<\/div>\n\t\t\t\t<div class=\"elementor-element elementor-element-1e26094 elementor-widget elementor-widget-heading\" data-id=\"1e26094\" data-element_type=\"widget\" data-widget_type=\"heading.default\">\n\t\t\t\t<div class=\"elementor-widget-container\">\n\t\t\t<p class=\"elementor-heading-title elementor-size-large\">Licence Analyse Biochimique\n\n\n<\/p>\t\t<\/div>\n\t\t\t\t<\/div>\n\t\t\t\t<div class=\"elementor-element elementor-element-0171b9a elementor-widget-divider--view-line elementor-widget elementor-widget-divider\" data-id=\"0171b9a\" data-element_type=\"widget\" data-widget_type=\"divider.default\">\n\t\t\t\t<div class=\"elementor-widget-container\">\n\t\t\t\t\t<div class=\"elementor-divider\">\n\t\t\t<span class=\"elementor-divider-separator\">\n\t\t\t\t\t\t<\/span>\n\t\t<\/div>\n\t\t\t\t<\/div>\n\t\t\t\t<\/div>\n\t\t\t\t<div class=\"elementor-element elementor-element-3310a4c elementor-widget elementor-widget-text-editor\" data-id=\"3310a4c\" data-element_type=\"widget\" data-widget_type=\"text-editor.default\">\n\t\t\t\t<div class=\"elementor-widget-container\">\n\t\t\t\t\t\t\t\t<p style=\"text-align: left;\"><span style=\"color: #000080;\"><strong>Domaine<\/strong><\/span>:\u00a0 Sciences de la nature et de vie<br \/><span style=\"color: #000080;\"><strong>Type de dipl\u00f4me<\/strong><\/span>\u00a0:Licence Acad\u00e9mique<br \/><span style=\"color: #000080;\"><strong>Dur\u00e9e<\/strong><\/span> : 06\u00a0 semestres<br \/><span style=\"color: #000080;\"><strong>Nombre de cr\u00e9dits pr\u00e9par\u00e9s<\/strong><\/span>\u00a0: 180<br \/><span style=\"color: #000080;\"><strong>Niveau de dipl\u00f4me requis \u00e0 l&rsquo;entr\u00e9e<\/strong><\/span>\u00a0: Baccalaur\u00e9at<br \/><span style=\"color: #000080;\"><strong>Niveau de dipl\u00f4me valid\u00e9 \u00e0 la sortie<\/strong><\/span>\u00a0: BAC+3<\/p>\t\t\t\t\t\t<\/div>\n\t\t\t\t<\/div>\n\t\t\t\t<div class=\"elementor-element elementor-element-fec515d elementor-tabs-view-horizontal elementor-widget elementor-widget-tabs\" data-id=\"fec515d\" data-element_type=\"widget\" data-widget_type=\"tabs.default\">\n\t\t\t\t<div class=\"elementor-widget-container\">\n\t\t\t\t\t<div class=\"elementor-tabs\">\n\t\t\t<div class=\"elementor-tabs-wrapper\" role=\"tablist\" >\n\t\t\t\t\t\t\t\t\t<div id=\"elementor-tab-title-2671\" class=\"elementor-tab-title elementor-tab-desktop-title\" aria-selected=\"true\" data-tab=\"1\" role=\"tab\" tabindex=\"0\" aria-controls=\"elementor-tab-content-2671\" aria-expanded=\"false\">Objectif<\/div>\n\t\t\t\t\t\t\t\t\t<div id=\"elementor-tab-title-2672\" class=\"elementor-tab-title elementor-tab-desktop-title\" aria-selected=\"false\" data-tab=\"2\" role=\"tab\" tabindex=\"-1\" aria-controls=\"elementor-tab-content-2672\" aria-expanded=\"false\">Programme<\/div>\n\t\t\t\t\t\t\t\t\t<div id=\"elementor-tab-title-2673\" class=\"elementor-tab-title elementor-tab-desktop-title\" aria-selected=\"false\" data-tab=\"3\" role=\"tab\" tabindex=\"-1\" aria-controls=\"elementor-tab-content-2673\" aria-expanded=\"false\">D\u00e9bouch\u00e9s<\/div>\n\t\t\t\t\t\t\t\t\t<div id=\"elementor-tab-title-2674\" class=\"elementor-tab-title elementor-tab-desktop-title\" aria-selected=\"false\" data-tab=\"4\" role=\"tab\" tabindex=\"-1\" aria-controls=\"elementor-tab-content-2674\" aria-expanded=\"false\">Profil des \u00e9tudiants<\/div>\n\t\t\t\t\t\t\t\t\t<div id=\"elementor-tab-title-2675\" class=\"elementor-tab-title elementor-tab-desktop-title\" aria-selected=\"false\" data-tab=\"5\" role=\"tab\" tabindex=\"-1\" aria-controls=\"elementor-tab-content-2675\" aria-expanded=\"false\">Savoir faire et comp\u00e9tences<\/div>\n\t\t\t\t\t\t\t\t\t<div id=\"elementor-tab-title-2676\" class=\"elementor-tab-title elementor-tab-desktop-title\" aria-selected=\"false\" data-tab=\"6\" role=\"tab\" tabindex=\"-1\" aria-controls=\"elementor-tab-content-2676\" aria-expanded=\"false\">Contact<\/div>\n\t\t\t\t\t\t\t<\/div>\n\t\t\t<div class=\"elementor-tabs-content-wrapper\" role=\"tablist\" aria-orientation=\"vertical\">\n\t\t\t\t\t\t\t\t\t<div class=\"elementor-tab-title elementor-tab-mobile-title\" aria-selected=\"true\" data-tab=\"1\" role=\"tab\" tabindex=\"0\" aria-controls=\"elementor-tab-content-2671\" aria-expanded=\"false\">Objectif<\/div>\n\t\t\t\t\t<div id=\"elementor-tab-content-2671\" class=\"elementor-tab-content elementor-clearfix\" data-tab=\"1\" role=\"tabpanel\" aria-labelledby=\"elementor-tab-title-2671\" tabindex=\"0\" hidden=\"false\"><p><strong>Objectif<\/strong><\/p><p>Cette formation acad\u00e9mique repose sur l&rsquo;acquisition des principales notions fondamentales dans les disciplines li\u00e9es \u00e0 la production v\u00e9g\u00e9tale. Elle r\u00e9pond \u00e0 un enjeu majeur qui le d\u00e9veloppement et l\u2019accroissement des productions v\u00e9g\u00e9tales en tenant compte des aspects environnementaux.<\/p><\/div>\n\t\t\t\t\t\t\t\t\t<div class=\"elementor-tab-title elementor-tab-mobile-title\" aria-selected=\"false\" data-tab=\"2\" role=\"tab\" tabindex=\"-1\" aria-controls=\"elementor-tab-content-2672\" aria-expanded=\"false\">Programme<\/div>\n\t\t\t\t\t<div id=\"elementor-tab-content-2672\" class=\"elementor-tab-content elementor-clearfix\" data-tab=\"2\" role=\"tabpanel\" aria-labelledby=\"elementor-tab-title-2672\" tabindex=\"0\" hidden=\"hidden\"><p><strong>Programme<\/strong><\/p><p style=\"text-align: justify;\">Cette formation vise une meilleure connaissance et un approfondissement des connaissances en biologie, chimie, biologie mol\u00e9culaire et en immunologie. Cet enseignement vise plusieurs domaines tel que d\u00e9pistage de maladies, le contr\u00f4le de la qualit\u00e9 en g\u00e9n\u00e9ral, la gestion de la m\u00e9trologie et la d\u00e9contamination des d\u00e9chets industriels ou autres. Elle favorise \u00e9galement l&rsquo;adaptation des \u00e9tudiants aux r\u00e9alit\u00e9s du laboratoire et de l\u2019entreprise et \u00e0 l&rsquo;\u00e9volution technologique.<\/p><\/div>\n\t\t\t\t\t\t\t\t\t<div class=\"elementor-tab-title elementor-tab-mobile-title\" aria-selected=\"false\" data-tab=\"3\" role=\"tab\" tabindex=\"-1\" aria-controls=\"elementor-tab-content-2673\" aria-expanded=\"false\">D\u00e9bouch\u00e9s<\/div>\n\t\t\t\t\t<div id=\"elementor-tab-content-2673\" class=\"elementor-tab-content elementor-clearfix\" data-tab=\"3\" role=\"tabpanel\" aria-labelledby=\"elementor-tab-title-2673\" tabindex=\"0\" hidden=\"hidden\"><p><strong>D\u00e9bouch\u00e9s<\/strong><\/p><p>&#8211; Secteurs d\u2019activit\u00e9s: Cette formation pr\u00e9pare les candidats aux \u00e9tudes de master dans le meilleur des cas ou au monde professionnel. Ainsi, cette formation permet d&rsquo;acqu\u00e9rir une autonomie de travail tr\u00e8s appr\u00e9ci\u00e9e dans divers domaine sur le march\u00e9 de l&#8217;emploi tel que para m\u00e9dicale, l\u2019agro\u2010alimentaire, l\u2019utilisation de techniques d\u2019analyses biologiques ou biochimiques.<\/p><ul><li>M\u00e9tiers vis\u00e9s<\/li><li>Laboratoires d\u2019analyses m\u00e9dicales ;<\/li><li>Industries pharmaceutique ;<\/li><li>Biotechnologique et agroalimentaire ;<\/li><li>Cr\u00e9ation d\u2019entreprises.<\/li><\/ul><\/div>\n\t\t\t\t\t\t\t\t\t<div class=\"elementor-tab-title elementor-tab-mobile-title\" aria-selected=\"false\" data-tab=\"4\" role=\"tab\" tabindex=\"-1\" aria-controls=\"elementor-tab-content-2674\" aria-expanded=\"false\">Profil des \u00e9tudiants<\/div>\n\t\t\t\t\t<div id=\"elementor-tab-content-2674\" class=\"elementor-tab-content elementor-clearfix\" data-tab=\"4\" role=\"tabpanel\" aria-labelledby=\"elementor-tab-title-2674\" tabindex=\"0\" hidden=\"hidden\"><p><strong>Profil des \u00e9tudiants<\/strong><\/p><p>Ouvrant droit, les \u00e9tudiants du domaine SNV ayant acquis la 2\u00e8me ann\u00e9e dans la fili\u00e8re sciences biologiques.<\/p><\/div>\n\t\t\t\t\t\t\t\t\t<div class=\"elementor-tab-title elementor-tab-mobile-title\" aria-selected=\"false\" data-tab=\"5\" role=\"tab\" tabindex=\"-1\" aria-controls=\"elementor-tab-content-2675\" aria-expanded=\"false\">Savoir faire et comp\u00e9tences<\/div>\n\t\t\t\t\t<div id=\"elementor-tab-content-2675\" class=\"elementor-tab-content elementor-clearfix\" data-tab=\"5\" role=\"tabpanel\" aria-labelledby=\"elementor-tab-title-2675\" tabindex=\"0\" hidden=\"hidden\"><p><strong>Savoir faire et\u00a0<\/strong><b>comp\u00e9tences<\/b><\/p><p style=\"text-align: justify;\">En plus des sorties et visites p\u00e9dagogiques, des enseignements th\u00e9oriques et pratiques sont dispens\u00e9s aux \u00e9tudiants leur permettant ainsi d&rsquo;acqu\u00e9rir des connaissances en vue de leur pr\u00e9paration \u00e0 leur insertion professionnelle dans les domaines suivants :<\/p><ul><li style=\"list-style-type: none;\"><ul><li>Biologie mol\u00e9culaire ;<\/li><li>G\u00e9n\u00e9tique mol\u00e9culaire des micro-organismes ;<\/li><li>G\u00e9nie-g\u00e9n\u00e9tique ;<\/li><li>Technique de contr\u00f4le Microbiologique ;<\/li><li>Outils et m\u00e9thodes d\u2019analyses.<\/li><\/ul><\/li><\/ul><\/div>\n\t\t\t\t\t\t\t\t\t<div class=\"elementor-tab-title elementor-tab-mobile-title\" aria-selected=\"false\" data-tab=\"6\" role=\"tab\" tabindex=\"-1\" aria-controls=\"elementor-tab-content-2676\" aria-expanded=\"false\">Contact<\/div>\n\t\t\t\t\t<div id=\"elementor-tab-content-2676\" class=\"elementor-tab-content elementor-clearfix\" data-tab=\"6\" role=\"tabpanel\" aria-labelledby=\"elementor-tab-title-2676\" tabindex=\"0\" hidden=\"hidden\"><p><strong>Contact<\/strong><\/p><ul><li>Responsable de Fili\u00e8re: Dr BENOUAZ Nadia<\/li><li>Courriel:\u00a0<span id=\"cloak1d7908b77302de2e65a04f2da53089b4\"><a href=\"mailto:n.benouaz@univ-mascara.dz\">n.benouaz@univ-mascara.dz<\/a><\/span><\/li><li>Responsable de sp\u00e9cialit\u00e9: Dr HARIRI Ahmed<\/li><li>Courriel:\u00a0<span id=\"cloak4be41ae9ecd55596c62b958d17bc7a16\"><a href=\"mailto:a.hariri@univ-mascara.dz\">a.hariri@univ-mascara.dz<\/a><\/span><\/li><\/ul><\/div>\n\t\t\t\t\t\t\t<\/div>\n\t\t<\/div>\n\t\t\t\t<\/div>\n\t\t\t\t<\/div>\n\t\t\t\t\t<\/div>\n\t\t<\/div>\n\t\t\t\t\t\t\t<\/div>\n\t\t<\/section>\n\t\t\t\t\t\t<\/div>\n\t\t\t\t\t<\/div>\n\t\t","protected":false},"excerpt":{"rendered":"<p>LICENCE FSNV retour Licence Analyse Biochimique Domaine:\u00a0 Sciences de la nature et de vieType de dipl\u00f4me\u00a0:Licence Acad\u00e9miqueDur\u00e9e : 06\u00a0 semestresNombre de cr\u00e9dits pr\u00e9par\u00e9s\u00a0: 180Niveau de dipl\u00f4me requis \u00e0 l&rsquo;entr\u00e9e\u00a0: Baccalaur\u00e9atNiveau de dipl\u00f4me valid\u00e9 \u00e0 la sortie\u00a0: BAC+3 Objectif Programme D\u00e9bouch\u00e9s Profil des \u00e9tudiants Savoir faire et comp\u00e9tences Contact Objectif Objectif Cette formation acad\u00e9mique repose sur &hellip;<\/p>\n<p class=\"read-more\"> <a class=\"\" href=\"https:\/\/www.univ-mascara.dz\/fsnv\/?page_id=3136\"> <span class=\"screen-reader-text\">licence analyse biochimique<\/span> Lire la suite\u00a0\u00bb<\/a><\/p>\n","protected":false},"author":3,"featured_media":0,"parent":0,"menu_order":0,"comment_status":"closed","ping_status":"closed","template":"","meta":[],"_links":{"self":[{"href":"https:\/\/www.univ-mascara.dz\/fsnv\/index.php?rest_route=\/wp\/v2\/pages\/3136"}],"collection":[{"href":"https:\/\/www.univ-mascara.dz\/fsnv\/index.php?rest_route=\/wp\/v2\/pages"}],"about":[{"href":"https:\/\/www.univ-mascara.dz\/fsnv\/index.php?rest_route=\/wp\/v2\/types\/page"}],"author":[{"embeddable":true,"href":"https:\/\/www.univ-mascara.dz\/fsnv\/index.php?rest_route=\/wp\/v2\/users\/3"}],"replies":[{"embeddable":true,"href":"https:\/\/www.univ-mascara.dz\/fsnv\/index.php?rest_route=%2Fwp%2Fv2%2Fcomments&post=3136"}],"version-history":[{"count":0,"href":"https:\/\/www.univ-mascara.dz\/fsnv\/index.php?rest_route=\/wp\/v2\/pages\/3136\/revisions"}],"wp:attachment":[{"href":"https:\/\/www.univ-mascara.dz\/fsnv\/index.php?rest_route=%2Fwp%2Fv2%2Fmedia&parent=3136"}],"curies":[{"name":"wp","href":"https:\/\/api.w.org\/{rel}","templated":true}]}}