{"id":3158,"date":"2021-09-29T10:13:59","date_gmt":"2021-09-29T09:13:59","guid":{"rendered":"http:\/\/193.194.87.76\/fsnv\/?page_id=3158"},"modified":"2022-01-10T14:08:48","modified_gmt":"2022-01-10T13:08:48","slug":"licence-alimentation-nutrition-et-pathologies","status":"publish","type":"page","link":"https:\/\/www.univ-mascara.dz\/fsnv\/?page_id=3158","title":{"rendered":"Licence Alimentation, Nutrition et Pathologies"},"content":{"rendered":"\t\t<div data-elementor-type=\"wp-page\" data-elementor-id=\"3158\" class=\"elementor elementor-3158\" data-elementor-settings=\"[]\">\n\t\t\t\t\t\t\t<div class=\"elementor-section-wrap\">\n\t\t\t\t\t\t\t<section class=\"elementor-section elementor-top-section elementor-element elementor-element-5ef265b elementor-section-height-min-height elementor-section-boxed elementor-section-height-default elementor-section-items-middle\" data-id=\"5ef265b\" data-element_type=\"section\" data-settings=\"{&quot;background_background&quot;:&quot;classic&quot;}\">\n\t\t\t\t\t\t\t<div class=\"elementor-background-overlay\"><\/div>\n\t\t\t\t\t\t\t<div class=\"elementor-container elementor-column-gap-default\">\n\t\t\t\t\t<div class=\"elementor-column elementor-col-100 elementor-top-column elementor-element elementor-element-2f74478\" data-id=\"2f74478\" data-element_type=\"column\">\n\t\t\t<div class=\"elementor-widget-wrap elementor-element-populated\">\n\t\t\t\t\t\t\t\t<div class=\"elementor-element elementor-element-faaa4b7 elementor-widget elementor-widget-heading\" data-id=\"faaa4b7\" data-element_type=\"widget\" data-widget_type=\"heading.default\">\n\t\t\t\t<div class=\"elementor-widget-container\">\n\t\t\t<span class=\"elementor-heading-title elementor-size-default\"><br><br>LICENCE<\/span>\t\t<\/div>\n\t\t\t\t<\/div>\n\t\t\t\t<div class=\"elementor-element elementor-element-51f7df8 elementor-widget-divider--view-line elementor-widget elementor-widget-divider\" data-id=\"51f7df8\" data-element_type=\"widget\" data-widget_type=\"divider.default\">\n\t\t\t\t<div class=\"elementor-widget-container\">\n\t\t\t\t\t<div class=\"elementor-divider\">\n\t\t\t<span class=\"elementor-divider-separator\">\n\t\t\t\t\t\t<\/span>\n\t\t<\/div>\n\t\t\t\t<\/div>\n\t\t\t\t<\/div>\n\t\t\t\t<div class=\"elementor-element elementor-element-6363199 elementor-widget elementor-widget-heading\" data-id=\"6363199\" data-element_type=\"widget\" data-widget_type=\"heading.default\">\n\t\t\t\t<div class=\"elementor-widget-container\">\n\t\t\t<span class=\"elementor-heading-title elementor-size-default\">FSNV<\/span>\t\t<\/div>\n\t\t\t\t<\/div>\n\t\t\t\t\t<\/div>\n\t\t<\/div>\n\t\t\t\t\t\t\t<\/div>\n\t\t<\/section>\n\t\t\t\t<section class=\"elementor-section elementor-top-section elementor-element elementor-element-f86c86d elementor-section-boxed elementor-section-height-default elementor-section-height-default\" data-id=\"f86c86d\" data-element_type=\"section\" data-settings=\"{&quot;background_background&quot;:&quot;classic&quot;}\">\n\t\t\t\t\t\t<div class=\"elementor-container elementor-column-gap-default\">\n\t\t\t\t\t<div class=\"elementor-column elementor-col-100 elementor-top-column elementor-element elementor-element-4e6da43\" data-id=\"4e6da43\" data-element_type=\"column\">\n\t\t\t<div class=\"elementor-widget-wrap elementor-element-populated\">\n\t\t\t\t\t\t\t\t<div class=\"elementor-element elementor-element-d0101ad eael-tooltip-align-left elementor-widget elementor-widget-eael-tooltip\" data-id=\"d0101ad\" data-element_type=\"widget\" data-widget_type=\"eael-tooltip.default\">\n\t\t\t\t<div class=\"elementor-widget-container\">\n\t\t\t\t<div class=\"eael-tooltip\">\n\t\t\t\t\t<span class=\"eael-tooltip-content\"><a href=\"\/fsnv\/?page_id=2740\"  rel=\"nofollow\" >\t\t\t\t\t\t\t\t\t\t\t\t<i class=\"fas fa-reply\"><\/i>\n\t\t\t\t\t\t\t\t\t\t<\/a><\/span>\n  \t\t\t<span class=\"eael-tooltip-text eael-tooltip-right\"><p>retour<\/p><\/span>\n  \t\t\t<\/div>\n\t\t\t<\/div>\n\t\t\t\t<\/div>\n\t\t\t\t<div class=\"elementor-element elementor-element-1e26094 elementor-widget elementor-widget-heading\" data-id=\"1e26094\" data-element_type=\"widget\" data-widget_type=\"heading.default\">\n\t\t\t\t<div class=\"elementor-widget-container\">\n\t\t\t<p class=\"elementor-heading-title elementor-size-large\">Licence Alimentation, Nutrition et Pathologies\n<\/p>\t\t<\/div>\n\t\t\t\t<\/div>\n\t\t\t\t<div class=\"elementor-element elementor-element-0171b9a elementor-widget-divider--view-line elementor-widget elementor-widget-divider\" data-id=\"0171b9a\" data-element_type=\"widget\" data-widget_type=\"divider.default\">\n\t\t\t\t<div class=\"elementor-widget-container\">\n\t\t\t\t\t<div class=\"elementor-divider\">\n\t\t\t<span class=\"elementor-divider-separator\">\n\t\t\t\t\t\t<\/span>\n\t\t<\/div>\n\t\t\t\t<\/div>\n\t\t\t\t<\/div>\n\t\t\t\t<div class=\"elementor-element elementor-element-343f14a elementor-widget elementor-widget-text-editor\" data-id=\"343f14a\" data-element_type=\"widget\" data-widget_type=\"text-editor.default\">\n\t\t\t\t<div class=\"elementor-widget-container\">\n\t\t\t\t\t\t\t\t<p style=\"text-align: left;\"><span style=\"color: #000080;\"><strong>Domaine<\/strong><\/span>:\u00a0 Sciences de la nature et de vie<br \/><span style=\"color: #000080;\"><strong>Type de dipl\u00f4me<\/strong><\/span>\u00a0:Licence Acad\u00e9mique<br \/><span style=\"color: #000080;\"><strong>Dur\u00e9e<\/strong><\/span> : 06\u00a0 semestres<br \/><span style=\"color: #000080;\"><strong>Nombre de cr\u00e9dits pr\u00e9par\u00e9s<\/strong><\/span>\u00a0: 180<br \/><span style=\"color: #000080;\"><strong>Niveau de dipl\u00f4me requis \u00e0 l&rsquo;entr\u00e9e<\/strong><\/span>\u00a0: Baccalaur\u00e9at<br \/><span style=\"color: #000080;\"><strong>Niveau de dipl\u00f4me valid\u00e9 \u00e0 la sortie<\/strong><\/span>\u00a0: BAC+3<\/p>\t\t\t\t\t\t<\/div>\n\t\t\t\t<\/div>\n\t\t\t\t<div class=\"elementor-element elementor-element-fec515d elementor-tabs-view-horizontal elementor-widget elementor-widget-tabs\" data-id=\"fec515d\" data-element_type=\"widget\" data-widget_type=\"tabs.default\">\n\t\t\t\t<div class=\"elementor-widget-container\">\n\t\t\t\t\t<div class=\"elementor-tabs\">\n\t\t\t<div class=\"elementor-tabs-wrapper\" role=\"tablist\" >\n\t\t\t\t\t\t\t\t\t<div id=\"elementor-tab-title-2671\" class=\"elementor-tab-title elementor-tab-desktop-title\" aria-selected=\"true\" data-tab=\"1\" role=\"tab\" tabindex=\"0\" aria-controls=\"elementor-tab-content-2671\" aria-expanded=\"false\">Objectif<\/div>\n\t\t\t\t\t\t\t\t\t<div id=\"elementor-tab-title-2672\" class=\"elementor-tab-title elementor-tab-desktop-title\" aria-selected=\"false\" data-tab=\"2\" role=\"tab\" tabindex=\"-1\" aria-controls=\"elementor-tab-content-2672\" aria-expanded=\"false\">Programme<\/div>\n\t\t\t\t\t\t\t\t\t<div id=\"elementor-tab-title-2673\" class=\"elementor-tab-title elementor-tab-desktop-title\" aria-selected=\"false\" data-tab=\"3\" role=\"tab\" tabindex=\"-1\" aria-controls=\"elementor-tab-content-2673\" aria-expanded=\"false\">D\u00e9bouch\u00e9s<\/div>\n\t\t\t\t\t\t\t\t\t<div id=\"elementor-tab-title-2674\" class=\"elementor-tab-title elementor-tab-desktop-title\" aria-selected=\"false\" data-tab=\"4\" role=\"tab\" tabindex=\"-1\" aria-controls=\"elementor-tab-content-2674\" aria-expanded=\"false\">Profil des \u00e9tudiants<\/div>\n\t\t\t\t\t\t\t\t\t<div id=\"elementor-tab-title-2675\" class=\"elementor-tab-title elementor-tab-desktop-title\" aria-selected=\"false\" data-tab=\"5\" role=\"tab\" tabindex=\"-1\" aria-controls=\"elementor-tab-content-2675\" aria-expanded=\"false\">Savoir faire et comp\u00e9tences<\/div>\n\t\t\t\t\t\t\t\t\t<div id=\"elementor-tab-title-2676\" class=\"elementor-tab-title elementor-tab-desktop-title\" aria-selected=\"false\" data-tab=\"6\" role=\"tab\" tabindex=\"-1\" aria-controls=\"elementor-tab-content-2676\" aria-expanded=\"false\">Contact<\/div>\n\t\t\t\t\t\t\t<\/div>\n\t\t\t<div class=\"elementor-tabs-content-wrapper\" role=\"tablist\" aria-orientation=\"vertical\">\n\t\t\t\t\t\t\t\t\t<div class=\"elementor-tab-title elementor-tab-mobile-title\" aria-selected=\"true\" data-tab=\"1\" role=\"tab\" tabindex=\"0\" aria-controls=\"elementor-tab-content-2671\" aria-expanded=\"false\">Objectif<\/div>\n\t\t\t\t\t<div id=\"elementor-tab-content-2671\" class=\"elementor-tab-content elementor-clearfix\" data-tab=\"1\" role=\"tabpanel\" aria-labelledby=\"elementor-tab-title-2671\" tabindex=\"0\" hidden=\"false\"><p><strong>Objectif<\/strong><\/p><p>Cet enseignement constitue la formation de base du sp\u00e9cialiste dans le domaine des Sciences alimentaires, de nutrition et de pathologie, et fait acqu\u00e9rir le savoir-faire indispensable \u00e0 la mise en \u0153uvre des techniques fondamentales vari\u00e9es. Cette formation favorise l&rsquo;adaptation des \u00e9tudiants aux r\u00e9alit\u00e9s du laboratoire et de l\u2019entreprise et \u00e0 l&rsquo;\u00e9volution technologique. Les enseignements donn\u00e9s aux \u00e9tudiants et renforc\u00e9s par les travaux pratiques et les sorties aux entreprises et structures vont contribuer \u00e0 la formation de l&rsquo;esprit scientifique et au d\u00e9veloppement des aptitudes intellectuelles de l\u2019\u00e9tudiant. En outre, cette formation offre aux industries alimentaires et structures dans le domaine de la sant\u00e9 et nutrition une main d&rsquo;\u0153uvre sp\u00e9cialis\u00e9e avec des connaissances qui ouvrent de nouveaux horizons pour un bon pilotage et une meilleure productivit\u00e9.<\/p><\/div>\n\t\t\t\t\t\t\t\t\t<div class=\"elementor-tab-title elementor-tab-mobile-title\" aria-selected=\"false\" data-tab=\"2\" role=\"tab\" tabindex=\"-1\" aria-controls=\"elementor-tab-content-2672\" aria-expanded=\"false\">Programme<\/div>\n\t\t\t\t\t<div id=\"elementor-tab-content-2672\" class=\"elementor-tab-content elementor-clearfix\" data-tab=\"2\" role=\"tabpanel\" aria-labelledby=\"elementor-tab-title-2672\" tabindex=\"0\" hidden=\"hidden\"><p><strong>Programme<\/strong><\/p><p>&#8230;&#8230;&#8230;&#8230;&#8230;&#8230;&#8230;&#8230;&#8230;&#8230;.<\/p><\/div>\n\t\t\t\t\t\t\t\t\t<div class=\"elementor-tab-title elementor-tab-mobile-title\" aria-selected=\"false\" data-tab=\"3\" role=\"tab\" tabindex=\"-1\" aria-controls=\"elementor-tab-content-2673\" aria-expanded=\"false\">D\u00e9bouch\u00e9s<\/div>\n\t\t\t\t\t<div id=\"elementor-tab-content-2673\" class=\"elementor-tab-content elementor-clearfix\" data-tab=\"3\" role=\"tabpanel\" aria-labelledby=\"elementor-tab-title-2673\" tabindex=\"0\" hidden=\"hidden\"><p><strong>D\u00e9bouch\u00e9s<\/strong><\/p><p>&#8211; Secteurs d\u2019activit\u00e9s:En plus de possibilit\u00e9 de poursuivre ses \u00e9tudes en master dans plusieurs sp\u00e9cialit\u00e9s notamment celles ouvertes au niveau de notre d\u00e9partement, l\u2019\u00e9tudiant peut s\u2019orienter vers le milieu professionnel avec des d\u00e9bouch\u00e9s dans : &#8211;<\/p><ul><li>Laboratoires de contr\u00f4le de qualit\u00e9 et la s\u00e9curit\u00e9 des aliments ;<\/li><li>Le secteur des Industries Agro-Alimentaires ;<\/li><\/ul><p>&#8211;<\/p><ul><li>Les entreprises de fabrication et de conditionnement ;<\/li><li>Le secteur de Sant\u00e9 et de Nutrition.<\/li><\/ul><p>Avec une licence ANP aussi diversifi\u00e9 et compl\u00e8te, l\u2019\u00e9tudiant peut aussi entreprendre des projets personnels et libres relatifs \u00e0 sa sp\u00e9cialit\u00e9 et ses connaissances (expertise, laboratoire, industrie alimentaire).<\/p><ul><li>M\u00e9tiers vis\u00e9s<\/li><li>Agroalimentaire et biotechnologie<\/li><li>Param\u00e9dical et parapharmaceutique ;<\/li><li>Formulation alimentaire ;<\/li><\/ul><\/div>\n\t\t\t\t\t\t\t\t\t<div class=\"elementor-tab-title elementor-tab-mobile-title\" aria-selected=\"false\" data-tab=\"4\" role=\"tab\" tabindex=\"-1\" aria-controls=\"elementor-tab-content-2674\" aria-expanded=\"false\">Profil des \u00e9tudiants<\/div>\n\t\t\t\t\t<div id=\"elementor-tab-content-2674\" class=\"elementor-tab-content elementor-clearfix\" data-tab=\"4\" role=\"tabpanel\" aria-labelledby=\"elementor-tab-title-2674\" tabindex=\"0\" hidden=\"hidden\"><p><strong>Profil des \u00e9tudiants<\/strong><\/p><p>Ouvrant droit, les \u00e9tudiants du domaine SNV ayant acquis la 2\u00e8me ann\u00e9e dans la fili\u00e8re sciences biologiques.<\/p><\/div>\n\t\t\t\t\t\t\t\t\t<div class=\"elementor-tab-title elementor-tab-mobile-title\" aria-selected=\"false\" data-tab=\"5\" role=\"tab\" tabindex=\"-1\" aria-controls=\"elementor-tab-content-2675\" aria-expanded=\"false\">Savoir faire et comp\u00e9tences<\/div>\n\t\t\t\t\t<div id=\"elementor-tab-content-2675\" class=\"elementor-tab-content elementor-clearfix\" data-tab=\"5\" role=\"tabpanel\" aria-labelledby=\"elementor-tab-title-2675\" tabindex=\"0\" hidden=\"hidden\"><p><strong>Savoir faire et\u00a0<\/strong><b>comp\u00e9tences<\/b><\/p><p style=\"text-align: justify;\">En plus des sorties, visites p\u00e9dagogiques et stages dans des structures d\u2019accueil sp\u00e9cialis\u00e9es, Un encadrement p\u00e9dagogique et scientifique important et diversifi\u00e9 assure cette formation leur permettant ainsi d&rsquo;acqu\u00e9rir des connaissances en vue de leur pr\u00e9paration \u00e0 leur insertion professionnelle dans les domaines suivants :<\/p><ul><li>Physiologie de la nutrition et pathologies ;<\/li><li>Biochimie nutritionnelle et alimentaire ;<\/li><li>Techniques d\u2019analyses ;<\/li><li>S\u00e9curit\u00e9 alimentaire.<\/li><\/ul><\/div>\n\t\t\t\t\t\t\t\t\t<div class=\"elementor-tab-title elementor-tab-mobile-title\" aria-selected=\"false\" data-tab=\"6\" role=\"tab\" tabindex=\"-1\" aria-controls=\"elementor-tab-content-2676\" aria-expanded=\"false\">Contact<\/div>\n\t\t\t\t\t<div id=\"elementor-tab-content-2676\" class=\"elementor-tab-content elementor-clearfix\" data-tab=\"6\" role=\"tabpanel\" aria-labelledby=\"elementor-tab-title-2676\" tabindex=\"0\" hidden=\"hidden\"><ul><li><p><strong>Contact<\/strong><\/p><ul><li>Responsable de Fili\u00e8re :IBRI Kada<\/li><li>Courriel:\u00a0<span id=\"cloak9387f78cdcdd90193d51ab9063f966f6\"><a href=\"mailto:k.ibri@univ-mascara.dz\">k.ibri@univ-mascara.dz<\/a><\/span><\/li><li>Responsable de sp\u00e9cialit\u00e9 :HADJARI Mohamed<\/li><li>Courriel:\u00a0<span id=\"cloak7758c1853b5d43bad2c5b15d9b277adf\"><a href=\"mailto:m.hadjari@univ-mascara.dz\">m.hadjari@univ-mascara.dz<\/a><\/span><\/li><\/ul><br \/><span id=\"cloak2d48b4ed3edc615d977190a260450504\"><\/span><\/li><\/ul><\/div>\n\t\t\t\t\t\t\t<\/div>\n\t\t<\/div>\n\t\t\t\t<\/div>\n\t\t\t\t<\/div>\n\t\t\t\t\t<\/div>\n\t\t<\/div>\n\t\t\t\t\t\t\t<\/div>\n\t\t<\/section>\n\t\t\t\t\t\t<\/div>\n\t\t\t\t\t<\/div>\n\t\t","protected":false},"excerpt":{"rendered":"<p>LICENCE FSNV retour Licence Alimentation, Nutrition et Pathologies Domaine:\u00a0 Sciences de la nature et de vieType de dipl\u00f4me\u00a0:Licence Acad\u00e9miqueDur\u00e9e : 06\u00a0 semestresNombre de cr\u00e9dits pr\u00e9par\u00e9s\u00a0: 180Niveau de dipl\u00f4me requis \u00e0 l&rsquo;entr\u00e9e\u00a0: Baccalaur\u00e9atNiveau de dipl\u00f4me valid\u00e9 \u00e0 la sortie\u00a0: BAC+3 Objectif Programme D\u00e9bouch\u00e9s Profil des \u00e9tudiants Savoir faire et comp\u00e9tences Contact Objectif Objectif Cet enseignement constitue &hellip;<\/p>\n<p class=\"read-more\"> <a class=\"\" href=\"https:\/\/www.univ-mascara.dz\/fsnv\/?page_id=3158\"> <span class=\"screen-reader-text\">Licence Alimentation, Nutrition et Pathologies<\/span> Lire la suite\u00a0\u00bb<\/a><\/p>\n","protected":false},"author":3,"featured_media":0,"parent":0,"menu_order":0,"comment_status":"closed","ping_status":"closed","template":"","meta":[],"_links":{"self":[{"href":"https:\/\/www.univ-mascara.dz\/fsnv\/index.php?rest_route=\/wp\/v2\/pages\/3158"}],"collection":[{"href":"https:\/\/www.univ-mascara.dz\/fsnv\/index.php?rest_route=\/wp\/v2\/pages"}],"about":[{"href":"https:\/\/www.univ-mascara.dz\/fsnv\/index.php?rest_route=\/wp\/v2\/types\/page"}],"author":[{"embeddable":true,"href":"https:\/\/www.univ-mascara.dz\/fsnv\/index.php?rest_route=\/wp\/v2\/users\/3"}],"replies":[{"embeddable":true,"href":"https:\/\/www.univ-mascara.dz\/fsnv\/index.php?rest_route=%2Fwp%2Fv2%2Fcomments&post=3158"}],"version-history":[{"count":0,"href":"https:\/\/www.univ-mascara.dz\/fsnv\/index.php?rest_route=\/wp\/v2\/pages\/3158\/revisions"}],"wp:attachment":[{"href":"https:\/\/www.univ-mascara.dz\/fsnv\/index.php?rest_route=%2Fwp%2Fv2%2Fmedia&parent=3158"}],"curies":[{"name":"wp","href":"https:\/\/api.w.org\/{rel}","templated":true}]}}