{"id":3187,"date":"2021-09-29T14:22:57","date_gmt":"2021-09-29T13:22:57","guid":{"rendered":"http:\/\/193.194.87.76\/fsnv\/?page_id=3187"},"modified":"2022-10-10T09:33:24","modified_gmt":"2022-10-10T08:33:24","slug":"licence-microbiologie","status":"publish","type":"page","link":"https:\/\/www.univ-mascara.dz\/fsnv\/?page_id=3187","title":{"rendered":"Licence microbiologie"},"content":{"rendered":"\t\t<div data-elementor-type=\"wp-page\" data-elementor-id=\"3187\" class=\"elementor elementor-3187\" data-elementor-settings=\"[]\">\n\t\t\t\t\t\t\t<div class=\"elementor-section-wrap\">\n\t\t\t\t\t\t\t<section class=\"elementor-section elementor-top-section elementor-element elementor-element-16353b7 elementor-section-height-min-height elementor-section-boxed elementor-section-height-default elementor-section-items-middle\" data-id=\"16353b7\" data-element_type=\"section\" data-settings=\"{&quot;background_background&quot;:&quot;classic&quot;}\">\n\t\t\t\t\t\t\t<div class=\"elementor-background-overlay\"><\/div>\n\t\t\t\t\t\t\t<div class=\"elementor-container elementor-column-gap-default\">\n\t\t\t\t\t<div class=\"elementor-column elementor-col-100 elementor-top-column elementor-element elementor-element-0f920b5\" data-id=\"0f920b5\" data-element_type=\"column\">\n\t\t\t<div class=\"elementor-widget-wrap elementor-element-populated\">\n\t\t\t\t\t\t\t\t<div class=\"elementor-element elementor-element-7a221e6 elementor-widget elementor-widget-heading\" data-id=\"7a221e6\" data-element_type=\"widget\" data-widget_type=\"heading.default\">\n\t\t\t\t<div class=\"elementor-widget-container\">\n\t\t\t<span class=\"elementor-heading-title elementor-size-default\"><br><br>LICENCE<\/span>\t\t<\/div>\n\t\t\t\t<\/div>\n\t\t\t\t<div class=\"elementor-element elementor-element-ad9a772 elementor-widget-divider--view-line elementor-widget elementor-widget-divider\" data-id=\"ad9a772\" data-element_type=\"widget\" data-widget_type=\"divider.default\">\n\t\t\t\t<div class=\"elementor-widget-container\">\n\t\t\t\t\t<div class=\"elementor-divider\">\n\t\t\t<span class=\"elementor-divider-separator\">\n\t\t\t\t\t\t<\/span>\n\t\t<\/div>\n\t\t\t\t<\/div>\n\t\t\t\t<\/div>\n\t\t\t\t<div class=\"elementor-element elementor-element-c225662 elementor-widget elementor-widget-heading\" data-id=\"c225662\" data-element_type=\"widget\" data-widget_type=\"heading.default\">\n\t\t\t\t<div class=\"elementor-widget-container\">\n\t\t\t<span class=\"elementor-heading-title elementor-size-default\">FSNV<\/span>\t\t<\/div>\n\t\t\t\t<\/div>\n\t\t\t\t\t<\/div>\n\t\t<\/div>\n\t\t\t\t\t\t\t<\/div>\n\t\t<\/section>\n\t\t\t\t<section class=\"elementor-section elementor-top-section elementor-element elementor-element-f86c86d elementor-section-boxed elementor-section-height-default elementor-section-height-default\" data-id=\"f86c86d\" data-element_type=\"section\" data-settings=\"{&quot;background_background&quot;:&quot;classic&quot;}\">\n\t\t\t\t\t\t<div class=\"elementor-container elementor-column-gap-default\">\n\t\t\t\t\t<div class=\"elementor-column elementor-col-100 elementor-top-column elementor-element elementor-element-4e6da43\" data-id=\"4e6da43\" data-element_type=\"column\">\n\t\t\t<div class=\"elementor-widget-wrap elementor-element-populated\">\n\t\t\t\t\t\t\t\t<div class=\"elementor-element elementor-element-d0101ad eael-tooltip-align-left elementor-widget elementor-widget-eael-tooltip\" data-id=\"d0101ad\" data-element_type=\"widget\" data-widget_type=\"eael-tooltip.default\">\n\t\t\t\t<div class=\"elementor-widget-container\">\n\t\t\t\t<div class=\"eael-tooltip\">\n\t\t\t\t\t<span class=\"eael-tooltip-content\"><a href=\"\/fsnv\/?page_id=2740\"  rel=\"nofollow\" >\t\t\t\t\t\t\t\t\t\t\t\t<i class=\"fas fa-reply\"><\/i>\n\t\t\t\t\t\t\t\t\t\t<\/a><\/span>\n  \t\t\t<span class=\"eael-tooltip-text eael-tooltip-right\"><p>retour<\/p><\/span>\n  \t\t\t<\/div>\n\t\t\t<\/div>\n\t\t\t\t<\/div>\n\t\t\t\t<div class=\"elementor-element elementor-element-1e26094 elementor-widget elementor-widget-heading\" data-id=\"1e26094\" data-element_type=\"widget\" data-widget_type=\"heading.default\">\n\t\t\t\t<div class=\"elementor-widget-container\">\n\t\t\t<p class=\"elementor-heading-title elementor-size-large\">Licence Microbiologie\n<\/p>\t\t<\/div>\n\t\t\t\t<\/div>\n\t\t\t\t<div class=\"elementor-element elementor-element-0171b9a elementor-widget-divider--view-line elementor-widget elementor-widget-divider\" data-id=\"0171b9a\" data-element_type=\"widget\" data-widget_type=\"divider.default\">\n\t\t\t\t<div class=\"elementor-widget-container\">\n\t\t\t\t\t<div class=\"elementor-divider\">\n\t\t\t<span class=\"elementor-divider-separator\">\n\t\t\t\t\t\t<\/span>\n\t\t<\/div>\n\t\t\t\t<\/div>\n\t\t\t\t<\/div>\n\t\t\t\t<div class=\"elementor-element elementor-element-877751d elementor-widget elementor-widget-text-editor\" data-id=\"877751d\" data-element_type=\"widget\" data-widget_type=\"text-editor.default\">\n\t\t\t\t<div class=\"elementor-widget-container\">\n\t\t\t\t\t\t\t\t<p style=\"text-align: left;\"><span style=\"color: #000080;\"><strong>Domaine<\/strong><\/span>:\u00a0 Sciences de la nature et de vie<br \/><span style=\"color: #000080;\"><strong>Type de dipl\u00f4me<\/strong><\/span>\u00a0:Licence Acad\u00e9mique<br \/><span style=\"color: #000080;\"><strong>Dur\u00e9e<\/strong><\/span> : 06\u00a0 semestres<br \/><span style=\"color: #000080;\"><strong>Nombre de cr\u00e9dits pr\u00e9par\u00e9s<\/strong><\/span>\u00a0: 180<br \/><span style=\"color: #000080;\"><strong>Niveau de dipl\u00f4me requis \u00e0 l&rsquo;entr\u00e9e<\/strong><\/span>\u00a0: Baccalaur\u00e9at<br \/><span style=\"color: #000080;\"><strong>Niveau de dipl\u00f4me valid\u00e9 \u00e0 la sortie<\/strong><\/span>\u00a0: BAC+3<\/p>\t\t\t\t\t\t<\/div>\n\t\t\t\t<\/div>\n\t\t\t\t<div class=\"elementor-element elementor-element-fec515d elementor-tabs-view-horizontal elementor-widget elementor-widget-tabs\" data-id=\"fec515d\" data-element_type=\"widget\" data-widget_type=\"tabs.default\">\n\t\t\t\t<div class=\"elementor-widget-container\">\n\t\t\t\t\t<div class=\"elementor-tabs\">\n\t\t\t<div class=\"elementor-tabs-wrapper\" role=\"tablist\" >\n\t\t\t\t\t\t\t\t\t<div id=\"elementor-tab-title-2671\" class=\"elementor-tab-title elementor-tab-desktop-title\" aria-selected=\"true\" data-tab=\"1\" role=\"tab\" tabindex=\"0\" aria-controls=\"elementor-tab-content-2671\" aria-expanded=\"false\">Objectif<\/div>\n\t\t\t\t\t\t\t\t\t<div id=\"elementor-tab-title-2672\" class=\"elementor-tab-title elementor-tab-desktop-title\" aria-selected=\"false\" data-tab=\"2\" role=\"tab\" tabindex=\"-1\" aria-controls=\"elementor-tab-content-2672\" aria-expanded=\"false\">Programme<\/div>\n\t\t\t\t\t\t\t\t\t<div id=\"elementor-tab-title-2673\" class=\"elementor-tab-title elementor-tab-desktop-title\" aria-selected=\"false\" data-tab=\"3\" role=\"tab\" tabindex=\"-1\" aria-controls=\"elementor-tab-content-2673\" aria-expanded=\"false\">D\u00e9bouch\u00e9s<\/div>\n\t\t\t\t\t\t\t\t\t<div id=\"elementor-tab-title-2674\" class=\"elementor-tab-title elementor-tab-desktop-title\" aria-selected=\"false\" data-tab=\"4\" role=\"tab\" tabindex=\"-1\" aria-controls=\"elementor-tab-content-2674\" aria-expanded=\"false\">Profil des \u00e9tudiants<\/div>\n\t\t\t\t\t\t\t\t\t<div id=\"elementor-tab-title-2675\" class=\"elementor-tab-title elementor-tab-desktop-title\" aria-selected=\"false\" data-tab=\"5\" role=\"tab\" tabindex=\"-1\" aria-controls=\"elementor-tab-content-2675\" aria-expanded=\"false\">Savoir faire et comp\u00e9tances<\/div>\n\t\t\t\t\t\t\t\t\t<div id=\"elementor-tab-title-2676\" class=\"elementor-tab-title elementor-tab-desktop-title\" aria-selected=\"false\" data-tab=\"6\" role=\"tab\" tabindex=\"-1\" aria-controls=\"elementor-tab-content-2676\" aria-expanded=\"false\">Contact<\/div>\n\t\t\t\t\t\t\t<\/div>\n\t\t\t<div class=\"elementor-tabs-content-wrapper\" role=\"tablist\" aria-orientation=\"vertical\">\n\t\t\t\t\t\t\t\t\t<div class=\"elementor-tab-title elementor-tab-mobile-title\" aria-selected=\"true\" data-tab=\"1\" role=\"tab\" tabindex=\"0\" aria-controls=\"elementor-tab-content-2671\" aria-expanded=\"false\">Objectif<\/div>\n\t\t\t\t\t<div id=\"elementor-tab-content-2671\" class=\"elementor-tab-content elementor-clearfix\" data-tab=\"1\" role=\"tabpanel\" aria-labelledby=\"elementor-tab-title-2671\" tabindex=\"0\" hidden=\"false\"><p><strong>Objectif<\/strong><\/p><p style=\"text-align: justify;\">Le parcours Microbiologie permet de donner une formation de base en biologie avec une sp\u00e9cialisation dans le domaine des Microorganismes. Ces derniers sont des cellules vivantes, capables de faire du bien ou du mal. C\u2019est \u00e0 partir de l\u00e0, que nous distinguons les Microorganismes Utiles et nuisibles, et commencer \u00e0 comprendre leur vivacit\u00e9, leur environnement, leur comportement, leurs actions, leur g\u00e9n\u00e9tique, leur m\u00e9tabolisme, leur s\u00e9lection et am\u00e9lioration.<\/p><\/div>\n\t\t\t\t\t\t\t\t\t<div class=\"elementor-tab-title elementor-tab-mobile-title\" aria-selected=\"false\" data-tab=\"2\" role=\"tab\" tabindex=\"-1\" aria-controls=\"elementor-tab-content-2672\" aria-expanded=\"false\">Programme<\/div>\n\t\t\t\t\t<div id=\"elementor-tab-content-2672\" class=\"elementor-tab-content elementor-clearfix\" data-tab=\"2\" role=\"tabpanel\" aria-labelledby=\"elementor-tab-title-2672\" tabindex=\"0\" hidden=\"hidden\"><p><strong>Programme<\/strong><\/p><p>\u00a0<\/p><\/div>\n\t\t\t\t\t\t\t\t\t<div class=\"elementor-tab-title elementor-tab-mobile-title\" aria-selected=\"false\" data-tab=\"3\" role=\"tab\" tabindex=\"-1\" aria-controls=\"elementor-tab-content-2673\" aria-expanded=\"false\">D\u00e9bouch\u00e9s<\/div>\n\t\t\t\t\t<div id=\"elementor-tab-content-2673\" class=\"elementor-tab-content elementor-clearfix\" data-tab=\"3\" role=\"tabpanel\" aria-labelledby=\"elementor-tab-title-2673\" tabindex=\"0\" hidden=\"hidden\"><p style=\"margin-top: 15px; margin-bottom: 15px; color: #333333; font-family: sans-serif; font-size: 13.2px; font-style: normal; font-weight: 400; text-align: justify;\"><strong>D\u00e9bouch\u00e9s<\/strong><\/p><ul style=\"text-align: justify;\"><li style=\"color: #333333; font-family: sans-serif; font-size: 13.2px; font-style: normal; font-weight: 400;\"><span style=\"color: #003366;\"><strong>Secteurs d\u2019activit\u00e9s: <\/strong><\/span><strong style=\"color: #003366; font-size: 16px; font-family: Georgia, 'Times New Roman', 'Bitstream Charter', Times, serif;\"><span style=\"font-family: sans-serif; font-size: 13.2px; background-color: #f0f0f0;\">Cette formation assure aux \u00e9tudiants une sp\u00e9cialisation dans le but de leur permettre une int\u00e9gration et une optimisation des diff\u00e9rentes m\u00e9thodes et moyens de lutte dans la protection des cultures et des milieux naturels. Elle leur donne \u00e9galement la capacit\u00e9 d&rsquo;analyse objective des principaux facteurs de risque li\u00e9s \u00e0 l&#8217;emploi des pesticides et fertilisants en agriculture.<\/span><\/strong><\/li><\/ul><p style=\"text-align: justify;\"><span style=\"color: #003366;\"><strong>M\u00e9tiers vis\u00e9s<\/strong><\/span><\/p><p style=\"text-align: justify;\"><span style=\"color: #003366;\"><strong><span style=\"font-family: sans-serif; font-size: 13.2px; background-color: #f0f0f0;\">Les cadres form\u00e9s dans ce domaine peuvent \u00eatre ins\u00e9r\u00e9s au niveau des diff\u00e9rents secteurs d\u2019activit\u00e9 \u00e9conomiques :<\/span><\/strong><\/span><\/p><p style=\"text-align: justify;\"><span style=\"color: #003366;\"><strong>Institut National de Protection des V\u00e9g\u00e9taux (I.N.P.V.)<\/strong><\/span><\/p><ul><li style=\"color: #333333; font-family: sans-serif; font-size: 13.2px; font-style: normal; font-weight: 400; text-align: justify;\"><span style=\"color: #003366;\"><strong>Institut National de la Recherche Agronomique (INRAA)<\/strong><\/span><\/li><li style=\"color: #333333; font-family: sans-serif; font-size: 13.2px; font-style: normal; font-weight: 400; text-align: justify;\"><span style=\"color: #003366;\"><strong>Chambre d\u2019agriculture;<\/strong><\/span><\/li><li style=\"color: #333333; font-family: sans-serif; font-size: 13.2px; font-style: normal; font-weight: 400; text-align: justify;\"><span style=\"color: #003366;\"><strong>Bureaux d\u2019hygi\u00e8ne des communes;<\/strong><\/span><\/li><li style=\"color: #333333; font-family: sans-serif; font-size: 13.2px; font-style: normal; font-weight: 400; text-align: justify;\"><span style=\"color: #003366;\"><strong>Direction des For\u00eats ;<\/strong><\/span><\/li><li style=\"color: #333333; font-family: sans-serif; font-size: 13.2px; font-style: normal; font-weight: 400; text-align: justify;\"><span style=\"color: #003366;\"><strong>Cr\u00e9ation et gestion de leurs propres entreprises dans le domaine de la protection des v\u00e9g\u00e9taux et d\u2019expertise environnementale.<\/strong><\/span><\/li><\/ul><\/div>\n\t\t\t\t\t\t\t\t\t<div class=\"elementor-tab-title elementor-tab-mobile-title\" aria-selected=\"false\" data-tab=\"4\" role=\"tab\" tabindex=\"-1\" aria-controls=\"elementor-tab-content-2674\" aria-expanded=\"false\">Profil des \u00e9tudiants<\/div>\n\t\t\t\t\t<div id=\"elementor-tab-content-2674\" class=\"elementor-tab-content elementor-clearfix\" data-tab=\"4\" role=\"tabpanel\" aria-labelledby=\"elementor-tab-title-2674\" tabindex=\"0\" hidden=\"hidden\"><p><strong>Profil des \u00e9tudiants<\/strong><\/p><p>Formation initiale De droit pour les \u00e9tudiants du domaine SNV apr\u00e8s une validation des acquis du L2 dans la fili\u00e8re sciences biologiques.<\/p><\/div>\n\t\t\t\t\t\t\t\t\t<div class=\"elementor-tab-title elementor-tab-mobile-title\" aria-selected=\"false\" data-tab=\"5\" role=\"tab\" tabindex=\"-1\" aria-controls=\"elementor-tab-content-2675\" aria-expanded=\"false\">Savoir faire et comp\u00e9tances<\/div>\n\t\t\t\t\t<div id=\"elementor-tab-content-2675\" class=\"elementor-tab-content elementor-clearfix\" data-tab=\"5\" role=\"tabpanel\" aria-labelledby=\"elementor-tab-title-2675\" tabindex=\"0\" hidden=\"hidden\"><p><b>Savoir faire et\u00a0comp\u00e9tences<\/b><\/p><p style=\"text-align: justify;\">En plus des sorties et visites p\u00e9dagogiques, des enseignements th\u00e9oriques et pratiques sont dispens\u00e9s aux \u00e9tudiants leur permettant ainsi d&rsquo;acqu\u00e9rir des connaissances en vue de leur pr\u00e9paration \u00e0 leur insertion professionnelle dans les domaines suivants :<\/p><ul><li style=\"text-align: justify;\">Microbiologie mol\u00e9culaire ;<\/li><li style=\"text-align: justify;\">Biologie mol\u00e9culaire et g\u00e9nie g\u00e9n\u00e9tique ;<\/li><li style=\"text-align: justify;\">Pharmacologie Toxicologie ;<\/li><li style=\"text-align: justify;\">Techniques de contr\u00f4le microbiologique.<\/li><\/ul><\/div>\n\t\t\t\t\t\t\t\t\t<div class=\"elementor-tab-title elementor-tab-mobile-title\" aria-selected=\"false\" data-tab=\"6\" role=\"tab\" tabindex=\"-1\" aria-controls=\"elementor-tab-content-2676\" aria-expanded=\"false\">Contact<\/div>\n\t\t\t\t\t<div id=\"elementor-tab-content-2676\" class=\"elementor-tab-content elementor-clearfix\" data-tab=\"6\" role=\"tabpanel\" aria-labelledby=\"elementor-tab-title-2676\" tabindex=\"0\" hidden=\"hidden\"><p><strong>Contact<\/strong><\/p><ul><li>Responsable de Fili\u00e8re :Dr BENOUAZ Nadia<\/li><li>Courriel:\u00a0<span id=\"cloak3514dc70a2ed146a7fbca668517ea618\"><a href=\"mailto:n.benouaz@univ-mascara.dz\">n.benouaz@univ-mascara.dz<\/a><\/span><\/li><li>Responsable de sp\u00e9cialit\u00e9: AISSAOUI Rachid<\/li><li>Courriel:\u00a0<span id=\"cloak87b99f1b5b089250bec37d6c2c298c5e\"><a href=\"mailto:r.issawi@univ-mascara.dz\">r.issawi@univ-mascara.dz<\/a><\/span><\/li><\/ul><\/div>\n\t\t\t\t\t\t\t<\/div>\n\t\t<\/div>\n\t\t\t\t<\/div>\n\t\t\t\t<\/div>\n\t\t\t\t\t<\/div>\n\t\t<\/div>\n\t\t\t\t\t\t\t<\/div>\n\t\t<\/section>\n\t\t\t\t\t\t<\/div>\n\t\t\t\t\t<\/div>\n\t\t","protected":false},"excerpt":{"rendered":"<p>LICENCE FSNV retour Licence Microbiologie Domaine:\u00a0 Sciences de la nature et de vieType de dipl\u00f4me\u00a0:Licence Acad\u00e9miqueDur\u00e9e : 06\u00a0 semestresNombre de cr\u00e9dits pr\u00e9par\u00e9s\u00a0: 180Niveau de dipl\u00f4me requis \u00e0 l&rsquo;entr\u00e9e\u00a0: Baccalaur\u00e9atNiveau de dipl\u00f4me valid\u00e9 \u00e0 la sortie\u00a0: BAC+3 Objectif Programme D\u00e9bouch\u00e9s Profil des \u00e9tudiants Savoir faire et comp\u00e9tances Contact Objectif Objectif Le parcours Microbiologie permet de donner &hellip;<\/p>\n<p class=\"read-more\"> <a class=\"\" href=\"https:\/\/www.univ-mascara.dz\/fsnv\/?page_id=3187\"> <span class=\"screen-reader-text\">Licence microbiologie<\/span> Lire la suite\u00a0\u00bb<\/a><\/p>\n","protected":false},"author":3,"featured_media":0,"parent":0,"menu_order":0,"comment_status":"closed","ping_status":"closed","template":"","meta":[],"_links":{"self":[{"href":"https:\/\/www.univ-mascara.dz\/fsnv\/index.php?rest_route=\/wp\/v2\/pages\/3187"}],"collection":[{"href":"https:\/\/www.univ-mascara.dz\/fsnv\/index.php?rest_route=\/wp\/v2\/pages"}],"about":[{"href":"https:\/\/www.univ-mascara.dz\/fsnv\/index.php?rest_route=\/wp\/v2\/types\/page"}],"author":[{"embeddable":true,"href":"https:\/\/www.univ-mascara.dz\/fsnv\/index.php?rest_route=\/wp\/v2\/users\/3"}],"replies":[{"embeddable":true,"href":"https:\/\/www.univ-mascara.dz\/fsnv\/index.php?rest_route=%2Fwp%2Fv2%2Fcomments&post=3187"}],"version-history":[{"count":0,"href":"https:\/\/www.univ-mascara.dz\/fsnv\/index.php?rest_route=\/wp\/v2\/pages\/3187\/revisions"}],"wp:attachment":[{"href":"https:\/\/www.univ-mascara.dz\/fsnv\/index.php?rest_route=%2Fwp%2Fv2%2Fmedia&parent=3187"}],"curies":[{"name":"wp","href":"https:\/\/api.w.org\/{rel}","templated":true}]}}