{"id":27224,"date":"2024-11-03T15:08:27","date_gmt":"2024-11-03T14:08:27","guid":{"rendered":"https:\/\/www.univ-mascara.dz\/fsnv\/med\/?page_id=27224"},"modified":"2025-01-07T10:41:45","modified_gmt":"2025-01-07T09:41:45","slug":"acceuil_fr","status":"publish","type":"page","link":"https:\/\/www.univ-mascara.dz\/fsnv\/med\/","title":{"rendered":"Acceuil_fr"},"content":{"rendered":"\t\t<div data-elementor-type=\"wp-post\" data-elementor-id=\"27224\" class=\"elementor elementor-27224\">\n\t\t\t\t<div class=\"elementor-element elementor-element-c258012 e-flex e-con-boxed e-con e-parent\" data-id=\"c258012\" data-element_type=\"container\" data-settings=\"{&quot;background_background&quot;:&quot;classic&quot;}\">\n\t\t\t\t\t<div class=\"e-con-inner\">\n\t\t<div class=\"elementor-element elementor-element-c7110a2 e-con-full e-flex e-con e-child\" data-id=\"c7110a2\" data-element_type=\"container\">\n\t\t\t\t<div class=\"elementor-element elementor-element-06d06c0 elementor-widget elementor-widget-image-box\" data-id=\"06d06c0\" data-element_type=\"widget\" data-widget_type=\"image-box.default\">\n\t\t\t\t<div class=\"elementor-widget-container\">\n\t\t\t<div class=\"elementor-image-box-wrapper\"><div class=\"elementor-image-box-content\"><h1 class=\"elementor-image-box-title\">Annexe De M\u00e9decine MASCARA <\/h1><p class=\"elementor-image-box-description\">Vous Souhaite la Bienvenue<\/p><\/div><\/div>\t\t<\/div>\n\t\t\t\t<\/div>\n\t\t\t\t<\/div>\n\t\t\t\t\t<\/div>\n\t\t\t\t<\/div>\n\t\t<div class=\"elementor-element elementor-element-71a20be e-flex e-con-boxed e-con e-parent\" data-id=\"71a20be\" data-element_type=\"container\" data-settings=\"{&quot;background_background&quot;:&quot;classic&quot;}\">\n\t\t\t\t\t<div class=\"e-con-inner\">\n\t\t<div class=\"elementor-element elementor-element-a0ba3dd e-con-full e-flex e-con e-child\" data-id=\"a0ba3dd\" data-element_type=\"container\">\n\t\t<div class=\"elementor-element elementor-element-da20471 e-con-full e-flex e-con e-child\" data-id=\"da20471\" data-element_type=\"container\" data-settings=\"{&quot;background_background&quot;:&quot;classic&quot;,&quot;motion_fx_motion_fx_scrolling&quot;:&quot;yes&quot;,&quot;motion_fx_devices&quot;:[&quot;desktop&quot;,&quot;tablet&quot;,&quot;mobile&quot;]}\">\n\t\t\t\t<div class=\"elementor-element elementor-element-2056f05 elementor-view-default elementor-position-top elementor-mobile-position-top elementor-widget elementor-widget-icon-box\" data-id=\"2056f05\" data-element_type=\"widget\" data-widget_type=\"icon-box.default\">\n\t\t\t\t<div class=\"elementor-widget-container\">\n\t\t\t\t\t<div class=\"elementor-icon-box-wrapper\">\n\n\t\t\t\t\t\t<div class=\"elementor-icon-box-icon\">\n\t\t\t\t<a href=\"https:\/\/www.univ-mascara.dz\/fsnv\/med\/1er_annee\/\" class=\"elementor-icon elementor-animation-\" tabindex=\"-1\">\n\t\t\t\t<i aria-hidden=\"true\" class=\"fab fa-dochub\"><\/i>\t\t\t\t<\/a>\n\t\t\t<\/div>\n\t\t\t\n\t\t\t\t\t\t<div class=\"elementor-icon-box-content\">\n\n\t\t\t\t\t\t\t\t\t<h3 class=\"elementor-icon-box-title\">\n\t\t\t\t\t\t<a href=\"https:\/\/www.univ-mascara.dz\/fsnv\/med\/1er_annee\/\" >\n\t\t\t\t\t\t\t1 er Ann\u00e9e\t\t\t\t\t\t<\/a>\n\t\t\t\t\t<\/h3>\n\t\t\t\t\n\t\t\t\t\t\t\t\t\t<p class=\"elementor-icon-box-description\">\n\t\t\t\t\t\t\n\n\t\t\t\t\t<\/p>\n\t\t\t\t\n\t\t\t<\/div>\n\t\t\t\n\t\t<\/div>\n\t\t\t\t<\/div>\n\t\t\t\t<\/div>\n\t\t\t\t<\/div>\n\t\t<div class=\"elementor-element elementor-element-bc1fa9a e-con-full e-flex e-con e-child\" data-id=\"bc1fa9a\" data-element_type=\"container\" data-settings=\"{&quot;background_background&quot;:&quot;classic&quot;}\">\n\t\t\t\t<div class=\"elementor-element elementor-element-8d72865 elementor-view-default elementor-position-top elementor-mobile-position-top elementor-widget elementor-widget-icon-box\" data-id=\"8d72865\" data-element_type=\"widget\" data-widget_type=\"icon-box.default\">\n\t\t\t\t<div class=\"elementor-widget-container\">\n\t\t\t\t\t<div class=\"elementor-icon-box-wrapper\">\n\n\t\t\t\t\t\t<div class=\"elementor-icon-box-icon\">\n\t\t\t\t<a href=\"https:\/\/www.univ-mascara.dz\/fsnv\/med\/2eme_a\/\" class=\"elementor-icon elementor-animation-\" tabindex=\"-1\">\n\t\t\t\t<i aria-hidden=\"true\" class=\"fas fa-capsules\"><\/i>\t\t\t\t<\/a>\n\t\t\t<\/div>\n\t\t\t\n\t\t\t\t\t\t<div class=\"elementor-icon-box-content\">\n\n\t\t\t\t\t\t\t\t\t<h3 class=\"elementor-icon-box-title\">\n\t\t\t\t\t\t<a href=\"https:\/\/www.univ-mascara.dz\/fsnv\/med\/2eme_a\/\" >\n\t\t\t\t\t\t\t2 eme Ann\u00e9e\t\t\t\t\t\t<\/a>\n\t\t\t\t\t<\/h3>\n\t\t\t\t\n\t\t\t\t\n\t\t\t<\/div>\n\t\t\t\n\t\t<\/div>\n\t\t\t\t<\/div>\n\t\t\t\t<\/div>\n\t\t\t\t<\/div>\n\t\t<div class=\"elementor-element elementor-element-03f3798 e-con-full e-flex e-con e-child\" data-id=\"03f3798\" data-element_type=\"container\" data-settings=\"{&quot;background_background&quot;:&quot;classic&quot;}\">\n\t\t\t\t<div class=\"elementor-element elementor-element-48180f7 elementor-view-default elementor-position-top elementor-mobile-position-top elementor-widget elementor-widget-icon-box\" data-id=\"48180f7\" data-element_type=\"widget\" data-widget_type=\"icon-box.default\">\n\t\t\t\t<div class=\"elementor-widget-container\">\n\t\t\t\t\t<div class=\"elementor-icon-box-wrapper\">\n\n\t\t\t\t\t\t<div class=\"elementor-icon-box-icon\">\n\t\t\t\t<span  class=\"elementor-icon elementor-animation-\">\n\t\t\t\t<i aria-hidden=\"true\" class=\"fas fa-microscope\"><\/i>\t\t\t\t<\/span>\n\t\t\t<\/div>\n\t\t\t\n\t\t\t\t\t\t<div class=\"elementor-icon-box-content\">\n\n\t\t\t\t\t\t\t\t\t<h3 class=\"elementor-icon-box-title\">\n\t\t\t\t\t\t<span  >\n\t\t\t\t\t\t\t3 eme Ann\u00e9e\t\t\t\t\t\t<\/span>\n\t\t\t\t\t<\/h3>\n\t\t\t\t\n\t\t\t\t\n\t\t\t<\/div>\n\t\t\t\n\t\t<\/div>\n\t\t\t\t<\/div>\n\t\t\t\t<\/div>\n\t\t\t\t<\/div>\n\t\t\t\t<\/div>\n\t\t\t\t\t<\/div>\n\t\t\t\t<\/div>\n\t\t<div class=\"elementor-element elementor-element-860971e e-flex e-con-boxed e-con e-parent\" data-id=\"860971e\" data-element_type=\"container\" data-settings=\"{&quot;background_background&quot;:&quot;classic&quot;}\">\n\t\t\t\t\t<div class=\"e-con-inner\">\n\t\t\t\t\t<\/div>\n\t\t\t\t<\/div>\n\t\t<div class=\"elementor-element elementor-element-bab289f e-flex e-con-boxed e-con e-parent\" data-id=\"bab289f\" data-element_type=\"container\" data-settings=\"{&quot;background_background&quot;:&quot;classic&quot;}\">\n\t\t\t\t\t<div class=\"e-con-inner\">\n\t\t\t\t<div class=\"elementor-element elementor-element-5768aa0 elementor-widget elementor-widget-heading\" data-id=\"5768aa0\" data-element_type=\"widget\" data-widget_type=\"heading.default\">\n\t\t\t\t<div class=\"elementor-widget-container\">\n\t\t\t<h2 class=\"elementor-heading-title elementor-size-default\">Pr\u00e9sentation de L'annexe<\/h2>\t\t<\/div>\n\t\t\t\t<\/div>\n\t\t<div class=\"elementor-element elementor-element-ce48e6a e-grid e-con-full e-con e-child\" data-id=\"ce48e6a\" data-element_type=\"container\">\n\t\t\t\t<div class=\"elementor-element elementor-element-7534481 elementor-widget elementor-widget-image\" data-id=\"7534481\" data-element_type=\"widget\" data-widget_type=\"image.default\">\n\t\t\t\t<div class=\"elementor-widget-container\">\n\t\t\t\t\t\t\t\t\t\t\t\t\t<img fetchpriority=\"high\" decoding=\"async\" width=\"720\" height=\"540\" src=\"https:\/\/www.univ-mascara.dz\/fsnv\/med\/wp-content\/uploads\/2024\/11\/med.jpg\" class=\"attachment-large size-large wp-image-27254\" alt=\"\" srcset=\"https:\/\/www.univ-mascara.dz\/fsnv\/med\/wp-content\/uploads\/2024\/11\/med.jpg 720w, https:\/\/www.univ-mascara.dz\/fsnv\/med\/wp-content\/uploads\/2024\/11\/med-300x225.jpg 300w\" sizes=\"(max-width: 720px) 100vw, 720px\" \/>\t\t\t\t\t\t\t\t\t\t\t\t\t<\/div>\n\t\t\t\t<\/div>\n\t\t\t\t<div class=\"elementor-element elementor-element-cce3412 elementor-widget elementor-widget-text-editor\" data-id=\"cce3412\" data-element_type=\"widget\" data-widget_type=\"text-editor.default\">\n\t\t\t\t<div class=\"elementor-widget-container\">\n\t\t\t\t\t\t\t<p>pr\u00e9sentation a \u00e9t\u00e9 cr\u00e9\u00e9 le par &#8230;&#8230;&#8230;<\/p>\t\t\t\t\t\t<\/div>\n\t\t\t\t<\/div>\n\t\t\t\t<\/div>\n\t\t\t\t\t<\/div>\n\t\t\t\t<\/div>\n\t\t<div class=\"elementor-element elementor-element-6509675 e-flex e-con-boxed e-con e-parent\" data-id=\"6509675\" data-element_type=\"container\" data-settings=\"{&quot;background_background&quot;:&quot;classic&quot;}\">\n\t\t\t\t\t<div class=\"e-con-inner\">\n\t\t\t\t<div class=\"elementor-element elementor-element-ebca9e0 elementor-widget elementor-widget-heading\" data-id=\"ebca9e0\" data-element_type=\"widget\" data-widget_type=\"heading.default\">\n\t\t\t\t<div class=\"elementor-widget-container\">\n\t\t\t<h2 class=\"elementor-heading-title elementor-size-default\">Nouvelle Articles<\/h2>\t\t<\/div>\n\t\t\t\t<\/div>\n\t\t\t\t<div class=\"elementor-element elementor-element-eaf032c elementor-posts--align-left elementor-grid-3 elementor-grid-tablet-2 elementor-grid-mobile-1 elementor-posts--thumbnail-top elementor-card-shadow-yes elementor-posts__hover-gradient load-more-align-center elementor-widget elementor-widget-posts\" data-id=\"eaf032c\" data-element_type=\"widget\" data-settings=\"{&quot;pagination_type&quot;:&quot;load_more_on_click&quot;,&quot;cards_columns&quot;:&quot;3&quot;,&quot;cards_columns_tablet&quot;:&quot;2&quot;,&quot;cards_columns_mobile&quot;:&quot;1&quot;,&quot;cards_row_gap&quot;:{&quot;unit&quot;:&quot;px&quot;,&quot;size&quot;:35,&quot;sizes&quot;:[]},&quot;cards_row_gap_tablet&quot;:{&quot;unit&quot;:&quot;px&quot;,&quot;size&quot;:&quot;&quot;,&quot;sizes&quot;:[]},&quot;cards_row_gap_mobile&quot;:{&quot;unit&quot;:&quot;px&quot;,&quot;size&quot;:&quot;&quot;,&quot;sizes&quot;:[]},&quot;load_more_spinner&quot;:{&quot;value&quot;:&quot;fas fa-spinner&quot;,&quot;library&quot;:&quot;fa-solid&quot;}}\" data-widget_type=\"posts.cards\">\n\t\t\t\t<div class=\"elementor-widget-container\">\n\t\t\t\t\t<div class=\"elementor-posts-container elementor-posts elementor-posts--skin-cards elementor-grid\">\n\t\t\t\t<article class=\"elementor-post elementor-grid-item post-27558 post type-post status-publish format-link has-post-thumbnail hentry category-1er_a post_format-post-format-link\">\n\t\t\t<div class=\"elementor-post__card\">\n\t\t\t\t<a class=\"elementor-post__thumbnail__link\" href=\"https:\/\/www.univ-mascara.dz\/fsnv\/med\/cours-et-fiches-td\/\" target=\"_blank\"><div class=\"elementor-post__thumbnail\"><img decoding=\"async\" width=\"260\" height=\"194\" src=\"https:\/\/www.univ-mascara.dz\/fsnv\/med\/wp-content\/uploads\/2025\/01\/telechargement.png\" class=\"attachment-medium size-medium wp-image-27559\" alt=\"\" \/><\/div><\/a>\n\t\t\t\t<div class=\"elementor-post__badge\">1i\u00e8re Ann\u00e9e M\u00e9decine<\/div>\n\t\t\t\t<div class=\"elementor-post__text\">\n\t\t\t\t<h3 class=\"elementor-post__title\">\n\t\t\t<a href=\"https:\/\/www.univ-mascara.dz\/fsnv\/med\/cours-et-fiches-td\/\" target=&quot;_blank&quot;>\n\t\t\t\tCours et Fiches TD\t\t\t<\/a>\n\t\t<\/h3>\n\t\t\t\t<div class=\"elementor-post__excerpt\">\n\t\t\t<p>Support de cours Cliquez ici<\/p>\n\t\t<\/div>\n\t\t\t\t\t<a class=\"elementor-post__read-more\" href=\"https:\/\/www.univ-mascara.dz\/fsnv\/med\/cours-et-fiches-td\/\" target=\"_blank\">\n\t\t\t\tLire plus \u00bb\t\t\t<\/a>\n\t\t\t\t<\/div>\n\t\t\t\t<div class=\"elementor-post__meta-data\">\n\t\t\t\t\t<span class=\"elementor-post-date\">\n\t\t\t28 janvier 2025\t\t<\/span>\n\t\t\t\t<\/div>\n\t\t\t\t\t<\/div>\n\t\t<\/article>\n\t\t\t\t<article class=\"elementor-post elementor-grid-item post-27474 post type-post status-publish format-link has-post-thumbnail hentry category-nv-fr post_format-post-format-link\">\n\t\t\t<div class=\"elementor-post__card\">\n\t\t\t\t<a class=\"elementor-post__thumbnail__link\" href=\"https:\/\/www.univ-mascara.dz\/fsnv\/med\/cours-et-fiche-td-physique-et-biophysique\/\" target=\"_blank\"><div class=\"elementor-post__thumbnail\"><img decoding=\"async\" width=\"300\" height=\"168\" src=\"https:\/\/www.univ-mascara.dz\/fsnv\/med\/wp-content\/uploads\/2025\/01\/radio.jpg\" class=\"attachment-medium size-medium wp-image-27535\" alt=\"\" \/><\/div><\/a>\n\t\t\t\t<div class=\"elementor-post__badge\">Nouveaux<\/div>\n\t\t\t\t<div class=\"elementor-post__text\">\n\t\t\t\t<h3 class=\"elementor-post__title\">\n\t\t\t<a href=\"https:\/\/www.univ-mascara.dz\/fsnv\/med\/cours-et-fiche-td-physique-et-biophysique\/\" target=&quot;_blank&quot;>\n\t\t\t\tCours et Fiche TD (Physique et Biophysique)\t\t\t<\/a>\n\t\t<\/h3>\n\t\t\t\t<div class=\"elementor-post__excerpt\">\n\t\t\t<p>Cours du Dimanche 05 janvier 2024 Cours (Radioactivit\u00e9 et d\u00e9croissance radioactive) Fiche de TD. 01<\/p>\n\t\t<\/div>\n\t\t\t\t\t<a class=\"elementor-post__read-more\" href=\"https:\/\/www.univ-mascara.dz\/fsnv\/med\/cours-et-fiche-td-physique-et-biophysique\/\" target=\"_blank\">\n\t\t\t\tLire plus \u00bb\t\t\t<\/a>\n\t\t\t\t<\/div>\n\t\t\t\t<div class=\"elementor-post__meta-data\">\n\t\t\t\t\t<span class=\"elementor-post-date\">\n\t\t\t6 janvier 2025\t\t<\/span>\n\t\t\t\t<\/div>\n\t\t\t\t\t<\/div>\n\t\t<\/article>\n\t\t\t\t<article class=\"elementor-post elementor-grid-item post-27412 post type-post status-publish format-link has-post-thumbnail hentry category-1er_a post_format-post-format-link\">\n\t\t\t<div class=\"elementor-post__card\">\n\t\t\t\t<a class=\"elementor-post__thumbnail__link\" href=\"https:\/\/www.univ-mascara.dz\/fsnv\/med\/emploi-du-temps-actualise\/\" target=\"_blank\"><div class=\"elementor-post__thumbnail\"><img loading=\"lazy\" decoding=\"async\" width=\"300\" height=\"200\" src=\"https:\/\/www.univ-mascara.dz\/fsnv\/med\/wp-content\/uploads\/2024\/11\/g8bebe7180615d1fe6e13908410dc93d444bc85847bfbd1bbb0a051d46f688dee1a24f783628942e747bc5fd1380f27c99ff2b0719d60a32da9cfacc7919c8fcb_1280-1990453-300x200.jpg\" class=\"attachment-medium size-medium wp-image-27273\" alt=\"calendar, dates, schedule\" srcset=\"https:\/\/www.univ-mascara.dz\/fsnv\/med\/wp-content\/uploads\/2024\/11\/g8bebe7180615d1fe6e13908410dc93d444bc85847bfbd1bbb0a051d46f688dee1a24f783628942e747bc5fd1380f27c99ff2b0719d60a32da9cfacc7919c8fcb_1280-1990453-300x200.jpg 300w, https:\/\/www.univ-mascara.dz\/fsnv\/med\/wp-content\/uploads\/2024\/11\/g8bebe7180615d1fe6e13908410dc93d444bc85847bfbd1bbb0a051d46f688dee1a24f783628942e747bc5fd1380f27c99ff2b0719d60a32da9cfacc7919c8fcb_1280-1990453-1024x682.jpg 1024w, https:\/\/www.univ-mascara.dz\/fsnv\/med\/wp-content\/uploads\/2024\/11\/g8bebe7180615d1fe6e13908410dc93d444bc85847bfbd1bbb0a051d46f688dee1a24f783628942e747bc5fd1380f27c99ff2b0719d60a32da9cfacc7919c8fcb_1280-1990453-768x512.jpg 768w, https:\/\/www.univ-mascara.dz\/fsnv\/med\/wp-content\/uploads\/2024\/11\/g8bebe7180615d1fe6e13908410dc93d444bc85847bfbd1bbb0a051d46f688dee1a24f783628942e747bc5fd1380f27c99ff2b0719d60a32da9cfacc7919c8fcb_1280-1990453.jpg 1280w\" sizes=\"(max-width: 300px) 100vw, 300px\" \/><\/div><\/a>\n\t\t\t\t<div class=\"elementor-post__badge\">1i\u00e8re Ann\u00e9e M\u00e9decine<\/div>\n\t\t\t\t<div class=\"elementor-post__text\">\n\t\t\t\t<h3 class=\"elementor-post__title\">\n\t\t\t<a href=\"https:\/\/www.univ-mascara.dz\/fsnv\/med\/emploi-du-temps-actualise\/\" target=&quot;_blank&quot;>\n\t\t\t\tEmploi du temps actualis\u00e9\t\t\t<\/a>\n\t\t<\/h3>\n\t\t\t\t<div class=\"elementor-post__excerpt\">\n\t\t\t<p>T\u00e9l\u00e9charger les emplois du temps par SECTION &#8230; et par SEMAINE &#8230;<\/p>\n\t\t<\/div>\n\t\t\t\t\t<a class=\"elementor-post__read-more\" href=\"https:\/\/www.univ-mascara.dz\/fsnv\/med\/emploi-du-temps-actualise\/\" target=\"_blank\">\n\t\t\t\tLire plus \u00bb\t\t\t<\/a>\n\t\t\t\t<\/div>\n\t\t\t\t<div class=\"elementor-post__meta-data\">\n\t\t\t\t\t<span class=\"elementor-post-date\">\n\t\t\t29 d\u00e9cembre 2024\t\t<\/span>\n\t\t\t\t<\/div>\n\t\t\t\t\t<\/div>\n\t\t<\/article>\n\t\t\t\t<article class=\"elementor-post elementor-grid-item post-27261 post type-post status-publish format-link has-post-thumbnail hentry category-1er_a category-2eme_a post_format-post-format-link\">\n\t\t\t<div class=\"elementor-post__card\">\n\t\t\t\t<a class=\"elementor-post__thumbnail__link\" href=\"https:\/\/www.univ-mascara.dz\/fsnv\/med\/comptes-e-learning\/\" target=\"_blank\"><div class=\"elementor-post__thumbnail\"><img loading=\"lazy\" decoding=\"async\" width=\"300\" height=\"300\" src=\"https:\/\/www.univ-mascara.dz\/fsnv\/med\/wp-content\/uploads\/2024\/11\/med-e-300x300.png\" class=\"attachment-medium size-medium wp-image-27262\" alt=\"\" srcset=\"https:\/\/www.univ-mascara.dz\/fsnv\/med\/wp-content\/uploads\/2024\/11\/med-e-300x300.png 300w, https:\/\/www.univ-mascara.dz\/fsnv\/med\/wp-content\/uploads\/2024\/11\/med-e-150x150.png 150w, https:\/\/www.univ-mascara.dz\/fsnv\/med\/wp-content\/uploads\/2024\/11\/med-e.png 526w\" sizes=\"(max-width: 300px) 100vw, 300px\" \/><\/div><\/a>\n\t\t\t\t<div class=\"elementor-post__badge\">1i\u00e8re Ann\u00e9e M\u00e9decine<\/div>\n\t\t\t\t<div class=\"elementor-post__text\">\n\t\t\t\t<h3 class=\"elementor-post__title\">\n\t\t\t<a href=\"https:\/\/www.univ-mascara.dz\/fsnv\/med\/comptes-e-learning\/\" target=&quot;_blank&quot;>\n\t\t\t\tComptes E-learning\t\t\t<\/a>\n\t\t<\/h3>\n\t\t\t\t<div class=\"elementor-post__excerpt\">\n\t\t\t\t\t<\/div>\n\t\t\t\t\t<a class=\"elementor-post__read-more\" href=\"https:\/\/www.univ-mascara.dz\/fsnv\/med\/comptes-e-learning\/\" target=\"_blank\">\n\t\t\t\tLire plus \u00bb\t\t\t<\/a>\n\t\t\t\t<\/div>\n\t\t\t\t<div class=\"elementor-post__meta-data\">\n\t\t\t\t\t<span class=\"elementor-post-date\">\n\t\t\t3 novembre 2024\t\t<\/span>\n\t\t\t\t<\/div>\n\t\t\t\t\t<\/div>\n\t\t<\/article>\n\t\t\t\t<\/div>\n\n\n\t\t\t\t\t<span class=\"e-load-more-spinner\">\n\t\t\t\t<i aria-hidden=\"true\" class=\"fas fa-spinner\"><\/i>\t\t\t<\/span>\n\t\t\n\t\t\t\t<\/div>\n\t\t\t\t<\/div>\n\t\t\t\t\t<\/div>\n\t\t\t\t<\/div>\n\t\t\t\t<\/div>\n\t\t","protected":false},"excerpt":{"rendered":"<p>Annexe De M\u00e9decine MASCARA Vous Souhaite la Bienvenue 1 er Ann\u00e9e 2 eme Ann\u00e9e 3 eme Ann\u00e9e Pr\u00e9sentation de L&rsquo;annexe pr\u00e9sentation a \u00e9t\u00e9 cr\u00e9\u00e9 le par &#8230;&#8230;&#8230; Nouvelle Articles<\/p>\n","protected":false},"author":1,"featured_media":0,"parent":0,"menu_order":0,"comment_status":"closed","ping_status":"closed","template":"","meta":{"site-sidebar-layout":"no-sidebar","site-content-layout":"page-builder","ast-site-content-layout":"full-width-container","site-content-style":"unboxed","site-sidebar-style":"unboxed","ast-global-header-display":"","ast-banner-title-visibility":"","ast-main-header-display":"","ast-hfb-above-header-display":"","ast-hfb-below-header-display":"","ast-hfb-mobile-header-display":"","site-post-title":"disabled","ast-breadcrumbs-content":"","ast-featured-img":"disabled","footer-sml-layout":"","theme-transparent-header-meta":"enabled","adv-header-id-meta":"","stick-header-meta":"","header-above-stick-meta":"","header-main-stick-meta":"","header-below-stick-meta":"","astra-migrate-meta-layouts":"set","ast-page-background-enabled":"default","ast-page-background-meta":{"desktop":{"background-color":"","background-image":"","background-repeat":"repeat","background-position":"center center","background-size":"auto","background-attachment":"scroll","background-type":"","background-media":"","overlay-type":"","overlay-color":"","overlay-opacity":"","overlay-gradient":""},"tablet":{"background-color":"","background-image":"","background-repeat":"repeat","background-position":"center center","background-size":"auto","background-attachment":"scroll","background-type":"","background-media":"","overlay-type":"","overlay-color":"","overlay-opacity":"","overlay-gradient":""},"mobile":{"background-color":"","background-image":"","background-repeat":"repeat","background-position":"center center","background-size":"auto","background-attachment":"scroll","background-type":"","background-media":"","overlay-type":"","overlay-color":"","overlay-opacity":"","overlay-gradient":""}},"ast-content-background-meta":{"desktop":{"background-color":"var(--ast-global-color-5)","background-image":"","background-repeat":"repeat","background-position":"center center","background-size":"auto","background-attachment":"scroll","background-type":"","background-media":"","overlay-type":"","overlay-color":"","overlay-opacity":"","overlay-gradient":""},"tablet":{"background-color":"var(--ast-global-color-5)","background-image":"","background-repeat":"repeat","background-position":"center center","background-size":"auto","background-attachment":"scroll","background-type":"","background-media":"","overlay-type":"","overlay-color":"","overlay-opacity":"","overlay-gradient":""},"mobile":{"background-color":"var(--ast-global-color-5)","background-image":"","background-repeat":"repeat","background-position":"center center","background-size":"auto","background-attachment":"scroll","background-type":"","background-media":"","overlay-type":"","overlay-color":"","overlay-opacity":"","overlay-gradient":""}},"footnotes":""},"class_list":["post-27224","page","type-page","status-publish","hentry"],"_links":{"self":[{"href":"https:\/\/www.univ-mascara.dz\/fsnv\/med\/wp-json\/wp\/v2\/pages\/27224","targetHints":{"allow":["GET"]}}],"collection":[{"href":"https:\/\/www.univ-mascara.dz\/fsnv\/med\/wp-json\/wp\/v2\/pages"}],"about":[{"href":"https:\/\/www.univ-mascara.dz\/fsnv\/med\/wp-json\/wp\/v2\/types\/page"}],"author":[{"embeddable":true,"href":"https:\/\/www.univ-mascara.dz\/fsnv\/med\/wp-json\/wp\/v2\/users\/1"}],"replies":[{"embeddable":true,"href":"https:\/\/www.univ-mascara.dz\/fsnv\/med\/wp-json\/wp\/v2\/comments?post=27224"}],"version-history":[{"count":37,"href":"https:\/\/www.univ-mascara.dz\/fsnv\/med\/wp-json\/wp\/v2\/pages\/27224\/revisions"}],"predecessor-version":[{"id":27541,"href":"https:\/\/www.univ-mascara.dz\/fsnv\/med\/wp-json\/wp\/v2\/pages\/27224\/revisions\/27541"}],"wp:attachment":[{"href":"https:\/\/www.univ-mascara.dz\/fsnv\/med\/wp-json\/wp\/v2\/media?parent=27224"}],"curies":[{"name":"wp","href":"https:\/\/api.w.org\/{rel}","templated":true}]}}